{"id":905,"date":"2020-06-23T22:22:35","date_gmt":"2020-06-23T20:22:35","guid":{"rendered":"http:\/\/sklep.prosteprzepisy.eu\/?page_id=905"},"modified":"2021-03-31T16:03:00","modified_gmt":"2021-03-31T14:03:00","slug":"reklamacje-i-zwroty","status":"publish","type":"page","link":"https:\/\/spaakcesoria.pl\/index.php\/reklamacje-i-zwroty\/","title":{"rendered":"Reklamacje i zwroty"},"content":{"rendered":"\n<p><strong>WARUNKI REKLAMACJI:<\/strong><\/p>\n\n\n\n<p>1. Podstaw\u0105 przyj\u0119cia reklamacji jest dow\u00f3d zakupu towaru ( faktura VAT).<\/p>\n\n\n\n<p>2. Koszt przesy\u0142ki reklamowanego towaru pokrywa kupuj\u0105cy.<\/p>\n\n\n\n<p>3. Zg\u0142oszenie reklamacyjne musi by\u0107 z\u0142o\u017cone pisemnie na adres e-mail   <a href=\"mailto:kontakt@spaakcesoria.pl\" target=\"_blank\" rel=\"noreferrer noopener\">kontakt@spaakcesoria.pl<\/a> w kt\u00f3rym niezb\u0119dne jest umieszczenie danych takich jak:<\/p>\n\n\n\n<p>\u2022 Imi\u0119 i nazwisko reklamuj\u0105cego lub nazwa jednostki<\/p>\n\n\n\n<p>\u2022 Adres<\/p>\n\n\n\n<p>\u2022 Data nabycia towaru<\/p>\n\n\n\n<p>\u2022 Nazwa towaru<\/p>\n\n\n\n<p>\u2022 Cena jedn. , numer zam\u00f3wienia<\/p>\n\n\n\n<p>\u2022 Nazwa producenta<\/p>\n\n\n\n<p>\u2022 Przed\u0142o\u017cony dow\u00f3d sprzeda\u017cy (paragon, rachunek)<\/p>\n\n\n\n<p>\u2022 Dok\u0142adne wymienienie wad<\/p>\n\n\n\n<p>\u2022 Kiedy i w jakich okoliczno\u015bciach wady zosta\u0142y stwierdzone<\/p>\n\n\n\n<p>4. Sprzedawca nie odpowiada za szkody powsta\u0142e podczas transportu lub za nast\u0119pstwa niedostarczenia przesy\u0142ki na czas. W takich wypadkach odpowiedzialno\u015b\u0107 spada na firm\u0119 kuriersk\u0105.<\/p>\n\n\n\n<p>Klient jest zobowi\u0105zany sprawdzi\u0107 stan przesy\u0142ki podczas odbioru w obecno\u015bci pracownika firmy kurierskiej. W przypadku stwierdzenia uszkodzenia przesy\u0142ki w czasie transportu Klient powinien sporz\u0105dzi\u0107 protok\u00f3\u0142 reklamacyjny, na kt\u00f3rym musz\u0105 si\u0119 znale\u017a\u0107 podpisy Klienta i Dostarczaj\u0105cego. Towar powinien by\u0107 odes\u0142any do Sprzedawcy wraz z faktur\u0105 i opisem przyczyn reklamacji.<\/p>\n\n\n\n<p>5. Reklamacja zostanie rozpatrzona i odes\u0142ana w ci\u0105gu 14 &#8211; 30 dni od daty dostarczenia uszkodzonego towaru pod adres firmy.<\/p>\n\n\n\n<p>6.R\u00f3\u017cnice wynikaj\u0105ce z indywidualnych ustawie\u0144 komputera Klienta (kolor, proporcje itp.) nie mog\u0105 by\u0107 podstaw\u0105 reklamacji zakupionego towaru.<\/p>\n\n\n\n<p>7.Reklamacji podlegaj\u0105 wy\u0142\u0105cznie wady ukryte powsta\u0142e z winy producenta.<\/p>\n\n\n\n<p>8. Reklamacji nie podlegaj\u0105:<\/p>\n\n\n\n<p>&#8211; naturalne zu\u017cywanie si\u0119<\/p>\n\n\n\n<p>&#8211; towar posiadaj\u0105cy uszkodzenia mechaniczne oraz powsta\u0142e w wyniku braku lub nieprawid\u0142owej konserwacji.<\/p>\n\n\n\n<p>9. W przypadku stwierdzenia wady fabrycznej Klient powinien odes\u0142a\u0107 towar do Sprzedawcy wraz z faktur\u0105 i opisem przyczyn reklamacji.<\/p>\n\n\n\n<p>10. Reklamacje z tytu\u0142u uszkodze\u0144 mechanicznych dokonanych przez Klienta nie b\u0119d\u0105 uznawane.<\/p>\n\n\n\n<p>11. Nie przyjmujemy \u017cadnych przesy\u0142ek odsy\u0142anych do nas za pobraniem. W przypadku reklamacji r\u00f3wnowarto\u015b\u0107 op\u0142aty pocztowej zwr\u00f3cimy Pa\u0144stwu natychmiast po otrzymaniu przesy\u0142ki i przyj\u0119ciu reklamacji.<\/p>\n\n\n\n<p>12. R\u00f3\u017cnice wynikaj\u0105ce z indywidualnych ustawie\u0144 komputera Klienta (np. kolor, proporcje) nie mog\u0105 by\u0107 podstaw\u0105 reklamacji zakupionego towaru.<\/p>\n\n\n\n<p>13. Z\u0142o\u017cenie zam\u00f3wienia w sklepie internetowym www.spaakcesoria.pl oznacza akceptacj\u0119 postanowie\u0144 regulaminu.<\/p>\n","protected":false},"excerpt":{"rendered":"<p>WARUNKI REKLAMACJI: 1. Podstaw\u0105 przyj\u0119cia reklamacji jest dow\u00f3d zakupu towaru ( faktura VAT). 2. Koszt przesy\u0142ki reklamowanego towaru pokrywa kupuj\u0105cy. 3. Zg\u0142oszenie reklamacyjne musi by\u0107 z\u0142o\u017cone pisemnie na adres e-mail kontakt@spaakcesoria.pl w kt\u00f3rym niezb\u0119dne jest umieszczenie danych takich jak: \u2022 Imi\u0119 i nazwisko reklamuj\u0105cego lub nazwa jednostki \u2022 Adres \u2022 Data nabycia towaru \u2022 Nazwa [&hellip;]<\/p>\n","protected":false},"author":1,"featured_media":0,"parent":0,"menu_order":0,"comment_status":"closed","ping_status":"closed","template":"","meta":{"_monsterinsights_skip_tracking":false,"_monsterinsights_sitenote_active":false,"_monsterinsights_sitenote_note":"","_monsterinsights_sitenote_category":0,"footnotes":""},"class_list":["post-905","page","type-page","status-publish","hentry"],"yoast_head":"<!-- This site is optimized with the Yoast SEO plugin v27.4 - https:\/\/yoast.com\/product\/yoast-seo-wordpress\/ -->\n<title>Reklamacje i zwroty -<\/title>\n<meta name=\"description\" content=\"WARUNKI REKLAMACJI:1. Podstaw\u0105 przyj\u0119cia reklamacji jest dow\u00f3d zakupu towaru ( faktura VAT).2. Koszt przesy\u0142ki reklamowanego towaru pokrywa kupuj\u0105cy.\" \/>\n<meta name=\"robots\" content=\"index, follow, max-snippet:-1, max-image-preview:large, max-video-preview:-1\" \/>\n<link rel=\"canonical\" href=\"https:\/\/spaakcesoria.pl\/index.php\/reklamacje-i-zwroty\/\" \/>\n<meta property=\"og:locale\" content=\"pl_PL\" \/>\n<meta property=\"og:type\" content=\"article\" \/>\n<meta property=\"og:title\" content=\"Reklamacje i zwroty -\" \/>\n<meta property=\"og:description\" content=\"WARUNKI REKLAMACJI:1. Podstaw\u0105 przyj\u0119cia reklamacji jest dow\u00f3d zakupu towaru ( faktura VAT).2. Koszt przesy\u0142ki reklamowanego towaru pokrywa kupuj\u0105cy.\" \/>\n<meta property=\"og:url\" content=\"https:\/\/spaakcesoria.pl\/index.php\/reklamacje-i-zwroty\/\" \/>\n<meta property=\"article:modified_time\" content=\"2021-03-31T14:03:00+00:00\" \/>\n<meta name=\"twitter:card\" content=\"summary_large_image\" \/>\n<meta name=\"twitter:label1\" content=\"Szacowany czas czytania\" \/>\n\t<meta name=\"twitter:data1\" content=\"2 minuty\" \/>\n<script type=\"application\/ld+json\" class=\"yoast-schema-graph\">{\"@context\":\"https:\\\/\\\/schema.org\",\"@graph\":[{\"@type\":\"WebPage\",\"@id\":\"https:\\\/\\\/spaakcesoria.pl\\\/index.php\\\/reklamacje-i-zwroty\\\/\",\"url\":\"https:\\\/\\\/spaakcesoria.pl\\\/index.php\\\/reklamacje-i-zwroty\\\/\",\"name\":\"Reklamacje i zwroty -\",\"isPartOf\":{\"@id\":\"https:\\\/\\\/spaakcesoria.pl\\\/#website\"},\"datePublished\":\"2020-06-23T20:22:35+00:00\",\"dateModified\":\"2021-03-31T14:03:00+00:00\",\"description\":\"WARUNKI REKLAMACJI:1. Podstaw\u0105 przyj\u0119cia reklamacji jest dow\u00f3d zakupu towaru ( faktura VAT).2. Koszt przesy\u0142ki reklamowanego towaru pokrywa kupuj\u0105cy.\",\"breadcrumb\":{\"@id\":\"https:\\\/\\\/spaakcesoria.pl\\\/index.php\\\/reklamacje-i-zwroty\\\/#breadcrumb\"},\"inLanguage\":\"pl-PL\",\"potentialAction\":[{\"@type\":\"ReadAction\",\"target\":[\"https:\\\/\\\/spaakcesoria.pl\\\/index.php\\\/reklamacje-i-zwroty\\\/\"]}]},{\"@type\":\"BreadcrumbList\",\"@id\":\"https:\\\/\\\/spaakcesoria.pl\\\/index.php\\\/reklamacje-i-zwroty\\\/#breadcrumb\",\"itemListElement\":[{\"@type\":\"ListItem\",\"position\":1,\"name\":\"Strona g\u0142\u00f3wna\",\"item\":\"https:\\\/\\\/spaakcesoria.pl\\\/\"},{\"@type\":\"ListItem\",\"position\":2,\"name\":\"Reklamacje i zwroty\"}]},{\"@type\":\"WebSite\",\"@id\":\"https:\\\/\\\/spaakcesoria.pl\\\/#website\",\"url\":\"https:\\\/\\\/spaakcesoria.pl\\\/\",\"name\":\"\",\"description\":\"\",\"potentialAction\":[{\"@type\":\"SearchAction\",\"target\":{\"@type\":\"EntryPoint\",\"urlTemplate\":\"https:\\\/\\\/spaakcesoria.pl\\\/?s={search_term_string}\"},\"query-input\":{\"@type\":\"PropertyValueSpecification\",\"valueRequired\":true,\"valueName\":\"search_term_string\"}}],\"inLanguage\":\"pl-PL\"}]}<\/script>\n<!-- \/ Yoast SEO plugin. -->","yoast_head_json":{"title":"Reklamacje i zwroty -","description":"WARUNKI REKLAMACJI:1. Podstaw\u0105 przyj\u0119cia reklamacji jest dow\u00f3d zakupu towaru ( faktura VAT).2. Koszt przesy\u0142ki reklamowanego towaru pokrywa kupuj\u0105cy.","robots":{"index":"index","follow":"follow","max-snippet":"max-snippet:-1","max-image-preview":"max-image-preview:large","max-video-preview":"max-video-preview:-1"},"canonical":"https:\/\/spaakcesoria.pl\/index.php\/reklamacje-i-zwroty\/","og_locale":"pl_PL","og_type":"article","og_title":"Reklamacje i zwroty -","og_description":"WARUNKI REKLAMACJI:1. Podstaw\u0105 przyj\u0119cia reklamacji jest dow\u00f3d zakupu towaru ( faktura VAT).2. Koszt przesy\u0142ki reklamowanego towaru pokrywa kupuj\u0105cy.","og_url":"https:\/\/spaakcesoria.pl\/index.php\/reklamacje-i-zwroty\/","article_modified_time":"2021-03-31T14:03:00+00:00","twitter_card":"summary_large_image","twitter_misc":{"Szacowany czas czytania":"2 minuty"},"schema":{"@context":"https:\/\/schema.org","@graph":[{"@type":"WebPage","@id":"https:\/\/spaakcesoria.pl\/index.php\/reklamacje-i-zwroty\/","url":"https:\/\/spaakcesoria.pl\/index.php\/reklamacje-i-zwroty\/","name":"Reklamacje i zwroty -","isPartOf":{"@id":"https:\/\/spaakcesoria.pl\/#website"},"datePublished":"2020-06-23T20:22:35+00:00","dateModified":"2021-03-31T14:03:00+00:00","description":"WARUNKI REKLAMACJI:1. Podstaw\u0105 przyj\u0119cia reklamacji jest dow\u00f3d zakupu towaru ( faktura VAT).2. Koszt przesy\u0142ki reklamowanego towaru pokrywa kupuj\u0105cy.","breadcrumb":{"@id":"https:\/\/spaakcesoria.pl\/index.php\/reklamacje-i-zwroty\/#breadcrumb"},"inLanguage":"pl-PL","potentialAction":[{"@type":"ReadAction","target":["https:\/\/spaakcesoria.pl\/index.php\/reklamacje-i-zwroty\/"]}]},{"@type":"BreadcrumbList","@id":"https:\/\/spaakcesoria.pl\/index.php\/reklamacje-i-zwroty\/#breadcrumb","itemListElement":[{"@type":"ListItem","position":1,"name":"Strona g\u0142\u00f3wna","item":"https:\/\/spaakcesoria.pl\/"},{"@type":"ListItem","position":2,"name":"Reklamacje i zwroty"}]},{"@type":"WebSite","@id":"https:\/\/spaakcesoria.pl\/#website","url":"https:\/\/spaakcesoria.pl\/","name":"","description":"","potentialAction":[{"@type":"SearchAction","target":{"@type":"EntryPoint","urlTemplate":"https:\/\/spaakcesoria.pl\/?s={search_term_string}"},"query-input":{"@type":"PropertyValueSpecification","valueRequired":true,"valueName":"search_term_string"}}],"inLanguage":"pl-PL"}]}},"_links":{"self":[{"href":"https:\/\/spaakcesoria.pl\/index.php\/wp-json\/wp\/v2\/pages\/905","targetHints":{"allow":["GET"]}}],"collection":[{"href":"https:\/\/spaakcesoria.pl\/index.php\/wp-json\/wp\/v2\/pages"}],"about":[{"href":"https:\/\/spaakcesoria.pl\/index.php\/wp-json\/wp\/v2\/types\/page"}],"author":[{"embeddable":true,"href":"https:\/\/spaakcesoria.pl\/index.php\/wp-json\/wp\/v2\/users\/1"}],"replies":[{"embeddable":true,"href":"https:\/\/spaakcesoria.pl\/index.php\/wp-json\/wp\/v2\/comments?post=905"}],"version-history":[{"count":3,"href":"https:\/\/spaakcesoria.pl\/index.php\/wp-json\/wp\/v2\/pages\/905\/revisions"}],"predecessor-version":[{"id":1713,"href":"https:\/\/spaakcesoria.pl\/index.php\/wp-json\/wp\/v2\/pages\/905\/revisions\/1713"}],"wp:attachment":[{"href":"https:\/\/spaakcesoria.pl\/index.php\/wp-json\/wp\/v2\/media?parent=905"}],"curies":[{"name":"wp","href":"https:\/\/api.w.org\/{rel}","templated":true}]}}