{"id":907,"date":"2020-06-23T22:23:49","date_gmt":"2020-06-23T20:23:49","guid":{"rendered":"http:\/\/sklep.prosteprzepisy.eu\/?page_id=907"},"modified":"2020-07-02T22:39:14","modified_gmt":"2020-07-02T20:39:14","slug":"koszty-dostawy","status":"publish","type":"page","link":"https:\/\/spaakcesoria.pl\/index.php\/koszty-dostawy\/","title":{"rendered":"Koszty dostawy"},"content":{"rendered":"\n<p><strong>Koszty dostawy:<\/strong><\/p>\n\n\n\n<p><strong>Zam\u00f3wiony towar dostarczamy przesy\u0142k\u0105 kuriersk\u0105 (firma DPD):<\/strong><\/p>\n\n\n\n<p>Koszt transportu kurierem z wp\u0142at\u0105 na konto wynosi :<\/p>\n\n\n\n<p>1\/     waga 1 -3 kg   &#8211;   17,- z\u0142 <\/p>\n\n\n\n<p>2\/     waga 3-5 kg     &#8211;  19,- z\u0142<\/p>\n\n\n\n<p>3\/     waga  5 -30 kg   &#8211;   21,- z\u0142 <\/p>\n\n\n\n<p>4\/   za pobraniem    waga 1-3 kg  &#8211; 21,- z\u0142<\/p>\n\n\n\n<p>5\/   za pobraniem  waga  3 -5 kg   &#8211; 23,- z\u0142<\/p>\n\n\n\n<p>6 \/  za pobraniem  waga  5 &#8211; 30 kg   &#8211; 27,-z\u0142<\/p>\n\n\n\n<p>&nbsp;&nbsp;Wysy\u0142k\u0119 wi\u0119kszych towar\u00f3w jak np. urz\u0105dzenie kosmetyczne, st\u00f3\u0142 do masa\u017cu uzgadniamy indywidualnie z klientem.<\/p>\n","protected":false},"excerpt":{"rendered":"<p>Koszty dostawy: Zam\u00f3wiony towar dostarczamy przesy\u0142k\u0105 kuriersk\u0105 (firma DPD): Koszt transportu kurierem z wp\u0142at\u0105 na konto wynosi : 1\/ waga 1 -3 kg &#8211; 17,- z\u0142 2\/ waga 3-5 kg &#8211; 19,- z\u0142 3\/ waga 5 -30 kg &#8211; 21,- z\u0142 4\/ za pobraniem waga 1-3 kg &#8211; 21,- z\u0142 5\/ za pobraniem waga 3 [&hellip;]<\/p>\n","protected":false},"author":1,"featured_media":0,"parent":0,"menu_order":0,"comment_status":"closed","ping_status":"closed","template":"","meta":{"_monsterinsights_skip_tracking":false,"_monsterinsights_sitenote_active":false,"_monsterinsights_sitenote_note":"","_monsterinsights_sitenote_category":0,"footnotes":""},"class_list":["post-907","page","type-page","status-publish","hentry"],"yoast_head":"<!-- This site is optimized with the Yoast SEO plugin v27.4 - https:\/\/yoast.com\/product\/yoast-seo-wordpress\/ -->\n<title>Koszty dostawy -<\/title>\n<meta name=\"description\" content=\"Zam\u00f3wiony towar dostarczamy przesy\u0142k\u0105 kuriersk\u0105 (firma DPD) Dodaj tytu\u0142Koszty dostawyKoszty dostawy:Zam\u00f3wiony towar dostarczamy przesy\u0142k\u0105 kuriersk\u0105 (firma DPD):Koszt transportu kurierem z wp\u0142at\u0105 na konto wynosi :1\/ waga 1 -3 kg - 17,- z\u0142 2\/ waga 3-5 kg - 19,- z\u01423\/ waga 5 -30 kg - 21,- z\u0142 4\/ za pobraniem waga 1-3 kg - 21,- z\u01425\/ za pobraniem waga 3 -5 kg - 23,- z\u01426 \/ za pobraniem waga 5 - 30 kg - 27,-z\u0142\" \/>\n<meta name=\"robots\" content=\"index, follow, max-snippet:-1, max-image-preview:large, max-video-preview:-1\" \/>\n<link rel=\"canonical\" href=\"https:\/\/spaakcesoria.pl\/index.php\/koszty-dostawy\/\" \/>\n<meta property=\"og:locale\" content=\"pl_PL\" \/>\n<meta property=\"og:type\" content=\"article\" \/>\n<meta property=\"og:title\" content=\"Koszty dostawy -\" \/>\n<meta property=\"og:description\" content=\"Zam\u00f3wiony towar dostarczamy przesy\u0142k\u0105 kuriersk\u0105 (firma DPD) Dodaj tytu\u0142Koszty dostawyKoszty dostawy:Zam\u00f3wiony towar dostarczamy przesy\u0142k\u0105 kuriersk\u0105 (firma DPD):Koszt transportu kurierem z wp\u0142at\u0105 na konto wynosi :1\/ waga 1 -3 kg - 17,- z\u0142 2\/ waga 3-5 kg - 19,- z\u01423\/ waga 5 -30 kg - 21,- z\u0142 4\/ za pobraniem waga 1-3 kg - 21,- z\u01425\/ za pobraniem waga 3 -5 kg - 23,- z\u01426 \/ za pobraniem waga 5 - 30 kg - 27,-z\u0142\" \/>\n<meta property=\"og:url\" content=\"https:\/\/spaakcesoria.pl\/index.php\/koszty-dostawy\/\" \/>\n<meta property=\"article:modified_time\" content=\"2020-07-02T20:39:14+00:00\" \/>\n<meta name=\"twitter:card\" content=\"summary_large_image\" \/>\n<script type=\"application\/ld+json\" class=\"yoast-schema-graph\">{\"@context\":\"https:\\\/\\\/schema.org\",\"@graph\":[{\"@type\":\"WebPage\",\"@id\":\"https:\\\/\\\/spaakcesoria.pl\\\/index.php\\\/koszty-dostawy\\\/\",\"url\":\"https:\\\/\\\/spaakcesoria.pl\\\/index.php\\\/koszty-dostawy\\\/\",\"name\":\"Koszty dostawy -\",\"isPartOf\":{\"@id\":\"https:\\\/\\\/spaakcesoria.pl\\\/#website\"},\"datePublished\":\"2020-06-23T20:23:49+00:00\",\"dateModified\":\"2020-07-02T20:39:14+00:00\",\"description\":\"Zam\u00f3wiony towar dostarczamy przesy\u0142k\u0105 kuriersk\u0105 (firma DPD) Dodaj tytu\u0142Koszty dostawyKoszty dostawy:Zam\u00f3wiony towar dostarczamy przesy\u0142k\u0105 kuriersk\u0105 (firma DPD):Koszt transportu kurierem z wp\u0142at\u0105 na konto wynosi :1\\\/ waga 1 -3 kg - 17,- z\u0142 2\\\/ waga 3-5 kg - 19,- z\u01423\\\/ waga 5 -30 kg - 21,- z\u0142 4\\\/ za pobraniem waga 1-3 kg - 21,- z\u01425\\\/ za pobraniem waga 3 -5 kg - 23,- z\u01426 \\\/ za pobraniem waga 5 - 30 kg - 27,-z\u0142\",\"breadcrumb\":{\"@id\":\"https:\\\/\\\/spaakcesoria.pl\\\/index.php\\\/koszty-dostawy\\\/#breadcrumb\"},\"inLanguage\":\"pl-PL\",\"potentialAction\":[{\"@type\":\"ReadAction\",\"target\":[\"https:\\\/\\\/spaakcesoria.pl\\\/index.php\\\/koszty-dostawy\\\/\"]}]},{\"@type\":\"BreadcrumbList\",\"@id\":\"https:\\\/\\\/spaakcesoria.pl\\\/index.php\\\/koszty-dostawy\\\/#breadcrumb\",\"itemListElement\":[{\"@type\":\"ListItem\",\"position\":1,\"name\":\"Strona g\u0142\u00f3wna\",\"item\":\"https:\\\/\\\/spaakcesoria.pl\\\/\"},{\"@type\":\"ListItem\",\"position\":2,\"name\":\"Koszty dostawy\"}]},{\"@type\":\"WebSite\",\"@id\":\"https:\\\/\\\/spaakcesoria.pl\\\/#website\",\"url\":\"https:\\\/\\\/spaakcesoria.pl\\\/\",\"name\":\"\",\"description\":\"\",\"potentialAction\":[{\"@type\":\"SearchAction\",\"target\":{\"@type\":\"EntryPoint\",\"urlTemplate\":\"https:\\\/\\\/spaakcesoria.pl\\\/?s={search_term_string}\"},\"query-input\":{\"@type\":\"PropertyValueSpecification\",\"valueRequired\":true,\"valueName\":\"search_term_string\"}}],\"inLanguage\":\"pl-PL\"}]}<\/script>\n<!-- \/ Yoast SEO plugin. -->","yoast_head_json":{"title":"Koszty dostawy -","description":"Zam\u00f3wiony towar dostarczamy przesy\u0142k\u0105 kuriersk\u0105 (firma DPD) Dodaj tytu\u0142Koszty dostawyKoszty dostawy:Zam\u00f3wiony towar dostarczamy przesy\u0142k\u0105 kuriersk\u0105 (firma DPD):Koszt transportu kurierem z wp\u0142at\u0105 na konto wynosi :1\/ waga 1 -3 kg - 17,- z\u0142 2\/ waga 3-5 kg - 19,- z\u01423\/ waga 5 -30 kg - 21,- z\u0142 4\/ za pobraniem waga 1-3 kg - 21,- z\u01425\/ za pobraniem waga 3 -5 kg - 23,- z\u01426 \/ za pobraniem waga 5 - 30 kg - 27,-z\u0142","robots":{"index":"index","follow":"follow","max-snippet":"max-snippet:-1","max-image-preview":"max-image-preview:large","max-video-preview":"max-video-preview:-1"},"canonical":"https:\/\/spaakcesoria.pl\/index.php\/koszty-dostawy\/","og_locale":"pl_PL","og_type":"article","og_title":"Koszty dostawy -","og_description":"Zam\u00f3wiony towar dostarczamy przesy\u0142k\u0105 kuriersk\u0105 (firma DPD) Dodaj tytu\u0142Koszty dostawyKoszty dostawy:Zam\u00f3wiony towar dostarczamy przesy\u0142k\u0105 kuriersk\u0105 (firma DPD):Koszt transportu kurierem z wp\u0142at\u0105 na konto wynosi :1\/ waga 1 -3 kg - 17,- z\u0142 2\/ waga 3-5 kg - 19,- z\u01423\/ waga 5 -30 kg - 21,- z\u0142 4\/ za pobraniem waga 1-3 kg - 21,- z\u01425\/ za pobraniem waga 3 -5 kg - 23,- z\u01426 \/ za pobraniem waga 5 - 30 kg - 27,-z\u0142","og_url":"https:\/\/spaakcesoria.pl\/index.php\/koszty-dostawy\/","article_modified_time":"2020-07-02T20:39:14+00:00","twitter_card":"summary_large_image","schema":{"@context":"https:\/\/schema.org","@graph":[{"@type":"WebPage","@id":"https:\/\/spaakcesoria.pl\/index.php\/koszty-dostawy\/","url":"https:\/\/spaakcesoria.pl\/index.php\/koszty-dostawy\/","name":"Koszty dostawy -","isPartOf":{"@id":"https:\/\/spaakcesoria.pl\/#website"},"datePublished":"2020-06-23T20:23:49+00:00","dateModified":"2020-07-02T20:39:14+00:00","description":"Zam\u00f3wiony towar dostarczamy przesy\u0142k\u0105 kuriersk\u0105 (firma DPD) Dodaj tytu\u0142Koszty dostawyKoszty dostawy:Zam\u00f3wiony towar dostarczamy przesy\u0142k\u0105 kuriersk\u0105 (firma DPD):Koszt transportu kurierem z wp\u0142at\u0105 na konto wynosi :1\/ waga 1 -3 kg - 17,- z\u0142 2\/ waga 3-5 kg - 19,- z\u01423\/ waga 5 -30 kg - 21,- z\u0142 4\/ za pobraniem waga 1-3 kg - 21,- z\u01425\/ za pobraniem waga 3 -5 kg - 23,- z\u01426 \/ za pobraniem waga 5 - 30 kg - 27,-z\u0142","breadcrumb":{"@id":"https:\/\/spaakcesoria.pl\/index.php\/koszty-dostawy\/#breadcrumb"},"inLanguage":"pl-PL","potentialAction":[{"@type":"ReadAction","target":["https:\/\/spaakcesoria.pl\/index.php\/koszty-dostawy\/"]}]},{"@type":"BreadcrumbList","@id":"https:\/\/spaakcesoria.pl\/index.php\/koszty-dostawy\/#breadcrumb","itemListElement":[{"@type":"ListItem","position":1,"name":"Strona g\u0142\u00f3wna","item":"https:\/\/spaakcesoria.pl\/"},{"@type":"ListItem","position":2,"name":"Koszty dostawy"}]},{"@type":"WebSite","@id":"https:\/\/spaakcesoria.pl\/#website","url":"https:\/\/spaakcesoria.pl\/","name":"","description":"","potentialAction":[{"@type":"SearchAction","target":{"@type":"EntryPoint","urlTemplate":"https:\/\/spaakcesoria.pl\/?s={search_term_string}"},"query-input":{"@type":"PropertyValueSpecification","valueRequired":true,"valueName":"search_term_string"}}],"inLanguage":"pl-PL"}]}},"_links":{"self":[{"href":"https:\/\/spaakcesoria.pl\/index.php\/wp-json\/wp\/v2\/pages\/907","targetHints":{"allow":["GET"]}}],"collection":[{"href":"https:\/\/spaakcesoria.pl\/index.php\/wp-json\/wp\/v2\/pages"}],"about":[{"href":"https:\/\/spaakcesoria.pl\/index.php\/wp-json\/wp\/v2\/types\/page"}],"author":[{"embeddable":true,"href":"https:\/\/spaakcesoria.pl\/index.php\/wp-json\/wp\/v2\/users\/1"}],"replies":[{"embeddable":true,"href":"https:\/\/spaakcesoria.pl\/index.php\/wp-json\/wp\/v2\/comments?post=907"}],"version-history":[{"count":2,"href":"https:\/\/spaakcesoria.pl\/index.php\/wp-json\/wp\/v2\/pages\/907\/revisions"}],"predecessor-version":[{"id":1510,"href":"https:\/\/spaakcesoria.pl\/index.php\/wp-json\/wp\/v2\/pages\/907\/revisions\/1510"}],"wp:attachment":[{"href":"https:\/\/spaakcesoria.pl\/index.php\/wp-json\/wp\/v2\/media?parent=907"}],"curies":[{"name":"wp","href":"https:\/\/api.w.org\/{rel}","templated":true}]}}