{"id":116,"date":"2020-05-29T14:56:40","date_gmt":"2020-05-29T12:56:40","guid":{"rendered":"http:\/\/sklep.prosteprzepisy.eu\/index.php\/produkt\/swiece-do-masazu-7-zapachow-140-g\/"},"modified":"2026-02-03T20:24:27","modified_gmt":"2026-02-03T19:24:27","slug":"swiece-do-masazu-7-zapachow-140-g","status":"publish","type":"product","link":"https:\/\/spaakcesoria.pl\/index.php\/produkt\/swiece-do-masazu-7-zapachow-140-g\/","title":{"rendered":"\u015aWIECE DO MASA\u017bU &#8211; (7 zapach\u00f3w)"},"content":{"rendered":"<p><span style=\"font-size: medium; color: #800080;\"><strong><span style=\"font-size: x-large;\">\u015aWIECE DO MASA\u017bU &#8211; 7 zapach\u00f3w\u00a0<\/span><\/strong><\/span><\/p>\n<p><strong><span style=\"font-size: medium; color: #800080;\"><span style=\"color: #800080;\">\u00a0<\/span><\/span><\/strong><\/p>\n<p><strong><span style=\"font-size: medium; color: #800080;\"><span style=\"color: #ff0000;\">MASA\u017b\u00a0\u00a0\u00a0\u015aWIEC\u0104<\/span>\u00a0!<\/span><\/strong><\/p>\n<p>Sk\u0142adniki: wosk sojowy, olej kokosowy, wosk pszczeli, aromat.<\/p>\n<p><span style=\"font-size: medium; color: #800080;\"><strong>SUPER\u00a0\u00a0WYDAJNE !!!<\/strong><\/span><\/p>\n<p>Zapalcie Pa\u0144stwo\u00a0\u00a0\u015bwiec\u0119!<br \/>\nPopatrzcie na \u015bwiat\u0142o !<br \/>\nPoczujcie przyjemny zapach.<br \/>\nProsz\u0119 ostro\u017cnie przela\u0107 ciep\u0142y olejek na r\u0119ce i poczu\u0107 przyjemny, ciep\u0142y olejek na sk\u00f3rze, a nast\u0119pnie\u00a0\u00a0go wmasowa\u0107.<\/p>\n<p>Lekki masa\u017c \u015bwiecami\u00a0\u00a0czyni sk\u00f3r\u0119 zadban\u0105 i rozpieszcza zmys\u0142y.<\/p>\n<p>\u015awieca do masa\u017cu to \u015bwieca kosmetyczna, kt\u00f3ra roz\u015bwietla Pa\u0144stwa sk\u00f3r\u0119.<\/p>\n<p>\u015awiece pi\u0119knie pachn\u0105, zawieraj\u0105 olejki ro\u015blinne, olejek z orzecha kokosowego i wosk pszczeli.<\/p>\n<p>Pozw\u00f3lcie, aby \u015bwiat\u0142o \u015bwiecy i kropelki wosku, kt\u00f3re pieszcz\u0105 sk\u00f3r\u0119 Waszego cia\u0142a przyjemnym ciep\u0142em, wprawi\u0142y Was w dobre samopoczucie.<\/p>\n<p>Profesjonalny, troskliwie wykonany masa\u017c przy u\u017cyciu \u015bwiec, pozwoli Pa\u0144stwu wspaniale si\u0119 zrelaksowa\u0107 i zapomnie\u0107 o\u00a0\u00a0troskach dnia codziennego.<\/p>\n<p>Delikatny dotyk r\u0105k, \u015bwiat\u0142o, zapach i drogocenne olejki likwiduj\u0105 skurcze i wszelkie blokady.<\/p>\n<p>Wczuwacie si\u0119 Pa\u0144stwo w swoje wn\u0119trze, czujecie si\u0119 niesamowicie dobrze.<br \/>\nWasza sk\u00f3ra jest dobrze ukrwiona, mi\u0119kka, zadbana i wyra\u017anie promienieje.<\/p>\n<p><span style=\"font-size: large;\"><strong> \u015awiece\u00a0\u00a0wyst\u0119puj\u0105\u00a0\u00a0w siedmiu zapachach:<\/strong><\/span><\/p>\n<p><span style=\"font-size: medium; color: #ffcc00;\"><span style=\"font-size: medium;\"><strong> &#8211; \u017b\u00d3\u0141TA &#8211; WITALIZUJ\u0104CA &#8211; \u015awieca kosmetyczna, kt\u00f3ra po rozpaleniu uwalnia delikatny zapach kosza pe\u0142nego owoc\u00f3w cytrusowych.\u00a0<\/strong><\/span><\/span><\/p>\n<p><strong>\u00a0 &#8211;<span style=\"color: #333399;\"><span style=\"color: #666699;\"> INDYGO<\/span> &#8211; \u0141AGODZ\u0104CA &#8211; \u015awieca kosmetyczna, kt\u00f3ra po rozpaleniu uwalnia delikatny zapach karmelu i drzewa cedrowego.\u00a0<\/span><\/strong><\/p>\n<p><strong><span style=\"color: #ff6600;\">&#8211; POMARA\u0143CZA &#8211; AKTYWUJ\u0104CA &#8211;\u00a0 <\/span><\/strong><span style=\"color: #ff6600;\">owocowy zapach, kt\u00f3ry <\/span><span style=\"color: #ff6600;\">o\u017cywia zmys\u0142y \/ Orze\u017awiaj\u0105ca \u015bwieca kosmetyczna o zapachu dojrza\u0142ych brzoskwi\u0144 pobudzaj\u0105cym nasze zmys\u0142y. Jej wosk po rozgrzaniu zamienia si\u0119 w ciep\u0142y olej, kt\u00f3ry stosowany podczas masa\u017cu pozbawia cia\u0142o blokad i napi\u0119\u0107<\/span><\/p>\n<p>&#8211; <strong><span style=\"color: #008000;\">ZIELONA &#8211; HARMONIZUJ\u0104CA &#8211; \u015awieca kosmetyczna, kt\u00f3ra po rozpaleniu uwalnia delikatny zapach karmelowego jab\u0142ecznika. To wspania\u0142e po\u0142\u0105czenie aromat\u00f3w harmonizuje zmys\u0142y.\u00a0<\/span><\/strong><\/p>\n<p><span style=\"font-size: medium; color: #800080;\">&#8211; \u00a0<strong> FIOLETOWA<\/strong> &#8211; RELAKSUJ\u0104CA \u015bwieca do masa\u017cu o s\u0142odkim zapachu lawendy, kt\u00f3ry daje naszym zmys\u0142om odpocz\u0105\u0107.<\/span><\/p>\n<p><span style=\"font-size: medium; color: #800080;\">&#8211; \u00a0<span style=\"color: #ff0000;\"><strong> CZERWONA<\/strong> &#8211; STYMULUJACA &#8211; Aromatyczna \u015bwieca kosmetyczna o delikatnym zapachu r\u00f3\u017cy. Dzia\u0142a jako \u015brodek pobudzaj\u0105cy zmys\u0142y.<\/span><\/span><\/p>\n<p><span style=\"font-size: medium; color: #800080;\"><span style=\"color: #0000ff;\">&#8211; \u00a0<strong> NIEBIESKA<\/strong> &#8211; AFRODYZUJ\u0104CA &#8211; m\u0119ska \/ \u015awieca kosmetyczna, kt\u00f3ra po rozpaleniu uwalnia delikatny ga\u0142ki muszkato\u0142owej i ja\u015bminu.<\/span><\/span><\/p>\n<p>Wspaniale odpr\u0119\u017caj\u0105ca terapia w gabinecie kosmetycznym.<\/p>\n<h2>Czym jest \u015bwieca do masa\u017cu?<\/h2>\n<p>\u015awieca do masa\u017cu stworzona jest z od\u017cywczych olejk\u00f3w i aromat\u00f3w. \u015awiece do masa\u017cu dzia\u0142aj\u0105 na zmys\u0142y na dwa sposoby. Po pierwsze pobudzaj\u0105 zmys\u0142 w\u0119chu poprzez odpowiedni\u0105 kompozycj\u0119 zapachow\u0105. Po drugie, ciep\u0142ym woskiem ze \u015bwiecy mo\u017cemy w domowych warunkach wykona\u0107 masa\u017c jak z najlepszego SPA. \u015awieczki do masa\u017cu zawieraj\u0105 najcz\u0119\u015bciej olej kokosowy, mas\u0142o shea czy mas\u0142o kakaowe, kt\u00f3re maj\u0105 w\u0142a\u015bciwo\u015bci regeneracyjne i nawil\u017caj\u0105ce. Cz\u0119sto wzbogacone s\u0105 olejkami eterycznymi i ekstraktami, kt\u00f3re piel\u0119gnuj\u0105 nasz\u0105 sk\u00f3r\u0119 i zmys\u0142y.<\/p>\n<h2>Jak u\u017cywa\u0107 \u015bwieczki do masa\u017cu<\/h2>\n<p>Rozpal \u015bwiec\u0119 na 15 minut. Po tym czasie zga\u015b j\u0105 i sprawd\u017a, na ma\u0142ym skrawku sk\u00f3ry d\u0142oni, czy wosk, jest odpowiedni do masa\u017cu. Gdyby by\u0142 za ciep\u0142y, odczekaj jeszcze kilka minut. Ciep\u0142y wosk mo\u017cesz nak\u0142ada\u0107 na cia\u0142o r\u0119kami, b\u0105d\u017a delikatnym strumieniem rozprowadzi\u0107 po sk\u00f3rze, a nast\u0119pnie dok\u0142adnie w ni\u0105 wmasowa\u0107.<\/p>\n<h2>W\u0142a\u015bciwo\u015bci \u015bwiec do masa\u017cu<\/h2>\n<p>W zale\u017cno\u015bci od tego, jak\u0105 kompozycje zapach\u00f3w i olejk\u00f3w ma w sobie \u015bwieczka zapachowa, b\u0119dzie r\u00f3\u017cnorodnie na nas wp\u0142ywa\u0107. \u015awiece z dodatkiem lawendy maj\u0105 w\u0142a\u015bciwo\u015bci relaksacyjne i doskonale radz\u0105 sobie ze zm\u0119czeniem. Zapachy cytrus\u00f3w i ga\u0142ki muszkato\u0142owej pobudzaj w nas energi\u0119. Kakao, cynamon oraz ja\u015bmin to afrodyzjaki rozpalaj\u0105ce zmys\u0142y.<\/p>\n<p><span style=\"font-size: medium; color: #800080;\"><span style=\"font-size: medium; color: #800080;\"><strong><span style=\"font-size: x-large;\"><span style=\"font-size: medium; color: #800080;\"><span style=\"color: #800080;\"><span style=\"color: #ff0000; font-size: small;\">\u00a0<\/span><\/span><\/span><\/span><\/strong><\/span><\/span><\/p>\n","protected":false},"excerpt":{"rendered":"<p><span style=\"color: #800080; font-size: small;\"><span style=\"color: #800080;\"><span style=\"color: #ff0000;\"><span style=\"color: #800080;\"><span style=\"color: #800080;\"><span style=\"color: #800080;\"><span style=\"color: #800080;\"><span style=\"color: #ff0000;\"><span style=\"color: #800080;\">\u015awieca do masa\u017cu 7 zapach\u00f3w do wyboru\u00a0<\/span><\/span><\/span><\/span><\/span><\/span><\/span><\/span><\/span><\/p>\n","protected":false},"featured_media":936,"template":"","meta":{"_monsterinsights_skip_tracking":false,"_monsterinsights_sitenote_active":false,"_monsterinsights_sitenote_note":"","_monsterinsights_sitenote_category":0},"product_brand":[],"product_cat":[21,36],"product_tag":[140,141],"class_list":{"0":"post-116","1":"product","2":"type-product","3":"status-publish","4":"has-post-thumbnail","6":"product_cat-masaz","7":"product_cat-stemple-swiece","8":"product_tag-swieca-do-masazu","9":"product_tag-swieca-sofri","11":"first","12":"outofstock","13":"taxable","14":"shipping-taxable","15":"purchasable","16":"product-type-simple"},"yoast_head":"<!-- This site is optimized with the Yoast SEO plugin v27.4 - https:\/\/yoast.com\/product\/yoast-seo-wordpress\/ -->\n<title>\u015aWIECE DO MASA\u017bU - (7 zapach\u00f3w) -<\/title>\n<meta name=\"robots\" content=\"index, follow, max-snippet:-1, max-image-preview:large, max-video-preview:-1\" \/>\n<link rel=\"canonical\" href=\"https:\/\/spaakcesoria.pl\/index.php\/produkt\/swiece-do-masazu-7-zapachow-140-g\/\" \/>\n<meta property=\"og:locale\" content=\"pl_PL\" \/>\n<meta property=\"og:type\" content=\"article\" \/>\n<meta property=\"og:title\" content=\"\u015aWIECE DO MASA\u017bU - (7 zapach\u00f3w) -\" \/>\n<meta property=\"og:description\" content=\"\u015awieca do masa\u017cu 7 zapach\u00f3w do wyboru\u00a0\" \/>\n<meta property=\"og:url\" content=\"https:\/\/spaakcesoria.pl\/index.php\/produkt\/swiece-do-masazu-7-zapachow-140-g\/\" \/>\n<meta property=\"article:modified_time\" content=\"2026-02-03T19:24:27+00:00\" \/>\n<meta property=\"og:image\" content=\"https:\/\/spaakcesoria.pl\/wp-content\/uploads\/2020\/05\/111.jpg\" \/>\n\t<meta property=\"og:image:width\" content=\"306\" \/>\n\t<meta property=\"og:image:height\" content=\"227\" \/>\n\t<meta property=\"og:image:type\" content=\"image\/jpeg\" \/>\n<meta name=\"twitter:card\" content=\"summary_large_image\" \/>\n<meta name=\"twitter:label1\" content=\"Szacowany czas czytania\" \/>\n\t<meta name=\"twitter:data1\" content=\"4 minuty\" \/>\n<script type=\"application\/ld+json\" class=\"yoast-schema-graph\">{\"@context\":\"https:\\\/\\\/schema.org\",\"@graph\":[{\"@type\":\"WebPage\",\"@id\":\"https:\\\/\\\/spaakcesoria.pl\\\/index.php\\\/produkt\\\/swiece-do-masazu-7-zapachow-140-g\\\/\",\"url\":\"https:\\\/\\\/spaakcesoria.pl\\\/index.php\\\/produkt\\\/swiece-do-masazu-7-zapachow-140-g\\\/\",\"name\":\"\u015aWIECE DO MASA\u017bU - (7 zapach\u00f3w) -\",\"isPartOf\":{\"@id\":\"https:\\\/\\\/spaakcesoria.pl\\\/#website\"},\"primaryImageOfPage\":{\"@id\":\"https:\\\/\\\/spaakcesoria.pl\\\/index.php\\\/produkt\\\/swiece-do-masazu-7-zapachow-140-g\\\/#primaryimage\"},\"image\":{\"@id\":\"https:\\\/\\\/spaakcesoria.pl\\\/index.php\\\/produkt\\\/swiece-do-masazu-7-zapachow-140-g\\\/#primaryimage\"},\"thumbnailUrl\":\"https:\\\/\\\/spaakcesoria.pl\\\/wp-content\\\/uploads\\\/2020\\\/05\\\/111.jpg\",\"datePublished\":\"2020-05-29T12:56:40+00:00\",\"dateModified\":\"2026-02-03T19:24:27+00:00\",\"breadcrumb\":{\"@id\":\"https:\\\/\\\/spaakcesoria.pl\\\/index.php\\\/produkt\\\/swiece-do-masazu-7-zapachow-140-g\\\/#breadcrumb\"},\"inLanguage\":\"pl-PL\",\"potentialAction\":[{\"@type\":\"ReadAction\",\"target\":[\"https:\\\/\\\/spaakcesoria.pl\\\/index.php\\\/produkt\\\/swiece-do-masazu-7-zapachow-140-g\\\/\"]}]},{\"@type\":\"ImageObject\",\"inLanguage\":\"pl-PL\",\"@id\":\"https:\\\/\\\/spaakcesoria.pl\\\/index.php\\\/produkt\\\/swiece-do-masazu-7-zapachow-140-g\\\/#primaryimage\",\"url\":\"https:\\\/\\\/spaakcesoria.pl\\\/wp-content\\\/uploads\\\/2020\\\/05\\\/111.jpg\",\"contentUrl\":\"https:\\\/\\\/spaakcesoria.pl\\\/wp-content\\\/uploads\\\/2020\\\/05\\\/111.jpg\",\"width\":306,\"height\":227},{\"@type\":\"BreadcrumbList\",\"@id\":\"https:\\\/\\\/spaakcesoria.pl\\\/index.php\\\/produkt\\\/swiece-do-masazu-7-zapachow-140-g\\\/#breadcrumb\",\"itemListElement\":[{\"@type\":\"ListItem\",\"position\":1,\"name\":\"Strona g\u0142\u00f3wna\",\"item\":\"https:\\\/\\\/spaakcesoria.pl\\\/\"},{\"@type\":\"ListItem\",\"position\":2,\"name\":\"Sklep\",\"item\":\"https:\\\/\\\/spaakcesoria.pl\\\/index.php\\\/sklep\\\/\"},{\"@type\":\"ListItem\",\"position\":3,\"name\":\"\u015aWIECE DO MASA\u017bU &#8211; (7 zapach\u00f3w)\"}]},{\"@type\":\"WebSite\",\"@id\":\"https:\\\/\\\/spaakcesoria.pl\\\/#website\",\"url\":\"https:\\\/\\\/spaakcesoria.pl\\\/\",\"name\":\"\",\"description\":\"\",\"potentialAction\":[{\"@type\":\"SearchAction\",\"target\":{\"@type\":\"EntryPoint\",\"urlTemplate\":\"https:\\\/\\\/spaakcesoria.pl\\\/?s={search_term_string}\"},\"query-input\":{\"@type\":\"PropertyValueSpecification\",\"valueRequired\":true,\"valueName\":\"search_term_string\"}}],\"inLanguage\":\"pl-PL\"}]}<\/script>\n<!-- \/ Yoast SEO plugin. -->","yoast_head_json":{"title":"\u015aWIECE DO MASA\u017bU - (7 zapach\u00f3w) -","robots":{"index":"index","follow":"follow","max-snippet":"max-snippet:-1","max-image-preview":"max-image-preview:large","max-video-preview":"max-video-preview:-1"},"canonical":"https:\/\/spaakcesoria.pl\/index.php\/produkt\/swiece-do-masazu-7-zapachow-140-g\/","og_locale":"pl_PL","og_type":"article","og_title":"\u015aWIECE DO MASA\u017bU - (7 zapach\u00f3w) -","og_description":"\u015awieca do masa\u017cu 7 zapach\u00f3w do wyboru\u00a0","og_url":"https:\/\/spaakcesoria.pl\/index.php\/produkt\/swiece-do-masazu-7-zapachow-140-g\/","article_modified_time":"2026-02-03T19:24:27+00:00","og_image":[{"width":306,"height":227,"url":"https:\/\/spaakcesoria.pl\/wp-content\/uploads\/2020\/05\/111.jpg","type":"image\/jpeg"}],"twitter_card":"summary_large_image","twitter_misc":{"Szacowany czas czytania":"4 minuty"},"schema":{"@context":"https:\/\/schema.org","@graph":[{"@type":"WebPage","@id":"https:\/\/spaakcesoria.pl\/index.php\/produkt\/swiece-do-masazu-7-zapachow-140-g\/","url":"https:\/\/spaakcesoria.pl\/index.php\/produkt\/swiece-do-masazu-7-zapachow-140-g\/","name":"\u015aWIECE DO MASA\u017bU - (7 zapach\u00f3w) -","isPartOf":{"@id":"https:\/\/spaakcesoria.pl\/#website"},"primaryImageOfPage":{"@id":"https:\/\/spaakcesoria.pl\/index.php\/produkt\/swiece-do-masazu-7-zapachow-140-g\/#primaryimage"},"image":{"@id":"https:\/\/spaakcesoria.pl\/index.php\/produkt\/swiece-do-masazu-7-zapachow-140-g\/#primaryimage"},"thumbnailUrl":"https:\/\/spaakcesoria.pl\/wp-content\/uploads\/2020\/05\/111.jpg","datePublished":"2020-05-29T12:56:40+00:00","dateModified":"2026-02-03T19:24:27+00:00","breadcrumb":{"@id":"https:\/\/spaakcesoria.pl\/index.php\/produkt\/swiece-do-masazu-7-zapachow-140-g\/#breadcrumb"},"inLanguage":"pl-PL","potentialAction":[{"@type":"ReadAction","target":["https:\/\/spaakcesoria.pl\/index.php\/produkt\/swiece-do-masazu-7-zapachow-140-g\/"]}]},{"@type":"ImageObject","inLanguage":"pl-PL","@id":"https:\/\/spaakcesoria.pl\/index.php\/produkt\/swiece-do-masazu-7-zapachow-140-g\/#primaryimage","url":"https:\/\/spaakcesoria.pl\/wp-content\/uploads\/2020\/05\/111.jpg","contentUrl":"https:\/\/spaakcesoria.pl\/wp-content\/uploads\/2020\/05\/111.jpg","width":306,"height":227},{"@type":"BreadcrumbList","@id":"https:\/\/spaakcesoria.pl\/index.php\/produkt\/swiece-do-masazu-7-zapachow-140-g\/#breadcrumb","itemListElement":[{"@type":"ListItem","position":1,"name":"Strona g\u0142\u00f3wna","item":"https:\/\/spaakcesoria.pl\/"},{"@type":"ListItem","position":2,"name":"Sklep","item":"https:\/\/spaakcesoria.pl\/index.php\/sklep\/"},{"@type":"ListItem","position":3,"name":"\u015aWIECE DO MASA\u017bU &#8211; (7 zapach\u00f3w)"}]},{"@type":"WebSite","@id":"https:\/\/spaakcesoria.pl\/#website","url":"https:\/\/spaakcesoria.pl\/","name":"","description":"","potentialAction":[{"@type":"SearchAction","target":{"@type":"EntryPoint","urlTemplate":"https:\/\/spaakcesoria.pl\/?s={search_term_string}"},"query-input":{"@type":"PropertyValueSpecification","valueRequired":true,"valueName":"search_term_string"}}],"inLanguage":"pl-PL"}]}},"_links":{"self":[{"href":"https:\/\/spaakcesoria.pl\/index.php\/wp-json\/wp\/v2\/product\/116","targetHints":{"allow":["GET"]}}],"collection":[{"href":"https:\/\/spaakcesoria.pl\/index.php\/wp-json\/wp\/v2\/product"}],"about":[{"href":"https:\/\/spaakcesoria.pl\/index.php\/wp-json\/wp\/v2\/types\/product"}],"version-history":[{"count":6,"href":"https:\/\/spaakcesoria.pl\/index.php\/wp-json\/wp\/v2\/product\/116\/revisions"}],"predecessor-version":[{"id":2898,"href":"https:\/\/spaakcesoria.pl\/index.php\/wp-json\/wp\/v2\/product\/116\/revisions\/2898"}],"wp:featuredmedia":[{"embeddable":true,"href":"https:\/\/spaakcesoria.pl\/index.php\/wp-json\/wp\/v2\/media\/936"}],"wp:attachment":[{"href":"https:\/\/spaakcesoria.pl\/index.php\/wp-json\/wp\/v2\/media?parent=116"}],"wp:term":[{"taxonomy":"product_brand","embeddable":true,"href":"https:\/\/spaakcesoria.pl\/index.php\/wp-json\/wp\/v2\/product_brand?post=116"},{"taxonomy":"product_cat","embeddable":true,"href":"https:\/\/spaakcesoria.pl\/index.php\/wp-json\/wp\/v2\/product_cat?post=116"},{"taxonomy":"product_tag","embeddable":true,"href":"https:\/\/spaakcesoria.pl\/index.php\/wp-json\/wp\/v2\/product_tag?post=116"}],"curies":[{"name":"wp","href":"https:\/\/api.w.org\/{rel}","templated":true}]}}