{"id":118,"date":"2020-05-29T14:56:40","date_gmt":"2020-05-29T12:56:40","guid":{"rendered":"http:\/\/sklep.prosteprzepisy.eu\/index.php\/produkt\/masaz-pielegnacyjny-w-odnowie-biologicznej-dvd\/"},"modified":"2020-06-28T16:47:35","modified_gmt":"2020-06-28T14:47:35","slug":"masaz-pielegnacyjny-w-odnowie-biologicznej-dvd","status":"publish","type":"product","link":"https:\/\/spaakcesoria.pl\/index.php\/produkt\/masaz-pielegnacyjny-w-odnowie-biologicznej-dvd\/","title":{"rendered":"Masa\u017c piel\u0119gnacyjny &#8211; w odnowie biologicznej DVD"},"content":{"rendered":"<p><span style=\"font-size: medium; font-family: 'comic sans ms', sans-serif; color: #0000ff;\"><strong><span style=\"font-size: x-large;\">Masa\u017c piel\u0119gnacyjny &#8211; w odnowie biologicznej DVD<\/span><\/strong><\/span><\/p>\n<p>MASA\u017bE PIEL\u0118GNACYJNE<\/p>\n<p>Obecnie gabinety masa\u017cu coraz cz\u0119\u015bciej nastawione s\u0105 r\u00f3wnie\u017c na obs\u0142ug\u0119 os\u00f3b, kt\u00f3re s\u0105 zainteresowane kompleksow\u0105 dba\u0142o\u015bci\u0105 o piel\u0119gnacj\u0119 w\u0142asnego cia\u0142a. We wsp\u00f3\u0142czesnym spo\u0142ecze\u0144stwie dba\u0142o\u015b\u0107 o wygl\u0105d zewn\u0119trzny coraz cz\u0119\u015bciej determinowana jest wszechobecnym kultem m\u0142odo\u015bci, pi\u0119knego cia\u0142a i sprawno\u015bci fizycznej. Zaznaczaj\u0105cy si\u0119 w ostatnich latach post\u0119p w zakresie stosowanych w tym celu metod masa\u017cu i bogata oferta dost\u0119pnych na rynku kosmeceutyk\u00f3w wykorzystywanych w tego rodzaju zabiegach powoduj\u0105, \u017ce u os\u00f3b systematycznie korzystaj\u0105cych z tego rodzaju masa\u017cy coraz trudniej jest oceni\u0107 ich faktyczny wiek kalendarzowy. Dba\u0142o\u015b\u0107 o zdrowie i wygl\u0105d zewn\u0119trzny w rozs\u0105dnych granicach jest uznawane za zachowanie jak najbardziej pozytywne.<\/p>\n<p>1. Techniki w masa\u017cu 18:30<\/p>\n<p>2. Masa\u017c antycellulitowy\u00a0\u00a0tylnej strony uda 10:42<\/p>\n<p>3. Masa\u017c odchudzaj\u0105cy brzucha 10:45<\/p>\n<p>4. Masa\u017c relaksacyjny 15:23<\/p>\n<p>5. Masa\u017c twarzy 44:47<\/p>\n<p>\u0141\u0104CZNY CZAS P\u0141YTY TO 1 GODZINA 38 MINUT<\/p>\n","protected":false},"excerpt":{"rendered":"<p><span style=\"font-size: medium; font-family: 'comic sans ms', sans-serif; color: #0000ff;\">Masa\u017c piel\u0119gnacyjny &#8211; w odnowie biologicznej DVD<\/span><\/p>\n","protected":false},"featured_media":119,"template":"","meta":{"_monsterinsights_skip_tracking":false,"_monsterinsights_sitenote_active":false,"_monsterinsights_sitenote_note":"","_monsterinsights_sitenote_category":0},"product_brand":[],"product_cat":[21],"product_tag":[],"class_list":{"0":"post-118","1":"product","2":"type-product","3":"status-publish","4":"has-post-thumbnail","6":"product_cat-masaz","8":"first","9":"instock","10":"purchasable","11":"product-type-simple"},"yoast_head":"<!-- This site is optimized with the Yoast SEO plugin v27.4 - https:\/\/yoast.com\/product\/yoast-seo-wordpress\/ -->\n<title>Masa\u017c piel\u0119gnacyjny - w odnowie biologicznej DVD -<\/title>\n<meta name=\"robots\" content=\"index, follow, max-snippet:-1, max-image-preview:large, max-video-preview:-1\" \/>\n<link rel=\"canonical\" href=\"https:\/\/spaakcesoria.pl\/index.php\/produkt\/masaz-pielegnacyjny-w-odnowie-biologicznej-dvd\/\" \/>\n<meta property=\"og:locale\" content=\"pl_PL\" \/>\n<meta property=\"og:type\" content=\"article\" \/>\n<meta property=\"og:title\" content=\"Masa\u017c piel\u0119gnacyjny - w odnowie biologicznej DVD -\" \/>\n<meta property=\"og:description\" content=\"Masa\u017c piel\u0119gnacyjny - w odnowie biologicznej DVD\" \/>\n<meta property=\"og:url\" content=\"https:\/\/spaakcesoria.pl\/index.php\/produkt\/masaz-pielegnacyjny-w-odnowie-biologicznej-dvd\/\" \/>\n<meta property=\"article:modified_time\" content=\"2020-06-28T14:47:35+00:00\" \/>\n<meta property=\"og:image\" content=\"https:\/\/spaakcesoria.pl\/wp-content\/uploads\/2020\/05\/b8b282d774965983f6dd18b8a6e98782.jpg\" \/>\n\t<meta property=\"og:image:width\" content=\"106\" \/>\n\t<meta property=\"og:image:height\" content=\"150\" \/>\n\t<meta property=\"og:image:type\" content=\"image\/jpeg\" \/>\n<meta name=\"twitter:card\" content=\"summary_large_image\" \/>\n<meta name=\"twitter:label1\" content=\"Szacowany czas czytania\" \/>\n\t<meta name=\"twitter:data1\" content=\"1 minuta\" \/>\n<script type=\"application\/ld+json\" class=\"yoast-schema-graph\">{\"@context\":\"https:\\\/\\\/schema.org\",\"@graph\":[{\"@type\":\"WebPage\",\"@id\":\"https:\\\/\\\/spaakcesoria.pl\\\/index.php\\\/produkt\\\/masaz-pielegnacyjny-w-odnowie-biologicznej-dvd\\\/\",\"url\":\"https:\\\/\\\/spaakcesoria.pl\\\/index.php\\\/produkt\\\/masaz-pielegnacyjny-w-odnowie-biologicznej-dvd\\\/\",\"name\":\"Masa\u017c piel\u0119gnacyjny - w odnowie biologicznej DVD -\",\"isPartOf\":{\"@id\":\"https:\\\/\\\/spaakcesoria.pl\\\/#website\"},\"primaryImageOfPage\":{\"@id\":\"https:\\\/\\\/spaakcesoria.pl\\\/index.php\\\/produkt\\\/masaz-pielegnacyjny-w-odnowie-biologicznej-dvd\\\/#primaryimage\"},\"image\":{\"@id\":\"https:\\\/\\\/spaakcesoria.pl\\\/index.php\\\/produkt\\\/masaz-pielegnacyjny-w-odnowie-biologicznej-dvd\\\/#primaryimage\"},\"thumbnailUrl\":\"https:\\\/\\\/spaakcesoria.pl\\\/wp-content\\\/uploads\\\/2020\\\/05\\\/b8b282d774965983f6dd18b8a6e98782.jpg\",\"datePublished\":\"2020-05-29T12:56:40+00:00\",\"dateModified\":\"2020-06-28T14:47:35+00:00\",\"breadcrumb\":{\"@id\":\"https:\\\/\\\/spaakcesoria.pl\\\/index.php\\\/produkt\\\/masaz-pielegnacyjny-w-odnowie-biologicznej-dvd\\\/#breadcrumb\"},\"inLanguage\":\"pl-PL\",\"potentialAction\":[{\"@type\":\"ReadAction\",\"target\":[\"https:\\\/\\\/spaakcesoria.pl\\\/index.php\\\/produkt\\\/masaz-pielegnacyjny-w-odnowie-biologicznej-dvd\\\/\"]}]},{\"@type\":\"ImageObject\",\"inLanguage\":\"pl-PL\",\"@id\":\"https:\\\/\\\/spaakcesoria.pl\\\/index.php\\\/produkt\\\/masaz-pielegnacyjny-w-odnowie-biologicznej-dvd\\\/#primaryimage\",\"url\":\"https:\\\/\\\/spaakcesoria.pl\\\/wp-content\\\/uploads\\\/2020\\\/05\\\/b8b282d774965983f6dd18b8a6e98782.jpg\",\"contentUrl\":\"https:\\\/\\\/spaakcesoria.pl\\\/wp-content\\\/uploads\\\/2020\\\/05\\\/b8b282d774965983f6dd18b8a6e98782.jpg\",\"width\":106,\"height\":150},{\"@type\":\"BreadcrumbList\",\"@id\":\"https:\\\/\\\/spaakcesoria.pl\\\/index.php\\\/produkt\\\/masaz-pielegnacyjny-w-odnowie-biologicznej-dvd\\\/#breadcrumb\",\"itemListElement\":[{\"@type\":\"ListItem\",\"position\":1,\"name\":\"Strona g\u0142\u00f3wna\",\"item\":\"https:\\\/\\\/spaakcesoria.pl\\\/\"},{\"@type\":\"ListItem\",\"position\":2,\"name\":\"Sklep\",\"item\":\"https:\\\/\\\/spaakcesoria.pl\\\/index.php\\\/sklep\\\/\"},{\"@type\":\"ListItem\",\"position\":3,\"name\":\"Masa\u017c piel\u0119gnacyjny &#8211; w odnowie biologicznej DVD\"}]},{\"@type\":\"WebSite\",\"@id\":\"https:\\\/\\\/spaakcesoria.pl\\\/#website\",\"url\":\"https:\\\/\\\/spaakcesoria.pl\\\/\",\"name\":\"\",\"description\":\"\",\"potentialAction\":[{\"@type\":\"SearchAction\",\"target\":{\"@type\":\"EntryPoint\",\"urlTemplate\":\"https:\\\/\\\/spaakcesoria.pl\\\/?s={search_term_string}\"},\"query-input\":{\"@type\":\"PropertyValueSpecification\",\"valueRequired\":true,\"valueName\":\"search_term_string\"}}],\"inLanguage\":\"pl-PL\"}]}<\/script>\n<!-- \/ Yoast SEO plugin. -->","yoast_head_json":{"title":"Masa\u017c piel\u0119gnacyjny - w odnowie biologicznej DVD -","robots":{"index":"index","follow":"follow","max-snippet":"max-snippet:-1","max-image-preview":"max-image-preview:large","max-video-preview":"max-video-preview:-1"},"canonical":"https:\/\/spaakcesoria.pl\/index.php\/produkt\/masaz-pielegnacyjny-w-odnowie-biologicznej-dvd\/","og_locale":"pl_PL","og_type":"article","og_title":"Masa\u017c piel\u0119gnacyjny - w odnowie biologicznej DVD -","og_description":"Masa\u017c piel\u0119gnacyjny - w odnowie biologicznej DVD","og_url":"https:\/\/spaakcesoria.pl\/index.php\/produkt\/masaz-pielegnacyjny-w-odnowie-biologicznej-dvd\/","article_modified_time":"2020-06-28T14:47:35+00:00","og_image":[{"width":106,"height":150,"url":"https:\/\/spaakcesoria.pl\/wp-content\/uploads\/2020\/05\/b8b282d774965983f6dd18b8a6e98782.jpg","type":"image\/jpeg"}],"twitter_card":"summary_large_image","twitter_misc":{"Szacowany czas czytania":"1 minuta"},"schema":{"@context":"https:\/\/schema.org","@graph":[{"@type":"WebPage","@id":"https:\/\/spaakcesoria.pl\/index.php\/produkt\/masaz-pielegnacyjny-w-odnowie-biologicznej-dvd\/","url":"https:\/\/spaakcesoria.pl\/index.php\/produkt\/masaz-pielegnacyjny-w-odnowie-biologicznej-dvd\/","name":"Masa\u017c piel\u0119gnacyjny - w odnowie biologicznej DVD -","isPartOf":{"@id":"https:\/\/spaakcesoria.pl\/#website"},"primaryImageOfPage":{"@id":"https:\/\/spaakcesoria.pl\/index.php\/produkt\/masaz-pielegnacyjny-w-odnowie-biologicznej-dvd\/#primaryimage"},"image":{"@id":"https:\/\/spaakcesoria.pl\/index.php\/produkt\/masaz-pielegnacyjny-w-odnowie-biologicznej-dvd\/#primaryimage"},"thumbnailUrl":"https:\/\/spaakcesoria.pl\/wp-content\/uploads\/2020\/05\/b8b282d774965983f6dd18b8a6e98782.jpg","datePublished":"2020-05-29T12:56:40+00:00","dateModified":"2020-06-28T14:47:35+00:00","breadcrumb":{"@id":"https:\/\/spaakcesoria.pl\/index.php\/produkt\/masaz-pielegnacyjny-w-odnowie-biologicznej-dvd\/#breadcrumb"},"inLanguage":"pl-PL","potentialAction":[{"@type":"ReadAction","target":["https:\/\/spaakcesoria.pl\/index.php\/produkt\/masaz-pielegnacyjny-w-odnowie-biologicznej-dvd\/"]}]},{"@type":"ImageObject","inLanguage":"pl-PL","@id":"https:\/\/spaakcesoria.pl\/index.php\/produkt\/masaz-pielegnacyjny-w-odnowie-biologicznej-dvd\/#primaryimage","url":"https:\/\/spaakcesoria.pl\/wp-content\/uploads\/2020\/05\/b8b282d774965983f6dd18b8a6e98782.jpg","contentUrl":"https:\/\/spaakcesoria.pl\/wp-content\/uploads\/2020\/05\/b8b282d774965983f6dd18b8a6e98782.jpg","width":106,"height":150},{"@type":"BreadcrumbList","@id":"https:\/\/spaakcesoria.pl\/index.php\/produkt\/masaz-pielegnacyjny-w-odnowie-biologicznej-dvd\/#breadcrumb","itemListElement":[{"@type":"ListItem","position":1,"name":"Strona g\u0142\u00f3wna","item":"https:\/\/spaakcesoria.pl\/"},{"@type":"ListItem","position":2,"name":"Sklep","item":"https:\/\/spaakcesoria.pl\/index.php\/sklep\/"},{"@type":"ListItem","position":3,"name":"Masa\u017c piel\u0119gnacyjny &#8211; w odnowie biologicznej DVD"}]},{"@type":"WebSite","@id":"https:\/\/spaakcesoria.pl\/#website","url":"https:\/\/spaakcesoria.pl\/","name":"","description":"","potentialAction":[{"@type":"SearchAction","target":{"@type":"EntryPoint","urlTemplate":"https:\/\/spaakcesoria.pl\/?s={search_term_string}"},"query-input":{"@type":"PropertyValueSpecification","valueRequired":true,"valueName":"search_term_string"}}],"inLanguage":"pl-PL"}]}},"_links":{"self":[{"href":"https:\/\/spaakcesoria.pl\/index.php\/wp-json\/wp\/v2\/product\/118","targetHints":{"allow":["GET"]}}],"collection":[{"href":"https:\/\/spaakcesoria.pl\/index.php\/wp-json\/wp\/v2\/product"}],"about":[{"href":"https:\/\/spaakcesoria.pl\/index.php\/wp-json\/wp\/v2\/types\/product"}],"version-history":[{"count":1,"href":"https:\/\/spaakcesoria.pl\/index.php\/wp-json\/wp\/v2\/product\/118\/revisions"}],"predecessor-version":[{"id":1303,"href":"https:\/\/spaakcesoria.pl\/index.php\/wp-json\/wp\/v2\/product\/118\/revisions\/1303"}],"wp:featuredmedia":[{"embeddable":true,"href":"https:\/\/spaakcesoria.pl\/index.php\/wp-json\/wp\/v2\/media\/119"}],"wp:attachment":[{"href":"https:\/\/spaakcesoria.pl\/index.php\/wp-json\/wp\/v2\/media?parent=118"}],"wp:term":[{"taxonomy":"product_brand","embeddable":true,"href":"https:\/\/spaakcesoria.pl\/index.php\/wp-json\/wp\/v2\/product_brand?post=118"},{"taxonomy":"product_cat","embeddable":true,"href":"https:\/\/spaakcesoria.pl\/index.php\/wp-json\/wp\/v2\/product_cat?post=118"},{"taxonomy":"product_tag","embeddable":true,"href":"https:\/\/spaakcesoria.pl\/index.php\/wp-json\/wp\/v2\/product_tag?post=118"}],"curies":[{"name":"wp","href":"https:\/\/api.w.org\/{rel}","templated":true}]}}