{"id":120,"date":"2020-05-29T14:56:40","date_gmt":"2020-05-29T12:56:40","guid":{"rendered":"http:\/\/sklep.prosteprzepisy.eu\/index.php\/produkt\/zachowac-wieczna-mlodosc-a-atras-cd\/"},"modified":"2026-02-03T20:24:11","modified_gmt":"2026-02-03T19:24:11","slug":"zachowac-wieczna-mlodosc-a-atras-cd","status":"publish","type":"product","link":"https:\/\/spaakcesoria.pl\/index.php\/produkt\/zachowac-wieczna-mlodosc-a-atras-cd\/","title":{"rendered":"Zachowa\u0107 Wieczn\u0105 M\u0142odo\u015b\u0107 &#8211; A.Atras CD"},"content":{"rendered":"<p><span style=\"font-size: medium; font-family: 'comic sans ms', sans-serif; color: #0000ff;\"><strong><span style=\"font-size: x-large;\">Zachowa\u0107 Wieczn\u0105 M\u0142odo\u015b\u0107 &#8211; A.Atras CD<\/span><\/strong><\/span><\/p>\n<p>Wybieraj\u0105c t\u0119 p\u0142yt\u0119 dobrze trafi\u0142a\u015b, gdy\u017c z pomoc\u0105 zawartych tu sugestii, na pewno ci si\u0119 poszcz\u0119\u015bci.<\/p>\n<p>W ka\u017cdym z nas drzemie pot\u0119\u017cna moc, kt\u00f3r\u0105 mo\u017cemy wyzwoli\u0107, by dokona\u0107 po\u017c\u0105danych zmian w swoim \u017cyciu i ciele. Najwa\u017cniejsz\u0105 z nich okazuje si\u0119 zmiana wizerunku siebie. Zmiany na lepsze w swoim \u017cyciu nale\u017cy zacz\u0105\u0107 od pr\u00f3by pokochania si\u0119 takimi, jakimi jeste\u015bmy. Aby tego dokona\u0107, zacznij od opanowania zdolno\u015bci relaksacji i przyzwyczajaj si\u0119 do pozytywnego my\u015blenia na temat siebie i otaczaj\u0105cego \u015bwiata. Aby ta praktyka przynios\u0142a trwa\u0142e efekty, warto otworzy\u0107 si\u0119 na popraw\u0119 jako\u015bci ca\u0142ego swojego \u017cycia. Tak\u0105 wizj\u0119 poprawy i swoich sukces\u00f3w nieustannie piel\u0119gnuj przez afirmacje i wizualizacje.<\/p>\n<p>Jak korzysta\u0107 z p\u0142yty?<\/p>\n<p>Po\u0142\u00f3\u017c si\u0119 i ws\u0142uchuj\u0105c si\u0119 w g\u0142os osoby prowadz\u0105cej, powtarzaj w my\u015blach wypowiadane przez ni\u0105 s\u0142owa. Zacznij od opanowania medytacji zawartej w I cz\u0119\u015bci. Sugestie z p\u0142yty ods\u0142uchuj uwa\u017cnie w stanie relaksu 2 razy dziennie przez okres minimum 3 tygodni. Powtarzaj w my\u015blach s\u0142yszane s\u0142owa, poddawaj im si\u0119, a\u017c bez oporu zaakceptujesz ca\u0142\u0105 tre\u015b\u0107. W\u00f3wczas daj\u0105 one widoczne rezultaty. B\u0119dzie to z korzy\u015bci\u0105 dla ciebie, gdy popracujesz z nimi d\u0142u\u017cej. Nast\u0119pnie pr\u00f3buj uk\u0142ada\u0107 swoje w\u0142asne medytacje i systematycznie wprowadzaj je do swojego \u017cycia i do swoich zwi\u0105zk\u00f3w. To bowiem, czym zajmujesz umys\u0142, spe\u0142nia si\u0119 w twoim \u017cyciu.<\/p>\n<p>Medytacja Pierwsza 30:00<br \/>\nMedytacja Druga 30:00<\/p>\n<p>\u0141\u0105czny czas p\u0142yty: 60 minut<\/p>\n","protected":false},"excerpt":{"rendered":"<p><span style=\"font-size: medium; font-family: 'comic sans ms', sans-serif; color: #0000ff;\">Zachowa\u0107 Wieczn\u0105 M\u0142odo\u015b\u0107 &#8211; A.Atras CD<\/span><\/p>\n","protected":false},"featured_media":121,"template":"","meta":{"_monsterinsights_skip_tracking":false,"_monsterinsights_sitenote_active":false,"_monsterinsights_sitenote_note":"","_monsterinsights_sitenote_category":0},"product_brand":[],"product_cat":[21],"product_tag":[252],"class_list":{"0":"post-120","1":"product","2":"type-product","3":"status-publish","4":"has-post-thumbnail","6":"product_cat-masaz","7":"product_tag-zachowac-wieczna-mlodosc-a-atras-cd","9":"first","10":"instock","11":"taxable","12":"shipping-taxable","13":"purchasable","14":"product-type-simple"},"yoast_head":"<!-- This site is optimized with the Yoast SEO plugin v27.6 - https:\/\/yoast.com\/product\/yoast-seo-wordpress\/ -->\n<title>Zachowa\u0107 Wieczn\u0105 M\u0142odo\u015b\u0107 - A.Atras CD -<\/title>\n<meta name=\"robots\" content=\"index, follow, max-snippet:-1, max-image-preview:large, max-video-preview:-1\" \/>\n<link rel=\"canonical\" href=\"https:\/\/spaakcesoria.pl\/index.php\/produkt\/zachowac-wieczna-mlodosc-a-atras-cd\/\" \/>\n<meta property=\"og:locale\" content=\"pl_PL\" \/>\n<meta property=\"og:type\" content=\"article\" \/>\n<meta property=\"og:title\" content=\"Zachowa\u0107 Wieczn\u0105 M\u0142odo\u015b\u0107 - A.Atras CD -\" \/>\n<meta property=\"og:description\" content=\"Zachowa\u0107 Wieczn\u0105 M\u0142odo\u015b\u0107 - A.Atras CD\" \/>\n<meta property=\"og:url\" content=\"https:\/\/spaakcesoria.pl\/index.php\/produkt\/zachowac-wieczna-mlodosc-a-atras-cd\/\" \/>\n<meta property=\"article:modified_time\" content=\"2026-02-03T19:24:11+00:00\" \/>\n<meta property=\"og:image\" content=\"https:\/\/spaakcesoria.pl\/wp-content\/uploads\/2020\/05\/deb6b7335558eb43e39aa629e07413d3.jpg\" \/>\n\t<meta property=\"og:image:width\" content=\"150\" \/>\n\t<meta property=\"og:image:height\" content=\"149\" \/>\n\t<meta property=\"og:image:type\" content=\"image\/jpeg\" \/>\n<meta name=\"twitter:card\" content=\"summary_large_image\" \/>\n<meta name=\"twitter:label1\" content=\"Szacowany czas czytania\" \/>\n\t<meta name=\"twitter:data1\" content=\"2 minuty\" \/>\n<script type=\"application\/ld+json\" class=\"yoast-schema-graph\">{\"@context\":\"https:\\\/\\\/schema.org\",\"@graph\":[{\"@type\":\"WebPage\",\"@id\":\"https:\\\/\\\/spaakcesoria.pl\\\/index.php\\\/produkt\\\/zachowac-wieczna-mlodosc-a-atras-cd\\\/\",\"url\":\"https:\\\/\\\/spaakcesoria.pl\\\/index.php\\\/produkt\\\/zachowac-wieczna-mlodosc-a-atras-cd\\\/\",\"name\":\"Zachowa\u0107 Wieczn\u0105 M\u0142odo\u015b\u0107 - A.Atras CD -\",\"isPartOf\":{\"@id\":\"https:\\\/\\\/spaakcesoria.pl\\\/#website\"},\"primaryImageOfPage\":{\"@id\":\"https:\\\/\\\/spaakcesoria.pl\\\/index.php\\\/produkt\\\/zachowac-wieczna-mlodosc-a-atras-cd\\\/#primaryimage\"},\"image\":{\"@id\":\"https:\\\/\\\/spaakcesoria.pl\\\/index.php\\\/produkt\\\/zachowac-wieczna-mlodosc-a-atras-cd\\\/#primaryimage\"},\"thumbnailUrl\":\"https:\\\/\\\/spaakcesoria.pl\\\/wp-content\\\/uploads\\\/2020\\\/05\\\/deb6b7335558eb43e39aa629e07413d3.jpg\",\"datePublished\":\"2020-05-29T12:56:40+00:00\",\"dateModified\":\"2026-02-03T19:24:11+00:00\",\"breadcrumb\":{\"@id\":\"https:\\\/\\\/spaakcesoria.pl\\\/index.php\\\/produkt\\\/zachowac-wieczna-mlodosc-a-atras-cd\\\/#breadcrumb\"},\"inLanguage\":\"pl-PL\",\"potentialAction\":[{\"@type\":\"ReadAction\",\"target\":[\"https:\\\/\\\/spaakcesoria.pl\\\/index.php\\\/produkt\\\/zachowac-wieczna-mlodosc-a-atras-cd\\\/\"]}]},{\"@type\":\"ImageObject\",\"inLanguage\":\"pl-PL\",\"@id\":\"https:\\\/\\\/spaakcesoria.pl\\\/index.php\\\/produkt\\\/zachowac-wieczna-mlodosc-a-atras-cd\\\/#primaryimage\",\"url\":\"https:\\\/\\\/spaakcesoria.pl\\\/wp-content\\\/uploads\\\/2020\\\/05\\\/deb6b7335558eb43e39aa629e07413d3.jpg\",\"contentUrl\":\"https:\\\/\\\/spaakcesoria.pl\\\/wp-content\\\/uploads\\\/2020\\\/05\\\/deb6b7335558eb43e39aa629e07413d3.jpg\",\"width\":150,\"height\":149},{\"@type\":\"BreadcrumbList\",\"@id\":\"https:\\\/\\\/spaakcesoria.pl\\\/index.php\\\/produkt\\\/zachowac-wieczna-mlodosc-a-atras-cd\\\/#breadcrumb\",\"itemListElement\":[{\"@type\":\"ListItem\",\"position\":1,\"name\":\"Strona g\u0142\u00f3wna\",\"item\":\"https:\\\/\\\/spaakcesoria.pl\\\/\"},{\"@type\":\"ListItem\",\"position\":2,\"name\":\"Sklep\",\"item\":\"https:\\\/\\\/spaakcesoria.pl\\\/index.php\\\/sklep\\\/\"},{\"@type\":\"ListItem\",\"position\":3,\"name\":\"Zachowa\u0107 Wieczn\u0105 M\u0142odo\u015b\u0107 &#8211; A.Atras CD\"}]},{\"@type\":\"WebSite\",\"@id\":\"https:\\\/\\\/spaakcesoria.pl\\\/#website\",\"url\":\"https:\\\/\\\/spaakcesoria.pl\\\/\",\"name\":\"\",\"description\":\"\",\"potentialAction\":[{\"@type\":\"SearchAction\",\"target\":{\"@type\":\"EntryPoint\",\"urlTemplate\":\"https:\\\/\\\/spaakcesoria.pl\\\/?s={search_term_string}\"},\"query-input\":{\"@type\":\"PropertyValueSpecification\",\"valueRequired\":true,\"valueName\":\"search_term_string\"}}],\"inLanguage\":\"pl-PL\"}]}<\/script>\n<!-- \/ Yoast SEO plugin. -->","yoast_head_json":{"title":"Zachowa\u0107 Wieczn\u0105 M\u0142odo\u015b\u0107 - A.Atras CD -","robots":{"index":"index","follow":"follow","max-snippet":"max-snippet:-1","max-image-preview":"max-image-preview:large","max-video-preview":"max-video-preview:-1"},"canonical":"https:\/\/spaakcesoria.pl\/index.php\/produkt\/zachowac-wieczna-mlodosc-a-atras-cd\/","og_locale":"pl_PL","og_type":"article","og_title":"Zachowa\u0107 Wieczn\u0105 M\u0142odo\u015b\u0107 - A.Atras CD -","og_description":"Zachowa\u0107 Wieczn\u0105 M\u0142odo\u015b\u0107 - A.Atras CD","og_url":"https:\/\/spaakcesoria.pl\/index.php\/produkt\/zachowac-wieczna-mlodosc-a-atras-cd\/","article_modified_time":"2026-02-03T19:24:11+00:00","og_image":[{"width":150,"height":149,"url":"https:\/\/spaakcesoria.pl\/wp-content\/uploads\/2020\/05\/deb6b7335558eb43e39aa629e07413d3.jpg","type":"image\/jpeg"}],"twitter_card":"summary_large_image","twitter_misc":{"Szacowany czas czytania":"2 minuty"},"schema":{"@context":"https:\/\/schema.org","@graph":[{"@type":"WebPage","@id":"https:\/\/spaakcesoria.pl\/index.php\/produkt\/zachowac-wieczna-mlodosc-a-atras-cd\/","url":"https:\/\/spaakcesoria.pl\/index.php\/produkt\/zachowac-wieczna-mlodosc-a-atras-cd\/","name":"Zachowa\u0107 Wieczn\u0105 M\u0142odo\u015b\u0107 - A.Atras CD -","isPartOf":{"@id":"https:\/\/spaakcesoria.pl\/#website"},"primaryImageOfPage":{"@id":"https:\/\/spaakcesoria.pl\/index.php\/produkt\/zachowac-wieczna-mlodosc-a-atras-cd\/#primaryimage"},"image":{"@id":"https:\/\/spaakcesoria.pl\/index.php\/produkt\/zachowac-wieczna-mlodosc-a-atras-cd\/#primaryimage"},"thumbnailUrl":"https:\/\/spaakcesoria.pl\/wp-content\/uploads\/2020\/05\/deb6b7335558eb43e39aa629e07413d3.jpg","datePublished":"2020-05-29T12:56:40+00:00","dateModified":"2026-02-03T19:24:11+00:00","breadcrumb":{"@id":"https:\/\/spaakcesoria.pl\/index.php\/produkt\/zachowac-wieczna-mlodosc-a-atras-cd\/#breadcrumb"},"inLanguage":"pl-PL","potentialAction":[{"@type":"ReadAction","target":["https:\/\/spaakcesoria.pl\/index.php\/produkt\/zachowac-wieczna-mlodosc-a-atras-cd\/"]}]},{"@type":"ImageObject","inLanguage":"pl-PL","@id":"https:\/\/spaakcesoria.pl\/index.php\/produkt\/zachowac-wieczna-mlodosc-a-atras-cd\/#primaryimage","url":"https:\/\/spaakcesoria.pl\/wp-content\/uploads\/2020\/05\/deb6b7335558eb43e39aa629e07413d3.jpg","contentUrl":"https:\/\/spaakcesoria.pl\/wp-content\/uploads\/2020\/05\/deb6b7335558eb43e39aa629e07413d3.jpg","width":150,"height":149},{"@type":"BreadcrumbList","@id":"https:\/\/spaakcesoria.pl\/index.php\/produkt\/zachowac-wieczna-mlodosc-a-atras-cd\/#breadcrumb","itemListElement":[{"@type":"ListItem","position":1,"name":"Strona g\u0142\u00f3wna","item":"https:\/\/spaakcesoria.pl\/"},{"@type":"ListItem","position":2,"name":"Sklep","item":"https:\/\/spaakcesoria.pl\/index.php\/sklep\/"},{"@type":"ListItem","position":3,"name":"Zachowa\u0107 Wieczn\u0105 M\u0142odo\u015b\u0107 &#8211; A.Atras CD"}]},{"@type":"WebSite","@id":"https:\/\/spaakcesoria.pl\/#website","url":"https:\/\/spaakcesoria.pl\/","name":"","description":"","potentialAction":[{"@type":"SearchAction","target":{"@type":"EntryPoint","urlTemplate":"https:\/\/spaakcesoria.pl\/?s={search_term_string}"},"query-input":{"@type":"PropertyValueSpecification","valueRequired":true,"valueName":"search_term_string"}}],"inLanguage":"pl-PL"}]}},"_links":{"self":[{"href":"https:\/\/spaakcesoria.pl\/index.php\/wp-json\/wp\/v2\/product\/120","targetHints":{"allow":["GET"]}}],"collection":[{"href":"https:\/\/spaakcesoria.pl\/index.php\/wp-json\/wp\/v2\/product"}],"about":[{"href":"https:\/\/spaakcesoria.pl\/index.php\/wp-json\/wp\/v2\/types\/product"}],"version-history":[{"count":1,"href":"https:\/\/spaakcesoria.pl\/index.php\/wp-json\/wp\/v2\/product\/120\/revisions"}],"predecessor-version":[{"id":1425,"href":"https:\/\/spaakcesoria.pl\/index.php\/wp-json\/wp\/v2\/product\/120\/revisions\/1425"}],"wp:featuredmedia":[{"embeddable":true,"href":"https:\/\/spaakcesoria.pl\/index.php\/wp-json\/wp\/v2\/media\/121"}],"wp:attachment":[{"href":"https:\/\/spaakcesoria.pl\/index.php\/wp-json\/wp\/v2\/media?parent=120"}],"wp:term":[{"taxonomy":"product_brand","embeddable":true,"href":"https:\/\/spaakcesoria.pl\/index.php\/wp-json\/wp\/v2\/product_brand?post=120"},{"taxonomy":"product_cat","embeddable":true,"href":"https:\/\/spaakcesoria.pl\/index.php\/wp-json\/wp\/v2\/product_cat?post=120"},{"taxonomy":"product_tag","embeddable":true,"href":"https:\/\/spaakcesoria.pl\/index.php\/wp-json\/wp\/v2\/product_tag?post=120"}],"curies":[{"name":"wp","href":"https:\/\/api.w.org\/{rel}","templated":true}]}}