{"id":1850,"date":"2021-08-04T18:15:52","date_gmt":"2021-08-04T16:15:52","guid":{"rendered":"https:\/\/spaakcesoria.pl\/?post_type=product&#038;p=1850"},"modified":"2026-02-03T20:06:23","modified_gmt":"2026-02-03T19:06:23","slug":"odmladzajace-platki-pod-oczy-i-na-bruzdy-nosowe-sloik-60-szt","status":"publish","type":"product","link":"https:\/\/spaakcesoria.pl\/index.php\/produkt\/odmladzajace-platki-pod-oczy-i-na-bruzdy-nosowe-sloik-60-szt\/","title":{"rendered":"ODM\u0141ADZAJ\u0104CE P\u0141ATKI POD OCZY I NA BRUZDY NOSOWE (S\u0141OIK \u2013 60 SZT)"},"content":{"rendered":"<h1 class=\"mkdf-single-product-title w-product\">ODM\u0141ADZAJ\u0104CE P\u0141ATKI POD OCZY I NA BRUZDY NOSOWE (S\u0141OIK \u2013 60 SZT)<\/h1>\n<p><strong>Odm\u0142adzaj\u0105ce p\u0142atki pod oczy i bruzdy nosowe, rozmiar XXL<\/strong>\u00a0<strong>Opakowanie zawiera 60 szt. p\u0142atk\u00f3w pod oczy<\/strong><\/p>\n<p>Skoncentrowane sk\u0142adniki p\u0142atk\u00f3w pod oczy pozwalaj\u0105 osi\u0105gn\u0105\u0107 efekt odm\u0142odzenia sk\u00f3ry ju\u017c po pierwszym u\u017cyciu.<\/p>\n<p>Ekstrakt z chrz\u0105stnicy k\u0119dzierzawej, dzi\u0119ki zawarto\u015bci karagenianu tworzy na sk\u00f3rze niewidoczny film. To w\u0142a\u015bnie ta druga \u201ewarstwa sk\u00f3ry\u201d chroni przed utrat\u0105 wody (TEWL). Jednocze\u015bnie utworzona cienka warstwa filmu u\u0142atwia rozprowadzanie i wch\u0142anianie innych cennych sk\u0142adnik\u00f3w &#8211; dzia\u0142anie aktywnych substancji jest wyd\u0142u\u017cone i intensywniejsze. Lifting sk\u00f3ry i jej nawil\u017cenie jest zauwa\u017calne ju\u017c po pierwszym u\u017cyciu. Sk\u00f3ra bez obrz\u0119k\u00f3w i cieni wygl\u0105da m\u0142odo, a jej intensywne nawil\u017cenie daje dodatkowy komfort i relaks, dzi\u0119ki temu sk\u00f3ra nabiera blasku.<\/p>\n<p><em><strong>Substancje aktywne:<\/strong><\/em><\/p>\n<ul>\n<li><strong>Ekstrakt z chrz\u0105stnicy k\u0119dzierzawej<\/strong>\u00a0\u2013 irlandzki mech ma dzia\u0142ania ch\u0142odz\u0105ce, nawil\u017caj\u0105ce i przeciwobrz\u0119kowe.<\/li>\n<li><strong>Kwas traneksamowy<\/strong>\u00a0\u2013 wp\u0142ywa na ochron\u0119 aktywno\u015bci biologicznej. Idealny przy silnym odwodnieniu i zmarszczkach.<\/li>\n<li><strong>Glycosaminoglycans<\/strong>\u00a0\u2013 wysoka aktywno\u015b\u0107 nawil\u017caj\u0105ca, przyczynia si\u0119 do poprawy j\u0119drno\u015bci i elastyczno\u015bci sk\u00f3ry.<\/li>\n<li><strong>Ekstrakt portulaki pospolitej<\/strong>\u00a0\u2013 silne dzia\u0142anie \u0142agodz\u0105ce i antyoksydacyjne. Bogate \u017ar\u00f3d\u0142o polifenoli, kwas\u00f3w szeregu omega-3, witamin A i C.<\/li>\n<li><strong>Hydrolizowany kolagen<\/strong>\u00a0\u2013 odbudowuje w\u0142\u00f3kna kolagenowe, pozostawiaj\u0105c sk\u00f3r\u0119 j\u0119drn\u0105, spr\u0119\u017cyst\u0105 i bez zmarszczek.<\/li>\n<li><strong>Kwas hialuronowy<\/strong><\/li>\n<\/ul>\n<p><em><strong>Co b\u0142yszczy w naszych p\u0142atkach?<\/strong><\/em>\u00a0MIKA \u2013 per\u0142owe drobinki, zdolne do odbijania i rozpraszania \u015bwiat\u0142a, nadaj\u0105 sk\u00f3rze promienny i \u015bwietlisty wygl\u0105d.<\/p>\n<p><strong>Spos\u00f3b u\u017cycia:<\/strong>\u00a0Na oczyszczon\u0105 sk\u00f3r\u0119 na\u0142o\u017cy\u0107 p\u0142atek &#8211; upewni\u0107 si\u0119, \u017ce przylega idealnie. Zalecany czas aplikacji &#8211; min. 15 minut, jednak czas ten mo\u017cna wyd\u0142u\u017cy\u0107 &#8211; spot\u0119guje to rezultat. Po sko\u0144czonej aplikacji p\u0142atek \u015bci\u0105gn\u0105\u0107. Wa\u017cne!\u00a0Produkt przeznaczony do jednorazowego u\u017cytku zewn\u0119trznego. Nie nale\u017cy stosowa\u0107 w przypadku nadwra\u017cliwo\u015bci, na kt\u00f3rykolwiek ze sk\u0142adnik\u00f3w.<\/p>\n<p><strong>Ocena efekt\u00f3w dzia\u0142ania Odm\u0142adzaj\u0105cych p\u0142atk\u00f3w pod oczy XXL *)\u00a0<\/strong><strong>93% badanych os\u00f3b uzna\u0142o, \u017ce efekty u\u017cycia maski widoczne s\u0105 ju\u017c po pierwszym u\u017cyciu<\/strong><\/p>\n<ul>\n<li>100% &#8211; nawil\u017cenie ju\u017c po pierwszym u\u017cyciu<\/li>\n<li>100%- sk\u00f3ra nabiera promiennego i \u015bwietlistego wygl\u0105du<\/li>\n<li>100%- sk\u00f3ra nabiera blasku<\/li>\n<li>100%- sk\u00f3ra jest j\u0119drna i elastyczna<\/li>\n<li>100%- daje uczucie ch\u0142odzenia<\/li>\n<li>93% wspomaga \u0142agodzenie sk\u00f3ry<\/li>\n<li>87%- liftinguje, napina sk\u00f3r\u0119 ju\u017c po pierwszym u\u017cyciu<\/li>\n<li>87%- widocznie rozja\u015bnia cienie<\/li>\n<\/ul>\n<p>*potwierdzone badaniami aplikacyjnymi pod nadzorem lekarza dermatologa na grupie 15 os\u00f3b przez okres 4 tygodni<\/p>\n","protected":false},"excerpt":{"rendered":"<h3 class=\"mkdf-single-product-title w-product\">ODM\u0141ADZAJ\u0104CE P\u0141ATKI POD OCZY I NA BRUZDY NOSOWE (S\u0141OIK \u2013 60 SZT)<\/h3>\n","protected":false},"featured_media":2102,"template":"","meta":{"_monsterinsights_skip_tracking":false,"_monsterinsights_sitenote_active":false,"_monsterinsights_sitenote_note":"","_monsterinsights_sitenote_category":0},"product_brand":[],"product_cat":[25,22,48],"product_tag":[],"class_list":{"0":"post-1850","1":"product","2":"type-product","3":"status-publish","4":"has-post-thumbnail","6":"product_cat-sunew-linie-maski-algowe","7":"product_cat-kosmetyki","8":"product_cat-maski-platy-kolagenowe","10":"first","11":"outofstock","12":"taxable","13":"shipping-taxable","14":"purchasable","15":"product-type-simple"},"yoast_head":"<!-- This site is optimized with the Yoast SEO plugin v27.6 - https:\/\/yoast.com\/product\/yoast-seo-wordpress\/ -->\n<title>ODM\u0141ADZAJ\u0104CE P\u0141ATKI POD OCZY I NA BRUZDY NOSOWE (S\u0141OIK \u2013 60 SZT) -<\/title>\n<meta name=\"description\" content=\"ODM\u0141ADZAJ\u0104CE P\u0141ATKI POD OCZY I NA BRUZDY NOSOWE (S\u0141OIK \u2013 60 SZT)\" \/>\n<meta name=\"robots\" content=\"index, follow, max-snippet:-1, max-image-preview:large, max-video-preview:-1\" \/>\n<link rel=\"canonical\" href=\"https:\/\/spaakcesoria.pl\/index.php\/produkt\/odmladzajace-platki-pod-oczy-i-na-bruzdy-nosowe-sloik-60-szt\/\" \/>\n<meta property=\"og:locale\" content=\"pl_PL\" \/>\n<meta property=\"og:type\" content=\"article\" \/>\n<meta property=\"og:title\" content=\"ODM\u0141ADZAJ\u0104CE P\u0141ATKI POD OCZY I NA BRUZDY NOSOWE (S\u0141OIK \u2013 60 SZT) -\" \/>\n<meta property=\"og:description\" content=\"ODM\u0141ADZAJ\u0104CE P\u0141ATKI POD OCZY I NA BRUZDY NOSOWE (S\u0141OIK \u2013 60 SZT)\" \/>\n<meta property=\"og:url\" content=\"https:\/\/spaakcesoria.pl\/index.php\/produkt\/odmladzajace-platki-pod-oczy-i-na-bruzdy-nosowe-sloik-60-szt\/\" \/>\n<meta property=\"article:modified_time\" content=\"2026-02-03T19:06:23+00:00\" \/>\n<meta property=\"og:image\" content=\"https:\/\/spaakcesoria.pl\/wp-content\/uploads\/2021\/08\/Lifting-pads-for-nasolabial-folds-and-puffy-eyes-jar-box-600x600-1.png\" \/>\n\t<meta property=\"og:image:width\" content=\"600\" \/>\n\t<meta property=\"og:image:height\" content=\"600\" \/>\n\t<meta property=\"og:image:type\" content=\"image\/png\" \/>\n<meta name=\"twitter:card\" content=\"summary_large_image\" \/>\n<meta name=\"twitter:label1\" content=\"Szacowany czas czytania\" \/>\n\t<meta name=\"twitter:data1\" content=\"3 minuty\" \/>\n<script type=\"application\/ld+json\" class=\"yoast-schema-graph\">{\"@context\":\"https:\\\/\\\/schema.org\",\"@graph\":[{\"@type\":\"WebPage\",\"@id\":\"https:\\\/\\\/spaakcesoria.pl\\\/index.php\\\/produkt\\\/odmladzajace-platki-pod-oczy-i-na-bruzdy-nosowe-sloik-60-szt\\\/\",\"url\":\"https:\\\/\\\/spaakcesoria.pl\\\/index.php\\\/produkt\\\/odmladzajace-platki-pod-oczy-i-na-bruzdy-nosowe-sloik-60-szt\\\/\",\"name\":\"ODM\u0141ADZAJ\u0104CE P\u0141ATKI POD OCZY I NA BRUZDY NOSOWE (S\u0141OIK \u2013 60 SZT) -\",\"isPartOf\":{\"@id\":\"https:\\\/\\\/spaakcesoria.pl\\\/#website\"},\"primaryImageOfPage\":{\"@id\":\"https:\\\/\\\/spaakcesoria.pl\\\/index.php\\\/produkt\\\/odmladzajace-platki-pod-oczy-i-na-bruzdy-nosowe-sloik-60-szt\\\/#primaryimage\"},\"image\":{\"@id\":\"https:\\\/\\\/spaakcesoria.pl\\\/index.php\\\/produkt\\\/odmladzajace-platki-pod-oczy-i-na-bruzdy-nosowe-sloik-60-szt\\\/#primaryimage\"},\"thumbnailUrl\":\"https:\\\/\\\/spaakcesoria.pl\\\/wp-content\\\/uploads\\\/2021\\\/08\\\/Lifting-pads-for-nasolabial-folds-and-puffy-eyes-jar-box-600x600-1.png\",\"datePublished\":\"2021-08-04T16:15:52+00:00\",\"dateModified\":\"2026-02-03T19:06:23+00:00\",\"description\":\"ODM\u0141ADZAJ\u0104CE P\u0141ATKI POD OCZY I NA BRUZDY NOSOWE (S\u0141OIK \u2013 60 SZT)\",\"breadcrumb\":{\"@id\":\"https:\\\/\\\/spaakcesoria.pl\\\/index.php\\\/produkt\\\/odmladzajace-platki-pod-oczy-i-na-bruzdy-nosowe-sloik-60-szt\\\/#breadcrumb\"},\"inLanguage\":\"pl-PL\",\"potentialAction\":[{\"@type\":\"ReadAction\",\"target\":[\"https:\\\/\\\/spaakcesoria.pl\\\/index.php\\\/produkt\\\/odmladzajace-platki-pod-oczy-i-na-bruzdy-nosowe-sloik-60-szt\\\/\"]}]},{\"@type\":\"ImageObject\",\"inLanguage\":\"pl-PL\",\"@id\":\"https:\\\/\\\/spaakcesoria.pl\\\/index.php\\\/produkt\\\/odmladzajace-platki-pod-oczy-i-na-bruzdy-nosowe-sloik-60-szt\\\/#primaryimage\",\"url\":\"https:\\\/\\\/spaakcesoria.pl\\\/wp-content\\\/uploads\\\/2021\\\/08\\\/Lifting-pads-for-nasolabial-folds-and-puffy-eyes-jar-box-600x600-1.png\",\"contentUrl\":\"https:\\\/\\\/spaakcesoria.pl\\\/wp-content\\\/uploads\\\/2021\\\/08\\\/Lifting-pads-for-nasolabial-folds-and-puffy-eyes-jar-box-600x600-1.png\",\"width\":600,\"height\":600},{\"@type\":\"BreadcrumbList\",\"@id\":\"https:\\\/\\\/spaakcesoria.pl\\\/index.php\\\/produkt\\\/odmladzajace-platki-pod-oczy-i-na-bruzdy-nosowe-sloik-60-szt\\\/#breadcrumb\",\"itemListElement\":[{\"@type\":\"ListItem\",\"position\":1,\"name\":\"Strona g\u0142\u00f3wna\",\"item\":\"https:\\\/\\\/spaakcesoria.pl\\\/\"},{\"@type\":\"ListItem\",\"position\":2,\"name\":\"Sklep\",\"item\":\"https:\\\/\\\/spaakcesoria.pl\\\/index.php\\\/sklep\\\/\"},{\"@type\":\"ListItem\",\"position\":3,\"name\":\"ODM\u0141ADZAJ\u0104CE P\u0141ATKI POD OCZY I NA BRUZDY NOSOWE (S\u0141OIK \u2013 60 SZT)\"}]},{\"@type\":\"WebSite\",\"@id\":\"https:\\\/\\\/spaakcesoria.pl\\\/#website\",\"url\":\"https:\\\/\\\/spaakcesoria.pl\\\/\",\"name\":\"\",\"description\":\"\",\"potentialAction\":[{\"@type\":\"SearchAction\",\"target\":{\"@type\":\"EntryPoint\",\"urlTemplate\":\"https:\\\/\\\/spaakcesoria.pl\\\/?s={search_term_string}\"},\"query-input\":{\"@type\":\"PropertyValueSpecification\",\"valueRequired\":true,\"valueName\":\"search_term_string\"}}],\"inLanguage\":\"pl-PL\"}]}<\/script>\n<!-- \/ Yoast SEO plugin. -->","yoast_head_json":{"title":"ODM\u0141ADZAJ\u0104CE P\u0141ATKI POD OCZY I NA BRUZDY NOSOWE (S\u0141OIK \u2013 60 SZT) -","description":"ODM\u0141ADZAJ\u0104CE P\u0141ATKI POD OCZY I NA BRUZDY NOSOWE (S\u0141OIK \u2013 60 SZT)","robots":{"index":"index","follow":"follow","max-snippet":"max-snippet:-1","max-image-preview":"max-image-preview:large","max-video-preview":"max-video-preview:-1"},"canonical":"https:\/\/spaakcesoria.pl\/index.php\/produkt\/odmladzajace-platki-pod-oczy-i-na-bruzdy-nosowe-sloik-60-szt\/","og_locale":"pl_PL","og_type":"article","og_title":"ODM\u0141ADZAJ\u0104CE P\u0141ATKI POD OCZY I NA BRUZDY NOSOWE (S\u0141OIK \u2013 60 SZT) -","og_description":"ODM\u0141ADZAJ\u0104CE P\u0141ATKI POD OCZY I NA BRUZDY NOSOWE (S\u0141OIK \u2013 60 SZT)","og_url":"https:\/\/spaakcesoria.pl\/index.php\/produkt\/odmladzajace-platki-pod-oczy-i-na-bruzdy-nosowe-sloik-60-szt\/","article_modified_time":"2026-02-03T19:06:23+00:00","og_image":[{"width":600,"height":600,"url":"https:\/\/spaakcesoria.pl\/wp-content\/uploads\/2021\/08\/Lifting-pads-for-nasolabial-folds-and-puffy-eyes-jar-box-600x600-1.png","type":"image\/png"}],"twitter_card":"summary_large_image","twitter_misc":{"Szacowany czas czytania":"3 minuty"},"schema":{"@context":"https:\/\/schema.org","@graph":[{"@type":"WebPage","@id":"https:\/\/spaakcesoria.pl\/index.php\/produkt\/odmladzajace-platki-pod-oczy-i-na-bruzdy-nosowe-sloik-60-szt\/","url":"https:\/\/spaakcesoria.pl\/index.php\/produkt\/odmladzajace-platki-pod-oczy-i-na-bruzdy-nosowe-sloik-60-szt\/","name":"ODM\u0141ADZAJ\u0104CE P\u0141ATKI POD OCZY I NA BRUZDY NOSOWE (S\u0141OIK \u2013 60 SZT) -","isPartOf":{"@id":"https:\/\/spaakcesoria.pl\/#website"},"primaryImageOfPage":{"@id":"https:\/\/spaakcesoria.pl\/index.php\/produkt\/odmladzajace-platki-pod-oczy-i-na-bruzdy-nosowe-sloik-60-szt\/#primaryimage"},"image":{"@id":"https:\/\/spaakcesoria.pl\/index.php\/produkt\/odmladzajace-platki-pod-oczy-i-na-bruzdy-nosowe-sloik-60-szt\/#primaryimage"},"thumbnailUrl":"https:\/\/spaakcesoria.pl\/wp-content\/uploads\/2021\/08\/Lifting-pads-for-nasolabial-folds-and-puffy-eyes-jar-box-600x600-1.png","datePublished":"2021-08-04T16:15:52+00:00","dateModified":"2026-02-03T19:06:23+00:00","description":"ODM\u0141ADZAJ\u0104CE P\u0141ATKI POD OCZY I NA BRUZDY NOSOWE (S\u0141OIK \u2013 60 SZT)","breadcrumb":{"@id":"https:\/\/spaakcesoria.pl\/index.php\/produkt\/odmladzajace-platki-pod-oczy-i-na-bruzdy-nosowe-sloik-60-szt\/#breadcrumb"},"inLanguage":"pl-PL","potentialAction":[{"@type":"ReadAction","target":["https:\/\/spaakcesoria.pl\/index.php\/produkt\/odmladzajace-platki-pod-oczy-i-na-bruzdy-nosowe-sloik-60-szt\/"]}]},{"@type":"ImageObject","inLanguage":"pl-PL","@id":"https:\/\/spaakcesoria.pl\/index.php\/produkt\/odmladzajace-platki-pod-oczy-i-na-bruzdy-nosowe-sloik-60-szt\/#primaryimage","url":"https:\/\/spaakcesoria.pl\/wp-content\/uploads\/2021\/08\/Lifting-pads-for-nasolabial-folds-and-puffy-eyes-jar-box-600x600-1.png","contentUrl":"https:\/\/spaakcesoria.pl\/wp-content\/uploads\/2021\/08\/Lifting-pads-for-nasolabial-folds-and-puffy-eyes-jar-box-600x600-1.png","width":600,"height":600},{"@type":"BreadcrumbList","@id":"https:\/\/spaakcesoria.pl\/index.php\/produkt\/odmladzajace-platki-pod-oczy-i-na-bruzdy-nosowe-sloik-60-szt\/#breadcrumb","itemListElement":[{"@type":"ListItem","position":1,"name":"Strona g\u0142\u00f3wna","item":"https:\/\/spaakcesoria.pl\/"},{"@type":"ListItem","position":2,"name":"Sklep","item":"https:\/\/spaakcesoria.pl\/index.php\/sklep\/"},{"@type":"ListItem","position":3,"name":"ODM\u0141ADZAJ\u0104CE P\u0141ATKI POD OCZY I NA BRUZDY NOSOWE (S\u0141OIK \u2013 60 SZT)"}]},{"@type":"WebSite","@id":"https:\/\/spaakcesoria.pl\/#website","url":"https:\/\/spaakcesoria.pl\/","name":"","description":"","potentialAction":[{"@type":"SearchAction","target":{"@type":"EntryPoint","urlTemplate":"https:\/\/spaakcesoria.pl\/?s={search_term_string}"},"query-input":{"@type":"PropertyValueSpecification","valueRequired":true,"valueName":"search_term_string"}}],"inLanguage":"pl-PL"}]}},"_links":{"self":[{"href":"https:\/\/spaakcesoria.pl\/index.php\/wp-json\/wp\/v2\/product\/1850","targetHints":{"allow":["GET"]}}],"collection":[{"href":"https:\/\/spaakcesoria.pl\/index.php\/wp-json\/wp\/v2\/product"}],"about":[{"href":"https:\/\/spaakcesoria.pl\/index.php\/wp-json\/wp\/v2\/types\/product"}],"version-history":[{"count":1,"href":"https:\/\/spaakcesoria.pl\/index.php\/wp-json\/wp\/v2\/product\/1850\/revisions"}],"predecessor-version":[{"id":1858,"href":"https:\/\/spaakcesoria.pl\/index.php\/wp-json\/wp\/v2\/product\/1850\/revisions\/1858"}],"wp:featuredmedia":[{"embeddable":true,"href":"https:\/\/spaakcesoria.pl\/index.php\/wp-json\/wp\/v2\/media\/2102"}],"wp:attachment":[{"href":"https:\/\/spaakcesoria.pl\/index.php\/wp-json\/wp\/v2\/media?parent=1850"}],"wp:term":[{"taxonomy":"product_brand","embeddable":true,"href":"https:\/\/spaakcesoria.pl\/index.php\/wp-json\/wp\/v2\/product_brand?post=1850"},{"taxonomy":"product_cat","embeddable":true,"href":"https:\/\/spaakcesoria.pl\/index.php\/wp-json\/wp\/v2\/product_cat?post=1850"},{"taxonomy":"product_tag","embeddable":true,"href":"https:\/\/spaakcesoria.pl\/index.php\/wp-json\/wp\/v2\/product_tag?post=1850"}],"curies":[{"name":"wp","href":"https:\/\/api.w.org\/{rel}","templated":true}]}}