{"id":2003,"date":"2022-07-14T21:31:01","date_gmt":"2022-07-14T19:31:01","guid":{"rendered":"https:\/\/spaakcesoria.pl\/?post_type=product&#038;p=2003"},"modified":"2022-09-28T19:36:20","modified_gmt":"2022-09-28T17:36:20","slug":"maska-algowa-wzbogacona-ekstraktem-z-lisci-aloesu-arbutyna-1kg","status":"publish","type":"product","link":"https:\/\/spaakcesoria.pl\/index.php\/produkt\/maska-algowa-wzbogacona-ekstraktem-z-lisci-aloesu-arbutyna-1kg\/","title":{"rendered":"Maska algowa wzbogacona ekstraktem z li\u015bci aloesu, arbutyn\u0105 &#8211; 1kg"},"content":{"rendered":"<p><span style=\"font-size: x-large; color: #333300;\">Maska algowa wzbogacona ekstraktem z li\u015bci aloesu, arbutyn\u0105\u00a0 &#8211; 1kg<\/span><\/p>\n<p style=\"text-align: center;\">Zapewnia spektakularny efekt roz\u015bwietlenia, wybielenie pieg\u00f3w i nawil\u017cenia.<\/p>\n<p>&nbsp;<\/p>\n<p style=\"text-align: center;\"><em><strong><span style=\"font-size: medium;\"><span style=\"font-size: 8pt; color: #ff0000;\">Produkt tylko dla gabinet\u00f3w kosmetycznych.\u00a0\u00a0<\/span><\/span><\/strong><\/em><\/p>\n<p style=\"text-align: center;\"><em><strong><span style=\"font-size: medium;\"><span style=\"font-size: 8pt; color: #ff0000;\">( zam\u00f3wienie prosze z\u0142o\u017cy\u0107 na email :\u00a0 <a href=\"mailto:spaakcesoria@gmail.com\">mailto:spaakcesoria@gmail.com\u00a0<\/a> \u00a0)\u00a0<\/span><\/span><\/strong><\/em><\/p>\n<p>Maska zapewnia intensywny efekt rewitalizacji sk\u00f3ry, dzi\u0119ki czemu jest ona zdrowsza, wyra\u017anie od\u017cywiona i zabezpieczona przed skutkami dzia\u0142ania czynnik\u00f3w zewn\u0119trznych.<\/p>\n<p>Dostarcza niezb\u0119dnych element\u00f3w mineralnych w skutek czego sk\u00f3ra jest odpowiednio stonizowan\u0105, a nawil\u017ceniu ulegaj\u0105 nawet najg\u0142\u0119bsze warstwy sk\u00f3ry.<\/p>\n<p>Zapewnia spektakularny efekt roz\u015bwietlenia. Oddzia\u0142uje na melanogenez\u0119, stymuluje r\u00f3wnomierne roz\u0142o\u017cenie barwnika sk\u00f3ry (melaniny).<\/p>\n<p>Szczeg\u00f3lnie polecana do cer nier\u00f3wnomiernie zabarwionych, sk\u00f3r z plamami powsta\u0142ymi po opalaniu szczeg\u00f3lnie na twarzy, dekolcie, szyi, ramionach, plecach ( piegi ).<\/p>\n<p>Maska wzbogacona ekstraktem z li\u015bci Aloesu, kt\u00f3ry ze wzgl\u0119du na silne w\u0142a\u015bciwo\u015bci \u0142agodz\u0105ce i penetruj\u0105ce sk\u00f3r\u0119 stosowany jest do cery odwodnionej, bardzo wra\u017cliwej i zaczerwienionej. Posiada zdolno\u015b\u0107 do skutecznego transportu cz\u0105steczek wody w g\u0142\u0105b sk\u00f3ry.<\/p>\n<p>Zawiera aminokwasy daj\u0105c efekt silnego nawil\u017cenia oraz amylaz\u0119, kt\u00f3ra skutecznie \u0142agodzi zapalenia sk\u00f3ry i podra\u017cnienia. Aloes poddany obecnie badaniom w najnowocze\u015bniejszych laboratoriach na \u015bwiecie, wci\u0105\u017c ujawnia nowe tajemnic.<\/p>\n<p>Zawiera unikalne stymulatory biogenne, dzia\u0142a regeneruj\u0105co. Istotnym elementem pi\u0119knej cery jest jej jednolity koloryt, dlatego do maski dodano Arbutyn\u0119- naturalny czynnik o dzia\u0142aniu depigmentacyjnym, polegaj\u0105cym na regulowaniu produkcji podstawowego barwnika sk\u00f3ry &#8211; melaniny, oraz r\u00f3wnomiernym rozmieszczaniu jej w nask\u00f3rku.<\/p>\n<p>Wykazuje wysok\u0105 skuteczno\u015b\u0107\u0107 dzia\u0142ania w stosunku do r\u00f3\u017cnego rodzaju plam pigmentacyjnych, nie powoduj\u0105c jednocze\u015bnie odczyn\u00f3w alergicznych oraz odbarwiania zdrowej sk\u00f3ry. Dodatkowo zawarte Sodium ascorbyl substancja o dzia\u0142aniu przeciwutleniaj\u0105cym i przeciw rodnikowym.<\/p>\n<p>Hamuje procesy egzogennego starzenia si\u0119 sk\u00f3ry wywo\u0142ywane np. promieniowaniem UV lub dymem papierosowym. Substancja o wysoce efektywnym dzia\u0142aniu. Znajduje zastosowanie w kosmetykach przeznaczonych do cery tr\u0105dzikowej, cery dojrza\u0142ej &#8211; kosmetyki anti-age, w preparatach po opalaniu.<\/p>\n<p>Maska ze wzgl\u0119du na wysokie st\u0119\u017cenie sk\u0142adnik\u00f3w aktywnych przeznaczona tylko do u\u017cytku profesjonalnego w Gabinetach Medycyny Estetycznej i Kosmetycznych.<\/p>\n<p>&nbsp;<\/p>\n<p>Ingredients: Aloe barbadensis leaf extract, Sodium ascorbyl phosphate, Arbutin, Algae extract, Diatomaceous earth, Corn starch, Talc.<\/p>\n<p>&nbsp;<\/p>\n<p><strong><span style=\"font-size: medium; color: #ff0000;\">Spos\u00f3b u\u017cycia:<\/span><\/strong><\/p>\n<p><span style=\"font-size: medium; color: #800080;\">Na oczyszczon\u0105 sk\u00f3r\u0119 twarzy. Produkt wymiesza\u0107 z wod\u0105 w stosunku 1:2 a\u017c do uzyskania jednolitej masy. Zaaplikowa\u0107 mask\u0119 na twarz, pozostawi\u0107 15-20 minut, nast\u0119pnie sp\u0142uka\u0107 obficie wod\u0105.<\/span><\/p>\n<p><strong>\u00a0<\/strong><\/p>\n","protected":false},"excerpt":{"rendered":"<p>Maska algowa wzbogacona ekstraktem z li\u015bci aloesu, arbutyn\u0105 &#8211; 1kg<\/p>\n<p style=\"text-align: center;\"><em><strong><span style=\"font-size: medium;\"><span style=\"font-size: 8pt; color: #ff0000;\">Produkt tylko dla gabinet\u00f3w kosmetycznych.\u00a0\u00a0<\/span><\/span><\/strong><\/em><\/p>\n<p style=\"text-align: center;\"><em><strong><span style=\"font-size: medium;\"><span style=\"font-size: 8pt; color: #ff0000;\">( zam\u00f3wienie prosze z\u0142o\u017cy\u0107 na email :\u00a0 <a href=\"mailto:spaakcesoria@gmail.com\">mailto:spaakcesoria@gmail.com<\/a>\u00a0 \u00a0)\u00a0<\/span><\/span><\/strong><\/em><\/p>\n","protected":false},"featured_media":2088,"template":"","meta":{"_monsterinsights_skip_tracking":false,"_monsterinsights_sitenote_active":false,"_monsterinsights_sitenote_note":"","_monsterinsights_sitenote_category":0},"product_brand":[],"product_cat":[25,48],"product_tag":[],"class_list":{"0":"post-2003","1":"product","2":"type-product","3":"status-publish","4":"has-post-thumbnail","6":"product_cat-sunew-linie-maski-algowe","7":"product_cat-maski-platy-kolagenowe","9":"first","10":"outofstock","11":"taxable","12":"shipping-taxable","13":"product-type-simple"},"yoast_head":"<!-- This site is optimized with the Yoast SEO plugin v27.4 - https:\/\/yoast.com\/product\/yoast-seo-wordpress\/ -->\n<title>Maska algowa wzbogacona ekstraktem z li\u015bci aloesu, arbutyn\u0105 - 1kg -<\/title>\n<meta name=\"robots\" content=\"index, follow, max-snippet:-1, max-image-preview:large, max-video-preview:-1\" \/>\n<link rel=\"canonical\" href=\"https:\/\/spaakcesoria.pl\/index.php\/produkt\/maska-algowa-wzbogacona-ekstraktem-z-lisci-aloesu-arbutyna-1kg\/\" \/>\n<meta property=\"og:locale\" content=\"pl_PL\" \/>\n<meta property=\"og:type\" content=\"article\" \/>\n<meta property=\"og:title\" content=\"Maska algowa wzbogacona ekstraktem z li\u015bci aloesu, arbutyn\u0105 - 1kg -\" \/>\n<meta property=\"og:description\" content=\"Maska algowa wzbogacona ekstraktem z li\u015bci aloesu, arbutyn\u0105 - 1kg Produkt tylko dla gabinet\u00f3w kosmetycznych.\u00a0\u00a0 ( zam\u00f3wienie prosze z\u0142o\u017cy\u0107 na email :\u00a0 mailto:spaakcesoria@gmail.com\u00a0 \u00a0)\u00a0\" \/>\n<meta property=\"og:url\" content=\"https:\/\/spaakcesoria.pl\/index.php\/produkt\/maska-algowa-wzbogacona-ekstraktem-z-lisci-aloesu-arbutyna-1kg\/\" \/>\n<meta property=\"article:modified_time\" content=\"2022-09-28T17:36:20+00:00\" \/>\n<meta property=\"og:image\" content=\"https:\/\/spaakcesoria.pl\/wp-content\/uploads\/2022\/07\/12-1.jpeg\" \/>\n\t<meta property=\"og:image:width\" content=\"500\" \/>\n\t<meta property=\"og:image:height\" content=\"500\" \/>\n\t<meta property=\"og:image:type\" content=\"image\/jpeg\" \/>\n<meta name=\"twitter:card\" content=\"summary_large_image\" \/>\n<meta name=\"twitter:label1\" content=\"Szacowany czas czytania\" \/>\n\t<meta name=\"twitter:data1\" content=\"2 minuty\" \/>\n<script type=\"application\/ld+json\" class=\"yoast-schema-graph\">{\"@context\":\"https:\\\/\\\/schema.org\",\"@graph\":[{\"@type\":\"WebPage\",\"@id\":\"https:\\\/\\\/spaakcesoria.pl\\\/index.php\\\/produkt\\\/maska-algowa-wzbogacona-ekstraktem-z-lisci-aloesu-arbutyna-1kg\\\/\",\"url\":\"https:\\\/\\\/spaakcesoria.pl\\\/index.php\\\/produkt\\\/maska-algowa-wzbogacona-ekstraktem-z-lisci-aloesu-arbutyna-1kg\\\/\",\"name\":\"Maska algowa wzbogacona ekstraktem z li\u015bci aloesu, arbutyn\u0105 - 1kg -\",\"isPartOf\":{\"@id\":\"https:\\\/\\\/spaakcesoria.pl\\\/#website\"},\"primaryImageOfPage\":{\"@id\":\"https:\\\/\\\/spaakcesoria.pl\\\/index.php\\\/produkt\\\/maska-algowa-wzbogacona-ekstraktem-z-lisci-aloesu-arbutyna-1kg\\\/#primaryimage\"},\"image\":{\"@id\":\"https:\\\/\\\/spaakcesoria.pl\\\/index.php\\\/produkt\\\/maska-algowa-wzbogacona-ekstraktem-z-lisci-aloesu-arbutyna-1kg\\\/#primaryimage\"},\"thumbnailUrl\":\"https:\\\/\\\/spaakcesoria.pl\\\/wp-content\\\/uploads\\\/2022\\\/07\\\/12-1.jpeg\",\"datePublished\":\"2022-07-14T19:31:01+00:00\",\"dateModified\":\"2022-09-28T17:36:20+00:00\",\"breadcrumb\":{\"@id\":\"https:\\\/\\\/spaakcesoria.pl\\\/index.php\\\/produkt\\\/maska-algowa-wzbogacona-ekstraktem-z-lisci-aloesu-arbutyna-1kg\\\/#breadcrumb\"},\"inLanguage\":\"pl-PL\",\"potentialAction\":[{\"@type\":\"ReadAction\",\"target\":[\"https:\\\/\\\/spaakcesoria.pl\\\/index.php\\\/produkt\\\/maska-algowa-wzbogacona-ekstraktem-z-lisci-aloesu-arbutyna-1kg\\\/\"]}]},{\"@type\":\"ImageObject\",\"inLanguage\":\"pl-PL\",\"@id\":\"https:\\\/\\\/spaakcesoria.pl\\\/index.php\\\/produkt\\\/maska-algowa-wzbogacona-ekstraktem-z-lisci-aloesu-arbutyna-1kg\\\/#primaryimage\",\"url\":\"https:\\\/\\\/spaakcesoria.pl\\\/wp-content\\\/uploads\\\/2022\\\/07\\\/12-1.jpeg\",\"contentUrl\":\"https:\\\/\\\/spaakcesoria.pl\\\/wp-content\\\/uploads\\\/2022\\\/07\\\/12-1.jpeg\",\"width\":500,\"height\":500},{\"@type\":\"BreadcrumbList\",\"@id\":\"https:\\\/\\\/spaakcesoria.pl\\\/index.php\\\/produkt\\\/maska-algowa-wzbogacona-ekstraktem-z-lisci-aloesu-arbutyna-1kg\\\/#breadcrumb\",\"itemListElement\":[{\"@type\":\"ListItem\",\"position\":1,\"name\":\"Strona g\u0142\u00f3wna\",\"item\":\"https:\\\/\\\/spaakcesoria.pl\\\/\"},{\"@type\":\"ListItem\",\"position\":2,\"name\":\"Sklep\",\"item\":\"https:\\\/\\\/spaakcesoria.pl\\\/index.php\\\/sklep\\\/\"},{\"@type\":\"ListItem\",\"position\":3,\"name\":\"Maska algowa wzbogacona ekstraktem z li\u015bci aloesu, arbutyn\u0105 &#8211; 1kg\"}]},{\"@type\":\"WebSite\",\"@id\":\"https:\\\/\\\/spaakcesoria.pl\\\/#website\",\"url\":\"https:\\\/\\\/spaakcesoria.pl\\\/\",\"name\":\"\",\"description\":\"\",\"potentialAction\":[{\"@type\":\"SearchAction\",\"target\":{\"@type\":\"EntryPoint\",\"urlTemplate\":\"https:\\\/\\\/spaakcesoria.pl\\\/?s={search_term_string}\"},\"query-input\":{\"@type\":\"PropertyValueSpecification\",\"valueRequired\":true,\"valueName\":\"search_term_string\"}}],\"inLanguage\":\"pl-PL\"}]}<\/script>\n<!-- \/ Yoast SEO plugin. -->","yoast_head_json":{"title":"Maska algowa wzbogacona ekstraktem z li\u015bci aloesu, arbutyn\u0105 - 1kg -","robots":{"index":"index","follow":"follow","max-snippet":"max-snippet:-1","max-image-preview":"max-image-preview:large","max-video-preview":"max-video-preview:-1"},"canonical":"https:\/\/spaakcesoria.pl\/index.php\/produkt\/maska-algowa-wzbogacona-ekstraktem-z-lisci-aloesu-arbutyna-1kg\/","og_locale":"pl_PL","og_type":"article","og_title":"Maska algowa wzbogacona ekstraktem z li\u015bci aloesu, arbutyn\u0105 - 1kg -","og_description":"Maska algowa wzbogacona ekstraktem z li\u015bci aloesu, arbutyn\u0105 - 1kg Produkt tylko dla gabinet\u00f3w kosmetycznych.\u00a0\u00a0 ( zam\u00f3wienie prosze z\u0142o\u017cy\u0107 na email :\u00a0 mailto:spaakcesoria@gmail.com\u00a0 \u00a0)\u00a0","og_url":"https:\/\/spaakcesoria.pl\/index.php\/produkt\/maska-algowa-wzbogacona-ekstraktem-z-lisci-aloesu-arbutyna-1kg\/","article_modified_time":"2022-09-28T17:36:20+00:00","og_image":[{"width":500,"height":500,"url":"https:\/\/spaakcesoria.pl\/wp-content\/uploads\/2022\/07\/12-1.jpeg","type":"image\/jpeg"}],"twitter_card":"summary_large_image","twitter_misc":{"Szacowany czas czytania":"2 minuty"},"schema":{"@context":"https:\/\/schema.org","@graph":[{"@type":"WebPage","@id":"https:\/\/spaakcesoria.pl\/index.php\/produkt\/maska-algowa-wzbogacona-ekstraktem-z-lisci-aloesu-arbutyna-1kg\/","url":"https:\/\/spaakcesoria.pl\/index.php\/produkt\/maska-algowa-wzbogacona-ekstraktem-z-lisci-aloesu-arbutyna-1kg\/","name":"Maska algowa wzbogacona ekstraktem z li\u015bci aloesu, arbutyn\u0105 - 1kg -","isPartOf":{"@id":"https:\/\/spaakcesoria.pl\/#website"},"primaryImageOfPage":{"@id":"https:\/\/spaakcesoria.pl\/index.php\/produkt\/maska-algowa-wzbogacona-ekstraktem-z-lisci-aloesu-arbutyna-1kg\/#primaryimage"},"image":{"@id":"https:\/\/spaakcesoria.pl\/index.php\/produkt\/maska-algowa-wzbogacona-ekstraktem-z-lisci-aloesu-arbutyna-1kg\/#primaryimage"},"thumbnailUrl":"https:\/\/spaakcesoria.pl\/wp-content\/uploads\/2022\/07\/12-1.jpeg","datePublished":"2022-07-14T19:31:01+00:00","dateModified":"2022-09-28T17:36:20+00:00","breadcrumb":{"@id":"https:\/\/spaakcesoria.pl\/index.php\/produkt\/maska-algowa-wzbogacona-ekstraktem-z-lisci-aloesu-arbutyna-1kg\/#breadcrumb"},"inLanguage":"pl-PL","potentialAction":[{"@type":"ReadAction","target":["https:\/\/spaakcesoria.pl\/index.php\/produkt\/maska-algowa-wzbogacona-ekstraktem-z-lisci-aloesu-arbutyna-1kg\/"]}]},{"@type":"ImageObject","inLanguage":"pl-PL","@id":"https:\/\/spaakcesoria.pl\/index.php\/produkt\/maska-algowa-wzbogacona-ekstraktem-z-lisci-aloesu-arbutyna-1kg\/#primaryimage","url":"https:\/\/spaakcesoria.pl\/wp-content\/uploads\/2022\/07\/12-1.jpeg","contentUrl":"https:\/\/spaakcesoria.pl\/wp-content\/uploads\/2022\/07\/12-1.jpeg","width":500,"height":500},{"@type":"BreadcrumbList","@id":"https:\/\/spaakcesoria.pl\/index.php\/produkt\/maska-algowa-wzbogacona-ekstraktem-z-lisci-aloesu-arbutyna-1kg\/#breadcrumb","itemListElement":[{"@type":"ListItem","position":1,"name":"Strona g\u0142\u00f3wna","item":"https:\/\/spaakcesoria.pl\/"},{"@type":"ListItem","position":2,"name":"Sklep","item":"https:\/\/spaakcesoria.pl\/index.php\/sklep\/"},{"@type":"ListItem","position":3,"name":"Maska algowa wzbogacona ekstraktem z li\u015bci aloesu, arbutyn\u0105 &#8211; 1kg"}]},{"@type":"WebSite","@id":"https:\/\/spaakcesoria.pl\/#website","url":"https:\/\/spaakcesoria.pl\/","name":"","description":"","potentialAction":[{"@type":"SearchAction","target":{"@type":"EntryPoint","urlTemplate":"https:\/\/spaakcesoria.pl\/?s={search_term_string}"},"query-input":{"@type":"PropertyValueSpecification","valueRequired":true,"valueName":"search_term_string"}}],"inLanguage":"pl-PL"}]}},"_links":{"self":[{"href":"https:\/\/spaakcesoria.pl\/index.php\/wp-json\/wp\/v2\/product\/2003","targetHints":{"allow":["GET"]}}],"collection":[{"href":"https:\/\/spaakcesoria.pl\/index.php\/wp-json\/wp\/v2\/product"}],"about":[{"href":"https:\/\/spaakcesoria.pl\/index.php\/wp-json\/wp\/v2\/types\/product"}],"version-history":[{"count":2,"href":"https:\/\/spaakcesoria.pl\/index.php\/wp-json\/wp\/v2\/product\/2003\/revisions"}],"predecessor-version":[{"id":2064,"href":"https:\/\/spaakcesoria.pl\/index.php\/wp-json\/wp\/v2\/product\/2003\/revisions\/2064"}],"wp:featuredmedia":[{"embeddable":true,"href":"https:\/\/spaakcesoria.pl\/index.php\/wp-json\/wp\/v2\/media\/2088"}],"wp:attachment":[{"href":"https:\/\/spaakcesoria.pl\/index.php\/wp-json\/wp\/v2\/media?parent=2003"}],"wp:term":[{"taxonomy":"product_brand","embeddable":true,"href":"https:\/\/spaakcesoria.pl\/index.php\/wp-json\/wp\/v2\/product_brand?post=2003"},{"taxonomy":"product_cat","embeddable":true,"href":"https:\/\/spaakcesoria.pl\/index.php\/wp-json\/wp\/v2\/product_cat?post=2003"},{"taxonomy":"product_tag","embeddable":true,"href":"https:\/\/spaakcesoria.pl\/index.php\/wp-json\/wp\/v2\/product_tag?post=2003"}],"curies":[{"name":"wp","href":"https:\/\/api.w.org\/{rel}","templated":true}]}}