{"id":2089,"date":"2022-09-28T20:51:47","date_gmt":"2022-09-28T18:51:47","guid":{"rendered":"https:\/\/spaakcesoria.pl\/?post_type=product&#038;p=2089"},"modified":"2026-02-03T20:15:07","modified_gmt":"2026-02-03T19:15:07","slug":"lekki-krem-na-dzien-i-na-noc-z-witamina-c-80ml","status":"publish","type":"product","link":"https:\/\/spaakcesoria.pl\/index.php\/produkt\/lekki-krem-na-dzien-i-na-noc-z-witamina-c-80ml\/","title":{"rendered":"LEKKI KREM NA DZIE\u0143 I NA NOC Z WITAMIN\u0104 C &#8211; 80ml"},"content":{"rendered":"<h3><strong>LEKKI KREM NA DZIE\u0143 I NA NOC Z WITAMIN\u0104 C &#8211; 80 ml<\/strong><\/h3>\n<div class=\"wc_description_own__content open\">\n<p><strong>Krem z witamin\u0105 C o lekkiej konsystencji<\/strong>, kt\u00f3ry idealnie nadaje si\u0119 pod makija\u017c. Rozja\u015bnia zmiany potr\u0105dzikowe i pos\u0142oneczne, jednocze\u015bnie ograniczaj\u0105c produkcj\u0119 melaniny, dzi\u0119ki czemu zostaje zahamowany proces tworzenia si\u0119 nowych przebarwie\u0144. Lekki krem na dzie\u0144 i na noc z witamin\u0105 C skutecznie chroni kom\u00f3rki przed starzeniem i pobudza je do regeneracji.\u00a0<strong>100% badanych<\/strong>\u00a0uzna\u0142o, \u017ce testowany przez nich lekki krem na dzie\u0144 i na noc 120g ma wyra\u017anie lepsze w\u0142a\u015bciwo\u015bci ni\u017c dotychczas stosowane produkty.\u00a0<strong>Ocena efekt\u00f3w dzia\u0142ania kremu z witamin\u0105 C po 4 tygodniach stosowania:*<\/strong><\/p>\n<ul>\n<li>+40% Wzrost nawil\u017cenia sk\u00f3ry<\/li>\n<li>+34% Wzrost elastyczno\u015bci sk\u00f3ry<\/li>\n<li>+20% Zw\u0119\u017cenie wielko\u015bci por\u00f3w<\/li>\n<li>-13% Redukcja zmarszczek<\/li>\n<li>-11% Zmniejszenie przebarwie\u0144<\/li>\n<\/ul>\n<p>*Badania aplikacyjne kremu na dzie\u0144 i noc z witamin\u0105 C przeprowadzone na grupie 15 os\u00f3b pod nadzorem lekarza dermatologa przez okres 4 tygodni.\u00a0<strong>Sk\u0142adniki aktywne kremu Sunewmed+<\/strong>:<\/p>\n<ul>\n<li>Witamina C &#8211; przeciwutleniacz, kt\u00f3ry spowalnia procesy starzenia si\u0119 sk\u00f3ry i rozja\u015bnia przebarwienia.<\/li>\n<li>Olej makadamia \u2013 dzia\u0142a regeneruj\u0105co. W kremie z wit C odpowiedzialny jest on za zmi\u0119kczanie i wyg\u0142adzanie nask\u00f3rka, \u0142agodzenie podra\u017cnie\u0144 i uszkodze\u0144 sk\u00f3ry.<\/li>\n<li>Olej jojoba \u2013 uelastycznia sk\u00f3r\u0119,\u00a0<strong>wzmacnia warstw\u0119 cementu mi\u0119dzykom\u00f3rkowego i zapobiega wysuszeniu sk\u00f3ry<\/strong>.<\/li>\n<li>Olej awokado \u2013 dzi\u0119ki niemu krem na dzie\u0144 z witamin\u0105 C silnie nawil\u017ca i od\u017cywia nask\u00f3rek.<\/li>\n<li>Wyci\u0105g z otr\u0119b\u00f3w pszenicy \u2013 \u017ar\u00f3d\u0142o biofenoli, kt\u00f3re dzia\u0142aj\u0105 antyoksydacyjnie i wp\u0142ywaj\u0105 korzystnie na wygl\u0105d sk\u00f3ry.<\/li>\n<li>Wyci\u0105g z morszczynu p\u0119cherzykowatego \u2013 naturalna alga wykazuj\u0105ca w\u0142a\u015bciwo\u015bci wyg\u0142adzaj\u0105ce i uj\u0119drniaj\u0105ce.<\/li>\n<li>Wyci\u0105g z kwiat\u00f3w nagietka lekarskiego \u2013 zawarty w lekkim kremie na dzie\u0144 i na noc z witamin\u0105 C 120 ml \u0142agodzi podra\u017cnienia, dzia\u0142a przeciwzapalnie, bakteriostatycznie i nawil\u017caj\u0105co.<\/li>\n<li>Kwas alfa-linolenowy \u2013 kwas t\u0142uszczowy typu Omega-3. Odbudowuje warstw\u0119 lipidow\u0105 nask\u00f3rka, reguluje wydzielanie sebum.<\/li>\n<\/ul>\n<p><strong>Efekty po stosowaniu kremu z witamin\u0105 C<\/strong>\u00a0potwierdzone badaniami pod nadzorem lekarza dermatologa:*<\/p>\n<ul>\n<li>93% jedwabi\u015bcie g\u0142adka sk\u00f3ra<\/li>\n<li>87% roz\u015bwietlenie sk\u00f3ry<\/li>\n<li>86% uj\u0119drnienie sk\u00f3ry<\/li>\n<li>87% regeneracja sk\u00f3ry<\/li>\n<li>67% rozja\u015bnienie przebarwie\u0144<\/li>\n<li>67% wyr\u00f3wnanie kolorytu<\/li>\n<\/ul>\n<p>*Badania aplikacyjno-aparaturowe przeprowadzone na grupie 15 os\u00f3b pod nadzorem lekarza dermatologa.<\/p>\n<\/div>\n","protected":false},"excerpt":{"rendered":"<h3><strong>LEKKI KREM NA DZIE\u0143 I NA NOC Z WITAMIN\u0104 C &#8211; 80 ml<\/strong><\/h3>\n","protected":false},"featured_media":2860,"template":"","meta":{"_monsterinsights_skip_tracking":false,"_monsterinsights_sitenote_active":false,"_monsterinsights_sitenote_note":"","_monsterinsights_sitenote_category":0},"product_brand":[],"product_cat":[22,307],"product_tag":[305,304,306,302],"class_list":{"0":"post-2089","1":"product","2":"type-product","3":"status-publish","4":"has-post-thumbnail","6":"product_cat-kosmetyki","7":"product_cat-kremy","8":"product_tag-essense","9":"product_tag-krem-z-witamina-c","10":"product_tag-lekki-krem","11":"product_tag-sunew-med","13":"first","14":"outofstock","15":"taxable","16":"shipping-taxable","17":"purchasable","18":"product-type-simple"},"yoast_head":"<!-- This site is optimized with the Yoast SEO plugin v27.4 - https:\/\/yoast.com\/product\/yoast-seo-wordpress\/ -->\n<title>LEKKI KREM NA DZIE\u0143 I NA NOC Z WITAMIN\u0104 C - 80ml -<\/title>\n<meta name=\"description\" content=\"LEKKI KREM NA DZIE\u0143 I NA NOC Z WITAMIN\u0104 C - 80ml. krem na dzie\u0144 i na noc z witamin\u0105 C skutecznie chroni kom\u00f3rki przed starzeniem i pobudza je do regeneracji.\" \/>\n<meta name=\"robots\" content=\"index, follow, max-snippet:-1, max-image-preview:large, max-video-preview:-1\" \/>\n<link rel=\"canonical\" href=\"https:\/\/spaakcesoria.pl\/index.php\/produkt\/lekki-krem-na-dzien-i-na-noc-z-witamina-c-80ml\/\" \/>\n<meta property=\"og:locale\" content=\"pl_PL\" \/>\n<meta property=\"og:type\" content=\"article\" \/>\n<meta property=\"og:title\" content=\"LEKKI KREM NA DZIE\u0143 I NA NOC Z WITAMIN\u0104 C - 80ml -\" \/>\n<meta property=\"og:description\" content=\"LEKKI KREM NA DZIE\u0143 I NA NOC Z WITAMIN\u0104 C - 80ml. krem na dzie\u0144 i na noc z witamin\u0105 C skutecznie chroni kom\u00f3rki przed starzeniem i pobudza je do regeneracji.\" \/>\n<meta property=\"og:url\" content=\"https:\/\/spaakcesoria.pl\/index.php\/produkt\/lekki-krem-na-dzien-i-na-noc-z-witamina-c-80ml\/\" \/>\n<meta property=\"article:modified_time\" content=\"2026-02-03T19:15:07+00:00\" \/>\n<meta property=\"og:image\" content=\"https:\/\/spaakcesoria.pl\/wp-content\/uploads\/2022\/09\/Kremsunew-80ml-wit-c.png\" \/>\n\t<meta property=\"og:image:width\" content=\"600\" \/>\n\t<meta property=\"og:image:height\" content=\"600\" \/>\n\t<meta property=\"og:image:type\" content=\"image\/png\" \/>\n<meta name=\"twitter:card\" content=\"summary_large_image\" \/>\n<meta name=\"twitter:label1\" content=\"Szacowany czas czytania\" \/>\n\t<meta name=\"twitter:data1\" content=\"3 minuty\" \/>\n<script type=\"application\/ld+json\" class=\"yoast-schema-graph\">{\"@context\":\"https:\\\/\\\/schema.org\",\"@graph\":[{\"@type\":\"WebPage\",\"@id\":\"https:\\\/\\\/spaakcesoria.pl\\\/index.php\\\/produkt\\\/lekki-krem-na-dzien-i-na-noc-z-witamina-c-80ml\\\/\",\"url\":\"https:\\\/\\\/spaakcesoria.pl\\\/index.php\\\/produkt\\\/lekki-krem-na-dzien-i-na-noc-z-witamina-c-80ml\\\/\",\"name\":\"LEKKI KREM NA DZIE\u0143 I NA NOC Z WITAMIN\u0104 C - 80ml -\",\"isPartOf\":{\"@id\":\"https:\\\/\\\/spaakcesoria.pl\\\/#website\"},\"primaryImageOfPage\":{\"@id\":\"https:\\\/\\\/spaakcesoria.pl\\\/index.php\\\/produkt\\\/lekki-krem-na-dzien-i-na-noc-z-witamina-c-80ml\\\/#primaryimage\"},\"image\":{\"@id\":\"https:\\\/\\\/spaakcesoria.pl\\\/index.php\\\/produkt\\\/lekki-krem-na-dzien-i-na-noc-z-witamina-c-80ml\\\/#primaryimage\"},\"thumbnailUrl\":\"https:\\\/\\\/spaakcesoria.pl\\\/wp-content\\\/uploads\\\/2022\\\/09\\\/Kremsunew-80ml-wit-c.png\",\"datePublished\":\"2022-09-28T18:51:47+00:00\",\"dateModified\":\"2026-02-03T19:15:07+00:00\",\"description\":\"LEKKI KREM NA DZIE\u0143 I NA NOC Z WITAMIN\u0104 C - 80ml. krem na dzie\u0144 i na noc z witamin\u0105 C skutecznie chroni kom\u00f3rki przed starzeniem i pobudza je do regeneracji.\",\"breadcrumb\":{\"@id\":\"https:\\\/\\\/spaakcesoria.pl\\\/index.php\\\/produkt\\\/lekki-krem-na-dzien-i-na-noc-z-witamina-c-80ml\\\/#breadcrumb\"},\"inLanguage\":\"pl-PL\",\"potentialAction\":[{\"@type\":\"ReadAction\",\"target\":[\"https:\\\/\\\/spaakcesoria.pl\\\/index.php\\\/produkt\\\/lekki-krem-na-dzien-i-na-noc-z-witamina-c-80ml\\\/\"]}]},{\"@type\":\"ImageObject\",\"inLanguage\":\"pl-PL\",\"@id\":\"https:\\\/\\\/spaakcesoria.pl\\\/index.php\\\/produkt\\\/lekki-krem-na-dzien-i-na-noc-z-witamina-c-80ml\\\/#primaryimage\",\"url\":\"https:\\\/\\\/spaakcesoria.pl\\\/wp-content\\\/uploads\\\/2022\\\/09\\\/Kremsunew-80ml-wit-c.png\",\"contentUrl\":\"https:\\\/\\\/spaakcesoria.pl\\\/wp-content\\\/uploads\\\/2022\\\/09\\\/Kremsunew-80ml-wit-c.png\",\"width\":600,\"height\":600},{\"@type\":\"BreadcrumbList\",\"@id\":\"https:\\\/\\\/spaakcesoria.pl\\\/index.php\\\/produkt\\\/lekki-krem-na-dzien-i-na-noc-z-witamina-c-80ml\\\/#breadcrumb\",\"itemListElement\":[{\"@type\":\"ListItem\",\"position\":1,\"name\":\"Strona g\u0142\u00f3wna\",\"item\":\"https:\\\/\\\/spaakcesoria.pl\\\/\"},{\"@type\":\"ListItem\",\"position\":2,\"name\":\"Sklep\",\"item\":\"https:\\\/\\\/spaakcesoria.pl\\\/index.php\\\/sklep\\\/\"},{\"@type\":\"ListItem\",\"position\":3,\"name\":\"LEKKI KREM NA DZIE\u0143 I NA NOC Z WITAMIN\u0104 C &#8211; 80ml\"}]},{\"@type\":\"WebSite\",\"@id\":\"https:\\\/\\\/spaakcesoria.pl\\\/#website\",\"url\":\"https:\\\/\\\/spaakcesoria.pl\\\/\",\"name\":\"\",\"description\":\"\",\"potentialAction\":[{\"@type\":\"SearchAction\",\"target\":{\"@type\":\"EntryPoint\",\"urlTemplate\":\"https:\\\/\\\/spaakcesoria.pl\\\/?s={search_term_string}\"},\"query-input\":{\"@type\":\"PropertyValueSpecification\",\"valueRequired\":true,\"valueName\":\"search_term_string\"}}],\"inLanguage\":\"pl-PL\"}]}<\/script>\n<!-- \/ Yoast SEO plugin. -->","yoast_head_json":{"title":"LEKKI KREM NA DZIE\u0143 I NA NOC Z WITAMIN\u0104 C - 80ml -","description":"LEKKI KREM NA DZIE\u0143 I NA NOC Z WITAMIN\u0104 C - 80ml. krem na dzie\u0144 i na noc z witamin\u0105 C skutecznie chroni kom\u00f3rki przed starzeniem i pobudza je do regeneracji.","robots":{"index":"index","follow":"follow","max-snippet":"max-snippet:-1","max-image-preview":"max-image-preview:large","max-video-preview":"max-video-preview:-1"},"canonical":"https:\/\/spaakcesoria.pl\/index.php\/produkt\/lekki-krem-na-dzien-i-na-noc-z-witamina-c-80ml\/","og_locale":"pl_PL","og_type":"article","og_title":"LEKKI KREM NA DZIE\u0143 I NA NOC Z WITAMIN\u0104 C - 80ml -","og_description":"LEKKI KREM NA DZIE\u0143 I NA NOC Z WITAMIN\u0104 C - 80ml. krem na dzie\u0144 i na noc z witamin\u0105 C skutecznie chroni kom\u00f3rki przed starzeniem i pobudza je do regeneracji.","og_url":"https:\/\/spaakcesoria.pl\/index.php\/produkt\/lekki-krem-na-dzien-i-na-noc-z-witamina-c-80ml\/","article_modified_time":"2026-02-03T19:15:07+00:00","og_image":[{"width":600,"height":600,"url":"https:\/\/spaakcesoria.pl\/wp-content\/uploads\/2022\/09\/Kremsunew-80ml-wit-c.png","type":"image\/png"}],"twitter_card":"summary_large_image","twitter_misc":{"Szacowany czas czytania":"3 minuty"},"schema":{"@context":"https:\/\/schema.org","@graph":[{"@type":"WebPage","@id":"https:\/\/spaakcesoria.pl\/index.php\/produkt\/lekki-krem-na-dzien-i-na-noc-z-witamina-c-80ml\/","url":"https:\/\/spaakcesoria.pl\/index.php\/produkt\/lekki-krem-na-dzien-i-na-noc-z-witamina-c-80ml\/","name":"LEKKI KREM NA DZIE\u0143 I NA NOC Z WITAMIN\u0104 C - 80ml -","isPartOf":{"@id":"https:\/\/spaakcesoria.pl\/#website"},"primaryImageOfPage":{"@id":"https:\/\/spaakcesoria.pl\/index.php\/produkt\/lekki-krem-na-dzien-i-na-noc-z-witamina-c-80ml\/#primaryimage"},"image":{"@id":"https:\/\/spaakcesoria.pl\/index.php\/produkt\/lekki-krem-na-dzien-i-na-noc-z-witamina-c-80ml\/#primaryimage"},"thumbnailUrl":"https:\/\/spaakcesoria.pl\/wp-content\/uploads\/2022\/09\/Kremsunew-80ml-wit-c.png","datePublished":"2022-09-28T18:51:47+00:00","dateModified":"2026-02-03T19:15:07+00:00","description":"LEKKI KREM NA DZIE\u0143 I NA NOC Z WITAMIN\u0104 C - 80ml. krem na dzie\u0144 i na noc z witamin\u0105 C skutecznie chroni kom\u00f3rki przed starzeniem i pobudza je do regeneracji.","breadcrumb":{"@id":"https:\/\/spaakcesoria.pl\/index.php\/produkt\/lekki-krem-na-dzien-i-na-noc-z-witamina-c-80ml\/#breadcrumb"},"inLanguage":"pl-PL","potentialAction":[{"@type":"ReadAction","target":["https:\/\/spaakcesoria.pl\/index.php\/produkt\/lekki-krem-na-dzien-i-na-noc-z-witamina-c-80ml\/"]}]},{"@type":"ImageObject","inLanguage":"pl-PL","@id":"https:\/\/spaakcesoria.pl\/index.php\/produkt\/lekki-krem-na-dzien-i-na-noc-z-witamina-c-80ml\/#primaryimage","url":"https:\/\/spaakcesoria.pl\/wp-content\/uploads\/2022\/09\/Kremsunew-80ml-wit-c.png","contentUrl":"https:\/\/spaakcesoria.pl\/wp-content\/uploads\/2022\/09\/Kremsunew-80ml-wit-c.png","width":600,"height":600},{"@type":"BreadcrumbList","@id":"https:\/\/spaakcesoria.pl\/index.php\/produkt\/lekki-krem-na-dzien-i-na-noc-z-witamina-c-80ml\/#breadcrumb","itemListElement":[{"@type":"ListItem","position":1,"name":"Strona g\u0142\u00f3wna","item":"https:\/\/spaakcesoria.pl\/"},{"@type":"ListItem","position":2,"name":"Sklep","item":"https:\/\/spaakcesoria.pl\/index.php\/sklep\/"},{"@type":"ListItem","position":3,"name":"LEKKI KREM NA DZIE\u0143 I NA NOC Z WITAMIN\u0104 C &#8211; 80ml"}]},{"@type":"WebSite","@id":"https:\/\/spaakcesoria.pl\/#website","url":"https:\/\/spaakcesoria.pl\/","name":"","description":"","potentialAction":[{"@type":"SearchAction","target":{"@type":"EntryPoint","urlTemplate":"https:\/\/spaakcesoria.pl\/?s={search_term_string}"},"query-input":{"@type":"PropertyValueSpecification","valueRequired":true,"valueName":"search_term_string"}}],"inLanguage":"pl-PL"}]}},"_links":{"self":[{"href":"https:\/\/spaakcesoria.pl\/index.php\/wp-json\/wp\/v2\/product\/2089","targetHints":{"allow":["GET"]}}],"collection":[{"href":"https:\/\/spaakcesoria.pl\/index.php\/wp-json\/wp\/v2\/product"}],"about":[{"href":"https:\/\/spaakcesoria.pl\/index.php\/wp-json\/wp\/v2\/types\/product"}],"version-history":[{"count":4,"href":"https:\/\/spaakcesoria.pl\/index.php\/wp-json\/wp\/v2\/product\/2089\/revisions"}],"predecessor-version":[{"id":2862,"href":"https:\/\/spaakcesoria.pl\/index.php\/wp-json\/wp\/v2\/product\/2089\/revisions\/2862"}],"wp:featuredmedia":[{"embeddable":true,"href":"https:\/\/spaakcesoria.pl\/index.php\/wp-json\/wp\/v2\/media\/2860"}],"wp:attachment":[{"href":"https:\/\/spaakcesoria.pl\/index.php\/wp-json\/wp\/v2\/media?parent=2089"}],"wp:term":[{"taxonomy":"product_brand","embeddable":true,"href":"https:\/\/spaakcesoria.pl\/index.php\/wp-json\/wp\/v2\/product_brand?post=2089"},{"taxonomy":"product_cat","embeddable":true,"href":"https:\/\/spaakcesoria.pl\/index.php\/wp-json\/wp\/v2\/product_cat?post=2089"},{"taxonomy":"product_tag","embeddable":true,"href":"https:\/\/spaakcesoria.pl\/index.php\/wp-json\/wp\/v2\/product_tag?post=2089"}],"curies":[{"name":"wp","href":"https:\/\/api.w.org\/{rel}","templated":true}]}}