{"id":2176,"date":"2022-10-25T22:21:33","date_gmt":"2022-10-25T20:21:33","guid":{"rendered":"https:\/\/spaakcesoria.pl\/?post_type=product&#038;p=2176"},"modified":"2026-02-03T20:17:54","modified_gmt":"2026-02-03T19:17:54","slug":"diamentowy-krem-przeciwstarzeniowy-do-kazdej-cery-50-ml","status":"publish","type":"product","link":"https:\/\/spaakcesoria.pl\/index.php\/produkt\/diamentowy-krem-przeciwstarzeniowy-do-kazdej-cery-50-ml\/","title":{"rendered":"Diamentowy krem przeciwstarzeniowy do ka\u017cdej cery 50 ml"},"content":{"rendered":"<h1 class=\"p1\">Leim Diamant Cream &#8211; Diamentowy krem przeciwstarzeniowy 40+ do ka\u017cdej cery 50 ml<\/h1>\n<h5><span style=\"color: navy; font-size: small;\">Leim Diamant Cream 50 ml<\/span><\/h5>\n<h5><span style=\"color: navy; font-size: small;\">Producent: Leim<\/span><\/h5>\n<h4 class=\"p1\">Niezwykle skuteczny krem z luksusowej linii LEIM dla wszystkich rodzaj\u00f3w sk\u00f3ry po 40. roku \u017cycia, zalecany szczeg\u00f3lnie dla cery wymagaj\u0105cej natychmiastowej regeneracji i intensywnej piel\u0119gnacji od\u017cywczej.<\/h4>\n<h4 class=\"p1\">Dzi\u0119ki obecno\u015bci wysoce skutecznych sk\u0142adnik\u00f3w mineralnych \u2013 diament, per\u0142a, opal, turkus \u2013 dzia\u0142ajacych w synergii z ekstraktem proteinowym, krem dostarcza sk\u00f3rze optymaln\u0105 dawk\u0119 witalno\u015bci i energii, przy\u015bpiesza metabolizm kom\u00f3rkowy i zwi\u0119ksza odporno\u015b\u0107, wywo\u0142uj\u0105c spektakularny efekt odm\u0142odzenia sk\u00f3ry.<\/h4>\n<h4 class=\"p1\"><span style=\"color: #0000ff;\">DIAMENT<\/span> dodaje sk\u00f3rze energii oraz witalno\u015bci.<\/h4>\n<h4 class=\"p1\"><span style=\"color: #0000ff;\">PER\u0141A<\/span> skutecznie stymuluje regeneracj\u0119 kom\u00f3rkowa, \u0142agodzi objawy zm\u0119czenia i przesuszenia sk\u00f3ry.<\/h4>\n<h4 class=\"p1\"><span style=\"color: #0000ff;\">OPAL<\/span> niweluje oznaki przem\u0119czenia sk\u00f3ry, czyni\u0105c j\u0105 pe\u0142n\u0105 blasku.<\/h4>\n<h4 class=\"p1\"><span style=\"color: #0000ff;\">TURKUS<\/span> zapobiega powstawaniu oznak starzenia si\u0119 sk\u00f3ry.<\/h4>\n<h4 class=\"p1\"><b>Dzia\u0142anie:<\/b><\/h4>\n<h4 class=\"p1\">G\u0141\u0118BOKA REGENARACJA\u00a0Silanole \u2013 pobudzaj\u0105 naturaln\u0105 produkcj\u0119 kolagenu niezb\u0119dnego do utrzymania m\u0142odzie\u0144czego wygl\u0105du sk\u00f3ry.<\/h4>\n<h4 class=\"p1\">WITALNO\u015a\u0106 I ENERGIA SK\u00d3RY Pepha Protect\u00ae \u2013 ekstrakt z arbuza \u2013 bogaty w witaminy, w\u0119glowodany i aminokwasy; zawarte w nim makrocz\u0105steczki wykazuj\u0105 silne w\u0142a\u015bciwosci chroni\u0105ce DNA sk\u00f3ry.<\/h4>\n<h4 class=\"p1\">NATYCHMIASTOWE WYG\u0141ADZENIE ZMARSZCZEK Peptydy \u2013 stymuluj\u0105 naturalne procesy fizjologiczne w sk\u00f3rze, tj. produkcj\u0119 kolagenu i elastyny \u2013 w\u0142\u00f3kien podporowych sk\u00f3ry.<\/h4>\n<h4 class=\"p1\">Ekstrakt z soi \u2013 ro\u015blina o udowodnionych w\u0142a\u015bciwo\u015bciach przeciwstarzeniowych, wyg\u0142adzaj\u0105cych i nawil\u017caj\u0105cych; chroni sk\u00f3re przed wiotczeniem; \u0142agodzi niekorzystny wp\u0142yw zmian hormonalnych na wygl\u0105d i kondycj\u0119 sk\u00f3ry.<\/h4>\n<h4 class=\"p1\">G\u0141\u0118BOKIE NAWIL\u017bENIE Kwas hialuronowy \u2013 niezwykle skutecznie zapobiega przeznask\u00f3rkowej utracie wody, zwi\u0119ksza poziom nawil\u017cenia tkanek.<\/h4>\n","protected":false},"excerpt":{"rendered":"<h5 class=\"p1\">Niezwykle skuteczny krem z luksusowej linii LEIM dla wszystkich rodzaj\u00f3w sk\u00f3ry po 40. roku \u017cycia, zalecany szczeg\u00f3lnie dla cery wymagaj\u0105cej natychmiastowej regeneracji i intensywnej piel\u0119gnacji od\u017cywczej.<\/h5>\n","protected":false},"featured_media":2182,"template":"","meta":{"_monsterinsights_skip_tracking":false,"_monsterinsights_sitenote_active":false,"_monsterinsights_sitenote_note":"","_monsterinsights_sitenote_category":0},"product_brand":[],"product_cat":[22,307],"product_tag":[327,326],"class_list":{"0":"post-2176","1":"product","2":"type-product","3":"status-publish","4":"has-post-thumbnail","6":"product_cat-kosmetyki","7":"product_cat-kremy","8":"product_tag-krem-na-zmarszczki","9":"product_tag-krem-przeciwstarzeniowy","11":"first","12":"outofstock","13":"taxable","14":"shipping-taxable","15":"purchasable","16":"product-type-simple"},"yoast_head":"<!-- This site is optimized with the Yoast SEO plugin v27.6 - https:\/\/yoast.com\/product\/yoast-seo-wordpress\/ -->\n<title>Diamentowy krem przeciwstarzeniowy do ka\u017cdej cery 50 ml -<\/title>\n<meta name=\"description\" content=\"Niezwykle skuteczny krem z luksusowej linii LEIM dla wszystkich rodzaj\u00f3w sk\u00f3ry po 40. roku \u017cycia, zalecany szczeg\u00f3lnie dla cery wymagaj\u0105cej natychmiastowej regeneracji i intensywnej piel\u0119gnacji od\u017cywczej..\" \/>\n<meta name=\"robots\" content=\"index, follow, max-snippet:-1, max-image-preview:large, max-video-preview:-1\" \/>\n<link rel=\"canonical\" href=\"https:\/\/spaakcesoria.pl\/index.php\/produkt\/diamentowy-krem-przeciwstarzeniowy-do-kazdej-cery-50-ml\/\" \/>\n<meta property=\"og:locale\" content=\"pl_PL\" \/>\n<meta property=\"og:type\" content=\"article\" \/>\n<meta property=\"og:title\" content=\"Diamentowy krem przeciwstarzeniowy do ka\u017cdej cery 50 ml -\" \/>\n<meta property=\"og:description\" content=\"Niezwykle skuteczny krem z luksusowej linii LEIM dla wszystkich rodzaj\u00f3w sk\u00f3ry po 40. roku \u017cycia, zalecany szczeg\u00f3lnie dla cery wymagaj\u0105cej natychmiastowej regeneracji i intensywnej piel\u0119gnacji od\u017cywczej..\" \/>\n<meta property=\"og:url\" content=\"https:\/\/spaakcesoria.pl\/index.php\/produkt\/diamentowy-krem-przeciwstarzeniowy-do-kazdej-cery-50-ml\/\" \/>\n<meta property=\"article:modified_time\" content=\"2026-02-03T19:17:54+00:00\" \/>\n<meta property=\"og:image\" content=\"https:\/\/spaakcesoria.pl\/wp-content\/uploads\/2022\/10\/Zrzut-ekranu-2022-10-25-o-22.38.00.png\" \/>\n\t<meta property=\"og:image:width\" content=\"269\" \/>\n\t<meta property=\"og:image:height\" content=\"275\" \/>\n\t<meta property=\"og:image:type\" content=\"image\/png\" \/>\n<meta name=\"twitter:card\" content=\"summary_large_image\" \/>\n<meta name=\"twitter:label1\" content=\"Szacowany czas czytania\" \/>\n\t<meta name=\"twitter:data1\" content=\"2 minuty\" \/>\n<script type=\"application\/ld+json\" class=\"yoast-schema-graph\">{\"@context\":\"https:\\\/\\\/schema.org\",\"@graph\":[{\"@type\":\"WebPage\",\"@id\":\"https:\\\/\\\/spaakcesoria.pl\\\/index.php\\\/produkt\\\/diamentowy-krem-przeciwstarzeniowy-do-kazdej-cery-50-ml\\\/\",\"url\":\"https:\\\/\\\/spaakcesoria.pl\\\/index.php\\\/produkt\\\/diamentowy-krem-przeciwstarzeniowy-do-kazdej-cery-50-ml\\\/\",\"name\":\"Diamentowy krem przeciwstarzeniowy do ka\u017cdej cery 50 ml -\",\"isPartOf\":{\"@id\":\"https:\\\/\\\/spaakcesoria.pl\\\/#website\"},\"primaryImageOfPage\":{\"@id\":\"https:\\\/\\\/spaakcesoria.pl\\\/index.php\\\/produkt\\\/diamentowy-krem-przeciwstarzeniowy-do-kazdej-cery-50-ml\\\/#primaryimage\"},\"image\":{\"@id\":\"https:\\\/\\\/spaakcesoria.pl\\\/index.php\\\/produkt\\\/diamentowy-krem-przeciwstarzeniowy-do-kazdej-cery-50-ml\\\/#primaryimage\"},\"thumbnailUrl\":\"https:\\\/\\\/spaakcesoria.pl\\\/wp-content\\\/uploads\\\/2022\\\/10\\\/Zrzut-ekranu-2022-10-25-o-22.38.00.png\",\"datePublished\":\"2022-10-25T20:21:33+00:00\",\"dateModified\":\"2026-02-03T19:17:54+00:00\",\"description\":\"Niezwykle skuteczny krem z luksusowej linii LEIM dla wszystkich rodzaj\u00f3w sk\u00f3ry po 40. roku \u017cycia, zalecany szczeg\u00f3lnie dla cery wymagaj\u0105cej natychmiastowej regeneracji i intensywnej piel\u0119gnacji od\u017cywczej..\",\"breadcrumb\":{\"@id\":\"https:\\\/\\\/spaakcesoria.pl\\\/index.php\\\/produkt\\\/diamentowy-krem-przeciwstarzeniowy-do-kazdej-cery-50-ml\\\/#breadcrumb\"},\"inLanguage\":\"pl-PL\",\"potentialAction\":[{\"@type\":\"ReadAction\",\"target\":[\"https:\\\/\\\/spaakcesoria.pl\\\/index.php\\\/produkt\\\/diamentowy-krem-przeciwstarzeniowy-do-kazdej-cery-50-ml\\\/\"]}]},{\"@type\":\"ImageObject\",\"inLanguage\":\"pl-PL\",\"@id\":\"https:\\\/\\\/spaakcesoria.pl\\\/index.php\\\/produkt\\\/diamentowy-krem-przeciwstarzeniowy-do-kazdej-cery-50-ml\\\/#primaryimage\",\"url\":\"https:\\\/\\\/spaakcesoria.pl\\\/wp-content\\\/uploads\\\/2022\\\/10\\\/Zrzut-ekranu-2022-10-25-o-22.38.00.png\",\"contentUrl\":\"https:\\\/\\\/spaakcesoria.pl\\\/wp-content\\\/uploads\\\/2022\\\/10\\\/Zrzut-ekranu-2022-10-25-o-22.38.00.png\",\"width\":269,\"height\":275},{\"@type\":\"BreadcrumbList\",\"@id\":\"https:\\\/\\\/spaakcesoria.pl\\\/index.php\\\/produkt\\\/diamentowy-krem-przeciwstarzeniowy-do-kazdej-cery-50-ml\\\/#breadcrumb\",\"itemListElement\":[{\"@type\":\"ListItem\",\"position\":1,\"name\":\"Strona g\u0142\u00f3wna\",\"item\":\"https:\\\/\\\/spaakcesoria.pl\\\/\"},{\"@type\":\"ListItem\",\"position\":2,\"name\":\"Sklep\",\"item\":\"https:\\\/\\\/spaakcesoria.pl\\\/index.php\\\/sklep\\\/\"},{\"@type\":\"ListItem\",\"position\":3,\"name\":\"Diamentowy krem przeciwstarzeniowy do ka\u017cdej cery 50 ml\"}]},{\"@type\":\"WebSite\",\"@id\":\"https:\\\/\\\/spaakcesoria.pl\\\/#website\",\"url\":\"https:\\\/\\\/spaakcesoria.pl\\\/\",\"name\":\"\",\"description\":\"\",\"potentialAction\":[{\"@type\":\"SearchAction\",\"target\":{\"@type\":\"EntryPoint\",\"urlTemplate\":\"https:\\\/\\\/spaakcesoria.pl\\\/?s={search_term_string}\"},\"query-input\":{\"@type\":\"PropertyValueSpecification\",\"valueRequired\":true,\"valueName\":\"search_term_string\"}}],\"inLanguage\":\"pl-PL\"}]}<\/script>\n<!-- \/ Yoast SEO plugin. -->","yoast_head_json":{"title":"Diamentowy krem przeciwstarzeniowy do ka\u017cdej cery 50 ml -","description":"Niezwykle skuteczny krem z luksusowej linii LEIM dla wszystkich rodzaj\u00f3w sk\u00f3ry po 40. roku \u017cycia, zalecany szczeg\u00f3lnie dla cery wymagaj\u0105cej natychmiastowej regeneracji i intensywnej piel\u0119gnacji od\u017cywczej..","robots":{"index":"index","follow":"follow","max-snippet":"max-snippet:-1","max-image-preview":"max-image-preview:large","max-video-preview":"max-video-preview:-1"},"canonical":"https:\/\/spaakcesoria.pl\/index.php\/produkt\/diamentowy-krem-przeciwstarzeniowy-do-kazdej-cery-50-ml\/","og_locale":"pl_PL","og_type":"article","og_title":"Diamentowy krem przeciwstarzeniowy do ka\u017cdej cery 50 ml -","og_description":"Niezwykle skuteczny krem z luksusowej linii LEIM dla wszystkich rodzaj\u00f3w sk\u00f3ry po 40. roku \u017cycia, zalecany szczeg\u00f3lnie dla cery wymagaj\u0105cej natychmiastowej regeneracji i intensywnej piel\u0119gnacji od\u017cywczej..","og_url":"https:\/\/spaakcesoria.pl\/index.php\/produkt\/diamentowy-krem-przeciwstarzeniowy-do-kazdej-cery-50-ml\/","article_modified_time":"2026-02-03T19:17:54+00:00","og_image":[{"width":269,"height":275,"url":"https:\/\/spaakcesoria.pl\/wp-content\/uploads\/2022\/10\/Zrzut-ekranu-2022-10-25-o-22.38.00.png","type":"image\/png"}],"twitter_card":"summary_large_image","twitter_misc":{"Szacowany czas czytania":"2 minuty"},"schema":{"@context":"https:\/\/schema.org","@graph":[{"@type":"WebPage","@id":"https:\/\/spaakcesoria.pl\/index.php\/produkt\/diamentowy-krem-przeciwstarzeniowy-do-kazdej-cery-50-ml\/","url":"https:\/\/spaakcesoria.pl\/index.php\/produkt\/diamentowy-krem-przeciwstarzeniowy-do-kazdej-cery-50-ml\/","name":"Diamentowy krem przeciwstarzeniowy do ka\u017cdej cery 50 ml -","isPartOf":{"@id":"https:\/\/spaakcesoria.pl\/#website"},"primaryImageOfPage":{"@id":"https:\/\/spaakcesoria.pl\/index.php\/produkt\/diamentowy-krem-przeciwstarzeniowy-do-kazdej-cery-50-ml\/#primaryimage"},"image":{"@id":"https:\/\/spaakcesoria.pl\/index.php\/produkt\/diamentowy-krem-przeciwstarzeniowy-do-kazdej-cery-50-ml\/#primaryimage"},"thumbnailUrl":"https:\/\/spaakcesoria.pl\/wp-content\/uploads\/2022\/10\/Zrzut-ekranu-2022-10-25-o-22.38.00.png","datePublished":"2022-10-25T20:21:33+00:00","dateModified":"2026-02-03T19:17:54+00:00","description":"Niezwykle skuteczny krem z luksusowej linii LEIM dla wszystkich rodzaj\u00f3w sk\u00f3ry po 40. roku \u017cycia, zalecany szczeg\u00f3lnie dla cery wymagaj\u0105cej natychmiastowej regeneracji i intensywnej piel\u0119gnacji od\u017cywczej..","breadcrumb":{"@id":"https:\/\/spaakcesoria.pl\/index.php\/produkt\/diamentowy-krem-przeciwstarzeniowy-do-kazdej-cery-50-ml\/#breadcrumb"},"inLanguage":"pl-PL","potentialAction":[{"@type":"ReadAction","target":["https:\/\/spaakcesoria.pl\/index.php\/produkt\/diamentowy-krem-przeciwstarzeniowy-do-kazdej-cery-50-ml\/"]}]},{"@type":"ImageObject","inLanguage":"pl-PL","@id":"https:\/\/spaakcesoria.pl\/index.php\/produkt\/diamentowy-krem-przeciwstarzeniowy-do-kazdej-cery-50-ml\/#primaryimage","url":"https:\/\/spaakcesoria.pl\/wp-content\/uploads\/2022\/10\/Zrzut-ekranu-2022-10-25-o-22.38.00.png","contentUrl":"https:\/\/spaakcesoria.pl\/wp-content\/uploads\/2022\/10\/Zrzut-ekranu-2022-10-25-o-22.38.00.png","width":269,"height":275},{"@type":"BreadcrumbList","@id":"https:\/\/spaakcesoria.pl\/index.php\/produkt\/diamentowy-krem-przeciwstarzeniowy-do-kazdej-cery-50-ml\/#breadcrumb","itemListElement":[{"@type":"ListItem","position":1,"name":"Strona g\u0142\u00f3wna","item":"https:\/\/spaakcesoria.pl\/"},{"@type":"ListItem","position":2,"name":"Sklep","item":"https:\/\/spaakcesoria.pl\/index.php\/sklep\/"},{"@type":"ListItem","position":3,"name":"Diamentowy krem przeciwstarzeniowy do ka\u017cdej cery 50 ml"}]},{"@type":"WebSite","@id":"https:\/\/spaakcesoria.pl\/#website","url":"https:\/\/spaakcesoria.pl\/","name":"","description":"","potentialAction":[{"@type":"SearchAction","target":{"@type":"EntryPoint","urlTemplate":"https:\/\/spaakcesoria.pl\/?s={search_term_string}"},"query-input":{"@type":"PropertyValueSpecification","valueRequired":true,"valueName":"search_term_string"}}],"inLanguage":"pl-PL"}]}},"_links":{"self":[{"href":"https:\/\/spaakcesoria.pl\/index.php\/wp-json\/wp\/v2\/product\/2176","targetHints":{"allow":["GET"]}}],"collection":[{"href":"https:\/\/spaakcesoria.pl\/index.php\/wp-json\/wp\/v2\/product"}],"about":[{"href":"https:\/\/spaakcesoria.pl\/index.php\/wp-json\/wp\/v2\/types\/product"}],"version-history":[{"count":1,"href":"https:\/\/spaakcesoria.pl\/index.php\/wp-json\/wp\/v2\/product\/2176\/revisions"}],"predecessor-version":[{"id":2179,"href":"https:\/\/spaakcesoria.pl\/index.php\/wp-json\/wp\/v2\/product\/2176\/revisions\/2179"}],"wp:featuredmedia":[{"embeddable":true,"href":"https:\/\/spaakcesoria.pl\/index.php\/wp-json\/wp\/v2\/media\/2182"}],"wp:attachment":[{"href":"https:\/\/spaakcesoria.pl\/index.php\/wp-json\/wp\/v2\/media?parent=2176"}],"wp:term":[{"taxonomy":"product_brand","embeddable":true,"href":"https:\/\/spaakcesoria.pl\/index.php\/wp-json\/wp\/v2\/product_brand?post=2176"},{"taxonomy":"product_cat","embeddable":true,"href":"https:\/\/spaakcesoria.pl\/index.php\/wp-json\/wp\/v2\/product_cat?post=2176"},{"taxonomy":"product_tag","embeddable":true,"href":"https:\/\/spaakcesoria.pl\/index.php\/wp-json\/wp\/v2\/product_tag?post=2176"}],"curies":[{"name":"wp","href":"https:\/\/api.w.org\/{rel}","templated":true}]}}