{"id":2205,"date":"2022-10-30T20:11:17","date_gmt":"2022-10-30T19:11:17","guid":{"rendered":"https:\/\/spaakcesoria.pl\/?post_type=product&#038;p=2205"},"modified":"2026-02-03T20:09:46","modified_gmt":"2026-02-03T19:09:46","slug":"maska-algowa-leim-na-bazie-kawioru-do-cery-suchej-i-dojrzalej","status":"publish","type":"product","link":"https:\/\/spaakcesoria.pl\/index.php\/produkt\/maska-algowa-leim-na-bazie-kawioru-do-cery-suchej-i-dojrzalej\/","title":{"rendered":"Maska algowa LEIM ALGA CAVIAR LUXURE (b\u0142\u0119kitna) z kawiorem 300g\/900ml"},"content":{"rendered":"<h1 class=\"p1\">Maska algowa LEIM ALGA CAVIAR LUXURE (b\u0142\u0119kitna) z kawiorem 300g\/900ml<\/h1>\n<p>&nbsp;<\/p>\n<p>Opakowanie: 300 gram (ok.800-1000 ml)<\/p>\n<h4 class=\"def\"><span class=\"def\">Maska na bazie kawioru stymuluje proces odnowy kom\u00f3rkowej i intensywnie nawil\u017ca sk\u00f3r\u0119.<\/span><\/h4>\n<h4 class=\"def\"><span class=\"def\">Szczeg\u00f3lnie polecana dla sk\u00f3ry suchej i dojrza\u0142ej.<\/span><\/h4>\n<h4><strong>Spos\u00f3b u\u017cycia;<\/strong><br \/>\nOko\u0142o 10-30 gram pudru po\u0142\u0105czy\u0107 z zimn\u0105 wod\u0105, wymiesza\u0107 energicznie do uzyskania konsystencji g\u0119stej \u015bmietany.<\/h4>\n<h4>Nast\u0119pnie na\u0142o\u017cy\u0107 szpatu\u0142k\u0105 na sk\u00f3r\u0119 twarzy i szyi. Pozostawi\u0107 na 15-20 min.<\/h4>\n<h4><strong>Procedura zabiegowa:<\/strong><br \/>\n1. Po dok\u0142adnym umyciu i wysuszeniu sk\u00f3ry na\u0142o\u017cy\u0107 cienk\u0105 warstw\u0119 maski EXPRES LIFT na twarz, szyj\u0119 i dekolt.<br \/>\n2. Zmy\u0107 po 30-40 minutach du\u017c\u0105 ilo\u015bci\u0105 wody oraz mleczkiem.<br \/>\n3. Wmasowa\u0107 serum.<br \/>\n4. Przygotowa\u0107 mask\u0119 algow\u0105 mieszaj\u0105c proszek z wod\u0105 i na\u0142o\u017cy\u0107 na twarz.<br \/>\n5. Mask\u0119 usun\u0105\u0107 po oko\u0142o 25 minutach.<br \/>\n6. Mo\u017cna wykona\u0107 makija\u017c<\/h4>\n<h4><strong>Rodzaje masek kremowych EXPRES LIFT (dost\u0119pne na stronie):<\/strong><br \/>\n&#8211; Shock Vitamin (modelowanie owalu + od\u017cywianie)<br \/>\n&#8211; Gold (modelowanie owalu + odm\u0142adzanie)<br \/>\n&#8211; Mix (modelowanie owalu + zw\u0119\u017canie por\u00f3w)<br \/>\n&#8211; Regenerante (modelowanie owalu + regeneracja)<br \/>\n&#8211; Rosa de Lux (modelowanie owalu + wyg\u0142adzanie)<br \/>\n&#8211; Super-Hydro (modelowanie owalu + nawil\u017canie)<br \/>\n&#8211; Bankietowa b\u0142yskawicznie liftinguj\u0105ca<\/h4>\n<h4>Opakowanie: 300 g\/900 ml<\/h4>\n","protected":false},"excerpt":{"rendered":"<h4>Maska na bazie kawioru stymuluje proces odnowy kom\u00f3rkowej i intensywnie nawil\u017ca sk\u00f3r\u0119.<\/h4>\n","protected":false},"featured_media":2206,"template":"","meta":{"_monsterinsights_skip_tracking":false,"_monsterinsights_sitenote_active":false,"_monsterinsights_sitenote_note":"","_monsterinsights_sitenote_category":0},"product_brand":[],"product_cat":[25,22,48],"product_tag":[338,339,335,336,170,337,334],"class_list":{"0":"post-2205","1":"product","2":"type-product","3":"status-publish","4":"has-post-thumbnail","6":"product_cat-sunew-linie-maski-algowe","7":"product_cat-kosmetyki","8":"product_cat-maski-platy-kolagenowe","9":"product_tag-botox-like","10":"product_tag-cavior","11":"product_tag-gumowa-maska-algowa","12":"product_tag-kremowa-maska-algowa","13":"product_tag-maska-algowa","14":"product_tag-maska-do-cery-dojrzalej","15":"product_tag-maska-express-lift","17":"first","18":"outofstock","19":"taxable","20":"shipping-taxable","21":"purchasable","22":"product-type-simple"},"yoast_head":"<!-- This site is optimized with the Yoast SEO plugin v27.5 - https:\/\/yoast.com\/product\/yoast-seo-wordpress\/ -->\n<title>Maska algowa LEIM ALGA CAVIAR LUXURE (b\u0142\u0119kitna) z kawiorem 300g\/900ml -<\/title>\n<meta name=\"description\" content=\"Maska na bazie kawioru stymuluje proces odnowy kom\u00f3rkowej i intensywnie nawil\u017ca sk\u00f3r\u0119.Szczeg\u00f3lnie polecana dla sk\u00f3ry suchej i dojrza\u0142ej.\" \/>\n<meta name=\"robots\" content=\"index, follow, max-snippet:-1, max-image-preview:large, max-video-preview:-1\" \/>\n<link rel=\"canonical\" href=\"https:\/\/spaakcesoria.pl\/index.php\/produkt\/maska-algowa-leim-na-bazie-kawioru-do-cery-suchej-i-dojrzalej\/\" \/>\n<meta property=\"og:locale\" content=\"pl_PL\" \/>\n<meta property=\"og:type\" content=\"article\" \/>\n<meta property=\"og:title\" content=\"Maska algowa LEIM ALGA CAVIAR LUXURE (b\u0142\u0119kitna) z kawiorem 300g\/900ml -\" \/>\n<meta property=\"og:description\" content=\"Maska na bazie kawioru stymuluje proces odnowy kom\u00f3rkowej i intensywnie nawil\u017ca sk\u00f3r\u0119.Szczeg\u00f3lnie polecana dla sk\u00f3ry suchej i dojrza\u0142ej.\" \/>\n<meta property=\"og:url\" content=\"https:\/\/spaakcesoria.pl\/index.php\/produkt\/maska-algowa-leim-na-bazie-kawioru-do-cery-suchej-i-dojrzalej\/\" \/>\n<meta property=\"article:modified_time\" content=\"2026-02-03T19:09:46+00:00\" \/>\n<meta property=\"og:image\" content=\"https:\/\/spaakcesoria.pl\/wp-content\/uploads\/2022\/10\/cavior-removebg-preview.png\" \/>\n\t<meta property=\"og:image:width\" content=\"399\" \/>\n\t<meta property=\"og:image:height\" content=\"625\" \/>\n\t<meta property=\"og:image:type\" content=\"image\/png\" \/>\n<meta name=\"twitter:card\" content=\"summary_large_image\" \/>\n<meta name=\"twitter:label1\" content=\"Szacowany czas czytania\" \/>\n\t<meta name=\"twitter:data1\" content=\"2 minuty\" \/>\n<script type=\"application\/ld+json\" class=\"yoast-schema-graph\">{\"@context\":\"https:\\\/\\\/schema.org\",\"@graph\":[{\"@type\":\"WebPage\",\"@id\":\"https:\\\/\\\/spaakcesoria.pl\\\/index.php\\\/produkt\\\/maska-algowa-leim-na-bazie-kawioru-do-cery-suchej-i-dojrzalej\\\/\",\"url\":\"https:\\\/\\\/spaakcesoria.pl\\\/index.php\\\/produkt\\\/maska-algowa-leim-na-bazie-kawioru-do-cery-suchej-i-dojrzalej\\\/\",\"name\":\"Maska algowa LEIM ALGA CAVIAR LUXURE (b\u0142\u0119kitna) z kawiorem 300g\\\/900ml -\",\"isPartOf\":{\"@id\":\"https:\\\/\\\/spaakcesoria.pl\\\/#website\"},\"primaryImageOfPage\":{\"@id\":\"https:\\\/\\\/spaakcesoria.pl\\\/index.php\\\/produkt\\\/maska-algowa-leim-na-bazie-kawioru-do-cery-suchej-i-dojrzalej\\\/#primaryimage\"},\"image\":{\"@id\":\"https:\\\/\\\/spaakcesoria.pl\\\/index.php\\\/produkt\\\/maska-algowa-leim-na-bazie-kawioru-do-cery-suchej-i-dojrzalej\\\/#primaryimage\"},\"thumbnailUrl\":\"https:\\\/\\\/spaakcesoria.pl\\\/wp-content\\\/uploads\\\/2022\\\/10\\\/cavior-removebg-preview.png\",\"datePublished\":\"2022-10-30T19:11:17+00:00\",\"dateModified\":\"2026-02-03T19:09:46+00:00\",\"description\":\"Maska na bazie kawioru stymuluje proces odnowy kom\u00f3rkowej i intensywnie nawil\u017ca sk\u00f3r\u0119.Szczeg\u00f3lnie polecana dla sk\u00f3ry suchej i dojrza\u0142ej.\",\"breadcrumb\":{\"@id\":\"https:\\\/\\\/spaakcesoria.pl\\\/index.php\\\/produkt\\\/maska-algowa-leim-na-bazie-kawioru-do-cery-suchej-i-dojrzalej\\\/#breadcrumb\"},\"inLanguage\":\"pl-PL\",\"potentialAction\":[{\"@type\":\"ReadAction\",\"target\":[\"https:\\\/\\\/spaakcesoria.pl\\\/index.php\\\/produkt\\\/maska-algowa-leim-na-bazie-kawioru-do-cery-suchej-i-dojrzalej\\\/\"]}]},{\"@type\":\"ImageObject\",\"inLanguage\":\"pl-PL\",\"@id\":\"https:\\\/\\\/spaakcesoria.pl\\\/index.php\\\/produkt\\\/maska-algowa-leim-na-bazie-kawioru-do-cery-suchej-i-dojrzalej\\\/#primaryimage\",\"url\":\"https:\\\/\\\/spaakcesoria.pl\\\/wp-content\\\/uploads\\\/2022\\\/10\\\/cavior-removebg-preview.png\",\"contentUrl\":\"https:\\\/\\\/spaakcesoria.pl\\\/wp-content\\\/uploads\\\/2022\\\/10\\\/cavior-removebg-preview.png\",\"width\":399,\"height\":625},{\"@type\":\"BreadcrumbList\",\"@id\":\"https:\\\/\\\/spaakcesoria.pl\\\/index.php\\\/produkt\\\/maska-algowa-leim-na-bazie-kawioru-do-cery-suchej-i-dojrzalej\\\/#breadcrumb\",\"itemListElement\":[{\"@type\":\"ListItem\",\"position\":1,\"name\":\"Strona g\u0142\u00f3wna\",\"item\":\"https:\\\/\\\/spaakcesoria.pl\\\/\"},{\"@type\":\"ListItem\",\"position\":2,\"name\":\"Sklep\",\"item\":\"https:\\\/\\\/spaakcesoria.pl\\\/index.php\\\/sklep\\\/\"},{\"@type\":\"ListItem\",\"position\":3,\"name\":\"Maska algowa LEIM ALGA CAVIAR LUXURE (b\u0142\u0119kitna) z kawiorem 300g\\\/900ml\"}]},{\"@type\":\"WebSite\",\"@id\":\"https:\\\/\\\/spaakcesoria.pl\\\/#website\",\"url\":\"https:\\\/\\\/spaakcesoria.pl\\\/\",\"name\":\"\",\"description\":\"\",\"potentialAction\":[{\"@type\":\"SearchAction\",\"target\":{\"@type\":\"EntryPoint\",\"urlTemplate\":\"https:\\\/\\\/spaakcesoria.pl\\\/?s={search_term_string}\"},\"query-input\":{\"@type\":\"PropertyValueSpecification\",\"valueRequired\":true,\"valueName\":\"search_term_string\"}}],\"inLanguage\":\"pl-PL\"}]}<\/script>\n<!-- \/ Yoast SEO plugin. -->","yoast_head_json":{"title":"Maska algowa LEIM ALGA CAVIAR LUXURE (b\u0142\u0119kitna) z kawiorem 300g\/900ml -","description":"Maska na bazie kawioru stymuluje proces odnowy kom\u00f3rkowej i intensywnie nawil\u017ca sk\u00f3r\u0119.Szczeg\u00f3lnie polecana dla sk\u00f3ry suchej i dojrza\u0142ej.","robots":{"index":"index","follow":"follow","max-snippet":"max-snippet:-1","max-image-preview":"max-image-preview:large","max-video-preview":"max-video-preview:-1"},"canonical":"https:\/\/spaakcesoria.pl\/index.php\/produkt\/maska-algowa-leim-na-bazie-kawioru-do-cery-suchej-i-dojrzalej\/","og_locale":"pl_PL","og_type":"article","og_title":"Maska algowa LEIM ALGA CAVIAR LUXURE (b\u0142\u0119kitna) z kawiorem 300g\/900ml -","og_description":"Maska na bazie kawioru stymuluje proces odnowy kom\u00f3rkowej i intensywnie nawil\u017ca sk\u00f3r\u0119.Szczeg\u00f3lnie polecana dla sk\u00f3ry suchej i dojrza\u0142ej.","og_url":"https:\/\/spaakcesoria.pl\/index.php\/produkt\/maska-algowa-leim-na-bazie-kawioru-do-cery-suchej-i-dojrzalej\/","article_modified_time":"2026-02-03T19:09:46+00:00","og_image":[{"width":399,"height":625,"url":"https:\/\/spaakcesoria.pl\/wp-content\/uploads\/2022\/10\/cavior-removebg-preview.png","type":"image\/png"}],"twitter_card":"summary_large_image","twitter_misc":{"Szacowany czas czytania":"2 minuty"},"schema":{"@context":"https:\/\/schema.org","@graph":[{"@type":"WebPage","@id":"https:\/\/spaakcesoria.pl\/index.php\/produkt\/maska-algowa-leim-na-bazie-kawioru-do-cery-suchej-i-dojrzalej\/","url":"https:\/\/spaakcesoria.pl\/index.php\/produkt\/maska-algowa-leim-na-bazie-kawioru-do-cery-suchej-i-dojrzalej\/","name":"Maska algowa LEIM ALGA CAVIAR LUXURE (b\u0142\u0119kitna) z kawiorem 300g\/900ml -","isPartOf":{"@id":"https:\/\/spaakcesoria.pl\/#website"},"primaryImageOfPage":{"@id":"https:\/\/spaakcesoria.pl\/index.php\/produkt\/maska-algowa-leim-na-bazie-kawioru-do-cery-suchej-i-dojrzalej\/#primaryimage"},"image":{"@id":"https:\/\/spaakcesoria.pl\/index.php\/produkt\/maska-algowa-leim-na-bazie-kawioru-do-cery-suchej-i-dojrzalej\/#primaryimage"},"thumbnailUrl":"https:\/\/spaakcesoria.pl\/wp-content\/uploads\/2022\/10\/cavior-removebg-preview.png","datePublished":"2022-10-30T19:11:17+00:00","dateModified":"2026-02-03T19:09:46+00:00","description":"Maska na bazie kawioru stymuluje proces odnowy kom\u00f3rkowej i intensywnie nawil\u017ca sk\u00f3r\u0119.Szczeg\u00f3lnie polecana dla sk\u00f3ry suchej i dojrza\u0142ej.","breadcrumb":{"@id":"https:\/\/spaakcesoria.pl\/index.php\/produkt\/maska-algowa-leim-na-bazie-kawioru-do-cery-suchej-i-dojrzalej\/#breadcrumb"},"inLanguage":"pl-PL","potentialAction":[{"@type":"ReadAction","target":["https:\/\/spaakcesoria.pl\/index.php\/produkt\/maska-algowa-leim-na-bazie-kawioru-do-cery-suchej-i-dojrzalej\/"]}]},{"@type":"ImageObject","inLanguage":"pl-PL","@id":"https:\/\/spaakcesoria.pl\/index.php\/produkt\/maska-algowa-leim-na-bazie-kawioru-do-cery-suchej-i-dojrzalej\/#primaryimage","url":"https:\/\/spaakcesoria.pl\/wp-content\/uploads\/2022\/10\/cavior-removebg-preview.png","contentUrl":"https:\/\/spaakcesoria.pl\/wp-content\/uploads\/2022\/10\/cavior-removebg-preview.png","width":399,"height":625},{"@type":"BreadcrumbList","@id":"https:\/\/spaakcesoria.pl\/index.php\/produkt\/maska-algowa-leim-na-bazie-kawioru-do-cery-suchej-i-dojrzalej\/#breadcrumb","itemListElement":[{"@type":"ListItem","position":1,"name":"Strona g\u0142\u00f3wna","item":"https:\/\/spaakcesoria.pl\/"},{"@type":"ListItem","position":2,"name":"Sklep","item":"https:\/\/spaakcesoria.pl\/index.php\/sklep\/"},{"@type":"ListItem","position":3,"name":"Maska algowa LEIM ALGA CAVIAR LUXURE (b\u0142\u0119kitna) z kawiorem 300g\/900ml"}]},{"@type":"WebSite","@id":"https:\/\/spaakcesoria.pl\/#website","url":"https:\/\/spaakcesoria.pl\/","name":"","description":"","potentialAction":[{"@type":"SearchAction","target":{"@type":"EntryPoint","urlTemplate":"https:\/\/spaakcesoria.pl\/?s={search_term_string}"},"query-input":{"@type":"PropertyValueSpecification","valueRequired":true,"valueName":"search_term_string"}}],"inLanguage":"pl-PL"}]}},"_links":{"self":[{"href":"https:\/\/spaakcesoria.pl\/index.php\/wp-json\/wp\/v2\/product\/2205","targetHints":{"allow":["GET"]}}],"collection":[{"href":"https:\/\/spaakcesoria.pl\/index.php\/wp-json\/wp\/v2\/product"}],"about":[{"href":"https:\/\/spaakcesoria.pl\/index.php\/wp-json\/wp\/v2\/types\/product"}],"version-history":[{"count":1,"href":"https:\/\/spaakcesoria.pl\/index.php\/wp-json\/wp\/v2\/product\/2205\/revisions"}],"predecessor-version":[{"id":2207,"href":"https:\/\/spaakcesoria.pl\/index.php\/wp-json\/wp\/v2\/product\/2205\/revisions\/2207"}],"wp:featuredmedia":[{"embeddable":true,"href":"https:\/\/spaakcesoria.pl\/index.php\/wp-json\/wp\/v2\/media\/2206"}],"wp:attachment":[{"href":"https:\/\/spaakcesoria.pl\/index.php\/wp-json\/wp\/v2\/media?parent=2205"}],"wp:term":[{"taxonomy":"product_brand","embeddable":true,"href":"https:\/\/spaakcesoria.pl\/index.php\/wp-json\/wp\/v2\/product_brand?post=2205"},{"taxonomy":"product_cat","embeddable":true,"href":"https:\/\/spaakcesoria.pl\/index.php\/wp-json\/wp\/v2\/product_cat?post=2205"},{"taxonomy":"product_tag","embeddable":true,"href":"https:\/\/spaakcesoria.pl\/index.php\/wp-json\/wp\/v2\/product_tag?post=2205"}],"curies":[{"name":"wp","href":"https:\/\/api.w.org\/{rel}","templated":true}]}}