{"id":2215,"date":"2022-10-30T20:51:55","date_gmt":"2022-10-30T19:51:55","guid":{"rendered":"https:\/\/spaakcesoria.pl\/?post_type=product&#038;p=2215"},"modified":"2026-02-03T20:10:31","modified_gmt":"2026-02-03T19:10:31","slug":"maska-algowa-leim-alga-luxure-beauty-rose-dotleniajaca-i-odzywcza-maska-rozana-300g-900ml","status":"publish","type":"product","link":"https:\/\/spaakcesoria.pl\/index.php\/produkt\/maska-algowa-leim-alga-luxure-beauty-rose-dotleniajaca-i-odzywcza-maska-rozana-300g-900ml\/","title":{"rendered":"Maska algowa Leim ALGA LUXURE BEAUTY ROSE dotleniaj\u0105ca i od\u017cywcza maska r\u00f3\u017cana 300g\/900ml"},"content":{"rendered":"<h1 class=\"p1\">Maska algowa Leim ALGA LUXURE BEAUTY ROSE dotleniaj\u0105ca i od\u017cywcza maska r\u00f3\u017cana 300g\/900ml<\/h1>\n<h4>Opakowanie: 300 gram (ok.800-1000 ml)<\/h4>\n<h4>To luksusowa maska algowa, kt\u00f3ra dzi\u0119ki zawartym glikoproteinom wykazuje silne dzia\u0142anie dotleniaj\u0105ce na poziomie kom\u00f3rkowym. Koi sk\u00f3r\u0119 wra\u017cliw\u0105, nawil\u017ca i poprawia wygl\u0105d sk\u00f3ry t\u0142ustej. Dzia\u0142a r\u00f3wnie\u017c antybakteryjnie i antyseptycznie.<\/h4>\n<h4><strong>Spos\u00f3b u\u017cycia:<\/strong><br \/>\nMaseczk\u0119 nale\u017cy po\u0142\u0105czy\u0107 (1 \u0142y\u017cka pudru) z niewielk\u0105 ilo\u015bci\u0105 zimnej wody, szybko wymiesza\u0107 i na\u0142o\u017cy\u0107 na sk\u00f3r\u0119.<\/h4>\n<h4><strong>Procedura zabiegowa:<\/strong><br \/>\n1. Po dok\u0142adnym umyciu i wysuszeniu sk\u00f3ry na\u0142o\u017cy\u0107 cienk\u0105 warstw\u0119 maski EXPRES LIFT na twarz, szyj\u0119 i dekolt.<br \/>\n2. Zmy\u0107 po 30-40 minutach du\u017c\u0105 ilo\u015bci\u0105 wody oraz mleczkiem.<br \/>\n3. Wmasowa\u0107 serum.<br \/>\n4. Przygotowa\u0107 mask\u0119 algow\u0105 mieszaj\u0105c proszek z wod\u0105 i na\u0142o\u017cy\u0107 na twarz.<br \/>\n5. Mask\u0119 usun\u0105\u0107 po oko\u0142o 25 minutach.<br \/>\n6. Mo\u017cna wykona\u0107 makija\u017c<\/h4>\n<h4><strong>Rodzaje masek kremowych EXPRES LIFT (dost\u0119pne na stronie):<\/strong><br \/>\n&#8211; Shock Vitamin (modelowanie owalu + od\u017cywianie)<br \/>\n&#8211; Gold (modelowanie owalu + odm\u0142adzanie)<br \/>\n&#8211; Mix (modelowanie owalu + zw\u0119\u017canie por\u00f3w)<br \/>\n&#8211; Regenerante (modelowanie owalu + regeneracja)<br \/>\n&#8211; Rosa de Lux (modelowanie owalu + wyg\u0142adzanie)<br \/>\n&#8211; Super-Hydro (modelowanie owalu + nawil\u017canie)<br \/>\n&#8211; Bankietowa b\u0142yskawicznie liftinguj\u0105ca<\/h4>\n<h4>Opakowanie: 300 g\/900 ml<\/h4>\n","protected":false},"excerpt":{"rendered":"<p>To luksusowa maska algowa, kt\u00f3ra dzi\u0119ki zawartym glikoproteinom wykazuje silne dzia\u0142anie dotleniaj\u0105ce na poziomie kom\u00f3rkowym. Koi sk\u00f3r\u0119 wra\u017cliw\u0105, nawil\u017ca i poprawia wygl\u0105d sk\u00f3ry t\u0142ustej. Dzia\u0142a r\u00f3wnie\u017c antybakteryjnie i antyseptycznie.<\/p>\n","protected":false},"featured_media":2216,"template":"","meta":{"_monsterinsights_skip_tracking":false,"_monsterinsights_sitenote_active":false,"_monsterinsights_sitenote_note":"","_monsterinsights_sitenote_category":0},"product_brand":[],"product_cat":[25,22,48],"product_tag":[338,339,340,335,336,341,170,337,334,342],"class_list":{"0":"post-2215","1":"product","2":"type-product","3":"status-publish","4":"has-post-thumbnail","6":"product_cat-sunew-linie-maski-algowe","7":"product_cat-kosmetyki","8":"product_cat-maski-platy-kolagenowe","9":"product_tag-botox-like","10":"product_tag-cavior","11":"product_tag-gold-alga","12":"product_tag-gumowa-maska-algowa","13":"product_tag-kremowa-maska-algowa","14":"product_tag-kwas-hialuronowy","15":"product_tag-maska-algowa","16":"product_tag-maska-do-cery-dojrzalej","17":"product_tag-maska-express-lift","18":"product_tag-roza","20":"first","21":"outofstock","22":"taxable","23":"shipping-taxable","24":"purchasable","25":"product-type-simple"},"yoast_head":"<!-- This site is optimized with the Yoast SEO plugin v27.6 - https:\/\/yoast.com\/product\/yoast-seo-wordpress\/ -->\n<title>Maska algowa Leim ALGA LUXURE BEAUTY ROSE dotleniaj\u0105ca i od\u017cywcza maska r\u00f3\u017cana 300g\/900ml -<\/title>\n<meta name=\"description\" content=\"Maska algowa Leim ALGA LUXURE BEAUTY ROSE dotleniaj\u0105ca i od\u017cywcza maska r\u00f3\u017cana 300g\/900ml. To luksusowa maska algowa, kt\u00f3ra dzi\u0119ki zawartym glikoproteinom wykazuje silne dzia\u0142anie dotleniaj\u0105ce na poziomie kom\u00f3rkowym.\" \/>\n<meta name=\"robots\" content=\"index, follow, max-snippet:-1, max-image-preview:large, max-video-preview:-1\" \/>\n<link rel=\"canonical\" href=\"https:\/\/spaakcesoria.pl\/index.php\/produkt\/maska-algowa-leim-alga-luxure-beauty-rose-dotleniajaca-i-odzywcza-maska-rozana-300g-900ml\/\" \/>\n<meta property=\"og:locale\" content=\"pl_PL\" \/>\n<meta property=\"og:type\" content=\"article\" \/>\n<meta property=\"og:title\" content=\"Maska algowa Leim ALGA LUXURE BEAUTY ROSE dotleniaj\u0105ca i od\u017cywcza maska r\u00f3\u017cana 300g\/900ml -\" \/>\n<meta property=\"og:description\" content=\"Maska algowa Leim ALGA LUXURE BEAUTY ROSE dotleniaj\u0105ca i od\u017cywcza maska r\u00f3\u017cana 300g\/900ml. To luksusowa maska algowa, kt\u00f3ra dzi\u0119ki zawartym glikoproteinom wykazuje silne dzia\u0142anie dotleniaj\u0105ce na poziomie kom\u00f3rkowym.\" \/>\n<meta property=\"og:url\" content=\"https:\/\/spaakcesoria.pl\/index.php\/produkt\/maska-algowa-leim-alga-luxure-beauty-rose-dotleniajaca-i-odzywcza-maska-rozana-300g-900ml\/\" \/>\n<meta property=\"article:modified_time\" content=\"2026-02-03T19:10:31+00:00\" \/>\n<meta property=\"og:image\" content=\"https:\/\/spaakcesoria.pl\/wp-content\/uploads\/2022\/10\/roza1-removebg-preview.png\" \/>\n\t<meta property=\"og:image:width\" content=\"321\" \/>\n\t<meta property=\"og:image:height\" content=\"429\" \/>\n\t<meta property=\"og:image:type\" content=\"image\/png\" \/>\n<meta name=\"twitter:card\" content=\"summary_large_image\" \/>\n<meta name=\"twitter:label1\" content=\"Szacowany czas czytania\" \/>\n\t<meta name=\"twitter:data1\" content=\"2 minuty\" \/>\n<script type=\"application\/ld+json\" class=\"yoast-schema-graph\">{\"@context\":\"https:\\\/\\\/schema.org\",\"@graph\":[{\"@type\":\"WebPage\",\"@id\":\"https:\\\/\\\/spaakcesoria.pl\\\/index.php\\\/produkt\\\/maska-algowa-leim-alga-luxure-beauty-rose-dotleniajaca-i-odzywcza-maska-rozana-300g-900ml\\\/\",\"url\":\"https:\\\/\\\/spaakcesoria.pl\\\/index.php\\\/produkt\\\/maska-algowa-leim-alga-luxure-beauty-rose-dotleniajaca-i-odzywcza-maska-rozana-300g-900ml\\\/\",\"name\":\"Maska algowa Leim ALGA LUXURE BEAUTY ROSE dotleniaj\u0105ca i od\u017cywcza maska r\u00f3\u017cana 300g\\\/900ml -\",\"isPartOf\":{\"@id\":\"https:\\\/\\\/spaakcesoria.pl\\\/#website\"},\"primaryImageOfPage\":{\"@id\":\"https:\\\/\\\/spaakcesoria.pl\\\/index.php\\\/produkt\\\/maska-algowa-leim-alga-luxure-beauty-rose-dotleniajaca-i-odzywcza-maska-rozana-300g-900ml\\\/#primaryimage\"},\"image\":{\"@id\":\"https:\\\/\\\/spaakcesoria.pl\\\/index.php\\\/produkt\\\/maska-algowa-leim-alga-luxure-beauty-rose-dotleniajaca-i-odzywcza-maska-rozana-300g-900ml\\\/#primaryimage\"},\"thumbnailUrl\":\"https:\\\/\\\/spaakcesoria.pl\\\/wp-content\\\/uploads\\\/2022\\\/10\\\/roza1-removebg-preview.png\",\"datePublished\":\"2022-10-30T19:51:55+00:00\",\"dateModified\":\"2026-02-03T19:10:31+00:00\",\"description\":\"Maska algowa Leim ALGA LUXURE BEAUTY ROSE dotleniaj\u0105ca i od\u017cywcza maska r\u00f3\u017cana 300g\\\/900ml. To luksusowa maska algowa, kt\u00f3ra dzi\u0119ki zawartym glikoproteinom wykazuje silne dzia\u0142anie dotleniaj\u0105ce na poziomie kom\u00f3rkowym.\",\"breadcrumb\":{\"@id\":\"https:\\\/\\\/spaakcesoria.pl\\\/index.php\\\/produkt\\\/maska-algowa-leim-alga-luxure-beauty-rose-dotleniajaca-i-odzywcza-maska-rozana-300g-900ml\\\/#breadcrumb\"},\"inLanguage\":\"pl-PL\",\"potentialAction\":[{\"@type\":\"ReadAction\",\"target\":[\"https:\\\/\\\/spaakcesoria.pl\\\/index.php\\\/produkt\\\/maska-algowa-leim-alga-luxure-beauty-rose-dotleniajaca-i-odzywcza-maska-rozana-300g-900ml\\\/\"]}]},{\"@type\":\"ImageObject\",\"inLanguage\":\"pl-PL\",\"@id\":\"https:\\\/\\\/spaakcesoria.pl\\\/index.php\\\/produkt\\\/maska-algowa-leim-alga-luxure-beauty-rose-dotleniajaca-i-odzywcza-maska-rozana-300g-900ml\\\/#primaryimage\",\"url\":\"https:\\\/\\\/spaakcesoria.pl\\\/wp-content\\\/uploads\\\/2022\\\/10\\\/roza1-removebg-preview.png\",\"contentUrl\":\"https:\\\/\\\/spaakcesoria.pl\\\/wp-content\\\/uploads\\\/2022\\\/10\\\/roza1-removebg-preview.png\",\"width\":321,\"height\":429},{\"@type\":\"BreadcrumbList\",\"@id\":\"https:\\\/\\\/spaakcesoria.pl\\\/index.php\\\/produkt\\\/maska-algowa-leim-alga-luxure-beauty-rose-dotleniajaca-i-odzywcza-maska-rozana-300g-900ml\\\/#breadcrumb\",\"itemListElement\":[{\"@type\":\"ListItem\",\"position\":1,\"name\":\"Strona g\u0142\u00f3wna\",\"item\":\"https:\\\/\\\/spaakcesoria.pl\\\/\"},{\"@type\":\"ListItem\",\"position\":2,\"name\":\"Sklep\",\"item\":\"https:\\\/\\\/spaakcesoria.pl\\\/index.php\\\/sklep\\\/\"},{\"@type\":\"ListItem\",\"position\":3,\"name\":\"Maska algowa Leim ALGA LUXURE BEAUTY ROSE dotleniaj\u0105ca i od\u017cywcza maska r\u00f3\u017cana 300g\\\/900ml\"}]},{\"@type\":\"WebSite\",\"@id\":\"https:\\\/\\\/spaakcesoria.pl\\\/#website\",\"url\":\"https:\\\/\\\/spaakcesoria.pl\\\/\",\"name\":\"\",\"description\":\"\",\"potentialAction\":[{\"@type\":\"SearchAction\",\"target\":{\"@type\":\"EntryPoint\",\"urlTemplate\":\"https:\\\/\\\/spaakcesoria.pl\\\/?s={search_term_string}\"},\"query-input\":{\"@type\":\"PropertyValueSpecification\",\"valueRequired\":true,\"valueName\":\"search_term_string\"}}],\"inLanguage\":\"pl-PL\"}]}<\/script>\n<!-- \/ Yoast SEO plugin. -->","yoast_head_json":{"title":"Maska algowa Leim ALGA LUXURE BEAUTY ROSE dotleniaj\u0105ca i od\u017cywcza maska r\u00f3\u017cana 300g\/900ml -","description":"Maska algowa Leim ALGA LUXURE BEAUTY ROSE dotleniaj\u0105ca i od\u017cywcza maska r\u00f3\u017cana 300g\/900ml. To luksusowa maska algowa, kt\u00f3ra dzi\u0119ki zawartym glikoproteinom wykazuje silne dzia\u0142anie dotleniaj\u0105ce na poziomie kom\u00f3rkowym.","robots":{"index":"index","follow":"follow","max-snippet":"max-snippet:-1","max-image-preview":"max-image-preview:large","max-video-preview":"max-video-preview:-1"},"canonical":"https:\/\/spaakcesoria.pl\/index.php\/produkt\/maska-algowa-leim-alga-luxure-beauty-rose-dotleniajaca-i-odzywcza-maska-rozana-300g-900ml\/","og_locale":"pl_PL","og_type":"article","og_title":"Maska algowa Leim ALGA LUXURE BEAUTY ROSE dotleniaj\u0105ca i od\u017cywcza maska r\u00f3\u017cana 300g\/900ml -","og_description":"Maska algowa Leim ALGA LUXURE BEAUTY ROSE dotleniaj\u0105ca i od\u017cywcza maska r\u00f3\u017cana 300g\/900ml. To luksusowa maska algowa, kt\u00f3ra dzi\u0119ki zawartym glikoproteinom wykazuje silne dzia\u0142anie dotleniaj\u0105ce na poziomie kom\u00f3rkowym.","og_url":"https:\/\/spaakcesoria.pl\/index.php\/produkt\/maska-algowa-leim-alga-luxure-beauty-rose-dotleniajaca-i-odzywcza-maska-rozana-300g-900ml\/","article_modified_time":"2026-02-03T19:10:31+00:00","og_image":[{"width":321,"height":429,"url":"https:\/\/spaakcesoria.pl\/wp-content\/uploads\/2022\/10\/roza1-removebg-preview.png","type":"image\/png"}],"twitter_card":"summary_large_image","twitter_misc":{"Szacowany czas czytania":"2 minuty"},"schema":{"@context":"https:\/\/schema.org","@graph":[{"@type":"WebPage","@id":"https:\/\/spaakcesoria.pl\/index.php\/produkt\/maska-algowa-leim-alga-luxure-beauty-rose-dotleniajaca-i-odzywcza-maska-rozana-300g-900ml\/","url":"https:\/\/spaakcesoria.pl\/index.php\/produkt\/maska-algowa-leim-alga-luxure-beauty-rose-dotleniajaca-i-odzywcza-maska-rozana-300g-900ml\/","name":"Maska algowa Leim ALGA LUXURE BEAUTY ROSE dotleniaj\u0105ca i od\u017cywcza maska r\u00f3\u017cana 300g\/900ml -","isPartOf":{"@id":"https:\/\/spaakcesoria.pl\/#website"},"primaryImageOfPage":{"@id":"https:\/\/spaakcesoria.pl\/index.php\/produkt\/maska-algowa-leim-alga-luxure-beauty-rose-dotleniajaca-i-odzywcza-maska-rozana-300g-900ml\/#primaryimage"},"image":{"@id":"https:\/\/spaakcesoria.pl\/index.php\/produkt\/maska-algowa-leim-alga-luxure-beauty-rose-dotleniajaca-i-odzywcza-maska-rozana-300g-900ml\/#primaryimage"},"thumbnailUrl":"https:\/\/spaakcesoria.pl\/wp-content\/uploads\/2022\/10\/roza1-removebg-preview.png","datePublished":"2022-10-30T19:51:55+00:00","dateModified":"2026-02-03T19:10:31+00:00","description":"Maska algowa Leim ALGA LUXURE BEAUTY ROSE dotleniaj\u0105ca i od\u017cywcza maska r\u00f3\u017cana 300g\/900ml. To luksusowa maska algowa, kt\u00f3ra dzi\u0119ki zawartym glikoproteinom wykazuje silne dzia\u0142anie dotleniaj\u0105ce na poziomie kom\u00f3rkowym.","breadcrumb":{"@id":"https:\/\/spaakcesoria.pl\/index.php\/produkt\/maska-algowa-leim-alga-luxure-beauty-rose-dotleniajaca-i-odzywcza-maska-rozana-300g-900ml\/#breadcrumb"},"inLanguage":"pl-PL","potentialAction":[{"@type":"ReadAction","target":["https:\/\/spaakcesoria.pl\/index.php\/produkt\/maska-algowa-leim-alga-luxure-beauty-rose-dotleniajaca-i-odzywcza-maska-rozana-300g-900ml\/"]}]},{"@type":"ImageObject","inLanguage":"pl-PL","@id":"https:\/\/spaakcesoria.pl\/index.php\/produkt\/maska-algowa-leim-alga-luxure-beauty-rose-dotleniajaca-i-odzywcza-maska-rozana-300g-900ml\/#primaryimage","url":"https:\/\/spaakcesoria.pl\/wp-content\/uploads\/2022\/10\/roza1-removebg-preview.png","contentUrl":"https:\/\/spaakcesoria.pl\/wp-content\/uploads\/2022\/10\/roza1-removebg-preview.png","width":321,"height":429},{"@type":"BreadcrumbList","@id":"https:\/\/spaakcesoria.pl\/index.php\/produkt\/maska-algowa-leim-alga-luxure-beauty-rose-dotleniajaca-i-odzywcza-maska-rozana-300g-900ml\/#breadcrumb","itemListElement":[{"@type":"ListItem","position":1,"name":"Strona g\u0142\u00f3wna","item":"https:\/\/spaakcesoria.pl\/"},{"@type":"ListItem","position":2,"name":"Sklep","item":"https:\/\/spaakcesoria.pl\/index.php\/sklep\/"},{"@type":"ListItem","position":3,"name":"Maska algowa Leim ALGA LUXURE BEAUTY ROSE dotleniaj\u0105ca i od\u017cywcza maska r\u00f3\u017cana 300g\/900ml"}]},{"@type":"WebSite","@id":"https:\/\/spaakcesoria.pl\/#website","url":"https:\/\/spaakcesoria.pl\/","name":"","description":"","potentialAction":[{"@type":"SearchAction","target":{"@type":"EntryPoint","urlTemplate":"https:\/\/spaakcesoria.pl\/?s={search_term_string}"},"query-input":{"@type":"PropertyValueSpecification","valueRequired":true,"valueName":"search_term_string"}}],"inLanguage":"pl-PL"}]}},"_links":{"self":[{"href":"https:\/\/spaakcesoria.pl\/index.php\/wp-json\/wp\/v2\/product\/2215","targetHints":{"allow":["GET"]}}],"collection":[{"href":"https:\/\/spaakcesoria.pl\/index.php\/wp-json\/wp\/v2\/product"}],"about":[{"href":"https:\/\/spaakcesoria.pl\/index.php\/wp-json\/wp\/v2\/types\/product"}],"version-history":[{"count":1,"href":"https:\/\/spaakcesoria.pl\/index.php\/wp-json\/wp\/v2\/product\/2215\/revisions"}],"predecessor-version":[{"id":2217,"href":"https:\/\/spaakcesoria.pl\/index.php\/wp-json\/wp\/v2\/product\/2215\/revisions\/2217"}],"wp:featuredmedia":[{"embeddable":true,"href":"https:\/\/spaakcesoria.pl\/index.php\/wp-json\/wp\/v2\/media\/2216"}],"wp:attachment":[{"href":"https:\/\/spaakcesoria.pl\/index.php\/wp-json\/wp\/v2\/media?parent=2215"}],"wp:term":[{"taxonomy":"product_brand","embeddable":true,"href":"https:\/\/spaakcesoria.pl\/index.php\/wp-json\/wp\/v2\/product_brand?post=2215"},{"taxonomy":"product_cat","embeddable":true,"href":"https:\/\/spaakcesoria.pl\/index.php\/wp-json\/wp\/v2\/product_cat?post=2215"},{"taxonomy":"product_tag","embeddable":true,"href":"https:\/\/spaakcesoria.pl\/index.php\/wp-json\/wp\/v2\/product_tag?post=2215"}],"curies":[{"name":"wp","href":"https:\/\/api.w.org\/{rel}","templated":true}]}}