{"id":2227,"date":"2022-10-30T22:05:03","date_gmt":"2022-10-30T21:05:03","guid":{"rendered":"https:\/\/spaakcesoria.pl\/?post_type=product&#038;p=2227"},"modified":"2026-02-03T20:09:18","modified_gmt":"2026-02-03T19:09:18","slug":"maska-algowa-leim-alga-biobotulina-retinol-nawilzajaca-i-silnie-przeciwzmarszczkowa-300g-900ml","status":"publish","type":"product","link":"https:\/\/spaakcesoria.pl\/index.php\/produkt\/maska-algowa-leim-alga-biobotulina-retinol-nawilzajaca-i-silnie-przeciwzmarszczkowa-300g-900ml\/","title":{"rendered":"Maska algowa LEIM Alga BIOBOTULINA + RETINOL nawil\u017caj\u0105ca i silnie przeciwzmarszczkowa 300g\/900ml"},"content":{"rendered":"<h1 class=\"p1\">Maska algowa LEIM Alga BIOBOTULINA + RETINOL nawil\u017caj\u0105ca i silnie przeciwzmarszczkowa 300g\/900ml<\/h1>\n<h4 class=\"p1\">W roku 2014 Hiszpa\u0144skie laboratorium Leim zrewolucjonizowa\u0142o profesjonalny rynek kosmetyczny wprowadzaj\u0105c do gabinet\u00f3w kosmetycznych innowacyjny zabieg odm\u0142adzaj\u0105cy Biobotulina plus Retinol oparty na zawarto\u015bci peptyd\u00f3w biomimetycznych oraz retinolu.<\/h4>\n<h4 class=\"p1\">Linia Biobotulina skierowana jest g\u0142\u00f3wnie dla os\u00f3b z oznakami miostarzenia, czyli zmianami wynikaj\u0105cymi z mimiki. Zalecana jest zar\u00f3wno dla os\u00f3b m\u0142odych jak i dojrza\u0142ych.<\/h4>\n<h4 class=\"p1\">Intensywnie nawil\u017caj\u0105ca maska o b\u0142yskawicznym dzia\u0142aniu przeciwzmarszczkowym.<br \/>\nZawiera kolagen, kwas hialuronowy retinol oraz peptydy biomimetyczne.<\/h4>\n<h4 class=\"p1\"><strong><span style=\"color: #800080;\">Dzia\u0142anie maski:<\/span><\/strong><br \/>\n&#8211; Wyj\u0105tkowo szybko nawil\u017ca i uspokaja nawet bardzo wra\u017cliw\u0105 sk\u00f3r\u0119 twarzy<br \/>\n&#8211; Wyra\u017anie sp\u0142yca zmarszczki i nadaje cerze wyj\u0105tkowej delikatno\u015bci.<br \/>\n&#8211; Wyj\u0105tkowo skutecznie wyg\u0142adza zmarszczki mimiczne rozlu\u017aniaj\u0105c mi\u0119\u015bnie twarzy<br \/>\n&#8211; Sp\u0142yca zmarszczki g\u0142\u0119bokie<br \/>\n&#8211; Napina sk\u00f3r\u0119 poprawiaj\u0105c owal twarzy<br \/>\n&#8211; Poprawia wygl\u0105d i koloryt sk\u00f3ry<br \/>\n&#8211; Redukuje zmarszczki mimiczne wok\u00f3\u0142 oczu i ust oraz bruzdy na czole<\/h4>\n<h4 class=\"p1\">Inci :<br \/>\n\u2022 Argireline<br \/>\n\u2022 Retinol<br \/>\n\u2022 \u00c1cido Hialur\u00f3nico<\/h4>\n<h4 class=\"p1\">Peptydy biomimetyczne to syntetyczne zwi\u0105zki chemiczne dzia\u0142aj\u0105ce na zasadzie wiernego na\u015bladowania naturalnych, obecnych w organizmie substancji steruj\u0105cych procesami metabolicznymi oddzia\u0142uj\u0105cymi bezpo\u015brednio na kom\u00f3rki docelowe.<\/h4>\n<h4 class=\"p1\">Znalaz\u0142y one zastosowanie w kilku g\u0142\u00f3wnych wskazaniach ze wzgl\u0119du na w\u0142a\u015bciwo\u015bci:<br \/>\n\u2013 przeciwstarzeniowe (anti-aging)<br \/>\n\u2013 przeciw pigmentacyjne<br \/>\n\u2013 powstrzymuj\u0105ce wypadanie w\u0142os\u00f3w,<br \/>\n\u2013 antycellulitowe<\/h4>\n<h4 class=\"p1\"><b>Acetyl heksapeptyd \u2013 8\u00a0 (Nazwa handlowa ARGIRELINE\u00ae)<\/b><br \/>\nJest heksapeptydem inhibituj\u0105cym uwalnianie acetylocholiny, blokuj\u0105c tym samym przekazywanie informacji o skurczu mi\u0119\u015bni.<br \/>\nBadania in-vivo przeprowadzone na grupie 10 zdrowych kobiet potwierdzi\u0142y terapeutyczne dzia\u0142anie Argireliny. Sporz\u0105dzono emulsj\u0119 O\/W, w kt\u00f3rej peptyd stanowi\u0142 10% wagowych wszystkich sk\u0142adnik\u00f3w. Grupa badanych os\u00f3b stosowa\u0142a krem dwa razy dziennie przez 30 dni. Pomiary g\u0142\u0119boko\u015bci zmarszczek zosta\u0142y wykonane przed zastosowaniem kremu oraz w 15 dniu i w 30 dniu jego stosowania.<br \/>\nZastosowanie kremu z dodatkiem Acetyl heksapeptyd-8 zmniejszy\u0142o g\u0142\u0119boko\u015b\u0107 zmarszczek a\u017c o 30% !!<br \/>\nZmniejszenie cz\u0119sto\u015bci wyst\u0119powania skurcz\u00f3w mi\u0119\u015bni daje efekt zmniejszenia zmarszczek i poprawienia wygl\u0119du sk\u00f3ry.<\/h4>\n<h4 class=\"p1\">Dzia\u0142anie peptyd\u00f3w biomimetycznych w zabiegu Biobotulina plus retinol wspomagaj\u0105 r\u00f3wnie\u017c inne sk\u0142adniki aktywne, takie jak: retinol, wysokoskoncentrowany kompleks kwasu hialuronowego, AHA oraz elastyna i kolagen, dzi\u0119ki kt\u00f3rym zabieg gwarantuje spektakularne efekty:<br \/>\n\u2022 sp\u0142ycenie zmarszczek mimicznych<br \/>\n\u2022 zag\u0119szczenie nask\u00f3rka<br \/>\n\u2022 uaktywnienie proces\u00f3w samonaprawczych sk\u00f3ry<br \/>\n\u2022 widoczne poj\u0119drnienie i nawil\u017cenie sk\u00f3ry<\/h4>\n<h4 class=\"p1\"><strong><span style=\"color: #800080;\">Spos\u00f3b u\u017cycia:<\/span><\/strong><br \/>\nOko\u0142o 10-30 gram pudru po\u0142\u0105czy\u0107 z zimn\u0105 wod\u0105, wymiesza\u0107 energicznie do uzyskania konsystencji g\u0119stej \u015bmietany. Nast\u0119pnie na\u0142o\u017cy\u0107 szpatu\u0142k\u0105 na sk\u00f3r\u0119 twarzy i szyi. Pozostawi\u0107 na 15-20 min.<\/h4>\n","protected":false},"excerpt":{"rendered":"<h4>Intensywnie nawil\u017caj\u0105ca maska o b\u0142yskawicznym dzia\u0142aniu przeciwzmarszczkowym.<br \/>\nZawiera kolagen, kwas hialuronowy retinol oraz peptydy biomimetyczne.<\/h4>\n","protected":false},"featured_media":2228,"template":"","meta":{"_monsterinsights_skip_tracking":false,"_monsterinsights_sitenote_active":false,"_monsterinsights_sitenote_note":"","_monsterinsights_sitenote_category":0},"product_brand":[],"product_cat":[25,22,48],"product_tag":[346,335,336,170,337,344],"class_list":{"0":"post-2227","1":"product","2":"type-product","3":"status-publish","4":"has-post-thumbnail","6":"product_cat-sunew-linie-maski-algowe","7":"product_cat-kosmetyki","8":"product_cat-maski-platy-kolagenowe","9":"product_tag-biobotulina","10":"product_tag-gumowa-maska-algowa","11":"product_tag-kremowa-maska-algowa","12":"product_tag-maska-algowa","13":"product_tag-maska-do-cery-dojrzalej","14":"product_tag-maska-nawilzajaca","16":"first","17":"outofstock","18":"taxable","19":"shipping-taxable","20":"purchasable","21":"product-type-simple"},"yoast_head":"<!-- This site is optimized with the Yoast SEO plugin v27.4 - https:\/\/yoast.com\/product\/yoast-seo-wordpress\/ -->\n<title>Maska algowa LEIM Alga BIOBOTULINA + RETINOL nawil\u017caj\u0105ca i silnie przeciwzmarszczkowa 300g\/900ml -<\/title>\n<meta name=\"description\" content=\"Intensywnie nawil\u017caj\u0105ca maska o b\u0142yskawicznym dzia\u0142aniu przeciwzmarszczkowym.Zawiera kolagen, kwas hialuronowy retinol oraz peptydy biomimetyczne.\" \/>\n<meta name=\"robots\" content=\"index, follow, max-snippet:-1, max-image-preview:large, max-video-preview:-1\" \/>\n<link rel=\"canonical\" href=\"https:\/\/spaakcesoria.pl\/index.php\/produkt\/maska-algowa-leim-alga-biobotulina-retinol-nawilzajaca-i-silnie-przeciwzmarszczkowa-300g-900ml\/\" \/>\n<meta property=\"og:locale\" content=\"pl_PL\" \/>\n<meta property=\"og:type\" content=\"article\" \/>\n<meta property=\"og:title\" content=\"Maska algowa LEIM Alga BIOBOTULINA + RETINOL nawil\u017caj\u0105ca i silnie przeciwzmarszczkowa 300g\/900ml -\" \/>\n<meta property=\"og:description\" content=\"Intensywnie nawil\u017caj\u0105ca maska o b\u0142yskawicznym dzia\u0142aniu przeciwzmarszczkowym.Zawiera kolagen, kwas hialuronowy retinol oraz peptydy biomimetyczne.\" \/>\n<meta property=\"og:url\" content=\"https:\/\/spaakcesoria.pl\/index.php\/produkt\/maska-algowa-leim-alga-biobotulina-retinol-nawilzajaca-i-silnie-przeciwzmarszczkowa-300g-900ml\/\" \/>\n<meta property=\"article:modified_time\" content=\"2026-02-03T19:09:18+00:00\" \/>\n<meta property=\"og:image\" content=\"https:\/\/spaakcesoria.pl\/wp-content\/uploads\/2022\/10\/2222-removebg-preview.png\" \/>\n\t<meta property=\"og:image:width\" content=\"577\" \/>\n\t<meta property=\"og:image:height\" content=\"433\" \/>\n\t<meta property=\"og:image:type\" content=\"image\/png\" \/>\n<meta name=\"twitter:card\" content=\"summary_large_image\" \/>\n<meta name=\"twitter:label1\" content=\"Szacowany czas czytania\" \/>\n\t<meta name=\"twitter:data1\" content=\"3 minuty\" \/>\n<script type=\"application\/ld+json\" class=\"yoast-schema-graph\">{\"@context\":\"https:\\\/\\\/schema.org\",\"@graph\":[{\"@type\":\"WebPage\",\"@id\":\"https:\\\/\\\/spaakcesoria.pl\\\/index.php\\\/produkt\\\/maska-algowa-leim-alga-biobotulina-retinol-nawilzajaca-i-silnie-przeciwzmarszczkowa-300g-900ml\\\/\",\"url\":\"https:\\\/\\\/spaakcesoria.pl\\\/index.php\\\/produkt\\\/maska-algowa-leim-alga-biobotulina-retinol-nawilzajaca-i-silnie-przeciwzmarszczkowa-300g-900ml\\\/\",\"name\":\"Maska algowa LEIM Alga BIOBOTULINA + RETINOL nawil\u017caj\u0105ca i silnie przeciwzmarszczkowa 300g\\\/900ml -\",\"isPartOf\":{\"@id\":\"https:\\\/\\\/spaakcesoria.pl\\\/#website\"},\"primaryImageOfPage\":{\"@id\":\"https:\\\/\\\/spaakcesoria.pl\\\/index.php\\\/produkt\\\/maska-algowa-leim-alga-biobotulina-retinol-nawilzajaca-i-silnie-przeciwzmarszczkowa-300g-900ml\\\/#primaryimage\"},\"image\":{\"@id\":\"https:\\\/\\\/spaakcesoria.pl\\\/index.php\\\/produkt\\\/maska-algowa-leim-alga-biobotulina-retinol-nawilzajaca-i-silnie-przeciwzmarszczkowa-300g-900ml\\\/#primaryimage\"},\"thumbnailUrl\":\"https:\\\/\\\/spaakcesoria.pl\\\/wp-content\\\/uploads\\\/2022\\\/10\\\/2222-removebg-preview.png\",\"datePublished\":\"2022-10-30T21:05:03+00:00\",\"dateModified\":\"2026-02-03T19:09:18+00:00\",\"description\":\"Intensywnie nawil\u017caj\u0105ca maska o b\u0142yskawicznym dzia\u0142aniu przeciwzmarszczkowym.Zawiera kolagen, kwas hialuronowy retinol oraz peptydy biomimetyczne.\",\"breadcrumb\":{\"@id\":\"https:\\\/\\\/spaakcesoria.pl\\\/index.php\\\/produkt\\\/maska-algowa-leim-alga-biobotulina-retinol-nawilzajaca-i-silnie-przeciwzmarszczkowa-300g-900ml\\\/#breadcrumb\"},\"inLanguage\":\"pl-PL\",\"potentialAction\":[{\"@type\":\"ReadAction\",\"target\":[\"https:\\\/\\\/spaakcesoria.pl\\\/index.php\\\/produkt\\\/maska-algowa-leim-alga-biobotulina-retinol-nawilzajaca-i-silnie-przeciwzmarszczkowa-300g-900ml\\\/\"]}]},{\"@type\":\"ImageObject\",\"inLanguage\":\"pl-PL\",\"@id\":\"https:\\\/\\\/spaakcesoria.pl\\\/index.php\\\/produkt\\\/maska-algowa-leim-alga-biobotulina-retinol-nawilzajaca-i-silnie-przeciwzmarszczkowa-300g-900ml\\\/#primaryimage\",\"url\":\"https:\\\/\\\/spaakcesoria.pl\\\/wp-content\\\/uploads\\\/2022\\\/10\\\/2222-removebg-preview.png\",\"contentUrl\":\"https:\\\/\\\/spaakcesoria.pl\\\/wp-content\\\/uploads\\\/2022\\\/10\\\/2222-removebg-preview.png\",\"width\":577,\"height\":433},{\"@type\":\"BreadcrumbList\",\"@id\":\"https:\\\/\\\/spaakcesoria.pl\\\/index.php\\\/produkt\\\/maska-algowa-leim-alga-biobotulina-retinol-nawilzajaca-i-silnie-przeciwzmarszczkowa-300g-900ml\\\/#breadcrumb\",\"itemListElement\":[{\"@type\":\"ListItem\",\"position\":1,\"name\":\"Strona g\u0142\u00f3wna\",\"item\":\"https:\\\/\\\/spaakcesoria.pl\\\/\"},{\"@type\":\"ListItem\",\"position\":2,\"name\":\"Sklep\",\"item\":\"https:\\\/\\\/spaakcesoria.pl\\\/index.php\\\/sklep\\\/\"},{\"@type\":\"ListItem\",\"position\":3,\"name\":\"Maska algowa LEIM Alga BIOBOTULINA + RETINOL nawil\u017caj\u0105ca i silnie przeciwzmarszczkowa 300g\\\/900ml\"}]},{\"@type\":\"WebSite\",\"@id\":\"https:\\\/\\\/spaakcesoria.pl\\\/#website\",\"url\":\"https:\\\/\\\/spaakcesoria.pl\\\/\",\"name\":\"\",\"description\":\"\",\"potentialAction\":[{\"@type\":\"SearchAction\",\"target\":{\"@type\":\"EntryPoint\",\"urlTemplate\":\"https:\\\/\\\/spaakcesoria.pl\\\/?s={search_term_string}\"},\"query-input\":{\"@type\":\"PropertyValueSpecification\",\"valueRequired\":true,\"valueName\":\"search_term_string\"}}],\"inLanguage\":\"pl-PL\"}]}<\/script>\n<!-- \/ Yoast SEO plugin. -->","yoast_head_json":{"title":"Maska algowa LEIM Alga BIOBOTULINA + RETINOL nawil\u017caj\u0105ca i silnie przeciwzmarszczkowa 300g\/900ml -","description":"Intensywnie nawil\u017caj\u0105ca maska o b\u0142yskawicznym dzia\u0142aniu przeciwzmarszczkowym.Zawiera kolagen, kwas hialuronowy retinol oraz peptydy biomimetyczne.","robots":{"index":"index","follow":"follow","max-snippet":"max-snippet:-1","max-image-preview":"max-image-preview:large","max-video-preview":"max-video-preview:-1"},"canonical":"https:\/\/spaakcesoria.pl\/index.php\/produkt\/maska-algowa-leim-alga-biobotulina-retinol-nawilzajaca-i-silnie-przeciwzmarszczkowa-300g-900ml\/","og_locale":"pl_PL","og_type":"article","og_title":"Maska algowa LEIM Alga BIOBOTULINA + RETINOL nawil\u017caj\u0105ca i silnie przeciwzmarszczkowa 300g\/900ml -","og_description":"Intensywnie nawil\u017caj\u0105ca maska o b\u0142yskawicznym dzia\u0142aniu przeciwzmarszczkowym.Zawiera kolagen, kwas hialuronowy retinol oraz peptydy biomimetyczne.","og_url":"https:\/\/spaakcesoria.pl\/index.php\/produkt\/maska-algowa-leim-alga-biobotulina-retinol-nawilzajaca-i-silnie-przeciwzmarszczkowa-300g-900ml\/","article_modified_time":"2026-02-03T19:09:18+00:00","og_image":[{"width":577,"height":433,"url":"https:\/\/spaakcesoria.pl\/wp-content\/uploads\/2022\/10\/2222-removebg-preview.png","type":"image\/png"}],"twitter_card":"summary_large_image","twitter_misc":{"Szacowany czas czytania":"3 minuty"},"schema":{"@context":"https:\/\/schema.org","@graph":[{"@type":"WebPage","@id":"https:\/\/spaakcesoria.pl\/index.php\/produkt\/maska-algowa-leim-alga-biobotulina-retinol-nawilzajaca-i-silnie-przeciwzmarszczkowa-300g-900ml\/","url":"https:\/\/spaakcesoria.pl\/index.php\/produkt\/maska-algowa-leim-alga-biobotulina-retinol-nawilzajaca-i-silnie-przeciwzmarszczkowa-300g-900ml\/","name":"Maska algowa LEIM Alga BIOBOTULINA + RETINOL nawil\u017caj\u0105ca i silnie przeciwzmarszczkowa 300g\/900ml -","isPartOf":{"@id":"https:\/\/spaakcesoria.pl\/#website"},"primaryImageOfPage":{"@id":"https:\/\/spaakcesoria.pl\/index.php\/produkt\/maska-algowa-leim-alga-biobotulina-retinol-nawilzajaca-i-silnie-przeciwzmarszczkowa-300g-900ml\/#primaryimage"},"image":{"@id":"https:\/\/spaakcesoria.pl\/index.php\/produkt\/maska-algowa-leim-alga-biobotulina-retinol-nawilzajaca-i-silnie-przeciwzmarszczkowa-300g-900ml\/#primaryimage"},"thumbnailUrl":"https:\/\/spaakcesoria.pl\/wp-content\/uploads\/2022\/10\/2222-removebg-preview.png","datePublished":"2022-10-30T21:05:03+00:00","dateModified":"2026-02-03T19:09:18+00:00","description":"Intensywnie nawil\u017caj\u0105ca maska o b\u0142yskawicznym dzia\u0142aniu przeciwzmarszczkowym.Zawiera kolagen, kwas hialuronowy retinol oraz peptydy biomimetyczne.","breadcrumb":{"@id":"https:\/\/spaakcesoria.pl\/index.php\/produkt\/maska-algowa-leim-alga-biobotulina-retinol-nawilzajaca-i-silnie-przeciwzmarszczkowa-300g-900ml\/#breadcrumb"},"inLanguage":"pl-PL","potentialAction":[{"@type":"ReadAction","target":["https:\/\/spaakcesoria.pl\/index.php\/produkt\/maska-algowa-leim-alga-biobotulina-retinol-nawilzajaca-i-silnie-przeciwzmarszczkowa-300g-900ml\/"]}]},{"@type":"ImageObject","inLanguage":"pl-PL","@id":"https:\/\/spaakcesoria.pl\/index.php\/produkt\/maska-algowa-leim-alga-biobotulina-retinol-nawilzajaca-i-silnie-przeciwzmarszczkowa-300g-900ml\/#primaryimage","url":"https:\/\/spaakcesoria.pl\/wp-content\/uploads\/2022\/10\/2222-removebg-preview.png","contentUrl":"https:\/\/spaakcesoria.pl\/wp-content\/uploads\/2022\/10\/2222-removebg-preview.png","width":577,"height":433},{"@type":"BreadcrumbList","@id":"https:\/\/spaakcesoria.pl\/index.php\/produkt\/maska-algowa-leim-alga-biobotulina-retinol-nawilzajaca-i-silnie-przeciwzmarszczkowa-300g-900ml\/#breadcrumb","itemListElement":[{"@type":"ListItem","position":1,"name":"Strona g\u0142\u00f3wna","item":"https:\/\/spaakcesoria.pl\/"},{"@type":"ListItem","position":2,"name":"Sklep","item":"https:\/\/spaakcesoria.pl\/index.php\/sklep\/"},{"@type":"ListItem","position":3,"name":"Maska algowa LEIM Alga BIOBOTULINA + RETINOL nawil\u017caj\u0105ca i silnie przeciwzmarszczkowa 300g\/900ml"}]},{"@type":"WebSite","@id":"https:\/\/spaakcesoria.pl\/#website","url":"https:\/\/spaakcesoria.pl\/","name":"","description":"","potentialAction":[{"@type":"SearchAction","target":{"@type":"EntryPoint","urlTemplate":"https:\/\/spaakcesoria.pl\/?s={search_term_string}"},"query-input":{"@type":"PropertyValueSpecification","valueRequired":true,"valueName":"search_term_string"}}],"inLanguage":"pl-PL"}]}},"_links":{"self":[{"href":"https:\/\/spaakcesoria.pl\/index.php\/wp-json\/wp\/v2\/product\/2227","targetHints":{"allow":["GET"]}}],"collection":[{"href":"https:\/\/spaakcesoria.pl\/index.php\/wp-json\/wp\/v2\/product"}],"about":[{"href":"https:\/\/spaakcesoria.pl\/index.php\/wp-json\/wp\/v2\/types\/product"}],"version-history":[{"count":1,"href":"https:\/\/spaakcesoria.pl\/index.php\/wp-json\/wp\/v2\/product\/2227\/revisions"}],"predecessor-version":[{"id":2229,"href":"https:\/\/spaakcesoria.pl\/index.php\/wp-json\/wp\/v2\/product\/2227\/revisions\/2229"}],"wp:featuredmedia":[{"embeddable":true,"href":"https:\/\/spaakcesoria.pl\/index.php\/wp-json\/wp\/v2\/media\/2228"}],"wp:attachment":[{"href":"https:\/\/spaakcesoria.pl\/index.php\/wp-json\/wp\/v2\/media?parent=2227"}],"wp:term":[{"taxonomy":"product_brand","embeddable":true,"href":"https:\/\/spaakcesoria.pl\/index.php\/wp-json\/wp\/v2\/product_brand?post=2227"},{"taxonomy":"product_cat","embeddable":true,"href":"https:\/\/spaakcesoria.pl\/index.php\/wp-json\/wp\/v2\/product_cat?post=2227"},{"taxonomy":"product_tag","embeddable":true,"href":"https:\/\/spaakcesoria.pl\/index.php\/wp-json\/wp\/v2\/product_tag?post=2227"}],"curies":[{"name":"wp","href":"https:\/\/api.w.org\/{rel}","templated":true}]}}