{"id":2231,"date":"2022-11-08T17:36:18","date_gmt":"2022-11-08T16:36:18","guid":{"rendered":"https:\/\/spaakcesoria.pl\/?post_type=product&#038;p=2231"},"modified":"2026-02-03T20:28:52","modified_gmt":"2026-02-03T19:28:52","slug":"zestaw-sayonara-dla-skory-tlustej-i-tradzikowej-leim-20-zabiegow","status":"publish","type":"product","link":"https:\/\/spaakcesoria.pl\/index.php\/produkt\/zestaw-sayonara-dla-skory-tlustej-i-tradzikowej-leim-20-zabiegow\/","title":{"rendered":"Zestaw SAYONARA dla sk\u00f3ry t\u0142ustej i tr\u0105dzikowej LEIM- 20 zabieg\u00f3w"},"content":{"rendered":"<h1>Zestaw SAYONARA linia balansuj\u0105ca dla sk\u00f3ry t\u0142ustej i tr\u0105dzikowej LEIM- 20 zabieg\u00f3w.<\/h1>\n<h3>Sayonara Anti Acne to profesjonalny zabieg dla cery t\u0142ustej i tr\u0105dzikowej.<\/h3>\n<h3>Sayonara to definitywne rozwi\u0105zanie dla os\u00f3b cierpi\u0105cych z powodu cery t\u0142ustej i tr\u0105dzikowej.<\/h3>\n<h3>Zabieg mo\u017cna stosowa\u0107 na twarz, plecy, klatk\u0119 piersiow\u0105 oraz inne miejsca cia\u0142a obj\u0119te zmianami tr\u0105dzikowymi.<\/h3>\n<h3>Zabieg mozna wykonywa\u0107 1-2 razy tygodniowo w zale\u017cno\u015bci od stanu sk\u00f3ry.<\/h3>\n<h3><strong>Sk\u0142ad zestawu:<\/strong><\/h3>\n<h3>&#8211; krem 250 ml,<br \/>\n&#8211; mleczko z peelingiem 250 ml,<br \/>\n&#8211; maska 250 ml,<br \/>\n&#8211; tonik 200 ml,<br \/>\n&#8211; ampu\u0142ki Sayonara 20 x 4 ml,<br \/>\n&#8211; balsam anti-acne 10 ml &#8211; 10 sztuk dla Klientek do domowej piel\u0119gnacji,<br \/>\n&#8211; krem 50 ml &#8211; 5 sztuk dla Klientek do domowej piel\u0119gnacji,<\/h3>\n<h3><strong>Spos\u00f3b u\u017cycia:<\/strong><br \/>\nWed\u0142ug schematu do\u0142\u0105czonego do zestawu.<\/h3>\n","protected":false},"excerpt":{"rendered":"<h3>Zestaw SAYONARA linia balansuj\u0105ca dla sk\u00f3ry t\u0142ustej i tr\u0105dzikowej LEIM- 20 zabieg\u00f3w.<\/h3>\n","protected":false},"featured_media":2233,"template":"","meta":{"_monsterinsights_skip_tracking":false,"_monsterinsights_sitenote_active":false,"_monsterinsights_sitenote_note":"","_monsterinsights_sitenote_category":0},"product_brand":[],"product_cat":[316],"product_tag":[348,349,352,351,350],"class_list":{"0":"post-2231","1":"product","2":"type-product","3":"status-publish","4":"has-post-thumbnail","6":"product_cat-zabiegi","7":"product_tag-leim","8":"product_tag-sayonara","9":"product_tag-zabiegi-do-cery-tlustej","10":"product_tag-zabiegi-do-cery-tradzikowej","11":"product_tag-zestaw-zabiegow","13":"first","14":"outofstock","15":"taxable","16":"shipping-taxable","17":"purchasable","18":"product-type-simple"},"yoast_head":"<!-- This site is optimized with the Yoast SEO plugin v27.4 - https:\/\/yoast.com\/product\/yoast-seo-wordpress\/ -->\n<title>Zestaw SAYONARA dla sk\u00f3ry t\u0142ustej i tr\u0105dzikowej LEIM- 20 zabieg\u00f3w -<\/title>\n<meta name=\"description\" content=\"Sayonara to definitywne rozwi\u0105zanie dla os\u00f3b cierpi\u0105cych z powodu cery t\u0142ustej i tr\u0105dzikowej.Zabieg mo\u017cna stosowa\u0107 na twarz, plecy, klatk\u0119 piersiow\u0105 oraz inne miejsca cia\u0142a obj\u0119te zmianami tr\u0105dzikowymi.\" \/>\n<meta name=\"robots\" content=\"index, follow, max-snippet:-1, max-image-preview:large, max-video-preview:-1\" \/>\n<link rel=\"canonical\" href=\"https:\/\/spaakcesoria.pl\/index.php\/produkt\/zestaw-sayonara-dla-skory-tlustej-i-tradzikowej-leim-20-zabiegow\/\" \/>\n<meta property=\"og:locale\" content=\"pl_PL\" \/>\n<meta property=\"og:type\" content=\"article\" \/>\n<meta property=\"og:title\" content=\"Zestaw SAYONARA dla sk\u00f3ry t\u0142ustej i tr\u0105dzikowej LEIM- 20 zabieg\u00f3w -\" \/>\n<meta property=\"og:description\" content=\"Sayonara to definitywne rozwi\u0105zanie dla os\u00f3b cierpi\u0105cych z powodu cery t\u0142ustej i tr\u0105dzikowej.Zabieg mo\u017cna stosowa\u0107 na twarz, plecy, klatk\u0119 piersiow\u0105 oraz inne miejsca cia\u0142a obj\u0119te zmianami tr\u0105dzikowymi.\" \/>\n<meta property=\"og:url\" content=\"https:\/\/spaakcesoria.pl\/index.php\/produkt\/zestaw-sayonara-dla-skory-tlustej-i-tradzikowej-leim-20-zabiegow\/\" \/>\n<meta property=\"article:modified_time\" content=\"2026-02-03T19:28:52+00:00\" \/>\n<meta property=\"og:image\" content=\"https:\/\/spaakcesoria.pl\/wp-content\/uploads\/2022\/11\/ztnzest-leim-sayonara.jpeg\" \/>\n\t<meta property=\"og:image:width\" content=\"225\" \/>\n\t<meta property=\"og:image:height\" content=\"225\" \/>\n\t<meta property=\"og:image:type\" content=\"image\/jpeg\" \/>\n<meta name=\"twitter:card\" content=\"summary_large_image\" \/>\n<meta name=\"twitter:label1\" content=\"Szacowany czas czytania\" \/>\n\t<meta name=\"twitter:data1\" content=\"1 minuta\" \/>\n<script type=\"application\/ld+json\" class=\"yoast-schema-graph\">{\"@context\":\"https:\\\/\\\/schema.org\",\"@graph\":[{\"@type\":\"WebPage\",\"@id\":\"https:\\\/\\\/spaakcesoria.pl\\\/index.php\\\/produkt\\\/zestaw-sayonara-dla-skory-tlustej-i-tradzikowej-leim-20-zabiegow\\\/\",\"url\":\"https:\\\/\\\/spaakcesoria.pl\\\/index.php\\\/produkt\\\/zestaw-sayonara-dla-skory-tlustej-i-tradzikowej-leim-20-zabiegow\\\/\",\"name\":\"Zestaw SAYONARA dla sk\u00f3ry t\u0142ustej i tr\u0105dzikowej LEIM- 20 zabieg\u00f3w -\",\"isPartOf\":{\"@id\":\"https:\\\/\\\/spaakcesoria.pl\\\/#website\"},\"primaryImageOfPage\":{\"@id\":\"https:\\\/\\\/spaakcesoria.pl\\\/index.php\\\/produkt\\\/zestaw-sayonara-dla-skory-tlustej-i-tradzikowej-leim-20-zabiegow\\\/#primaryimage\"},\"image\":{\"@id\":\"https:\\\/\\\/spaakcesoria.pl\\\/index.php\\\/produkt\\\/zestaw-sayonara-dla-skory-tlustej-i-tradzikowej-leim-20-zabiegow\\\/#primaryimage\"},\"thumbnailUrl\":\"https:\\\/\\\/spaakcesoria.pl\\\/wp-content\\\/uploads\\\/2022\\\/11\\\/ztnzest-leim-sayonara.jpeg\",\"datePublished\":\"2022-11-08T16:36:18+00:00\",\"dateModified\":\"2026-02-03T19:28:52+00:00\",\"description\":\"Sayonara to definitywne rozwi\u0105zanie dla os\u00f3b cierpi\u0105cych z powodu cery t\u0142ustej i tr\u0105dzikowej.Zabieg mo\u017cna stosowa\u0107 na twarz, plecy, klatk\u0119 piersiow\u0105 oraz inne miejsca cia\u0142a obj\u0119te zmianami tr\u0105dzikowymi.\",\"breadcrumb\":{\"@id\":\"https:\\\/\\\/spaakcesoria.pl\\\/index.php\\\/produkt\\\/zestaw-sayonara-dla-skory-tlustej-i-tradzikowej-leim-20-zabiegow\\\/#breadcrumb\"},\"inLanguage\":\"pl-PL\",\"potentialAction\":[{\"@type\":\"ReadAction\",\"target\":[\"https:\\\/\\\/spaakcesoria.pl\\\/index.php\\\/produkt\\\/zestaw-sayonara-dla-skory-tlustej-i-tradzikowej-leim-20-zabiegow\\\/\"]}]},{\"@type\":\"ImageObject\",\"inLanguage\":\"pl-PL\",\"@id\":\"https:\\\/\\\/spaakcesoria.pl\\\/index.php\\\/produkt\\\/zestaw-sayonara-dla-skory-tlustej-i-tradzikowej-leim-20-zabiegow\\\/#primaryimage\",\"url\":\"https:\\\/\\\/spaakcesoria.pl\\\/wp-content\\\/uploads\\\/2022\\\/11\\\/ztnzest-leim-sayonara.jpeg\",\"contentUrl\":\"https:\\\/\\\/spaakcesoria.pl\\\/wp-content\\\/uploads\\\/2022\\\/11\\\/ztnzest-leim-sayonara.jpeg\",\"width\":225,\"height\":225},{\"@type\":\"BreadcrumbList\",\"@id\":\"https:\\\/\\\/spaakcesoria.pl\\\/index.php\\\/produkt\\\/zestaw-sayonara-dla-skory-tlustej-i-tradzikowej-leim-20-zabiegow\\\/#breadcrumb\",\"itemListElement\":[{\"@type\":\"ListItem\",\"position\":1,\"name\":\"Strona g\u0142\u00f3wna\",\"item\":\"https:\\\/\\\/spaakcesoria.pl\\\/\"},{\"@type\":\"ListItem\",\"position\":2,\"name\":\"Sklep\",\"item\":\"https:\\\/\\\/spaakcesoria.pl\\\/index.php\\\/sklep\\\/\"},{\"@type\":\"ListItem\",\"position\":3,\"name\":\"Zestaw SAYONARA dla sk\u00f3ry t\u0142ustej i tr\u0105dzikowej LEIM- 20 zabieg\u00f3w\"}]},{\"@type\":\"WebSite\",\"@id\":\"https:\\\/\\\/spaakcesoria.pl\\\/#website\",\"url\":\"https:\\\/\\\/spaakcesoria.pl\\\/\",\"name\":\"\",\"description\":\"\",\"potentialAction\":[{\"@type\":\"SearchAction\",\"target\":{\"@type\":\"EntryPoint\",\"urlTemplate\":\"https:\\\/\\\/spaakcesoria.pl\\\/?s={search_term_string}\"},\"query-input\":{\"@type\":\"PropertyValueSpecification\",\"valueRequired\":true,\"valueName\":\"search_term_string\"}}],\"inLanguage\":\"pl-PL\"}]}<\/script>\n<!-- \/ Yoast SEO plugin. -->","yoast_head_json":{"title":"Zestaw SAYONARA dla sk\u00f3ry t\u0142ustej i tr\u0105dzikowej LEIM- 20 zabieg\u00f3w -","description":"Sayonara to definitywne rozwi\u0105zanie dla os\u00f3b cierpi\u0105cych z powodu cery t\u0142ustej i tr\u0105dzikowej.Zabieg mo\u017cna stosowa\u0107 na twarz, plecy, klatk\u0119 piersiow\u0105 oraz inne miejsca cia\u0142a obj\u0119te zmianami tr\u0105dzikowymi.","robots":{"index":"index","follow":"follow","max-snippet":"max-snippet:-1","max-image-preview":"max-image-preview:large","max-video-preview":"max-video-preview:-1"},"canonical":"https:\/\/spaakcesoria.pl\/index.php\/produkt\/zestaw-sayonara-dla-skory-tlustej-i-tradzikowej-leim-20-zabiegow\/","og_locale":"pl_PL","og_type":"article","og_title":"Zestaw SAYONARA dla sk\u00f3ry t\u0142ustej i tr\u0105dzikowej LEIM- 20 zabieg\u00f3w -","og_description":"Sayonara to definitywne rozwi\u0105zanie dla os\u00f3b cierpi\u0105cych z powodu cery t\u0142ustej i tr\u0105dzikowej.Zabieg mo\u017cna stosowa\u0107 na twarz, plecy, klatk\u0119 piersiow\u0105 oraz inne miejsca cia\u0142a obj\u0119te zmianami tr\u0105dzikowymi.","og_url":"https:\/\/spaakcesoria.pl\/index.php\/produkt\/zestaw-sayonara-dla-skory-tlustej-i-tradzikowej-leim-20-zabiegow\/","article_modified_time":"2026-02-03T19:28:52+00:00","og_image":[{"width":225,"height":225,"url":"https:\/\/spaakcesoria.pl\/wp-content\/uploads\/2022\/11\/ztnzest-leim-sayonara.jpeg","type":"image\/jpeg"}],"twitter_card":"summary_large_image","twitter_misc":{"Szacowany czas czytania":"1 minuta"},"schema":{"@context":"https:\/\/schema.org","@graph":[{"@type":"WebPage","@id":"https:\/\/spaakcesoria.pl\/index.php\/produkt\/zestaw-sayonara-dla-skory-tlustej-i-tradzikowej-leim-20-zabiegow\/","url":"https:\/\/spaakcesoria.pl\/index.php\/produkt\/zestaw-sayonara-dla-skory-tlustej-i-tradzikowej-leim-20-zabiegow\/","name":"Zestaw SAYONARA dla sk\u00f3ry t\u0142ustej i tr\u0105dzikowej LEIM- 20 zabieg\u00f3w -","isPartOf":{"@id":"https:\/\/spaakcesoria.pl\/#website"},"primaryImageOfPage":{"@id":"https:\/\/spaakcesoria.pl\/index.php\/produkt\/zestaw-sayonara-dla-skory-tlustej-i-tradzikowej-leim-20-zabiegow\/#primaryimage"},"image":{"@id":"https:\/\/spaakcesoria.pl\/index.php\/produkt\/zestaw-sayonara-dla-skory-tlustej-i-tradzikowej-leim-20-zabiegow\/#primaryimage"},"thumbnailUrl":"https:\/\/spaakcesoria.pl\/wp-content\/uploads\/2022\/11\/ztnzest-leim-sayonara.jpeg","datePublished":"2022-11-08T16:36:18+00:00","dateModified":"2026-02-03T19:28:52+00:00","description":"Sayonara to definitywne rozwi\u0105zanie dla os\u00f3b cierpi\u0105cych z powodu cery t\u0142ustej i tr\u0105dzikowej.Zabieg mo\u017cna stosowa\u0107 na twarz, plecy, klatk\u0119 piersiow\u0105 oraz inne miejsca cia\u0142a obj\u0119te zmianami tr\u0105dzikowymi.","breadcrumb":{"@id":"https:\/\/spaakcesoria.pl\/index.php\/produkt\/zestaw-sayonara-dla-skory-tlustej-i-tradzikowej-leim-20-zabiegow\/#breadcrumb"},"inLanguage":"pl-PL","potentialAction":[{"@type":"ReadAction","target":["https:\/\/spaakcesoria.pl\/index.php\/produkt\/zestaw-sayonara-dla-skory-tlustej-i-tradzikowej-leim-20-zabiegow\/"]}]},{"@type":"ImageObject","inLanguage":"pl-PL","@id":"https:\/\/spaakcesoria.pl\/index.php\/produkt\/zestaw-sayonara-dla-skory-tlustej-i-tradzikowej-leim-20-zabiegow\/#primaryimage","url":"https:\/\/spaakcesoria.pl\/wp-content\/uploads\/2022\/11\/ztnzest-leim-sayonara.jpeg","contentUrl":"https:\/\/spaakcesoria.pl\/wp-content\/uploads\/2022\/11\/ztnzest-leim-sayonara.jpeg","width":225,"height":225},{"@type":"BreadcrumbList","@id":"https:\/\/spaakcesoria.pl\/index.php\/produkt\/zestaw-sayonara-dla-skory-tlustej-i-tradzikowej-leim-20-zabiegow\/#breadcrumb","itemListElement":[{"@type":"ListItem","position":1,"name":"Strona g\u0142\u00f3wna","item":"https:\/\/spaakcesoria.pl\/"},{"@type":"ListItem","position":2,"name":"Sklep","item":"https:\/\/spaakcesoria.pl\/index.php\/sklep\/"},{"@type":"ListItem","position":3,"name":"Zestaw SAYONARA dla sk\u00f3ry t\u0142ustej i tr\u0105dzikowej LEIM- 20 zabieg\u00f3w"}]},{"@type":"WebSite","@id":"https:\/\/spaakcesoria.pl\/#website","url":"https:\/\/spaakcesoria.pl\/","name":"","description":"","potentialAction":[{"@type":"SearchAction","target":{"@type":"EntryPoint","urlTemplate":"https:\/\/spaakcesoria.pl\/?s={search_term_string}"},"query-input":{"@type":"PropertyValueSpecification","valueRequired":true,"valueName":"search_term_string"}}],"inLanguage":"pl-PL"}]}},"_links":{"self":[{"href":"https:\/\/spaakcesoria.pl\/index.php\/wp-json\/wp\/v2\/product\/2231","targetHints":{"allow":["GET"]}}],"collection":[{"href":"https:\/\/spaakcesoria.pl\/index.php\/wp-json\/wp\/v2\/product"}],"about":[{"href":"https:\/\/spaakcesoria.pl\/index.php\/wp-json\/wp\/v2\/types\/product"}],"version-history":[{"count":2,"href":"https:\/\/spaakcesoria.pl\/index.php\/wp-json\/wp\/v2\/product\/2231\/revisions"}],"predecessor-version":[{"id":2518,"href":"https:\/\/spaakcesoria.pl\/index.php\/wp-json\/wp\/v2\/product\/2231\/revisions\/2518"}],"wp:featuredmedia":[{"embeddable":true,"href":"https:\/\/spaakcesoria.pl\/index.php\/wp-json\/wp\/v2\/media\/2233"}],"wp:attachment":[{"href":"https:\/\/spaakcesoria.pl\/index.php\/wp-json\/wp\/v2\/media?parent=2231"}],"wp:term":[{"taxonomy":"product_brand","embeddable":true,"href":"https:\/\/spaakcesoria.pl\/index.php\/wp-json\/wp\/v2\/product_brand?post=2231"},{"taxonomy":"product_cat","embeddable":true,"href":"https:\/\/spaakcesoria.pl\/index.php\/wp-json\/wp\/v2\/product_cat?post=2231"},{"taxonomy":"product_tag","embeddable":true,"href":"https:\/\/spaakcesoria.pl\/index.php\/wp-json\/wp\/v2\/product_tag?post=2231"}],"curies":[{"name":"wp","href":"https:\/\/api.w.org\/{rel}","templated":true}]}}