{"id":2236,"date":"2022-11-08T17:49:57","date_gmt":"2022-11-08T16:49:57","guid":{"rendered":"https:\/\/spaakcesoria.pl\/?post_type=product&#038;p=2236"},"modified":"2026-02-03T20:28:39","modified_gmt":"2026-02-03T19:28:39","slug":"zestaw-retinol-royal-q10-przeciwzmarszczkowy-do-skory-dojrzalej-leim-20-zabiegow","status":"publish","type":"product","link":"https:\/\/spaakcesoria.pl\/index.php\/produkt\/zestaw-retinol-royal-q10-przeciwzmarszczkowy-do-skory-dojrzalej-leim-20-zabiegow\/","title":{"rendered":"Zestaw RETINOL ROYAL Q10 przeciwzmarszczkowy do sk\u00f3ry dojrza\u0142ej LEIM &#8211; 20 zabieg\u00f3w"},"content":{"rendered":"<h1>Zestaw RETINOL ROYAL Q10 przeciwzmarszczkowy do sk\u00f3ry dojrza\u0142ej LEIM &#8211; 20 zabieg\u00f3w<\/h1>\n<h5>Producent: Leim<\/h5>\n<h3><strong>Sk\u0142ad zestawu:<\/strong><\/h3>\n<h3>&#8211; emulsja 250 ml,<br \/>\n&#8211; osmogel 250 ml,<br \/>\n&#8211; maska 250 ml,<br \/>\n&#8211; ampu\u0142ki z retinolem 20 x 2 ml,<br \/>\n&#8211; personal phase 50 ml &#8211; 5 sztuk dla Klientek do domowej piel\u0119gnacji,<\/h3>\n<h3>Profesjonalny zestaw do wykonania kompleksowego zabiegu w gabinecie kosmetycznym.<\/h3>\n<h3>Starczy na wykonanie oko\u0142o 20 zabieg\u00f3w na twarz i szyj\u0119.<\/h3>\n<h3>Jeden zabieg tygodniowo, pe\u0142na kuracja obejmuje 4 zabiegi- efekty widoczne ju\u017c po pierwszym zabiegu.<\/h3>\n<h3>Kuracj\u0119 mo\u017cna wykonywa\u0107 kilka razy w roku opr\u00f3cz lata.<\/h3>\n<h3>Opakowanie: zestaw<br \/>\nSpos\u00f3b u\u017cycia wed\u0142ug za\u0142\u0105czonego do zestawu schematu.<\/h3>\n","protected":false},"excerpt":{"rendered":"<h4>Profesjonalny zestaw do wykonania kompleksowego zabiegu w gabinecie kosmetycznym.Starcza na wykonanie oko\u0142o 20 zabieg\u00f3w na twarz i szyj\u0119.<\/h4>\n","protected":false},"featured_media":2237,"template":"","meta":{"_monsterinsights_skip_tracking":false,"_monsterinsights_sitenote_active":false,"_monsterinsights_sitenote_note":"","_monsterinsights_sitenote_category":0},"product_brand":[],"product_cat":[316],"product_tag":[348,353,354,350],"class_list":{"0":"post-2236","1":"product","2":"type-product","3":"status-publish","4":"has-post-thumbnail","6":"product_cat-zabiegi","7":"product_tag-leim","8":"product_tag-zabieg-retinol-royal-q10","9":"product_tag-zabiegi-do-cery-dojrzalej","10":"product_tag-zestaw-zabiegow","12":"first","13":"outofstock","14":"taxable","15":"shipping-taxable","16":"purchasable","17":"product-type-simple"},"yoast_head":"<!-- This site is optimized with the Yoast SEO plugin v27.4 - https:\/\/yoast.com\/product\/yoast-seo-wordpress\/ -->\n<title>Zestaw RETINOL ROYAL Q10 przeciwzmarszczkowy do sk\u00f3ry dojrza\u0142ej LEIM - 20 zabieg\u00f3w -<\/title>\n<meta name=\"description\" content=\"Profesjonalny zestaw do wykonania kompleksowego zabiegu w gabinecie kosmetycznym.Starcza na wykonanie oko\u0142o 20 zabieg\u00f3w na twarz i szyj\u0119.\" \/>\n<meta name=\"robots\" content=\"index, follow, max-snippet:-1, max-image-preview:large, max-video-preview:-1\" \/>\n<link rel=\"canonical\" href=\"https:\/\/spaakcesoria.pl\/index.php\/produkt\/zestaw-retinol-royal-q10-przeciwzmarszczkowy-do-skory-dojrzalej-leim-20-zabiegow\/\" \/>\n<meta property=\"og:locale\" content=\"pl_PL\" \/>\n<meta property=\"og:type\" content=\"article\" \/>\n<meta property=\"og:title\" content=\"Zestaw RETINOL ROYAL Q10 przeciwzmarszczkowy do sk\u00f3ry dojrza\u0142ej LEIM - 20 zabieg\u00f3w -\" \/>\n<meta property=\"og:description\" content=\"Profesjonalny zestaw do wykonania kompleksowego zabiegu w gabinecie kosmetycznym.Starcza na wykonanie oko\u0142o 20 zabieg\u00f3w na twarz i szyj\u0119.\" \/>\n<meta property=\"og:url\" content=\"https:\/\/spaakcesoria.pl\/index.php\/produkt\/zestaw-retinol-royal-q10-przeciwzmarszczkowy-do-skory-dojrzalej-leim-20-zabiegow\/\" \/>\n<meta property=\"article:modified_time\" content=\"2026-02-03T19:28:39+00:00\" \/>\n<meta property=\"og:image\" content=\"https:\/\/spaakcesoria.pl\/wp-content\/uploads\/2022\/11\/ztnzest-leim-retinol.jpeg\" \/>\n\t<meta property=\"og:image:width\" content=\"225\" \/>\n\t<meta property=\"og:image:height\" content=\"225\" \/>\n\t<meta property=\"og:image:type\" content=\"image\/jpeg\" \/>\n<meta name=\"twitter:card\" content=\"summary_large_image\" \/>\n<meta name=\"twitter:label1\" content=\"Szacowany czas czytania\" \/>\n\t<meta name=\"twitter:data1\" content=\"1 minuta\" \/>\n<script type=\"application\/ld+json\" class=\"yoast-schema-graph\">{\"@context\":\"https:\\\/\\\/schema.org\",\"@graph\":[{\"@type\":\"WebPage\",\"@id\":\"https:\\\/\\\/spaakcesoria.pl\\\/index.php\\\/produkt\\\/zestaw-retinol-royal-q10-przeciwzmarszczkowy-do-skory-dojrzalej-leim-20-zabiegow\\\/\",\"url\":\"https:\\\/\\\/spaakcesoria.pl\\\/index.php\\\/produkt\\\/zestaw-retinol-royal-q10-przeciwzmarszczkowy-do-skory-dojrzalej-leim-20-zabiegow\\\/\",\"name\":\"Zestaw RETINOL ROYAL Q10 przeciwzmarszczkowy do sk\u00f3ry dojrza\u0142ej LEIM - 20 zabieg\u00f3w -\",\"isPartOf\":{\"@id\":\"https:\\\/\\\/spaakcesoria.pl\\\/#website\"},\"primaryImageOfPage\":{\"@id\":\"https:\\\/\\\/spaakcesoria.pl\\\/index.php\\\/produkt\\\/zestaw-retinol-royal-q10-przeciwzmarszczkowy-do-skory-dojrzalej-leim-20-zabiegow\\\/#primaryimage\"},\"image\":{\"@id\":\"https:\\\/\\\/spaakcesoria.pl\\\/index.php\\\/produkt\\\/zestaw-retinol-royal-q10-przeciwzmarszczkowy-do-skory-dojrzalej-leim-20-zabiegow\\\/#primaryimage\"},\"thumbnailUrl\":\"https:\\\/\\\/spaakcesoria.pl\\\/wp-content\\\/uploads\\\/2022\\\/11\\\/ztnzest-leim-retinol.jpeg\",\"datePublished\":\"2022-11-08T16:49:57+00:00\",\"dateModified\":\"2026-02-03T19:28:39+00:00\",\"description\":\"Profesjonalny zestaw do wykonania kompleksowego zabiegu w gabinecie kosmetycznym.Starcza na wykonanie oko\u0142o 20 zabieg\u00f3w na twarz i szyj\u0119.\",\"breadcrumb\":{\"@id\":\"https:\\\/\\\/spaakcesoria.pl\\\/index.php\\\/produkt\\\/zestaw-retinol-royal-q10-przeciwzmarszczkowy-do-skory-dojrzalej-leim-20-zabiegow\\\/#breadcrumb\"},\"inLanguage\":\"pl-PL\",\"potentialAction\":[{\"@type\":\"ReadAction\",\"target\":[\"https:\\\/\\\/spaakcesoria.pl\\\/index.php\\\/produkt\\\/zestaw-retinol-royal-q10-przeciwzmarszczkowy-do-skory-dojrzalej-leim-20-zabiegow\\\/\"]}]},{\"@type\":\"ImageObject\",\"inLanguage\":\"pl-PL\",\"@id\":\"https:\\\/\\\/spaakcesoria.pl\\\/index.php\\\/produkt\\\/zestaw-retinol-royal-q10-przeciwzmarszczkowy-do-skory-dojrzalej-leim-20-zabiegow\\\/#primaryimage\",\"url\":\"https:\\\/\\\/spaakcesoria.pl\\\/wp-content\\\/uploads\\\/2022\\\/11\\\/ztnzest-leim-retinol.jpeg\",\"contentUrl\":\"https:\\\/\\\/spaakcesoria.pl\\\/wp-content\\\/uploads\\\/2022\\\/11\\\/ztnzest-leim-retinol.jpeg\",\"width\":225,\"height\":225},{\"@type\":\"BreadcrumbList\",\"@id\":\"https:\\\/\\\/spaakcesoria.pl\\\/index.php\\\/produkt\\\/zestaw-retinol-royal-q10-przeciwzmarszczkowy-do-skory-dojrzalej-leim-20-zabiegow\\\/#breadcrumb\",\"itemListElement\":[{\"@type\":\"ListItem\",\"position\":1,\"name\":\"Strona g\u0142\u00f3wna\",\"item\":\"https:\\\/\\\/spaakcesoria.pl\\\/\"},{\"@type\":\"ListItem\",\"position\":2,\"name\":\"Sklep\",\"item\":\"https:\\\/\\\/spaakcesoria.pl\\\/index.php\\\/sklep\\\/\"},{\"@type\":\"ListItem\",\"position\":3,\"name\":\"Zestaw RETINOL ROYAL Q10 przeciwzmarszczkowy do sk\u00f3ry dojrza\u0142ej LEIM &#8211; 20 zabieg\u00f3w\"}]},{\"@type\":\"WebSite\",\"@id\":\"https:\\\/\\\/spaakcesoria.pl\\\/#website\",\"url\":\"https:\\\/\\\/spaakcesoria.pl\\\/\",\"name\":\"\",\"description\":\"\",\"potentialAction\":[{\"@type\":\"SearchAction\",\"target\":{\"@type\":\"EntryPoint\",\"urlTemplate\":\"https:\\\/\\\/spaakcesoria.pl\\\/?s={search_term_string}\"},\"query-input\":{\"@type\":\"PropertyValueSpecification\",\"valueRequired\":true,\"valueName\":\"search_term_string\"}}],\"inLanguage\":\"pl-PL\"}]}<\/script>\n<!-- \/ Yoast SEO plugin. -->","yoast_head_json":{"title":"Zestaw RETINOL ROYAL Q10 przeciwzmarszczkowy do sk\u00f3ry dojrza\u0142ej LEIM - 20 zabieg\u00f3w -","description":"Profesjonalny zestaw do wykonania kompleksowego zabiegu w gabinecie kosmetycznym.Starcza na wykonanie oko\u0142o 20 zabieg\u00f3w na twarz i szyj\u0119.","robots":{"index":"index","follow":"follow","max-snippet":"max-snippet:-1","max-image-preview":"max-image-preview:large","max-video-preview":"max-video-preview:-1"},"canonical":"https:\/\/spaakcesoria.pl\/index.php\/produkt\/zestaw-retinol-royal-q10-przeciwzmarszczkowy-do-skory-dojrzalej-leim-20-zabiegow\/","og_locale":"pl_PL","og_type":"article","og_title":"Zestaw RETINOL ROYAL Q10 przeciwzmarszczkowy do sk\u00f3ry dojrza\u0142ej LEIM - 20 zabieg\u00f3w -","og_description":"Profesjonalny zestaw do wykonania kompleksowego zabiegu w gabinecie kosmetycznym.Starcza na wykonanie oko\u0142o 20 zabieg\u00f3w na twarz i szyj\u0119.","og_url":"https:\/\/spaakcesoria.pl\/index.php\/produkt\/zestaw-retinol-royal-q10-przeciwzmarszczkowy-do-skory-dojrzalej-leim-20-zabiegow\/","article_modified_time":"2026-02-03T19:28:39+00:00","og_image":[{"width":225,"height":225,"url":"https:\/\/spaakcesoria.pl\/wp-content\/uploads\/2022\/11\/ztnzest-leim-retinol.jpeg","type":"image\/jpeg"}],"twitter_card":"summary_large_image","twitter_misc":{"Szacowany czas czytania":"1 minuta"},"schema":{"@context":"https:\/\/schema.org","@graph":[{"@type":"WebPage","@id":"https:\/\/spaakcesoria.pl\/index.php\/produkt\/zestaw-retinol-royal-q10-przeciwzmarszczkowy-do-skory-dojrzalej-leim-20-zabiegow\/","url":"https:\/\/spaakcesoria.pl\/index.php\/produkt\/zestaw-retinol-royal-q10-przeciwzmarszczkowy-do-skory-dojrzalej-leim-20-zabiegow\/","name":"Zestaw RETINOL ROYAL Q10 przeciwzmarszczkowy do sk\u00f3ry dojrza\u0142ej LEIM - 20 zabieg\u00f3w -","isPartOf":{"@id":"https:\/\/spaakcesoria.pl\/#website"},"primaryImageOfPage":{"@id":"https:\/\/spaakcesoria.pl\/index.php\/produkt\/zestaw-retinol-royal-q10-przeciwzmarszczkowy-do-skory-dojrzalej-leim-20-zabiegow\/#primaryimage"},"image":{"@id":"https:\/\/spaakcesoria.pl\/index.php\/produkt\/zestaw-retinol-royal-q10-przeciwzmarszczkowy-do-skory-dojrzalej-leim-20-zabiegow\/#primaryimage"},"thumbnailUrl":"https:\/\/spaakcesoria.pl\/wp-content\/uploads\/2022\/11\/ztnzest-leim-retinol.jpeg","datePublished":"2022-11-08T16:49:57+00:00","dateModified":"2026-02-03T19:28:39+00:00","description":"Profesjonalny zestaw do wykonania kompleksowego zabiegu w gabinecie kosmetycznym.Starcza na wykonanie oko\u0142o 20 zabieg\u00f3w na twarz i szyj\u0119.","breadcrumb":{"@id":"https:\/\/spaakcesoria.pl\/index.php\/produkt\/zestaw-retinol-royal-q10-przeciwzmarszczkowy-do-skory-dojrzalej-leim-20-zabiegow\/#breadcrumb"},"inLanguage":"pl-PL","potentialAction":[{"@type":"ReadAction","target":["https:\/\/spaakcesoria.pl\/index.php\/produkt\/zestaw-retinol-royal-q10-przeciwzmarszczkowy-do-skory-dojrzalej-leim-20-zabiegow\/"]}]},{"@type":"ImageObject","inLanguage":"pl-PL","@id":"https:\/\/spaakcesoria.pl\/index.php\/produkt\/zestaw-retinol-royal-q10-przeciwzmarszczkowy-do-skory-dojrzalej-leim-20-zabiegow\/#primaryimage","url":"https:\/\/spaakcesoria.pl\/wp-content\/uploads\/2022\/11\/ztnzest-leim-retinol.jpeg","contentUrl":"https:\/\/spaakcesoria.pl\/wp-content\/uploads\/2022\/11\/ztnzest-leim-retinol.jpeg","width":225,"height":225},{"@type":"BreadcrumbList","@id":"https:\/\/spaakcesoria.pl\/index.php\/produkt\/zestaw-retinol-royal-q10-przeciwzmarszczkowy-do-skory-dojrzalej-leim-20-zabiegow\/#breadcrumb","itemListElement":[{"@type":"ListItem","position":1,"name":"Strona g\u0142\u00f3wna","item":"https:\/\/spaakcesoria.pl\/"},{"@type":"ListItem","position":2,"name":"Sklep","item":"https:\/\/spaakcesoria.pl\/index.php\/sklep\/"},{"@type":"ListItem","position":3,"name":"Zestaw RETINOL ROYAL Q10 przeciwzmarszczkowy do sk\u00f3ry dojrza\u0142ej LEIM &#8211; 20 zabieg\u00f3w"}]},{"@type":"WebSite","@id":"https:\/\/spaakcesoria.pl\/#website","url":"https:\/\/spaakcesoria.pl\/","name":"","description":"","potentialAction":[{"@type":"SearchAction","target":{"@type":"EntryPoint","urlTemplate":"https:\/\/spaakcesoria.pl\/?s={search_term_string}"},"query-input":{"@type":"PropertyValueSpecification","valueRequired":true,"valueName":"search_term_string"}}],"inLanguage":"pl-PL"}]}},"_links":{"self":[{"href":"https:\/\/spaakcesoria.pl\/index.php\/wp-json\/wp\/v2\/product\/2236","targetHints":{"allow":["GET"]}}],"collection":[{"href":"https:\/\/spaakcesoria.pl\/index.php\/wp-json\/wp\/v2\/product"}],"about":[{"href":"https:\/\/spaakcesoria.pl\/index.php\/wp-json\/wp\/v2\/types\/product"}],"version-history":[{"count":1,"href":"https:\/\/spaakcesoria.pl\/index.php\/wp-json\/wp\/v2\/product\/2236\/revisions"}],"predecessor-version":[{"id":2238,"href":"https:\/\/spaakcesoria.pl\/index.php\/wp-json\/wp\/v2\/product\/2236\/revisions\/2238"}],"wp:featuredmedia":[{"embeddable":true,"href":"https:\/\/spaakcesoria.pl\/index.php\/wp-json\/wp\/v2\/media\/2237"}],"wp:attachment":[{"href":"https:\/\/spaakcesoria.pl\/index.php\/wp-json\/wp\/v2\/media?parent=2236"}],"wp:term":[{"taxonomy":"product_brand","embeddable":true,"href":"https:\/\/spaakcesoria.pl\/index.php\/wp-json\/wp\/v2\/product_brand?post=2236"},{"taxonomy":"product_cat","embeddable":true,"href":"https:\/\/spaakcesoria.pl\/index.php\/wp-json\/wp\/v2\/product_cat?post=2236"},{"taxonomy":"product_tag","embeddable":true,"href":"https:\/\/spaakcesoria.pl\/index.php\/wp-json\/wp\/v2\/product_tag?post=2236"}],"curies":[{"name":"wp","href":"https:\/\/api.w.org\/{rel}","templated":true}]}}