{"id":2239,"date":"2022-11-08T18:01:07","date_gmt":"2022-11-08T17:01:07","guid":{"rendered":"https:\/\/spaakcesoria.pl\/?post_type=product&#038;p=2239"},"modified":"2026-02-03T20:28:25","modified_gmt":"2026-02-03T19:28:25","slug":"zestaw-power-c-zabiegi-odmladzajace-na-bazie-witaminy-c-retinolu-leim-25-zabiegow","status":"publish","type":"product","link":"https:\/\/spaakcesoria.pl\/index.php\/produkt\/zestaw-power-c-zabiegi-odmladzajace-na-bazie-witaminy-c-retinolu-leim-25-zabiegow\/","title":{"rendered":"Zestaw POWER C zabiegi odm\u0142adzaj\u0105ce na bazie witaminy C, retinolu LEIM- 25 zabieg\u00f3w"},"content":{"rendered":"<h1 class=\"p1\">Zestaw POWER C zabiegi odm\u0142adzaj\u0105ce na bazie witaminy C, retinolu LEIM- 25 zabieg\u00f3w<\/h1>\n<p>Producent: Leim<\/p>\n<h4><strong>Sk\u0142ad zestawu:<\/strong><\/h4>\n<h4>&#8211; krem Alternative C\/ Star Vitamin A+E+C 220 ml<br \/>\n&#8211; peeling Power C 190 ml,<br \/>\n&#8211; maska Power C 190 ml,<br \/>\n&#8211; Exotic Beauty Mask 50 ml,<br \/>\n&#8211; ampu\u0142ki z retinolem i jedwabnikami 25 x 2 ml,<br \/>\n&#8211; kapsu\u0142ki z wit. C 25 szt.,<br \/>\n&#8211; serum pod oczy 10 sztuk<br \/>\n&#8211; krem 50 ml &#8211; 5 sztuk dla Klientek do domowej piel\u0119gnacji,<\/h4>\n<h4>Power C-2000 to zabieg odm\u0142adzaj\u0105cy i przeciwzmarszczkowy! Unikatowa formu\u0142a bazuje na czystej witaminie C aktywowanej bezpo\u015brednio przed rozpocz\u0119ciem zabiegu.<\/h4>\n<h4>Power C-2000 to najskuteczniejsza metoda neutralizacji wolnych rodnik\u00f3w odpowiedzialnych za starzenie si\u0119 sk\u00f3ry.<\/h4>\n<h4>Zalecanych jest 8-12 zabieg\u00f3w w kuracji, 1-2 razy tygodniowo. Kuracj\u0119 mo\u017cna powtarza\u0107 kilkakrotnie w ci\u0105gu roku.<\/h4>\n<h4>Zabieg mo\u017cna wykonywa\u0107 jako zabieg seryjny lub pojedynczy zabieg intensywnie nawil\u017caj\u0105cy i od\u017cywczy.<\/h4>\n<h4>Opakowanie: zestaw<br \/>\nSpos\u00f3b u\u017cycia:<br \/>\nWed\u0142ug za\u0142\u0105czonego do zestawu schematu<\/h4>\n","protected":false},"excerpt":{"rendered":"<h4>Power C-2000 to zabieg odm\u0142adzaj\u0105cy i przeciwzmarszczkowy! Unikatowa formu\u0142a bazuje na czystej witaminie C aktywowanej bezpo\u015brednio przed rozpocz\u0119ciem zabiegu. Power C-2000 to najskuteczniejsza metoda neutralizacji wolnych rodnik\u00f3w odpowiedzialnych za starzenie si\u0119 sk\u00f3ry.<\/h4>\n","protected":false},"featured_media":2240,"template":"","meta":{"_monsterinsights_skip_tracking":false,"_monsterinsights_sitenote_active":false,"_monsterinsights_sitenote_note":"","_monsterinsights_sitenote_category":0},"product_brand":[],"product_cat":[316],"product_tag":[348,356,357,355],"class_list":{"0":"post-2239","1":"product","2":"type-product","3":"status-publish","4":"has-post-thumbnail","6":"product_cat-zabiegi","7":"product_tag-leim","8":"product_tag-zabieg-odmladzajacy","9":"product_tag-zabieg-z-witamina-c-i-retinolem","10":"product_tag-zestaw-power-c","12":"first","13":"outofstock","14":"taxable","15":"shipping-taxable","16":"purchasable","17":"product-type-simple"},"yoast_head":"<!-- This site is optimized with the Yoast SEO plugin v27.5 - https:\/\/yoast.com\/product\/yoast-seo-wordpress\/ -->\n<title>Zestaw POWER C zabiegi odm\u0142adzaj\u0105ce na bazie witaminy C, retinolu LEIM- 25 zabieg\u00f3w -<\/title>\n<meta name=\"description\" content=\"Power C-2000 to zabieg odm\u0142adzaj\u0105cy i przeciwzmarszczkowy! Unikatowa formu\u0142a bazuje na czystej witaminie C aktywowanej bezpo\u015brednio przed rozpocz\u0119ciem zabiegu. Power C-2000 to najskuteczniejsza metoda neutralizacji wolnych rodnik\u00f3w odpowiedzialnych za starzenie si\u0119 sk\u00f3ry.\" \/>\n<meta name=\"robots\" content=\"index, follow, max-snippet:-1, max-image-preview:large, max-video-preview:-1\" \/>\n<link rel=\"canonical\" href=\"https:\/\/spaakcesoria.pl\/index.php\/produkt\/zestaw-power-c-zabiegi-odmladzajace-na-bazie-witaminy-c-retinolu-leim-25-zabiegow\/\" \/>\n<meta property=\"og:locale\" content=\"pl_PL\" \/>\n<meta property=\"og:type\" content=\"article\" \/>\n<meta property=\"og:title\" content=\"Zestaw POWER C zabiegi odm\u0142adzaj\u0105ce na bazie witaminy C, retinolu LEIM- 25 zabieg\u00f3w -\" \/>\n<meta property=\"og:description\" content=\"Power C-2000 to zabieg odm\u0142adzaj\u0105cy i przeciwzmarszczkowy! Unikatowa formu\u0142a bazuje na czystej witaminie C aktywowanej bezpo\u015brednio przed rozpocz\u0119ciem zabiegu. Power C-2000 to najskuteczniejsza metoda neutralizacji wolnych rodnik\u00f3w odpowiedzialnych za starzenie si\u0119 sk\u00f3ry.\" \/>\n<meta property=\"og:url\" content=\"https:\/\/spaakcesoria.pl\/index.php\/produkt\/zestaw-power-c-zabiegi-odmladzajace-na-bazie-witaminy-c-retinolu-leim-25-zabiegow\/\" \/>\n<meta property=\"article:modified_time\" content=\"2026-02-03T19:28:25+00:00\" \/>\n<meta property=\"og:image\" content=\"https:\/\/spaakcesoria.pl\/wp-content\/uploads\/2022\/11\/ztnzest-leim-power-c-3.jpeg\" \/>\n\t<meta property=\"og:image:width\" content=\"225\" \/>\n\t<meta property=\"og:image:height\" content=\"225\" \/>\n\t<meta property=\"og:image:type\" content=\"image\/jpeg\" \/>\n<meta name=\"twitter:card\" content=\"summary_large_image\" \/>\n<meta name=\"twitter:label1\" content=\"Szacowany czas czytania\" \/>\n\t<meta name=\"twitter:data1\" content=\"2 minuty\" \/>\n<script type=\"application\/ld+json\" class=\"yoast-schema-graph\">{\"@context\":\"https:\\\/\\\/schema.org\",\"@graph\":[{\"@type\":\"WebPage\",\"@id\":\"https:\\\/\\\/spaakcesoria.pl\\\/index.php\\\/produkt\\\/zestaw-power-c-zabiegi-odmladzajace-na-bazie-witaminy-c-retinolu-leim-25-zabiegow\\\/\",\"url\":\"https:\\\/\\\/spaakcesoria.pl\\\/index.php\\\/produkt\\\/zestaw-power-c-zabiegi-odmladzajace-na-bazie-witaminy-c-retinolu-leim-25-zabiegow\\\/\",\"name\":\"Zestaw POWER C zabiegi odm\u0142adzaj\u0105ce na bazie witaminy C, retinolu LEIM- 25 zabieg\u00f3w -\",\"isPartOf\":{\"@id\":\"https:\\\/\\\/spaakcesoria.pl\\\/#website\"},\"primaryImageOfPage\":{\"@id\":\"https:\\\/\\\/spaakcesoria.pl\\\/index.php\\\/produkt\\\/zestaw-power-c-zabiegi-odmladzajace-na-bazie-witaminy-c-retinolu-leim-25-zabiegow\\\/#primaryimage\"},\"image\":{\"@id\":\"https:\\\/\\\/spaakcesoria.pl\\\/index.php\\\/produkt\\\/zestaw-power-c-zabiegi-odmladzajace-na-bazie-witaminy-c-retinolu-leim-25-zabiegow\\\/#primaryimage\"},\"thumbnailUrl\":\"https:\\\/\\\/spaakcesoria.pl\\\/wp-content\\\/uploads\\\/2022\\\/11\\\/ztnzest-leim-power-c-3.jpeg\",\"datePublished\":\"2022-11-08T17:01:07+00:00\",\"dateModified\":\"2026-02-03T19:28:25+00:00\",\"description\":\"Power C-2000 to zabieg odm\u0142adzaj\u0105cy i przeciwzmarszczkowy! Unikatowa formu\u0142a bazuje na czystej witaminie C aktywowanej bezpo\u015brednio przed rozpocz\u0119ciem zabiegu. Power C-2000 to najskuteczniejsza metoda neutralizacji wolnych rodnik\u00f3w odpowiedzialnych za starzenie si\u0119 sk\u00f3ry.\",\"breadcrumb\":{\"@id\":\"https:\\\/\\\/spaakcesoria.pl\\\/index.php\\\/produkt\\\/zestaw-power-c-zabiegi-odmladzajace-na-bazie-witaminy-c-retinolu-leim-25-zabiegow\\\/#breadcrumb\"},\"inLanguage\":\"pl-PL\",\"potentialAction\":[{\"@type\":\"ReadAction\",\"target\":[\"https:\\\/\\\/spaakcesoria.pl\\\/index.php\\\/produkt\\\/zestaw-power-c-zabiegi-odmladzajace-na-bazie-witaminy-c-retinolu-leim-25-zabiegow\\\/\"]}]},{\"@type\":\"ImageObject\",\"inLanguage\":\"pl-PL\",\"@id\":\"https:\\\/\\\/spaakcesoria.pl\\\/index.php\\\/produkt\\\/zestaw-power-c-zabiegi-odmladzajace-na-bazie-witaminy-c-retinolu-leim-25-zabiegow\\\/#primaryimage\",\"url\":\"https:\\\/\\\/spaakcesoria.pl\\\/wp-content\\\/uploads\\\/2022\\\/11\\\/ztnzest-leim-power-c-3.jpeg\",\"contentUrl\":\"https:\\\/\\\/spaakcesoria.pl\\\/wp-content\\\/uploads\\\/2022\\\/11\\\/ztnzest-leim-power-c-3.jpeg\",\"width\":225,\"height\":225},{\"@type\":\"BreadcrumbList\",\"@id\":\"https:\\\/\\\/spaakcesoria.pl\\\/index.php\\\/produkt\\\/zestaw-power-c-zabiegi-odmladzajace-na-bazie-witaminy-c-retinolu-leim-25-zabiegow\\\/#breadcrumb\",\"itemListElement\":[{\"@type\":\"ListItem\",\"position\":1,\"name\":\"Strona g\u0142\u00f3wna\",\"item\":\"https:\\\/\\\/spaakcesoria.pl\\\/\"},{\"@type\":\"ListItem\",\"position\":2,\"name\":\"Sklep\",\"item\":\"https:\\\/\\\/spaakcesoria.pl\\\/index.php\\\/sklep\\\/\"},{\"@type\":\"ListItem\",\"position\":3,\"name\":\"Zestaw POWER C zabiegi odm\u0142adzaj\u0105ce na bazie witaminy C, retinolu LEIM- 25 zabieg\u00f3w\"}]},{\"@type\":\"WebSite\",\"@id\":\"https:\\\/\\\/spaakcesoria.pl\\\/#website\",\"url\":\"https:\\\/\\\/spaakcesoria.pl\\\/\",\"name\":\"\",\"description\":\"\",\"potentialAction\":[{\"@type\":\"SearchAction\",\"target\":{\"@type\":\"EntryPoint\",\"urlTemplate\":\"https:\\\/\\\/spaakcesoria.pl\\\/?s={search_term_string}\"},\"query-input\":{\"@type\":\"PropertyValueSpecification\",\"valueRequired\":true,\"valueName\":\"search_term_string\"}}],\"inLanguage\":\"pl-PL\"}]}<\/script>\n<!-- \/ Yoast SEO plugin. -->","yoast_head_json":{"title":"Zestaw POWER C zabiegi odm\u0142adzaj\u0105ce na bazie witaminy C, retinolu LEIM- 25 zabieg\u00f3w -","description":"Power C-2000 to zabieg odm\u0142adzaj\u0105cy i przeciwzmarszczkowy! Unikatowa formu\u0142a bazuje na czystej witaminie C aktywowanej bezpo\u015brednio przed rozpocz\u0119ciem zabiegu. Power C-2000 to najskuteczniejsza metoda neutralizacji wolnych rodnik\u00f3w odpowiedzialnych za starzenie si\u0119 sk\u00f3ry.","robots":{"index":"index","follow":"follow","max-snippet":"max-snippet:-1","max-image-preview":"max-image-preview:large","max-video-preview":"max-video-preview:-1"},"canonical":"https:\/\/spaakcesoria.pl\/index.php\/produkt\/zestaw-power-c-zabiegi-odmladzajace-na-bazie-witaminy-c-retinolu-leim-25-zabiegow\/","og_locale":"pl_PL","og_type":"article","og_title":"Zestaw POWER C zabiegi odm\u0142adzaj\u0105ce na bazie witaminy C, retinolu LEIM- 25 zabieg\u00f3w -","og_description":"Power C-2000 to zabieg odm\u0142adzaj\u0105cy i przeciwzmarszczkowy! Unikatowa formu\u0142a bazuje na czystej witaminie C aktywowanej bezpo\u015brednio przed rozpocz\u0119ciem zabiegu. Power C-2000 to najskuteczniejsza metoda neutralizacji wolnych rodnik\u00f3w odpowiedzialnych za starzenie si\u0119 sk\u00f3ry.","og_url":"https:\/\/spaakcesoria.pl\/index.php\/produkt\/zestaw-power-c-zabiegi-odmladzajace-na-bazie-witaminy-c-retinolu-leim-25-zabiegow\/","article_modified_time":"2026-02-03T19:28:25+00:00","og_image":[{"width":225,"height":225,"url":"https:\/\/spaakcesoria.pl\/wp-content\/uploads\/2022\/11\/ztnzest-leim-power-c-3.jpeg","type":"image\/jpeg"}],"twitter_card":"summary_large_image","twitter_misc":{"Szacowany czas czytania":"2 minuty"},"schema":{"@context":"https:\/\/schema.org","@graph":[{"@type":"WebPage","@id":"https:\/\/spaakcesoria.pl\/index.php\/produkt\/zestaw-power-c-zabiegi-odmladzajace-na-bazie-witaminy-c-retinolu-leim-25-zabiegow\/","url":"https:\/\/spaakcesoria.pl\/index.php\/produkt\/zestaw-power-c-zabiegi-odmladzajace-na-bazie-witaminy-c-retinolu-leim-25-zabiegow\/","name":"Zestaw POWER C zabiegi odm\u0142adzaj\u0105ce na bazie witaminy C, retinolu LEIM- 25 zabieg\u00f3w -","isPartOf":{"@id":"https:\/\/spaakcesoria.pl\/#website"},"primaryImageOfPage":{"@id":"https:\/\/spaakcesoria.pl\/index.php\/produkt\/zestaw-power-c-zabiegi-odmladzajace-na-bazie-witaminy-c-retinolu-leim-25-zabiegow\/#primaryimage"},"image":{"@id":"https:\/\/spaakcesoria.pl\/index.php\/produkt\/zestaw-power-c-zabiegi-odmladzajace-na-bazie-witaminy-c-retinolu-leim-25-zabiegow\/#primaryimage"},"thumbnailUrl":"https:\/\/spaakcesoria.pl\/wp-content\/uploads\/2022\/11\/ztnzest-leim-power-c-3.jpeg","datePublished":"2022-11-08T17:01:07+00:00","dateModified":"2026-02-03T19:28:25+00:00","description":"Power C-2000 to zabieg odm\u0142adzaj\u0105cy i przeciwzmarszczkowy! Unikatowa formu\u0142a bazuje na czystej witaminie C aktywowanej bezpo\u015brednio przed rozpocz\u0119ciem zabiegu. Power C-2000 to najskuteczniejsza metoda neutralizacji wolnych rodnik\u00f3w odpowiedzialnych za starzenie si\u0119 sk\u00f3ry.","breadcrumb":{"@id":"https:\/\/spaakcesoria.pl\/index.php\/produkt\/zestaw-power-c-zabiegi-odmladzajace-na-bazie-witaminy-c-retinolu-leim-25-zabiegow\/#breadcrumb"},"inLanguage":"pl-PL","potentialAction":[{"@type":"ReadAction","target":["https:\/\/spaakcesoria.pl\/index.php\/produkt\/zestaw-power-c-zabiegi-odmladzajace-na-bazie-witaminy-c-retinolu-leim-25-zabiegow\/"]}]},{"@type":"ImageObject","inLanguage":"pl-PL","@id":"https:\/\/spaakcesoria.pl\/index.php\/produkt\/zestaw-power-c-zabiegi-odmladzajace-na-bazie-witaminy-c-retinolu-leim-25-zabiegow\/#primaryimage","url":"https:\/\/spaakcesoria.pl\/wp-content\/uploads\/2022\/11\/ztnzest-leim-power-c-3.jpeg","contentUrl":"https:\/\/spaakcesoria.pl\/wp-content\/uploads\/2022\/11\/ztnzest-leim-power-c-3.jpeg","width":225,"height":225},{"@type":"BreadcrumbList","@id":"https:\/\/spaakcesoria.pl\/index.php\/produkt\/zestaw-power-c-zabiegi-odmladzajace-na-bazie-witaminy-c-retinolu-leim-25-zabiegow\/#breadcrumb","itemListElement":[{"@type":"ListItem","position":1,"name":"Strona g\u0142\u00f3wna","item":"https:\/\/spaakcesoria.pl\/"},{"@type":"ListItem","position":2,"name":"Sklep","item":"https:\/\/spaakcesoria.pl\/index.php\/sklep\/"},{"@type":"ListItem","position":3,"name":"Zestaw POWER C zabiegi odm\u0142adzaj\u0105ce na bazie witaminy C, retinolu LEIM- 25 zabieg\u00f3w"}]},{"@type":"WebSite","@id":"https:\/\/spaakcesoria.pl\/#website","url":"https:\/\/spaakcesoria.pl\/","name":"","description":"","potentialAction":[{"@type":"SearchAction","target":{"@type":"EntryPoint","urlTemplate":"https:\/\/spaakcesoria.pl\/?s={search_term_string}"},"query-input":{"@type":"PropertyValueSpecification","valueRequired":true,"valueName":"search_term_string"}}],"inLanguage":"pl-PL"}]}},"_links":{"self":[{"href":"https:\/\/spaakcesoria.pl\/index.php\/wp-json\/wp\/v2\/product\/2239","targetHints":{"allow":["GET"]}}],"collection":[{"href":"https:\/\/spaakcesoria.pl\/index.php\/wp-json\/wp\/v2\/product"}],"about":[{"href":"https:\/\/spaakcesoria.pl\/index.php\/wp-json\/wp\/v2\/types\/product"}],"version-history":[{"count":1,"href":"https:\/\/spaakcesoria.pl\/index.php\/wp-json\/wp\/v2\/product\/2239\/revisions"}],"predecessor-version":[{"id":2241,"href":"https:\/\/spaakcesoria.pl\/index.php\/wp-json\/wp\/v2\/product\/2239\/revisions\/2241"}],"wp:featuredmedia":[{"embeddable":true,"href":"https:\/\/spaakcesoria.pl\/index.php\/wp-json\/wp\/v2\/media\/2240"}],"wp:attachment":[{"href":"https:\/\/spaakcesoria.pl\/index.php\/wp-json\/wp\/v2\/media?parent=2239"}],"wp:term":[{"taxonomy":"product_brand","embeddable":true,"href":"https:\/\/spaakcesoria.pl\/index.php\/wp-json\/wp\/v2\/product_brand?post=2239"},{"taxonomy":"product_cat","embeddable":true,"href":"https:\/\/spaakcesoria.pl\/index.php\/wp-json\/wp\/v2\/product_cat?post=2239"},{"taxonomy":"product_tag","embeddable":true,"href":"https:\/\/spaakcesoria.pl\/index.php\/wp-json\/wp\/v2\/product_tag?post=2239"}],"curies":[{"name":"wp","href":"https:\/\/api.w.org\/{rel}","templated":true}]}}