{"id":2274,"date":"2022-11-10T17:07:05","date_gmt":"2022-11-10T16:07:05","guid":{"rendered":"https:\/\/spaakcesoria.pl\/?post_type=product&#038;p=2274"},"modified":"2026-02-03T20:19:38","modified_gmt":"2026-02-03T19:19:38","slug":"ampulki-alternative-c-z-aktywna-witamina-c-8-leim-4x-8ml","status":"publish","type":"product","link":"https:\/\/spaakcesoria.pl\/index.php\/produkt\/ampulki-alternative-c-z-aktywna-witamina-c-8-leim-4x-8ml\/","title":{"rendered":"Ampu\u0142ki ALTERNATIVE C z aktywn\u0105 witamin\u0105 C 8% Leim 4x 8ml"},"content":{"rendered":"<h1>Ampu\u0142ki ALTERNATIVE C z aktywn\u0105 witamin\u0105 C 8% Leim 4x 8ml<\/h1>\n<p>Opakowanie 4 x 8 ml<\/p>\n<h4>Ampu\u0142ki to preparat z czyst\u0105 witamin\u0105 C 8%, kt\u00f3ra\u00a0wzmacnia i uelastycznia kruche naczynka w\u0142osowate, wycisza stany zapalne a tak\u017ce dzia\u0142a regeneruj\u0105co na sk\u00f3r\u0119. Przeznaczony do cery zniszczonej, nara\u017conej na cz\u0119ste dzia\u0142anie czynnik\u00f3w atmosferycznych oraz klimatyzowanych pomieszcze\u0144.<\/h4>\n<h4>Uaktywnianie witaminy C bezpo\u015brednio na sk\u00f3r\u0119 gwarantuje zachowanie wszystkich jej w\u0142a\u015bciwo\u015bci.<\/h4>\n<h4>Dobroczynne dzia\u0142anie witaminy C sprawia, i\u017c sk\u00f3ra jest lepiej od\u017cywiona, nawil\u017cona i w kr\u00f3tkim czasie nabiera niebywa\u0142ego blasku oraz m\u0142odzie\u0144czego wygl\u0105du.<\/h4>\n<h4>Ze wzgl\u0119du na swoje szerokie dzia\u0142anie ampu\u0142ka z witamin\u0105 C przeznaczona jest do piel\u0119gnacji ka\u017cdego typu cery a szczeg\u00f3lnie zalecana dla sk\u00f3ry zniszczonej.<\/h4>\n<h4><strong>Witamina C<\/strong> dostarczana sk\u00f3rze z zewn\u0105trz poprawia mikrocyrkulacj\u0119 krwi. Dzi\u0119ki temu kom\u00f3rki s\u0105 lepiej od\u017cywione i dotlenione, a sk\u00f3ra rozja\u015bnia si\u0119, nabiera blasku i energii. Witamina ta zwi\u0119ksza r\u00f3wnie\u017c mechaniczn\u0105 odporno\u015b\u0107 \u015bcian naczy\u0144 w\u0142osowatych.<br \/>\nDzi\u0119ki jej delikatnemu dzia\u0142aniu z\u0142uszczaj\u0105cemu i rozja\u015bniaj\u0105cemu zmniejsza te\u017c sk\u0142onno\u015b\u0107 do przebarwie\u0144 i pieg\u00f3w.<br \/>\nOstatnio r\u00f3wnie\u017c opisuje si\u0119 korzystny wp\u0142yw kwasu askorbinowego na produkcj\u0119 kolagenu. Kolagen to bia\u0142ko odpowiedzialne m. in. za elastyczno\u015b\u0107, spr\u0119\u017cysto\u015b\u0107 i g\u0142adko\u015b\u0107 sk\u00f3ry. Witamina C bierze udzia\u0142 w jego syntezie.<br \/>\nPonadto wykazano, \u017ce witamina C dostarczana z zewn\u0105trz przyspiesza gojenie oparze\u0144, r\u00f3wnie\u017c pos\u0142onecznych wywo\u0142anych dzia\u0142aniem promieniowania UVB.<\/h4>\n<h4><strong>DZIA\u0141ANIE:<\/strong><\/h4>\n<h4>&#8211; Silnie przeciwzmarszczkowe<br \/>\n&#8211; Ekstremalnie nawil\u017caj\u0105ce<br \/>\n&#8211; Wyg\u0142adzaj\u0105ce i od\u015bwie\u017caj\u0105ce<br \/>\n&#8211; Regeneruj\u0105ce zniszczon\u0105 sk\u00f3r\u0119<br \/>\n&#8211; Uszczelniaj\u0105ce kruche naczynia krwiono\u015bne<br \/>\n&#8211; Wyciszaj\u0105co na stany zapalne<br \/>\n&#8211; Ochrona przed wolnymi rodnikami<br \/>\n&#8211; Przywr\u00f3cenie sk\u00f3rze elastyczno\u015bci<\/h4>\n<h4><strong>Spos\u00f3b u\u017cycia:<\/strong><\/h4>\n<h4>Zdj\u0105\u0107 foli\u0119 lakow\u0105, wcisn\u0105\u0107 bia\u0142y korek, wymiesza\u0107 zawarto\u015b\u0107, na\u0142o\u017cy\u0107 dozownik.Niewielk\u0105 ilo\u015b\u0107 wmasowa\u0107 w sk\u00f3r\u0119 twarzy i szyi. Uaktywniona ampu\u0142ka jest dobra do u\u017cytku przez 7 dni. Przechowywa\u0107 w lod\u00f3wce.<\/h4>\n<h4><\/h4>\n","protected":false},"excerpt":{"rendered":"<h4>Ampu\u0142ki to preparat z czyst\u0105 witamin\u0105 C 8%, kt\u00f3ra\u00a0wzmacnia i uelastycznia kruche naczynka w\u0142osowate, wycisza stany zapalne a tak\u017ce dzia\u0142a regeneruj\u0105co na sk\u00f3r\u0119.<\/h4>\n","protected":false},"featured_media":2275,"template":"","meta":{"_monsterinsights_skip_tracking":false,"_monsterinsights_sitenote_active":false,"_monsterinsights_sitenote_note":"","_monsterinsights_sitenote_category":0},"product_brand":[],"product_cat":[322,22],"product_tag":[379,380,348],"class_list":{"0":"post-2274","1":"product","2":"type-product","3":"status-publish","4":"has-post-thumbnail","6":"product_cat-ampulki","7":"product_cat-kosmetyki","8":"product_tag-ampulki-2","9":"product_tag-ampulki-z-witamina-c","10":"product_tag-leim","12":"first","13":"outofstock","14":"taxable","15":"shipping-taxable","16":"purchasable","17":"product-type-simple"},"yoast_head":"<!-- This site is optimized with the Yoast SEO plugin v27.6 - https:\/\/yoast.com\/product\/yoast-seo-wordpress\/ -->\n<title>Ampu\u0142ki ALTERNATIVE C z aktywn\u0105 witamin\u0105 C 8% Leim 4x 8ml -<\/title>\n<meta name=\"description\" content=\"Ampu\u0142ki ALTERNATIVE C z aktywn\u0105 witamin\u0105 C 8% Leim 4x 8mlAmpu\u0142ki to preparat z czyst\u0105 witamin\u0105 C 8%, kt\u00f3ra wzmacnia i uelastycznia kruche naczynka w\u0142osowate, wycisza stany zapalne a tak\u017ce dzia\u0142a regeneruj\u0105co na sk\u00f3r\u0119.\" \/>\n<meta name=\"robots\" content=\"index, follow, max-snippet:-1, max-image-preview:large, max-video-preview:-1\" \/>\n<link rel=\"canonical\" href=\"https:\/\/spaakcesoria.pl\/index.php\/produkt\/ampulki-alternative-c-z-aktywna-witamina-c-8-leim-4x-8ml\/\" \/>\n<meta property=\"og:locale\" content=\"pl_PL\" \/>\n<meta property=\"og:type\" content=\"article\" \/>\n<meta property=\"og:title\" content=\"Ampu\u0142ki ALTERNATIVE C z aktywn\u0105 witamin\u0105 C 8% Leim 4x 8ml -\" \/>\n<meta property=\"og:description\" content=\"Ampu\u0142ki ALTERNATIVE C z aktywn\u0105 witamin\u0105 C 8% Leim 4x 8mlAmpu\u0142ki to preparat z czyst\u0105 witamin\u0105 C 8%, kt\u00f3ra wzmacnia i uelastycznia kruche naczynka w\u0142osowate, wycisza stany zapalne a tak\u017ce dzia\u0142a regeneruj\u0105co na sk\u00f3r\u0119.\" \/>\n<meta property=\"og:url\" content=\"https:\/\/spaakcesoria.pl\/index.php\/produkt\/ampulki-alternative-c-z-aktywna-witamina-c-8-leim-4x-8ml\/\" \/>\n<meta property=\"article:modified_time\" content=\"2026-02-03T19:19:38+00:00\" \/>\n<meta property=\"og:image\" content=\"https:\/\/spaakcesoria.pl\/wp-content\/uploads\/2022\/11\/Alternative-C-Ampulki-z-czysta-witamina-C-op-4-8ml_2354_1200.jpeg\" \/>\n\t<meta property=\"og:image:width\" content=\"649\" \/>\n\t<meta property=\"og:image:height\" content=\"617\" \/>\n\t<meta property=\"og:image:type\" content=\"image\/jpeg\" \/>\n<meta name=\"twitter:card\" content=\"summary_large_image\" \/>\n<meta name=\"twitter:label1\" content=\"Szacowany czas czytania\" \/>\n\t<meta name=\"twitter:data1\" content=\"2 minuty\" \/>\n<script type=\"application\/ld+json\" class=\"yoast-schema-graph\">{\"@context\":\"https:\\\/\\\/schema.org\",\"@graph\":[{\"@type\":\"WebPage\",\"@id\":\"https:\\\/\\\/spaakcesoria.pl\\\/index.php\\\/produkt\\\/ampulki-alternative-c-z-aktywna-witamina-c-8-leim-4x-8ml\\\/\",\"url\":\"https:\\\/\\\/spaakcesoria.pl\\\/index.php\\\/produkt\\\/ampulki-alternative-c-z-aktywna-witamina-c-8-leim-4x-8ml\\\/\",\"name\":\"Ampu\u0142ki ALTERNATIVE C z aktywn\u0105 witamin\u0105 C 8% Leim 4x 8ml -\",\"isPartOf\":{\"@id\":\"https:\\\/\\\/spaakcesoria.pl\\\/#website\"},\"primaryImageOfPage\":{\"@id\":\"https:\\\/\\\/spaakcesoria.pl\\\/index.php\\\/produkt\\\/ampulki-alternative-c-z-aktywna-witamina-c-8-leim-4x-8ml\\\/#primaryimage\"},\"image\":{\"@id\":\"https:\\\/\\\/spaakcesoria.pl\\\/index.php\\\/produkt\\\/ampulki-alternative-c-z-aktywna-witamina-c-8-leim-4x-8ml\\\/#primaryimage\"},\"thumbnailUrl\":\"https:\\\/\\\/spaakcesoria.pl\\\/wp-content\\\/uploads\\\/2022\\\/11\\\/Alternative-C-Ampulki-z-czysta-witamina-C-op-4-8ml_2354_1200.jpeg\",\"datePublished\":\"2022-11-10T16:07:05+00:00\",\"dateModified\":\"2026-02-03T19:19:38+00:00\",\"description\":\"Ampu\u0142ki ALTERNATIVE C z aktywn\u0105 witamin\u0105 C 8% Leim 4x 8mlAmpu\u0142ki to preparat z czyst\u0105 witamin\u0105 C 8%, kt\u00f3ra wzmacnia i uelastycznia kruche naczynka w\u0142osowate, wycisza stany zapalne a tak\u017ce dzia\u0142a regeneruj\u0105co na sk\u00f3r\u0119.\",\"breadcrumb\":{\"@id\":\"https:\\\/\\\/spaakcesoria.pl\\\/index.php\\\/produkt\\\/ampulki-alternative-c-z-aktywna-witamina-c-8-leim-4x-8ml\\\/#breadcrumb\"},\"inLanguage\":\"pl-PL\",\"potentialAction\":[{\"@type\":\"ReadAction\",\"target\":[\"https:\\\/\\\/spaakcesoria.pl\\\/index.php\\\/produkt\\\/ampulki-alternative-c-z-aktywna-witamina-c-8-leim-4x-8ml\\\/\"]}]},{\"@type\":\"ImageObject\",\"inLanguage\":\"pl-PL\",\"@id\":\"https:\\\/\\\/spaakcesoria.pl\\\/index.php\\\/produkt\\\/ampulki-alternative-c-z-aktywna-witamina-c-8-leim-4x-8ml\\\/#primaryimage\",\"url\":\"https:\\\/\\\/spaakcesoria.pl\\\/wp-content\\\/uploads\\\/2022\\\/11\\\/Alternative-C-Ampulki-z-czysta-witamina-C-op-4-8ml_2354_1200.jpeg\",\"contentUrl\":\"https:\\\/\\\/spaakcesoria.pl\\\/wp-content\\\/uploads\\\/2022\\\/11\\\/Alternative-C-Ampulki-z-czysta-witamina-C-op-4-8ml_2354_1200.jpeg\",\"width\":649,\"height\":617},{\"@type\":\"BreadcrumbList\",\"@id\":\"https:\\\/\\\/spaakcesoria.pl\\\/index.php\\\/produkt\\\/ampulki-alternative-c-z-aktywna-witamina-c-8-leim-4x-8ml\\\/#breadcrumb\",\"itemListElement\":[{\"@type\":\"ListItem\",\"position\":1,\"name\":\"Strona g\u0142\u00f3wna\",\"item\":\"https:\\\/\\\/spaakcesoria.pl\\\/\"},{\"@type\":\"ListItem\",\"position\":2,\"name\":\"Sklep\",\"item\":\"https:\\\/\\\/spaakcesoria.pl\\\/index.php\\\/sklep\\\/\"},{\"@type\":\"ListItem\",\"position\":3,\"name\":\"Ampu\u0142ki ALTERNATIVE C z aktywn\u0105 witamin\u0105 C 8% Leim 4x 8ml\"}]},{\"@type\":\"WebSite\",\"@id\":\"https:\\\/\\\/spaakcesoria.pl\\\/#website\",\"url\":\"https:\\\/\\\/spaakcesoria.pl\\\/\",\"name\":\"\",\"description\":\"\",\"potentialAction\":[{\"@type\":\"SearchAction\",\"target\":{\"@type\":\"EntryPoint\",\"urlTemplate\":\"https:\\\/\\\/spaakcesoria.pl\\\/?s={search_term_string}\"},\"query-input\":{\"@type\":\"PropertyValueSpecification\",\"valueRequired\":true,\"valueName\":\"search_term_string\"}}],\"inLanguage\":\"pl-PL\"}]}<\/script>\n<!-- \/ Yoast SEO plugin. -->","yoast_head_json":{"title":"Ampu\u0142ki ALTERNATIVE C z aktywn\u0105 witamin\u0105 C 8% Leim 4x 8ml -","description":"Ampu\u0142ki ALTERNATIVE C z aktywn\u0105 witamin\u0105 C 8% Leim 4x 8mlAmpu\u0142ki to preparat z czyst\u0105 witamin\u0105 C 8%, kt\u00f3ra wzmacnia i uelastycznia kruche naczynka w\u0142osowate, wycisza stany zapalne a tak\u017ce dzia\u0142a regeneruj\u0105co na sk\u00f3r\u0119.","robots":{"index":"index","follow":"follow","max-snippet":"max-snippet:-1","max-image-preview":"max-image-preview:large","max-video-preview":"max-video-preview:-1"},"canonical":"https:\/\/spaakcesoria.pl\/index.php\/produkt\/ampulki-alternative-c-z-aktywna-witamina-c-8-leim-4x-8ml\/","og_locale":"pl_PL","og_type":"article","og_title":"Ampu\u0142ki ALTERNATIVE C z aktywn\u0105 witamin\u0105 C 8% Leim 4x 8ml -","og_description":"Ampu\u0142ki ALTERNATIVE C z aktywn\u0105 witamin\u0105 C 8% Leim 4x 8mlAmpu\u0142ki to preparat z czyst\u0105 witamin\u0105 C 8%, kt\u00f3ra wzmacnia i uelastycznia kruche naczynka w\u0142osowate, wycisza stany zapalne a tak\u017ce dzia\u0142a regeneruj\u0105co na sk\u00f3r\u0119.","og_url":"https:\/\/spaakcesoria.pl\/index.php\/produkt\/ampulki-alternative-c-z-aktywna-witamina-c-8-leim-4x-8ml\/","article_modified_time":"2026-02-03T19:19:38+00:00","og_image":[{"width":649,"height":617,"url":"https:\/\/spaakcesoria.pl\/wp-content\/uploads\/2022\/11\/Alternative-C-Ampulki-z-czysta-witamina-C-op-4-8ml_2354_1200.jpeg","type":"image\/jpeg"}],"twitter_card":"summary_large_image","twitter_misc":{"Szacowany czas czytania":"2 minuty"},"schema":{"@context":"https:\/\/schema.org","@graph":[{"@type":"WebPage","@id":"https:\/\/spaakcesoria.pl\/index.php\/produkt\/ampulki-alternative-c-z-aktywna-witamina-c-8-leim-4x-8ml\/","url":"https:\/\/spaakcesoria.pl\/index.php\/produkt\/ampulki-alternative-c-z-aktywna-witamina-c-8-leim-4x-8ml\/","name":"Ampu\u0142ki ALTERNATIVE C z aktywn\u0105 witamin\u0105 C 8% Leim 4x 8ml -","isPartOf":{"@id":"https:\/\/spaakcesoria.pl\/#website"},"primaryImageOfPage":{"@id":"https:\/\/spaakcesoria.pl\/index.php\/produkt\/ampulki-alternative-c-z-aktywna-witamina-c-8-leim-4x-8ml\/#primaryimage"},"image":{"@id":"https:\/\/spaakcesoria.pl\/index.php\/produkt\/ampulki-alternative-c-z-aktywna-witamina-c-8-leim-4x-8ml\/#primaryimage"},"thumbnailUrl":"https:\/\/spaakcesoria.pl\/wp-content\/uploads\/2022\/11\/Alternative-C-Ampulki-z-czysta-witamina-C-op-4-8ml_2354_1200.jpeg","datePublished":"2022-11-10T16:07:05+00:00","dateModified":"2026-02-03T19:19:38+00:00","description":"Ampu\u0142ki ALTERNATIVE C z aktywn\u0105 witamin\u0105 C 8% Leim 4x 8mlAmpu\u0142ki to preparat z czyst\u0105 witamin\u0105 C 8%, kt\u00f3ra wzmacnia i uelastycznia kruche naczynka w\u0142osowate, wycisza stany zapalne a tak\u017ce dzia\u0142a regeneruj\u0105co na sk\u00f3r\u0119.","breadcrumb":{"@id":"https:\/\/spaakcesoria.pl\/index.php\/produkt\/ampulki-alternative-c-z-aktywna-witamina-c-8-leim-4x-8ml\/#breadcrumb"},"inLanguage":"pl-PL","potentialAction":[{"@type":"ReadAction","target":["https:\/\/spaakcesoria.pl\/index.php\/produkt\/ampulki-alternative-c-z-aktywna-witamina-c-8-leim-4x-8ml\/"]}]},{"@type":"ImageObject","inLanguage":"pl-PL","@id":"https:\/\/spaakcesoria.pl\/index.php\/produkt\/ampulki-alternative-c-z-aktywna-witamina-c-8-leim-4x-8ml\/#primaryimage","url":"https:\/\/spaakcesoria.pl\/wp-content\/uploads\/2022\/11\/Alternative-C-Ampulki-z-czysta-witamina-C-op-4-8ml_2354_1200.jpeg","contentUrl":"https:\/\/spaakcesoria.pl\/wp-content\/uploads\/2022\/11\/Alternative-C-Ampulki-z-czysta-witamina-C-op-4-8ml_2354_1200.jpeg","width":649,"height":617},{"@type":"BreadcrumbList","@id":"https:\/\/spaakcesoria.pl\/index.php\/produkt\/ampulki-alternative-c-z-aktywna-witamina-c-8-leim-4x-8ml\/#breadcrumb","itemListElement":[{"@type":"ListItem","position":1,"name":"Strona g\u0142\u00f3wna","item":"https:\/\/spaakcesoria.pl\/"},{"@type":"ListItem","position":2,"name":"Sklep","item":"https:\/\/spaakcesoria.pl\/index.php\/sklep\/"},{"@type":"ListItem","position":3,"name":"Ampu\u0142ki ALTERNATIVE C z aktywn\u0105 witamin\u0105 C 8% Leim 4x 8ml"}]},{"@type":"WebSite","@id":"https:\/\/spaakcesoria.pl\/#website","url":"https:\/\/spaakcesoria.pl\/","name":"","description":"","potentialAction":[{"@type":"SearchAction","target":{"@type":"EntryPoint","urlTemplate":"https:\/\/spaakcesoria.pl\/?s={search_term_string}"},"query-input":{"@type":"PropertyValueSpecification","valueRequired":true,"valueName":"search_term_string"}}],"inLanguage":"pl-PL"}]}},"_links":{"self":[{"href":"https:\/\/spaakcesoria.pl\/index.php\/wp-json\/wp\/v2\/product\/2274","targetHints":{"allow":["GET"]}}],"collection":[{"href":"https:\/\/spaakcesoria.pl\/index.php\/wp-json\/wp\/v2\/product"}],"about":[{"href":"https:\/\/spaakcesoria.pl\/index.php\/wp-json\/wp\/v2\/types\/product"}],"version-history":[{"count":2,"href":"https:\/\/spaakcesoria.pl\/index.php\/wp-json\/wp\/v2\/product\/2274\/revisions"}],"predecessor-version":[{"id":3342,"href":"https:\/\/spaakcesoria.pl\/index.php\/wp-json\/wp\/v2\/product\/2274\/revisions\/3342"}],"wp:featuredmedia":[{"embeddable":true,"href":"https:\/\/spaakcesoria.pl\/index.php\/wp-json\/wp\/v2\/media\/2275"}],"wp:attachment":[{"href":"https:\/\/spaakcesoria.pl\/index.php\/wp-json\/wp\/v2\/media?parent=2274"}],"wp:term":[{"taxonomy":"product_brand","embeddable":true,"href":"https:\/\/spaakcesoria.pl\/index.php\/wp-json\/wp\/v2\/product_brand?post=2274"},{"taxonomy":"product_cat","embeddable":true,"href":"https:\/\/spaakcesoria.pl\/index.php\/wp-json\/wp\/v2\/product_cat?post=2274"},{"taxonomy":"product_tag","embeddable":true,"href":"https:\/\/spaakcesoria.pl\/index.php\/wp-json\/wp\/v2\/product_tag?post=2274"}],"curies":[{"name":"wp","href":"https:\/\/api.w.org\/{rel}","templated":true}]}}