{"id":2306,"date":"2022-11-10T18:50:47","date_gmt":"2022-11-10T17:50:47","guid":{"rendered":"https:\/\/spaakcesoria.pl\/?post_type=product&#038;p=2306"},"modified":"2026-02-03T20:16:18","modified_gmt":"2026-02-03T19:16:18","slug":"ampulki-kolagenzenszen-collagen-ginseng-leim-10x-4ml","status":"publish","type":"product","link":"https:\/\/spaakcesoria.pl\/index.php\/produkt\/ampulki-kolagenzenszen-collagen-ginseng-leim-10x-4ml\/","title":{"rendered":"Ampu\u0142ki KOLAGEN+\u017bE\u0143SZE\u0143 Collagen-Ginseng Leim 10x 4ml"},"content":{"rendered":"<h2>Ampu\u0142ki KOLAGEN+\u017bE\u0143SZE\u0143 Collagen-Ginseng Leim 10x 4ml<\/h2>\n<p>Producent: Leim<\/p>\n<h4>Do wprowadzania za pomoc\u0105 jonoforezy, sonoforezy i mezoterapii bezig\u0142owej.<\/h4>\n<h4>uj\u0119drnaj\u0105ce do sk\u00f3ry dojrza\u0142ej<\/h4>\n<h4>Intensywna kuracja \u0142\u0105cz\u0105ca w sobie nawil\u017caj\u0105ce dzia\u0142anie kolagenu z odm\u0142adzaj\u0105cym wp\u0142ywem \u017ce\u0144szenia. Zwi\u0119ksza stopie\u0144 nawil\u017cenia i spr\u0119\u017cysto\u015bci sk\u00f3ry.<\/h4>\n<h4>Kolagen stanowi 1\/3 wszystkich protein ludzkiego organizmu.<br \/>\nM\u0142oda tkanka \u0142\u0105czna sk\u0142ada si\u0119 g\u0142\u00f3wnie z tzw. ruchomego kolagenu, nazywanego tak\u017ce kolagenem rozpuszczalnym.<\/h4>\n<h4>Spos\u00f3b u\u017cycia:<br \/>\n1. Po oczyszczeniu i tonizacji sk\u00f3ry, opuszkami palc\u00f3w wmasowa\u0107 zawarto\u015b\u0107 ampu\u0142ki a\u017c do ca\u0142kowitego wch\u0142oni\u0119cia.<br \/>\n2. Przez jonoforez\u0119 (biegun ujemny, 1,5 mA), przez sonoforez\u0119, przez mezoterapi\u0119 bezig\u0142ow\u0105.<\/h4>\n","protected":false},"excerpt":{"rendered":"<p>Intensywna kuracja \u0142\u0105cz\u0105ca w sobie nawil\u017caj\u0105ce dzia\u0142anie kolagenu z odm\u0142adzaj\u0105cym wp\u0142ywem \u017ce\u0144szenia. Zwi\u0119ksza stopie\u0144 nawil\u017cenia i spr\u0119\u017cysto\u015bci sk\u00f3ry.<\/p>\n","protected":false},"featured_media":2307,"template":"","meta":{"_monsterinsights_skip_tracking":false,"_monsterinsights_sitenote_active":false,"_monsterinsights_sitenote_note":"","_monsterinsights_sitenote_category":0},"product_brand":[],"product_cat":[322,22],"product_tag":[390,383,348,389],"class_list":{"0":"post-2306","1":"product","2":"type-product","3":"status-publish","4":"has-post-thumbnail","6":"product_cat-ampulki","7":"product_cat-kosmetyki","8":"product_tag-ampulki-z-kolagenem-i-zenszeniem","9":"product_tag-kolagen","10":"product_tag-leim","11":"product_tag-zenszen","13":"first","14":"outofstock","15":"taxable","16":"shipping-taxable","17":"purchasable","18":"product-type-simple"},"yoast_head":"<!-- This site is optimized with the Yoast SEO plugin v27.4 - https:\/\/yoast.com\/product\/yoast-seo-wordpress\/ -->\n<title>Ampu\u0142ki KOLAGEN+\u017bE\u0143SZE\u0143 Collagen-Ginseng Leim 10x 4ml -<\/title>\n<meta name=\"description\" content=\"Ampu\u0142ki KOLAGEN+\u017bE\u0143SZE\u0143 Collagen-Ginseng Leim 10x 4ml.Intensywna kuracja \u0142\u0105cz\u0105ca w sobie nawil\u017caj\u0105ce dzia\u0142anie kolagenu z odm\u0142adzaj\u0105cym wp\u0142ywem \u017ce\u0144szenia. Zwi\u0119ksza stopie\u0144 nawil\u017cenia i spr\u0119\u017cysto\u015bci sk\u00f3ry.\" \/>\n<meta name=\"robots\" content=\"index, follow, max-snippet:-1, max-image-preview:large, max-video-preview:-1\" \/>\n<link rel=\"canonical\" href=\"https:\/\/spaakcesoria.pl\/index.php\/produkt\/ampulki-kolagenzenszen-collagen-ginseng-leim-10x-4ml\/\" \/>\n<meta property=\"og:locale\" content=\"pl_PL\" \/>\n<meta property=\"og:type\" content=\"article\" \/>\n<meta property=\"og:title\" content=\"Ampu\u0142ki KOLAGEN+\u017bE\u0143SZE\u0143 Collagen-Ginseng Leim 10x 4ml -\" \/>\n<meta property=\"og:description\" content=\"Ampu\u0142ki KOLAGEN+\u017bE\u0143SZE\u0143 Collagen-Ginseng Leim 10x 4ml.Intensywna kuracja \u0142\u0105cz\u0105ca w sobie nawil\u017caj\u0105ce dzia\u0142anie kolagenu z odm\u0142adzaj\u0105cym wp\u0142ywem \u017ce\u0144szenia. Zwi\u0119ksza stopie\u0144 nawil\u017cenia i spr\u0119\u017cysto\u015bci sk\u00f3ry.\" \/>\n<meta property=\"og:url\" content=\"https:\/\/spaakcesoria.pl\/index.php\/produkt\/ampulki-kolagenzenszen-collagen-ginseng-leim-10x-4ml\/\" \/>\n<meta property=\"article:modified_time\" content=\"2026-02-03T19:16:18+00:00\" \/>\n<meta property=\"og:image\" content=\"https:\/\/spaakcesoria.pl\/wp-content\/uploads\/2022\/11\/Collagen-Ginseng-op-10-4ml__2431__1200-removebg-preview.png\" \/>\n\t<meta property=\"og:image:width\" content=\"612\" \/>\n\t<meta property=\"og:image:height\" content=\"408\" \/>\n\t<meta property=\"og:image:type\" content=\"image\/png\" \/>\n<meta name=\"twitter:card\" content=\"summary_large_image\" \/>\n<meta name=\"twitter:label1\" content=\"Szacowany czas czytania\" \/>\n\t<meta name=\"twitter:data1\" content=\"1 minuta\" \/>\n<script type=\"application\/ld+json\" class=\"yoast-schema-graph\">{\"@context\":\"https:\\\/\\\/schema.org\",\"@graph\":[{\"@type\":\"WebPage\",\"@id\":\"https:\\\/\\\/spaakcesoria.pl\\\/index.php\\\/produkt\\\/ampulki-kolagenzenszen-collagen-ginseng-leim-10x-4ml\\\/\",\"url\":\"https:\\\/\\\/spaakcesoria.pl\\\/index.php\\\/produkt\\\/ampulki-kolagenzenszen-collagen-ginseng-leim-10x-4ml\\\/\",\"name\":\"Ampu\u0142ki KOLAGEN+\u017bE\u0143SZE\u0143 Collagen-Ginseng Leim 10x 4ml -\",\"isPartOf\":{\"@id\":\"https:\\\/\\\/spaakcesoria.pl\\\/#website\"},\"primaryImageOfPage\":{\"@id\":\"https:\\\/\\\/spaakcesoria.pl\\\/index.php\\\/produkt\\\/ampulki-kolagenzenszen-collagen-ginseng-leim-10x-4ml\\\/#primaryimage\"},\"image\":{\"@id\":\"https:\\\/\\\/spaakcesoria.pl\\\/index.php\\\/produkt\\\/ampulki-kolagenzenszen-collagen-ginseng-leim-10x-4ml\\\/#primaryimage\"},\"thumbnailUrl\":\"https:\\\/\\\/spaakcesoria.pl\\\/wp-content\\\/uploads\\\/2022\\\/11\\\/Collagen-Ginseng-op-10-4ml__2431__1200-removebg-preview.png\",\"datePublished\":\"2022-11-10T17:50:47+00:00\",\"dateModified\":\"2026-02-03T19:16:18+00:00\",\"description\":\"Ampu\u0142ki KOLAGEN+\u017bE\u0143SZE\u0143 Collagen-Ginseng Leim 10x 4ml.Intensywna kuracja \u0142\u0105cz\u0105ca w sobie nawil\u017caj\u0105ce dzia\u0142anie kolagenu z odm\u0142adzaj\u0105cym wp\u0142ywem \u017ce\u0144szenia. Zwi\u0119ksza stopie\u0144 nawil\u017cenia i spr\u0119\u017cysto\u015bci sk\u00f3ry.\",\"breadcrumb\":{\"@id\":\"https:\\\/\\\/spaakcesoria.pl\\\/index.php\\\/produkt\\\/ampulki-kolagenzenszen-collagen-ginseng-leim-10x-4ml\\\/#breadcrumb\"},\"inLanguage\":\"pl-PL\",\"potentialAction\":[{\"@type\":\"ReadAction\",\"target\":[\"https:\\\/\\\/spaakcesoria.pl\\\/index.php\\\/produkt\\\/ampulki-kolagenzenszen-collagen-ginseng-leim-10x-4ml\\\/\"]}]},{\"@type\":\"ImageObject\",\"inLanguage\":\"pl-PL\",\"@id\":\"https:\\\/\\\/spaakcesoria.pl\\\/index.php\\\/produkt\\\/ampulki-kolagenzenszen-collagen-ginseng-leim-10x-4ml\\\/#primaryimage\",\"url\":\"https:\\\/\\\/spaakcesoria.pl\\\/wp-content\\\/uploads\\\/2022\\\/11\\\/Collagen-Ginseng-op-10-4ml__2431__1200-removebg-preview.png\",\"contentUrl\":\"https:\\\/\\\/spaakcesoria.pl\\\/wp-content\\\/uploads\\\/2022\\\/11\\\/Collagen-Ginseng-op-10-4ml__2431__1200-removebg-preview.png\",\"width\":612,\"height\":408},{\"@type\":\"BreadcrumbList\",\"@id\":\"https:\\\/\\\/spaakcesoria.pl\\\/index.php\\\/produkt\\\/ampulki-kolagenzenszen-collagen-ginseng-leim-10x-4ml\\\/#breadcrumb\",\"itemListElement\":[{\"@type\":\"ListItem\",\"position\":1,\"name\":\"Strona g\u0142\u00f3wna\",\"item\":\"https:\\\/\\\/spaakcesoria.pl\\\/\"},{\"@type\":\"ListItem\",\"position\":2,\"name\":\"Sklep\",\"item\":\"https:\\\/\\\/spaakcesoria.pl\\\/index.php\\\/sklep\\\/\"},{\"@type\":\"ListItem\",\"position\":3,\"name\":\"Ampu\u0142ki KOLAGEN+\u017bE\u0143SZE\u0143 Collagen-Ginseng Leim 10x 4ml\"}]},{\"@type\":\"WebSite\",\"@id\":\"https:\\\/\\\/spaakcesoria.pl\\\/#website\",\"url\":\"https:\\\/\\\/spaakcesoria.pl\\\/\",\"name\":\"\",\"description\":\"\",\"potentialAction\":[{\"@type\":\"SearchAction\",\"target\":{\"@type\":\"EntryPoint\",\"urlTemplate\":\"https:\\\/\\\/spaakcesoria.pl\\\/?s={search_term_string}\"},\"query-input\":{\"@type\":\"PropertyValueSpecification\",\"valueRequired\":true,\"valueName\":\"search_term_string\"}}],\"inLanguage\":\"pl-PL\"}]}<\/script>\n<!-- \/ Yoast SEO plugin. -->","yoast_head_json":{"title":"Ampu\u0142ki KOLAGEN+\u017bE\u0143SZE\u0143 Collagen-Ginseng Leim 10x 4ml -","description":"Ampu\u0142ki KOLAGEN+\u017bE\u0143SZE\u0143 Collagen-Ginseng Leim 10x 4ml.Intensywna kuracja \u0142\u0105cz\u0105ca w sobie nawil\u017caj\u0105ce dzia\u0142anie kolagenu z odm\u0142adzaj\u0105cym wp\u0142ywem \u017ce\u0144szenia. Zwi\u0119ksza stopie\u0144 nawil\u017cenia i spr\u0119\u017cysto\u015bci sk\u00f3ry.","robots":{"index":"index","follow":"follow","max-snippet":"max-snippet:-1","max-image-preview":"max-image-preview:large","max-video-preview":"max-video-preview:-1"},"canonical":"https:\/\/spaakcesoria.pl\/index.php\/produkt\/ampulki-kolagenzenszen-collagen-ginseng-leim-10x-4ml\/","og_locale":"pl_PL","og_type":"article","og_title":"Ampu\u0142ki KOLAGEN+\u017bE\u0143SZE\u0143 Collagen-Ginseng Leim 10x 4ml -","og_description":"Ampu\u0142ki KOLAGEN+\u017bE\u0143SZE\u0143 Collagen-Ginseng Leim 10x 4ml.Intensywna kuracja \u0142\u0105cz\u0105ca w sobie nawil\u017caj\u0105ce dzia\u0142anie kolagenu z odm\u0142adzaj\u0105cym wp\u0142ywem \u017ce\u0144szenia. Zwi\u0119ksza stopie\u0144 nawil\u017cenia i spr\u0119\u017cysto\u015bci sk\u00f3ry.","og_url":"https:\/\/spaakcesoria.pl\/index.php\/produkt\/ampulki-kolagenzenszen-collagen-ginseng-leim-10x-4ml\/","article_modified_time":"2026-02-03T19:16:18+00:00","og_image":[{"width":612,"height":408,"url":"https:\/\/spaakcesoria.pl\/wp-content\/uploads\/2022\/11\/Collagen-Ginseng-op-10-4ml__2431__1200-removebg-preview.png","type":"image\/png"}],"twitter_card":"summary_large_image","twitter_misc":{"Szacowany czas czytania":"1 minuta"},"schema":{"@context":"https:\/\/schema.org","@graph":[{"@type":"WebPage","@id":"https:\/\/spaakcesoria.pl\/index.php\/produkt\/ampulki-kolagenzenszen-collagen-ginseng-leim-10x-4ml\/","url":"https:\/\/spaakcesoria.pl\/index.php\/produkt\/ampulki-kolagenzenszen-collagen-ginseng-leim-10x-4ml\/","name":"Ampu\u0142ki KOLAGEN+\u017bE\u0143SZE\u0143 Collagen-Ginseng Leim 10x 4ml -","isPartOf":{"@id":"https:\/\/spaakcesoria.pl\/#website"},"primaryImageOfPage":{"@id":"https:\/\/spaakcesoria.pl\/index.php\/produkt\/ampulki-kolagenzenszen-collagen-ginseng-leim-10x-4ml\/#primaryimage"},"image":{"@id":"https:\/\/spaakcesoria.pl\/index.php\/produkt\/ampulki-kolagenzenszen-collagen-ginseng-leim-10x-4ml\/#primaryimage"},"thumbnailUrl":"https:\/\/spaakcesoria.pl\/wp-content\/uploads\/2022\/11\/Collagen-Ginseng-op-10-4ml__2431__1200-removebg-preview.png","datePublished":"2022-11-10T17:50:47+00:00","dateModified":"2026-02-03T19:16:18+00:00","description":"Ampu\u0142ki KOLAGEN+\u017bE\u0143SZE\u0143 Collagen-Ginseng Leim 10x 4ml.Intensywna kuracja \u0142\u0105cz\u0105ca w sobie nawil\u017caj\u0105ce dzia\u0142anie kolagenu z odm\u0142adzaj\u0105cym wp\u0142ywem \u017ce\u0144szenia. Zwi\u0119ksza stopie\u0144 nawil\u017cenia i spr\u0119\u017cysto\u015bci sk\u00f3ry.","breadcrumb":{"@id":"https:\/\/spaakcesoria.pl\/index.php\/produkt\/ampulki-kolagenzenszen-collagen-ginseng-leim-10x-4ml\/#breadcrumb"},"inLanguage":"pl-PL","potentialAction":[{"@type":"ReadAction","target":["https:\/\/spaakcesoria.pl\/index.php\/produkt\/ampulki-kolagenzenszen-collagen-ginseng-leim-10x-4ml\/"]}]},{"@type":"ImageObject","inLanguage":"pl-PL","@id":"https:\/\/spaakcesoria.pl\/index.php\/produkt\/ampulki-kolagenzenszen-collagen-ginseng-leim-10x-4ml\/#primaryimage","url":"https:\/\/spaakcesoria.pl\/wp-content\/uploads\/2022\/11\/Collagen-Ginseng-op-10-4ml__2431__1200-removebg-preview.png","contentUrl":"https:\/\/spaakcesoria.pl\/wp-content\/uploads\/2022\/11\/Collagen-Ginseng-op-10-4ml__2431__1200-removebg-preview.png","width":612,"height":408},{"@type":"BreadcrumbList","@id":"https:\/\/spaakcesoria.pl\/index.php\/produkt\/ampulki-kolagenzenszen-collagen-ginseng-leim-10x-4ml\/#breadcrumb","itemListElement":[{"@type":"ListItem","position":1,"name":"Strona g\u0142\u00f3wna","item":"https:\/\/spaakcesoria.pl\/"},{"@type":"ListItem","position":2,"name":"Sklep","item":"https:\/\/spaakcesoria.pl\/index.php\/sklep\/"},{"@type":"ListItem","position":3,"name":"Ampu\u0142ki KOLAGEN+\u017bE\u0143SZE\u0143 Collagen-Ginseng Leim 10x 4ml"}]},{"@type":"WebSite","@id":"https:\/\/spaakcesoria.pl\/#website","url":"https:\/\/spaakcesoria.pl\/","name":"","description":"","potentialAction":[{"@type":"SearchAction","target":{"@type":"EntryPoint","urlTemplate":"https:\/\/spaakcesoria.pl\/?s={search_term_string}"},"query-input":{"@type":"PropertyValueSpecification","valueRequired":true,"valueName":"search_term_string"}}],"inLanguage":"pl-PL"}]}},"_links":{"self":[{"href":"https:\/\/spaakcesoria.pl\/index.php\/wp-json\/wp\/v2\/product\/2306","targetHints":{"allow":["GET"]}}],"collection":[{"href":"https:\/\/spaakcesoria.pl\/index.php\/wp-json\/wp\/v2\/product"}],"about":[{"href":"https:\/\/spaakcesoria.pl\/index.php\/wp-json\/wp\/v2\/types\/product"}],"version-history":[{"count":1,"href":"https:\/\/spaakcesoria.pl\/index.php\/wp-json\/wp\/v2\/product\/2306\/revisions"}],"predecessor-version":[{"id":2309,"href":"https:\/\/spaakcesoria.pl\/index.php\/wp-json\/wp\/v2\/product\/2306\/revisions\/2309"}],"wp:featuredmedia":[{"embeddable":true,"href":"https:\/\/spaakcesoria.pl\/index.php\/wp-json\/wp\/v2\/media\/2307"}],"wp:attachment":[{"href":"https:\/\/spaakcesoria.pl\/index.php\/wp-json\/wp\/v2\/media?parent=2306"}],"wp:term":[{"taxonomy":"product_brand","embeddable":true,"href":"https:\/\/spaakcesoria.pl\/index.php\/wp-json\/wp\/v2\/product_brand?post=2306"},{"taxonomy":"product_cat","embeddable":true,"href":"https:\/\/spaakcesoria.pl\/index.php\/wp-json\/wp\/v2\/product_cat?post=2306"},{"taxonomy":"product_tag","embeddable":true,"href":"https:\/\/spaakcesoria.pl\/index.php\/wp-json\/wp\/v2\/product_tag?post=2306"}],"curies":[{"name":"wp","href":"https:\/\/api.w.org\/{rel}","templated":true}]}}