{"id":2310,"date":"2022-11-10T19:00:11","date_gmt":"2022-11-10T18:00:11","guid":{"rendered":"https:\/\/spaakcesoria.pl\/?post_type=product&#038;p=2310"},"modified":"2026-02-03T20:16:30","modified_gmt":"2026-02-03T19:16:30","slug":"ampulki-odmladzajace-ze-sluzem-slimaka-leim-biohelicina-cellular-repair-concentrate-10x-4-ml","status":"publish","type":"product","link":"https:\/\/spaakcesoria.pl\/index.php\/produkt\/ampulki-odmladzajace-ze-sluzem-slimaka-leim-biohelicina-cellular-repair-concentrate-10x-4-ml\/","title":{"rendered":"Ampu\u0142ki odm\u0142adzaj\u0105ce ze \u015bluzem \u015blimaka Leim Biohelicina Cellular Repair Concentrate 10x 4 ml"},"content":{"rendered":"<h2>Ampu\u0142ki odm\u0142adzaj\u0105ce ze \u015bluzem \u015blimaka Leim Biohelicina Cellular Repair Concentrate 10x 4 ml<\/h2>\n<p>Opakowanie: 10 x 4 ml<\/p>\n<h4>Przeciwdzia\u0142aj\u0105 starzeniu si\u0119 sk\u00f3ry szybko i skutecznie.<br \/>\nStymuluj\u0105 fibroblasty do g\u0142\u0119bokich proces\u00f3w naprawczych sk\u00f3ry.<br \/>\nCenne sk\u0142adniki uzyskane z wyci\u0105gu ze \u015bluzu \u015blimaka s\u0105 zamkni\u0119te i skumulowane w ka\u017cdej ampu\u0142ce.<br \/>\nStanowi\u0105 \u017ar\u00f3d\u0142o naturalnego kolagenu, elastyny, alantoiny, kwasu glikolowego, a tak\u017ce witaminy A, C, E, kt\u00f3re w tej postaci \u0142atwo przenikaj\u0105 w g\u0142\u0119bsze partie sk\u00f3ry.<br \/>\nWszystko razem tworzy niezwykle dobroczynn\u0105 mieszank\u0119<\/h4>\n<h4><strong>Efekty stosowania:<\/strong><br \/>\n&#8211; nawil\u017ca<br \/>\n&#8211; koi<br \/>\n&#8211; regeneruje<br \/>\n&#8211; od\u015bwie\u017ca<br \/>\n&#8211; wyr\u00f3wnuje koloryt<br \/>\n&#8211; Wyg\u0142adza zmarszczki<br \/>\n&#8211; pomaga w usuwaniu tr\u0105dziku i drobnych blizn<\/h4>\n<h4><strong>Spos\u00f3b u\u017cycia:<\/strong><br \/>\nPreparat aplikowa\u0107 na oczyszczon\u0105 sk\u00f3r\u0119.<br \/>\nNajlepsze efekty uzyskuje si\u0119 po zastosowaniu ampu\u0142ek w 10 dniowej kuracji w po\u0142\u0105czeniu z zabiegami:<br \/>\n1. Preparat aplikowa\u0107 na oczyszczon\u0105 sk\u00f3r\u0119.<br \/>\n2. Nast\u0119pnie na\u0142o\u017cy\u0107 serum Cellular Night Repair.<br \/>\n3. Na\u0142o\u017cy\u0107 mask\u0119 od\u017cywcz\u0105 Facial Repair Pack.<br \/>\n4. Ca\u0142o\u015b\u0107 pokry\u0107 dowoln\u0105 mask\u0105 algow\u0105 Leim.<\/h4>\n<h4>Po zako\u0144czeniu kuracji\u00a0 zaleca si\u0119 wmasowanie 1 ampu\u0142ki tygodniowo w sk\u00f3r\u0119 twarzy, szyi i dekoltu, celem przeciwdzia\u0142ania wiotczeniu sk\u00f3ry.<\/h4>\n","protected":false},"excerpt":{"rendered":"<p>Przeciwdzia\u0142aj\u0105 starzeniu si\u0119 sk\u00f3ry szybko i skutecznie.<br \/>\nStymuluj\u0105 fibroblasty do g\u0142\u0119bokich proces\u00f3w naprawczych sk\u00f3ry.<\/p>\n","protected":false},"featured_media":2311,"template":"","meta":{"_monsterinsights_skip_tracking":false,"_monsterinsights_sitenote_active":false,"_monsterinsights_sitenote_note":"","_monsterinsights_sitenote_category":0},"product_brand":[],"product_cat":[322,22],"product_tag":[379,391,392,348],"class_list":{"0":"post-2310","1":"product","2":"type-product","3":"status-publish","4":"has-post-thumbnail","6":"product_cat-ampulki","7":"product_cat-kosmetyki","8":"product_tag-ampulki-2","9":"product_tag-ampulki-odmladzajace","10":"product_tag-ampulki-ze-suzem-slimaka","11":"product_tag-leim","13":"first","14":"outofstock","15":"taxable","16":"shipping-taxable","17":"purchasable","18":"product-type-simple"},"yoast_head":"<!-- This site is optimized with the Yoast SEO plugin v27.6 - https:\/\/yoast.com\/product\/yoast-seo-wordpress\/ -->\n<title>Ampu\u0142ki odm\u0142adzaj\u0105ce ze \u015bluzem \u015blimaka Leim Biohelicina Cellular Repair Concentrate 10x 4 ml -<\/title>\n<meta name=\"description\" content=\"Ampu\u0142ki odm\u0142adzaj\u0105ce ze \u015bluzem \u015blimaka Leim Biohelicina Cellular Repair Concentrate 10x 4 ml\" \/>\n<meta name=\"robots\" content=\"index, follow, max-snippet:-1, max-image-preview:large, max-video-preview:-1\" \/>\n<link rel=\"canonical\" href=\"https:\/\/spaakcesoria.pl\/index.php\/produkt\/ampulki-odmladzajace-ze-sluzem-slimaka-leim-biohelicina-cellular-repair-concentrate-10x-4-ml\/\" \/>\n<meta property=\"og:locale\" content=\"pl_PL\" \/>\n<meta property=\"og:type\" content=\"article\" \/>\n<meta property=\"og:title\" content=\"Ampu\u0142ki odm\u0142adzaj\u0105ce ze \u015bluzem \u015blimaka Leim Biohelicina Cellular Repair Concentrate 10x 4 ml -\" \/>\n<meta property=\"og:description\" content=\"Ampu\u0142ki odm\u0142adzaj\u0105ce ze \u015bluzem \u015blimaka Leim Biohelicina Cellular Repair Concentrate 10x 4 ml\" \/>\n<meta property=\"og:url\" content=\"https:\/\/spaakcesoria.pl\/index.php\/produkt\/ampulki-odmladzajace-ze-sluzem-slimaka-leim-biohelicina-cellular-repair-concentrate-10x-4-ml\/\" \/>\n<meta property=\"article:modified_time\" content=\"2026-02-03T19:16:30+00:00\" \/>\n<meta property=\"og:image\" content=\"https:\/\/spaakcesoria.pl\/wp-content\/uploads\/2022\/11\/2222.jpeg\" \/>\n\t<meta property=\"og:image:width\" content=\"400\" \/>\n\t<meta property=\"og:image:height\" content=\"400\" \/>\n\t<meta property=\"og:image:type\" content=\"image\/jpeg\" \/>\n<meta name=\"twitter:card\" content=\"summary_large_image\" \/>\n<meta name=\"twitter:label1\" content=\"Szacowany czas czytania\" \/>\n\t<meta name=\"twitter:data1\" content=\"2 minuty\" \/>\n<script type=\"application\/ld+json\" class=\"yoast-schema-graph\">{\"@context\":\"https:\\\/\\\/schema.org\",\"@graph\":[{\"@type\":\"WebPage\",\"@id\":\"https:\\\/\\\/spaakcesoria.pl\\\/index.php\\\/produkt\\\/ampulki-odmladzajace-ze-sluzem-slimaka-leim-biohelicina-cellular-repair-concentrate-10x-4-ml\\\/\",\"url\":\"https:\\\/\\\/spaakcesoria.pl\\\/index.php\\\/produkt\\\/ampulki-odmladzajace-ze-sluzem-slimaka-leim-biohelicina-cellular-repair-concentrate-10x-4-ml\\\/\",\"name\":\"Ampu\u0142ki odm\u0142adzaj\u0105ce ze \u015bluzem \u015blimaka Leim Biohelicina Cellular Repair Concentrate 10x 4 ml -\",\"isPartOf\":{\"@id\":\"https:\\\/\\\/spaakcesoria.pl\\\/#website\"},\"primaryImageOfPage\":{\"@id\":\"https:\\\/\\\/spaakcesoria.pl\\\/index.php\\\/produkt\\\/ampulki-odmladzajace-ze-sluzem-slimaka-leim-biohelicina-cellular-repair-concentrate-10x-4-ml\\\/#primaryimage\"},\"image\":{\"@id\":\"https:\\\/\\\/spaakcesoria.pl\\\/index.php\\\/produkt\\\/ampulki-odmladzajace-ze-sluzem-slimaka-leim-biohelicina-cellular-repair-concentrate-10x-4-ml\\\/#primaryimage\"},\"thumbnailUrl\":\"https:\\\/\\\/spaakcesoria.pl\\\/wp-content\\\/uploads\\\/2022\\\/11\\\/2222.jpeg\",\"datePublished\":\"2022-11-10T18:00:11+00:00\",\"dateModified\":\"2026-02-03T19:16:30+00:00\",\"description\":\"Ampu\u0142ki odm\u0142adzaj\u0105ce ze \u015bluzem \u015blimaka Leim Biohelicina Cellular Repair Concentrate 10x 4 ml\",\"breadcrumb\":{\"@id\":\"https:\\\/\\\/spaakcesoria.pl\\\/index.php\\\/produkt\\\/ampulki-odmladzajace-ze-sluzem-slimaka-leim-biohelicina-cellular-repair-concentrate-10x-4-ml\\\/#breadcrumb\"},\"inLanguage\":\"pl-PL\",\"potentialAction\":[{\"@type\":\"ReadAction\",\"target\":[\"https:\\\/\\\/spaakcesoria.pl\\\/index.php\\\/produkt\\\/ampulki-odmladzajace-ze-sluzem-slimaka-leim-biohelicina-cellular-repair-concentrate-10x-4-ml\\\/\"]}]},{\"@type\":\"ImageObject\",\"inLanguage\":\"pl-PL\",\"@id\":\"https:\\\/\\\/spaakcesoria.pl\\\/index.php\\\/produkt\\\/ampulki-odmladzajace-ze-sluzem-slimaka-leim-biohelicina-cellular-repair-concentrate-10x-4-ml\\\/#primaryimage\",\"url\":\"https:\\\/\\\/spaakcesoria.pl\\\/wp-content\\\/uploads\\\/2022\\\/11\\\/2222.jpeg\",\"contentUrl\":\"https:\\\/\\\/spaakcesoria.pl\\\/wp-content\\\/uploads\\\/2022\\\/11\\\/2222.jpeg\",\"width\":400,\"height\":400},{\"@type\":\"BreadcrumbList\",\"@id\":\"https:\\\/\\\/spaakcesoria.pl\\\/index.php\\\/produkt\\\/ampulki-odmladzajace-ze-sluzem-slimaka-leim-biohelicina-cellular-repair-concentrate-10x-4-ml\\\/#breadcrumb\",\"itemListElement\":[{\"@type\":\"ListItem\",\"position\":1,\"name\":\"Strona g\u0142\u00f3wna\",\"item\":\"https:\\\/\\\/spaakcesoria.pl\\\/\"},{\"@type\":\"ListItem\",\"position\":2,\"name\":\"Sklep\",\"item\":\"https:\\\/\\\/spaakcesoria.pl\\\/index.php\\\/sklep\\\/\"},{\"@type\":\"ListItem\",\"position\":3,\"name\":\"Ampu\u0142ki odm\u0142adzaj\u0105ce ze \u015bluzem \u015blimaka Leim Biohelicina Cellular Repair Concentrate 10x 4 ml\"}]},{\"@type\":\"WebSite\",\"@id\":\"https:\\\/\\\/spaakcesoria.pl\\\/#website\",\"url\":\"https:\\\/\\\/spaakcesoria.pl\\\/\",\"name\":\"\",\"description\":\"\",\"potentialAction\":[{\"@type\":\"SearchAction\",\"target\":{\"@type\":\"EntryPoint\",\"urlTemplate\":\"https:\\\/\\\/spaakcesoria.pl\\\/?s={search_term_string}\"},\"query-input\":{\"@type\":\"PropertyValueSpecification\",\"valueRequired\":true,\"valueName\":\"search_term_string\"}}],\"inLanguage\":\"pl-PL\"}]}<\/script>\n<!-- \/ Yoast SEO plugin. -->","yoast_head_json":{"title":"Ampu\u0142ki odm\u0142adzaj\u0105ce ze \u015bluzem \u015blimaka Leim Biohelicina Cellular Repair Concentrate 10x 4 ml -","description":"Ampu\u0142ki odm\u0142adzaj\u0105ce ze \u015bluzem \u015blimaka Leim Biohelicina Cellular Repair Concentrate 10x 4 ml","robots":{"index":"index","follow":"follow","max-snippet":"max-snippet:-1","max-image-preview":"max-image-preview:large","max-video-preview":"max-video-preview:-1"},"canonical":"https:\/\/spaakcesoria.pl\/index.php\/produkt\/ampulki-odmladzajace-ze-sluzem-slimaka-leim-biohelicina-cellular-repair-concentrate-10x-4-ml\/","og_locale":"pl_PL","og_type":"article","og_title":"Ampu\u0142ki odm\u0142adzaj\u0105ce ze \u015bluzem \u015blimaka Leim Biohelicina Cellular Repair Concentrate 10x 4 ml -","og_description":"Ampu\u0142ki odm\u0142adzaj\u0105ce ze \u015bluzem \u015blimaka Leim Biohelicina Cellular Repair Concentrate 10x 4 ml","og_url":"https:\/\/spaakcesoria.pl\/index.php\/produkt\/ampulki-odmladzajace-ze-sluzem-slimaka-leim-biohelicina-cellular-repair-concentrate-10x-4-ml\/","article_modified_time":"2026-02-03T19:16:30+00:00","og_image":[{"width":400,"height":400,"url":"https:\/\/spaakcesoria.pl\/wp-content\/uploads\/2022\/11\/2222.jpeg","type":"image\/jpeg"}],"twitter_card":"summary_large_image","twitter_misc":{"Szacowany czas czytania":"2 minuty"},"schema":{"@context":"https:\/\/schema.org","@graph":[{"@type":"WebPage","@id":"https:\/\/spaakcesoria.pl\/index.php\/produkt\/ampulki-odmladzajace-ze-sluzem-slimaka-leim-biohelicina-cellular-repair-concentrate-10x-4-ml\/","url":"https:\/\/spaakcesoria.pl\/index.php\/produkt\/ampulki-odmladzajace-ze-sluzem-slimaka-leim-biohelicina-cellular-repair-concentrate-10x-4-ml\/","name":"Ampu\u0142ki odm\u0142adzaj\u0105ce ze \u015bluzem \u015blimaka Leim Biohelicina Cellular Repair Concentrate 10x 4 ml -","isPartOf":{"@id":"https:\/\/spaakcesoria.pl\/#website"},"primaryImageOfPage":{"@id":"https:\/\/spaakcesoria.pl\/index.php\/produkt\/ampulki-odmladzajace-ze-sluzem-slimaka-leim-biohelicina-cellular-repair-concentrate-10x-4-ml\/#primaryimage"},"image":{"@id":"https:\/\/spaakcesoria.pl\/index.php\/produkt\/ampulki-odmladzajace-ze-sluzem-slimaka-leim-biohelicina-cellular-repair-concentrate-10x-4-ml\/#primaryimage"},"thumbnailUrl":"https:\/\/spaakcesoria.pl\/wp-content\/uploads\/2022\/11\/2222.jpeg","datePublished":"2022-11-10T18:00:11+00:00","dateModified":"2026-02-03T19:16:30+00:00","description":"Ampu\u0142ki odm\u0142adzaj\u0105ce ze \u015bluzem \u015blimaka Leim Biohelicina Cellular Repair Concentrate 10x 4 ml","breadcrumb":{"@id":"https:\/\/spaakcesoria.pl\/index.php\/produkt\/ampulki-odmladzajace-ze-sluzem-slimaka-leim-biohelicina-cellular-repair-concentrate-10x-4-ml\/#breadcrumb"},"inLanguage":"pl-PL","potentialAction":[{"@type":"ReadAction","target":["https:\/\/spaakcesoria.pl\/index.php\/produkt\/ampulki-odmladzajace-ze-sluzem-slimaka-leim-biohelicina-cellular-repair-concentrate-10x-4-ml\/"]}]},{"@type":"ImageObject","inLanguage":"pl-PL","@id":"https:\/\/spaakcesoria.pl\/index.php\/produkt\/ampulki-odmladzajace-ze-sluzem-slimaka-leim-biohelicina-cellular-repair-concentrate-10x-4-ml\/#primaryimage","url":"https:\/\/spaakcesoria.pl\/wp-content\/uploads\/2022\/11\/2222.jpeg","contentUrl":"https:\/\/spaakcesoria.pl\/wp-content\/uploads\/2022\/11\/2222.jpeg","width":400,"height":400},{"@type":"BreadcrumbList","@id":"https:\/\/spaakcesoria.pl\/index.php\/produkt\/ampulki-odmladzajace-ze-sluzem-slimaka-leim-biohelicina-cellular-repair-concentrate-10x-4-ml\/#breadcrumb","itemListElement":[{"@type":"ListItem","position":1,"name":"Strona g\u0142\u00f3wna","item":"https:\/\/spaakcesoria.pl\/"},{"@type":"ListItem","position":2,"name":"Sklep","item":"https:\/\/spaakcesoria.pl\/index.php\/sklep\/"},{"@type":"ListItem","position":3,"name":"Ampu\u0142ki odm\u0142adzaj\u0105ce ze \u015bluzem \u015blimaka Leim Biohelicina Cellular Repair Concentrate 10x 4 ml"}]},{"@type":"WebSite","@id":"https:\/\/spaakcesoria.pl\/#website","url":"https:\/\/spaakcesoria.pl\/","name":"","description":"","potentialAction":[{"@type":"SearchAction","target":{"@type":"EntryPoint","urlTemplate":"https:\/\/spaakcesoria.pl\/?s={search_term_string}"},"query-input":{"@type":"PropertyValueSpecification","valueRequired":true,"valueName":"search_term_string"}}],"inLanguage":"pl-PL"}]}},"_links":{"self":[{"href":"https:\/\/spaakcesoria.pl\/index.php\/wp-json\/wp\/v2\/product\/2310","targetHints":{"allow":["GET"]}}],"collection":[{"href":"https:\/\/spaakcesoria.pl\/index.php\/wp-json\/wp\/v2\/product"}],"about":[{"href":"https:\/\/spaakcesoria.pl\/index.php\/wp-json\/wp\/v2\/types\/product"}],"version-history":[{"count":1,"href":"https:\/\/spaakcesoria.pl\/index.php\/wp-json\/wp\/v2\/product\/2310\/revisions"}],"predecessor-version":[{"id":2312,"href":"https:\/\/spaakcesoria.pl\/index.php\/wp-json\/wp\/v2\/product\/2310\/revisions\/2312"}],"wp:featuredmedia":[{"embeddable":true,"href":"https:\/\/spaakcesoria.pl\/index.php\/wp-json\/wp\/v2\/media\/2311"}],"wp:attachment":[{"href":"https:\/\/spaakcesoria.pl\/index.php\/wp-json\/wp\/v2\/media?parent=2310"}],"wp:term":[{"taxonomy":"product_brand","embeddable":true,"href":"https:\/\/spaakcesoria.pl\/index.php\/wp-json\/wp\/v2\/product_brand?post=2310"},{"taxonomy":"product_cat","embeddable":true,"href":"https:\/\/spaakcesoria.pl\/index.php\/wp-json\/wp\/v2\/product_cat?post=2310"},{"taxonomy":"product_tag","embeddable":true,"href":"https:\/\/spaakcesoria.pl\/index.php\/wp-json\/wp\/v2\/product_tag?post=2310"}],"curies":[{"name":"wp","href":"https:\/\/api.w.org\/{rel}","templated":true}]}}