{"id":2329,"date":"2022-11-10T21:34:16","date_gmt":"2022-11-10T20:34:16","guid":{"rendered":"https:\/\/spaakcesoria.pl\/?post_type=product&#038;p=2329"},"modified":"2026-02-03T20:13:23","modified_gmt":"2026-02-03T19:13:23","slug":"kapsulki-blyskawicznie-eliminujace-zmarszczki-mimiczne-leim-biobotulina-capsules-wrinkle-fader-15-sztuk","status":"publish","type":"product","link":"https:\/\/spaakcesoria.pl\/index.php\/produkt\/kapsulki-blyskawicznie-eliminujace-zmarszczki-mimiczne-leim-biobotulina-capsules-wrinkle-fader-15-sztuk\/","title":{"rendered":"Kapsu\u0142ki b\u0142yskawicznie eliminuj\u0105ce zmarszczki mimiczne Leim Biobotulina Capsules Wrinkle Fader 15 sztuk"},"content":{"rendered":"<h2>Kapsu\u0142ki b\u0142yskawicznie eliminuj\u0105ce zmarszczki mimiczne Leim Biobotulina Capsules Wrinkle Fader 15 sztuk<\/h2>\n<p>Producent: Leim<\/p>\n<p>Opakowanie: kapsu\u0142ki 15 sztuk<\/p>\n<h4>Opatentowany sk\u0142adnik kapsu\u0142ek &#8211; ARGIRELINE w wyj\u0105tkowy spos\u00f3b zapobiega tworzeniu si\u0119 linii mimicznych oraz zmarszczek spowodowanych przez mimik\u0119 mi\u0119\u015bni twarzy.<\/h4>\n<h4>Kapsu\u0142ki s\u0105 wy\u0142\u0105cznie pochodzenia ro\u015blinnego, wolne od jakichkolwiek substancji pochodzenia zwierz\u0119cego.<\/h4>\n<h4>Jednym z najbardziej oczywistych oznak starzenia si\u0119 sk\u00f3ry jest pojawienie si\u0119 zmarszczek. Mechanizm cz\u0105steczkowy, kt\u00f3rego wynikiem jest starzenie si\u0119 sk\u00f3ry, jest bezpo\u015brednio zwi\u0105zany ze zmianami w tworzeniu potr\u00f3jnej helisy kolagenu, degradacji polipeptyd\u00f3w elastyny oraz zaburzeniami w spojeniu warstwy lipidowej sk\u00f3ry.<br \/>\nNajbardziej widocznymi oznakami starzenia si\u0119 sk\u00f3ry s\u0105 zmarszczki mimiczne, poniewa\u017c s\u0105 one zwi\u0105zane z utrat\u0105 elastyczno\u015bci mi\u0119\u015bni twarzy.<\/h4>\n<h4>Od momentu ich zakapsu\u0142kowania, a\u017c do dnia w kt\u00f3rym s\u0105 u\u017cywane, dzi\u0119ki hermetycznemu sposobowi produkcji w postaci jednorazowych pere\u0142ek.<br \/>\nKapsu\u0142ki te to ta\u0144sza i bezpieczniejsza alternatywa dla toksyny botulinowej, kt\u00f3ra dzia\u0142a miejscowo.<br \/>\nWysoka elastyczno\u015b\u0107 kapsu\u0142ki jest utrzymana nawet przy zmiennych warunkach \u015brodowiskowych.<\/h4>\n<h4>Dzia\u0142anie kapsu\u0142ek:<br \/>\n&#8211; przywr\u00f3cenie w\u0142a\u015bciwej wilgotno\u015bci sk\u00f3ry, koniecznej do uzyskania zdrowej i j\u0119drnej cery<br \/>\n&#8211; przywr\u00f3cenie odpowiedniego poziomu ochronnej warstwy lipidowej<br \/>\n&#8211; zmniejszenie g\u0142\u0119boko\u015bci zmarszczek spowodowanych mimik\u0105 twarzy zw\u0142aszcza zmarszczek mimicznych wok\u00f3\u0142 oczu i na czole<\/h4>\n<h4>Spos\u00f3b u\u017cycia:<br \/>\nWycisn\u0105\u0107 zawarto\u015b\u0107 kapsu\u0142ki na sk\u00f3r\u0119 twarzy i delikatnie masowa\u0107 a\u017c do wch\u0142oni\u0119cia.<br \/>\nKapsu\u0142ki do codziennego stosowania &#8211; minimum dwa razy w tygodniu.<\/h4>\n","protected":false},"excerpt":{"rendered":"<p>Dzia\u0142anie kapsu\u0142ek:<br \/>\n&#8211; przywr\u00f3cenie w\u0142a\u015bciwej wilgotno\u015bci sk\u00f3ry, koniecznej do uzyskania zdrowej i j\u0119drnej cery<br \/>\n&#8211; przywr\u00f3cenie odpowiedniego poziomu ochronnej warstwy lipidowej<br \/>\n&#8211; zmniejszenie g\u0142\u0119boko\u015bci zmarszczek spowodowanych mimik\u0105 twarzy<\/p>\n","protected":false},"featured_media":2330,"template":"","meta":{"_monsterinsights_skip_tracking":false,"_monsterinsights_sitenote_active":false,"_monsterinsights_sitenote_note":"","_monsterinsights_sitenote_category":0},"product_brand":[],"product_cat":[322,22],"product_tag":[346,400,402,401],"class_list":{"0":"post-2329","1":"product","2":"type-product","3":"status-publish","4":"has-post-thumbnail","6":"product_cat-ampulki","7":"product_cat-kosmetyki","8":"product_tag-biobotulina","9":"product_tag-kapsulki","10":"product_tag-kapsulki-z-biobotulina","11":"product_tag-na-zmarszczki","13":"first","14":"outofstock","15":"taxable","16":"shipping-taxable","17":"purchasable","18":"product-type-simple"},"yoast_head":"<!-- This site is optimized with the Yoast SEO plugin v27.5 - https:\/\/yoast.com\/product\/yoast-seo-wordpress\/ -->\n<title>Kapsu\u0142ki b\u0142yskawicznie eliminuj\u0105ce zmarszczki mimiczne Leim Biobotulina Capsules Wrinkle Fader 15 sztuk -<\/title>\n<meta name=\"description\" content=\"Kapsu\u0142ki b\u0142yskawicznie eliminuj\u0105ce zmarszczki mimiczne Leim Biobotulina Capsules Wrinkle Fader 15 sztuk\" \/>\n<meta name=\"robots\" content=\"index, follow, max-snippet:-1, max-image-preview:large, max-video-preview:-1\" \/>\n<link rel=\"canonical\" href=\"https:\/\/spaakcesoria.pl\/index.php\/produkt\/kapsulki-blyskawicznie-eliminujace-zmarszczki-mimiczne-leim-biobotulina-capsules-wrinkle-fader-15-sztuk\/\" \/>\n<meta property=\"og:locale\" content=\"pl_PL\" \/>\n<meta property=\"og:type\" content=\"article\" \/>\n<meta property=\"og:title\" content=\"Kapsu\u0142ki b\u0142yskawicznie eliminuj\u0105ce zmarszczki mimiczne Leim Biobotulina Capsules Wrinkle Fader 15 sztuk -\" \/>\n<meta property=\"og:description\" content=\"Kapsu\u0142ki b\u0142yskawicznie eliminuj\u0105ce zmarszczki mimiczne Leim Biobotulina Capsules Wrinkle Fader 15 sztuk\" \/>\n<meta property=\"og:url\" content=\"https:\/\/spaakcesoria.pl\/index.php\/produkt\/kapsulki-blyskawicznie-eliminujace-zmarszczki-mimiczne-leim-biobotulina-capsules-wrinkle-fader-15-sztuk\/\" \/>\n<meta property=\"article:modified_time\" content=\"2026-02-03T19:13:23+00:00\" \/>\n<meta property=\"og:image\" content=\"https:\/\/spaakcesoria.pl\/wp-content\/uploads\/2022\/11\/aa-removebg-preview.png\" \/>\n\t<meta property=\"og:image:width\" content=\"400\" \/>\n\t<meta property=\"og:image:height\" content=\"400\" \/>\n\t<meta property=\"og:image:type\" content=\"image\/png\" \/>\n<meta name=\"twitter:card\" content=\"summary_large_image\" \/>\n<meta name=\"twitter:label1\" content=\"Szacowany czas czytania\" \/>\n\t<meta name=\"twitter:data1\" content=\"2 minuty\" \/>\n<script type=\"application\/ld+json\" class=\"yoast-schema-graph\">{\"@context\":\"https:\\\/\\\/schema.org\",\"@graph\":[{\"@type\":\"WebPage\",\"@id\":\"https:\\\/\\\/spaakcesoria.pl\\\/index.php\\\/produkt\\\/kapsulki-blyskawicznie-eliminujace-zmarszczki-mimiczne-leim-biobotulina-capsules-wrinkle-fader-15-sztuk\\\/\",\"url\":\"https:\\\/\\\/spaakcesoria.pl\\\/index.php\\\/produkt\\\/kapsulki-blyskawicznie-eliminujace-zmarszczki-mimiczne-leim-biobotulina-capsules-wrinkle-fader-15-sztuk\\\/\",\"name\":\"Kapsu\u0142ki b\u0142yskawicznie eliminuj\u0105ce zmarszczki mimiczne Leim Biobotulina Capsules Wrinkle Fader 15 sztuk -\",\"isPartOf\":{\"@id\":\"https:\\\/\\\/spaakcesoria.pl\\\/#website\"},\"primaryImageOfPage\":{\"@id\":\"https:\\\/\\\/spaakcesoria.pl\\\/index.php\\\/produkt\\\/kapsulki-blyskawicznie-eliminujace-zmarszczki-mimiczne-leim-biobotulina-capsules-wrinkle-fader-15-sztuk\\\/#primaryimage\"},\"image\":{\"@id\":\"https:\\\/\\\/spaakcesoria.pl\\\/index.php\\\/produkt\\\/kapsulki-blyskawicznie-eliminujace-zmarszczki-mimiczne-leim-biobotulina-capsules-wrinkle-fader-15-sztuk\\\/#primaryimage\"},\"thumbnailUrl\":\"https:\\\/\\\/spaakcesoria.pl\\\/wp-content\\\/uploads\\\/2022\\\/11\\\/aa-removebg-preview.png\",\"datePublished\":\"2022-11-10T20:34:16+00:00\",\"dateModified\":\"2026-02-03T19:13:23+00:00\",\"description\":\"Kapsu\u0142ki b\u0142yskawicznie eliminuj\u0105ce zmarszczki mimiczne Leim Biobotulina Capsules Wrinkle Fader 15 sztuk\",\"breadcrumb\":{\"@id\":\"https:\\\/\\\/spaakcesoria.pl\\\/index.php\\\/produkt\\\/kapsulki-blyskawicznie-eliminujace-zmarszczki-mimiczne-leim-biobotulina-capsules-wrinkle-fader-15-sztuk\\\/#breadcrumb\"},\"inLanguage\":\"pl-PL\",\"potentialAction\":[{\"@type\":\"ReadAction\",\"target\":[\"https:\\\/\\\/spaakcesoria.pl\\\/index.php\\\/produkt\\\/kapsulki-blyskawicznie-eliminujace-zmarszczki-mimiczne-leim-biobotulina-capsules-wrinkle-fader-15-sztuk\\\/\"]}]},{\"@type\":\"ImageObject\",\"inLanguage\":\"pl-PL\",\"@id\":\"https:\\\/\\\/spaakcesoria.pl\\\/index.php\\\/produkt\\\/kapsulki-blyskawicznie-eliminujace-zmarszczki-mimiczne-leim-biobotulina-capsules-wrinkle-fader-15-sztuk\\\/#primaryimage\",\"url\":\"https:\\\/\\\/spaakcesoria.pl\\\/wp-content\\\/uploads\\\/2022\\\/11\\\/aa-removebg-preview.png\",\"contentUrl\":\"https:\\\/\\\/spaakcesoria.pl\\\/wp-content\\\/uploads\\\/2022\\\/11\\\/aa-removebg-preview.png\",\"width\":400,\"height\":400},{\"@type\":\"BreadcrumbList\",\"@id\":\"https:\\\/\\\/spaakcesoria.pl\\\/index.php\\\/produkt\\\/kapsulki-blyskawicznie-eliminujace-zmarszczki-mimiczne-leim-biobotulina-capsules-wrinkle-fader-15-sztuk\\\/#breadcrumb\",\"itemListElement\":[{\"@type\":\"ListItem\",\"position\":1,\"name\":\"Strona g\u0142\u00f3wna\",\"item\":\"https:\\\/\\\/spaakcesoria.pl\\\/\"},{\"@type\":\"ListItem\",\"position\":2,\"name\":\"Sklep\",\"item\":\"https:\\\/\\\/spaakcesoria.pl\\\/index.php\\\/sklep\\\/\"},{\"@type\":\"ListItem\",\"position\":3,\"name\":\"Kapsu\u0142ki b\u0142yskawicznie eliminuj\u0105ce zmarszczki mimiczne Leim Biobotulina Capsules Wrinkle Fader 15 sztuk\"}]},{\"@type\":\"WebSite\",\"@id\":\"https:\\\/\\\/spaakcesoria.pl\\\/#website\",\"url\":\"https:\\\/\\\/spaakcesoria.pl\\\/\",\"name\":\"\",\"description\":\"\",\"potentialAction\":[{\"@type\":\"SearchAction\",\"target\":{\"@type\":\"EntryPoint\",\"urlTemplate\":\"https:\\\/\\\/spaakcesoria.pl\\\/?s={search_term_string}\"},\"query-input\":{\"@type\":\"PropertyValueSpecification\",\"valueRequired\":true,\"valueName\":\"search_term_string\"}}],\"inLanguage\":\"pl-PL\"}]}<\/script>\n<!-- \/ Yoast SEO plugin. -->","yoast_head_json":{"title":"Kapsu\u0142ki b\u0142yskawicznie eliminuj\u0105ce zmarszczki mimiczne Leim Biobotulina Capsules Wrinkle Fader 15 sztuk -","description":"Kapsu\u0142ki b\u0142yskawicznie eliminuj\u0105ce zmarszczki mimiczne Leim Biobotulina Capsules Wrinkle Fader 15 sztuk","robots":{"index":"index","follow":"follow","max-snippet":"max-snippet:-1","max-image-preview":"max-image-preview:large","max-video-preview":"max-video-preview:-1"},"canonical":"https:\/\/spaakcesoria.pl\/index.php\/produkt\/kapsulki-blyskawicznie-eliminujace-zmarszczki-mimiczne-leim-biobotulina-capsules-wrinkle-fader-15-sztuk\/","og_locale":"pl_PL","og_type":"article","og_title":"Kapsu\u0142ki b\u0142yskawicznie eliminuj\u0105ce zmarszczki mimiczne Leim Biobotulina Capsules Wrinkle Fader 15 sztuk -","og_description":"Kapsu\u0142ki b\u0142yskawicznie eliminuj\u0105ce zmarszczki mimiczne Leim Biobotulina Capsules Wrinkle Fader 15 sztuk","og_url":"https:\/\/spaakcesoria.pl\/index.php\/produkt\/kapsulki-blyskawicznie-eliminujace-zmarszczki-mimiczne-leim-biobotulina-capsules-wrinkle-fader-15-sztuk\/","article_modified_time":"2026-02-03T19:13:23+00:00","og_image":[{"width":400,"height":400,"url":"https:\/\/spaakcesoria.pl\/wp-content\/uploads\/2022\/11\/aa-removebg-preview.png","type":"image\/png"}],"twitter_card":"summary_large_image","twitter_misc":{"Szacowany czas czytania":"2 minuty"},"schema":{"@context":"https:\/\/schema.org","@graph":[{"@type":"WebPage","@id":"https:\/\/spaakcesoria.pl\/index.php\/produkt\/kapsulki-blyskawicznie-eliminujace-zmarszczki-mimiczne-leim-biobotulina-capsules-wrinkle-fader-15-sztuk\/","url":"https:\/\/spaakcesoria.pl\/index.php\/produkt\/kapsulki-blyskawicznie-eliminujace-zmarszczki-mimiczne-leim-biobotulina-capsules-wrinkle-fader-15-sztuk\/","name":"Kapsu\u0142ki b\u0142yskawicznie eliminuj\u0105ce zmarszczki mimiczne Leim Biobotulina Capsules Wrinkle Fader 15 sztuk -","isPartOf":{"@id":"https:\/\/spaakcesoria.pl\/#website"},"primaryImageOfPage":{"@id":"https:\/\/spaakcesoria.pl\/index.php\/produkt\/kapsulki-blyskawicznie-eliminujace-zmarszczki-mimiczne-leim-biobotulina-capsules-wrinkle-fader-15-sztuk\/#primaryimage"},"image":{"@id":"https:\/\/spaakcesoria.pl\/index.php\/produkt\/kapsulki-blyskawicznie-eliminujace-zmarszczki-mimiczne-leim-biobotulina-capsules-wrinkle-fader-15-sztuk\/#primaryimage"},"thumbnailUrl":"https:\/\/spaakcesoria.pl\/wp-content\/uploads\/2022\/11\/aa-removebg-preview.png","datePublished":"2022-11-10T20:34:16+00:00","dateModified":"2026-02-03T19:13:23+00:00","description":"Kapsu\u0142ki b\u0142yskawicznie eliminuj\u0105ce zmarszczki mimiczne Leim Biobotulina Capsules Wrinkle Fader 15 sztuk","breadcrumb":{"@id":"https:\/\/spaakcesoria.pl\/index.php\/produkt\/kapsulki-blyskawicznie-eliminujace-zmarszczki-mimiczne-leim-biobotulina-capsules-wrinkle-fader-15-sztuk\/#breadcrumb"},"inLanguage":"pl-PL","potentialAction":[{"@type":"ReadAction","target":["https:\/\/spaakcesoria.pl\/index.php\/produkt\/kapsulki-blyskawicznie-eliminujace-zmarszczki-mimiczne-leim-biobotulina-capsules-wrinkle-fader-15-sztuk\/"]}]},{"@type":"ImageObject","inLanguage":"pl-PL","@id":"https:\/\/spaakcesoria.pl\/index.php\/produkt\/kapsulki-blyskawicznie-eliminujace-zmarszczki-mimiczne-leim-biobotulina-capsules-wrinkle-fader-15-sztuk\/#primaryimage","url":"https:\/\/spaakcesoria.pl\/wp-content\/uploads\/2022\/11\/aa-removebg-preview.png","contentUrl":"https:\/\/spaakcesoria.pl\/wp-content\/uploads\/2022\/11\/aa-removebg-preview.png","width":400,"height":400},{"@type":"BreadcrumbList","@id":"https:\/\/spaakcesoria.pl\/index.php\/produkt\/kapsulki-blyskawicznie-eliminujace-zmarszczki-mimiczne-leim-biobotulina-capsules-wrinkle-fader-15-sztuk\/#breadcrumb","itemListElement":[{"@type":"ListItem","position":1,"name":"Strona g\u0142\u00f3wna","item":"https:\/\/spaakcesoria.pl\/"},{"@type":"ListItem","position":2,"name":"Sklep","item":"https:\/\/spaakcesoria.pl\/index.php\/sklep\/"},{"@type":"ListItem","position":3,"name":"Kapsu\u0142ki b\u0142yskawicznie eliminuj\u0105ce zmarszczki mimiczne Leim Biobotulina Capsules Wrinkle Fader 15 sztuk"}]},{"@type":"WebSite","@id":"https:\/\/spaakcesoria.pl\/#website","url":"https:\/\/spaakcesoria.pl\/","name":"","description":"","potentialAction":[{"@type":"SearchAction","target":{"@type":"EntryPoint","urlTemplate":"https:\/\/spaakcesoria.pl\/?s={search_term_string}"},"query-input":{"@type":"PropertyValueSpecification","valueRequired":true,"valueName":"search_term_string"}}],"inLanguage":"pl-PL"}]}},"_links":{"self":[{"href":"https:\/\/spaakcesoria.pl\/index.php\/wp-json\/wp\/v2\/product\/2329","targetHints":{"allow":["GET"]}}],"collection":[{"href":"https:\/\/spaakcesoria.pl\/index.php\/wp-json\/wp\/v2\/product"}],"about":[{"href":"https:\/\/spaakcesoria.pl\/index.php\/wp-json\/wp\/v2\/types\/product"}],"version-history":[{"count":1,"href":"https:\/\/spaakcesoria.pl\/index.php\/wp-json\/wp\/v2\/product\/2329\/revisions"}],"predecessor-version":[{"id":2331,"href":"https:\/\/spaakcesoria.pl\/index.php\/wp-json\/wp\/v2\/product\/2329\/revisions\/2331"}],"wp:featuredmedia":[{"embeddable":true,"href":"https:\/\/spaakcesoria.pl\/index.php\/wp-json\/wp\/v2\/media\/2330"}],"wp:attachment":[{"href":"https:\/\/spaakcesoria.pl\/index.php\/wp-json\/wp\/v2\/media?parent=2329"}],"wp:term":[{"taxonomy":"product_brand","embeddable":true,"href":"https:\/\/spaakcesoria.pl\/index.php\/wp-json\/wp\/v2\/product_brand?post=2329"},{"taxonomy":"product_cat","embeddable":true,"href":"https:\/\/spaakcesoria.pl\/index.php\/wp-json\/wp\/v2\/product_cat?post=2329"},{"taxonomy":"product_tag","embeddable":true,"href":"https:\/\/spaakcesoria.pl\/index.php\/wp-json\/wp\/v2\/product_tag?post=2329"}],"curies":[{"name":"wp","href":"https:\/\/api.w.org\/{rel}","templated":true}]}}