{"id":2359,"date":"2022-11-20T20:08:42","date_gmt":"2022-11-20T19:08:42","guid":{"rendered":"https:\/\/spaakcesoria.pl\/?post_type=product&#038;p=2359"},"modified":"2026-02-03T19:42:34","modified_gmt":"2026-02-03T18:42:34","slug":"krem-exotic-hydro-fruit-krem-fruit-complex-q10-odzywczo-regenerujacy-leim-2-x-110ml","status":"publish","type":"product","link":"https:\/\/spaakcesoria.pl\/index.php\/produkt\/krem-exotic-hydro-fruit-krem-fruit-complex-q10-odzywczo-regenerujacy-leim-2-x-110ml\/","title":{"rendered":"Krem Exotic Hydro Fruit + Krem Fruit Complex Q10 od\u017cywczo-regeneruj\u0105cy Leim 2 x 110ml"},"content":{"rendered":"<h2 class=\"p1\">Krem Exotic Hydro Fruit + Krem Fruit Complex Q10 od\u017cywczo-regeneruj\u0105cy Leim 2 x 110ml<\/h2>\n<h4>Producent: Leim<\/h4>\n<h4>Opakowanie: 220 ml (2 x 110ml)<\/h4>\n<h4>Krem bogaty w cenne substancje od\u017cywczo-regeneruj\u0105ce (witaminy, enzymy, ekstrakty ananasa, kiwi i owoc\u00f3w mango).<\/h4>\n<h4>Zawarto\u015b\u0107 \u201ekoenzymu m\u0142odo\u015bci\u201d Q10 powoduje b\u0142yskawiczn\u0105 popraw\u0119 stanu sk\u00f3ry, wzrost jej wilgotno\u015bci oraz sp\u0142ycenie zmarszczek. Regularne stosowanie kremu skutecznie zabezpiecza sk\u00f3r\u0119 przed tworzeniem si\u0119 nowych zmarszczek. darika.pl<\/h4>\n<h4><strong>Spos\u00f3b u\u017cycia:<\/strong><br \/>\nNa oczyszczon\u0105 sk\u00f3r\u0119 twarzy na\u0142o\u017cy\u0107 cienk\u0105 warstw\u0119 kremu i wklepa\u0107 do ca\u0142kowitego wch\u0142oni\u0119cia.<\/h4>\n<h4>Opakowanie: 220 ml\u00a0 &#8211; 2 x 110 ml w jednym pude\u0142ku<\/h4>\n<h4>1. Hydro Fruit 110 ml &#8211;\u00a0 krem m\u0142odo\u015bci z koenzymem Q10<\/h4>\n<h4>2. Fruit Complex 110 ml &#8211; krem m\u0142odo\u015bci z koenzymem Q10<\/h4>\n","protected":false},"excerpt":{"rendered":"<p>Krem bogaty w cenne substancje od\u017cywczo-regeneruj\u0105ce (witaminy, enzymy, ekstrakty ananasa, kiwi i owoc\u00f3w mango.<\/p>\n","protected":false},"featured_media":2360,"template":"","meta":{"_monsterinsights_skip_tracking":false,"_monsterinsights_sitenote_active":false,"_monsterinsights_sitenote_note":"","_monsterinsights_sitenote_category":0},"product_brand":[],"product_cat":[22,307],"product_tag":[408,407,406,348],"class_list":{"0":"post-2359","1":"product","2":"type-product","3":"status-publish","4":"has-post-thumbnail","6":"product_cat-kosmetyki","7":"product_cat-kremy","8":"product_tag-krem-do-twarzy-regenerujacy","9":"product_tag-krem-exotic-hydro-fruit","10":"product_tag-krem-odzywczo-regenerujacy-leim","11":"product_tag-leim","13":"first","14":"outofstock","15":"taxable","16":"shipping-taxable","17":"purchasable","18":"product-type-simple"},"yoast_head":"<!-- This site is optimized with the Yoast SEO plugin v27.4 - https:\/\/yoast.com\/product\/yoast-seo-wordpress\/ -->\n<title>Krem Exotic Hydro Fruit + Krem Fruit Complex Q10 od\u017cywczo-regeneruj\u0105cy Leim 2 x 110ml -<\/title>\n<meta name=\"description\" content=\"Krem Exotic Hydro Fruit + Krem Fruit Complex Q10 od\u017cywczo-regeneruj\u0105cy Leim 2 x 110ml. Krem bogaty w cenne substancje od\u017cywczo-regeneruj\u0105ce (witaminy, enzymy, ekstrakty ananasa, kiwi i owoc\u00f3w mango.\" \/>\n<meta name=\"robots\" content=\"index, follow, max-snippet:-1, max-image-preview:large, max-video-preview:-1\" \/>\n<link rel=\"canonical\" href=\"https:\/\/spaakcesoria.pl\/index.php\/produkt\/krem-exotic-hydro-fruit-krem-fruit-complex-q10-odzywczo-regenerujacy-leim-2-x-110ml\/\" \/>\n<meta property=\"og:locale\" content=\"pl_PL\" \/>\n<meta property=\"og:type\" content=\"article\" \/>\n<meta property=\"og:title\" content=\"Krem Exotic Hydro Fruit + Krem Fruit Complex Q10 od\u017cywczo-regeneruj\u0105cy Leim 2 x 110ml -\" \/>\n<meta property=\"og:description\" content=\"Krem Exotic Hydro Fruit + Krem Fruit Complex Q10 od\u017cywczo-regeneruj\u0105cy Leim 2 x 110ml. Krem bogaty w cenne substancje od\u017cywczo-regeneruj\u0105ce (witaminy, enzymy, ekstrakty ananasa, kiwi i owoc\u00f3w mango.\" \/>\n<meta property=\"og:url\" content=\"https:\/\/spaakcesoria.pl\/index.php\/produkt\/krem-exotic-hydro-fruit-krem-fruit-complex-q10-odzywczo-regenerujacy-leim-2-x-110ml\/\" \/>\n<meta property=\"article:modified_time\" content=\"2026-02-03T18:42:34+00:00\" \/>\n<meta property=\"og:image\" content=\"https:\/\/spaakcesoria.pl\/wp-content\/uploads\/2022\/11\/1leim-exotic-hydro-fruit-complex-cream-2x110ml.jpeg\" \/>\n\t<meta property=\"og:image:width\" content=\"400\" \/>\n\t<meta property=\"og:image:height\" content=\"400\" \/>\n\t<meta property=\"og:image:type\" content=\"image\/jpeg\" \/>\n<meta name=\"twitter:card\" content=\"summary_large_image\" \/>\n<meta name=\"twitter:label1\" content=\"Szacowany czas czytania\" \/>\n\t<meta name=\"twitter:data1\" content=\"1 minuta\" \/>\n<script type=\"application\/ld+json\" class=\"yoast-schema-graph\">{\"@context\":\"https:\\\/\\\/schema.org\",\"@graph\":[{\"@type\":\"WebPage\",\"@id\":\"https:\\\/\\\/spaakcesoria.pl\\\/index.php\\\/produkt\\\/krem-exotic-hydro-fruit-krem-fruit-complex-q10-odzywczo-regenerujacy-leim-2-x-110ml\\\/\",\"url\":\"https:\\\/\\\/spaakcesoria.pl\\\/index.php\\\/produkt\\\/krem-exotic-hydro-fruit-krem-fruit-complex-q10-odzywczo-regenerujacy-leim-2-x-110ml\\\/\",\"name\":\"Krem Exotic Hydro Fruit + Krem Fruit Complex Q10 od\u017cywczo-regeneruj\u0105cy Leim 2 x 110ml -\",\"isPartOf\":{\"@id\":\"https:\\\/\\\/spaakcesoria.pl\\\/#website\"},\"primaryImageOfPage\":{\"@id\":\"https:\\\/\\\/spaakcesoria.pl\\\/index.php\\\/produkt\\\/krem-exotic-hydro-fruit-krem-fruit-complex-q10-odzywczo-regenerujacy-leim-2-x-110ml\\\/#primaryimage\"},\"image\":{\"@id\":\"https:\\\/\\\/spaakcesoria.pl\\\/index.php\\\/produkt\\\/krem-exotic-hydro-fruit-krem-fruit-complex-q10-odzywczo-regenerujacy-leim-2-x-110ml\\\/#primaryimage\"},\"thumbnailUrl\":\"https:\\\/\\\/spaakcesoria.pl\\\/wp-content\\\/uploads\\\/2022\\\/11\\\/1leim-exotic-hydro-fruit-complex-cream-2x110ml.jpeg\",\"datePublished\":\"2022-11-20T19:08:42+00:00\",\"dateModified\":\"2026-02-03T18:42:34+00:00\",\"description\":\"Krem Exotic Hydro Fruit + Krem Fruit Complex Q10 od\u017cywczo-regeneruj\u0105cy Leim 2 x 110ml. Krem bogaty w cenne substancje od\u017cywczo-regeneruj\u0105ce (witaminy, enzymy, ekstrakty ananasa, kiwi i owoc\u00f3w mango.\",\"breadcrumb\":{\"@id\":\"https:\\\/\\\/spaakcesoria.pl\\\/index.php\\\/produkt\\\/krem-exotic-hydro-fruit-krem-fruit-complex-q10-odzywczo-regenerujacy-leim-2-x-110ml\\\/#breadcrumb\"},\"inLanguage\":\"pl-PL\",\"potentialAction\":[{\"@type\":\"ReadAction\",\"target\":[\"https:\\\/\\\/spaakcesoria.pl\\\/index.php\\\/produkt\\\/krem-exotic-hydro-fruit-krem-fruit-complex-q10-odzywczo-regenerujacy-leim-2-x-110ml\\\/\"]}]},{\"@type\":\"ImageObject\",\"inLanguage\":\"pl-PL\",\"@id\":\"https:\\\/\\\/spaakcesoria.pl\\\/index.php\\\/produkt\\\/krem-exotic-hydro-fruit-krem-fruit-complex-q10-odzywczo-regenerujacy-leim-2-x-110ml\\\/#primaryimage\",\"url\":\"https:\\\/\\\/spaakcesoria.pl\\\/wp-content\\\/uploads\\\/2022\\\/11\\\/1leim-exotic-hydro-fruit-complex-cream-2x110ml.jpeg\",\"contentUrl\":\"https:\\\/\\\/spaakcesoria.pl\\\/wp-content\\\/uploads\\\/2022\\\/11\\\/1leim-exotic-hydro-fruit-complex-cream-2x110ml.jpeg\",\"width\":400,\"height\":400},{\"@type\":\"BreadcrumbList\",\"@id\":\"https:\\\/\\\/spaakcesoria.pl\\\/index.php\\\/produkt\\\/krem-exotic-hydro-fruit-krem-fruit-complex-q10-odzywczo-regenerujacy-leim-2-x-110ml\\\/#breadcrumb\",\"itemListElement\":[{\"@type\":\"ListItem\",\"position\":1,\"name\":\"Strona g\u0142\u00f3wna\",\"item\":\"https:\\\/\\\/spaakcesoria.pl\\\/\"},{\"@type\":\"ListItem\",\"position\":2,\"name\":\"Sklep\",\"item\":\"https:\\\/\\\/spaakcesoria.pl\\\/index.php\\\/sklep\\\/\"},{\"@type\":\"ListItem\",\"position\":3,\"name\":\"Krem Exotic Hydro Fruit + Krem Fruit Complex Q10 od\u017cywczo-regeneruj\u0105cy Leim 2 x 110ml\"}]},{\"@type\":\"WebSite\",\"@id\":\"https:\\\/\\\/spaakcesoria.pl\\\/#website\",\"url\":\"https:\\\/\\\/spaakcesoria.pl\\\/\",\"name\":\"\",\"description\":\"\",\"potentialAction\":[{\"@type\":\"SearchAction\",\"target\":{\"@type\":\"EntryPoint\",\"urlTemplate\":\"https:\\\/\\\/spaakcesoria.pl\\\/?s={search_term_string}\"},\"query-input\":{\"@type\":\"PropertyValueSpecification\",\"valueRequired\":true,\"valueName\":\"search_term_string\"}}],\"inLanguage\":\"pl-PL\"}]}<\/script>\n<!-- \/ Yoast SEO plugin. -->","yoast_head_json":{"title":"Krem Exotic Hydro Fruit + Krem Fruit Complex Q10 od\u017cywczo-regeneruj\u0105cy Leim 2 x 110ml -","description":"Krem Exotic Hydro Fruit + Krem Fruit Complex Q10 od\u017cywczo-regeneruj\u0105cy Leim 2 x 110ml. Krem bogaty w cenne substancje od\u017cywczo-regeneruj\u0105ce (witaminy, enzymy, ekstrakty ananasa, kiwi i owoc\u00f3w mango.","robots":{"index":"index","follow":"follow","max-snippet":"max-snippet:-1","max-image-preview":"max-image-preview:large","max-video-preview":"max-video-preview:-1"},"canonical":"https:\/\/spaakcesoria.pl\/index.php\/produkt\/krem-exotic-hydro-fruit-krem-fruit-complex-q10-odzywczo-regenerujacy-leim-2-x-110ml\/","og_locale":"pl_PL","og_type":"article","og_title":"Krem Exotic Hydro Fruit + Krem Fruit Complex Q10 od\u017cywczo-regeneruj\u0105cy Leim 2 x 110ml -","og_description":"Krem Exotic Hydro Fruit + Krem Fruit Complex Q10 od\u017cywczo-regeneruj\u0105cy Leim 2 x 110ml. Krem bogaty w cenne substancje od\u017cywczo-regeneruj\u0105ce (witaminy, enzymy, ekstrakty ananasa, kiwi i owoc\u00f3w mango.","og_url":"https:\/\/spaakcesoria.pl\/index.php\/produkt\/krem-exotic-hydro-fruit-krem-fruit-complex-q10-odzywczo-regenerujacy-leim-2-x-110ml\/","article_modified_time":"2026-02-03T18:42:34+00:00","og_image":[{"width":400,"height":400,"url":"https:\/\/spaakcesoria.pl\/wp-content\/uploads\/2022\/11\/1leim-exotic-hydro-fruit-complex-cream-2x110ml.jpeg","type":"image\/jpeg"}],"twitter_card":"summary_large_image","twitter_misc":{"Szacowany czas czytania":"1 minuta"},"schema":{"@context":"https:\/\/schema.org","@graph":[{"@type":"WebPage","@id":"https:\/\/spaakcesoria.pl\/index.php\/produkt\/krem-exotic-hydro-fruit-krem-fruit-complex-q10-odzywczo-regenerujacy-leim-2-x-110ml\/","url":"https:\/\/spaakcesoria.pl\/index.php\/produkt\/krem-exotic-hydro-fruit-krem-fruit-complex-q10-odzywczo-regenerujacy-leim-2-x-110ml\/","name":"Krem Exotic Hydro Fruit + Krem Fruit Complex Q10 od\u017cywczo-regeneruj\u0105cy Leim 2 x 110ml -","isPartOf":{"@id":"https:\/\/spaakcesoria.pl\/#website"},"primaryImageOfPage":{"@id":"https:\/\/spaakcesoria.pl\/index.php\/produkt\/krem-exotic-hydro-fruit-krem-fruit-complex-q10-odzywczo-regenerujacy-leim-2-x-110ml\/#primaryimage"},"image":{"@id":"https:\/\/spaakcesoria.pl\/index.php\/produkt\/krem-exotic-hydro-fruit-krem-fruit-complex-q10-odzywczo-regenerujacy-leim-2-x-110ml\/#primaryimage"},"thumbnailUrl":"https:\/\/spaakcesoria.pl\/wp-content\/uploads\/2022\/11\/1leim-exotic-hydro-fruit-complex-cream-2x110ml.jpeg","datePublished":"2022-11-20T19:08:42+00:00","dateModified":"2026-02-03T18:42:34+00:00","description":"Krem Exotic Hydro Fruit + Krem Fruit Complex Q10 od\u017cywczo-regeneruj\u0105cy Leim 2 x 110ml. Krem bogaty w cenne substancje od\u017cywczo-regeneruj\u0105ce (witaminy, enzymy, ekstrakty ananasa, kiwi i owoc\u00f3w mango.","breadcrumb":{"@id":"https:\/\/spaakcesoria.pl\/index.php\/produkt\/krem-exotic-hydro-fruit-krem-fruit-complex-q10-odzywczo-regenerujacy-leim-2-x-110ml\/#breadcrumb"},"inLanguage":"pl-PL","potentialAction":[{"@type":"ReadAction","target":["https:\/\/spaakcesoria.pl\/index.php\/produkt\/krem-exotic-hydro-fruit-krem-fruit-complex-q10-odzywczo-regenerujacy-leim-2-x-110ml\/"]}]},{"@type":"ImageObject","inLanguage":"pl-PL","@id":"https:\/\/spaakcesoria.pl\/index.php\/produkt\/krem-exotic-hydro-fruit-krem-fruit-complex-q10-odzywczo-regenerujacy-leim-2-x-110ml\/#primaryimage","url":"https:\/\/spaakcesoria.pl\/wp-content\/uploads\/2022\/11\/1leim-exotic-hydro-fruit-complex-cream-2x110ml.jpeg","contentUrl":"https:\/\/spaakcesoria.pl\/wp-content\/uploads\/2022\/11\/1leim-exotic-hydro-fruit-complex-cream-2x110ml.jpeg","width":400,"height":400},{"@type":"BreadcrumbList","@id":"https:\/\/spaakcesoria.pl\/index.php\/produkt\/krem-exotic-hydro-fruit-krem-fruit-complex-q10-odzywczo-regenerujacy-leim-2-x-110ml\/#breadcrumb","itemListElement":[{"@type":"ListItem","position":1,"name":"Strona g\u0142\u00f3wna","item":"https:\/\/spaakcesoria.pl\/"},{"@type":"ListItem","position":2,"name":"Sklep","item":"https:\/\/spaakcesoria.pl\/index.php\/sklep\/"},{"@type":"ListItem","position":3,"name":"Krem Exotic Hydro Fruit + Krem Fruit Complex Q10 od\u017cywczo-regeneruj\u0105cy Leim 2 x 110ml"}]},{"@type":"WebSite","@id":"https:\/\/spaakcesoria.pl\/#website","url":"https:\/\/spaakcesoria.pl\/","name":"","description":"","potentialAction":[{"@type":"SearchAction","target":{"@type":"EntryPoint","urlTemplate":"https:\/\/spaakcesoria.pl\/?s={search_term_string}"},"query-input":{"@type":"PropertyValueSpecification","valueRequired":true,"valueName":"search_term_string"}}],"inLanguage":"pl-PL"}]}},"_links":{"self":[{"href":"https:\/\/spaakcesoria.pl\/index.php\/wp-json\/wp\/v2\/product\/2359","targetHints":{"allow":["GET"]}}],"collection":[{"href":"https:\/\/spaakcesoria.pl\/index.php\/wp-json\/wp\/v2\/product"}],"about":[{"href":"https:\/\/spaakcesoria.pl\/index.php\/wp-json\/wp\/v2\/types\/product"}],"version-history":[{"count":1,"href":"https:\/\/spaakcesoria.pl\/index.php\/wp-json\/wp\/v2\/product\/2359\/revisions"}],"predecessor-version":[{"id":2361,"href":"https:\/\/spaakcesoria.pl\/index.php\/wp-json\/wp\/v2\/product\/2359\/revisions\/2361"}],"wp:featuredmedia":[{"embeddable":true,"href":"https:\/\/spaakcesoria.pl\/index.php\/wp-json\/wp\/v2\/media\/2360"}],"wp:attachment":[{"href":"https:\/\/spaakcesoria.pl\/index.php\/wp-json\/wp\/v2\/media?parent=2359"}],"wp:term":[{"taxonomy":"product_brand","embeddable":true,"href":"https:\/\/spaakcesoria.pl\/index.php\/wp-json\/wp\/v2\/product_brand?post=2359"},{"taxonomy":"product_cat","embeddable":true,"href":"https:\/\/spaakcesoria.pl\/index.php\/wp-json\/wp\/v2\/product_cat?post=2359"},{"taxonomy":"product_tag","embeddable":true,"href":"https:\/\/spaakcesoria.pl\/index.php\/wp-json\/wp\/v2\/product_tag?post=2359"}],"curies":[{"name":"wp","href":"https:\/\/api.w.org\/{rel}","templated":true}]}}