{"id":2371,"date":"2022-11-20T20:40:17","date_gmt":"2022-11-20T19:40:17","guid":{"rendered":"https:\/\/spaakcesoria.pl\/?post_type=product&#038;p=2371"},"modified":"2026-02-03T20:14:16","modified_gmt":"2026-02-03T19:14:16","slug":"krem-pod-oczy-leim-compendium-face-treatment-eye-cream-przeciwzmarszczkowy-z-witaminami-60ml","status":"publish","type":"product","link":"https:\/\/spaakcesoria.pl\/index.php\/produkt\/krem-pod-oczy-leim-compendium-face-treatment-eye-cream-przeciwzmarszczkowy-z-witaminami-60ml\/","title":{"rendered":"Krem pod oczy Leim Compendium Face Treatment Eye Cream przeciwzmarszczkowy z witaminami 60ml"},"content":{"rendered":"<h2 class=\"p1\">Krem pod oczy Leim Compendium Face Treatment Eye Cream przeciwzmarszczkowy z witaminami 60ml<\/h2>\n<h4>Opakowanie: 60 ml<\/h4>\n<h4>Przeciwzmarszczkowy, delikatny,witaminowy lekko t\u0142usty krem do okolic oczu. Do stosowania na dzie\u0144 i na noc.<\/h4>\n<h4>Idealny dla cery suchej, dojrza\u0142ej. Krem g\u0142\u0119boko regeneruje i od\u017cywia delikatne kom\u00f3rki sk\u00f3ry pod oczami.<\/h4>\n<h4>\u0141agodzi i usuwa ozaki zm\u0119czenia, redukuje zmarszczki i linie, sprawiaj\u0105c, \u017ce spojrzenie odzyskuje m\u0142odzie\u0144czy blask.<\/h4>\n<h4><strong>Spos\u00f3b u\u017cycia:<\/strong><br \/>\nDelikatnie wklepa\u0107 w okolice oczu najlepiej wieczorem lub podczas zabieg\u00f3w od\u017cywczych.<\/h4>\n","protected":false},"excerpt":{"rendered":"<p>\u0141agodzi i usuwa oznaki zm\u0119czenia, redukuje zmarszczki i linie, sprawiaj\u0105c, \u017ce spojrzenie odzyskuje m\u0142odzie\u0144czy blask.<\/p>\n","protected":false},"featured_media":2372,"template":"","meta":{"_monsterinsights_skip_tracking":false,"_monsterinsights_sitenote_active":false,"_monsterinsights_sitenote_note":"","_monsterinsights_sitenote_category":0},"product_brand":[],"product_cat":[22,307],"product_tag":[414,411,348],"class_list":{"0":"post-2371","1":"product","2":"type-product","3":"status-publish","4":"has-post-thumbnail","6":"product_cat-kosmetyki","7":"product_cat-kremy","8":"product_tag-compendium-face-treatment-eye-cream","9":"product_tag-krem-pod-oczy-leim","10":"product_tag-leim","12":"first","13":"outofstock","14":"taxable","15":"shipping-taxable","16":"purchasable","17":"product-type-simple"},"yoast_head":"<!-- This site is optimized with the Yoast SEO plugin v27.6 - https:\/\/yoast.com\/product\/yoast-seo-wordpress\/ -->\n<title>Krem pod oczy Leim Compendium Face Treatment Eye Cream przeciwzmarszczkowy z witaminami 60ml -<\/title>\n<meta name=\"description\" content=\"Krem pod oczy Leim Compendium Face Treatment Eye Cream przeciwzmarszczkowy z witaminami 60ml. \u0141agodzi i usuwa ozaki zm\u0119czenia, redukuje zmarszczki i linie, sprawiaj\u0105c, \u017ce spojrzenie odzyskuje m\u0142odzie\u0144czy blask.\" \/>\n<meta name=\"robots\" content=\"index, follow, max-snippet:-1, max-image-preview:large, max-video-preview:-1\" \/>\n<link rel=\"canonical\" href=\"https:\/\/spaakcesoria.pl\/index.php\/produkt\/krem-pod-oczy-leim-compendium-face-treatment-eye-cream-przeciwzmarszczkowy-z-witaminami-60ml\/\" \/>\n<meta property=\"og:locale\" content=\"pl_PL\" \/>\n<meta property=\"og:type\" content=\"article\" \/>\n<meta property=\"og:title\" content=\"Krem pod oczy Leim Compendium Face Treatment Eye Cream przeciwzmarszczkowy z witaminami 60ml -\" \/>\n<meta property=\"og:description\" content=\"Krem pod oczy Leim Compendium Face Treatment Eye Cream przeciwzmarszczkowy z witaminami 60ml. \u0141agodzi i usuwa ozaki zm\u0119czenia, redukuje zmarszczki i linie, sprawiaj\u0105c, \u017ce spojrzenie odzyskuje m\u0142odzie\u0144czy blask.\" \/>\n<meta property=\"og:url\" content=\"https:\/\/spaakcesoria.pl\/index.php\/produkt\/krem-pod-oczy-leim-compendium-face-treatment-eye-cream-przeciwzmarszczkowy-z-witaminami-60ml\/\" \/>\n<meta property=\"article:modified_time\" content=\"2026-02-03T19:14:16+00:00\" \/>\n<meta property=\"og:image\" content=\"https:\/\/spaakcesoria.pl\/wp-content\/uploads\/2022\/11\/6aleja-leim-face-treatment-eye-cream-60ml.jpeg\" \/>\n\t<meta property=\"og:image:width\" content=\"400\" \/>\n\t<meta property=\"og:image:height\" content=\"400\" \/>\n\t<meta property=\"og:image:type\" content=\"image\/jpeg\" \/>\n<meta name=\"twitter:card\" content=\"summary_large_image\" \/>\n<meta name=\"twitter:label1\" content=\"Szacowany czas czytania\" \/>\n\t<meta name=\"twitter:data1\" content=\"1 minuta\" \/>\n<script type=\"application\/ld+json\" class=\"yoast-schema-graph\">{\"@context\":\"https:\\\/\\\/schema.org\",\"@graph\":[{\"@type\":\"WebPage\",\"@id\":\"https:\\\/\\\/spaakcesoria.pl\\\/index.php\\\/produkt\\\/krem-pod-oczy-leim-compendium-face-treatment-eye-cream-przeciwzmarszczkowy-z-witaminami-60ml\\\/\",\"url\":\"https:\\\/\\\/spaakcesoria.pl\\\/index.php\\\/produkt\\\/krem-pod-oczy-leim-compendium-face-treatment-eye-cream-przeciwzmarszczkowy-z-witaminami-60ml\\\/\",\"name\":\"Krem pod oczy Leim Compendium Face Treatment Eye Cream przeciwzmarszczkowy z witaminami 60ml -\",\"isPartOf\":{\"@id\":\"https:\\\/\\\/spaakcesoria.pl\\\/#website\"},\"primaryImageOfPage\":{\"@id\":\"https:\\\/\\\/spaakcesoria.pl\\\/index.php\\\/produkt\\\/krem-pod-oczy-leim-compendium-face-treatment-eye-cream-przeciwzmarszczkowy-z-witaminami-60ml\\\/#primaryimage\"},\"image\":{\"@id\":\"https:\\\/\\\/spaakcesoria.pl\\\/index.php\\\/produkt\\\/krem-pod-oczy-leim-compendium-face-treatment-eye-cream-przeciwzmarszczkowy-z-witaminami-60ml\\\/#primaryimage\"},\"thumbnailUrl\":\"https:\\\/\\\/spaakcesoria.pl\\\/wp-content\\\/uploads\\\/2022\\\/11\\\/6aleja-leim-face-treatment-eye-cream-60ml.jpeg\",\"datePublished\":\"2022-11-20T19:40:17+00:00\",\"dateModified\":\"2026-02-03T19:14:16+00:00\",\"description\":\"Krem pod oczy Leim Compendium Face Treatment Eye Cream przeciwzmarszczkowy z witaminami 60ml. \u0141agodzi i usuwa ozaki zm\u0119czenia, redukuje zmarszczki i linie, sprawiaj\u0105c, \u017ce spojrzenie odzyskuje m\u0142odzie\u0144czy blask.\",\"breadcrumb\":{\"@id\":\"https:\\\/\\\/spaakcesoria.pl\\\/index.php\\\/produkt\\\/krem-pod-oczy-leim-compendium-face-treatment-eye-cream-przeciwzmarszczkowy-z-witaminami-60ml\\\/#breadcrumb\"},\"inLanguage\":\"pl-PL\",\"potentialAction\":[{\"@type\":\"ReadAction\",\"target\":[\"https:\\\/\\\/spaakcesoria.pl\\\/index.php\\\/produkt\\\/krem-pod-oczy-leim-compendium-face-treatment-eye-cream-przeciwzmarszczkowy-z-witaminami-60ml\\\/\"]}]},{\"@type\":\"ImageObject\",\"inLanguage\":\"pl-PL\",\"@id\":\"https:\\\/\\\/spaakcesoria.pl\\\/index.php\\\/produkt\\\/krem-pod-oczy-leim-compendium-face-treatment-eye-cream-przeciwzmarszczkowy-z-witaminami-60ml\\\/#primaryimage\",\"url\":\"https:\\\/\\\/spaakcesoria.pl\\\/wp-content\\\/uploads\\\/2022\\\/11\\\/6aleja-leim-face-treatment-eye-cream-60ml.jpeg\",\"contentUrl\":\"https:\\\/\\\/spaakcesoria.pl\\\/wp-content\\\/uploads\\\/2022\\\/11\\\/6aleja-leim-face-treatment-eye-cream-60ml.jpeg\",\"width\":400,\"height\":400},{\"@type\":\"BreadcrumbList\",\"@id\":\"https:\\\/\\\/spaakcesoria.pl\\\/index.php\\\/produkt\\\/krem-pod-oczy-leim-compendium-face-treatment-eye-cream-przeciwzmarszczkowy-z-witaminami-60ml\\\/#breadcrumb\",\"itemListElement\":[{\"@type\":\"ListItem\",\"position\":1,\"name\":\"Strona g\u0142\u00f3wna\",\"item\":\"https:\\\/\\\/spaakcesoria.pl\\\/\"},{\"@type\":\"ListItem\",\"position\":2,\"name\":\"Sklep\",\"item\":\"https:\\\/\\\/spaakcesoria.pl\\\/index.php\\\/sklep\\\/\"},{\"@type\":\"ListItem\",\"position\":3,\"name\":\"Krem pod oczy Leim Compendium Face Treatment Eye Cream przeciwzmarszczkowy z witaminami 60ml\"}]},{\"@type\":\"WebSite\",\"@id\":\"https:\\\/\\\/spaakcesoria.pl\\\/#website\",\"url\":\"https:\\\/\\\/spaakcesoria.pl\\\/\",\"name\":\"\",\"description\":\"\",\"potentialAction\":[{\"@type\":\"SearchAction\",\"target\":{\"@type\":\"EntryPoint\",\"urlTemplate\":\"https:\\\/\\\/spaakcesoria.pl\\\/?s={search_term_string}\"},\"query-input\":{\"@type\":\"PropertyValueSpecification\",\"valueRequired\":true,\"valueName\":\"search_term_string\"}}],\"inLanguage\":\"pl-PL\"}]}<\/script>\n<!-- \/ Yoast SEO plugin. -->","yoast_head_json":{"title":"Krem pod oczy Leim Compendium Face Treatment Eye Cream przeciwzmarszczkowy z witaminami 60ml -","description":"Krem pod oczy Leim Compendium Face Treatment Eye Cream przeciwzmarszczkowy z witaminami 60ml. \u0141agodzi i usuwa ozaki zm\u0119czenia, redukuje zmarszczki i linie, sprawiaj\u0105c, \u017ce spojrzenie odzyskuje m\u0142odzie\u0144czy blask.","robots":{"index":"index","follow":"follow","max-snippet":"max-snippet:-1","max-image-preview":"max-image-preview:large","max-video-preview":"max-video-preview:-1"},"canonical":"https:\/\/spaakcesoria.pl\/index.php\/produkt\/krem-pod-oczy-leim-compendium-face-treatment-eye-cream-przeciwzmarszczkowy-z-witaminami-60ml\/","og_locale":"pl_PL","og_type":"article","og_title":"Krem pod oczy Leim Compendium Face Treatment Eye Cream przeciwzmarszczkowy z witaminami 60ml -","og_description":"Krem pod oczy Leim Compendium Face Treatment Eye Cream przeciwzmarszczkowy z witaminami 60ml. \u0141agodzi i usuwa ozaki zm\u0119czenia, redukuje zmarszczki i linie, sprawiaj\u0105c, \u017ce spojrzenie odzyskuje m\u0142odzie\u0144czy blask.","og_url":"https:\/\/spaakcesoria.pl\/index.php\/produkt\/krem-pod-oczy-leim-compendium-face-treatment-eye-cream-przeciwzmarszczkowy-z-witaminami-60ml\/","article_modified_time":"2026-02-03T19:14:16+00:00","og_image":[{"width":400,"height":400,"url":"https:\/\/spaakcesoria.pl\/wp-content\/uploads\/2022\/11\/6aleja-leim-face-treatment-eye-cream-60ml.jpeg","type":"image\/jpeg"}],"twitter_card":"summary_large_image","twitter_misc":{"Szacowany czas czytania":"1 minuta"},"schema":{"@context":"https:\/\/schema.org","@graph":[{"@type":"WebPage","@id":"https:\/\/spaakcesoria.pl\/index.php\/produkt\/krem-pod-oczy-leim-compendium-face-treatment-eye-cream-przeciwzmarszczkowy-z-witaminami-60ml\/","url":"https:\/\/spaakcesoria.pl\/index.php\/produkt\/krem-pod-oczy-leim-compendium-face-treatment-eye-cream-przeciwzmarszczkowy-z-witaminami-60ml\/","name":"Krem pod oczy Leim Compendium Face Treatment Eye Cream przeciwzmarszczkowy z witaminami 60ml -","isPartOf":{"@id":"https:\/\/spaakcesoria.pl\/#website"},"primaryImageOfPage":{"@id":"https:\/\/spaakcesoria.pl\/index.php\/produkt\/krem-pod-oczy-leim-compendium-face-treatment-eye-cream-przeciwzmarszczkowy-z-witaminami-60ml\/#primaryimage"},"image":{"@id":"https:\/\/spaakcesoria.pl\/index.php\/produkt\/krem-pod-oczy-leim-compendium-face-treatment-eye-cream-przeciwzmarszczkowy-z-witaminami-60ml\/#primaryimage"},"thumbnailUrl":"https:\/\/spaakcesoria.pl\/wp-content\/uploads\/2022\/11\/6aleja-leim-face-treatment-eye-cream-60ml.jpeg","datePublished":"2022-11-20T19:40:17+00:00","dateModified":"2026-02-03T19:14:16+00:00","description":"Krem pod oczy Leim Compendium Face Treatment Eye Cream przeciwzmarszczkowy z witaminami 60ml. \u0141agodzi i usuwa ozaki zm\u0119czenia, redukuje zmarszczki i linie, sprawiaj\u0105c, \u017ce spojrzenie odzyskuje m\u0142odzie\u0144czy blask.","breadcrumb":{"@id":"https:\/\/spaakcesoria.pl\/index.php\/produkt\/krem-pod-oczy-leim-compendium-face-treatment-eye-cream-przeciwzmarszczkowy-z-witaminami-60ml\/#breadcrumb"},"inLanguage":"pl-PL","potentialAction":[{"@type":"ReadAction","target":["https:\/\/spaakcesoria.pl\/index.php\/produkt\/krem-pod-oczy-leim-compendium-face-treatment-eye-cream-przeciwzmarszczkowy-z-witaminami-60ml\/"]}]},{"@type":"ImageObject","inLanguage":"pl-PL","@id":"https:\/\/spaakcesoria.pl\/index.php\/produkt\/krem-pod-oczy-leim-compendium-face-treatment-eye-cream-przeciwzmarszczkowy-z-witaminami-60ml\/#primaryimage","url":"https:\/\/spaakcesoria.pl\/wp-content\/uploads\/2022\/11\/6aleja-leim-face-treatment-eye-cream-60ml.jpeg","contentUrl":"https:\/\/spaakcesoria.pl\/wp-content\/uploads\/2022\/11\/6aleja-leim-face-treatment-eye-cream-60ml.jpeg","width":400,"height":400},{"@type":"BreadcrumbList","@id":"https:\/\/spaakcesoria.pl\/index.php\/produkt\/krem-pod-oczy-leim-compendium-face-treatment-eye-cream-przeciwzmarszczkowy-z-witaminami-60ml\/#breadcrumb","itemListElement":[{"@type":"ListItem","position":1,"name":"Strona g\u0142\u00f3wna","item":"https:\/\/spaakcesoria.pl\/"},{"@type":"ListItem","position":2,"name":"Sklep","item":"https:\/\/spaakcesoria.pl\/index.php\/sklep\/"},{"@type":"ListItem","position":3,"name":"Krem pod oczy Leim Compendium Face Treatment Eye Cream przeciwzmarszczkowy z witaminami 60ml"}]},{"@type":"WebSite","@id":"https:\/\/spaakcesoria.pl\/#website","url":"https:\/\/spaakcesoria.pl\/","name":"","description":"","potentialAction":[{"@type":"SearchAction","target":{"@type":"EntryPoint","urlTemplate":"https:\/\/spaakcesoria.pl\/?s={search_term_string}"},"query-input":{"@type":"PropertyValueSpecification","valueRequired":true,"valueName":"search_term_string"}}],"inLanguage":"pl-PL"}]}},"_links":{"self":[{"href":"https:\/\/spaakcesoria.pl\/index.php\/wp-json\/wp\/v2\/product\/2371","targetHints":{"allow":["GET"]}}],"collection":[{"href":"https:\/\/spaakcesoria.pl\/index.php\/wp-json\/wp\/v2\/product"}],"about":[{"href":"https:\/\/spaakcesoria.pl\/index.php\/wp-json\/wp\/v2\/types\/product"}],"version-history":[{"count":1,"href":"https:\/\/spaakcesoria.pl\/index.php\/wp-json\/wp\/v2\/product\/2371\/revisions"}],"predecessor-version":[{"id":2373,"href":"https:\/\/spaakcesoria.pl\/index.php\/wp-json\/wp\/v2\/product\/2371\/revisions\/2373"}],"wp:featuredmedia":[{"embeddable":true,"href":"https:\/\/spaakcesoria.pl\/index.php\/wp-json\/wp\/v2\/media\/2372"}],"wp:attachment":[{"href":"https:\/\/spaakcesoria.pl\/index.php\/wp-json\/wp\/v2\/media?parent=2371"}],"wp:term":[{"taxonomy":"product_brand","embeddable":true,"href":"https:\/\/spaakcesoria.pl\/index.php\/wp-json\/wp\/v2\/product_brand?post=2371"},{"taxonomy":"product_cat","embeddable":true,"href":"https:\/\/spaakcesoria.pl\/index.php\/wp-json\/wp\/v2\/product_cat?post=2371"},{"taxonomy":"product_tag","embeddable":true,"href":"https:\/\/spaakcesoria.pl\/index.php\/wp-json\/wp\/v2\/product_tag?post=2371"}],"curies":[{"name":"wp","href":"https:\/\/api.w.org\/{rel}","templated":true}]}}