{"id":2377,"date":"2022-11-20T20:53:16","date_gmt":"2022-11-20T19:53:16","guid":{"rendered":"https:\/\/spaakcesoria.pl\/?post_type=product&#038;p=2377"},"modified":"2026-02-03T20:14:29","modified_gmt":"2026-02-03T19:14:29","slug":"krem-pod-oczy-mini-lifting-z-kawiorem-leim-caviar-pearls-eye-complex-mini-lifting-15ml","status":"publish","type":"product","link":"https:\/\/spaakcesoria.pl\/index.php\/produkt\/krem-pod-oczy-mini-lifting-z-kawiorem-leim-caviar-pearls-eye-complex-mini-lifting-15ml\/","title":{"rendered":"Krem pod oczy mini lifting z kawiorem Leim Caviar Pearls Eye Complex Mini Lifting 15ml"},"content":{"rendered":"<h2 class=\"p1\">Krem pod oczy mini lifting z kawiorem Leim Caviar Pearls Eye Complex Mini Lifting 15ml<\/h2>\n<h4>Opakowanie: 15 ml<\/h4>\n<h4>Ekskluzywny lifting pod oczy w postaci kremowych hydropere\u0142 zawieszonych w intensywnie nawil\u017caj\u0105cym \u017celu.<br \/>\nB\u0142yskawicznie poprawia napi\u0119cie delikatnej sk\u00f3ry wok\u00f3\u0142 oczu zwi\u0119ksza jej wilgotno\u015b\u0107 i mikrokr\u0105\u017cenie.<br \/>\nDzi\u0119ki eliminacji nagromadzonych wok\u00f3\u0142 oczu p\u0142yn\u00f3w, twarz odzyskuje m\u0142odzie\u0144czy i witalny wygl\u0105d, a sk\u00f3ra promienieje blaskiem.<\/h4>\n<h4>Ten luksusowy kosmetyk z serii anty-aging zadowoli nawet najbardziej wymagaj\u0105ce klientki. Przeznaczony jest dla Pa\u0144 szukaj\u0105cych intensywnej regeneracji i widocznych efekt\u00f3w, a tak\u017ce wyj\u0105tkowego komfortu podczas u\u017cytkowania.<br \/>\nPreparat kompleksowo zwalcza opuchni\u0119cia i obrz\u0119ki, kurze \u0142apki, cienie i si\u0144ce pod oczami, sucho\u015b\u0107 i nier\u00f3wny koloryt.<\/h4>\n","protected":false},"excerpt":{"rendered":"<p>Ekskluzywny lifting pod oczy w postaci kremowych hydropere\u0142 zawieszonych w intensywnie nawil\u017caj\u0105cym \u017celu.<\/p>\n","protected":false},"featured_media":2379,"template":"","meta":{"_monsterinsights_skip_tracking":false,"_monsterinsights_sitenote_active":false,"_monsterinsights_sitenote_note":"","_monsterinsights_sitenote_category":0},"product_brand":[],"product_cat":[22,307,49],"product_tag":[411,417,416],"class_list":{"0":"post-2377","1":"product","2":"type-product","3":"status-publish","4":"has-post-thumbnail","6":"product_cat-kosmetyki","7":"product_cat-kremy","8":"product_cat-serum","9":"product_tag-krem-pod-oczy-leim","10":"product_tag-krem-pod-oczy-z-kawiorem","11":"product_tag-leim-caviar-pearls-eye-complex-mini-lifting","13":"first","14":"outofstock","15":"taxable","16":"shipping-taxable","17":"purchasable","18":"product-type-simple"},"yoast_head":"<!-- This site is optimized with the Yoast SEO plugin v27.6 - https:\/\/yoast.com\/product\/yoast-seo-wordpress\/ -->\n<title>Krem pod oczy mini lifting z kawiorem Leim Caviar Pearls Eye Complex Mini Lifting 15ml -<\/title>\n<meta name=\"description\" content=\"Krem pod oczy mini lifting z kawiorem Leim Caviar Pearls Eye Complex Mini Lifting 15ml. Ekskluzywny lifting pod oczy w postaci kremowych hydropere\u0142 zawieszonych w intensywnie nawil\u017caj\u0105cym \u017celu.\" \/>\n<meta name=\"robots\" content=\"index, follow, max-snippet:-1, max-image-preview:large, max-video-preview:-1\" \/>\n<link rel=\"canonical\" href=\"https:\/\/spaakcesoria.pl\/index.php\/produkt\/krem-pod-oczy-mini-lifting-z-kawiorem-leim-caviar-pearls-eye-complex-mini-lifting-15ml\/\" \/>\n<meta property=\"og:locale\" content=\"pl_PL\" \/>\n<meta property=\"og:type\" content=\"article\" \/>\n<meta property=\"og:title\" content=\"Krem pod oczy mini lifting z kawiorem Leim Caviar Pearls Eye Complex Mini Lifting 15ml -\" \/>\n<meta property=\"og:description\" content=\"Krem pod oczy mini lifting z kawiorem Leim Caviar Pearls Eye Complex Mini Lifting 15ml. Ekskluzywny lifting pod oczy w postaci kremowych hydropere\u0142 zawieszonych w intensywnie nawil\u017caj\u0105cym \u017celu.\" \/>\n<meta property=\"og:url\" content=\"https:\/\/spaakcesoria.pl\/index.php\/produkt\/krem-pod-oczy-mini-lifting-z-kawiorem-leim-caviar-pearls-eye-complex-mini-lifting-15ml\/\" \/>\n<meta property=\"article:modified_time\" content=\"2026-02-03T19:14:29+00:00\" \/>\n<meta property=\"og:image\" content=\"https:\/\/spaakcesoria.pl\/wp-content\/uploads\/2022\/11\/11.jpeg\" \/>\n\t<meta property=\"og:image:width\" content=\"400\" \/>\n\t<meta property=\"og:image:height\" content=\"400\" \/>\n\t<meta property=\"og:image:type\" content=\"image\/jpeg\" \/>\n<meta name=\"twitter:card\" content=\"summary_large_image\" \/>\n<meta name=\"twitter:label1\" content=\"Szacowany czas czytania\" \/>\n\t<meta name=\"twitter:data1\" content=\"1 minuta\" \/>\n<script type=\"application\/ld+json\" class=\"yoast-schema-graph\">{\"@context\":\"https:\\\/\\\/schema.org\",\"@graph\":[{\"@type\":\"WebPage\",\"@id\":\"https:\\\/\\\/spaakcesoria.pl\\\/index.php\\\/produkt\\\/krem-pod-oczy-mini-lifting-z-kawiorem-leim-caviar-pearls-eye-complex-mini-lifting-15ml\\\/\",\"url\":\"https:\\\/\\\/spaakcesoria.pl\\\/index.php\\\/produkt\\\/krem-pod-oczy-mini-lifting-z-kawiorem-leim-caviar-pearls-eye-complex-mini-lifting-15ml\\\/\",\"name\":\"Krem pod oczy mini lifting z kawiorem Leim Caviar Pearls Eye Complex Mini Lifting 15ml -\",\"isPartOf\":{\"@id\":\"https:\\\/\\\/spaakcesoria.pl\\\/#website\"},\"primaryImageOfPage\":{\"@id\":\"https:\\\/\\\/spaakcesoria.pl\\\/index.php\\\/produkt\\\/krem-pod-oczy-mini-lifting-z-kawiorem-leim-caviar-pearls-eye-complex-mini-lifting-15ml\\\/#primaryimage\"},\"image\":{\"@id\":\"https:\\\/\\\/spaakcesoria.pl\\\/index.php\\\/produkt\\\/krem-pod-oczy-mini-lifting-z-kawiorem-leim-caviar-pearls-eye-complex-mini-lifting-15ml\\\/#primaryimage\"},\"thumbnailUrl\":\"https:\\\/\\\/spaakcesoria.pl\\\/wp-content\\\/uploads\\\/2022\\\/11\\\/11.jpeg\",\"datePublished\":\"2022-11-20T19:53:16+00:00\",\"dateModified\":\"2026-02-03T19:14:29+00:00\",\"description\":\"Krem pod oczy mini lifting z kawiorem Leim Caviar Pearls Eye Complex Mini Lifting 15ml. Ekskluzywny lifting pod oczy w postaci kremowych hydropere\u0142 zawieszonych w intensywnie nawil\u017caj\u0105cym \u017celu.\",\"breadcrumb\":{\"@id\":\"https:\\\/\\\/spaakcesoria.pl\\\/index.php\\\/produkt\\\/krem-pod-oczy-mini-lifting-z-kawiorem-leim-caviar-pearls-eye-complex-mini-lifting-15ml\\\/#breadcrumb\"},\"inLanguage\":\"pl-PL\",\"potentialAction\":[{\"@type\":\"ReadAction\",\"target\":[\"https:\\\/\\\/spaakcesoria.pl\\\/index.php\\\/produkt\\\/krem-pod-oczy-mini-lifting-z-kawiorem-leim-caviar-pearls-eye-complex-mini-lifting-15ml\\\/\"]}]},{\"@type\":\"ImageObject\",\"inLanguage\":\"pl-PL\",\"@id\":\"https:\\\/\\\/spaakcesoria.pl\\\/index.php\\\/produkt\\\/krem-pod-oczy-mini-lifting-z-kawiorem-leim-caviar-pearls-eye-complex-mini-lifting-15ml\\\/#primaryimage\",\"url\":\"https:\\\/\\\/spaakcesoria.pl\\\/wp-content\\\/uploads\\\/2022\\\/11\\\/11.jpeg\",\"contentUrl\":\"https:\\\/\\\/spaakcesoria.pl\\\/wp-content\\\/uploads\\\/2022\\\/11\\\/11.jpeg\",\"width\":400,\"height\":400},{\"@type\":\"BreadcrumbList\",\"@id\":\"https:\\\/\\\/spaakcesoria.pl\\\/index.php\\\/produkt\\\/krem-pod-oczy-mini-lifting-z-kawiorem-leim-caviar-pearls-eye-complex-mini-lifting-15ml\\\/#breadcrumb\",\"itemListElement\":[{\"@type\":\"ListItem\",\"position\":1,\"name\":\"Strona g\u0142\u00f3wna\",\"item\":\"https:\\\/\\\/spaakcesoria.pl\\\/\"},{\"@type\":\"ListItem\",\"position\":2,\"name\":\"Sklep\",\"item\":\"https:\\\/\\\/spaakcesoria.pl\\\/index.php\\\/sklep\\\/\"},{\"@type\":\"ListItem\",\"position\":3,\"name\":\"Krem pod oczy mini lifting z kawiorem Leim Caviar Pearls Eye Complex Mini Lifting 15ml\"}]},{\"@type\":\"WebSite\",\"@id\":\"https:\\\/\\\/spaakcesoria.pl\\\/#website\",\"url\":\"https:\\\/\\\/spaakcesoria.pl\\\/\",\"name\":\"\",\"description\":\"\",\"potentialAction\":[{\"@type\":\"SearchAction\",\"target\":{\"@type\":\"EntryPoint\",\"urlTemplate\":\"https:\\\/\\\/spaakcesoria.pl\\\/?s={search_term_string}\"},\"query-input\":{\"@type\":\"PropertyValueSpecification\",\"valueRequired\":true,\"valueName\":\"search_term_string\"}}],\"inLanguage\":\"pl-PL\"}]}<\/script>\n<!-- \/ Yoast SEO plugin. -->","yoast_head_json":{"title":"Krem pod oczy mini lifting z kawiorem Leim Caviar Pearls Eye Complex Mini Lifting 15ml -","description":"Krem pod oczy mini lifting z kawiorem Leim Caviar Pearls Eye Complex Mini Lifting 15ml. Ekskluzywny lifting pod oczy w postaci kremowych hydropere\u0142 zawieszonych w intensywnie nawil\u017caj\u0105cym \u017celu.","robots":{"index":"index","follow":"follow","max-snippet":"max-snippet:-1","max-image-preview":"max-image-preview:large","max-video-preview":"max-video-preview:-1"},"canonical":"https:\/\/spaakcesoria.pl\/index.php\/produkt\/krem-pod-oczy-mini-lifting-z-kawiorem-leim-caviar-pearls-eye-complex-mini-lifting-15ml\/","og_locale":"pl_PL","og_type":"article","og_title":"Krem pod oczy mini lifting z kawiorem Leim Caviar Pearls Eye Complex Mini Lifting 15ml -","og_description":"Krem pod oczy mini lifting z kawiorem Leim Caviar Pearls Eye Complex Mini Lifting 15ml. Ekskluzywny lifting pod oczy w postaci kremowych hydropere\u0142 zawieszonych w intensywnie nawil\u017caj\u0105cym \u017celu.","og_url":"https:\/\/spaakcesoria.pl\/index.php\/produkt\/krem-pod-oczy-mini-lifting-z-kawiorem-leim-caviar-pearls-eye-complex-mini-lifting-15ml\/","article_modified_time":"2026-02-03T19:14:29+00:00","og_image":[{"width":400,"height":400,"url":"https:\/\/spaakcesoria.pl\/wp-content\/uploads\/2022\/11\/11.jpeg","type":"image\/jpeg"}],"twitter_card":"summary_large_image","twitter_misc":{"Szacowany czas czytania":"1 minuta"},"schema":{"@context":"https:\/\/schema.org","@graph":[{"@type":"WebPage","@id":"https:\/\/spaakcesoria.pl\/index.php\/produkt\/krem-pod-oczy-mini-lifting-z-kawiorem-leim-caviar-pearls-eye-complex-mini-lifting-15ml\/","url":"https:\/\/spaakcesoria.pl\/index.php\/produkt\/krem-pod-oczy-mini-lifting-z-kawiorem-leim-caviar-pearls-eye-complex-mini-lifting-15ml\/","name":"Krem pod oczy mini lifting z kawiorem Leim Caviar Pearls Eye Complex Mini Lifting 15ml -","isPartOf":{"@id":"https:\/\/spaakcesoria.pl\/#website"},"primaryImageOfPage":{"@id":"https:\/\/spaakcesoria.pl\/index.php\/produkt\/krem-pod-oczy-mini-lifting-z-kawiorem-leim-caviar-pearls-eye-complex-mini-lifting-15ml\/#primaryimage"},"image":{"@id":"https:\/\/spaakcesoria.pl\/index.php\/produkt\/krem-pod-oczy-mini-lifting-z-kawiorem-leim-caviar-pearls-eye-complex-mini-lifting-15ml\/#primaryimage"},"thumbnailUrl":"https:\/\/spaakcesoria.pl\/wp-content\/uploads\/2022\/11\/11.jpeg","datePublished":"2022-11-20T19:53:16+00:00","dateModified":"2026-02-03T19:14:29+00:00","description":"Krem pod oczy mini lifting z kawiorem Leim Caviar Pearls Eye Complex Mini Lifting 15ml. Ekskluzywny lifting pod oczy w postaci kremowych hydropere\u0142 zawieszonych w intensywnie nawil\u017caj\u0105cym \u017celu.","breadcrumb":{"@id":"https:\/\/spaakcesoria.pl\/index.php\/produkt\/krem-pod-oczy-mini-lifting-z-kawiorem-leim-caviar-pearls-eye-complex-mini-lifting-15ml\/#breadcrumb"},"inLanguage":"pl-PL","potentialAction":[{"@type":"ReadAction","target":["https:\/\/spaakcesoria.pl\/index.php\/produkt\/krem-pod-oczy-mini-lifting-z-kawiorem-leim-caviar-pearls-eye-complex-mini-lifting-15ml\/"]}]},{"@type":"ImageObject","inLanguage":"pl-PL","@id":"https:\/\/spaakcesoria.pl\/index.php\/produkt\/krem-pod-oczy-mini-lifting-z-kawiorem-leim-caviar-pearls-eye-complex-mini-lifting-15ml\/#primaryimage","url":"https:\/\/spaakcesoria.pl\/wp-content\/uploads\/2022\/11\/11.jpeg","contentUrl":"https:\/\/spaakcesoria.pl\/wp-content\/uploads\/2022\/11\/11.jpeg","width":400,"height":400},{"@type":"BreadcrumbList","@id":"https:\/\/spaakcesoria.pl\/index.php\/produkt\/krem-pod-oczy-mini-lifting-z-kawiorem-leim-caviar-pearls-eye-complex-mini-lifting-15ml\/#breadcrumb","itemListElement":[{"@type":"ListItem","position":1,"name":"Strona g\u0142\u00f3wna","item":"https:\/\/spaakcesoria.pl\/"},{"@type":"ListItem","position":2,"name":"Sklep","item":"https:\/\/spaakcesoria.pl\/index.php\/sklep\/"},{"@type":"ListItem","position":3,"name":"Krem pod oczy mini lifting z kawiorem Leim Caviar Pearls Eye Complex Mini Lifting 15ml"}]},{"@type":"WebSite","@id":"https:\/\/spaakcesoria.pl\/#website","url":"https:\/\/spaakcesoria.pl\/","name":"","description":"","potentialAction":[{"@type":"SearchAction","target":{"@type":"EntryPoint","urlTemplate":"https:\/\/spaakcesoria.pl\/?s={search_term_string}"},"query-input":{"@type":"PropertyValueSpecification","valueRequired":true,"valueName":"search_term_string"}}],"inLanguage":"pl-PL"}]}},"_links":{"self":[{"href":"https:\/\/spaakcesoria.pl\/index.php\/wp-json\/wp\/v2\/product\/2377","targetHints":{"allow":["GET"]}}],"collection":[{"href":"https:\/\/spaakcesoria.pl\/index.php\/wp-json\/wp\/v2\/product"}],"about":[{"href":"https:\/\/spaakcesoria.pl\/index.php\/wp-json\/wp\/v2\/types\/product"}],"version-history":[{"count":1,"href":"https:\/\/spaakcesoria.pl\/index.php\/wp-json\/wp\/v2\/product\/2377\/revisions"}],"predecessor-version":[{"id":2380,"href":"https:\/\/spaakcesoria.pl\/index.php\/wp-json\/wp\/v2\/product\/2377\/revisions\/2380"}],"wp:featuredmedia":[{"embeddable":true,"href":"https:\/\/spaakcesoria.pl\/index.php\/wp-json\/wp\/v2\/media\/2379"}],"wp:attachment":[{"href":"https:\/\/spaakcesoria.pl\/index.php\/wp-json\/wp\/v2\/media?parent=2377"}],"wp:term":[{"taxonomy":"product_brand","embeddable":true,"href":"https:\/\/spaakcesoria.pl\/index.php\/wp-json\/wp\/v2\/product_brand?post=2377"},{"taxonomy":"product_cat","embeddable":true,"href":"https:\/\/spaakcesoria.pl\/index.php\/wp-json\/wp\/v2\/product_cat?post=2377"},{"taxonomy":"product_tag","embeddable":true,"href":"https:\/\/spaakcesoria.pl\/index.php\/wp-json\/wp\/v2\/product_tag?post=2377"}],"curies":[{"name":"wp","href":"https:\/\/api.w.org\/{rel}","templated":true}]}}