{"id":2425,"date":"2022-11-23T21:47:25","date_gmt":"2022-11-23T20:47:25","guid":{"rendered":"https:\/\/spaakcesoria.pl\/?post_type=product&#038;p=2425"},"modified":"2026-02-03T20:25:11","modified_gmt":"2026-02-03T19:25:11","slug":"zestaw-64-szt-kamienie-do-masazu-17l-podgrzewacz-analogowy-kopia","status":"publish","type":"product","link":"https:\/\/spaakcesoria.pl\/index.php\/produkt\/zestaw-64-szt-kamienie-do-masazu-17l-podgrzewacz-analogowy-kopia\/","title":{"rendered":"Zestaw: 64 szt. Kamienie do masa\u017cu + 17l Podgrzewacz (analogowy)"},"content":{"rendered":"<h1>Zestaw: kamieni do masa\u017cu 64 szt. + 17l Podgrzewacz (analogowy)<\/h1>\n<h3>Zestaw z\u0142o\u017cony z 64 kamieni bazaltowych, umieszczonych w wytrzyma\u0142ej skrzyneczce z naturalnego bambusa. Umo\u017cliwia wykonanie masa\u017cu ca\u0142ego cia\u0142a, w tym tak\u017ce masa\u017cu g\u0142owy, twarzy i st\u00f3p.<\/h3>\n<h3>R\u00f3\u017cnorodno\u015b\u0107 kamieni, dost\u0119pna w zestawie pozwala na masa\u017c wszystkich partii cia\u0142a. Najwi\u0119ksze kamienie dedykowane s\u0105 do masa\u017cu tu\u0142owia, mniejsze umieszcza si\u0119 pomi\u0119dzy palcami d\u0142oni i st\u00f3p oraz na twarzy.<\/h3>\n<h3><img fetchpriority=\"high\" decoding=\"async\" class=\"wp-image-2148 aligncenter\" src=\"https:\/\/spaakcesoria.pl\/wp-content\/uploads\/2022\/10\/zestaw-64-kamieni-do-masazu-300x225.jpeg\" alt=\"64 kamieni\" width=\"360\" height=\"270\" srcset=\"https:\/\/spaakcesoria.pl\/wp-content\/uploads\/2022\/10\/zestaw-64-kamieni-do-masazu-300x225.jpeg 300w, https:\/\/spaakcesoria.pl\/wp-content\/uploads\/2022\/10\/zestaw-64-kamieni-do-masazu-768x576.jpeg 768w, https:\/\/spaakcesoria.pl\/wp-content\/uploads\/2022\/10\/zestaw-64-kamieni-do-masazu-600x450.jpeg 600w, https:\/\/spaakcesoria.pl\/wp-content\/uploads\/2022\/10\/zestaw-64-kamieni-do-masazu-213x160.jpeg 213w, https:\/\/spaakcesoria.pl\/wp-content\/uploads\/2022\/10\/zestaw-64-kamieni-do-masazu-416x312.jpeg 416w, https:\/\/spaakcesoria.pl\/wp-content\/uploads\/2022\/10\/zestaw-64-kamieni-do-masazu.jpeg 800w\" sizes=\"(max-width: 360px) 100vw, 360px\" \/><\/h3>\n<h3><\/h3>\n<h3>Zestaw zawiera:<\/h3>\n<h3><strong>2 p\u0142askie, super du\u017ce kamienie<\/strong><br \/>\n<i>11,7 x 7,7 x 2,7 cm<\/i><br \/>\nna brzuch, na biodra<\/h3>\n<h3><strong>14 p\u0142askich, \u015brednich kamieni<\/strong><br \/>\n<i>6,7 x 4,7 x 1,7 cm<\/i><br \/>\n2 na d\u0142o\u0144, 4 na ramiona, 4 na \u0142ydki, 2 na stopy, 2 na kark<\/h3>\n<h3><strong>2 eliptyczne, ma\u0142e kamienie<\/strong><br \/>\n<i>3,9 x 3,0 x 0,6 cm<\/i><br \/>\nna oczy<\/h3>\n<h3><strong>7 kamieni do pracy z czakrami<\/strong><br \/>\n<i>r\u00f3\u017cne rozmiary<\/i><\/h3>\n<h3><strong>6 ma\u0142ych p\u0142askich kamieni z marmuru bia\u0142ego<\/strong><br \/>\n<i>4,2 x 3,2 x 0,7 cm<\/i><br \/>\ndo masa\u017cu zimnego<\/h3>\n<h3><strong>14 p\u0142askich, du\u017cych kamieni<\/strong><br \/>\n<i>7,7 x 5,7 x 2,7 cm<\/i><br \/>\n6 na po\u015bladki, 8 na uda<\/h3>\n<h3><strong>7 ma\u0142ych p\u0142askich kamieni<\/strong><br \/>\n<i>3,8 x 2,8 x 1,7 cm<\/i><br \/>\n3 na czo\u0142o, 2 na g\u0142ow\u0119, 2 na potylic\u0119<\/h3>\n<h3><strong>4 kamienie w kszta\u0142cie walca<\/strong><br \/>\n<i>8,0 x 2,8 x 1,8 cm<\/i><br \/>\ndo ucisku punktowego<\/h3>\n<h3><strong>8 ma\u0142ych kamieni<\/strong><br \/>\n<i>3,7 x 2,7 x 0,8 cm<\/i><br \/>\nna stopy<\/h3>\n<p><a href=\"https:\/\/www.youtube.com\/watch?v=rBeh7yn0Rv4\">https:\/\/www.youtube.com\/watch?v=rBeh7yn0Rv4<\/a><\/p>\n<h3>Kamienie maj\u0105 w sk\u0142adzie czysty bazalt, nie zawieraj\u0105 \u017cadnych dodatk\u00f3w ani wype\u0142niaczy, co potwierdza do\u0142\u0105czony do zestawu\u00a0<strong>certyfikat jako\u015bci<\/strong>:<\/h3>\n<h3><img decoding=\"async\" class=\" wp-image-2138 aligncenter\" src=\"https:\/\/spaakcesoria.pl\/wp-content\/uploads\/2022\/10\/kamienie-certyfikat-jakosci-300x225.jpeg\" alt=\"certyfikat kamieni\" width=\"337\" height=\"253\" srcset=\"https:\/\/spaakcesoria.pl\/wp-content\/uploads\/2022\/10\/kamienie-certyfikat-jakosci-300x225.jpeg 300w, https:\/\/spaakcesoria.pl\/wp-content\/uploads\/2022\/10\/kamienie-certyfikat-jakosci-768x576.jpeg 768w, https:\/\/spaakcesoria.pl\/wp-content\/uploads\/2022\/10\/kamienie-certyfikat-jakosci-600x450.jpeg 600w, https:\/\/spaakcesoria.pl\/wp-content\/uploads\/2022\/10\/kamienie-certyfikat-jakosci-213x160.jpeg 213w, https:\/\/spaakcesoria.pl\/wp-content\/uploads\/2022\/10\/kamienie-certyfikat-jakosci-416x312.jpeg 416w, https:\/\/spaakcesoria.pl\/wp-content\/uploads\/2022\/10\/kamienie-certyfikat-jakosci.jpeg 1024w\" sizes=\"(max-width: 337px) 100vw, 337px\" \/><\/h3>\n<h3><\/h3>\n<h3>Kamienie wykonywane s\u0105 naturalnej ska\u0142y, wi\u0119c ich kolor i rozmiar mo\u017ce r\u00f3\u017cni\u0107 si\u0119 nieznacznie pomi\u0119dzy elementami zestawu. Wi\u0119ksz\u0105 g\u0142\u0119bi\u0119 koloru mo\u017cna osi\u0105gn\u0105\u0107 nat\u0142uszczaj\u0105c kamie\u0144 np. olejkiem do masa\u017cu.<\/h3>\n<h2>Podgrzewacz 17l &#8211; sterowanie analogowe<\/h2>\n<h4>Profesjonalny podgrzewacz do bazaltowych kamieni do masa\u017cu o pojemno\u015bci 17 litr\u00f3w. Podgrzewacz wyposa\u017cony jest w termostat utrzymuj\u0105cy zadan\u0105 temperatur\u0119.<\/h4>\n<h4>Rygorystyczn\u0105 kontrol\u0119 jako\u015bci podczas produkcji potwierdza logo Habys sygnowane na podgrzewaczach i opakowaniach transportowych.<\/h4>\n<h4><strong>Podgrzewacz posiada:<\/strong><\/h4>\n<ul>\n<li>\n<h4>regulacj\u0119 temperatury z termostatem,<\/h4>\n<\/li>\n<li>\n<h4>obudow\u0119 ze stali nierdzewnej,<\/h4>\n<\/li>\n<li>\n<h4>pokryw\u0119 z aluminium,<\/h4>\n<\/li>\n<li>\n<h4>pojemnik na kamienie,<\/h4>\n<\/li>\n<li>\n<h4>du\u017ce, bezpieczne uchwyty,<\/h4>\n<\/li>\n<li>\n<h4>\u0142y\u017ck\u0119 do wyjmowania kamieni,<\/h4>\n<\/li>\n<li>\n<h4>termometr,<\/h4>\n<\/li>\n<li>\n<h4>certyfikat CE,<\/h4>\n<\/li>\n<\/ul>\n<h4><strong>Wymiary podgrzewacza:<\/strong><\/h4>\n<ul>\n<li>\n<h4>zewn\u0119trzne: d\u0142ugo\u015b\u0107: 37 cm; szeroko\u015b\u0107: 30 cm; wysoko\u015b\u0107: 20 cm<\/h4>\n<\/li>\n<li>\n<h4>wewn\u0119trzne: d\u0142ugo\u015b\u0107: 32 cm; szeroko\u015b\u0107: 23 cm; wysoko\u015b\u0107: 11 cm<\/h4>\n<\/li>\n<\/ul>\n","protected":false},"excerpt":{"rendered":"<h5>Zestaw: 64 szt. Kamienie do masa\u017cu + 17l Podgrzewacz (analogowy)<\/h5>\n","protected":false},"featured_media":2426,"template":"","meta":{"_monsterinsights_skip_tracking":false,"_monsterinsights_sitenote_active":false,"_monsterinsights_sitenote_note":"","_monsterinsights_sitenote_category":0},"product_brand":[],"product_cat":[311,21],"product_tag":[313,312,138,425],"class_list":{"0":"post-2425","1":"product","2":"type-product","3":"status-publish","4":"has-post-thumbnail","6":"product_cat-kamienie-masaz","7":"product_cat-masaz","8":"product_tag-kamienie-bazaltowe","9":"product_tag-kamienie-do-masazu","10":"product_tag-masaz-2","11":"product_tag-zestaw-kamieni-do-masazu-i-podgrzewacz","13":"first","14":"outofstock","15":"taxable","16":"shipping-taxable","17":"purchasable","18":"product-type-simple"},"yoast_head":"<!-- This site is optimized with the Yoast SEO plugin v27.4 - https:\/\/yoast.com\/product\/yoast-seo-wordpress\/ -->\n<title>Zestaw: 64 szt. Kamienie do masa\u017cu + 17l Podgrzewacz (analogowy) -<\/title>\n<meta name=\"description\" content=\"Zestaw: 64 szt. Kamienie do masa\u017cu + 17l Podgrzewacz (analogowy)\" \/>\n<meta name=\"robots\" content=\"index, follow, max-snippet:-1, max-image-preview:large, max-video-preview:-1\" \/>\n<link rel=\"canonical\" href=\"https:\/\/spaakcesoria.pl\/index.php\/produkt\/zestaw-64-szt-kamienie-do-masazu-17l-podgrzewacz-analogowy-kopia\/\" \/>\n<meta property=\"og:locale\" content=\"pl_PL\" \/>\n<meta property=\"og:type\" content=\"article\" \/>\n<meta property=\"og:title\" content=\"Zestaw: 64 szt. Kamienie do masa\u017cu + 17l Podgrzewacz (analogowy) -\" \/>\n<meta property=\"og:description\" content=\"Zestaw: 64 szt. Kamienie do masa\u017cu + 17l Podgrzewacz (analogowy)\" \/>\n<meta property=\"og:url\" content=\"https:\/\/spaakcesoria.pl\/index.php\/produkt\/zestaw-64-szt-kamienie-do-masazu-17l-podgrzewacz-analogowy-kopia\/\" \/>\n<meta property=\"article:modified_time\" content=\"2026-02-03T19:25:11+00:00\" \/>\n<meta property=\"og:image\" content=\"https:\/\/spaakcesoria.pl\/wp-content\/uploads\/2022\/11\/77pol_pm_Zestaw-64-kamieni-do-masazu-podgrzewacz-17l-ster-analogowe-1235_1.jpeg\" \/>\n\t<meta property=\"og:image:width\" content=\"500\" \/>\n\t<meta property=\"og:image:height\" content=\"378\" \/>\n\t<meta property=\"og:image:type\" content=\"image\/jpeg\" \/>\n<meta name=\"twitter:card\" content=\"summary_large_image\" \/>\n<meta name=\"twitter:label1\" content=\"Szacowany czas czytania\" \/>\n\t<meta name=\"twitter:data1\" content=\"3 minuty\" \/>\n<script type=\"application\/ld+json\" class=\"yoast-schema-graph\">{\"@context\":\"https:\\\/\\\/schema.org\",\"@graph\":[{\"@type\":\"WebPage\",\"@id\":\"https:\\\/\\\/spaakcesoria.pl\\\/index.php\\\/produkt\\\/zestaw-64-szt-kamienie-do-masazu-17l-podgrzewacz-analogowy-kopia\\\/\",\"url\":\"https:\\\/\\\/spaakcesoria.pl\\\/index.php\\\/produkt\\\/zestaw-64-szt-kamienie-do-masazu-17l-podgrzewacz-analogowy-kopia\\\/\",\"name\":\"Zestaw: 64 szt. Kamienie do masa\u017cu + 17l Podgrzewacz (analogowy) -\",\"isPartOf\":{\"@id\":\"https:\\\/\\\/spaakcesoria.pl\\\/#website\"},\"primaryImageOfPage\":{\"@id\":\"https:\\\/\\\/spaakcesoria.pl\\\/index.php\\\/produkt\\\/zestaw-64-szt-kamienie-do-masazu-17l-podgrzewacz-analogowy-kopia\\\/#primaryimage\"},\"image\":{\"@id\":\"https:\\\/\\\/spaakcesoria.pl\\\/index.php\\\/produkt\\\/zestaw-64-szt-kamienie-do-masazu-17l-podgrzewacz-analogowy-kopia\\\/#primaryimage\"},\"thumbnailUrl\":\"https:\\\/\\\/spaakcesoria.pl\\\/wp-content\\\/uploads\\\/2022\\\/11\\\/77pol_pm_Zestaw-64-kamieni-do-masazu-podgrzewacz-17l-ster-analogowe-1235_1.jpeg\",\"datePublished\":\"2022-11-23T20:47:25+00:00\",\"dateModified\":\"2026-02-03T19:25:11+00:00\",\"description\":\"Zestaw: 64 szt. Kamienie do masa\u017cu + 17l Podgrzewacz (analogowy)\",\"breadcrumb\":{\"@id\":\"https:\\\/\\\/spaakcesoria.pl\\\/index.php\\\/produkt\\\/zestaw-64-szt-kamienie-do-masazu-17l-podgrzewacz-analogowy-kopia\\\/#breadcrumb\"},\"inLanguage\":\"pl-PL\",\"potentialAction\":[{\"@type\":\"ReadAction\",\"target\":[\"https:\\\/\\\/spaakcesoria.pl\\\/index.php\\\/produkt\\\/zestaw-64-szt-kamienie-do-masazu-17l-podgrzewacz-analogowy-kopia\\\/\"]}]},{\"@type\":\"ImageObject\",\"inLanguage\":\"pl-PL\",\"@id\":\"https:\\\/\\\/spaakcesoria.pl\\\/index.php\\\/produkt\\\/zestaw-64-szt-kamienie-do-masazu-17l-podgrzewacz-analogowy-kopia\\\/#primaryimage\",\"url\":\"https:\\\/\\\/spaakcesoria.pl\\\/wp-content\\\/uploads\\\/2022\\\/11\\\/77pol_pm_Zestaw-64-kamieni-do-masazu-podgrzewacz-17l-ster-analogowe-1235_1.jpeg\",\"contentUrl\":\"https:\\\/\\\/spaakcesoria.pl\\\/wp-content\\\/uploads\\\/2022\\\/11\\\/77pol_pm_Zestaw-64-kamieni-do-masazu-podgrzewacz-17l-ster-analogowe-1235_1.jpeg\",\"width\":500,\"height\":378},{\"@type\":\"BreadcrumbList\",\"@id\":\"https:\\\/\\\/spaakcesoria.pl\\\/index.php\\\/produkt\\\/zestaw-64-szt-kamienie-do-masazu-17l-podgrzewacz-analogowy-kopia\\\/#breadcrumb\",\"itemListElement\":[{\"@type\":\"ListItem\",\"position\":1,\"name\":\"Strona g\u0142\u00f3wna\",\"item\":\"https:\\\/\\\/spaakcesoria.pl\\\/\"},{\"@type\":\"ListItem\",\"position\":2,\"name\":\"Sklep\",\"item\":\"https:\\\/\\\/spaakcesoria.pl\\\/index.php\\\/sklep\\\/\"},{\"@type\":\"ListItem\",\"position\":3,\"name\":\"Zestaw: 64 szt. Kamienie do masa\u017cu + 17l Podgrzewacz (analogowy)\"}]},{\"@type\":\"WebSite\",\"@id\":\"https:\\\/\\\/spaakcesoria.pl\\\/#website\",\"url\":\"https:\\\/\\\/spaakcesoria.pl\\\/\",\"name\":\"\",\"description\":\"\",\"potentialAction\":[{\"@type\":\"SearchAction\",\"target\":{\"@type\":\"EntryPoint\",\"urlTemplate\":\"https:\\\/\\\/spaakcesoria.pl\\\/?s={search_term_string}\"},\"query-input\":{\"@type\":\"PropertyValueSpecification\",\"valueRequired\":true,\"valueName\":\"search_term_string\"}}],\"inLanguage\":\"pl-PL\"}]}<\/script>\n<!-- \/ Yoast SEO plugin. -->","yoast_head_json":{"title":"Zestaw: 64 szt. Kamienie do masa\u017cu + 17l Podgrzewacz (analogowy) -","description":"Zestaw: 64 szt. Kamienie do masa\u017cu + 17l Podgrzewacz (analogowy)","robots":{"index":"index","follow":"follow","max-snippet":"max-snippet:-1","max-image-preview":"max-image-preview:large","max-video-preview":"max-video-preview:-1"},"canonical":"https:\/\/spaakcesoria.pl\/index.php\/produkt\/zestaw-64-szt-kamienie-do-masazu-17l-podgrzewacz-analogowy-kopia\/","og_locale":"pl_PL","og_type":"article","og_title":"Zestaw: 64 szt. Kamienie do masa\u017cu + 17l Podgrzewacz (analogowy) -","og_description":"Zestaw: 64 szt. Kamienie do masa\u017cu + 17l Podgrzewacz (analogowy)","og_url":"https:\/\/spaakcesoria.pl\/index.php\/produkt\/zestaw-64-szt-kamienie-do-masazu-17l-podgrzewacz-analogowy-kopia\/","article_modified_time":"2026-02-03T19:25:11+00:00","og_image":[{"width":500,"height":378,"url":"https:\/\/spaakcesoria.pl\/wp-content\/uploads\/2022\/11\/77pol_pm_Zestaw-64-kamieni-do-masazu-podgrzewacz-17l-ster-analogowe-1235_1.jpeg","type":"image\/jpeg"}],"twitter_card":"summary_large_image","twitter_misc":{"Szacowany czas czytania":"3 minuty"},"schema":{"@context":"https:\/\/schema.org","@graph":[{"@type":"WebPage","@id":"https:\/\/spaakcesoria.pl\/index.php\/produkt\/zestaw-64-szt-kamienie-do-masazu-17l-podgrzewacz-analogowy-kopia\/","url":"https:\/\/spaakcesoria.pl\/index.php\/produkt\/zestaw-64-szt-kamienie-do-masazu-17l-podgrzewacz-analogowy-kopia\/","name":"Zestaw: 64 szt. Kamienie do masa\u017cu + 17l Podgrzewacz (analogowy) -","isPartOf":{"@id":"https:\/\/spaakcesoria.pl\/#website"},"primaryImageOfPage":{"@id":"https:\/\/spaakcesoria.pl\/index.php\/produkt\/zestaw-64-szt-kamienie-do-masazu-17l-podgrzewacz-analogowy-kopia\/#primaryimage"},"image":{"@id":"https:\/\/spaakcesoria.pl\/index.php\/produkt\/zestaw-64-szt-kamienie-do-masazu-17l-podgrzewacz-analogowy-kopia\/#primaryimage"},"thumbnailUrl":"https:\/\/spaakcesoria.pl\/wp-content\/uploads\/2022\/11\/77pol_pm_Zestaw-64-kamieni-do-masazu-podgrzewacz-17l-ster-analogowe-1235_1.jpeg","datePublished":"2022-11-23T20:47:25+00:00","dateModified":"2026-02-03T19:25:11+00:00","description":"Zestaw: 64 szt. Kamienie do masa\u017cu + 17l Podgrzewacz (analogowy)","breadcrumb":{"@id":"https:\/\/spaakcesoria.pl\/index.php\/produkt\/zestaw-64-szt-kamienie-do-masazu-17l-podgrzewacz-analogowy-kopia\/#breadcrumb"},"inLanguage":"pl-PL","potentialAction":[{"@type":"ReadAction","target":["https:\/\/spaakcesoria.pl\/index.php\/produkt\/zestaw-64-szt-kamienie-do-masazu-17l-podgrzewacz-analogowy-kopia\/"]}]},{"@type":"ImageObject","inLanguage":"pl-PL","@id":"https:\/\/spaakcesoria.pl\/index.php\/produkt\/zestaw-64-szt-kamienie-do-masazu-17l-podgrzewacz-analogowy-kopia\/#primaryimage","url":"https:\/\/spaakcesoria.pl\/wp-content\/uploads\/2022\/11\/77pol_pm_Zestaw-64-kamieni-do-masazu-podgrzewacz-17l-ster-analogowe-1235_1.jpeg","contentUrl":"https:\/\/spaakcesoria.pl\/wp-content\/uploads\/2022\/11\/77pol_pm_Zestaw-64-kamieni-do-masazu-podgrzewacz-17l-ster-analogowe-1235_1.jpeg","width":500,"height":378},{"@type":"BreadcrumbList","@id":"https:\/\/spaakcesoria.pl\/index.php\/produkt\/zestaw-64-szt-kamienie-do-masazu-17l-podgrzewacz-analogowy-kopia\/#breadcrumb","itemListElement":[{"@type":"ListItem","position":1,"name":"Strona g\u0142\u00f3wna","item":"https:\/\/spaakcesoria.pl\/"},{"@type":"ListItem","position":2,"name":"Sklep","item":"https:\/\/spaakcesoria.pl\/index.php\/sklep\/"},{"@type":"ListItem","position":3,"name":"Zestaw: 64 szt. Kamienie do masa\u017cu + 17l Podgrzewacz (analogowy)"}]},{"@type":"WebSite","@id":"https:\/\/spaakcesoria.pl\/#website","url":"https:\/\/spaakcesoria.pl\/","name":"","description":"","potentialAction":[{"@type":"SearchAction","target":{"@type":"EntryPoint","urlTemplate":"https:\/\/spaakcesoria.pl\/?s={search_term_string}"},"query-input":{"@type":"PropertyValueSpecification","valueRequired":true,"valueName":"search_term_string"}}],"inLanguage":"pl-PL"}]}},"_links":{"self":[{"href":"https:\/\/spaakcesoria.pl\/index.php\/wp-json\/wp\/v2\/product\/2425","targetHints":{"allow":["GET"]}}],"collection":[{"href":"https:\/\/spaakcesoria.pl\/index.php\/wp-json\/wp\/v2\/product"}],"about":[{"href":"https:\/\/spaakcesoria.pl\/index.php\/wp-json\/wp\/v2\/types\/product"}],"version-history":[{"count":1,"href":"https:\/\/spaakcesoria.pl\/index.php\/wp-json\/wp\/v2\/product\/2425\/revisions"}],"predecessor-version":[{"id":2427,"href":"https:\/\/spaakcesoria.pl\/index.php\/wp-json\/wp\/v2\/product\/2425\/revisions\/2427"}],"wp:featuredmedia":[{"embeddable":true,"href":"https:\/\/spaakcesoria.pl\/index.php\/wp-json\/wp\/v2\/media\/2426"}],"wp:attachment":[{"href":"https:\/\/spaakcesoria.pl\/index.php\/wp-json\/wp\/v2\/media?parent=2425"}],"wp:term":[{"taxonomy":"product_brand","embeddable":true,"href":"https:\/\/spaakcesoria.pl\/index.php\/wp-json\/wp\/v2\/product_brand?post=2425"},{"taxonomy":"product_cat","embeddable":true,"href":"https:\/\/spaakcesoria.pl\/index.php\/wp-json\/wp\/v2\/product_cat?post=2425"},{"taxonomy":"product_tag","embeddable":true,"href":"https:\/\/spaakcesoria.pl\/index.php\/wp-json\/wp\/v2\/product_tag?post=2425"}],"curies":[{"name":"wp","href":"https:\/\/api.w.org\/{rel}","templated":true}]}}