{"id":2501,"date":"2022-11-24T21:10:25","date_gmt":"2022-11-24T20:10:25","guid":{"rendered":"https:\/\/spaakcesoria.pl\/?post_type=product&#038;p=2501"},"modified":"2026-02-03T20:02:01","modified_gmt":"2026-02-03T19:02:01","slug":"neostrata-skin-active-exfoliating-wash-zluszczajaca-pianka-do-mycia-twarzy-125-ml","status":"publish","type":"product","link":"https:\/\/spaakcesoria.pl\/index.php\/produkt\/neostrata-skin-active-exfoliating-wash-zluszczajaca-pianka-do-mycia-twarzy-125-ml\/","title":{"rendered":"NeoStrata Skin Active Exfoliating Wash Z\u0142uszczaj\u0105ca pianka do mycia twarzy 125 ml"},"content":{"rendered":"<h2 class=\"p1\">NeoStrata Skin Active Exfoliating Wash Z\u0142uszczaj\u0105ca pianka do mycia twarzy 125 ml<\/h2>\n<h4>Opakowanie: 125 ml<\/h4>\n<p>Producent: NeoStrata<\/p>\n<p><strong>Seria: NEOSTRATA SKIN ACTIVE<\/strong><\/p>\n<h4>Kompleksowa, zaawansowana naukowo terapia przeciwstarzeniowa.<br \/>\nZaawansowane technologie \u2013 innowacyjne, nowoczesne substancje aktywne dzia\u0142aj\u0105 synergicznie i kompleksowo, skutecznie odwracaj\u0105c wszystkie widoczne oznaki starzenia si\u0119 sk\u00f3ry.<br \/>\nIntensywne odm\u0142odzenie na poziomie ka\u017cdej warstwy sk\u00f3ry \u2013 formu\u0142a preparat\u00f3w ukierunkowana na walk\u0119 ze wszystkimi oznakami starzenia si\u0119 sk\u00f3ry w obr\u0119bie warstwy rogowej nask\u00f3rka, nask\u00f3rka i sk\u00f3ry w\u0142a\u015bciwej.<br \/>\nPreparaty testowane dermatologicznie i alergologicznie. Bez paraben\u00f3w. Bez sztucznych zapach\u00f3w. Nie testowane na zwierz\u0119tach.<\/h4>\n<h4><strong>Z\u0142uszczaj\u0105ca pianka do mycia twarzy<\/strong><\/h4>\n<h4>Opakowanie: 125 ml<\/h4>\n<h4><strong>Wskazania:<\/strong><br \/>\nOczyszczanie sk\u00f3ry bez ryzyka podra\u017cnienia, fotostarzenie, nier\u00f3wnomierny koloryt, sk\u00f3ra szara i matowa.<\/h4>\n<h4><strong>Sk\u0142ad:<\/strong><br \/>\n&#8211; Glukonolakton<br \/>\n&#8211; Kwas maltobionowy<br \/>\n&#8211; Surfaktanty bez dodatku myd\u0142a<br \/>\n&#8211; Kompleksy ro\u015blinne (aloes, rumianek, og\u00f3rek i rozmaryn)<\/h4>\n<h4><strong>W\u0142a\u015bciwo\u015bci:<\/strong><br \/>\nUnikalna formu\u0142a SynerG 8,5 delikatnie z\u0142uszcza, nie przesuszaj\u0105c sk\u00f3ry. Przygotowuje sk\u00f3r\u0119 i pozwala na uzyskanie optymalnych korzy\u015bci terapeutycznych ze stosowania pozosta\u0142ych preparat\u00f3w Neostrata.\u00a0 Polihydroksykwasy, w\u0142\u0105czaj\u0105c glukonolakton i kwas maltobionowy stymuluj\u0105 odnow\u0119 kom\u00f3rkow\u0105 i oczyszczaj\u0105 sk\u00f3r\u0119, poprawiaj\u0105c jej kondycj\u0119 i koloryt. Pianka nie zawiera myd\u0142a, skutecznie usuwa sebum i makija\u017c bez ryzyka podra\u017cnienia. Opatentowana formu\u0142a kwasu maltobionowego intensywnie nawil\u017ca sk\u00f3r\u0119, podczas gdy kompleks ekstrakt\u00f3w ro\u015blinnych z aloesu, rumianku, og\u00f3rka i rozmarynu \u0142agodzi, koi i od\u015bwie\u017ca sk\u00f3r\u0119. Nadaje si\u0119 do wszystkich rodzaj\u00f3w sk\u00f3ry.<\/h4>\n<h4><strong>Efekty stosowania:<\/strong><br \/>\nG\u0142\u0119boko oczyszczona, g\u0142adka i roz\u015bwietlona sk\u00f3ra.<\/h4>\n<h4><strong>Spos\u00f3b u\u017cycia:<\/strong><br \/>\nStosowa\u0107 dwa razy dziennie, niewielk\u0105 ilo\u015b\u0107 pianki aplikowa\u0107 na zwil\u017con\u0105 wod\u0105 sk\u00f3r\u0119 i delikatnie masowa\u0107, a nast\u0119pnie sp\u0142uka\u0107 wod\u0105. Tylko do u\u017cytku zewn\u0119trznego, unika\u0107 bezpo\u015bredniego kontaktu z oczami. Je\u015bli pianka dostanie si\u0119 do oczu przep\u0142uka\u0107 du\u017c\u0105 ilo\u015bci\u0105 czystej wody. Je\u015bli nast\u0105pi podra\u017cnienie sk\u00f3ry zaprzesta\u0107 stosowania. Przechowywa\u0107 z dala od dzieci.<\/h4>\n","protected":false},"excerpt":{"rendered":"<p class=\"p1\">NeoStrata Skin Active Exfoliating Wash Z\u0142uszczaj\u0105ca pianka do mycia twarzy 125 ml<\/p>\n","protected":false},"featured_media":2502,"template":"","meta":{"_monsterinsights_skip_tracking":false,"_monsterinsights_sitenote_active":false,"_monsterinsights_sitenote_note":"","_monsterinsights_sitenote_category":0},"product_brand":[],"product_cat":[310,22],"product_tag":[437,428,426,433,439,436,435,431,430,429,434,438,432,427],"class_list":{"0":"post-2501","1":"product","2":"type-product","3":"status-publish","4":"has-post-thumbnail","6":"product_cat-demakijaz","7":"product_cat-kosmetyki","8":"product_tag-anna-lotan-mleczko","9":"product_tag-do-demakijazu-oczu","10":"product_tag-dr-grandel","11":"product_tag-ekseption","12":"product_tag-neostrata","13":"product_tag-olejek-janssen","14":"product_tag-olejek-medex","15":"product_tag-parabiotica","16":"product_tag-plyn-miceralny","17":"product_tag-purigel-dr-grandel","18":"product_tag-tonik-lagodzaco-nawilzajacy","19":"product_tag-vetapelle","20":"product_tag-woda-miceralna","21":"product_tag-zel-do-demakijazu","23":"first","24":"outofstock","25":"taxable","26":"shipping-taxable","27":"purchasable","28":"product-type-simple"},"yoast_head":"<!-- This site is optimized with the Yoast SEO plugin v27.5 - https:\/\/yoast.com\/product\/yoast-seo-wordpress\/ -->\n<title>NeoStrata Skin Active Exfoliating Wash Z\u0142uszczaj\u0105ca pianka do mycia twarzy 125 ml -<\/title>\n<meta name=\"description\" content=\"NeoStrata Skin Active Exfoliating Wash Z\u0142uszczaj\u0105ca pianka do mycia twarzy 125 ml\" \/>\n<meta name=\"robots\" content=\"index, follow, max-snippet:-1, max-image-preview:large, max-video-preview:-1\" \/>\n<link rel=\"canonical\" href=\"https:\/\/spaakcesoria.pl\/index.php\/produkt\/neostrata-skin-active-exfoliating-wash-zluszczajaca-pianka-do-mycia-twarzy-125-ml\/\" \/>\n<meta property=\"og:locale\" content=\"pl_PL\" \/>\n<meta property=\"og:type\" content=\"article\" \/>\n<meta property=\"og:title\" content=\"NeoStrata Skin Active Exfoliating Wash Z\u0142uszczaj\u0105ca pianka do mycia twarzy 125 ml -\" \/>\n<meta property=\"og:description\" content=\"NeoStrata Skin Active Exfoliating Wash Z\u0142uszczaj\u0105ca pianka do mycia twarzy 125 ml\" \/>\n<meta property=\"og:url\" content=\"https:\/\/spaakcesoria.pl\/index.php\/produkt\/neostrata-skin-active-exfoliating-wash-zluszczajaca-pianka-do-mycia-twarzy-125-ml\/\" \/>\n<meta property=\"article:modified_time\" content=\"2026-02-03T19:02:01+00:00\" \/>\n<meta property=\"og:image\" content=\"https:\/\/spaakcesoria.pl\/wp-content\/uploads\/2022\/11\/2222222-removebg-preview.png\" \/>\n\t<meta property=\"og:image:width\" content=\"400\" \/>\n\t<meta property=\"og:image:height\" content=\"400\" \/>\n\t<meta property=\"og:image:type\" content=\"image\/png\" \/>\n<meta name=\"twitter:card\" content=\"summary_large_image\" \/>\n<meta name=\"twitter:label1\" content=\"Szacowany czas czytania\" \/>\n\t<meta name=\"twitter:data1\" content=\"2 minuty\" \/>\n<script type=\"application\/ld+json\" class=\"yoast-schema-graph\">{\"@context\":\"https:\\\/\\\/schema.org\",\"@graph\":[{\"@type\":\"WebPage\",\"@id\":\"https:\\\/\\\/spaakcesoria.pl\\\/index.php\\\/produkt\\\/neostrata-skin-active-exfoliating-wash-zluszczajaca-pianka-do-mycia-twarzy-125-ml\\\/\",\"url\":\"https:\\\/\\\/spaakcesoria.pl\\\/index.php\\\/produkt\\\/neostrata-skin-active-exfoliating-wash-zluszczajaca-pianka-do-mycia-twarzy-125-ml\\\/\",\"name\":\"NeoStrata Skin Active Exfoliating Wash Z\u0142uszczaj\u0105ca pianka do mycia twarzy 125 ml -\",\"isPartOf\":{\"@id\":\"https:\\\/\\\/spaakcesoria.pl\\\/#website\"},\"primaryImageOfPage\":{\"@id\":\"https:\\\/\\\/spaakcesoria.pl\\\/index.php\\\/produkt\\\/neostrata-skin-active-exfoliating-wash-zluszczajaca-pianka-do-mycia-twarzy-125-ml\\\/#primaryimage\"},\"image\":{\"@id\":\"https:\\\/\\\/spaakcesoria.pl\\\/index.php\\\/produkt\\\/neostrata-skin-active-exfoliating-wash-zluszczajaca-pianka-do-mycia-twarzy-125-ml\\\/#primaryimage\"},\"thumbnailUrl\":\"https:\\\/\\\/spaakcesoria.pl\\\/wp-content\\\/uploads\\\/2022\\\/11\\\/2222222-removebg-preview.png\",\"datePublished\":\"2022-11-24T20:10:25+00:00\",\"dateModified\":\"2026-02-03T19:02:01+00:00\",\"description\":\"NeoStrata Skin Active Exfoliating Wash Z\u0142uszczaj\u0105ca pianka do mycia twarzy 125 ml\",\"breadcrumb\":{\"@id\":\"https:\\\/\\\/spaakcesoria.pl\\\/index.php\\\/produkt\\\/neostrata-skin-active-exfoliating-wash-zluszczajaca-pianka-do-mycia-twarzy-125-ml\\\/#breadcrumb\"},\"inLanguage\":\"pl-PL\",\"potentialAction\":[{\"@type\":\"ReadAction\",\"target\":[\"https:\\\/\\\/spaakcesoria.pl\\\/index.php\\\/produkt\\\/neostrata-skin-active-exfoliating-wash-zluszczajaca-pianka-do-mycia-twarzy-125-ml\\\/\"]}]},{\"@type\":\"ImageObject\",\"inLanguage\":\"pl-PL\",\"@id\":\"https:\\\/\\\/spaakcesoria.pl\\\/index.php\\\/produkt\\\/neostrata-skin-active-exfoliating-wash-zluszczajaca-pianka-do-mycia-twarzy-125-ml\\\/#primaryimage\",\"url\":\"https:\\\/\\\/spaakcesoria.pl\\\/wp-content\\\/uploads\\\/2022\\\/11\\\/2222222-removebg-preview.png\",\"contentUrl\":\"https:\\\/\\\/spaakcesoria.pl\\\/wp-content\\\/uploads\\\/2022\\\/11\\\/2222222-removebg-preview.png\",\"width\":400,\"height\":400},{\"@type\":\"BreadcrumbList\",\"@id\":\"https:\\\/\\\/spaakcesoria.pl\\\/index.php\\\/produkt\\\/neostrata-skin-active-exfoliating-wash-zluszczajaca-pianka-do-mycia-twarzy-125-ml\\\/#breadcrumb\",\"itemListElement\":[{\"@type\":\"ListItem\",\"position\":1,\"name\":\"Strona g\u0142\u00f3wna\",\"item\":\"https:\\\/\\\/spaakcesoria.pl\\\/\"},{\"@type\":\"ListItem\",\"position\":2,\"name\":\"Sklep\",\"item\":\"https:\\\/\\\/spaakcesoria.pl\\\/index.php\\\/sklep\\\/\"},{\"@type\":\"ListItem\",\"position\":3,\"name\":\"NeoStrata Skin Active Exfoliating Wash Z\u0142uszczaj\u0105ca pianka do mycia twarzy 125 ml\"}]},{\"@type\":\"WebSite\",\"@id\":\"https:\\\/\\\/spaakcesoria.pl\\\/#website\",\"url\":\"https:\\\/\\\/spaakcesoria.pl\\\/\",\"name\":\"\",\"description\":\"\",\"potentialAction\":[{\"@type\":\"SearchAction\",\"target\":{\"@type\":\"EntryPoint\",\"urlTemplate\":\"https:\\\/\\\/spaakcesoria.pl\\\/?s={search_term_string}\"},\"query-input\":{\"@type\":\"PropertyValueSpecification\",\"valueRequired\":true,\"valueName\":\"search_term_string\"}}],\"inLanguage\":\"pl-PL\"}]}<\/script>\n<!-- \/ Yoast SEO plugin. -->","yoast_head_json":{"title":"NeoStrata Skin Active Exfoliating Wash Z\u0142uszczaj\u0105ca pianka do mycia twarzy 125 ml -","description":"NeoStrata Skin Active Exfoliating Wash Z\u0142uszczaj\u0105ca pianka do mycia twarzy 125 ml","robots":{"index":"index","follow":"follow","max-snippet":"max-snippet:-1","max-image-preview":"max-image-preview:large","max-video-preview":"max-video-preview:-1"},"canonical":"https:\/\/spaakcesoria.pl\/index.php\/produkt\/neostrata-skin-active-exfoliating-wash-zluszczajaca-pianka-do-mycia-twarzy-125-ml\/","og_locale":"pl_PL","og_type":"article","og_title":"NeoStrata Skin Active Exfoliating Wash Z\u0142uszczaj\u0105ca pianka do mycia twarzy 125 ml -","og_description":"NeoStrata Skin Active Exfoliating Wash Z\u0142uszczaj\u0105ca pianka do mycia twarzy 125 ml","og_url":"https:\/\/spaakcesoria.pl\/index.php\/produkt\/neostrata-skin-active-exfoliating-wash-zluszczajaca-pianka-do-mycia-twarzy-125-ml\/","article_modified_time":"2026-02-03T19:02:01+00:00","og_image":[{"width":400,"height":400,"url":"https:\/\/spaakcesoria.pl\/wp-content\/uploads\/2022\/11\/2222222-removebg-preview.png","type":"image\/png"}],"twitter_card":"summary_large_image","twitter_misc":{"Szacowany czas czytania":"2 minuty"},"schema":{"@context":"https:\/\/schema.org","@graph":[{"@type":"WebPage","@id":"https:\/\/spaakcesoria.pl\/index.php\/produkt\/neostrata-skin-active-exfoliating-wash-zluszczajaca-pianka-do-mycia-twarzy-125-ml\/","url":"https:\/\/spaakcesoria.pl\/index.php\/produkt\/neostrata-skin-active-exfoliating-wash-zluszczajaca-pianka-do-mycia-twarzy-125-ml\/","name":"NeoStrata Skin Active Exfoliating Wash Z\u0142uszczaj\u0105ca pianka do mycia twarzy 125 ml -","isPartOf":{"@id":"https:\/\/spaakcesoria.pl\/#website"},"primaryImageOfPage":{"@id":"https:\/\/spaakcesoria.pl\/index.php\/produkt\/neostrata-skin-active-exfoliating-wash-zluszczajaca-pianka-do-mycia-twarzy-125-ml\/#primaryimage"},"image":{"@id":"https:\/\/spaakcesoria.pl\/index.php\/produkt\/neostrata-skin-active-exfoliating-wash-zluszczajaca-pianka-do-mycia-twarzy-125-ml\/#primaryimage"},"thumbnailUrl":"https:\/\/spaakcesoria.pl\/wp-content\/uploads\/2022\/11\/2222222-removebg-preview.png","datePublished":"2022-11-24T20:10:25+00:00","dateModified":"2026-02-03T19:02:01+00:00","description":"NeoStrata Skin Active Exfoliating Wash Z\u0142uszczaj\u0105ca pianka do mycia twarzy 125 ml","breadcrumb":{"@id":"https:\/\/spaakcesoria.pl\/index.php\/produkt\/neostrata-skin-active-exfoliating-wash-zluszczajaca-pianka-do-mycia-twarzy-125-ml\/#breadcrumb"},"inLanguage":"pl-PL","potentialAction":[{"@type":"ReadAction","target":["https:\/\/spaakcesoria.pl\/index.php\/produkt\/neostrata-skin-active-exfoliating-wash-zluszczajaca-pianka-do-mycia-twarzy-125-ml\/"]}]},{"@type":"ImageObject","inLanguage":"pl-PL","@id":"https:\/\/spaakcesoria.pl\/index.php\/produkt\/neostrata-skin-active-exfoliating-wash-zluszczajaca-pianka-do-mycia-twarzy-125-ml\/#primaryimage","url":"https:\/\/spaakcesoria.pl\/wp-content\/uploads\/2022\/11\/2222222-removebg-preview.png","contentUrl":"https:\/\/spaakcesoria.pl\/wp-content\/uploads\/2022\/11\/2222222-removebg-preview.png","width":400,"height":400},{"@type":"BreadcrumbList","@id":"https:\/\/spaakcesoria.pl\/index.php\/produkt\/neostrata-skin-active-exfoliating-wash-zluszczajaca-pianka-do-mycia-twarzy-125-ml\/#breadcrumb","itemListElement":[{"@type":"ListItem","position":1,"name":"Strona g\u0142\u00f3wna","item":"https:\/\/spaakcesoria.pl\/"},{"@type":"ListItem","position":2,"name":"Sklep","item":"https:\/\/spaakcesoria.pl\/index.php\/sklep\/"},{"@type":"ListItem","position":3,"name":"NeoStrata Skin Active Exfoliating Wash Z\u0142uszczaj\u0105ca pianka do mycia twarzy 125 ml"}]},{"@type":"WebSite","@id":"https:\/\/spaakcesoria.pl\/#website","url":"https:\/\/spaakcesoria.pl\/","name":"","description":"","potentialAction":[{"@type":"SearchAction","target":{"@type":"EntryPoint","urlTemplate":"https:\/\/spaakcesoria.pl\/?s={search_term_string}"},"query-input":{"@type":"PropertyValueSpecification","valueRequired":true,"valueName":"search_term_string"}}],"inLanguage":"pl-PL"}]}},"_links":{"self":[{"href":"https:\/\/spaakcesoria.pl\/index.php\/wp-json\/wp\/v2\/product\/2501","targetHints":{"allow":["GET"]}}],"collection":[{"href":"https:\/\/spaakcesoria.pl\/index.php\/wp-json\/wp\/v2\/product"}],"about":[{"href":"https:\/\/spaakcesoria.pl\/index.php\/wp-json\/wp\/v2\/types\/product"}],"version-history":[{"count":1,"href":"https:\/\/spaakcesoria.pl\/index.php\/wp-json\/wp\/v2\/product\/2501\/revisions"}],"predecessor-version":[{"id":2503,"href":"https:\/\/spaakcesoria.pl\/index.php\/wp-json\/wp\/v2\/product\/2501\/revisions\/2503"}],"wp:featuredmedia":[{"embeddable":true,"href":"https:\/\/spaakcesoria.pl\/index.php\/wp-json\/wp\/v2\/media\/2502"}],"wp:attachment":[{"href":"https:\/\/spaakcesoria.pl\/index.php\/wp-json\/wp\/v2\/media?parent=2501"}],"wp:term":[{"taxonomy":"product_brand","embeddable":true,"href":"https:\/\/spaakcesoria.pl\/index.php\/wp-json\/wp\/v2\/product_brand?post=2501"},{"taxonomy":"product_cat","embeddable":true,"href":"https:\/\/spaakcesoria.pl\/index.php\/wp-json\/wp\/v2\/product_cat?post=2501"},{"taxonomy":"product_tag","embeddable":true,"href":"https:\/\/spaakcesoria.pl\/index.php\/wp-json\/wp\/v2\/product_tag?post=2501"}],"curies":[{"name":"wp","href":"https:\/\/api.w.org\/{rel}","templated":true}]}}