{"id":2504,"date":"2022-11-24T21:16:23","date_gmt":"2022-11-24T20:16:23","guid":{"rendered":"https:\/\/spaakcesoria.pl\/?post_type=product&#038;p=2504"},"modified":"2026-02-03T20:02:16","modified_gmt":"2026-02-03T19:02:16","slug":"mleczko-do-demakijazu-cleansing-milk-dr-grandel-400ml","status":"publish","type":"product","link":"https:\/\/spaakcesoria.pl\/index.php\/produkt\/mleczko-do-demakijazu-cleansing-milk-dr-grandel-400ml\/","title":{"rendered":"Mleczko do demakija\u017cu Cleansing Milk Dr Grandel 400ml"},"content":{"rendered":"<h2 class=\"p1\">Mleczko do demakija\u017cu Cleansing Milk Dr Grandel 400ml<\/h2>\n<h4>Opakowanie: 400 ml<\/h4>\n<p><em>Produkt profesjonalny.<\/em><\/p>\n<p>Producent: Dr. Grandel<\/p>\n<h4>Linia: Cleansing<br \/>\nCleansing Milk, delikatnie oczyszczaj\u0105ce i nawil\u017caj\u0105ce mleczko do demakija\u017cu. Odpowiednie dla ka\u017cdego rodzaju sk\u00f3ry. Nie wysusza sk\u00f3ry i nie powoduje uczucia \u015bci\u0105gni\u0119cia.<\/h4>\n<h4>Wskazana do sk\u00f3ry:<br \/>\n&#8211; ka\u017cdy rodzaj sk\u00f3ry<\/h4>\n<h4>Sk\u0142adniki aktywne:<br \/>\n&#8211; kompleks hydro Soft<br \/>\n&#8211; panthenol<br \/>\n&#8211; olej jojoba<\/h4>\n<h4><strong>Spos\u00f3b u\u017cycia:<\/strong><br \/>\nNa\u0142o\u017cy\u0107 na such\u0105 sk\u00f3r\u0119 twarzy, szyi i dekoltu. Rozprowadzi\u0107 mleczko wilgotnymi d\u0142o\u0144mi, nast\u0119pnie zmy\u0107 letni\u0105 wod\u0105.<\/h4>\n","protected":false},"excerpt":{"rendered":"<p class=\"p1\">Mleczko do demakija\u017cu Cleansing Milk Dr Grandel 400ml<\/p>\n","protected":false},"featured_media":2505,"template":"","meta":{"_monsterinsights_skip_tracking":false,"_monsterinsights_sitenote_active":false,"_monsterinsights_sitenote_note":"","_monsterinsights_sitenote_category":0},"product_brand":[],"product_cat":[310,22],"product_tag":[437,428,426,433,439,436,435,431,430,429,434,438,432,427],"class_list":{"0":"post-2504","1":"product","2":"type-product","3":"status-publish","4":"has-post-thumbnail","6":"product_cat-demakijaz","7":"product_cat-kosmetyki","8":"product_tag-anna-lotan-mleczko","9":"product_tag-do-demakijazu-oczu","10":"product_tag-dr-grandel","11":"product_tag-ekseption","12":"product_tag-neostrata","13":"product_tag-olejek-janssen","14":"product_tag-olejek-medex","15":"product_tag-parabiotica","16":"product_tag-plyn-miceralny","17":"product_tag-purigel-dr-grandel","18":"product_tag-tonik-lagodzaco-nawilzajacy","19":"product_tag-vetapelle","20":"product_tag-woda-miceralna","21":"product_tag-zel-do-demakijazu","23":"first","24":"outofstock","25":"taxable","26":"shipping-taxable","27":"purchasable","28":"product-type-simple"},"yoast_head":"<!-- This site is optimized with the Yoast SEO plugin v27.5 - https:\/\/yoast.com\/product\/yoast-seo-wordpress\/ -->\n<title>Mleczko do demakija\u017cu Cleansing Milk Dr Grandel 400ml -<\/title>\n<meta name=\"description\" content=\"Mleczko do demakija\u017cu Cleansing Milk Dr Grandel 400ml\" \/>\n<meta name=\"robots\" content=\"index, follow, max-snippet:-1, max-image-preview:large, max-video-preview:-1\" \/>\n<link rel=\"canonical\" href=\"https:\/\/spaakcesoria.pl\/index.php\/produkt\/mleczko-do-demakijazu-cleansing-milk-dr-grandel-400ml\/\" \/>\n<meta property=\"og:locale\" content=\"pl_PL\" \/>\n<meta property=\"og:type\" content=\"article\" \/>\n<meta property=\"og:title\" content=\"Mleczko do demakija\u017cu Cleansing Milk Dr Grandel 400ml -\" \/>\n<meta property=\"og:description\" content=\"Mleczko do demakija\u017cu Cleansing Milk Dr Grandel 400ml\" \/>\n<meta property=\"og:url\" content=\"https:\/\/spaakcesoria.pl\/index.php\/produkt\/mleczko-do-demakijazu-cleansing-milk-dr-grandel-400ml\/\" \/>\n<meta property=\"article:modified_time\" content=\"2026-02-03T19:02:16+00:00\" \/>\n<meta property=\"og:image\" content=\"https:\/\/spaakcesoria.pl\/wp-content\/uploads\/2022\/11\/333333333d-drgrandel-cleansing-milk-400ml.jpeg\" \/>\n\t<meta property=\"og:image:width\" content=\"400\" \/>\n\t<meta property=\"og:image:height\" content=\"400\" \/>\n\t<meta property=\"og:image:type\" content=\"image\/jpeg\" \/>\n<meta name=\"twitter:card\" content=\"summary_large_image\" \/>\n<meta name=\"twitter:label1\" content=\"Szacowany czas czytania\" \/>\n\t<meta name=\"twitter:data1\" content=\"1 minuta\" \/>\n<script type=\"application\/ld+json\" class=\"yoast-schema-graph\">{\"@context\":\"https:\\\/\\\/schema.org\",\"@graph\":[{\"@type\":\"WebPage\",\"@id\":\"https:\\\/\\\/spaakcesoria.pl\\\/index.php\\\/produkt\\\/mleczko-do-demakijazu-cleansing-milk-dr-grandel-400ml\\\/\",\"url\":\"https:\\\/\\\/spaakcesoria.pl\\\/index.php\\\/produkt\\\/mleczko-do-demakijazu-cleansing-milk-dr-grandel-400ml\\\/\",\"name\":\"Mleczko do demakija\u017cu Cleansing Milk Dr Grandel 400ml -\",\"isPartOf\":{\"@id\":\"https:\\\/\\\/spaakcesoria.pl\\\/#website\"},\"primaryImageOfPage\":{\"@id\":\"https:\\\/\\\/spaakcesoria.pl\\\/index.php\\\/produkt\\\/mleczko-do-demakijazu-cleansing-milk-dr-grandel-400ml\\\/#primaryimage\"},\"image\":{\"@id\":\"https:\\\/\\\/spaakcesoria.pl\\\/index.php\\\/produkt\\\/mleczko-do-demakijazu-cleansing-milk-dr-grandel-400ml\\\/#primaryimage\"},\"thumbnailUrl\":\"https:\\\/\\\/spaakcesoria.pl\\\/wp-content\\\/uploads\\\/2022\\\/11\\\/333333333d-drgrandel-cleansing-milk-400ml.jpeg\",\"datePublished\":\"2022-11-24T20:16:23+00:00\",\"dateModified\":\"2026-02-03T19:02:16+00:00\",\"description\":\"Mleczko do demakija\u017cu Cleansing Milk Dr Grandel 400ml\",\"breadcrumb\":{\"@id\":\"https:\\\/\\\/spaakcesoria.pl\\\/index.php\\\/produkt\\\/mleczko-do-demakijazu-cleansing-milk-dr-grandel-400ml\\\/#breadcrumb\"},\"inLanguage\":\"pl-PL\",\"potentialAction\":[{\"@type\":\"ReadAction\",\"target\":[\"https:\\\/\\\/spaakcesoria.pl\\\/index.php\\\/produkt\\\/mleczko-do-demakijazu-cleansing-milk-dr-grandel-400ml\\\/\"]}]},{\"@type\":\"ImageObject\",\"inLanguage\":\"pl-PL\",\"@id\":\"https:\\\/\\\/spaakcesoria.pl\\\/index.php\\\/produkt\\\/mleczko-do-demakijazu-cleansing-milk-dr-grandel-400ml\\\/#primaryimage\",\"url\":\"https:\\\/\\\/spaakcesoria.pl\\\/wp-content\\\/uploads\\\/2022\\\/11\\\/333333333d-drgrandel-cleansing-milk-400ml.jpeg\",\"contentUrl\":\"https:\\\/\\\/spaakcesoria.pl\\\/wp-content\\\/uploads\\\/2022\\\/11\\\/333333333d-drgrandel-cleansing-milk-400ml.jpeg\",\"width\":400,\"height\":400},{\"@type\":\"BreadcrumbList\",\"@id\":\"https:\\\/\\\/spaakcesoria.pl\\\/index.php\\\/produkt\\\/mleczko-do-demakijazu-cleansing-milk-dr-grandel-400ml\\\/#breadcrumb\",\"itemListElement\":[{\"@type\":\"ListItem\",\"position\":1,\"name\":\"Strona g\u0142\u00f3wna\",\"item\":\"https:\\\/\\\/spaakcesoria.pl\\\/\"},{\"@type\":\"ListItem\",\"position\":2,\"name\":\"Sklep\",\"item\":\"https:\\\/\\\/spaakcesoria.pl\\\/index.php\\\/sklep\\\/\"},{\"@type\":\"ListItem\",\"position\":3,\"name\":\"Mleczko do demakija\u017cu Cleansing Milk Dr Grandel 400ml\"}]},{\"@type\":\"WebSite\",\"@id\":\"https:\\\/\\\/spaakcesoria.pl\\\/#website\",\"url\":\"https:\\\/\\\/spaakcesoria.pl\\\/\",\"name\":\"\",\"description\":\"\",\"potentialAction\":[{\"@type\":\"SearchAction\",\"target\":{\"@type\":\"EntryPoint\",\"urlTemplate\":\"https:\\\/\\\/spaakcesoria.pl\\\/?s={search_term_string}\"},\"query-input\":{\"@type\":\"PropertyValueSpecification\",\"valueRequired\":true,\"valueName\":\"search_term_string\"}}],\"inLanguage\":\"pl-PL\"}]}<\/script>\n<!-- \/ Yoast SEO plugin. -->","yoast_head_json":{"title":"Mleczko do demakija\u017cu Cleansing Milk Dr Grandel 400ml -","description":"Mleczko do demakija\u017cu Cleansing Milk Dr Grandel 400ml","robots":{"index":"index","follow":"follow","max-snippet":"max-snippet:-1","max-image-preview":"max-image-preview:large","max-video-preview":"max-video-preview:-1"},"canonical":"https:\/\/spaakcesoria.pl\/index.php\/produkt\/mleczko-do-demakijazu-cleansing-milk-dr-grandel-400ml\/","og_locale":"pl_PL","og_type":"article","og_title":"Mleczko do demakija\u017cu Cleansing Milk Dr Grandel 400ml -","og_description":"Mleczko do demakija\u017cu Cleansing Milk Dr Grandel 400ml","og_url":"https:\/\/spaakcesoria.pl\/index.php\/produkt\/mleczko-do-demakijazu-cleansing-milk-dr-grandel-400ml\/","article_modified_time":"2026-02-03T19:02:16+00:00","og_image":[{"width":400,"height":400,"url":"https:\/\/spaakcesoria.pl\/wp-content\/uploads\/2022\/11\/333333333d-drgrandel-cleansing-milk-400ml.jpeg","type":"image\/jpeg"}],"twitter_card":"summary_large_image","twitter_misc":{"Szacowany czas czytania":"1 minuta"},"schema":{"@context":"https:\/\/schema.org","@graph":[{"@type":"WebPage","@id":"https:\/\/spaakcesoria.pl\/index.php\/produkt\/mleczko-do-demakijazu-cleansing-milk-dr-grandel-400ml\/","url":"https:\/\/spaakcesoria.pl\/index.php\/produkt\/mleczko-do-demakijazu-cleansing-milk-dr-grandel-400ml\/","name":"Mleczko do demakija\u017cu Cleansing Milk Dr Grandel 400ml -","isPartOf":{"@id":"https:\/\/spaakcesoria.pl\/#website"},"primaryImageOfPage":{"@id":"https:\/\/spaakcesoria.pl\/index.php\/produkt\/mleczko-do-demakijazu-cleansing-milk-dr-grandel-400ml\/#primaryimage"},"image":{"@id":"https:\/\/spaakcesoria.pl\/index.php\/produkt\/mleczko-do-demakijazu-cleansing-milk-dr-grandel-400ml\/#primaryimage"},"thumbnailUrl":"https:\/\/spaakcesoria.pl\/wp-content\/uploads\/2022\/11\/333333333d-drgrandel-cleansing-milk-400ml.jpeg","datePublished":"2022-11-24T20:16:23+00:00","dateModified":"2026-02-03T19:02:16+00:00","description":"Mleczko do demakija\u017cu Cleansing Milk Dr Grandel 400ml","breadcrumb":{"@id":"https:\/\/spaakcesoria.pl\/index.php\/produkt\/mleczko-do-demakijazu-cleansing-milk-dr-grandel-400ml\/#breadcrumb"},"inLanguage":"pl-PL","potentialAction":[{"@type":"ReadAction","target":["https:\/\/spaakcesoria.pl\/index.php\/produkt\/mleczko-do-demakijazu-cleansing-milk-dr-grandel-400ml\/"]}]},{"@type":"ImageObject","inLanguage":"pl-PL","@id":"https:\/\/spaakcesoria.pl\/index.php\/produkt\/mleczko-do-demakijazu-cleansing-milk-dr-grandel-400ml\/#primaryimage","url":"https:\/\/spaakcesoria.pl\/wp-content\/uploads\/2022\/11\/333333333d-drgrandel-cleansing-milk-400ml.jpeg","contentUrl":"https:\/\/spaakcesoria.pl\/wp-content\/uploads\/2022\/11\/333333333d-drgrandel-cleansing-milk-400ml.jpeg","width":400,"height":400},{"@type":"BreadcrumbList","@id":"https:\/\/spaakcesoria.pl\/index.php\/produkt\/mleczko-do-demakijazu-cleansing-milk-dr-grandel-400ml\/#breadcrumb","itemListElement":[{"@type":"ListItem","position":1,"name":"Strona g\u0142\u00f3wna","item":"https:\/\/spaakcesoria.pl\/"},{"@type":"ListItem","position":2,"name":"Sklep","item":"https:\/\/spaakcesoria.pl\/index.php\/sklep\/"},{"@type":"ListItem","position":3,"name":"Mleczko do demakija\u017cu Cleansing Milk Dr Grandel 400ml"}]},{"@type":"WebSite","@id":"https:\/\/spaakcesoria.pl\/#website","url":"https:\/\/spaakcesoria.pl\/","name":"","description":"","potentialAction":[{"@type":"SearchAction","target":{"@type":"EntryPoint","urlTemplate":"https:\/\/spaakcesoria.pl\/?s={search_term_string}"},"query-input":{"@type":"PropertyValueSpecification","valueRequired":true,"valueName":"search_term_string"}}],"inLanguage":"pl-PL"}]}},"_links":{"self":[{"href":"https:\/\/spaakcesoria.pl\/index.php\/wp-json\/wp\/v2\/product\/2504","targetHints":{"allow":["GET"]}}],"collection":[{"href":"https:\/\/spaakcesoria.pl\/index.php\/wp-json\/wp\/v2\/product"}],"about":[{"href":"https:\/\/spaakcesoria.pl\/index.php\/wp-json\/wp\/v2\/types\/product"}],"version-history":[{"count":3,"href":"https:\/\/spaakcesoria.pl\/index.php\/wp-json\/wp\/v2\/product\/2504\/revisions"}],"predecessor-version":[{"id":2508,"href":"https:\/\/spaakcesoria.pl\/index.php\/wp-json\/wp\/v2\/product\/2504\/revisions\/2508"}],"wp:featuredmedia":[{"embeddable":true,"href":"https:\/\/spaakcesoria.pl\/index.php\/wp-json\/wp\/v2\/media\/2505"}],"wp:attachment":[{"href":"https:\/\/spaakcesoria.pl\/index.php\/wp-json\/wp\/v2\/media?parent=2504"}],"wp:term":[{"taxonomy":"product_brand","embeddable":true,"href":"https:\/\/spaakcesoria.pl\/index.php\/wp-json\/wp\/v2\/product_brand?post=2504"},{"taxonomy":"product_cat","embeddable":true,"href":"https:\/\/spaakcesoria.pl\/index.php\/wp-json\/wp\/v2\/product_cat?post=2504"},{"taxonomy":"product_tag","embeddable":true,"href":"https:\/\/spaakcesoria.pl\/index.php\/wp-json\/wp\/v2\/product_tag?post=2504"}],"curies":[{"name":"wp","href":"https:\/\/api.w.org\/{rel}","templated":true}]}}