{"id":2519,"date":"2022-12-12T16:38:11","date_gmt":"2022-12-12T15:38:11","guid":{"rendered":"https:\/\/spaakcesoria.pl\/?post_type=product&#038;p=2519"},"modified":"2026-02-03T20:00:42","modified_gmt":"2026-02-03T19:00:42","slug":"zestaw-vitapelle-do-eksfoliacji-kwas-migdalowy","status":"publish","type":"product","link":"https:\/\/spaakcesoria.pl\/index.php\/produkt\/zestaw-vitapelle-do-eksfoliacji-kwas-migdalowy\/","title":{"rendered":"Zestaw Vitapelle do eksfoliacji Kwas Migda\u0142owy"},"content":{"rendered":"<h2 class=\"p1\">Zestaw Vitapelle do eksfoliacji: Kwas Migda\u0142owy 30ml + Pre-peel migda\u0142owy 250ml + Tonik migda\u0142owy 250ml +Krem migda\u0142owy 100ml<\/h2>\n<p>Producent: VitaPelle<\/p>\n<p>Profesjonalny zestaw z kwasem migda\u0142owym<\/p>\n<p><strong>W sk\u0142ad zestawu wchodz\u0105:<\/strong><br \/>\n1.Kwas migda\u0142owy 30% &#8211;\u00a0 30ml<br \/>\n2.Pre-peeling migda\u0142owy &#8211; 250ml<br \/>\n3.Tonik mogda\u0142owy 10% &#8211; 250ml<br \/>\n4.Krem migda\u0142owy 15% &#8211;\u00a0 100ml<\/p>\n<p>Kosmetyki z Kwasem migda\u0142owym\u00a0 s\u0105 najnowszym osi\u0105gni\u0119ciem w\u0142oskich laboratori\u00f3w kosmetycznych.<\/p>\n<p>Kwas migda\u0142owy dzi\u0119ki swojej konsystencji jest \u0142atwy i przyjemny w stosowaniu.<\/p>\n<p>Najcz\u0119\u015bciej wykonywanym zabiegiem kosmetycznym jest eksfoliacja, czyli z\u0142uszczanie zrogowacia\u0142ej warstwy nask\u00f3rka.<\/p>\n<p>Skutecznie likwiduje defekty kosmetyczne, nawil\u017ca i pobudza nask\u00f3rek do odnowy. Dzia\u0142anie peelingu na sk\u00f3r\u0119 zale\u017cne jest m.in. od rodzaju zastosowanej substancji, jej st\u0119\u017cenia, grubo\u015bci sk\u00f3ry oraz czasu dzia\u0142ania.<\/p>\n<p>Peeling migda\u0142owy otrzymany jest przez hydroliz\u0119 wyci\u0105gu z gorzkich migda\u0142\u00f3w. Jest zabiegiem odm\u0142adzaj\u0105co-regeneruj\u0105cym. Przeznaczony do piel\u0119gnacji ka\u017cdego rodzaju sk\u00f3ry twarzy i cia\u0142a, r\u00f3wnie\u017c tej delikatnej. Doskona\u0142y dla os\u00f3b dbaj\u0105cych o m\u0142ody i zdrowy wygl\u0105d sk\u00f3ry, a w okresie letnim o r\u00f3wnomiern\u0105 i aksamitn\u0105 opalenizn\u0119. Zalet\u0105 jest , \u017ce zabieg ten mo\u017ce by\u0107 wykonywany przez ca\u0142y rok, a w szczeg\u00f3lno\u015bci w okresie letnim bez ryzyka uwra\u017cliwienia sk\u00f3ry na s\u0142o\u0144ce i wyst\u0105pienia przebarwie\u0144.<\/p>\n<p>Mo\u017ce by\u0107 on wykonywany u os\u00f3b opalaj\u0105cych si\u0119 na s\u0142o\u0144cu i w solarium.\u00a0 Peeling kwasem migda\u0142owym nie wywo\u0142uje uczucia pieczenia ani zaczerwienienia, zachowuj\u0105c jednocze\u015bnie swoj\u0105 skuteczno\u015b\u0107. Kwas migda\u0142owy to produkt profesjonalny przeznaczony do delikatnej eksfoliacji.<\/p>\n<p>Polecany do stosowania w przypadku sk\u00f3r wra\u017cliwych, r\u00f3wnie\u017c tych z tr\u0105dzikiem r\u00f3\u017cowatym. Ze wzgl\u0119du na swoje w\u0142a\u015bciwo\u015bci antyseptyczne mo\u017cna go stosowa\u0107 tak\u017ce dla sk\u00f3r tr\u0105dzikowych. Znakomity do zastosowania w przypadku sk\u00f3r z przebarwieniami a tak\u017ce dla os\u00f3b o ciemnej karnacji.<\/p>\n<p><strong>W kosmetyce od kilku lat u\u017cywany jest w zabiegach kosmetycznych przy takich problemach jak:<\/strong><br \/>\n&#8211; fotostarzenie<br \/>\n&#8211; nieregularna pigmentacja<br \/>\n&#8211; tr\u0105dzik grudkowo-krostkowy, zask\u00f3rniki i \u015blady potr\u0105dzikowe<br \/>\n&#8211; piegi, zaburzenia barwnikowe (ostuda &#8211; melasma, plamy soczewicowate, przebarwienia pozapalne)<br \/>\n&#8211; odnowienie, odm\u0142odzenie sk\u00f3ry sk\u00f3ry<br \/>\n&#8211; rewitalizacja<br \/>\n&#8211; sk\u00f3ra \u0142ojotokowa<br \/>\n&#8211; przebarwienia<br \/>\n&#8211; redukcja drobnych i g\u0142\u0119bszych zmarszczek<br \/>\n&#8211; sp\u0142ycenie blizn<br \/>\n&#8211; zapobieganie starzeniu si\u0119 sk\u00f3ry<br \/>\n&#8211; zmi\u0119kczenie i wyg\u0142adzenie sk\u00f3ry<br \/>\n&#8211; nawil\u017cenie sk\u00f3ry<br \/>\n&#8211; poprawa barwy i faktury sk\u00f3ry<br \/>\n&#8211; sucho\u015b\u0107 sk\u00f3ry w nast\u0119pstwie\u00a0 zmian chorobowych<br \/>\n&#8211; zmiany wywo\u0142ane przez czynniki \u015brodowiskowe (tyto\u0144, zanieczyszczenia),<br \/>\n&#8211; zask\u00f3rniki, rozszerzone pory<\/p>\n<p><strong>Efekty uzyskane po zabiegu:<\/strong><br \/>\n&#8211; sk\u00f3ra: odm\u0142odzona, uj\u0119drniona, elastyczna, wyg\u0142adzona,<br \/>\n&#8211; opalenizna: r\u00f3wnomierna, \u015bwietlista, szybsza stymulacja opalenizny.<br \/>\n&#8211; zmniejszenie grubo\u015bci warstwy rogowej -sk\u00f3ra uzyskuje g\u0142adko\u015b\u0107 i \u0142adny, \u015bwietlisty koloryt;<br \/>\n&#8211; wzrost spoisto\u015bci i zwarto\u015bci g\u0142\u0119bszych warstw nask\u00f3rka;<br \/>\n&#8211; zwi\u0119kszenie grubo\u015bci warstwy tw\u00f3rczej nask\u00f3rka, wzmocnienie sk\u00f3ry;<br \/>\n&#8211; odbudowa i reaktywacja postarza\u0142ej sk\u00f3ry;<br \/>\n&#8211; wzrost nawil\u017cenia nask\u00f3rka, a w efekcie uelastycznienie go i uj\u0119drnienie;<br \/>\n&#8211; regeneracja sk\u00f3ry z poparzeniami i przebarwieniami pos\u0142onecznymi &#8211; depigmentacja;<br \/>\n&#8211; regulacja poziomu wydzielania sebum przy sk\u00f3rze \u0142ojotokowej;<br \/>\n&#8211; w\u0142asno\u015bci antybiotykowe &#8211; likwidacja bakterii Staphylococcus aureus, Bacillus proteus, Escherichia coli i Aerobacter aerogenes oraz przeciwdzia\u0142anie niecystowemu tr\u0105dzikowi zapalnemu.<br \/>\n&#8211; bardzo efektywne, g\u0142\u0119bokie nawil\u017cenie sk\u00f3ry,<br \/>\n&#8211; niewidoczne dla oka dzia\u0142anie z\u0142uszczaj\u0105ce na powierzchow\u0105 warstw\u0119 rogow\u0105 nask\u00f3rka,<br \/>\n&#8211; odnow\u0119 i regeneracj\u0119 sk\u00f3ry w\u0142a\u015bciwej poprzez pobudzanie aktywno\u015bci fibroblast\u00f3w,<br \/>\n&#8211; oczyszczenie sk\u00f3ry (np. t\u0142ustej, tr\u0105dzikowej),<br \/>\n&#8211; silne pobudzenie proces\u00f3w\u00a0 regeneracji sk\u00f3ry w\u0142a\u015bciwej.<br \/>\n&#8211; znaczne op\u00f3\u017anienie procesu starzenia si\u0119 sk\u00f3ry<br \/>\n&#8211; regulacj\u0119 procesu odnowy kom\u00f3rkowej<br \/>\n&#8211; usuni\u0119cie warstwy\u00a0 martwych i zrogowacia\u0142ych kom\u00f3rek,<br \/>\n&#8211; znaczne wyg\u0142adzenie nask\u00f3rka oraz zwi\u0119kszenie skuteczno\u015bci stosowanych po nich preparat\u00f3w piel\u0119gnacyjnych. Sk\u00f3ra przygotowana kwasami lepiej absorbuje sk\u0142adniki aktywne zawarte w kremach<br \/>\n&#8211; odblokowanie por\u00f3w sk\u00f3ry, co zapobiega tworzeniu si\u0119 ognisk zapalnych\u00a0 wszelkiego rodzaju wyprysk\u00f3w. Kwasy wykazuj\u0105 dzia\u0142anie antybakteryjne<br \/>\n&#8211; popraw\u0119 kondycji i wygl\u0105d wysuszonej, zgrubia\u0142ej sk\u00f3ry zniszczonej np. w efekcie nadmiernego opalania, palenia lub w wyniku nieprawid\u0142owego wzrostu kom\u00f3rek<br \/>\n&#8211; wzmo\u017con\u0105 syntez\u0119 w\u0142\u00f3kien kolagenowych i elastyny<br \/>\n&#8211; zwi\u0119kszenie w widoczny spos\u00f3b wilgotno\u015bci i elastyczno\u015bci sk\u00f3ry<br \/>\n&#8211; regeneracj\u0119 sk\u00f3ry<br \/>\n&#8211; wyg\u0142adzenie drobnych zmarszczek i blizn<br \/>\n&#8211; rozja\u015bnienie przebarwie\u0144<\/p>\n<p><strong>Zalety peelingu migda\u0142owego<\/strong>:<br \/>\n&#8211; Zabieg jest bezbolesny, trwa ok. 20-tu minut, wywo\u0142uje lekkie sw\u0119dzenie, czasem zar\u00f3\u017cowienie sk\u00f3ry.<br \/>\n&#8211; Z\u0142uszczanie sk\u00f3ry jest stopniowe, \u0142uskowate, \u0142atwe do ukrycia poprzez nawil\u017cenie kremami. Utrzymuje si\u0119 przez par\u0119 dni, ale nie jest widoczne.<br \/>\n&#8211; Wszystkie peelingi z kwasem migda\u0142owym charakteryzuje\u00a0 si\u0119 mniejsz\u0105 agresywno\u015bci\u0105 w por\u00f3wnaniu z innymi peelingami chemicznymi. Dlatego te\u017c jego zastosowanie nie wy\u0142\u0105cza z \u017cycia codziennego, po zabiegu mo\u017cna \u015bmia\u0142o i\u015b\u0107 do pracy.<\/p>\n<p>Przeciwskazania:<br \/>\n&#8211; podra\u017cniona i wra\u017cliwa sk\u00f3ra<br \/>\n&#8211; sk\u00f3ra po depilacji<br \/>\n&#8211; procesy zapalne<br \/>\n&#8211; opryszczka<br \/>\n&#8211; ci\u0105\u017ca<br \/>\n&#8211; uczulenie na kwasy AHA<\/p>\n<p><strong>Etapy\u00a0 zabiegu z kwasem migda\u0142owym:<\/strong><br \/>\n1. Oczy\u015bci\u0107 sk\u00f3r\u0119 mleczkiem, nast\u0119pnie zmy\u0107 wod\u0105.<br \/>\n2. Zastosowa\u0107 tonik \u2013 po ok. 30 sekundach zmy\u0107<br \/>\n3. Zaaplikowa\u0107 Pre-peeling. Delikatnie masowa\u0107 ok. 1 minuty i zmy\u0107.<br \/>\n4. Nast\u0119pnie zaaplikowa\u0107 peeling 30 % na potrzebny obszar twarzy omijaj\u0105c okolice oczu (najlepiej zakry\u0107 je p\u0142atkami kosmetycznymi). W zale\u017cno\u015bci od wra\u017cliwo\u015bci sk\u00f3ry pozostawi\u0107 na 5-12min. (Pierwszy raz zabieg powinien trwa\u0107 kr\u00f3cej, aby\u015bmy mogli oceni\u0107 stopie\u0144 uwra\u017cliwienia naszej sk\u00f3ry. Potem czas mo\u017cemy stopniowo wyd\u0142u\u017ca\u0107 do 12 min)<br \/>\n5. Po zabiegu na\u0142o\u017cy\u0107 krem nawil\u017caj\u0105cy &#8211; grub\u0105 warstw\u0119 pozostawi\u0107 na 10-15\u00a0\u00a0 min. do wch\u0142oni\u0119cia. Nadmiar \u015bci\u0105gn\u0105\u0107 wacikiem.<br \/>\n6. Krem z kwasem 15% mo\u017ce by\u0107 u\u017cywany do u\u017cytku domowego i aplikowany 5-6 dniu od 1-go zabiegu. Nast\u0119pnie raz w tygodniu. Spos\u00f3b u\u017cycia: pozostawi\u0107 na sk\u00f3rze 10-15 min nast\u0119pnie zmy\u0107.<\/p>\n<p><strong>Spos\u00f3b u\u017cycia Kremu Acido Mandelico 15%:<\/strong><br \/>\nKrem\u00a0 Acido Mandelico 15% jest uzupe\u0142nieniem kuracji kwasem migda\u0142owym. Po tygodniu od wykonania zabiegu eksfoliacji mo\u017cemy zacz\u0105\u0107 stosowanie Kremu\u00a0 Acido Mandelico 15% . Nast\u0119pnie codziennie lub co drugi dzie\u0144 w zale\u017cno\u015bci od wra\u017cliwo\u015bci sk\u00f3ry. Spos\u00f3b u\u017cycia: Nanie\u015b\u0107 1 ml kremu na sk\u00f3r\u0119, delikatnie wmasowa\u0107.<br \/>\nKrem stosowany jako kuracja:<br \/>\nKrem\u00a0 Acido Mandelico 15% stosujemy codziennie rano i wieczorem tak jak w przypadku codziennego kremu piel\u0119gnacyjnego. Spos\u00f3b u\u017cycia: Nanie\u015b\u0107 1 ml kremu na sk\u00f3r\u0119, delikatnie wmasowa\u0107.<\/p>\n<p><strong>Wa\u017cne wskaz\u00f3wki dotycz\u0105ce zabiegu:<\/strong><br \/>\n\u2022 W przypadku cer tr\u0105dzikowych kilka dni po zabiegu mo\u017ce nast\u0105pi\u0107 wzmo\u017cona nadczynno\u015b\u0107 gruczo\u0142\u00f3w \u0142ojowych (tzw. wysypanie). Jest to typowy objaw rozpoczynaj\u0105cego si\u0119 procesu oczyszczania.<br \/>\n\u2022 Zabieg\u00f3w nie wykonywa\u0107 cz\u0119\u015bciej ni\u017c raz lub dwa razy w tygodniu.<br \/>\n\u2022\u00a0 Po serii zabiegowej sk\u0142adaj\u0105cej si\u0119 z 6-8 zabieg\u00f3w nale\u017cy przerwa\u0107 zabiegi na czas oko\u0142o 3 miesi\u0119cy, po tym czasie mo\u017cna powt\u00f3rzy\u0107 seri\u0119 zabiegow\u0105.<br \/>\n\u2022 Preparat mo\u017cna te\u017c stosowa\u0107 na inne partie cia\u0142a (grubsz\u0105 warstw\u0119). Nie stosowa\u0107 w okolicach tarczycy i piersi.<br \/>\n\u2022 Po zabiegu wskazana jest dalsza piel\u0119gnacja kremem od\u017cywczym.<br \/>\n\u2022\u00a0 Kwas migda\u0142owy mo\u017ce by\u0107 stosowany tak\u017ce na cia\u0142o np. uda, plecy, brzuch, d\u0142onie, a tak\u017ce na zrogowacia\u0142e i przesuszone partie cia\u0142a takie jak \u0142okcie, kolana, stopy. Po pierwszym zabiegu wida\u0107 efekty w postaci poprawy struktury sk\u00f3ry, kt\u00f3ra staje si\u0119 g\u0142adka i delikatna, partie cia\u0142a ze zrogowacia\u0142ym nask\u00f3rkiem ulegaj\u0105 wyg\u0142adzeniu.<br \/>\n\u2022 Kwasy AHA (w tym kwas migda\u0142owy) dzia\u0142aj\u0105 r\u00f3wnie\u017c bakteriob\u00f3jczo, dotleniaj\u0105, poprawiaj\u0105 ukrwienie, odtruwaj\u0105 sk\u00f3r\u0119 ze szkodliwych toksyn, a tak\u017ce reguluj\u0105 wilgotno\u015b\u0107 i regeneruj\u0105 sk\u00f3r\u0119. Zawarte w preparacie witaminy i ekstrakty ro\u015blinne zostaj\u0105 wprowadzone w g\u0142\u0105b sk\u00f3ry, dodatkowo j\u0105 od\u017cywiaj\u0105c.<br \/>\nCz\u0119stotliwo\u015b\u0107 zabieg\u00f3w:<br \/>\n6 &#8211; 8 zabieg\u00f3w (seria), przeprowadzanych nie cz\u0119\u015bciej raz 2 razy w tygodniu. Drug\u0105 seri\u0119 mo\u017cna powt\u00f3rzy\u0107 nie szybciej ni\u017c po up\u0142ywie trzech miesi\u0119cy.<\/p>\n<p>&nbsp;<\/p>\n","protected":false},"excerpt":{"rendered":"<h4 class=\"p1\">Zestaw Vitapelle do eksfoliacji<\/h4>\n","protected":false},"featured_media":2520,"template":"","meta":{"_monsterinsights_skip_tracking":false,"_monsterinsights_sitenote_active":false,"_monsterinsights_sitenote_note":"","_monsterinsights_sitenote_category":0},"product_brand":[],"product_cat":[22,47,316],"product_tag":[445,444,443],"class_list":{"0":"post-2519","1":"product","2":"type-product","3":"status-publish","4":"has-post-thumbnail","6":"product_cat-kosmetyki","7":"product_cat-peeling-eksfoliacja","8":"product_cat-zabiegi","9":"product_tag-kwas-migdalowy","10":"product_tag-peeling","11":"product_tag-zestaw-vitapelle-do-eksfoliacji","13":"first","14":"outofstock","15":"taxable","16":"shipping-taxable","17":"purchasable","18":"product-type-simple"},"yoast_head":"<!-- This site is optimized with the Yoast SEO plugin v27.5 - https:\/\/yoast.com\/product\/yoast-seo-wordpress\/ -->\n<title>Zestaw Vitapelle do eksfoliacji Kwas Migda\u0142owy -<\/title>\n<meta name=\"description\" content=\"Zestaw Vitapelle do eksfoliacji: Kwas Migda\u0142owy 30ml + Pre-peel migda\u0142owy 250ml + Tonik migda\u0142owy 250ml +Krem migda\u0142owy 100ml\" \/>\n<meta name=\"robots\" content=\"index, follow, max-snippet:-1, max-image-preview:large, max-video-preview:-1\" \/>\n<link rel=\"canonical\" href=\"https:\/\/spaakcesoria.pl\/index.php\/produkt\/zestaw-vitapelle-do-eksfoliacji-kwas-migdalowy\/\" \/>\n<meta property=\"og:locale\" content=\"pl_PL\" \/>\n<meta property=\"og:type\" content=\"article\" \/>\n<meta property=\"og:title\" content=\"Zestaw Vitapelle do eksfoliacji Kwas Migda\u0142owy -\" \/>\n<meta property=\"og:description\" content=\"Zestaw Vitapelle do eksfoliacji: Kwas Migda\u0142owy 30ml + Pre-peel migda\u0142owy 250ml + Tonik migda\u0142owy 250ml +Krem migda\u0142owy 100ml\" \/>\n<meta property=\"og:url\" content=\"https:\/\/spaakcesoria.pl\/index.php\/produkt\/zestaw-vitapelle-do-eksfoliacji-kwas-migdalowy\/\" \/>\n<meta property=\"article:modified_time\" content=\"2026-02-03T19:00:42+00:00\" \/>\n<meta property=\"og:image\" content=\"https:\/\/spaakcesoria.pl\/wp-content\/uploads\/2022\/12\/zzestaw-migdalowy-vitapelle.jpeg\" \/>\n\t<meta property=\"og:image:width\" content=\"400\" \/>\n\t<meta property=\"og:image:height\" content=\"400\" \/>\n\t<meta property=\"og:image:type\" content=\"image\/jpeg\" \/>\n<meta name=\"twitter:card\" content=\"summary_large_image\" \/>\n<meta name=\"twitter:label1\" content=\"Szacowany czas czytania\" \/>\n\t<meta name=\"twitter:data1\" content=\"7 minut\" \/>\n<script type=\"application\/ld+json\" class=\"yoast-schema-graph\">{\"@context\":\"https:\\\/\\\/schema.org\",\"@graph\":[{\"@type\":\"WebPage\",\"@id\":\"https:\\\/\\\/spaakcesoria.pl\\\/index.php\\\/produkt\\\/zestaw-vitapelle-do-eksfoliacji-kwas-migdalowy\\\/\",\"url\":\"https:\\\/\\\/spaakcesoria.pl\\\/index.php\\\/produkt\\\/zestaw-vitapelle-do-eksfoliacji-kwas-migdalowy\\\/\",\"name\":\"Zestaw Vitapelle do eksfoliacji Kwas Migda\u0142owy -\",\"isPartOf\":{\"@id\":\"https:\\\/\\\/spaakcesoria.pl\\\/#website\"},\"primaryImageOfPage\":{\"@id\":\"https:\\\/\\\/spaakcesoria.pl\\\/index.php\\\/produkt\\\/zestaw-vitapelle-do-eksfoliacji-kwas-migdalowy\\\/#primaryimage\"},\"image\":{\"@id\":\"https:\\\/\\\/spaakcesoria.pl\\\/index.php\\\/produkt\\\/zestaw-vitapelle-do-eksfoliacji-kwas-migdalowy\\\/#primaryimage\"},\"thumbnailUrl\":\"https:\\\/\\\/spaakcesoria.pl\\\/wp-content\\\/uploads\\\/2022\\\/12\\\/zzestaw-migdalowy-vitapelle.jpeg\",\"datePublished\":\"2022-12-12T15:38:11+00:00\",\"dateModified\":\"2026-02-03T19:00:42+00:00\",\"description\":\"Zestaw Vitapelle do eksfoliacji: Kwas Migda\u0142owy 30ml + Pre-peel migda\u0142owy 250ml + Tonik migda\u0142owy 250ml +Krem migda\u0142owy 100ml\",\"breadcrumb\":{\"@id\":\"https:\\\/\\\/spaakcesoria.pl\\\/index.php\\\/produkt\\\/zestaw-vitapelle-do-eksfoliacji-kwas-migdalowy\\\/#breadcrumb\"},\"inLanguage\":\"pl-PL\",\"potentialAction\":[{\"@type\":\"ReadAction\",\"target\":[\"https:\\\/\\\/spaakcesoria.pl\\\/index.php\\\/produkt\\\/zestaw-vitapelle-do-eksfoliacji-kwas-migdalowy\\\/\"]}]},{\"@type\":\"ImageObject\",\"inLanguage\":\"pl-PL\",\"@id\":\"https:\\\/\\\/spaakcesoria.pl\\\/index.php\\\/produkt\\\/zestaw-vitapelle-do-eksfoliacji-kwas-migdalowy\\\/#primaryimage\",\"url\":\"https:\\\/\\\/spaakcesoria.pl\\\/wp-content\\\/uploads\\\/2022\\\/12\\\/zzestaw-migdalowy-vitapelle.jpeg\",\"contentUrl\":\"https:\\\/\\\/spaakcesoria.pl\\\/wp-content\\\/uploads\\\/2022\\\/12\\\/zzestaw-migdalowy-vitapelle.jpeg\",\"width\":400,\"height\":400},{\"@type\":\"BreadcrumbList\",\"@id\":\"https:\\\/\\\/spaakcesoria.pl\\\/index.php\\\/produkt\\\/zestaw-vitapelle-do-eksfoliacji-kwas-migdalowy\\\/#breadcrumb\",\"itemListElement\":[{\"@type\":\"ListItem\",\"position\":1,\"name\":\"Strona g\u0142\u00f3wna\",\"item\":\"https:\\\/\\\/spaakcesoria.pl\\\/\"},{\"@type\":\"ListItem\",\"position\":2,\"name\":\"Sklep\",\"item\":\"https:\\\/\\\/spaakcesoria.pl\\\/index.php\\\/sklep\\\/\"},{\"@type\":\"ListItem\",\"position\":3,\"name\":\"Zestaw Vitapelle do eksfoliacji Kwas Migda\u0142owy\"}]},{\"@type\":\"WebSite\",\"@id\":\"https:\\\/\\\/spaakcesoria.pl\\\/#website\",\"url\":\"https:\\\/\\\/spaakcesoria.pl\\\/\",\"name\":\"\",\"description\":\"\",\"potentialAction\":[{\"@type\":\"SearchAction\",\"target\":{\"@type\":\"EntryPoint\",\"urlTemplate\":\"https:\\\/\\\/spaakcesoria.pl\\\/?s={search_term_string}\"},\"query-input\":{\"@type\":\"PropertyValueSpecification\",\"valueRequired\":true,\"valueName\":\"search_term_string\"}}],\"inLanguage\":\"pl-PL\"}]}<\/script>\n<!-- \/ Yoast SEO plugin. -->","yoast_head_json":{"title":"Zestaw Vitapelle do eksfoliacji Kwas Migda\u0142owy -","description":"Zestaw Vitapelle do eksfoliacji: Kwas Migda\u0142owy 30ml + Pre-peel migda\u0142owy 250ml + Tonik migda\u0142owy 250ml +Krem migda\u0142owy 100ml","robots":{"index":"index","follow":"follow","max-snippet":"max-snippet:-1","max-image-preview":"max-image-preview:large","max-video-preview":"max-video-preview:-1"},"canonical":"https:\/\/spaakcesoria.pl\/index.php\/produkt\/zestaw-vitapelle-do-eksfoliacji-kwas-migdalowy\/","og_locale":"pl_PL","og_type":"article","og_title":"Zestaw Vitapelle do eksfoliacji Kwas Migda\u0142owy -","og_description":"Zestaw Vitapelle do eksfoliacji: Kwas Migda\u0142owy 30ml + Pre-peel migda\u0142owy 250ml + Tonik migda\u0142owy 250ml +Krem migda\u0142owy 100ml","og_url":"https:\/\/spaakcesoria.pl\/index.php\/produkt\/zestaw-vitapelle-do-eksfoliacji-kwas-migdalowy\/","article_modified_time":"2026-02-03T19:00:42+00:00","og_image":[{"width":400,"height":400,"url":"https:\/\/spaakcesoria.pl\/wp-content\/uploads\/2022\/12\/zzestaw-migdalowy-vitapelle.jpeg","type":"image\/jpeg"}],"twitter_card":"summary_large_image","twitter_misc":{"Szacowany czas czytania":"7 minut"},"schema":{"@context":"https:\/\/schema.org","@graph":[{"@type":"WebPage","@id":"https:\/\/spaakcesoria.pl\/index.php\/produkt\/zestaw-vitapelle-do-eksfoliacji-kwas-migdalowy\/","url":"https:\/\/spaakcesoria.pl\/index.php\/produkt\/zestaw-vitapelle-do-eksfoliacji-kwas-migdalowy\/","name":"Zestaw Vitapelle do eksfoliacji Kwas Migda\u0142owy -","isPartOf":{"@id":"https:\/\/spaakcesoria.pl\/#website"},"primaryImageOfPage":{"@id":"https:\/\/spaakcesoria.pl\/index.php\/produkt\/zestaw-vitapelle-do-eksfoliacji-kwas-migdalowy\/#primaryimage"},"image":{"@id":"https:\/\/spaakcesoria.pl\/index.php\/produkt\/zestaw-vitapelle-do-eksfoliacji-kwas-migdalowy\/#primaryimage"},"thumbnailUrl":"https:\/\/spaakcesoria.pl\/wp-content\/uploads\/2022\/12\/zzestaw-migdalowy-vitapelle.jpeg","datePublished":"2022-12-12T15:38:11+00:00","dateModified":"2026-02-03T19:00:42+00:00","description":"Zestaw Vitapelle do eksfoliacji: Kwas Migda\u0142owy 30ml + Pre-peel migda\u0142owy 250ml + Tonik migda\u0142owy 250ml +Krem migda\u0142owy 100ml","breadcrumb":{"@id":"https:\/\/spaakcesoria.pl\/index.php\/produkt\/zestaw-vitapelle-do-eksfoliacji-kwas-migdalowy\/#breadcrumb"},"inLanguage":"pl-PL","potentialAction":[{"@type":"ReadAction","target":["https:\/\/spaakcesoria.pl\/index.php\/produkt\/zestaw-vitapelle-do-eksfoliacji-kwas-migdalowy\/"]}]},{"@type":"ImageObject","inLanguage":"pl-PL","@id":"https:\/\/spaakcesoria.pl\/index.php\/produkt\/zestaw-vitapelle-do-eksfoliacji-kwas-migdalowy\/#primaryimage","url":"https:\/\/spaakcesoria.pl\/wp-content\/uploads\/2022\/12\/zzestaw-migdalowy-vitapelle.jpeg","contentUrl":"https:\/\/spaakcesoria.pl\/wp-content\/uploads\/2022\/12\/zzestaw-migdalowy-vitapelle.jpeg","width":400,"height":400},{"@type":"BreadcrumbList","@id":"https:\/\/spaakcesoria.pl\/index.php\/produkt\/zestaw-vitapelle-do-eksfoliacji-kwas-migdalowy\/#breadcrumb","itemListElement":[{"@type":"ListItem","position":1,"name":"Strona g\u0142\u00f3wna","item":"https:\/\/spaakcesoria.pl\/"},{"@type":"ListItem","position":2,"name":"Sklep","item":"https:\/\/spaakcesoria.pl\/index.php\/sklep\/"},{"@type":"ListItem","position":3,"name":"Zestaw Vitapelle do eksfoliacji Kwas Migda\u0142owy"}]},{"@type":"WebSite","@id":"https:\/\/spaakcesoria.pl\/#website","url":"https:\/\/spaakcesoria.pl\/","name":"","description":"","potentialAction":[{"@type":"SearchAction","target":{"@type":"EntryPoint","urlTemplate":"https:\/\/spaakcesoria.pl\/?s={search_term_string}"},"query-input":{"@type":"PropertyValueSpecification","valueRequired":true,"valueName":"search_term_string"}}],"inLanguage":"pl-PL"}]}},"_links":{"self":[{"href":"https:\/\/spaakcesoria.pl\/index.php\/wp-json\/wp\/v2\/product\/2519","targetHints":{"allow":["GET"]}}],"collection":[{"href":"https:\/\/spaakcesoria.pl\/index.php\/wp-json\/wp\/v2\/product"}],"about":[{"href":"https:\/\/spaakcesoria.pl\/index.php\/wp-json\/wp\/v2\/types\/product"}],"version-history":[{"count":1,"href":"https:\/\/spaakcesoria.pl\/index.php\/wp-json\/wp\/v2\/product\/2519\/revisions"}],"predecessor-version":[{"id":2521,"href":"https:\/\/spaakcesoria.pl\/index.php\/wp-json\/wp\/v2\/product\/2519\/revisions\/2521"}],"wp:featuredmedia":[{"embeddable":true,"href":"https:\/\/spaakcesoria.pl\/index.php\/wp-json\/wp\/v2\/media\/2520"}],"wp:attachment":[{"href":"https:\/\/spaakcesoria.pl\/index.php\/wp-json\/wp\/v2\/media?parent=2519"}],"wp:term":[{"taxonomy":"product_brand","embeddable":true,"href":"https:\/\/spaakcesoria.pl\/index.php\/wp-json\/wp\/v2\/product_brand?post=2519"},{"taxonomy":"product_cat","embeddable":true,"href":"https:\/\/spaakcesoria.pl\/index.php\/wp-json\/wp\/v2\/product_cat?post=2519"},{"taxonomy":"product_tag","embeddable":true,"href":"https:\/\/spaakcesoria.pl\/index.php\/wp-json\/wp\/v2\/product_tag?post=2519"}],"curies":[{"name":"wp","href":"https:\/\/api.w.org\/{rel}","templated":true}]}}