{"id":2522,"date":"2022-12-12T16:50:42","date_gmt":"2022-12-12T15:50:42","guid":{"rendered":"https:\/\/spaakcesoria.pl\/?post_type=product&#038;p=2522"},"modified":"2026-02-03T20:29:09","modified_gmt":"2026-02-03T19:29:09","slug":"xylogic-retix-c-retibooster-with-retinol-6-tgf-activator-odmladzajacy-i-regenerujacy-5-zabiegow","status":"publish","type":"product","link":"https:\/\/spaakcesoria.pl\/index.php\/produkt\/xylogic-retix-c-retibooster-with-retinol-6-tgf-activator-odmladzajacy-i-regenerujacy-5-zabiegow\/","title":{"rendered":"Xylogic Retix.C RETIBOOSTER with Retinol 6% TGF Activator odm\u0142adzaj\u0105cy i regeneruj\u0105cy 5 zabieg\u00f3w"},"content":{"rendered":"<h2 class=\"p1\">Xylogic Retix.C RETIBOOSTER with Retinol 6% TGF Activator odm\u0142adzaj\u0105cy i regeneruj\u0105cy 5 zabieg\u00f3w<\/h2>\n<p>Producent: Xylogic<\/p>\n<h4><strong>Zestaw:<\/strong><br \/>\n1.BOOSTER serum 5 x 2 ml<br \/>\n2.RETINOL TGF ACTIVATOR 5 x 2,5 ml<br \/>\n3.Retix C Ultra Repair Moisturizer 50 ml<\/h4>\n<h4>Profesjonalny zabieg g\u0142\u0119boko odm\u0142adzaj\u0105cy i regeneruj\u0105cy na twarz, szyj\u0119 i dekolt.<\/h4>\n<h4>RETIBOOSTER with Retinol TGF Activator to Wielokierunkowa, odm\u0142adzaj\u0105ca terapia kosmetyczna, zapewniaj\u0105ca efekt \u201enowej sk\u00f3ry\u201d i jej odbudow\u0119 na poziomie kom\u00f3rkowym.<br \/>\nZabieg o szerokim spektrum dzia\u0142ania anti-aging, redukuj\u0105cy przebarwienia i zmiany potr\u0105dzikowe, rozszerzone pory i zask\u00f3rniki.<\/h4>\n<h4><strong>Wskazania:<\/strong><br \/>\n&#8211; Brak j\u0119drno\u015bci i napi\u0119cia sk\u00f3ry twarzy i cia\u0142a<br \/>\n&#8211; Sk\u00f3ra o nier\u00f3wnym kolorycie, z przebarwieniami<br \/>\n&#8211; Widoczne linie zmarszczek<br \/>\n&#8211; Sk\u00f3ra z niedoskona\u0142o\u015bciami (rozszerzone pory, zmiany potr\u0105dzikowe, zask\u00f3rniki, nier\u00f3wna struktura)<\/h4>\n<h4>Skuteczno\u015b\u0107 i bezpiecze\u0144stwo zabiegu RETIBOOSTER with Retinol TGF Activator potwierdzone w badaniach aplikacyjnych i aparaturowych \u2013 Raport nr. 2020\/11\/0658-3a Dr Koziej Instytut Bada\u0144 Kosmetyk\u00f3w.<br \/>\n-90 %zabieg rozja\u015bnia i roz\u015bwietla sk\u00f3r\u0119<br \/>\n-80 %zwi\u0119ksza napi\u0119cie i elastyczno\u015b\u0107 sk\u00f3ry<br \/>\n-70 %zabieg uj\u0119drnia i wyg\u0142adza sk\u00f3r\u0119<br \/>\n-70 %regeneruje sk\u00f3r\u0119 i daje efekt liftingu<\/h4>\n<h4><strong>Sk\u0142adniki aktywne:<\/strong><br \/>\n&#8211; 6% Retiboosting Complex zawiera opatentowany sk\u0142adnik aktywuj\u0105cy dla transformuj\u0105cego czynnika wzrostu beta (TGF-\u03b2) oraz retinol<br \/>\n&#8211; Witamina C w po\u0142\u0105czeniu z kwasem ferulowym, mlekowym oraz niacynamidem<\/h4>\n","protected":false},"excerpt":{"rendered":"<p>Xylogic Retix.C RETIBOOSTER with Retinol 6%<\/p>\n","protected":false},"featured_media":2523,"template":"","meta":{"_monsterinsights_skip_tracking":false,"_monsterinsights_sitenote_active":false,"_monsterinsights_sitenote_note":"","_monsterinsights_sitenote_category":0},"product_brand":[],"product_cat":[22,47,316],"product_tag":[446],"class_list":{"0":"post-2522","1":"product","2":"type-product","3":"status-publish","4":"has-post-thumbnail","6":"product_cat-kosmetyki","7":"product_cat-peeling-eksfoliacja","8":"product_cat-zabiegi","9":"product_tag-xylogic-retix-c-retibooster-with-retinol-6","11":"first","12":"outofstock","13":"taxable","14":"shipping-taxable","15":"purchasable","16":"product-type-simple"},"yoast_head":"<!-- This site is optimized with the Yoast SEO plugin v27.5 - https:\/\/yoast.com\/product\/yoast-seo-wordpress\/ -->\n<title>Xylogic Retix.C RETIBOOSTER with Retinol 6% TGF Activator odm\u0142adzaj\u0105cy i regeneruj\u0105cy 5 zabieg\u00f3w -<\/title>\n<meta name=\"description\" content=\"Xylogic Retix.C RETIBOOSTER with Retinol 6%\" \/>\n<meta name=\"robots\" content=\"index, follow, max-snippet:-1, max-image-preview:large, max-video-preview:-1\" \/>\n<link rel=\"canonical\" href=\"https:\/\/spaakcesoria.pl\/index.php\/produkt\/xylogic-retix-c-retibooster-with-retinol-6-tgf-activator-odmladzajacy-i-regenerujacy-5-zabiegow\/\" \/>\n<meta property=\"og:locale\" content=\"pl_PL\" \/>\n<meta property=\"og:type\" content=\"article\" \/>\n<meta property=\"og:title\" content=\"Xylogic Retix.C RETIBOOSTER with Retinol 6% TGF Activator odm\u0142adzaj\u0105cy i regeneruj\u0105cy 5 zabieg\u00f3w -\" \/>\n<meta property=\"og:description\" content=\"Xylogic Retix.C RETIBOOSTER with Retinol 6%\" \/>\n<meta property=\"og:url\" content=\"https:\/\/spaakcesoria.pl\/index.php\/produkt\/xylogic-retix-c-retibooster-with-retinol-6-tgf-activator-odmladzajacy-i-regenerujacy-5-zabiegow\/\" \/>\n<meta property=\"article:modified_time\" content=\"2026-02-03T19:29:09+00:00\" \/>\n<meta property=\"og:image\" content=\"https:\/\/spaakcesoria.pl\/wp-content\/uploads\/2022\/12\/retix-c-nowy-400.jpeg\" \/>\n\t<meta property=\"og:image:width\" content=\"400\" \/>\n\t<meta property=\"og:image:height\" content=\"400\" \/>\n\t<meta property=\"og:image:type\" content=\"image\/jpeg\" \/>\n<meta name=\"twitter:card\" content=\"summary_large_image\" \/>\n<meta name=\"twitter:label1\" content=\"Szacowany czas czytania\" \/>\n\t<meta name=\"twitter:data1\" content=\"2 minuty\" \/>\n<script type=\"application\/ld+json\" class=\"yoast-schema-graph\">{\"@context\":\"https:\\\/\\\/schema.org\",\"@graph\":[{\"@type\":\"WebPage\",\"@id\":\"https:\\\/\\\/spaakcesoria.pl\\\/index.php\\\/produkt\\\/xylogic-retix-c-retibooster-with-retinol-6-tgf-activator-odmladzajacy-i-regenerujacy-5-zabiegow\\\/\",\"url\":\"https:\\\/\\\/spaakcesoria.pl\\\/index.php\\\/produkt\\\/xylogic-retix-c-retibooster-with-retinol-6-tgf-activator-odmladzajacy-i-regenerujacy-5-zabiegow\\\/\",\"name\":\"Xylogic Retix.C RETIBOOSTER with Retinol 6% TGF Activator odm\u0142adzaj\u0105cy i regeneruj\u0105cy 5 zabieg\u00f3w -\",\"isPartOf\":{\"@id\":\"https:\\\/\\\/spaakcesoria.pl\\\/#website\"},\"primaryImageOfPage\":{\"@id\":\"https:\\\/\\\/spaakcesoria.pl\\\/index.php\\\/produkt\\\/xylogic-retix-c-retibooster-with-retinol-6-tgf-activator-odmladzajacy-i-regenerujacy-5-zabiegow\\\/#primaryimage\"},\"image\":{\"@id\":\"https:\\\/\\\/spaakcesoria.pl\\\/index.php\\\/produkt\\\/xylogic-retix-c-retibooster-with-retinol-6-tgf-activator-odmladzajacy-i-regenerujacy-5-zabiegow\\\/#primaryimage\"},\"thumbnailUrl\":\"https:\\\/\\\/spaakcesoria.pl\\\/wp-content\\\/uploads\\\/2022\\\/12\\\/retix-c-nowy-400.jpeg\",\"datePublished\":\"2022-12-12T15:50:42+00:00\",\"dateModified\":\"2026-02-03T19:29:09+00:00\",\"description\":\"Xylogic Retix.C RETIBOOSTER with Retinol 6%\",\"breadcrumb\":{\"@id\":\"https:\\\/\\\/spaakcesoria.pl\\\/index.php\\\/produkt\\\/xylogic-retix-c-retibooster-with-retinol-6-tgf-activator-odmladzajacy-i-regenerujacy-5-zabiegow\\\/#breadcrumb\"},\"inLanguage\":\"pl-PL\",\"potentialAction\":[{\"@type\":\"ReadAction\",\"target\":[\"https:\\\/\\\/spaakcesoria.pl\\\/index.php\\\/produkt\\\/xylogic-retix-c-retibooster-with-retinol-6-tgf-activator-odmladzajacy-i-regenerujacy-5-zabiegow\\\/\"]}]},{\"@type\":\"ImageObject\",\"inLanguage\":\"pl-PL\",\"@id\":\"https:\\\/\\\/spaakcesoria.pl\\\/index.php\\\/produkt\\\/xylogic-retix-c-retibooster-with-retinol-6-tgf-activator-odmladzajacy-i-regenerujacy-5-zabiegow\\\/#primaryimage\",\"url\":\"https:\\\/\\\/spaakcesoria.pl\\\/wp-content\\\/uploads\\\/2022\\\/12\\\/retix-c-nowy-400.jpeg\",\"contentUrl\":\"https:\\\/\\\/spaakcesoria.pl\\\/wp-content\\\/uploads\\\/2022\\\/12\\\/retix-c-nowy-400.jpeg\",\"width\":400,\"height\":400},{\"@type\":\"BreadcrumbList\",\"@id\":\"https:\\\/\\\/spaakcesoria.pl\\\/index.php\\\/produkt\\\/xylogic-retix-c-retibooster-with-retinol-6-tgf-activator-odmladzajacy-i-regenerujacy-5-zabiegow\\\/#breadcrumb\",\"itemListElement\":[{\"@type\":\"ListItem\",\"position\":1,\"name\":\"Strona g\u0142\u00f3wna\",\"item\":\"https:\\\/\\\/spaakcesoria.pl\\\/\"},{\"@type\":\"ListItem\",\"position\":2,\"name\":\"Sklep\",\"item\":\"https:\\\/\\\/spaakcesoria.pl\\\/index.php\\\/sklep\\\/\"},{\"@type\":\"ListItem\",\"position\":3,\"name\":\"Xylogic Retix.C RETIBOOSTER with Retinol 6% TGF Activator odm\u0142adzaj\u0105cy i regeneruj\u0105cy 5 zabieg\u00f3w\"}]},{\"@type\":\"WebSite\",\"@id\":\"https:\\\/\\\/spaakcesoria.pl\\\/#website\",\"url\":\"https:\\\/\\\/spaakcesoria.pl\\\/\",\"name\":\"\",\"description\":\"\",\"potentialAction\":[{\"@type\":\"SearchAction\",\"target\":{\"@type\":\"EntryPoint\",\"urlTemplate\":\"https:\\\/\\\/spaakcesoria.pl\\\/?s={search_term_string}\"},\"query-input\":{\"@type\":\"PropertyValueSpecification\",\"valueRequired\":true,\"valueName\":\"search_term_string\"}}],\"inLanguage\":\"pl-PL\"}]}<\/script>\n<!-- \/ Yoast SEO plugin. -->","yoast_head_json":{"title":"Xylogic Retix.C RETIBOOSTER with Retinol 6% TGF Activator odm\u0142adzaj\u0105cy i regeneruj\u0105cy 5 zabieg\u00f3w -","description":"Xylogic Retix.C RETIBOOSTER with Retinol 6%","robots":{"index":"index","follow":"follow","max-snippet":"max-snippet:-1","max-image-preview":"max-image-preview:large","max-video-preview":"max-video-preview:-1"},"canonical":"https:\/\/spaakcesoria.pl\/index.php\/produkt\/xylogic-retix-c-retibooster-with-retinol-6-tgf-activator-odmladzajacy-i-regenerujacy-5-zabiegow\/","og_locale":"pl_PL","og_type":"article","og_title":"Xylogic Retix.C RETIBOOSTER with Retinol 6% TGF Activator odm\u0142adzaj\u0105cy i regeneruj\u0105cy 5 zabieg\u00f3w -","og_description":"Xylogic Retix.C RETIBOOSTER with Retinol 6%","og_url":"https:\/\/spaakcesoria.pl\/index.php\/produkt\/xylogic-retix-c-retibooster-with-retinol-6-tgf-activator-odmladzajacy-i-regenerujacy-5-zabiegow\/","article_modified_time":"2026-02-03T19:29:09+00:00","og_image":[{"width":400,"height":400,"url":"https:\/\/spaakcesoria.pl\/wp-content\/uploads\/2022\/12\/retix-c-nowy-400.jpeg","type":"image\/jpeg"}],"twitter_card":"summary_large_image","twitter_misc":{"Szacowany czas czytania":"2 minuty"},"schema":{"@context":"https:\/\/schema.org","@graph":[{"@type":"WebPage","@id":"https:\/\/spaakcesoria.pl\/index.php\/produkt\/xylogic-retix-c-retibooster-with-retinol-6-tgf-activator-odmladzajacy-i-regenerujacy-5-zabiegow\/","url":"https:\/\/spaakcesoria.pl\/index.php\/produkt\/xylogic-retix-c-retibooster-with-retinol-6-tgf-activator-odmladzajacy-i-regenerujacy-5-zabiegow\/","name":"Xylogic Retix.C RETIBOOSTER with Retinol 6% TGF Activator odm\u0142adzaj\u0105cy i regeneruj\u0105cy 5 zabieg\u00f3w -","isPartOf":{"@id":"https:\/\/spaakcesoria.pl\/#website"},"primaryImageOfPage":{"@id":"https:\/\/spaakcesoria.pl\/index.php\/produkt\/xylogic-retix-c-retibooster-with-retinol-6-tgf-activator-odmladzajacy-i-regenerujacy-5-zabiegow\/#primaryimage"},"image":{"@id":"https:\/\/spaakcesoria.pl\/index.php\/produkt\/xylogic-retix-c-retibooster-with-retinol-6-tgf-activator-odmladzajacy-i-regenerujacy-5-zabiegow\/#primaryimage"},"thumbnailUrl":"https:\/\/spaakcesoria.pl\/wp-content\/uploads\/2022\/12\/retix-c-nowy-400.jpeg","datePublished":"2022-12-12T15:50:42+00:00","dateModified":"2026-02-03T19:29:09+00:00","description":"Xylogic Retix.C RETIBOOSTER with Retinol 6%","breadcrumb":{"@id":"https:\/\/spaakcesoria.pl\/index.php\/produkt\/xylogic-retix-c-retibooster-with-retinol-6-tgf-activator-odmladzajacy-i-regenerujacy-5-zabiegow\/#breadcrumb"},"inLanguage":"pl-PL","potentialAction":[{"@type":"ReadAction","target":["https:\/\/spaakcesoria.pl\/index.php\/produkt\/xylogic-retix-c-retibooster-with-retinol-6-tgf-activator-odmladzajacy-i-regenerujacy-5-zabiegow\/"]}]},{"@type":"ImageObject","inLanguage":"pl-PL","@id":"https:\/\/spaakcesoria.pl\/index.php\/produkt\/xylogic-retix-c-retibooster-with-retinol-6-tgf-activator-odmladzajacy-i-regenerujacy-5-zabiegow\/#primaryimage","url":"https:\/\/spaakcesoria.pl\/wp-content\/uploads\/2022\/12\/retix-c-nowy-400.jpeg","contentUrl":"https:\/\/spaakcesoria.pl\/wp-content\/uploads\/2022\/12\/retix-c-nowy-400.jpeg","width":400,"height":400},{"@type":"BreadcrumbList","@id":"https:\/\/spaakcesoria.pl\/index.php\/produkt\/xylogic-retix-c-retibooster-with-retinol-6-tgf-activator-odmladzajacy-i-regenerujacy-5-zabiegow\/#breadcrumb","itemListElement":[{"@type":"ListItem","position":1,"name":"Strona g\u0142\u00f3wna","item":"https:\/\/spaakcesoria.pl\/"},{"@type":"ListItem","position":2,"name":"Sklep","item":"https:\/\/spaakcesoria.pl\/index.php\/sklep\/"},{"@type":"ListItem","position":3,"name":"Xylogic Retix.C RETIBOOSTER with Retinol 6% TGF Activator odm\u0142adzaj\u0105cy i regeneruj\u0105cy 5 zabieg\u00f3w"}]},{"@type":"WebSite","@id":"https:\/\/spaakcesoria.pl\/#website","url":"https:\/\/spaakcesoria.pl\/","name":"","description":"","potentialAction":[{"@type":"SearchAction","target":{"@type":"EntryPoint","urlTemplate":"https:\/\/spaakcesoria.pl\/?s={search_term_string}"},"query-input":{"@type":"PropertyValueSpecification","valueRequired":true,"valueName":"search_term_string"}}],"inLanguage":"pl-PL"}]}},"_links":{"self":[{"href":"https:\/\/spaakcesoria.pl\/index.php\/wp-json\/wp\/v2\/product\/2522","targetHints":{"allow":["GET"]}}],"collection":[{"href":"https:\/\/spaakcesoria.pl\/index.php\/wp-json\/wp\/v2\/product"}],"about":[{"href":"https:\/\/spaakcesoria.pl\/index.php\/wp-json\/wp\/v2\/types\/product"}],"version-history":[{"count":1,"href":"https:\/\/spaakcesoria.pl\/index.php\/wp-json\/wp\/v2\/product\/2522\/revisions"}],"predecessor-version":[{"id":2524,"href":"https:\/\/spaakcesoria.pl\/index.php\/wp-json\/wp\/v2\/product\/2522\/revisions\/2524"}],"wp:featuredmedia":[{"embeddable":true,"href":"https:\/\/spaakcesoria.pl\/index.php\/wp-json\/wp\/v2\/media\/2523"}],"wp:attachment":[{"href":"https:\/\/spaakcesoria.pl\/index.php\/wp-json\/wp\/v2\/media?parent=2522"}],"wp:term":[{"taxonomy":"product_brand","embeddable":true,"href":"https:\/\/spaakcesoria.pl\/index.php\/wp-json\/wp\/v2\/product_brand?post=2522"},{"taxonomy":"product_cat","embeddable":true,"href":"https:\/\/spaakcesoria.pl\/index.php\/wp-json\/wp\/v2\/product_cat?post=2522"},{"taxonomy":"product_tag","embeddable":true,"href":"https:\/\/spaakcesoria.pl\/index.php\/wp-json\/wp\/v2\/product_tag?post=2522"}],"curies":[{"name":"wp","href":"https:\/\/api.w.org\/{rel}","templated":true}]}}