{"id":2552,"date":"2022-12-27T11:21:37","date_gmt":"2022-12-27T10:21:37","guid":{"rendered":"https:\/\/spaakcesoria.pl\/?post_type=product&#038;p=2552"},"modified":"2026-02-03T19:58:54","modified_gmt":"2026-02-03T18:58:54","slug":"ampulki-janssen-eye-flash-fluid-ampulka-rewitalizujaca-okolice-oczu-25x15ml","status":"publish","type":"product","link":"https:\/\/spaakcesoria.pl\/index.php\/produkt\/ampulki-janssen-eye-flash-fluid-ampulka-rewitalizujaca-okolice-oczu-25x15ml\/","title":{"rendered":"Ampu\u0142ki Janssen Eye Flash Fluid ampu\u0142ka rewitalizuj\u0105ca okolice oczu 25&#215;1,5ml"},"content":{"rendered":"<h2>Ampu\u0142ki Janssen Eye Flash Fluid ampu\u0142ka rewitalizuj\u0105ca okolice oczu 25&#215;1,5ml<\/h2>\n<p>Producent: Janssen Cosmetics<\/p>\n<p>Kosmetyk profesjonalny &#8211; zapytaj o cen\u0119 : email\u00a0 <a href=\"mailto:spaakcesoria@gmail.com\">spaakcesoria@gmail.com<\/a><\/p>\n<h4>Formu\u0142a stymuluje syntez\u0119 kolagenu i kwasu hialuronowego, co prowadzi do wyg\u0142adzania zmarszczek oraz poprawy j\u0119drno\u015bci i elastyczno\u015bci sk\u00f3ry. Stworzony do wra\u017cliwych okolic oczu, w szczeg\u00f3lno\u015bci do sk\u00f3ry zm\u0119czonej wysuszonej.<\/h4>\n<h4>Redukuje opuchlizn\u0119, nadaje blask i poprawia og\u00f3ln\u0105 jako\u015b\u0107 sk\u00f3ry okolic oczu ju\u017c w kr\u00f3tkim czasie. Umo\u017cliwia widoczn\u0105 redukcj\u0119 zmarszczek.<\/h4>\n<h4><strong>Sk\u0142adniki aktywne:<\/strong><br \/>\n&#8211; d\u0142ugo i kr\u00f3tko-\u0142a\u0144cuchowy kwas hialuronowy<br \/>\n&#8211; Matrixyl 3000 \u2013 kompleks peptyd\u00f3w zawieraj\u0105cy matrykiny, czyli grup\u0119 specyficznych niskocz\u0105steczkowych peptyd\u00f3w, kt\u00f3re wyst\u0119puj\u0105 w sk\u00f3rze w macierzy mi\u0119dzykom\u00f3rkowej i maj\u0105 zdolno\u015b\u0107 \u201ewysy\u0142ania\u201d oraz przenoszenia informacji bezpo\u015brednio do kom\u00f3rek sk\u00f3ry.<\/h4>\n<h4>Ampu\u0142ki zawieraj\u0105 d\u0142ugo\u0142a\u0144cuchowy kwas hialuronowy, kt\u00f3ry intensywnie nawil\u017ca oraz zatrzymuje wilgo\u0107 w sk\u00f3rze.<\/h4>\n<h4><strong>Spos\u00f3b u\u017cycia:<\/strong><br \/>\nOtworzy\u0107 ampu\u0142k\u0119.<br \/>\nNast\u0119pnie przela\u0107 ca\u0142\u0105 zawarto\u015b\u0107 na d\u0142o\u0144 i rozprowadzi\u0107 r\u00f3wnomiernie\u00a0na okolic\u0119 oka delikatnie wmasowuj\u0105c.<br \/>\nPotem na\u0142o\u017cy\u0107 w\u0142a\u015bciwy preparat piel\u0119gnacyjny.<br \/>\nAplikowa\u0107 codziennie przez okres 2-4 tygodni pod dzienn\u0105 lub nocn\u0105 piel\u0119gnacj\u0119.<\/h4>\n<h4>Opakowanie: 25 szt x 1,5 ml<\/h4>\n","protected":false},"excerpt":{"rendered":"<p>Ampu\u0142ki Janssen Eye Flash Fluid ampu\u0142ka rewitalizuj\u0105ca okolice oczu 25&#215;1,5ml<\/p>\n","protected":false},"featured_media":2553,"template":"","meta":{"_monsterinsights_skip_tracking":false,"_monsterinsights_sitenote_active":false,"_monsterinsights_sitenote_note":"","_monsterinsights_sitenote_category":0},"product_brand":[],"product_cat":[322,22],"product_tag":[454,453,452],"class_list":{"0":"post-2552","1":"product","2":"type-product","3":"status-publish","4":"has-post-thumbnail","6":"product_cat-ampulki","7":"product_cat-kosmetyki","8":"product_tag-ampulka-rewitalizujaca-okolice-oczu","9":"product_tag-ampulki-eye-flash-fluid","10":"product_tag-ampulki-janssen","12":"first","13":"outofstock","14":"taxable","15":"shipping-taxable","16":"product-type-simple"},"yoast_head":"<!-- This site is optimized with the Yoast SEO plugin v27.6 - https:\/\/yoast.com\/product\/yoast-seo-wordpress\/ -->\n<title>Ampu\u0142ki Janssen Eye Flash Fluid ampu\u0142ka rewitalizuj\u0105ca okolice oczu 25x1,5ml -<\/title>\n<meta name=\"description\" content=\"Ampu\u0142ki Janssen Eye Flash Fluid ampu\u0142ka rewitalizuj\u0105ca okolice oczu 25x1,5ml\" \/>\n<meta name=\"robots\" content=\"index, follow, max-snippet:-1, max-image-preview:large, max-video-preview:-1\" \/>\n<link rel=\"canonical\" href=\"https:\/\/spaakcesoria.pl\/index.php\/produkt\/ampulki-janssen-eye-flash-fluid-ampulka-rewitalizujaca-okolice-oczu-25x15ml\/\" \/>\n<meta property=\"og:locale\" content=\"pl_PL\" \/>\n<meta property=\"og:type\" content=\"article\" \/>\n<meta property=\"og:title\" content=\"Ampu\u0142ki Janssen Eye Flash Fluid ampu\u0142ka rewitalizuj\u0105ca okolice oczu 25x1,5ml -\" \/>\n<meta property=\"og:description\" content=\"Ampu\u0142ki Janssen Eye Flash Fluid ampu\u0142ka rewitalizuj\u0105ca okolice oczu 25x1,5ml\" \/>\n<meta property=\"og:url\" content=\"https:\/\/spaakcesoria.pl\/index.php\/produkt\/ampulki-janssen-eye-flash-fluid-ampulka-rewitalizujaca-okolice-oczu-25x15ml\/\" \/>\n<meta property=\"article:modified_time\" content=\"2026-02-03T18:58:54+00:00\" \/>\n<meta property=\"og:image\" content=\"https:\/\/spaakcesoria.pl\/wp-content\/uploads\/2022\/12\/ztnamp-eye-25.jpeg\" \/>\n\t<meta property=\"og:image:width\" content=\"400\" \/>\n\t<meta property=\"og:image:height\" content=\"400\" \/>\n\t<meta property=\"og:image:type\" content=\"image\/jpeg\" \/>\n<meta name=\"twitter:card\" content=\"summary_large_image\" \/>\n<meta name=\"twitter:label1\" content=\"Szacowany czas czytania\" \/>\n\t<meta name=\"twitter:data1\" content=\"2 minuty\" \/>\n<script type=\"application\/ld+json\" class=\"yoast-schema-graph\">{\"@context\":\"https:\\\/\\\/schema.org\",\"@graph\":[{\"@type\":\"WebPage\",\"@id\":\"https:\\\/\\\/spaakcesoria.pl\\\/index.php\\\/produkt\\\/ampulki-janssen-eye-flash-fluid-ampulka-rewitalizujaca-okolice-oczu-25x15ml\\\/\",\"url\":\"https:\\\/\\\/spaakcesoria.pl\\\/index.php\\\/produkt\\\/ampulki-janssen-eye-flash-fluid-ampulka-rewitalizujaca-okolice-oczu-25x15ml\\\/\",\"name\":\"Ampu\u0142ki Janssen Eye Flash Fluid ampu\u0142ka rewitalizuj\u0105ca okolice oczu 25x1,5ml -\",\"isPartOf\":{\"@id\":\"https:\\\/\\\/spaakcesoria.pl\\\/#website\"},\"primaryImageOfPage\":{\"@id\":\"https:\\\/\\\/spaakcesoria.pl\\\/index.php\\\/produkt\\\/ampulki-janssen-eye-flash-fluid-ampulka-rewitalizujaca-okolice-oczu-25x15ml\\\/#primaryimage\"},\"image\":{\"@id\":\"https:\\\/\\\/spaakcesoria.pl\\\/index.php\\\/produkt\\\/ampulki-janssen-eye-flash-fluid-ampulka-rewitalizujaca-okolice-oczu-25x15ml\\\/#primaryimage\"},\"thumbnailUrl\":\"https:\\\/\\\/spaakcesoria.pl\\\/wp-content\\\/uploads\\\/2022\\\/12\\\/ztnamp-eye-25.jpeg\",\"datePublished\":\"2022-12-27T10:21:37+00:00\",\"dateModified\":\"2026-02-03T18:58:54+00:00\",\"description\":\"Ampu\u0142ki Janssen Eye Flash Fluid ampu\u0142ka rewitalizuj\u0105ca okolice oczu 25x1,5ml\",\"breadcrumb\":{\"@id\":\"https:\\\/\\\/spaakcesoria.pl\\\/index.php\\\/produkt\\\/ampulki-janssen-eye-flash-fluid-ampulka-rewitalizujaca-okolice-oczu-25x15ml\\\/#breadcrumb\"},\"inLanguage\":\"pl-PL\",\"potentialAction\":[{\"@type\":\"ReadAction\",\"target\":[\"https:\\\/\\\/spaakcesoria.pl\\\/index.php\\\/produkt\\\/ampulki-janssen-eye-flash-fluid-ampulka-rewitalizujaca-okolice-oczu-25x15ml\\\/\"]}]},{\"@type\":\"ImageObject\",\"inLanguage\":\"pl-PL\",\"@id\":\"https:\\\/\\\/spaakcesoria.pl\\\/index.php\\\/produkt\\\/ampulki-janssen-eye-flash-fluid-ampulka-rewitalizujaca-okolice-oczu-25x15ml\\\/#primaryimage\",\"url\":\"https:\\\/\\\/spaakcesoria.pl\\\/wp-content\\\/uploads\\\/2022\\\/12\\\/ztnamp-eye-25.jpeg\",\"contentUrl\":\"https:\\\/\\\/spaakcesoria.pl\\\/wp-content\\\/uploads\\\/2022\\\/12\\\/ztnamp-eye-25.jpeg\",\"width\":400,\"height\":400},{\"@type\":\"BreadcrumbList\",\"@id\":\"https:\\\/\\\/spaakcesoria.pl\\\/index.php\\\/produkt\\\/ampulki-janssen-eye-flash-fluid-ampulka-rewitalizujaca-okolice-oczu-25x15ml\\\/#breadcrumb\",\"itemListElement\":[{\"@type\":\"ListItem\",\"position\":1,\"name\":\"Strona g\u0142\u00f3wna\",\"item\":\"https:\\\/\\\/spaakcesoria.pl\\\/\"},{\"@type\":\"ListItem\",\"position\":2,\"name\":\"Sklep\",\"item\":\"https:\\\/\\\/spaakcesoria.pl\\\/index.php\\\/sklep\\\/\"},{\"@type\":\"ListItem\",\"position\":3,\"name\":\"Ampu\u0142ki Janssen Eye Flash Fluid ampu\u0142ka rewitalizuj\u0105ca okolice oczu 25&#215;1,5ml\"}]},{\"@type\":\"WebSite\",\"@id\":\"https:\\\/\\\/spaakcesoria.pl\\\/#website\",\"url\":\"https:\\\/\\\/spaakcesoria.pl\\\/\",\"name\":\"\",\"description\":\"\",\"potentialAction\":[{\"@type\":\"SearchAction\",\"target\":{\"@type\":\"EntryPoint\",\"urlTemplate\":\"https:\\\/\\\/spaakcesoria.pl\\\/?s={search_term_string}\"},\"query-input\":{\"@type\":\"PropertyValueSpecification\",\"valueRequired\":true,\"valueName\":\"search_term_string\"}}],\"inLanguage\":\"pl-PL\"}]}<\/script>\n<!-- \/ Yoast SEO plugin. -->","yoast_head_json":{"title":"Ampu\u0142ki Janssen Eye Flash Fluid ampu\u0142ka rewitalizuj\u0105ca okolice oczu 25x1,5ml -","description":"Ampu\u0142ki Janssen Eye Flash Fluid ampu\u0142ka rewitalizuj\u0105ca okolice oczu 25x1,5ml","robots":{"index":"index","follow":"follow","max-snippet":"max-snippet:-1","max-image-preview":"max-image-preview:large","max-video-preview":"max-video-preview:-1"},"canonical":"https:\/\/spaakcesoria.pl\/index.php\/produkt\/ampulki-janssen-eye-flash-fluid-ampulka-rewitalizujaca-okolice-oczu-25x15ml\/","og_locale":"pl_PL","og_type":"article","og_title":"Ampu\u0142ki Janssen Eye Flash Fluid ampu\u0142ka rewitalizuj\u0105ca okolice oczu 25x1,5ml -","og_description":"Ampu\u0142ki Janssen Eye Flash Fluid ampu\u0142ka rewitalizuj\u0105ca okolice oczu 25x1,5ml","og_url":"https:\/\/spaakcesoria.pl\/index.php\/produkt\/ampulki-janssen-eye-flash-fluid-ampulka-rewitalizujaca-okolice-oczu-25x15ml\/","article_modified_time":"2026-02-03T18:58:54+00:00","og_image":[{"width":400,"height":400,"url":"https:\/\/spaakcesoria.pl\/wp-content\/uploads\/2022\/12\/ztnamp-eye-25.jpeg","type":"image\/jpeg"}],"twitter_card":"summary_large_image","twitter_misc":{"Szacowany czas czytania":"2 minuty"},"schema":{"@context":"https:\/\/schema.org","@graph":[{"@type":"WebPage","@id":"https:\/\/spaakcesoria.pl\/index.php\/produkt\/ampulki-janssen-eye-flash-fluid-ampulka-rewitalizujaca-okolice-oczu-25x15ml\/","url":"https:\/\/spaakcesoria.pl\/index.php\/produkt\/ampulki-janssen-eye-flash-fluid-ampulka-rewitalizujaca-okolice-oczu-25x15ml\/","name":"Ampu\u0142ki Janssen Eye Flash Fluid ampu\u0142ka rewitalizuj\u0105ca okolice oczu 25x1,5ml -","isPartOf":{"@id":"https:\/\/spaakcesoria.pl\/#website"},"primaryImageOfPage":{"@id":"https:\/\/spaakcesoria.pl\/index.php\/produkt\/ampulki-janssen-eye-flash-fluid-ampulka-rewitalizujaca-okolice-oczu-25x15ml\/#primaryimage"},"image":{"@id":"https:\/\/spaakcesoria.pl\/index.php\/produkt\/ampulki-janssen-eye-flash-fluid-ampulka-rewitalizujaca-okolice-oczu-25x15ml\/#primaryimage"},"thumbnailUrl":"https:\/\/spaakcesoria.pl\/wp-content\/uploads\/2022\/12\/ztnamp-eye-25.jpeg","datePublished":"2022-12-27T10:21:37+00:00","dateModified":"2026-02-03T18:58:54+00:00","description":"Ampu\u0142ki Janssen Eye Flash Fluid ampu\u0142ka rewitalizuj\u0105ca okolice oczu 25x1,5ml","breadcrumb":{"@id":"https:\/\/spaakcesoria.pl\/index.php\/produkt\/ampulki-janssen-eye-flash-fluid-ampulka-rewitalizujaca-okolice-oczu-25x15ml\/#breadcrumb"},"inLanguage":"pl-PL","potentialAction":[{"@type":"ReadAction","target":["https:\/\/spaakcesoria.pl\/index.php\/produkt\/ampulki-janssen-eye-flash-fluid-ampulka-rewitalizujaca-okolice-oczu-25x15ml\/"]}]},{"@type":"ImageObject","inLanguage":"pl-PL","@id":"https:\/\/spaakcesoria.pl\/index.php\/produkt\/ampulki-janssen-eye-flash-fluid-ampulka-rewitalizujaca-okolice-oczu-25x15ml\/#primaryimage","url":"https:\/\/spaakcesoria.pl\/wp-content\/uploads\/2022\/12\/ztnamp-eye-25.jpeg","contentUrl":"https:\/\/spaakcesoria.pl\/wp-content\/uploads\/2022\/12\/ztnamp-eye-25.jpeg","width":400,"height":400},{"@type":"BreadcrumbList","@id":"https:\/\/spaakcesoria.pl\/index.php\/produkt\/ampulki-janssen-eye-flash-fluid-ampulka-rewitalizujaca-okolice-oczu-25x15ml\/#breadcrumb","itemListElement":[{"@type":"ListItem","position":1,"name":"Strona g\u0142\u00f3wna","item":"https:\/\/spaakcesoria.pl\/"},{"@type":"ListItem","position":2,"name":"Sklep","item":"https:\/\/spaakcesoria.pl\/index.php\/sklep\/"},{"@type":"ListItem","position":3,"name":"Ampu\u0142ki Janssen Eye Flash Fluid ampu\u0142ka rewitalizuj\u0105ca okolice oczu 25&#215;1,5ml"}]},{"@type":"WebSite","@id":"https:\/\/spaakcesoria.pl\/#website","url":"https:\/\/spaakcesoria.pl\/","name":"","description":"","potentialAction":[{"@type":"SearchAction","target":{"@type":"EntryPoint","urlTemplate":"https:\/\/spaakcesoria.pl\/?s={search_term_string}"},"query-input":{"@type":"PropertyValueSpecification","valueRequired":true,"valueName":"search_term_string"}}],"inLanguage":"pl-PL"}]}},"_links":{"self":[{"href":"https:\/\/spaakcesoria.pl\/index.php\/wp-json\/wp\/v2\/product\/2552","targetHints":{"allow":["GET"]}}],"collection":[{"href":"https:\/\/spaakcesoria.pl\/index.php\/wp-json\/wp\/v2\/product"}],"about":[{"href":"https:\/\/spaakcesoria.pl\/index.php\/wp-json\/wp\/v2\/types\/product"}],"version-history":[{"count":2,"href":"https:\/\/spaakcesoria.pl\/index.php\/wp-json\/wp\/v2\/product\/2552\/revisions"}],"predecessor-version":[{"id":2617,"href":"https:\/\/spaakcesoria.pl\/index.php\/wp-json\/wp\/v2\/product\/2552\/revisions\/2617"}],"wp:featuredmedia":[{"embeddable":true,"href":"https:\/\/spaakcesoria.pl\/index.php\/wp-json\/wp\/v2\/media\/2553"}],"wp:attachment":[{"href":"https:\/\/spaakcesoria.pl\/index.php\/wp-json\/wp\/v2\/media?parent=2552"}],"wp:term":[{"taxonomy":"product_brand","embeddable":true,"href":"https:\/\/spaakcesoria.pl\/index.php\/wp-json\/wp\/v2\/product_brand?post=2552"},{"taxonomy":"product_cat","embeddable":true,"href":"https:\/\/spaakcesoria.pl\/index.php\/wp-json\/wp\/v2\/product_cat?post=2552"},{"taxonomy":"product_tag","embeddable":true,"href":"https:\/\/spaakcesoria.pl\/index.php\/wp-json\/wp\/v2\/product_tag?post=2552"}],"curies":[{"name":"wp","href":"https:\/\/api.w.org\/{rel}","templated":true}]}}