{"id":2555,"date":"2022-12-27T12:02:54","date_gmt":"2022-12-27T11:02:54","guid":{"rendered":"https:\/\/spaakcesoria.pl\/?post_type=product&#038;p=2555"},"modified":"2026-02-03T19:58:26","modified_gmt":"2026-02-03T18:58:26","slug":"ampulki-amino-acids-kompleks-aminokwasow-institute-bcn-10-x-2ml","status":"publish","type":"product","link":"https:\/\/spaakcesoria.pl\/index.php\/produkt\/ampulki-amino-acids-kompleks-aminokwasow-institute-bcn-10-x-2ml\/","title":{"rendered":"Ampu\u0142ki Amino Acids kompleks aminokwas\u00f3w Institute BCN 10 x 2ml"},"content":{"rendered":"<h2 class=\"p1\">Ampu\u0142ki Amino Acids kompleks aminokwas\u00f3w Institute BCN 10 x 2ml<\/h2>\n<p>Producent: Institute BCN<\/p>\n<p>Opakowanie: 10 ampu\u0142ek x 2 ml<\/p>\n<h4>Aminokwasy to organiczne zwi\u0105zki zawieraj\u0105ce zasadow\u0105 grup\u0119 aminowa NH2 oraz kwasow\u0105 grup\u0119 karboksylow\u0105 COOH.<br \/>\nS\u0105 tzw. solami wewn\u0119trznymi (amfolitami).<br \/>\nAminokwasy s\u0105 te\u017c podstawowym elementem strukturalnym protein otrzymywanych w wyniku ich hydrolizy.<br \/>\nZnanych jest 300 aminokwas\u00f3w wyst\u0119puj\u0105cych naturalnie. S\u0105 podstawowym budulcem peptyd\u00f3w i bia\u0142ek. Zazwyczaj rozpuszczalne w wodzie natomiast nie rozpuszczalne w t\u0142uszczach a w warunkach fizjologicznego pH s\u0105 zjonizowane.<br \/>\nAminokwasy s\u0105 bardzo dobrze przyswajalne przez nask\u00f3rek i wykazuj\u0105 du\u017c\u0105 zdolno\u015b\u0107 zatrzymywania wody w sk\u00f3rze (s\u0105 sk\u0142adnikiem NMF \u2013 Natural Moisturizing Factor).<br \/>\nOpr\u00f3cz dzia\u0142ania typowo nawil\u017caj\u0105cego pot\u0119guj\u0105 w\u0142a\u015bciwo\u015bci innych sk\u0142adnik\u00f3w NMF.<br \/>\nDzi\u0119ki zdolno\u015bci wi\u0105zania wody w swojej strukturze proteiny s\u0105 doskona\u0142ymi nawil\u017caczami, dzia\u0142aj\u0105 napinaj\u0105co i wyg\u0142adzaj\u0105co, jednak w odr\u00f3\u017cnieniu od gliceryny pozostaj\u0105 na powierzchni sk\u00f3ry tworz\u0105c wilgotny mikrofilm.<br \/>\nS\u0105 r\u00f3wnie\u017c sk\u0142adnikami od\u017cywczymi, wp\u0142ywaj\u0105cymi na wzrost kolagenu w sk\u00f3rze.<br \/>\nPreparat Aminoacid zawiera nast\u0119puj\u0105ce aminokwasy:<br \/>\nAlanine, Arginine, kwas asparaginowy, cystyne, kwas glutaminowy, glicyn\u0119, histydyn\u0119, izoleucyn\u0119, lizyn\u0119, fenyloalanin\u0119, prolin\u0119, seryn\u0119, tauryn\u0119.<\/h4>\n<h4><strong>Przeznaczenie:<\/strong><br \/>\n&#8211; Sucho\u015b\u0107 sk\u00f3ry<br \/>\n&#8211; Zmarszczki<br \/>\n&#8211; Wiotko\u015b\u0107 sk\u00f3ry<br \/>\n&#8211; Rozst\u0119py<br \/>\n&#8211; Blizny<br \/>\n&#8211; Cellulit<br \/>\n&#8211; Regeneracja i od\u017cywienie sk\u00f3ry<\/h4>\n<h4><strong>Sk\u0142ad:<\/strong><br \/>\n&#8211; glutamina 0,05 %<br \/>\n&#8211; alanina 0,032 %<br \/>\n&#8211; arginina 0,031 %<br \/>\n&#8211; lizyna 0,031 %<br \/>\n&#8211; histydyna 0,2%<br \/>\n&#8211; leucyna 0,02 %<br \/>\n&#8211; treonina 0,019 %<br \/>\n&#8211; izoleucyna 0,018 %<br \/>\n&#8211; phenyloalanina 0,017 %<br \/>\n&#8211; tyrozyna 0,016 %<br \/>\n&#8211; glicyna 0,014 %<br \/>\n&#8211; seryna 0,011 %<br \/>\n&#8211; kwas asparginowy 0,01 %<br \/>\n&#8211; prolina 0,006%<br \/>\n&#8211; tauryna 0,004 %<\/h4>\n<h4>Przeciwwskazania:<br \/>\nNie stosowa\u0107 podczas ci\u0105\u017cy i karmienia\u00a0 piersi\u0105.<\/h4>\n<h4>INCI:<br \/>\nAqua, Glutamine, Alanine, Arginine, Lysine, Histidine, Leucine, Threonine, Isoleucine, Phenylalanine, Tyrosine, Glycine, Serine, Aspartic Acid, Proline, Taurine.<\/h4>\n<h4><\/h4>\n","protected":false},"excerpt":{"rendered":"<p class=\"p1\">Ampu\u0142ki Amino Acids kompleks aminokwas\u00f3w Institute BCN 10 x 2ml<\/p>\n","protected":false},"featured_media":2556,"template":"","meta":{"_monsterinsights_skip_tracking":false,"_monsterinsights_sitenote_active":false,"_monsterinsights_sitenote_note":"","_monsterinsights_sitenote_category":0},"product_brand":[],"product_cat":[322,22],"product_tag":[455,457,456],"class_list":{"0":"post-2555","1":"product","2":"type-product","3":"status-publish","4":"has-post-thumbnail","6":"product_cat-ampulki","7":"product_cat-kosmetyki","8":"product_tag-ampulki-amino-acids","9":"product_tag-institute-bcn","10":"product_tag-kompleks-aminokwasow","12":"first","13":"outofstock","14":"taxable","15":"shipping-taxable","16":"purchasable","17":"product-type-simple"},"yoast_head":"<!-- This site is optimized with the Yoast SEO plugin v27.4 - https:\/\/yoast.com\/product\/yoast-seo-wordpress\/ -->\n<title>Ampu\u0142ki Amino Acids kompleks aminokwas\u00f3w Institute BCN 10 x 2ml -<\/title>\n<meta name=\"description\" content=\"Ampu\u0142ki Amino Acids kompleks aminokwas\u00f3w Institute BCN 10 x 2ml\" \/>\n<meta name=\"robots\" content=\"index, follow, max-snippet:-1, max-image-preview:large, max-video-preview:-1\" \/>\n<link rel=\"canonical\" href=\"https:\/\/spaakcesoria.pl\/index.php\/produkt\/ampulki-amino-acids-kompleks-aminokwasow-institute-bcn-10-x-2ml\/\" \/>\n<meta property=\"og:locale\" content=\"pl_PL\" \/>\n<meta property=\"og:type\" content=\"article\" \/>\n<meta property=\"og:title\" content=\"Ampu\u0142ki Amino Acids kompleks aminokwas\u00f3w Institute BCN 10 x 2ml -\" \/>\n<meta property=\"og:description\" content=\"Ampu\u0142ki Amino Acids kompleks aminokwas\u00f3w Institute BCN 10 x 2ml\" \/>\n<meta property=\"og:url\" content=\"https:\/\/spaakcesoria.pl\/index.php\/produkt\/ampulki-amino-acids-kompleks-aminokwasow-institute-bcn-10-x-2ml\/\" \/>\n<meta property=\"article:modified_time\" content=\"2026-02-03T18:58:26+00:00\" \/>\n<meta property=\"og:image\" content=\"https:\/\/spaakcesoria.pl\/wp-content\/uploads\/2022\/12\/ztnamp-amino-acids-10.jpeg\" \/>\n\t<meta property=\"og:image:width\" content=\"400\" \/>\n\t<meta property=\"og:image:height\" content=\"400\" \/>\n\t<meta property=\"og:image:type\" content=\"image\/jpeg\" \/>\n<meta name=\"twitter:card\" content=\"summary_large_image\" \/>\n<meta name=\"twitter:label1\" content=\"Szacowany czas czytania\" \/>\n\t<meta name=\"twitter:data1\" content=\"2 minuty\" \/>\n<script type=\"application\/ld+json\" class=\"yoast-schema-graph\">{\"@context\":\"https:\\\/\\\/schema.org\",\"@graph\":[{\"@type\":\"WebPage\",\"@id\":\"https:\\\/\\\/spaakcesoria.pl\\\/index.php\\\/produkt\\\/ampulki-amino-acids-kompleks-aminokwasow-institute-bcn-10-x-2ml\\\/\",\"url\":\"https:\\\/\\\/spaakcesoria.pl\\\/index.php\\\/produkt\\\/ampulki-amino-acids-kompleks-aminokwasow-institute-bcn-10-x-2ml\\\/\",\"name\":\"Ampu\u0142ki Amino Acids kompleks aminokwas\u00f3w Institute BCN 10 x 2ml -\",\"isPartOf\":{\"@id\":\"https:\\\/\\\/spaakcesoria.pl\\\/#website\"},\"primaryImageOfPage\":{\"@id\":\"https:\\\/\\\/spaakcesoria.pl\\\/index.php\\\/produkt\\\/ampulki-amino-acids-kompleks-aminokwasow-institute-bcn-10-x-2ml\\\/#primaryimage\"},\"image\":{\"@id\":\"https:\\\/\\\/spaakcesoria.pl\\\/index.php\\\/produkt\\\/ampulki-amino-acids-kompleks-aminokwasow-institute-bcn-10-x-2ml\\\/#primaryimage\"},\"thumbnailUrl\":\"https:\\\/\\\/spaakcesoria.pl\\\/wp-content\\\/uploads\\\/2022\\\/12\\\/ztnamp-amino-acids-10.jpeg\",\"datePublished\":\"2022-12-27T11:02:54+00:00\",\"dateModified\":\"2026-02-03T18:58:26+00:00\",\"description\":\"Ampu\u0142ki Amino Acids kompleks aminokwas\u00f3w Institute BCN 10 x 2ml\",\"breadcrumb\":{\"@id\":\"https:\\\/\\\/spaakcesoria.pl\\\/index.php\\\/produkt\\\/ampulki-amino-acids-kompleks-aminokwasow-institute-bcn-10-x-2ml\\\/#breadcrumb\"},\"inLanguage\":\"pl-PL\",\"potentialAction\":[{\"@type\":\"ReadAction\",\"target\":[\"https:\\\/\\\/spaakcesoria.pl\\\/index.php\\\/produkt\\\/ampulki-amino-acids-kompleks-aminokwasow-institute-bcn-10-x-2ml\\\/\"]}]},{\"@type\":\"ImageObject\",\"inLanguage\":\"pl-PL\",\"@id\":\"https:\\\/\\\/spaakcesoria.pl\\\/index.php\\\/produkt\\\/ampulki-amino-acids-kompleks-aminokwasow-institute-bcn-10-x-2ml\\\/#primaryimage\",\"url\":\"https:\\\/\\\/spaakcesoria.pl\\\/wp-content\\\/uploads\\\/2022\\\/12\\\/ztnamp-amino-acids-10.jpeg\",\"contentUrl\":\"https:\\\/\\\/spaakcesoria.pl\\\/wp-content\\\/uploads\\\/2022\\\/12\\\/ztnamp-amino-acids-10.jpeg\",\"width\":400,\"height\":400},{\"@type\":\"BreadcrumbList\",\"@id\":\"https:\\\/\\\/spaakcesoria.pl\\\/index.php\\\/produkt\\\/ampulki-amino-acids-kompleks-aminokwasow-institute-bcn-10-x-2ml\\\/#breadcrumb\",\"itemListElement\":[{\"@type\":\"ListItem\",\"position\":1,\"name\":\"Strona g\u0142\u00f3wna\",\"item\":\"https:\\\/\\\/spaakcesoria.pl\\\/\"},{\"@type\":\"ListItem\",\"position\":2,\"name\":\"Sklep\",\"item\":\"https:\\\/\\\/spaakcesoria.pl\\\/index.php\\\/sklep\\\/\"},{\"@type\":\"ListItem\",\"position\":3,\"name\":\"Ampu\u0142ki Amino Acids kompleks aminokwas\u00f3w Institute BCN 10 x 2ml\"}]},{\"@type\":\"WebSite\",\"@id\":\"https:\\\/\\\/spaakcesoria.pl\\\/#website\",\"url\":\"https:\\\/\\\/spaakcesoria.pl\\\/\",\"name\":\"\",\"description\":\"\",\"potentialAction\":[{\"@type\":\"SearchAction\",\"target\":{\"@type\":\"EntryPoint\",\"urlTemplate\":\"https:\\\/\\\/spaakcesoria.pl\\\/?s={search_term_string}\"},\"query-input\":{\"@type\":\"PropertyValueSpecification\",\"valueRequired\":true,\"valueName\":\"search_term_string\"}}],\"inLanguage\":\"pl-PL\"}]}<\/script>\n<!-- \/ Yoast SEO plugin. -->","yoast_head_json":{"title":"Ampu\u0142ki Amino Acids kompleks aminokwas\u00f3w Institute BCN 10 x 2ml -","description":"Ampu\u0142ki Amino Acids kompleks aminokwas\u00f3w Institute BCN 10 x 2ml","robots":{"index":"index","follow":"follow","max-snippet":"max-snippet:-1","max-image-preview":"max-image-preview:large","max-video-preview":"max-video-preview:-1"},"canonical":"https:\/\/spaakcesoria.pl\/index.php\/produkt\/ampulki-amino-acids-kompleks-aminokwasow-institute-bcn-10-x-2ml\/","og_locale":"pl_PL","og_type":"article","og_title":"Ampu\u0142ki Amino Acids kompleks aminokwas\u00f3w Institute BCN 10 x 2ml -","og_description":"Ampu\u0142ki Amino Acids kompleks aminokwas\u00f3w Institute BCN 10 x 2ml","og_url":"https:\/\/spaakcesoria.pl\/index.php\/produkt\/ampulki-amino-acids-kompleks-aminokwasow-institute-bcn-10-x-2ml\/","article_modified_time":"2026-02-03T18:58:26+00:00","og_image":[{"width":400,"height":400,"url":"https:\/\/spaakcesoria.pl\/wp-content\/uploads\/2022\/12\/ztnamp-amino-acids-10.jpeg","type":"image\/jpeg"}],"twitter_card":"summary_large_image","twitter_misc":{"Szacowany czas czytania":"2 minuty"},"schema":{"@context":"https:\/\/schema.org","@graph":[{"@type":"WebPage","@id":"https:\/\/spaakcesoria.pl\/index.php\/produkt\/ampulki-amino-acids-kompleks-aminokwasow-institute-bcn-10-x-2ml\/","url":"https:\/\/spaakcesoria.pl\/index.php\/produkt\/ampulki-amino-acids-kompleks-aminokwasow-institute-bcn-10-x-2ml\/","name":"Ampu\u0142ki Amino Acids kompleks aminokwas\u00f3w Institute BCN 10 x 2ml -","isPartOf":{"@id":"https:\/\/spaakcesoria.pl\/#website"},"primaryImageOfPage":{"@id":"https:\/\/spaakcesoria.pl\/index.php\/produkt\/ampulki-amino-acids-kompleks-aminokwasow-institute-bcn-10-x-2ml\/#primaryimage"},"image":{"@id":"https:\/\/spaakcesoria.pl\/index.php\/produkt\/ampulki-amino-acids-kompleks-aminokwasow-institute-bcn-10-x-2ml\/#primaryimage"},"thumbnailUrl":"https:\/\/spaakcesoria.pl\/wp-content\/uploads\/2022\/12\/ztnamp-amino-acids-10.jpeg","datePublished":"2022-12-27T11:02:54+00:00","dateModified":"2026-02-03T18:58:26+00:00","description":"Ampu\u0142ki Amino Acids kompleks aminokwas\u00f3w Institute BCN 10 x 2ml","breadcrumb":{"@id":"https:\/\/spaakcesoria.pl\/index.php\/produkt\/ampulki-amino-acids-kompleks-aminokwasow-institute-bcn-10-x-2ml\/#breadcrumb"},"inLanguage":"pl-PL","potentialAction":[{"@type":"ReadAction","target":["https:\/\/spaakcesoria.pl\/index.php\/produkt\/ampulki-amino-acids-kompleks-aminokwasow-institute-bcn-10-x-2ml\/"]}]},{"@type":"ImageObject","inLanguage":"pl-PL","@id":"https:\/\/spaakcesoria.pl\/index.php\/produkt\/ampulki-amino-acids-kompleks-aminokwasow-institute-bcn-10-x-2ml\/#primaryimage","url":"https:\/\/spaakcesoria.pl\/wp-content\/uploads\/2022\/12\/ztnamp-amino-acids-10.jpeg","contentUrl":"https:\/\/spaakcesoria.pl\/wp-content\/uploads\/2022\/12\/ztnamp-amino-acids-10.jpeg","width":400,"height":400},{"@type":"BreadcrumbList","@id":"https:\/\/spaakcesoria.pl\/index.php\/produkt\/ampulki-amino-acids-kompleks-aminokwasow-institute-bcn-10-x-2ml\/#breadcrumb","itemListElement":[{"@type":"ListItem","position":1,"name":"Strona g\u0142\u00f3wna","item":"https:\/\/spaakcesoria.pl\/"},{"@type":"ListItem","position":2,"name":"Sklep","item":"https:\/\/spaakcesoria.pl\/index.php\/sklep\/"},{"@type":"ListItem","position":3,"name":"Ampu\u0142ki Amino Acids kompleks aminokwas\u00f3w Institute BCN 10 x 2ml"}]},{"@type":"WebSite","@id":"https:\/\/spaakcesoria.pl\/#website","url":"https:\/\/spaakcesoria.pl\/","name":"","description":"","potentialAction":[{"@type":"SearchAction","target":{"@type":"EntryPoint","urlTemplate":"https:\/\/spaakcesoria.pl\/?s={search_term_string}"},"query-input":{"@type":"PropertyValueSpecification","valueRequired":true,"valueName":"search_term_string"}}],"inLanguage":"pl-PL"}]}},"_links":{"self":[{"href":"https:\/\/spaakcesoria.pl\/index.php\/wp-json\/wp\/v2\/product\/2555","targetHints":{"allow":["GET"]}}],"collection":[{"href":"https:\/\/spaakcesoria.pl\/index.php\/wp-json\/wp\/v2\/product"}],"about":[{"href":"https:\/\/spaakcesoria.pl\/index.php\/wp-json\/wp\/v2\/types\/product"}],"version-history":[{"count":1,"href":"https:\/\/spaakcesoria.pl\/index.php\/wp-json\/wp\/v2\/product\/2555\/revisions"}],"predecessor-version":[{"id":2557,"href":"https:\/\/spaakcesoria.pl\/index.php\/wp-json\/wp\/v2\/product\/2555\/revisions\/2557"}],"wp:featuredmedia":[{"embeddable":true,"href":"https:\/\/spaakcesoria.pl\/index.php\/wp-json\/wp\/v2\/media\/2556"}],"wp:attachment":[{"href":"https:\/\/spaakcesoria.pl\/index.php\/wp-json\/wp\/v2\/media?parent=2555"}],"wp:term":[{"taxonomy":"product_brand","embeddable":true,"href":"https:\/\/spaakcesoria.pl\/index.php\/wp-json\/wp\/v2\/product_brand?post=2555"},{"taxonomy":"product_cat","embeddable":true,"href":"https:\/\/spaakcesoria.pl\/index.php\/wp-json\/wp\/v2\/product_cat?post=2555"},{"taxonomy":"product_tag","embeddable":true,"href":"https:\/\/spaakcesoria.pl\/index.php\/wp-json\/wp\/v2\/product_tag?post=2555"}],"curies":[{"name":"wp","href":"https:\/\/api.w.org\/{rel}","templated":true}]}}