{"id":2560,"date":"2023-02-25T19:21:49","date_gmt":"2023-02-25T18:21:49","guid":{"rendered":"https:\/\/spaakcesoria.pl\/?post_type=product&#038;p=2560"},"modified":"2025-04-23T18:13:22","modified_gmt":"2025-04-23T16:13:22","slug":"czysciwo-dako-cl-uniwersalne-wiskozowo-poliestrowe-rulon-300-szt","status":"publish","type":"product","link":"https:\/\/spaakcesoria.pl\/index.php\/produkt\/czysciwo-dako-cl-uniwersalne-wiskozowo-poliestrowe-rulon-300-szt\/","title":{"rendered":"Czy\u015bciwo DAKO Cl 300 &#8211; Uniwersalne \/ wiskozowo-poliestrowe \/ Rulon 300 szt."},"content":{"rendered":"<h2>Czy\u015bciwo DAKO Cl &#8211; Uniwersalne \/ wiskozowo-poliestrowe \/ Rulon 300 listk\u00f3w<\/h2>\n<h4><strong><span style=\"color: #800080;\">Zapytania prosimy kierowa\u0107 na adres:\u00a0<\/span><\/strong> \u00a0 \u00a0<a href=\"mailto:spaakcesoria@gmail.com\">spaakcesoria@gmail.com\u00a0<\/a><\/h4>\n<p>&nbsp;<\/p>\n<div class=\"page\" title=\"Page 3\">\n<div class=\"section\">\n<div class=\"layoutArea\">\n<div class=\"column\">\n<h4><span style=\"color: #0000ff;\">CZY\u015aCIWO\u00a0 WIELOZADANIOWE DAKO CL\u00a0 stosowane jest w:<\/span><\/h4>\n<p>&nbsp;<\/p>\n<ul>\n<li>\n<h4><span style=\"color: #0000ff;\">Przemy\u015ble Spo\u017cywczym,<\/span><\/h4>\n<\/li>\n<li>\n<h4><span style=\"color: #0000ff;\">Przemy\u015ble Farmaceutycznym,<\/span><\/h4>\n<\/li>\n<li>\n<h4><span style=\"color: #0000ff;\">Przemy\u015ble Medycznym<\/span><\/h4>\n<\/li>\n<li>\n<h4><span style=\"color: #0000ff;\">Przemy\u015ble Elektronicznym<\/span><\/h4>\n<\/li>\n<li>\n<h4><span style=\"color: #0000ff;\">Horeca<\/span><\/h4>\n<\/li>\n<li>\n<h4><span style=\"color: #0000ff;\">Przemys\u0142 Ci\u0119\u017cki i Metalowy<\/span><\/h4>\n<\/li>\n<li>\n<h4><span style=\"color: #0000ff;\">Firmy Sprz\u0105taj\u0105ce<\/span><\/h4>\n<\/li>\n<\/ul>\n<h4>DAKO CL to uniwersalne czys\u0301ciwo wielozadaniowe wiskozowo-poliestrowe o wysokim stopniu ch\u0142onnos\u0301ci i wytrzyma\u0142os\u0301ci, przeznaczone do czyszczenia wszelkich powierzchni i zabrudzen\u0301.<\/h4>\n<h4>Specjalna struktura splotu w\u0142o\u0301kien podnosi skutecznos\u0301c\u0301 i ekonomicznos\u0301c\u0301 wykorzystania czys\u0301ciwa.<\/h4>\n<h4>Czys\u0301ciwo DAKO CL nie zawiera celulozy, przez co moz\u0307e byc\u0301 wykorzystywane wielokrotnie w procesach pomocniczych utrzymania rez\u0307imu technologicznego. Elastyczny materia\u0142 u\u0142atwia czyszczenie trudno doste\u0328pnych miejsc.<\/h4>\n<p>&nbsp;<\/p>\n<p><img fetchpriority=\"high\" decoding=\"async\" class=\" wp-image-2562 aligncenter\" src=\"https:\/\/spaakcesoria.pl\/wp-content\/uploads\/2023\/02\/1Classic-1024x683-1-300x200.png\" alt=\"\" width=\"367\" height=\"244\" srcset=\"https:\/\/spaakcesoria.pl\/wp-content\/uploads\/2023\/02\/1Classic-1024x683-1-300x200.png 300w, https:\/\/spaakcesoria.pl\/wp-content\/uploads\/2023\/02\/1Classic-1024x683-1-768x512.png 768w, https:\/\/spaakcesoria.pl\/wp-content\/uploads\/2023\/02\/1Classic-1024x683-1-600x400.png 600w, https:\/\/spaakcesoria.pl\/wp-content\/uploads\/2023\/02\/1Classic-1024x683-1-240x160.png 240w, https:\/\/spaakcesoria.pl\/wp-content\/uploads\/2023\/02\/1Classic-1024x683-1-416x277.png 416w, https:\/\/spaakcesoria.pl\/wp-content\/uploads\/2023\/02\/1Classic-1024x683-1.png 1024w\" sizes=\"(max-width: 367px) 100vw, 367px\" \/><\/p>\n<h4 class=\"western\"><span style=\"color: #ff0000;\"><strong>W\u0142a\u015bciwo\u015bci czy\u015bciwa DAKO CL:<\/strong><\/span><\/h4>\n<h4><span style=\"color: #ff0000;\">&#8211; bardzo mocne,<\/span><br \/>\n<span style=\"color: #ff0000;\">&#8211; idealnie wch\u0142ania i usuwa zabrudzenia,<\/span><br \/>\n<span style=\"color: #ff0000;\">&#8211; nie rysuje czyszczonej powierzchni,<\/span><br \/>\n<span style=\"color: #ff0000;\">&#8211; mie\u0328kkie,<\/span><br \/>\n<span style=\"color: #ff0000;\">&#8211; moz\u0307na stosowac\u0301 z roztworami na bazie wody oraz roztworami organicznymi,<\/span><br \/>\n<span style=\"color: #ff0000;\">&#8211; posiada atest PZH,<\/span><br \/>\n<span style=\"color: #ff0000;\">&#8211; kolor bia\u0142y.<\/span><\/h4>\n<p>&nbsp;<\/p>\n<div class=\"page\" title=\"Page 3\">\n<div class=\"section\">\n<div class=\"layoutArea\">\n<div class=\"column\">\n<p><img decoding=\"async\" class=\"size-medium wp-image-2563 aligncenter\" src=\"https:\/\/spaakcesoria.pl\/wp-content\/uploads\/2023\/02\/Zrzut-ekranu-2023-02-23-o-16.39.34-300x232.png\" alt=\"\" width=\"300\" height=\"232\" srcset=\"https:\/\/spaakcesoria.pl\/wp-content\/uploads\/2023\/02\/Zrzut-ekranu-2023-02-23-o-16.39.34-300x232.png 300w, https:\/\/spaakcesoria.pl\/wp-content\/uploads\/2023\/02\/Zrzut-ekranu-2023-02-23-o-16.39.34-207x160.png 207w, https:\/\/spaakcesoria.pl\/wp-content\/uploads\/2023\/02\/Zrzut-ekranu-2023-02-23-o-16.39.34-416x321.png 416w, https:\/\/spaakcesoria.pl\/wp-content\/uploads\/2023\/02\/Zrzut-ekranu-2023-02-23-o-16.39.34.png 553w\" sizes=\"(max-width: 300px) 100vw, 300px\" \/><\/p>\n<div class=\"page\" title=\"Page 3\">\n<div class=\"section\">\n<div class=\"layoutArea\">\n<div class=\"column\">\n<h4 class=\"western\"><strong>Niezbe\u0328dne do czyszczenia:<\/strong><\/h4>\n<h4>&#8211; zachowania higieny osobistej.<br \/>\n&#8211; miejsc pracy,<br \/>\n&#8211; narze\u0328dzi,<br \/>\n&#8211; zachowania higieny osobistej.<\/h4>\n<\/div>\n<\/div>\n<\/div>\n<div class=\"section\">\n<div class=\"layoutArea\">\n<div class=\"column\">\n<div class=\"page\" title=\"Page 3\">\n<div class=\"section\">\n<div class=\"layoutArea\">\n<div class=\"column\">\n<p><img decoding=\"async\" class=\" wp-image-2564 aligncenter\" src=\"https:\/\/spaakcesoria.pl\/wp-content\/uploads\/2023\/02\/Zrzut-ekranu-2023-02-23-o-16.40.38-300x179.png\" alt=\"\" width=\"412\" height=\"246\" srcset=\"https:\/\/spaakcesoria.pl\/wp-content\/uploads\/2023\/02\/Zrzut-ekranu-2023-02-23-o-16.40.38-300x179.png 300w, https:\/\/spaakcesoria.pl\/wp-content\/uploads\/2023\/02\/Zrzut-ekranu-2023-02-23-o-16.40.38-268x160.png 268w, https:\/\/spaakcesoria.pl\/wp-content\/uploads\/2023\/02\/Zrzut-ekranu-2023-02-23-o-16.40.38-416x248.png 416w, https:\/\/spaakcesoria.pl\/wp-content\/uploads\/2023\/02\/Zrzut-ekranu-2023-02-23-o-16.40.38.png 463w\" sizes=\"(max-width: 412px) 100vw, 412px\" \/><\/p>\n<h4 class=\"western\"><strong>Czys\u0301ciwo przemys\u0142owe DAKO CL stosuje sie\u0328 w:<\/strong><\/h4>\n<h4>&#8211; zak\u0142ady farmaceutyczne,<br \/>\n&#8211; przemys\u0142 spoz\u0307ywczy,<br \/>\n&#8211; przemys\u0142 medyczny,<br \/>\n&#8211; przemys\u0142 elektroniczny,<br \/>\n&#8211; high-tech,<br \/>\n&#8211; HORECA,<br \/>\n&#8211; przemys\u0142 metalowy,<br \/>\n&#8211; serwis sprza\u0328taja\u0328cy.<\/h4>\n<p>&nbsp;<\/p>\n<p>&nbsp;<\/p>\n<p><img loading=\"lazy\" decoding=\"async\" class=\" wp-image-2780 aligncenter\" src=\"https:\/\/spaakcesoria.pl\/wp-content\/uploads\/2023\/02\/classic-300x141.png\" alt=\"\" width=\"490\" height=\"231\" srcset=\"https:\/\/spaakcesoria.pl\/wp-content\/uploads\/2023\/02\/classic-300x141.png 300w, https:\/\/spaakcesoria.pl\/wp-content\/uploads\/2023\/02\/classic-600x282.png 600w, https:\/\/spaakcesoria.pl\/wp-content\/uploads\/2023\/02\/classic-280x132.png 280w, https:\/\/spaakcesoria.pl\/wp-content\/uploads\/2023\/02\/classic-416x196.png 416w, https:\/\/spaakcesoria.pl\/wp-content\/uploads\/2023\/02\/classic.png 699w\" sizes=\"(max-width: 490px) 100vw, 490px\" \/><\/p>\n<\/div>\n<\/div>\n<\/div>\n<\/div>\n<h4><\/h4>\n<h4><\/h4>\n<h4><span style=\"color: #800080;\">Opakowanie jednostkowe : Rulon 300 listko\u0301w 29&#215;37 cm, 111 mb<\/span><\/h4>\n<div class=\"page\" title=\"Page 3\">\n<div class=\"section\">\n<div class=\"layoutArea\">\n<div class=\"column\">\n<div class=\"page\" title=\"Page 3\">\n<div class=\"section\">\n<div class=\"layoutArea\">\n<div class=\"column\">\n<h4><strong><span style=\"color: #800080;\">Realizujemy zam\u00f3wienie:\u00a0 <span style=\"color: #0000ff;\">( mo\u017cliwy\u00a0 mix\u00a0 czy\u015bciw)\u00a0<\/span><\/span><\/strong><\/h4>\n<h4><strong><span style=\"color: #800080;\">np. w kartonie\u00a0 mo\u017ce znajdowa\u0107 si\u0119\u00a0 do 8 rulon\u00f3w\u00a0 po 300 szt.\u00a0<\/span><\/strong><\/h4>\n<h4>cena 1 rulonu ( 300 listk\u00f3w\/ 111 mb ) <strong>\u00a0wynosi\u00a0 \u00a078,88 z\u0142 netto<\/strong>\u00a0 \u00a0tj. 97,02 z\u0142 brutto<\/h4>\n<h5 class=\"western\"><span style=\"color: #ff0000;\"><strong>Dla nowych klient\u00f3w pierwsze 3 zam\u00f3wienia z przedp\u0142at\u0105, kolejne zam\u00f3wienia\u00a0 z terminem p\u0142atno\u015bci 14 dni.<\/strong><\/span><\/h5>\n<\/div>\n<\/div>\n<\/div>\n<\/div>\n<p><span style=\"color: #0000ff;\">koszt wysy\u0142ki\u00a0 kartonu &#8211;\u00a0 22,- z\u0142 netto tj. 27,06 z\u0142 brutto<\/span><\/p>\n<h4><strong><span style=\"color: #800080;\">Realizujemy r\u00f3wnie\u017c zam\u00f3wienie w ilo\u015bci: paleta <span style=\"color: #0000ff;\">( mo\u017cliwy mix )<\/span><\/span><\/strong><\/h4>\n<p><span style=\"color: #0000ff;\">koszt wysy\u0142ki\u00a0 palety &#8211;\u00a0 199,- z\u0142 netto tj. 244,77 z\u0142 brutto<\/span><\/p>\n<\/div>\n<\/div>\n<\/div>\n<\/div>\n<\/div>\n<\/div>\n<\/div>\n<\/div>\n<\/div>\n<\/div>\n<\/div>\n<\/div>\n<\/div>\n<\/div>\n<\/div>\n<\/div>\n","protected":false},"excerpt":{"rendered":"<h4>Czy\u015bciwo DAKO Cl &#8211; Uniwersalne \/ wiskozowo-poliestrowe \/ Rulon 300 listk\u00f3w<\/h4>\n","protected":false},"featured_media":2574,"template":"","meta":{"_monsterinsights_skip_tracking":false,"_monsterinsights_sitenote_active":false,"_monsterinsights_sitenote_note":"","_monsterinsights_sitenote_category":0},"product_brand":[],"product_cat":[460,459],"product_tag":[469,468,472,470,471],"class_list":{"0":"post-2560","1":"product","2":"type-product","3":"status-publish","4":"has-post-thumbnail","6":"product_cat-czysciwo-cl","7":"product_cat-czysciwo","8":"product_tag-classic","9":"product_tag-czysciwo-2","10":"product_tag-czysciwo-classic-2","11":"product_tag-czysciwo-uniwersalne","12":"product_tag-czysciwo-wiskozowo-poliestrowe","14":"first","15":"instock","16":"taxable","17":"shipping-taxable","18":"purchasable","19":"product-type-simple"},"yoast_head":"<!-- This site is optimized with the Yoast SEO plugin v27.4 - https:\/\/yoast.com\/product\/yoast-seo-wordpress\/ -->\n<title>Czy\u015bciwo DAKO Cl 300 - Uniwersalne \/ wiskozowo-poliestrowe \/ Rulon 300 szt. -<\/title>\n<meta name=\"description\" content=\"DAKO CL to uniwersalne czys\u0301ciwo wielozadaniowe wiskozowo-poliestrowe o wysokim stopniu ch\u0142onnos\u0301ci i wytrzyma\u0142os\u0301ci, przeznaczone do czyszczenia wszelkich powierzchni i zabrudzen\u0301.\" \/>\n<meta name=\"robots\" content=\"index, follow, max-snippet:-1, max-image-preview:large, max-video-preview:-1\" \/>\n<link rel=\"canonical\" href=\"https:\/\/spaakcesoria.pl\/index.php\/produkt\/czysciwo-dako-cl-uniwersalne-wiskozowo-poliestrowe-rulon-300-szt\/\" \/>\n<meta property=\"og:locale\" content=\"pl_PL\" \/>\n<meta property=\"og:type\" content=\"article\" \/>\n<meta property=\"og:title\" content=\"Czy\u015bciwo DAKO Cl 300 - Uniwersalne \/ wiskozowo-poliestrowe \/ Rulon 300 szt. -\" \/>\n<meta property=\"og:description\" content=\"DAKO CL to uniwersalne czys\u0301ciwo wielozadaniowe wiskozowo-poliestrowe o wysokim stopniu ch\u0142onnos\u0301ci i wytrzyma\u0142os\u0301ci, przeznaczone do czyszczenia wszelkich powierzchni i zabrudzen\u0301.\" \/>\n<meta property=\"og:url\" content=\"https:\/\/spaakcesoria.pl\/index.php\/produkt\/czysciwo-dako-cl-uniwersalne-wiskozowo-poliestrowe-rulon-300-szt\/\" \/>\n<meta property=\"article:modified_time\" content=\"2025-04-23T16:13:22+00:00\" \/>\n<meta property=\"og:image\" content=\"https:\/\/spaakcesoria.pl\/wp-content\/uploads\/2023\/02\/2classic-1024x683-2.png\" \/>\n\t<meta property=\"og:image:width\" content=\"457\" \/>\n\t<meta property=\"og:image:height\" content=\"612\" \/>\n\t<meta property=\"og:image:type\" content=\"image\/png\" \/>\n<meta name=\"twitter:card\" content=\"summary_large_image\" \/>\n<meta name=\"twitter:label1\" content=\"Szacowany czas czytania\" \/>\n\t<meta name=\"twitter:data1\" content=\"3 minuty\" \/>\n<script type=\"application\/ld+json\" class=\"yoast-schema-graph\">{\"@context\":\"https:\\\/\\\/schema.org\",\"@graph\":[{\"@type\":\"WebPage\",\"@id\":\"https:\\\/\\\/spaakcesoria.pl\\\/index.php\\\/produkt\\\/czysciwo-dako-cl-uniwersalne-wiskozowo-poliestrowe-rulon-300-szt\\\/\",\"url\":\"https:\\\/\\\/spaakcesoria.pl\\\/index.php\\\/produkt\\\/czysciwo-dako-cl-uniwersalne-wiskozowo-poliestrowe-rulon-300-szt\\\/\",\"name\":\"Czy\u015bciwo DAKO Cl 300 - Uniwersalne \\\/ wiskozowo-poliestrowe \\\/ Rulon 300 szt. -\",\"isPartOf\":{\"@id\":\"https:\\\/\\\/spaakcesoria.pl\\\/#website\"},\"primaryImageOfPage\":{\"@id\":\"https:\\\/\\\/spaakcesoria.pl\\\/index.php\\\/produkt\\\/czysciwo-dako-cl-uniwersalne-wiskozowo-poliestrowe-rulon-300-szt\\\/#primaryimage\"},\"image\":{\"@id\":\"https:\\\/\\\/spaakcesoria.pl\\\/index.php\\\/produkt\\\/czysciwo-dako-cl-uniwersalne-wiskozowo-poliestrowe-rulon-300-szt\\\/#primaryimage\"},\"thumbnailUrl\":\"https:\\\/\\\/spaakcesoria.pl\\\/wp-content\\\/uploads\\\/2023\\\/02\\\/2classic-1024x683-2.png\",\"datePublished\":\"2023-02-25T18:21:49+00:00\",\"dateModified\":\"2025-04-23T16:13:22+00:00\",\"description\":\"DAKO CL to uniwersalne czys\u0301ciwo wielozadaniowe wiskozowo-poliestrowe o wysokim stopniu ch\u0142onnos\u0301ci i wytrzyma\u0142os\u0301ci, przeznaczone do czyszczenia wszelkich powierzchni i zabrudzen\u0301.\",\"breadcrumb\":{\"@id\":\"https:\\\/\\\/spaakcesoria.pl\\\/index.php\\\/produkt\\\/czysciwo-dako-cl-uniwersalne-wiskozowo-poliestrowe-rulon-300-szt\\\/#breadcrumb\"},\"inLanguage\":\"pl-PL\",\"potentialAction\":[{\"@type\":\"ReadAction\",\"target\":[\"https:\\\/\\\/spaakcesoria.pl\\\/index.php\\\/produkt\\\/czysciwo-dako-cl-uniwersalne-wiskozowo-poliestrowe-rulon-300-szt\\\/\"]}]},{\"@type\":\"ImageObject\",\"inLanguage\":\"pl-PL\",\"@id\":\"https:\\\/\\\/spaakcesoria.pl\\\/index.php\\\/produkt\\\/czysciwo-dako-cl-uniwersalne-wiskozowo-poliestrowe-rulon-300-szt\\\/#primaryimage\",\"url\":\"https:\\\/\\\/spaakcesoria.pl\\\/wp-content\\\/uploads\\\/2023\\\/02\\\/2classic-1024x683-2.png\",\"contentUrl\":\"https:\\\/\\\/spaakcesoria.pl\\\/wp-content\\\/uploads\\\/2023\\\/02\\\/2classic-1024x683-2.png\",\"width\":457,\"height\":612},{\"@type\":\"BreadcrumbList\",\"@id\":\"https:\\\/\\\/spaakcesoria.pl\\\/index.php\\\/produkt\\\/czysciwo-dako-cl-uniwersalne-wiskozowo-poliestrowe-rulon-300-szt\\\/#breadcrumb\",\"itemListElement\":[{\"@type\":\"ListItem\",\"position\":1,\"name\":\"Strona g\u0142\u00f3wna\",\"item\":\"https:\\\/\\\/spaakcesoria.pl\\\/\"},{\"@type\":\"ListItem\",\"position\":2,\"name\":\"Sklep\",\"item\":\"https:\\\/\\\/spaakcesoria.pl\\\/index.php\\\/sklep\\\/\"},{\"@type\":\"ListItem\",\"position\":3,\"name\":\"Czy\u015bciwo DAKO Cl 300 &#8211; Uniwersalne \\\/ wiskozowo-poliestrowe \\\/ Rulon 300 szt.\"}]},{\"@type\":\"WebSite\",\"@id\":\"https:\\\/\\\/spaakcesoria.pl\\\/#website\",\"url\":\"https:\\\/\\\/spaakcesoria.pl\\\/\",\"name\":\"\",\"description\":\"\",\"potentialAction\":[{\"@type\":\"SearchAction\",\"target\":{\"@type\":\"EntryPoint\",\"urlTemplate\":\"https:\\\/\\\/spaakcesoria.pl\\\/?s={search_term_string}\"},\"query-input\":{\"@type\":\"PropertyValueSpecification\",\"valueRequired\":true,\"valueName\":\"search_term_string\"}}],\"inLanguage\":\"pl-PL\"}]}<\/script>\n<!-- \/ Yoast SEO plugin. -->","yoast_head_json":{"title":"Czy\u015bciwo DAKO Cl 300 - Uniwersalne \/ wiskozowo-poliestrowe \/ Rulon 300 szt. -","description":"DAKO CL to uniwersalne czys\u0301ciwo wielozadaniowe wiskozowo-poliestrowe o wysokim stopniu ch\u0142onnos\u0301ci i wytrzyma\u0142os\u0301ci, przeznaczone do czyszczenia wszelkich powierzchni i zabrudzen\u0301.","robots":{"index":"index","follow":"follow","max-snippet":"max-snippet:-1","max-image-preview":"max-image-preview:large","max-video-preview":"max-video-preview:-1"},"canonical":"https:\/\/spaakcesoria.pl\/index.php\/produkt\/czysciwo-dako-cl-uniwersalne-wiskozowo-poliestrowe-rulon-300-szt\/","og_locale":"pl_PL","og_type":"article","og_title":"Czy\u015bciwo DAKO Cl 300 - Uniwersalne \/ wiskozowo-poliestrowe \/ Rulon 300 szt. -","og_description":"DAKO CL to uniwersalne czys\u0301ciwo wielozadaniowe wiskozowo-poliestrowe o wysokim stopniu ch\u0142onnos\u0301ci i wytrzyma\u0142os\u0301ci, przeznaczone do czyszczenia wszelkich powierzchni i zabrudzen\u0301.","og_url":"https:\/\/spaakcesoria.pl\/index.php\/produkt\/czysciwo-dako-cl-uniwersalne-wiskozowo-poliestrowe-rulon-300-szt\/","article_modified_time":"2025-04-23T16:13:22+00:00","og_image":[{"width":457,"height":612,"url":"https:\/\/spaakcesoria.pl\/wp-content\/uploads\/2023\/02\/2classic-1024x683-2.png","type":"image\/png"}],"twitter_card":"summary_large_image","twitter_misc":{"Szacowany czas czytania":"3 minuty"},"schema":{"@context":"https:\/\/schema.org","@graph":[{"@type":"WebPage","@id":"https:\/\/spaakcesoria.pl\/index.php\/produkt\/czysciwo-dako-cl-uniwersalne-wiskozowo-poliestrowe-rulon-300-szt\/","url":"https:\/\/spaakcesoria.pl\/index.php\/produkt\/czysciwo-dako-cl-uniwersalne-wiskozowo-poliestrowe-rulon-300-szt\/","name":"Czy\u015bciwo DAKO Cl 300 - Uniwersalne \/ wiskozowo-poliestrowe \/ Rulon 300 szt. -","isPartOf":{"@id":"https:\/\/spaakcesoria.pl\/#website"},"primaryImageOfPage":{"@id":"https:\/\/spaakcesoria.pl\/index.php\/produkt\/czysciwo-dako-cl-uniwersalne-wiskozowo-poliestrowe-rulon-300-szt\/#primaryimage"},"image":{"@id":"https:\/\/spaakcesoria.pl\/index.php\/produkt\/czysciwo-dako-cl-uniwersalne-wiskozowo-poliestrowe-rulon-300-szt\/#primaryimage"},"thumbnailUrl":"https:\/\/spaakcesoria.pl\/wp-content\/uploads\/2023\/02\/2classic-1024x683-2.png","datePublished":"2023-02-25T18:21:49+00:00","dateModified":"2025-04-23T16:13:22+00:00","description":"DAKO CL to uniwersalne czys\u0301ciwo wielozadaniowe wiskozowo-poliestrowe o wysokim stopniu ch\u0142onnos\u0301ci i wytrzyma\u0142os\u0301ci, przeznaczone do czyszczenia wszelkich powierzchni i zabrudzen\u0301.","breadcrumb":{"@id":"https:\/\/spaakcesoria.pl\/index.php\/produkt\/czysciwo-dako-cl-uniwersalne-wiskozowo-poliestrowe-rulon-300-szt\/#breadcrumb"},"inLanguage":"pl-PL","potentialAction":[{"@type":"ReadAction","target":["https:\/\/spaakcesoria.pl\/index.php\/produkt\/czysciwo-dako-cl-uniwersalne-wiskozowo-poliestrowe-rulon-300-szt\/"]}]},{"@type":"ImageObject","inLanguage":"pl-PL","@id":"https:\/\/spaakcesoria.pl\/index.php\/produkt\/czysciwo-dako-cl-uniwersalne-wiskozowo-poliestrowe-rulon-300-szt\/#primaryimage","url":"https:\/\/spaakcesoria.pl\/wp-content\/uploads\/2023\/02\/2classic-1024x683-2.png","contentUrl":"https:\/\/spaakcesoria.pl\/wp-content\/uploads\/2023\/02\/2classic-1024x683-2.png","width":457,"height":612},{"@type":"BreadcrumbList","@id":"https:\/\/spaakcesoria.pl\/index.php\/produkt\/czysciwo-dako-cl-uniwersalne-wiskozowo-poliestrowe-rulon-300-szt\/#breadcrumb","itemListElement":[{"@type":"ListItem","position":1,"name":"Strona g\u0142\u00f3wna","item":"https:\/\/spaakcesoria.pl\/"},{"@type":"ListItem","position":2,"name":"Sklep","item":"https:\/\/spaakcesoria.pl\/index.php\/sklep\/"},{"@type":"ListItem","position":3,"name":"Czy\u015bciwo DAKO Cl 300 &#8211; Uniwersalne \/ wiskozowo-poliestrowe \/ Rulon 300 szt."}]},{"@type":"WebSite","@id":"https:\/\/spaakcesoria.pl\/#website","url":"https:\/\/spaakcesoria.pl\/","name":"","description":"","potentialAction":[{"@type":"SearchAction","target":{"@type":"EntryPoint","urlTemplate":"https:\/\/spaakcesoria.pl\/?s={search_term_string}"},"query-input":{"@type":"PropertyValueSpecification","valueRequired":true,"valueName":"search_term_string"}}],"inLanguage":"pl-PL"}]}},"_links":{"self":[{"href":"https:\/\/spaakcesoria.pl\/index.php\/wp-json\/wp\/v2\/product\/2560","targetHints":{"allow":["GET"]}}],"collection":[{"href":"https:\/\/spaakcesoria.pl\/index.php\/wp-json\/wp\/v2\/product"}],"about":[{"href":"https:\/\/spaakcesoria.pl\/index.php\/wp-json\/wp\/v2\/types\/product"}],"version-history":[{"count":16,"href":"https:\/\/spaakcesoria.pl\/index.php\/wp-json\/wp\/v2\/product\/2560\/revisions"}],"predecessor-version":[{"id":2963,"href":"https:\/\/spaakcesoria.pl\/index.php\/wp-json\/wp\/v2\/product\/2560\/revisions\/2963"}],"wp:featuredmedia":[{"embeddable":true,"href":"https:\/\/spaakcesoria.pl\/index.php\/wp-json\/wp\/v2\/media\/2574"}],"wp:attachment":[{"href":"https:\/\/spaakcesoria.pl\/index.php\/wp-json\/wp\/v2\/media?parent=2560"}],"wp:term":[{"taxonomy":"product_brand","embeddable":true,"href":"https:\/\/spaakcesoria.pl\/index.php\/wp-json\/wp\/v2\/product_brand?post=2560"},{"taxonomy":"product_cat","embeddable":true,"href":"https:\/\/spaakcesoria.pl\/index.php\/wp-json\/wp\/v2\/product_cat?post=2560"},{"taxonomy":"product_tag","embeddable":true,"href":"https:\/\/spaakcesoria.pl\/index.php\/wp-json\/wp\/v2\/product_tag?post=2560"}],"curies":[{"name":"wp","href":"https:\/\/api.w.org\/{rel}","templated":true}]}}