{"id":2586,"date":"2023-02-25T21:15:35","date_gmt":"2023-02-25T20:15:35","guid":{"rendered":"https:\/\/spaakcesoria.pl\/?post_type=product&#038;p=2586"},"modified":"2025-04-23T18:14:06","modified_gmt":"2025-04-23T16:14:06","slug":"czysciwo-dako-so-miekkie-uniwersalne-wiskozowo-poliestrowe-rulon-500-szt","status":"publish","type":"product","link":"https:\/\/spaakcesoria.pl\/index.php\/produkt\/czysciwo-dako-so-miekkie-uniwersalne-wiskozowo-poliestrowe-rulon-500-szt\/","title":{"rendered":"Czy\u015bciwo DAKO SO 500 (mi\u0119kkie) &#8211; Uniwersalne \/ wiskozowo-poliestrowe \/ Rulon 500 szt."},"content":{"rendered":"<h2>Czy\u015bciwo DAKO SO &#8211; Uniwersalne \/ wiskozowo-poliestrowe \/ mi\u0119kkie, wytrzyma\u0142e \/\u00a0\u00a0 Rulon 500 listk\u00f3w<\/h2>\n<h4><strong><span style=\"color: #800080;\">Zapytania prosimy kierowa\u0107 na adres:\u00a0<\/span><\/strong> \u00a0 \u00a0<a href=\"mailto:spaakcesoria@gmail.com\">spaakcesoria@gmail.com\u00a0<\/a><\/h4>\n<p>&nbsp;<\/p>\n<div class=\"page\" title=\"Page 3\">\n<div class=\"section\">\n<div class=\"layoutArea\">\n<div class=\"column\">\n<h4><span style=\"color: #0000ff;\">CZY\u015aCIWO\u00a0 WIELOZADANIOWE DAKO SO stosowane jest w:<\/span><\/h4>\n<p>&nbsp;<\/p>\n<ul>\n<li>\n<h4><span style=\"color: #0000ff;\">Przemy\u015ble Spo\u017cywczym,<\/span><\/h4>\n<\/li>\n<li>\n<h4><span style=\"color: #0000ff;\">Przemy\u015ble Farmaceutycznym,<\/span><\/h4>\n<\/li>\n<li>\n<h4><span style=\"color: #0000ff;\">Przemy\u015ble Medycznym<\/span><\/h4>\n<\/li>\n<li>\n<h4><span style=\"color: #0000ff;\">Przemy\u015ble Elektronicznym<\/span><\/h4>\n<\/li>\n<li>\n<h4><span style=\"color: #0000ff;\">Horeca<\/span><\/h4>\n<\/li>\n<li>\n<h4><span style=\"color: #0000ff;\">Przemys\u0142 Metalowy<\/span><\/h4>\n<\/li>\n<li>\n<h4><span style=\"color: #0000ff;\">Firmy Sprz\u0105taj\u0105ce<\/span><\/h4>\n<\/li>\n<\/ul>\n<h4>Czys\u0301ciwo przemys\u0142owe wielozadaniowe DAKO SO to mie\u0328kkie, ale wytrzyma\u0142e czys\u0301ciwo wiskozowo-poliestrowe.<\/h4>\n<h4>G\u0142adka powierzchnia materia\u0142u czyni go idealnym do polerowania, osuszania powierzchni, oraz usuwania zabrudzen\u0301.<\/h4>\n<h4>DAKO SO moz\u0307na stosowac\u0301 z rozpuszczalnikami i rozcien\u0301czalnikami.<\/h4>\n<h4>Elastyczny materia\u0142 u\u0142atwia czyszczenie trudno doste\u0328pnych miejsc.<\/h4>\n<p>&nbsp;<\/p>\n<p><img fetchpriority=\"high\" decoding=\"async\" class=\" wp-image-2579 aligncenter\" src=\"https:\/\/spaakcesoria.pl\/wp-content\/uploads\/2023\/02\/2xSoft-1024x683.webp.pagespeed.ic_.J2thzIbU1x-300x200.png\" alt=\"\" width=\"469\" height=\"312\" srcset=\"https:\/\/spaakcesoria.pl\/wp-content\/uploads\/2023\/02\/2xSoft-1024x683.webp.pagespeed.ic_.J2thzIbU1x-300x200.png 300w, https:\/\/spaakcesoria.pl\/wp-content\/uploads\/2023\/02\/2xSoft-1024x683.webp.pagespeed.ic_.J2thzIbU1x-768x512.png 768w, https:\/\/spaakcesoria.pl\/wp-content\/uploads\/2023\/02\/2xSoft-1024x683.webp.pagespeed.ic_.J2thzIbU1x-600x400.png 600w, https:\/\/spaakcesoria.pl\/wp-content\/uploads\/2023\/02\/2xSoft-1024x683.webp.pagespeed.ic_.J2thzIbU1x-240x160.png 240w, https:\/\/spaakcesoria.pl\/wp-content\/uploads\/2023\/02\/2xSoft-1024x683.webp.pagespeed.ic_.J2thzIbU1x-416x277.png 416w, https:\/\/spaakcesoria.pl\/wp-content\/uploads\/2023\/02\/2xSoft-1024x683.webp.pagespeed.ic_.J2thzIbU1x.png 1024w\" sizes=\"(max-width: 469px) 100vw, 469px\" \/><\/p>\n<p>&nbsp;<\/p>\n<h4 class=\"western\"><span style=\"color: #ff0000;\"><strong>W\u0142a\u015bciwo\u015bci czy\u015bciwa DAKO SO:<\/strong><\/span><\/h4>\n<h4><span style=\"color: #ff0000;\">&#8211; bardzo mocne,<\/span><br \/>\n<span style=\"color: #ff0000;\">&#8211; idealnie wch\u0142ania i usuwa zabrudzenia,<\/span><br \/>\n<span style=\"color: #ff0000;\">&#8211; nie rysuje czyszczonej powierzchni,<\/span><br \/>\n<span style=\"color: #ff0000;\">&#8211; mie\u0328kkie,<\/span><br \/>\n<span style=\"color: #ff0000;\">&#8211; moz\u0307na stosowac\u0301 z roztworami na bazie wody oraz roztworami organicznymi,<\/span><br \/>\n<span style=\"color: #ff0000;\">&#8211; posiada atest PZH,<\/span><br \/>\n<span style=\"color: #ff0000;\">&#8211; kolor bia\u0142y.<\/span><\/h4>\n<p>&nbsp;<\/p>\n<div class=\"page\" title=\"Page 3\">\n<div class=\"section\">\n<div class=\"layoutArea\">\n<div class=\"column\">\n<p><img decoding=\"async\" class=\"size-medium wp-image-2563 aligncenter\" src=\"https:\/\/spaakcesoria.pl\/wp-content\/uploads\/2023\/02\/Zrzut-ekranu-2023-02-23-o-16.39.34-300x232.png\" alt=\"\" width=\"300\" height=\"232\" srcset=\"https:\/\/spaakcesoria.pl\/wp-content\/uploads\/2023\/02\/Zrzut-ekranu-2023-02-23-o-16.39.34-300x232.png 300w, https:\/\/spaakcesoria.pl\/wp-content\/uploads\/2023\/02\/Zrzut-ekranu-2023-02-23-o-16.39.34-207x160.png 207w, https:\/\/spaakcesoria.pl\/wp-content\/uploads\/2023\/02\/Zrzut-ekranu-2023-02-23-o-16.39.34-416x321.png 416w, https:\/\/spaakcesoria.pl\/wp-content\/uploads\/2023\/02\/Zrzut-ekranu-2023-02-23-o-16.39.34.png 553w\" sizes=\"(max-width: 300px) 100vw, 300px\" \/><\/p>\n<div class=\"page\" title=\"Page 3\">\n<div class=\"section\">\n<div class=\"layoutArea\">\n<div class=\"column\">\n<h4 class=\"western\"><strong>Niezbe\u0328dne do czyszczenia:<\/strong><\/h4>\n<h4>&#8211; linii produkcyjnych.<br \/>\n&#8211; miejsc pracy,<br \/>\n&#8211; narze\u0328dzi,<br \/>\n&#8211; zachowania higieny osobistej.<\/h4>\n<\/div>\n<\/div>\n<\/div>\n<div class=\"section\">\n<div class=\"layoutArea\">\n<div class=\"column\">\n<div class=\"page\" title=\"Page 3\">\n<div class=\"section\">\n<div class=\"layoutArea\">\n<div class=\"column\">\n<p><img decoding=\"async\" class=\" wp-image-2564 aligncenter\" src=\"https:\/\/spaakcesoria.pl\/wp-content\/uploads\/2023\/02\/Zrzut-ekranu-2023-02-23-o-16.40.38-300x179.png\" alt=\"\" width=\"412\" height=\"246\" srcset=\"https:\/\/spaakcesoria.pl\/wp-content\/uploads\/2023\/02\/Zrzut-ekranu-2023-02-23-o-16.40.38-300x179.png 300w, https:\/\/spaakcesoria.pl\/wp-content\/uploads\/2023\/02\/Zrzut-ekranu-2023-02-23-o-16.40.38-268x160.png 268w, https:\/\/spaakcesoria.pl\/wp-content\/uploads\/2023\/02\/Zrzut-ekranu-2023-02-23-o-16.40.38-416x248.png 416w, https:\/\/spaakcesoria.pl\/wp-content\/uploads\/2023\/02\/Zrzut-ekranu-2023-02-23-o-16.40.38.png 463w\" sizes=\"(max-width: 412px) 100vw, 412px\" \/><\/p>\n<h4 class=\"western\"><strong>Czys\u0301ciwo przemys\u0142owe DAKO SO stosuje sie\u0328 w:<\/strong><\/h4>\n<h4>&#8211; zak\u0142ady farmaceutyczne,<br \/>\n&#8211; przemys\u0142 spoz\u0307ywczy,<br \/>\n&#8211; przemys\u0142 medyczny,<br \/>\n&#8211; przemys\u0142 elektroniczny,<br \/>\n&#8211; high-tech,<br \/>\n&#8211; HORECA,<br \/>\n&#8211; przemys\u0142 metalowy,<br \/>\n&#8211; serwis sprza\u0328taja\u0328cy.<\/h4>\n<p>&nbsp;<\/p>\n<p>&nbsp;<\/p>\n<p><img loading=\"lazy\" decoding=\"async\" class=\" wp-image-2777 aligncenter\" src=\"https:\/\/spaakcesoria.pl\/wp-content\/uploads\/2023\/02\/soft-1-300x127.png\" alt=\"\" width=\"521\" height=\"221\" srcset=\"https:\/\/spaakcesoria.pl\/wp-content\/uploads\/2023\/02\/soft-1-300x127.png 300w, https:\/\/spaakcesoria.pl\/wp-content\/uploads\/2023\/02\/soft-1-600x253.png 600w, https:\/\/spaakcesoria.pl\/wp-content\/uploads\/2023\/02\/soft-1-280x118.png 280w, https:\/\/spaakcesoria.pl\/wp-content\/uploads\/2023\/02\/soft-1-416x176.png 416w, https:\/\/spaakcesoria.pl\/wp-content\/uploads\/2023\/02\/soft-1.png 699w\" sizes=\"(max-width: 521px) 100vw, 521px\" \/><\/p>\n<\/div>\n<\/div>\n<\/div>\n<\/div>\n<\/div>\n<\/div>\n<h4><\/h4>\n<\/div>\n<h4><\/h4>\n<div class=\"section\">\n<div class=\"layoutArea\">\n<div class=\"column\">\n<h4><\/h4>\n<h4><span style=\"color: #800080;\">Opakowanie jednostkowe : Rulon 500 listko\u0301w 32&#215;37 cm, 185 mb<\/span><\/h4>\n<div class=\"page\" title=\"Page 3\">\n<div class=\"section\">\n<div class=\"layoutArea\">\n<div class=\"column\">\n<div class=\"page\" title=\"Page 3\">\n<div class=\"section\">\n<div class=\"layoutArea\">\n<div class=\"column\">\n<h4><strong><span style=\"color: #800080;\">Realizujemy zam\u00f3wienie:\u00a0 <span style=\"color: #0000ff;\">( mo\u017cliwy\u00a0 mix\u00a0 czy\u015bciw)\u00a0<\/span><\/span><\/strong><\/h4>\n<h4><strong><span style=\"color: #800080;\">np. w kartonie\u00a0 mog\u0105 znajdowa\u0107 si\u0119\u00a0 4 rulony\u00a0 po 500 szt.\u00a0<\/span><\/strong><\/h4>\n<h4>cena 1 rulonu ( 500 listk\u00f3w\/ 185 mb ) <strong>\u00a0wynosi\u00a0 \u00a0122,95 Z\u0141 netto<\/strong>\u00a0 \u00a0tj. 151,23 z\u0142 brutto<\/h4>\n<\/div>\n<\/div>\n<\/div>\n<\/div>\n<p><span style=\"color: #0000ff;\">koszt wysy\u0142ki\u00a0 kartonu &#8211;\u00a0 22,- z\u0142 netto tj. 27,06 z\u0142 brutto<\/span><\/p>\n<h5 class=\"western\"><span style=\"color: #ff0000;\"><strong>Dla nowych klient\u00f3w pierwsze 3 zam\u00f3wienia z przedp\u0142at\u0105, kolejne zam\u00f3wienia\u00a0 z terminem p\u0142atno\u015bci 14 dni.<\/strong><\/span><\/h5>\n<h4><strong><span style=\"color: #800080;\">Realizujemy r\u00f3wnie\u017c zam\u00f3wienie w ilo\u015bci: paleta\u00a0 <span style=\"color: #0000ff;\">( mo\u017cliwy mix )<\/span><\/span><\/strong><\/h4>\n<p><span style=\"color: #0000ff;\">koszt wysy\u0142ki\u00a0 palety &#8211;\u00a0 199,- z\u0142 netto tj. 244,77 z\u0142 brutto<\/span><\/p>\n<\/div>\n<\/div>\n<\/div>\n<\/div>\n<\/div>\n<\/div>\n<\/div>\n<\/div>\n<\/div>\n<\/div>\n<\/div>\n<\/div>\n<\/div>\n<\/div>\n<\/div>\n<\/div>\n","protected":false},"excerpt":{"rendered":"<h4>Czy\u015bciwo DAKO SO &#8211; Uniwersalne\/ mi\u0119kkie \/ wiskozowo-poliestrowe \/ Rulon 500 listk\u00f3w<\/h4>\n","protected":false},"featured_media":2583,"template":"","meta":{"_monsterinsights_skip_tracking":false,"_monsterinsights_sitenote_active":false,"_monsterinsights_sitenote_note":"","_monsterinsights_sitenote_category":0},"product_brand":[],"product_cat":[461,459],"product_tag":[469,468,472,474,470,471,473],"class_list":{"0":"post-2586","1":"product","2":"type-product","3":"status-publish","4":"has-post-thumbnail","6":"product_cat-czysciwo-so","7":"product_cat-czysciwo","8":"product_tag-classic","9":"product_tag-czysciwo-2","10":"product_tag-czysciwo-classic-2","11":"product_tag-czysciwo-miekkie","12":"product_tag-czysciwo-uniwersalne","13":"product_tag-czysciwo-wiskozowo-poliestrowe","14":"product_tag-soft","16":"first","17":"instock","18":"taxable","19":"shipping-taxable","20":"purchasable","21":"product-type-simple"},"yoast_head":"<!-- This site is optimized with the Yoast SEO plugin v27.4 - https:\/\/yoast.com\/product\/yoast-seo-wordpress\/ -->\n<title>Czy\u015bciwo DAKO SO 500 (mi\u0119kkie) - Uniwersalne \/ wiskozowo-poliestrowe \/ Rulon 500 szt. -<\/title>\n<meta name=\"description\" content=\"DAKO SO to uniwersalne czys\u0301ciwo wielozadaniowe wiskozowo-poliestrowe o wysokim stopniu ch\u0142onnos\u0301ci i wytrzyma\u0142os\u0301ci, przeznaczone do czyszczenia wszelkich powierzchni i zabrudzen\u0301.\" \/>\n<meta name=\"robots\" content=\"index, follow, max-snippet:-1, max-image-preview:large, max-video-preview:-1\" \/>\n<link rel=\"canonical\" href=\"https:\/\/spaakcesoria.pl\/index.php\/produkt\/czysciwo-dako-so-miekkie-uniwersalne-wiskozowo-poliestrowe-rulon-500-szt\/\" \/>\n<meta property=\"og:locale\" content=\"pl_PL\" \/>\n<meta property=\"og:type\" content=\"article\" \/>\n<meta property=\"og:title\" content=\"Czy\u015bciwo DAKO SO 500 (mi\u0119kkie) - Uniwersalne \/ wiskozowo-poliestrowe \/ Rulon 500 szt. -\" \/>\n<meta property=\"og:description\" content=\"DAKO SO to uniwersalne czys\u0301ciwo wielozadaniowe wiskozowo-poliestrowe o wysokim stopniu ch\u0142onnos\u0301ci i wytrzyma\u0142os\u0301ci, przeznaczone do czyszczenia wszelkich powierzchni i zabrudzen\u0301.\" \/>\n<meta property=\"og:url\" content=\"https:\/\/spaakcesoria.pl\/index.php\/produkt\/czysciwo-dako-so-miekkie-uniwersalne-wiskozowo-poliestrowe-rulon-500-szt\/\" \/>\n<meta property=\"article:modified_time\" content=\"2025-04-23T16:14:06+00:00\" \/>\n<meta property=\"og:image\" content=\"https:\/\/spaakcesoria.pl\/wp-content\/uploads\/2023\/02\/Zrzut-ekranu-2023-02-25-o-20.57.49.png\" \/>\n\t<meta property=\"og:image:width\" content=\"471\" \/>\n\t<meta property=\"og:image:height\" content=\"434\" \/>\n\t<meta property=\"og:image:type\" content=\"image\/png\" \/>\n<meta name=\"twitter:card\" content=\"summary_large_image\" \/>\n<meta name=\"twitter:label1\" content=\"Szacowany czas czytania\" \/>\n\t<meta name=\"twitter:data1\" content=\"3 minuty\" \/>\n<script type=\"application\/ld+json\" class=\"yoast-schema-graph\">{\"@context\":\"https:\\\/\\\/schema.org\",\"@graph\":[{\"@type\":\"WebPage\",\"@id\":\"https:\\\/\\\/spaakcesoria.pl\\\/index.php\\\/produkt\\\/czysciwo-dako-so-miekkie-uniwersalne-wiskozowo-poliestrowe-rulon-500-szt\\\/\",\"url\":\"https:\\\/\\\/spaakcesoria.pl\\\/index.php\\\/produkt\\\/czysciwo-dako-so-miekkie-uniwersalne-wiskozowo-poliestrowe-rulon-500-szt\\\/\",\"name\":\"Czy\u015bciwo DAKO SO 500 (mi\u0119kkie) - Uniwersalne \\\/ wiskozowo-poliestrowe \\\/ Rulon 500 szt. -\",\"isPartOf\":{\"@id\":\"https:\\\/\\\/spaakcesoria.pl\\\/#website\"},\"primaryImageOfPage\":{\"@id\":\"https:\\\/\\\/spaakcesoria.pl\\\/index.php\\\/produkt\\\/czysciwo-dako-so-miekkie-uniwersalne-wiskozowo-poliestrowe-rulon-500-szt\\\/#primaryimage\"},\"image\":{\"@id\":\"https:\\\/\\\/spaakcesoria.pl\\\/index.php\\\/produkt\\\/czysciwo-dako-so-miekkie-uniwersalne-wiskozowo-poliestrowe-rulon-500-szt\\\/#primaryimage\"},\"thumbnailUrl\":\"https:\\\/\\\/spaakcesoria.pl\\\/wp-content\\\/uploads\\\/2023\\\/02\\\/Zrzut-ekranu-2023-02-25-o-20.57.49.png\",\"datePublished\":\"2023-02-25T20:15:35+00:00\",\"dateModified\":\"2025-04-23T16:14:06+00:00\",\"description\":\"DAKO SO to uniwersalne czys\u0301ciwo wielozadaniowe wiskozowo-poliestrowe o wysokim stopniu ch\u0142onnos\u0301ci i wytrzyma\u0142os\u0301ci, przeznaczone do czyszczenia wszelkich powierzchni i zabrudzen\u0301.\",\"breadcrumb\":{\"@id\":\"https:\\\/\\\/spaakcesoria.pl\\\/index.php\\\/produkt\\\/czysciwo-dako-so-miekkie-uniwersalne-wiskozowo-poliestrowe-rulon-500-szt\\\/#breadcrumb\"},\"inLanguage\":\"pl-PL\",\"potentialAction\":[{\"@type\":\"ReadAction\",\"target\":[\"https:\\\/\\\/spaakcesoria.pl\\\/index.php\\\/produkt\\\/czysciwo-dako-so-miekkie-uniwersalne-wiskozowo-poliestrowe-rulon-500-szt\\\/\"]}]},{\"@type\":\"ImageObject\",\"inLanguage\":\"pl-PL\",\"@id\":\"https:\\\/\\\/spaakcesoria.pl\\\/index.php\\\/produkt\\\/czysciwo-dako-so-miekkie-uniwersalne-wiskozowo-poliestrowe-rulon-500-szt\\\/#primaryimage\",\"url\":\"https:\\\/\\\/spaakcesoria.pl\\\/wp-content\\\/uploads\\\/2023\\\/02\\\/Zrzut-ekranu-2023-02-25-o-20.57.49.png\",\"contentUrl\":\"https:\\\/\\\/spaakcesoria.pl\\\/wp-content\\\/uploads\\\/2023\\\/02\\\/Zrzut-ekranu-2023-02-25-o-20.57.49.png\",\"width\":471,\"height\":434},{\"@type\":\"BreadcrumbList\",\"@id\":\"https:\\\/\\\/spaakcesoria.pl\\\/index.php\\\/produkt\\\/czysciwo-dako-so-miekkie-uniwersalne-wiskozowo-poliestrowe-rulon-500-szt\\\/#breadcrumb\",\"itemListElement\":[{\"@type\":\"ListItem\",\"position\":1,\"name\":\"Strona g\u0142\u00f3wna\",\"item\":\"https:\\\/\\\/spaakcesoria.pl\\\/\"},{\"@type\":\"ListItem\",\"position\":2,\"name\":\"Sklep\",\"item\":\"https:\\\/\\\/spaakcesoria.pl\\\/index.php\\\/sklep\\\/\"},{\"@type\":\"ListItem\",\"position\":3,\"name\":\"Czy\u015bciwo DAKO SO 500 (mi\u0119kkie) &#8211; Uniwersalne \\\/ wiskozowo-poliestrowe \\\/ Rulon 500 szt.\"}]},{\"@type\":\"WebSite\",\"@id\":\"https:\\\/\\\/spaakcesoria.pl\\\/#website\",\"url\":\"https:\\\/\\\/spaakcesoria.pl\\\/\",\"name\":\"\",\"description\":\"\",\"potentialAction\":[{\"@type\":\"SearchAction\",\"target\":{\"@type\":\"EntryPoint\",\"urlTemplate\":\"https:\\\/\\\/spaakcesoria.pl\\\/?s={search_term_string}\"},\"query-input\":{\"@type\":\"PropertyValueSpecification\",\"valueRequired\":true,\"valueName\":\"search_term_string\"}}],\"inLanguage\":\"pl-PL\"}]}<\/script>\n<!-- \/ Yoast SEO plugin. -->","yoast_head_json":{"title":"Czy\u015bciwo DAKO SO 500 (mi\u0119kkie) - Uniwersalne \/ wiskozowo-poliestrowe \/ Rulon 500 szt. -","description":"DAKO SO to uniwersalne czys\u0301ciwo wielozadaniowe wiskozowo-poliestrowe o wysokim stopniu ch\u0142onnos\u0301ci i wytrzyma\u0142os\u0301ci, przeznaczone do czyszczenia wszelkich powierzchni i zabrudzen\u0301.","robots":{"index":"index","follow":"follow","max-snippet":"max-snippet:-1","max-image-preview":"max-image-preview:large","max-video-preview":"max-video-preview:-1"},"canonical":"https:\/\/spaakcesoria.pl\/index.php\/produkt\/czysciwo-dako-so-miekkie-uniwersalne-wiskozowo-poliestrowe-rulon-500-szt\/","og_locale":"pl_PL","og_type":"article","og_title":"Czy\u015bciwo DAKO SO 500 (mi\u0119kkie) - Uniwersalne \/ wiskozowo-poliestrowe \/ Rulon 500 szt. -","og_description":"DAKO SO to uniwersalne czys\u0301ciwo wielozadaniowe wiskozowo-poliestrowe o wysokim stopniu ch\u0142onnos\u0301ci i wytrzyma\u0142os\u0301ci, przeznaczone do czyszczenia wszelkich powierzchni i zabrudzen\u0301.","og_url":"https:\/\/spaakcesoria.pl\/index.php\/produkt\/czysciwo-dako-so-miekkie-uniwersalne-wiskozowo-poliestrowe-rulon-500-szt\/","article_modified_time":"2025-04-23T16:14:06+00:00","og_image":[{"width":471,"height":434,"url":"https:\/\/spaakcesoria.pl\/wp-content\/uploads\/2023\/02\/Zrzut-ekranu-2023-02-25-o-20.57.49.png","type":"image\/png"}],"twitter_card":"summary_large_image","twitter_misc":{"Szacowany czas czytania":"3 minuty"},"schema":{"@context":"https:\/\/schema.org","@graph":[{"@type":"WebPage","@id":"https:\/\/spaakcesoria.pl\/index.php\/produkt\/czysciwo-dako-so-miekkie-uniwersalne-wiskozowo-poliestrowe-rulon-500-szt\/","url":"https:\/\/spaakcesoria.pl\/index.php\/produkt\/czysciwo-dako-so-miekkie-uniwersalne-wiskozowo-poliestrowe-rulon-500-szt\/","name":"Czy\u015bciwo DAKO SO 500 (mi\u0119kkie) - Uniwersalne \/ wiskozowo-poliestrowe \/ Rulon 500 szt. -","isPartOf":{"@id":"https:\/\/spaakcesoria.pl\/#website"},"primaryImageOfPage":{"@id":"https:\/\/spaakcesoria.pl\/index.php\/produkt\/czysciwo-dako-so-miekkie-uniwersalne-wiskozowo-poliestrowe-rulon-500-szt\/#primaryimage"},"image":{"@id":"https:\/\/spaakcesoria.pl\/index.php\/produkt\/czysciwo-dako-so-miekkie-uniwersalne-wiskozowo-poliestrowe-rulon-500-szt\/#primaryimage"},"thumbnailUrl":"https:\/\/spaakcesoria.pl\/wp-content\/uploads\/2023\/02\/Zrzut-ekranu-2023-02-25-o-20.57.49.png","datePublished":"2023-02-25T20:15:35+00:00","dateModified":"2025-04-23T16:14:06+00:00","description":"DAKO SO to uniwersalne czys\u0301ciwo wielozadaniowe wiskozowo-poliestrowe o wysokim stopniu ch\u0142onnos\u0301ci i wytrzyma\u0142os\u0301ci, przeznaczone do czyszczenia wszelkich powierzchni i zabrudzen\u0301.","breadcrumb":{"@id":"https:\/\/spaakcesoria.pl\/index.php\/produkt\/czysciwo-dako-so-miekkie-uniwersalne-wiskozowo-poliestrowe-rulon-500-szt\/#breadcrumb"},"inLanguage":"pl-PL","potentialAction":[{"@type":"ReadAction","target":["https:\/\/spaakcesoria.pl\/index.php\/produkt\/czysciwo-dako-so-miekkie-uniwersalne-wiskozowo-poliestrowe-rulon-500-szt\/"]}]},{"@type":"ImageObject","inLanguage":"pl-PL","@id":"https:\/\/spaakcesoria.pl\/index.php\/produkt\/czysciwo-dako-so-miekkie-uniwersalne-wiskozowo-poliestrowe-rulon-500-szt\/#primaryimage","url":"https:\/\/spaakcesoria.pl\/wp-content\/uploads\/2023\/02\/Zrzut-ekranu-2023-02-25-o-20.57.49.png","contentUrl":"https:\/\/spaakcesoria.pl\/wp-content\/uploads\/2023\/02\/Zrzut-ekranu-2023-02-25-o-20.57.49.png","width":471,"height":434},{"@type":"BreadcrumbList","@id":"https:\/\/spaakcesoria.pl\/index.php\/produkt\/czysciwo-dako-so-miekkie-uniwersalne-wiskozowo-poliestrowe-rulon-500-szt\/#breadcrumb","itemListElement":[{"@type":"ListItem","position":1,"name":"Strona g\u0142\u00f3wna","item":"https:\/\/spaakcesoria.pl\/"},{"@type":"ListItem","position":2,"name":"Sklep","item":"https:\/\/spaakcesoria.pl\/index.php\/sklep\/"},{"@type":"ListItem","position":3,"name":"Czy\u015bciwo DAKO SO 500 (mi\u0119kkie) &#8211; Uniwersalne \/ wiskozowo-poliestrowe \/ Rulon 500 szt."}]},{"@type":"WebSite","@id":"https:\/\/spaakcesoria.pl\/#website","url":"https:\/\/spaakcesoria.pl\/","name":"","description":"","potentialAction":[{"@type":"SearchAction","target":{"@type":"EntryPoint","urlTemplate":"https:\/\/spaakcesoria.pl\/?s={search_term_string}"},"query-input":{"@type":"PropertyValueSpecification","valueRequired":true,"valueName":"search_term_string"}}],"inLanguage":"pl-PL"}]}},"_links":{"self":[{"href":"https:\/\/spaakcesoria.pl\/index.php\/wp-json\/wp\/v2\/product\/2586","targetHints":{"allow":["GET"]}}],"collection":[{"href":"https:\/\/spaakcesoria.pl\/index.php\/wp-json\/wp\/v2\/product"}],"about":[{"href":"https:\/\/spaakcesoria.pl\/index.php\/wp-json\/wp\/v2\/types\/product"}],"version-history":[{"count":10,"href":"https:\/\/spaakcesoria.pl\/index.php\/wp-json\/wp\/v2\/product\/2586\/revisions"}],"predecessor-version":[{"id":2966,"href":"https:\/\/spaakcesoria.pl\/index.php\/wp-json\/wp\/v2\/product\/2586\/revisions\/2966"}],"wp:featuredmedia":[{"embeddable":true,"href":"https:\/\/spaakcesoria.pl\/index.php\/wp-json\/wp\/v2\/media\/2583"}],"wp:attachment":[{"href":"https:\/\/spaakcesoria.pl\/index.php\/wp-json\/wp\/v2\/media?parent=2586"}],"wp:term":[{"taxonomy":"product_brand","embeddable":true,"href":"https:\/\/spaakcesoria.pl\/index.php\/wp-json\/wp\/v2\/product_brand?post=2586"},{"taxonomy":"product_cat","embeddable":true,"href":"https:\/\/spaakcesoria.pl\/index.php\/wp-json\/wp\/v2\/product_cat?post=2586"},{"taxonomy":"product_tag","embeddable":true,"href":"https:\/\/spaakcesoria.pl\/index.php\/wp-json\/wp\/v2\/product_tag?post=2586"}],"curies":[{"name":"wp","href":"https:\/\/api.w.org\/{rel}","templated":true}]}}