{"id":2599,"date":"2023-02-25T22:11:14","date_gmt":"2023-02-25T21:11:14","guid":{"rendered":"https:\/\/spaakcesoria.pl\/?post_type=product&#038;p=2599"},"modified":"2025-04-23T18:14:45","modified_gmt":"2025-04-23T16:14:45","slug":"czysciwo-dako-smo-specjalistyczne-celulozowo-poliestrowe-mocen-trwale-300-listkow","status":"publish","type":"product","link":"https:\/\/spaakcesoria.pl\/index.php\/produkt\/czysciwo-dako-smo-specjalistyczne-celulozowo-poliestrowe-mocen-trwale-300-listkow\/","title":{"rendered":"Czy\u015bciwo specjalistyczne DAKO SMO 300 celulozowo-poliestrowe \/ Mocne, trwa\u0142e \/ Rulon 300 szt."},"content":{"rendered":"<h2>Czy\u015bciwo specjalistyczne DAKO SMO celulozowo &#8211; poliestrowe\/ mocne, trwa\u0142e, odporne na uszkodzenia i dzia\u0142anie rozpuszczalnik\u00f3w \/ Rulon 300 listk\u00f3w<\/h2>\n<h4><strong><span style=\"color: #800080;\">Zapytania prosimy kierowa\u0107 na adres:\u00a0<\/span><\/strong> \u00a0 \u00a0<a href=\"mailto:spaakcesoria@gmail.com\">spaakcesoria@gmail.com\u00a0<\/a><\/h4>\n<p>&nbsp;<\/p>\n<div class=\"page\" title=\"Page 3\">\n<div class=\"section\">\n<div class=\"layoutArea\">\n<h4><span style=\"color: #0000ff;\">CZY\u015aCIWO\u00a0 SPECJALISTYCZNE\u00a0 DAKO\u00a0 SMO stosowane jest w:<\/span><\/h4>\n<p>&nbsp;<\/p>\n<ul>\n<li>\n<h4><span style=\"color: #0000ff;\">Przemy\u015ble Elektronicznym<\/span><\/h4>\n<\/li>\n<li>\n<h4><span style=\"color: #0000ff;\">Przemy\u015ble Spo\u017cywczym<\/span><\/h4>\n<\/li>\n<li>\n<h4><span style=\"color: #0000ff;\">Przemy\u015ble Lekkim <\/span><\/h4>\n<\/li>\n<li>\n<h4><span style=\"color: #0000ff;\">Przemy\u015ble Mechanicznym<\/span><\/h4>\n<\/li>\n<li>\n<h4><span style=\"color: #0000ff;\">Przemy\u015ble Ci\u0119\u017ckim<\/span><\/h4>\n<\/li>\n<li>\n<h4><span style=\"color: #0000ff;\">Przemys\u0142 Motoryzacyjny<\/span><\/h4>\n<\/li>\n<li>\n<h4><span style=\"color: #0000ff;\">Przemys\u0142 Optyczny<\/span><\/h4>\n<\/li>\n<li>\n<h4><span style=\"color: #0000ff;\">Drukarnie<\/span><\/h4>\n<\/li>\n<li>\n<h4><span style=\"color: #0000ff;\">Lakiernie\u00a0<\/span><\/h4>\n<\/li>\n<li>\n<h4><span style=\"color: #0000ff;\">Przemy\u015ble Lotniczym<\/span><\/h4>\n<\/li>\n<\/ul>\n<h4 class=\"column\">Czys\u0301ciwo przemys\u0142owe specjalistyczne DAKO SMO otrzymywane jest z mieszanki celulozy i poliestru, posiada g\u0142adka\u0328 powierzchnie\u0328.<\/h4>\n<h4 class=\"column\">W\u0142o\u0301knina wykorzystana do produkcji czys\u0301ciwa DAKO SMO jest mocna i trwa\u0142a oraz odporna na uszkodzenia mechaniczne i dzia\u0142anie rozpuszczalniko\u0301w.<\/h4>\n<h4 class=\"column\">Nie zawiera tez\u0307 substancji wia\u0328z\u0307a\u0328cych ani klejo\u0301w, nie pozostawia w\u0142o\u0301kien. Posiada doskona\u0142e w\u0142as\u0301ciwos\u0301ci absorpcji wody, substancji oleistych i rozpuszczalniko\u0301w.<\/h4>\n<h4 class=\"column\">Czy\u015bciwa DAKO SMO wykorzystywane jest do czyszczenia linii produkcyjnych i narz\u0119dzi.<\/h4>\n<h4 class=\"column\">Ponadto u\u017cywane s\u0105 do czyszczenia przygotowywanych detali i oczyszczania powierzchni plastikowych.<\/h4>\n<h4 class=\"column\">Czy\u015bciwo przemys\u0142owe DAKO SMO stosowane s\u0105 w przemy\u015ble elektronicznym i optycznym a tak\u017ce przemy\u015ble ci\u0119\u017ckim i lekkim.<\/h4>\n<h4 class=\"column\">Czy\u015bciwo wykorzystywane jest w lakierniach oraz drukarniach, tak\u017ce wielkonak\u0142adowych oraz w przemy\u015ble motoryzacyjnym, mechanicznym i lotniczym.<\/h4>\n<p>&nbsp;<\/p>\n<p><img fetchpriority=\"high\" decoding=\"async\" class=\" wp-image-2603 aligncenter\" src=\"https:\/\/spaakcesoria.pl\/wp-content\/uploads\/2023\/02\/Smooth-1024x683-2-300x200.png\" alt=\"\" width=\"477\" height=\"318\" srcset=\"https:\/\/spaakcesoria.pl\/wp-content\/uploads\/2023\/02\/Smooth-1024x683-2-300x200.png 300w, https:\/\/spaakcesoria.pl\/wp-content\/uploads\/2023\/02\/Smooth-1024x683-2-768x512.png 768w, https:\/\/spaakcesoria.pl\/wp-content\/uploads\/2023\/02\/Smooth-1024x683-2-600x400.png 600w, https:\/\/spaakcesoria.pl\/wp-content\/uploads\/2023\/02\/Smooth-1024x683-2-240x160.png 240w, https:\/\/spaakcesoria.pl\/wp-content\/uploads\/2023\/02\/Smooth-1024x683-2-416x277.png 416w, https:\/\/spaakcesoria.pl\/wp-content\/uploads\/2023\/02\/Smooth-1024x683-2.png 1024w\" sizes=\"(max-width: 477px) 100vw, 477px\" \/><\/p>\n<h4><\/h4>\n<h4 class=\"western\"><span style=\"color: #ff0000;\"><strong>W\u0142a\u015bciwo\u015bci czy\u015bciwa DAKO SMO:<\/strong><\/span><\/h4>\n<h4><span style=\"color: #ff0000;\">&#8211; bardzo mocne w stanie suchym i mokrym,<\/span><br \/>\n<span style=\"color: #ff0000;\">&#8211; idealnie wch\u0142ania i usuwa zabrudzenia,<\/span><br \/>\n<span style=\"color: #ff0000;\">&#8211; nie rysuje czyszczonej powierzchni,<\/span><br \/>\n<span style=\"color: #ff0000;\">&#8211; posiada wysoki stopie\u0144 absorpcji<\/span><br \/>\n<span style=\"color: #ff0000;\">&#8211; dobrze wsp\u00f3\u0142pracuje z rozpuszczalnikami,<\/span><\/h4>\n<h4><span style=\"color: #ff0000;\">&#8211; niskopylne,<\/span><\/h4>\n<h4><span style=\"color: #ff0000;\">&#8211; kolor turkusowy.<\/span><\/h4>\n<p>&nbsp;<\/p>\n<p><img decoding=\"async\" class=\" wp-image-2753 aligncenter\" src=\"https:\/\/spaakcesoria.pl\/wp-content\/uploads\/2023\/03\/smooth-300x159.png\" alt=\"\" width=\"440\" height=\"233\" srcset=\"https:\/\/spaakcesoria.pl\/wp-content\/uploads\/2023\/03\/smooth-300x159.png 300w, https:\/\/spaakcesoria.pl\/wp-content\/uploads\/2023\/03\/smooth-600x317.png 600w, https:\/\/spaakcesoria.pl\/wp-content\/uploads\/2023\/03\/smooth-280x148.png 280w, https:\/\/spaakcesoria.pl\/wp-content\/uploads\/2023\/03\/smooth-416x220.png 416w, https:\/\/spaakcesoria.pl\/wp-content\/uploads\/2023\/03\/smooth.png 690w\" sizes=\"(max-width: 440px) 100vw, 440px\" \/><\/p>\n<p>&nbsp;<\/p>\n<div class=\"page\" title=\"Page 3\">\n<div class=\"section\">\n<div class=\"layoutArea\">\n<div class=\"column\">\n<div class=\"page\" title=\"Page 3\">\n<div class=\"section\">\n<div class=\"layoutArea\">\n<div class=\"column\">\n<h4 class=\"western\"><strong>Niezbe\u0328dne do czyszczenia:<\/strong><\/h4>\n<h4>&#8211; linii produkcyjnych.<br \/>\n&#8211; narze\u0328dzi,<\/h4>\n<h4>&#8211; przygotowanych detali,<\/h4>\n<h4>&#8211; powierzchni plastikowych,<\/h4>\n<p>&nbsp;<\/p>\n<\/div>\n<\/div>\n<\/div>\n<div class=\"section\">\n<div class=\"layoutArea\">\n<div class=\"column\">\n<div class=\"page\" title=\"Page 3\">\n<div class=\"section\">\n<div class=\"layoutArea\">\n<div class=\"column\">\n<h4 class=\"western\"><strong>Czys\u0301ciwo przemys\u0142owe specjalistyczne DAKO SMO stosuje sie\u0328 w:<\/strong><\/h4>\n<h4>&#8211; przemys\u0142 elektroniczny, optyczny,<\/h4>\n<h4>&#8211; przemys\u0142 spo\u017cywczy,<\/h4>\n<h4>&#8211; przemys\u0142 ci\u0119\u017cki, lekki,<br \/>\n&#8211; lakiernie, drukarnie,<br \/>\n&#8211; przemys\u0142 motoryzacyjny,<br \/>\n&#8211; przemys\u0142 mechaniczny, lotniczym,<\/h4>\n<p>&nbsp;<\/p>\n<p>&nbsp;<\/p>\n<\/div>\n<\/div>\n<\/div>\n<\/div>\n<h4><img decoding=\"async\" class=\"wp-image-2602 aligncenter\" src=\"https:\/\/spaakcesoria.pl\/wp-content\/uploads\/2023\/02\/Zrzut-ekranu-2023-02-26-o-21.05.55-300x103.png\" alt=\"\" width=\"682\" height=\"234\" srcset=\"https:\/\/spaakcesoria.pl\/wp-content\/uploads\/2023\/02\/Zrzut-ekranu-2023-02-26-o-21.05.55-300x103.png 300w, https:\/\/spaakcesoria.pl\/wp-content\/uploads\/2023\/02\/Zrzut-ekranu-2023-02-26-o-21.05.55-768x264.png 768w, https:\/\/spaakcesoria.pl\/wp-content\/uploads\/2023\/02\/Zrzut-ekranu-2023-02-26-o-21.05.55-600x206.png 600w, https:\/\/spaakcesoria.pl\/wp-content\/uploads\/2023\/02\/Zrzut-ekranu-2023-02-26-o-21.05.55-280x96.png 280w, https:\/\/spaakcesoria.pl\/wp-content\/uploads\/2023\/02\/Zrzut-ekranu-2023-02-26-o-21.05.55-416x143.png 416w, https:\/\/spaakcesoria.pl\/wp-content\/uploads\/2023\/02\/Zrzut-ekranu-2023-02-26-o-21.05.55.png 982w\" sizes=\"(max-width: 682px) 100vw, 682px\" \/><\/h4>\n<\/div>\n<h4><\/h4>\n<div class=\"column\">\n<h4><\/h4>\n<h4><span style=\"color: #800080;\">Opakowanie jednostkowe : Rulon 300 listko\u0301w 29&#215;37 cm, 111 mb<\/span><\/h4>\n<div class=\"page\" title=\"Page 3\">\n<div class=\"section\">\n<div class=\"layoutArea\">\n<div class=\"column\">\n<div class=\"page\" title=\"Page 3\">\n<div class=\"section\">\n<div class=\"layoutArea\">\n<div class=\"column\">\n<h4><strong><span style=\"color: #800080;\">Realizujemy zam\u00f3wienie:\u00a0 <span style=\"color: #0000ff;\">( mo\u017cliwy\u00a0 mix\u00a0 czy\u015bciw)\u00a0<\/span><\/span><\/strong><\/h4>\n<h4><strong><span style=\"color: #800080;\">np. w kartonie\u00a0 mo\u017ce znajdowa\u0107 si\u0119\u00a0 do 8 rulon\u00f3w\u00a0 po 300 szt.\u00a0<\/span><\/strong><\/h4>\n<h5 class=\"western\"><span style=\"color: #ff0000;\"><strong>Dla nowych klient\u00f3w pierwsze 3 zam\u00f3wienia z przedp\u0142at\u0105, kolejne zam\u00f3wienia\u00a0 z terminem p\u0142atno\u015bci 14 dni.<\/strong><\/span><\/h5>\n<\/div>\n<\/div>\n<\/div>\n<\/div>\n<p><span style=\"color: #0000ff;\">koszt wysy\u0142ki\u00a0 kartonu &#8211;\u00a0 22,- z\u0142 netto tj. 27,06 z\u0142 brutto<\/span><\/p>\n<h4><strong><span style=\"color: #800080;\">Realizujemy r\u00f3wnie\u017c zam\u00f3wienie w ilo\u015bci: paleta<span style=\"color: #0000ff;\">( mo\u017cliwy mix )<\/span><\/span><\/strong><\/h4>\n<p><span style=\"color: #0000ff;\">koszt wysy\u0142ki\u00a0 palety &#8211;\u00a0 199,- z\u0142 netto tj. 244,77 z\u0142 brutto<\/span><\/p>\n<\/div>\n<\/div>\n<\/div>\n<\/div>\n<\/div>\n<\/div>\n<\/div>\n<\/div>\n<\/div>\n<\/div>\n<\/div>\n<\/div>\n<\/div>\n<\/div>\n<\/div>\n","protected":false},"excerpt":{"rendered":"<h4>Czy\u015bciwo specjalistyczne DAKO SMO celulozowo-poliestrowe \/ Mocne, trwa\u0142e \/ Rulon 300 szt.<\/h4>\n","protected":false},"featured_media":2604,"template":"","meta":{"_monsterinsights_skip_tracking":false,"_monsterinsights_sitenote_active":false,"_monsterinsights_sitenote_note":"","_monsterinsights_sitenote_category":0},"product_brand":[],"product_cat":[465,459],"product_tag":[469,468,476,472,470,471,475],"class_list":{"0":"post-2599","1":"product","2":"type-product","3":"status-publish","4":"has-post-thumbnail","6":"product_cat-czysciwo-smo","7":"product_cat-czysciwo","8":"product_tag-classic","9":"product_tag-czysciwo-2","10":"product_tag-czysciwo-celulozowo-polipropylenowe","11":"product_tag-czysciwo-classic-2","12":"product_tag-czysciwo-uniwersalne","13":"product_tag-czysciwo-wiskozowo-poliestrowe","14":"product_tag-grey","16":"first","17":"instock","18":"taxable","19":"shipping-taxable","20":"purchasable","21":"product-type-simple"},"yoast_head":"<!-- This site is optimized with the Yoast SEO plugin v27.5 - https:\/\/yoast.com\/product\/yoast-seo-wordpress\/ -->\n<title>Czy\u015bciwo specjalistyczne DAKO SMO 300 celulozowo-poliestrowe \/ Mocne, trwa\u0142e \/ Rulon 300 szt. -<\/title>\n<meta name=\"description\" content=\"Czy\u015bciwo specjalistyczne DAKO SMO celulozowo-poliestrowe \/ Mocne, trwa\u0142e \/ Rulon 300 szt.\" \/>\n<meta name=\"robots\" content=\"index, follow, max-snippet:-1, max-image-preview:large, max-video-preview:-1\" \/>\n<link rel=\"canonical\" href=\"https:\/\/spaakcesoria.pl\/index.php\/produkt\/czysciwo-dako-smo-specjalistyczne-celulozowo-poliestrowe-mocen-trwale-300-listkow\/\" \/>\n<meta property=\"og:locale\" content=\"pl_PL\" \/>\n<meta property=\"og:type\" content=\"article\" \/>\n<meta property=\"og:title\" content=\"Czy\u015bciwo specjalistyczne DAKO SMO 300 celulozowo-poliestrowe \/ Mocne, trwa\u0142e \/ Rulon 300 szt. -\" \/>\n<meta property=\"og:description\" content=\"Czy\u015bciwo specjalistyczne DAKO SMO celulozowo-poliestrowe \/ Mocne, trwa\u0142e \/ Rulon 300 szt.\" \/>\n<meta property=\"og:url\" content=\"https:\/\/spaakcesoria.pl\/index.php\/produkt\/czysciwo-dako-smo-specjalistyczne-celulozowo-poliestrowe-mocen-trwale-300-listkow\/\" \/>\n<meta property=\"article:modified_time\" content=\"2025-04-23T16:14:45+00:00\" \/>\n<meta property=\"og:image\" content=\"https:\/\/spaakcesoria.pl\/wp-content\/uploads\/2023\/02\/smooth-1024x683-1.png\" \/>\n\t<meta property=\"og:image:width\" content=\"688\" \/>\n\t<meta property=\"og:image:height\" content=\"610\" \/>\n\t<meta property=\"og:image:type\" content=\"image\/png\" \/>\n<meta name=\"twitter:card\" content=\"summary_large_image\" \/>\n<meta name=\"twitter:label1\" content=\"Szacowany czas czytania\" \/>\n\t<meta name=\"twitter:data1\" content=\"3 minuty\" \/>\n<script type=\"application\/ld+json\" class=\"yoast-schema-graph\">{\"@context\":\"https:\\\/\\\/schema.org\",\"@graph\":[{\"@type\":\"WebPage\",\"@id\":\"https:\\\/\\\/spaakcesoria.pl\\\/index.php\\\/produkt\\\/czysciwo-dako-smo-specjalistyczne-celulozowo-poliestrowe-mocen-trwale-300-listkow\\\/\",\"url\":\"https:\\\/\\\/spaakcesoria.pl\\\/index.php\\\/produkt\\\/czysciwo-dako-smo-specjalistyczne-celulozowo-poliestrowe-mocen-trwale-300-listkow\\\/\",\"name\":\"Czy\u015bciwo specjalistyczne DAKO SMO 300 celulozowo-poliestrowe \\\/ Mocne, trwa\u0142e \\\/ Rulon 300 szt. -\",\"isPartOf\":{\"@id\":\"https:\\\/\\\/spaakcesoria.pl\\\/#website\"},\"primaryImageOfPage\":{\"@id\":\"https:\\\/\\\/spaakcesoria.pl\\\/index.php\\\/produkt\\\/czysciwo-dako-smo-specjalistyczne-celulozowo-poliestrowe-mocen-trwale-300-listkow\\\/#primaryimage\"},\"image\":{\"@id\":\"https:\\\/\\\/spaakcesoria.pl\\\/index.php\\\/produkt\\\/czysciwo-dako-smo-specjalistyczne-celulozowo-poliestrowe-mocen-trwale-300-listkow\\\/#primaryimage\"},\"thumbnailUrl\":\"https:\\\/\\\/spaakcesoria.pl\\\/wp-content\\\/uploads\\\/2023\\\/02\\\/smooth-1024x683-1.png\",\"datePublished\":\"2023-02-25T21:11:14+00:00\",\"dateModified\":\"2025-04-23T16:14:45+00:00\",\"description\":\"Czy\u015bciwo specjalistyczne DAKO SMO celulozowo-poliestrowe \\\/ Mocne, trwa\u0142e \\\/ Rulon 300 szt.\",\"breadcrumb\":{\"@id\":\"https:\\\/\\\/spaakcesoria.pl\\\/index.php\\\/produkt\\\/czysciwo-dako-smo-specjalistyczne-celulozowo-poliestrowe-mocen-trwale-300-listkow\\\/#breadcrumb\"},\"inLanguage\":\"pl-PL\",\"potentialAction\":[{\"@type\":\"ReadAction\",\"target\":[\"https:\\\/\\\/spaakcesoria.pl\\\/index.php\\\/produkt\\\/czysciwo-dako-smo-specjalistyczne-celulozowo-poliestrowe-mocen-trwale-300-listkow\\\/\"]}]},{\"@type\":\"ImageObject\",\"inLanguage\":\"pl-PL\",\"@id\":\"https:\\\/\\\/spaakcesoria.pl\\\/index.php\\\/produkt\\\/czysciwo-dako-smo-specjalistyczne-celulozowo-poliestrowe-mocen-trwale-300-listkow\\\/#primaryimage\",\"url\":\"https:\\\/\\\/spaakcesoria.pl\\\/wp-content\\\/uploads\\\/2023\\\/02\\\/smooth-1024x683-1.png\",\"contentUrl\":\"https:\\\/\\\/spaakcesoria.pl\\\/wp-content\\\/uploads\\\/2023\\\/02\\\/smooth-1024x683-1.png\",\"width\":688,\"height\":610},{\"@type\":\"BreadcrumbList\",\"@id\":\"https:\\\/\\\/spaakcesoria.pl\\\/index.php\\\/produkt\\\/czysciwo-dako-smo-specjalistyczne-celulozowo-poliestrowe-mocen-trwale-300-listkow\\\/#breadcrumb\",\"itemListElement\":[{\"@type\":\"ListItem\",\"position\":1,\"name\":\"Strona g\u0142\u00f3wna\",\"item\":\"https:\\\/\\\/spaakcesoria.pl\\\/\"},{\"@type\":\"ListItem\",\"position\":2,\"name\":\"Sklep\",\"item\":\"https:\\\/\\\/spaakcesoria.pl\\\/index.php\\\/sklep\\\/\"},{\"@type\":\"ListItem\",\"position\":3,\"name\":\"Czy\u015bciwo specjalistyczne DAKO SMO 300 celulozowo-poliestrowe \\\/ Mocne, trwa\u0142e \\\/ Rulon 300 szt.\"}]},{\"@type\":\"WebSite\",\"@id\":\"https:\\\/\\\/spaakcesoria.pl\\\/#website\",\"url\":\"https:\\\/\\\/spaakcesoria.pl\\\/\",\"name\":\"\",\"description\":\"\",\"potentialAction\":[{\"@type\":\"SearchAction\",\"target\":{\"@type\":\"EntryPoint\",\"urlTemplate\":\"https:\\\/\\\/spaakcesoria.pl\\\/?s={search_term_string}\"},\"query-input\":{\"@type\":\"PropertyValueSpecification\",\"valueRequired\":true,\"valueName\":\"search_term_string\"}}],\"inLanguage\":\"pl-PL\"}]}<\/script>\n<!-- \/ Yoast SEO plugin. -->","yoast_head_json":{"title":"Czy\u015bciwo specjalistyczne DAKO SMO 300 celulozowo-poliestrowe \/ Mocne, trwa\u0142e \/ Rulon 300 szt. -","description":"Czy\u015bciwo specjalistyczne DAKO SMO celulozowo-poliestrowe \/ Mocne, trwa\u0142e \/ Rulon 300 szt.","robots":{"index":"index","follow":"follow","max-snippet":"max-snippet:-1","max-image-preview":"max-image-preview:large","max-video-preview":"max-video-preview:-1"},"canonical":"https:\/\/spaakcesoria.pl\/index.php\/produkt\/czysciwo-dako-smo-specjalistyczne-celulozowo-poliestrowe-mocen-trwale-300-listkow\/","og_locale":"pl_PL","og_type":"article","og_title":"Czy\u015bciwo specjalistyczne DAKO SMO 300 celulozowo-poliestrowe \/ Mocne, trwa\u0142e \/ Rulon 300 szt. -","og_description":"Czy\u015bciwo specjalistyczne DAKO SMO celulozowo-poliestrowe \/ Mocne, trwa\u0142e \/ Rulon 300 szt.","og_url":"https:\/\/spaakcesoria.pl\/index.php\/produkt\/czysciwo-dako-smo-specjalistyczne-celulozowo-poliestrowe-mocen-trwale-300-listkow\/","article_modified_time":"2025-04-23T16:14:45+00:00","og_image":[{"width":688,"height":610,"url":"https:\/\/spaakcesoria.pl\/wp-content\/uploads\/2023\/02\/smooth-1024x683-1.png","type":"image\/png"}],"twitter_card":"summary_large_image","twitter_misc":{"Szacowany czas czytania":"3 minuty"},"schema":{"@context":"https:\/\/schema.org","@graph":[{"@type":"WebPage","@id":"https:\/\/spaakcesoria.pl\/index.php\/produkt\/czysciwo-dako-smo-specjalistyczne-celulozowo-poliestrowe-mocen-trwale-300-listkow\/","url":"https:\/\/spaakcesoria.pl\/index.php\/produkt\/czysciwo-dako-smo-specjalistyczne-celulozowo-poliestrowe-mocen-trwale-300-listkow\/","name":"Czy\u015bciwo specjalistyczne DAKO SMO 300 celulozowo-poliestrowe \/ Mocne, trwa\u0142e \/ Rulon 300 szt. -","isPartOf":{"@id":"https:\/\/spaakcesoria.pl\/#website"},"primaryImageOfPage":{"@id":"https:\/\/spaakcesoria.pl\/index.php\/produkt\/czysciwo-dako-smo-specjalistyczne-celulozowo-poliestrowe-mocen-trwale-300-listkow\/#primaryimage"},"image":{"@id":"https:\/\/spaakcesoria.pl\/index.php\/produkt\/czysciwo-dako-smo-specjalistyczne-celulozowo-poliestrowe-mocen-trwale-300-listkow\/#primaryimage"},"thumbnailUrl":"https:\/\/spaakcesoria.pl\/wp-content\/uploads\/2023\/02\/smooth-1024x683-1.png","datePublished":"2023-02-25T21:11:14+00:00","dateModified":"2025-04-23T16:14:45+00:00","description":"Czy\u015bciwo specjalistyczne DAKO SMO celulozowo-poliestrowe \/ Mocne, trwa\u0142e \/ Rulon 300 szt.","breadcrumb":{"@id":"https:\/\/spaakcesoria.pl\/index.php\/produkt\/czysciwo-dako-smo-specjalistyczne-celulozowo-poliestrowe-mocen-trwale-300-listkow\/#breadcrumb"},"inLanguage":"pl-PL","potentialAction":[{"@type":"ReadAction","target":["https:\/\/spaakcesoria.pl\/index.php\/produkt\/czysciwo-dako-smo-specjalistyczne-celulozowo-poliestrowe-mocen-trwale-300-listkow\/"]}]},{"@type":"ImageObject","inLanguage":"pl-PL","@id":"https:\/\/spaakcesoria.pl\/index.php\/produkt\/czysciwo-dako-smo-specjalistyczne-celulozowo-poliestrowe-mocen-trwale-300-listkow\/#primaryimage","url":"https:\/\/spaakcesoria.pl\/wp-content\/uploads\/2023\/02\/smooth-1024x683-1.png","contentUrl":"https:\/\/spaakcesoria.pl\/wp-content\/uploads\/2023\/02\/smooth-1024x683-1.png","width":688,"height":610},{"@type":"BreadcrumbList","@id":"https:\/\/spaakcesoria.pl\/index.php\/produkt\/czysciwo-dako-smo-specjalistyczne-celulozowo-poliestrowe-mocen-trwale-300-listkow\/#breadcrumb","itemListElement":[{"@type":"ListItem","position":1,"name":"Strona g\u0142\u00f3wna","item":"https:\/\/spaakcesoria.pl\/"},{"@type":"ListItem","position":2,"name":"Sklep","item":"https:\/\/spaakcesoria.pl\/index.php\/sklep\/"},{"@type":"ListItem","position":3,"name":"Czy\u015bciwo specjalistyczne DAKO SMO 300 celulozowo-poliestrowe \/ Mocne, trwa\u0142e \/ Rulon 300 szt."}]},{"@type":"WebSite","@id":"https:\/\/spaakcesoria.pl\/#website","url":"https:\/\/spaakcesoria.pl\/","name":"","description":"","potentialAction":[{"@type":"SearchAction","target":{"@type":"EntryPoint","urlTemplate":"https:\/\/spaakcesoria.pl\/?s={search_term_string}"},"query-input":{"@type":"PropertyValueSpecification","valueRequired":true,"valueName":"search_term_string"}}],"inLanguage":"pl-PL"}]}},"_links":{"self":[{"href":"https:\/\/spaakcesoria.pl\/index.php\/wp-json\/wp\/v2\/product\/2599","targetHints":{"allow":["GET"]}}],"collection":[{"href":"https:\/\/spaakcesoria.pl\/index.php\/wp-json\/wp\/v2\/product"}],"about":[{"href":"https:\/\/spaakcesoria.pl\/index.php\/wp-json\/wp\/v2\/types\/product"}],"version-history":[{"count":16,"href":"https:\/\/spaakcesoria.pl\/index.php\/wp-json\/wp\/v2\/product\/2599\/revisions"}],"predecessor-version":[{"id":2968,"href":"https:\/\/spaakcesoria.pl\/index.php\/wp-json\/wp\/v2\/product\/2599\/revisions\/2968"}],"wp:featuredmedia":[{"embeddable":true,"href":"https:\/\/spaakcesoria.pl\/index.php\/wp-json\/wp\/v2\/media\/2604"}],"wp:attachment":[{"href":"https:\/\/spaakcesoria.pl\/index.php\/wp-json\/wp\/v2\/media?parent=2599"}],"wp:term":[{"taxonomy":"product_brand","embeddable":true,"href":"https:\/\/spaakcesoria.pl\/index.php\/wp-json\/wp\/v2\/product_brand?post=2599"},{"taxonomy":"product_cat","embeddable":true,"href":"https:\/\/spaakcesoria.pl\/index.php\/wp-json\/wp\/v2\/product_cat?post=2599"},{"taxonomy":"product_tag","embeddable":true,"href":"https:\/\/spaakcesoria.pl\/index.php\/wp-json\/wp\/v2\/product_tag?post=2599"}],"curies":[{"name":"wp","href":"https:\/\/api.w.org\/{rel}","templated":true}]}}