{"id":2607,"date":"2023-02-27T11:40:06","date_gmt":"2023-02-27T10:40:06","guid":{"rendered":"https:\/\/spaakcesoria.pl\/?post_type=product&#038;p=2607"},"modified":"2025-04-23T18:15:05","modified_gmt":"2025-04-23T16:15:05","slug":"czysciwo-specjalistyczne-pu-ekstremalnie-mocne-i-chlonne-300-listkow","status":"publish","type":"product","link":"https:\/\/spaakcesoria.pl\/index.php\/produkt\/czysciwo-specjalistyczne-pu-ekstremalnie-mocne-i-chlonne-300-listkow\/","title":{"rendered":"Czy\u015bciwo specjalistyczne DAKO PU 300 &#8211; Extremalnie mocne i ch\u0142onne \/\u00a0Rulon 300 listk\u00f3w"},"content":{"rendered":"<h2>Czy\u015bciwo specjalistyczne DAKO PU &#8211; Extremalnie mocne i ch\u0142onne\/ celulozowo-poliestrowe- polipropylenowe \/\u00a0 Rulon 300 listk\u00f3w<\/h2>\n<h4><strong><span style=\"color: #800080;\">Zapytania prosimy kierowa\u0107 na adres:\u00a0<\/span><\/strong> \u00a0 \u00a0<a href=\"mailto:spaakcesoria@gmail.com\">spaakcesoria@gmail.com\u00a0<\/a><\/h4>\n<h4><\/h4>\n<h4><span style=\"color: #0000ff;\">CZY\u015aCIWO\u00a0 SPECJALISTYCZNE\u00a0 \u00a0PU stosowane jest w:<\/span><\/h4>\n<ul>\n<li>\n<h4><span style=\"color: #0000ff;\">Zak\u0142adach\u00a0 Farmaceutycznych<\/span><\/h4>\n<\/li>\n<li>\n<h4><span style=\"color: #0000ff;\">Przemy\u015ble Medycznym<\/span><\/h4>\n<\/li>\n<li>\n<h4><span style=\"color: #0000ff;\">Przemysle Elektronicznym\\<\/span><\/h4>\n<\/li>\n<li>\n<h4><span style=\"color: #0000ff;\">Przemysle Lekkim<\/span><\/h4>\n<\/li>\n<li>\n<h4><span style=\"color: #0000ff;\">Przemysle Ci\u0119\u017ckim<\/span><\/h4>\n<\/li>\n<\/ul>\n<h4><span style=\"color: #993366;\">Czy\u015bciwa specjalistyczne DAKO PU to po\u0142\u0105czenie wytrzyma\u0142o\u015bci z wytrzyma\u0142o\u015bci\u0105 i niesamowit\u0105 ch\u0142onno\u015bci\u0105. Stosowane jest przede wszystkim w zak\u0142adach farmaceutycznych, przemy\u015ble medycznym, przemy\u015ble elektronicznym, lekkim oraz ci\u0119\u017ckim.<\/span><\/h4>\n<p>&nbsp;<\/p>\n<div class=\"page\" title=\"Page 3\">\n<div class=\"section\">\n<div class=\"layoutArea\">\n<div class=\"column\">\n<div class=\"page\" title=\"Page 6\">\n<div class=\"section\">\n<div class=\"layoutArea\">\n<div class=\"column\">\n<h4><strong>Czys\u0301ciwo przemys\u0142owe specjalistyczne\u00a0 DAKO PU<\/strong>\u00a0jest odpowiednio dobrane i skomponowane z w\u0142o\u0301kien celulozowych, poliestrowych i polipropylenowych, kto\u0301re decyduja\u0328 o ekstremalnie wysokiej ch\u0142onnos\u0301ci materia\u0142u.<\/h4>\n<h4>Najlepiej sprawdzaja\u0328 sie\u0328 w miejscach wymagaja\u0328cych usuwania duz\u0307ych ilos\u0301ci zabrudzen\u0301 p\u0142ynnych.<\/h4>\n<h4>Specjalna struktura powierzchni czys\u0301ciwa pozwala na szybki i dok\u0142adne zbieranie i usuwanie zabrudzen\u0301 powsta\u0142ych w czasie procesu technologicznego. Elastyczny materia\u0142 u\u0142atwia czyszczenie trudno doste\u0328pnych miejsc.<\/h4>\n<p>&nbsp;<\/p>\n<\/div>\n<\/div>\n<\/div>\n<\/div>\n<h4><span style=\"font-family: ArialMT; font-size: large;\">.<\/span><\/h4>\n<p><img fetchpriority=\"high\" decoding=\"async\" class=\" wp-image-2608 aligncenter\" src=\"https:\/\/spaakcesoria.pl\/wp-content\/uploads\/2023\/02\/Pulp-1024x683-2-300x200.png\" alt=\"\" width=\"469\" height=\"312\" srcset=\"https:\/\/spaakcesoria.pl\/wp-content\/uploads\/2023\/02\/Pulp-1024x683-2-300x200.png 300w, https:\/\/spaakcesoria.pl\/wp-content\/uploads\/2023\/02\/Pulp-1024x683-2-768x512.png 768w, https:\/\/spaakcesoria.pl\/wp-content\/uploads\/2023\/02\/Pulp-1024x683-2-600x400.png 600w, https:\/\/spaakcesoria.pl\/wp-content\/uploads\/2023\/02\/Pulp-1024x683-2-240x160.png 240w, https:\/\/spaakcesoria.pl\/wp-content\/uploads\/2023\/02\/Pulp-1024x683-2-416x277.png 416w, https:\/\/spaakcesoria.pl\/wp-content\/uploads\/2023\/02\/Pulp-1024x683-2.png 1024w\" sizes=\"(max-width: 469px) 100vw, 469px\" \/><\/p>\n<\/div>\n<\/div>\n<\/div>\n<\/div>\n<h4><\/h4>\n<h4><strong>Czys\u0301ciwo DAKO PU jest: <\/strong><\/h4>\n<h4>&#8211; bardzo mocne w stanie suchym i mokrym,<\/h4>\n<h4>&#8211; idealnie wch\u0142ania i usuwa zabrudzenia posiada wysoki stopien\u0301 absorpcji,<\/h4>\n<h4>&#8211; nie rysuje czyszczonej powierzchni,<\/h4>\n<h4>&#8211; dobrze wspo\u0301\u0142pracuje z rozpuszczalnikami,<\/h4>\n<h4>&#8211; kolor bia\u0142y,<\/h4>\n<h4>&#8211; odpowiednie do czyszczenia wymagaja\u0328cego duz\u0307ej dok\u0142adnos\u0301ci i precyzji,<\/h4>\n<h4>&#8211; posiada atest PZH.<\/h4>\n<p>&nbsp;<\/p>\n<div class=\"page\" title=\"Page 3\">\n<div class=\"section\">\n<div class=\"layoutArea\">\n<div class=\"column\">\n<div class=\"page\" title=\"Page 3\">\n<div class=\"section\">\n<div class=\"layoutArea\">\n<div class=\"column\">\n<p><img decoding=\"async\" class=\"size-medium wp-image-2563 aligncenter\" src=\"https:\/\/spaakcesoria.pl\/wp-content\/uploads\/2023\/02\/Zrzut-ekranu-2023-02-23-o-16.39.34-300x232.png\" alt=\"\" width=\"300\" height=\"232\" srcset=\"https:\/\/spaakcesoria.pl\/wp-content\/uploads\/2023\/02\/Zrzut-ekranu-2023-02-23-o-16.39.34-300x232.png 300w, https:\/\/spaakcesoria.pl\/wp-content\/uploads\/2023\/02\/Zrzut-ekranu-2023-02-23-o-16.39.34-207x160.png 207w, https:\/\/spaakcesoria.pl\/wp-content\/uploads\/2023\/02\/Zrzut-ekranu-2023-02-23-o-16.39.34-416x321.png 416w, https:\/\/spaakcesoria.pl\/wp-content\/uploads\/2023\/02\/Zrzut-ekranu-2023-02-23-o-16.39.34.png 553w\" sizes=\"(max-width: 300px) 100vw, 300px\" \/><\/p>\n<div class=\"page\" title=\"Page 3\">\n<div class=\"section\">\n<div class=\"layoutArea\">\n<div class=\"column\">\n<h4><\/h4>\n<h4 class=\"western\"><strong>Niezbe\u0328dne do czyszczenia:<\/strong><\/h4>\n<h4>&#8211; linii produkcyjnych.<br \/>\n&#8211; miejsc pracy,<br \/>\n&#8211; narze\u0328dzi,<br \/>\n&#8211; przygotowanych detali,<\/h4>\n<h4>&#8211;\u00a0 wycierania smar\u00f3w i olej\u00f3w,<\/h4>\n<p>&nbsp;<\/p>\n<p>&nbsp;<\/p>\n<\/div>\n<\/div>\n<\/div>\n<div class=\"section\">\n<div class=\"layoutArea\">\n<div class=\"column\">\n<div class=\"page\" title=\"Page 3\">\n<div class=\"section\">\n<div class=\"layoutArea\">\n<div class=\"column\">\n<p><img decoding=\"async\" class=\" wp-image-2564 aligncenter\" src=\"https:\/\/spaakcesoria.pl\/wp-content\/uploads\/2023\/02\/Zrzut-ekranu-2023-02-23-o-16.40.38-300x179.png\" alt=\"\" width=\"412\" height=\"246\" srcset=\"https:\/\/spaakcesoria.pl\/wp-content\/uploads\/2023\/02\/Zrzut-ekranu-2023-02-23-o-16.40.38-300x179.png 300w, https:\/\/spaakcesoria.pl\/wp-content\/uploads\/2023\/02\/Zrzut-ekranu-2023-02-23-o-16.40.38-268x160.png 268w, https:\/\/spaakcesoria.pl\/wp-content\/uploads\/2023\/02\/Zrzut-ekranu-2023-02-23-o-16.40.38-416x248.png 416w, https:\/\/spaakcesoria.pl\/wp-content\/uploads\/2023\/02\/Zrzut-ekranu-2023-02-23-o-16.40.38.png 463w\" sizes=\"(max-width: 412px) 100vw, 412px\" \/><\/p>\n<h4><\/h4>\n<h4 class=\"western\"><strong>Czys\u0301ciwo przemys\u0142owe specjalistyczne DAKO PU stosuje sie\u0328 w:<\/strong><\/h4>\n<h4>&#8211; zak\u0142ady farmaceutyczne,<br \/>\n&#8211; przemys\u0142 medyczny,<br \/>\n&#8211; przemys\u0142 elektroniczny,<br \/>\n&#8211; przemys\u0142 ci\u0119\u017cki i lekki,<\/h4>\n<p>&nbsp;<\/p>\n<p><img loading=\"lazy\" decoding=\"async\" class=\" wp-image-2771 aligncenter\" src=\"https:\/\/spaakcesoria.pl\/wp-content\/uploads\/2023\/02\/Pulp-1-300x158.png\" alt=\"\" width=\"511\" height=\"269\" srcset=\"https:\/\/spaakcesoria.pl\/wp-content\/uploads\/2023\/02\/Pulp-1-300x158.png 300w, https:\/\/spaakcesoria.pl\/wp-content\/uploads\/2023\/02\/Pulp-1-600x317.png 600w, https:\/\/spaakcesoria.pl\/wp-content\/uploads\/2023\/02\/Pulp-1-280x148.png 280w, https:\/\/spaakcesoria.pl\/wp-content\/uploads\/2023\/02\/Pulp-1-416x220.png 416w, https:\/\/spaakcesoria.pl\/wp-content\/uploads\/2023\/02\/Pulp-1.png 701w\" sizes=\"(max-width: 511px) 100vw, 511px\" \/><\/p>\n<\/div>\n<\/div>\n<\/div>\n<\/div>\n<\/div>\n<\/div>\n<h4><\/h4>\n<div class=\"layoutArea\">\n<h4><\/h4>\n<div class=\"column\">\n<h4><span style=\"color: #800080;\">Opakowanie jednostkowe : Rulon 300 listko\u0301w 29 x37 cm, 111 mb<\/span><\/h4>\n<p>&nbsp;<\/p>\n<div class=\"page\" title=\"Page 3\">\n<div class=\"section\">\n<div class=\"layoutArea\">\n<div class=\"column\">\n<h4><strong><span style=\"color: #ff0000;\">Realizujemy zam\u00f3wienie w ilo\u015bci: <\/span><\/strong><\/h4>\n<div class=\"page\" title=\"Page 3\">\n<div class=\"section\">\n<div class=\"layoutArea\">\n<div class=\"column\">\n<h4><strong><span style=\"color: #800080;\">Realizujemy zam\u00f3wienie:\u00a0 <span style=\"color: #0000ff;\">( mo\u017cliwy\u00a0 mix\u00a0 czy\u015bciw)\u00a0<\/span><\/span><\/strong><\/h4>\n<h4><strong><span style=\"color: #800080;\">np. w kartonie\u00a0 mo\u017ce znajdowa\u0107 si\u0119\u00a0 do 8 rulon\u00f3w\u00a0 po 300 szt.\u00a0<\/span><\/strong><\/h4>\n<h4>cena 1 rulonu ( 300 listk\u00f3w\/ 111 mb ) <strong>\u00a0wynosi\u00a0 \u00a092,89 netto<\/strong>\u00a0 \u00a0tj. 114,25 z\u0142 brutto<\/h4>\n<h5 class=\"western\"><span style=\"color: #ff0000;\"><strong>Dla nowych klient\u00f3w pierwsze 3 zam\u00f3wienia z przedp\u0142at\u0105, kolejne zam\u00f3wienia\u00a0 z terminem p\u0142atno\u015bci 14 dni.<\/strong><\/span><\/h5>\n<\/div>\n<\/div>\n<\/div>\n<\/div>\n<p><span style=\"color: #0000ff;\">koszt wysy\u0142ki\u00a0 kartonu &#8211;\u00a0 22,- z\u0142 netto tj. 27,06 z\u0142 brutto<\/span><\/p>\n<h4><strong><span style=\"color: #800080;\">Realizujemy r\u00f3wnie\u017c zam\u00f3wienie w ilo\u015bci: paleta\u00a0 <span style=\"color: #0000ff;\">( mo\u017cliwy mix )<\/span><\/span><\/strong><\/h4>\n<p><span style=\"color: #0000ff;\">koszt wysy\u0142ki\u00a0 palety &#8211;\u00a0 199,- z\u0142 netto tj. 244,77 z\u0142 brutto<\/span><\/p>\n<\/div>\n<\/div>\n<\/div>\n<\/div>\n<\/div>\n<\/div>\n<\/div>\n<\/div>\n<\/div>\n<\/div>\n<\/div>\n<\/div>\n<\/div>\n<\/div>\n<\/div>\n<\/div>\n","protected":false},"excerpt":{"rendered":"<h4>Czy\u015bciwo specjalistyczne DAKO PU &#8211; Extremalnie mocne i ch\u0142onne\/ Rulon 300 listk\u00f3w<\/h4>\n","protected":false},"featured_media":2612,"template":"","meta":{"_monsterinsights_skip_tracking":false,"_monsterinsights_sitenote_active":false,"_monsterinsights_sitenote_note":"","_monsterinsights_sitenote_category":0},"product_brand":[],"product_cat":[466,459],"product_tag":[469,468,472,474,470,471,473],"class_list":{"0":"post-2607","1":"product","2":"type-product","3":"status-publish","4":"has-post-thumbnail","6":"product_cat-czysciwo-pu","7":"product_cat-czysciwo","8":"product_tag-classic","9":"product_tag-czysciwo-2","10":"product_tag-czysciwo-classic-2","11":"product_tag-czysciwo-miekkie","12":"product_tag-czysciwo-uniwersalne","13":"product_tag-czysciwo-wiskozowo-poliestrowe","14":"product_tag-soft","16":"first","17":"instock","18":"taxable","19":"shipping-taxable","20":"purchasable","21":"product-type-simple"},"yoast_head":"<!-- This site is optimized with the Yoast SEO plugin v27.5 - https:\/\/yoast.com\/product\/yoast-seo-wordpress\/ -->\n<title>Czy\u015bciwo specjalistyczne DAKO PU 300 - Extremalnie mocne i ch\u0142onne \/\u00a0Rulon 300 listk\u00f3w -<\/title>\n<meta name=\"description\" content=\"Czy\u015bciwo specjalistyczne DAKO PU - Extremalnie mocne i ch\u0142onne\/ celulozowo-poliestrowe- polipropylenowe \/\u00a0 Rulon 300 listk\u00f3w\" \/>\n<meta name=\"robots\" content=\"index, follow, max-snippet:-1, max-image-preview:large, max-video-preview:-1\" \/>\n<link rel=\"canonical\" href=\"https:\/\/spaakcesoria.pl\/index.php\/produkt\/czysciwo-specjalistyczne-pu-ekstremalnie-mocne-i-chlonne-300-listkow\/\" \/>\n<meta property=\"og:locale\" content=\"pl_PL\" \/>\n<meta property=\"og:type\" content=\"article\" \/>\n<meta property=\"og:title\" content=\"Czy\u015bciwo specjalistyczne DAKO PU 300 - Extremalnie mocne i ch\u0142onne \/\u00a0Rulon 300 listk\u00f3w -\" \/>\n<meta property=\"og:description\" content=\"Czy\u015bciwo specjalistyczne DAKO PU - Extremalnie mocne i ch\u0142onne\/ celulozowo-poliestrowe- polipropylenowe \/\u00a0 Rulon 300 listk\u00f3w\" \/>\n<meta property=\"og:url\" content=\"https:\/\/spaakcesoria.pl\/index.php\/produkt\/czysciwo-specjalistyczne-pu-ekstremalnie-mocne-i-chlonne-300-listkow\/\" \/>\n<meta property=\"article:modified_time\" content=\"2025-04-23T16:15:05+00:00\" \/>\n<meta property=\"og:image\" content=\"https:\/\/spaakcesoria.pl\/wp-content\/uploads\/2023\/02\/pulp-1024x683-3.png\" \/>\n\t<meta property=\"og:image:width\" content=\"697\" \/>\n\t<meta property=\"og:image:height\" content=\"589\" \/>\n\t<meta property=\"og:image:type\" content=\"image\/png\" \/>\n<meta name=\"twitter:card\" content=\"summary_large_image\" \/>\n<meta name=\"twitter:label1\" content=\"Szacowany czas czytania\" \/>\n\t<meta name=\"twitter:data1\" content=\"3 minuty\" \/>\n<script type=\"application\/ld+json\" class=\"yoast-schema-graph\">{\"@context\":\"https:\\\/\\\/schema.org\",\"@graph\":[{\"@type\":\"WebPage\",\"@id\":\"https:\\\/\\\/spaakcesoria.pl\\\/index.php\\\/produkt\\\/czysciwo-specjalistyczne-pu-ekstremalnie-mocne-i-chlonne-300-listkow\\\/\",\"url\":\"https:\\\/\\\/spaakcesoria.pl\\\/index.php\\\/produkt\\\/czysciwo-specjalistyczne-pu-ekstremalnie-mocne-i-chlonne-300-listkow\\\/\",\"name\":\"Czy\u015bciwo specjalistyczne DAKO PU 300 - Extremalnie mocne i ch\u0142onne \\\/\u00a0Rulon 300 listk\u00f3w -\",\"isPartOf\":{\"@id\":\"https:\\\/\\\/spaakcesoria.pl\\\/#website\"},\"primaryImageOfPage\":{\"@id\":\"https:\\\/\\\/spaakcesoria.pl\\\/index.php\\\/produkt\\\/czysciwo-specjalistyczne-pu-ekstremalnie-mocne-i-chlonne-300-listkow\\\/#primaryimage\"},\"image\":{\"@id\":\"https:\\\/\\\/spaakcesoria.pl\\\/index.php\\\/produkt\\\/czysciwo-specjalistyczne-pu-ekstremalnie-mocne-i-chlonne-300-listkow\\\/#primaryimage\"},\"thumbnailUrl\":\"https:\\\/\\\/spaakcesoria.pl\\\/wp-content\\\/uploads\\\/2023\\\/02\\\/pulp-1024x683-3.png\",\"datePublished\":\"2023-02-27T10:40:06+00:00\",\"dateModified\":\"2025-04-23T16:15:05+00:00\",\"description\":\"Czy\u015bciwo specjalistyczne DAKO PU - Extremalnie mocne i ch\u0142onne\\\/ celulozowo-poliestrowe- polipropylenowe \\\/\u00a0 Rulon 300 listk\u00f3w\",\"breadcrumb\":{\"@id\":\"https:\\\/\\\/spaakcesoria.pl\\\/index.php\\\/produkt\\\/czysciwo-specjalistyczne-pu-ekstremalnie-mocne-i-chlonne-300-listkow\\\/#breadcrumb\"},\"inLanguage\":\"pl-PL\",\"potentialAction\":[{\"@type\":\"ReadAction\",\"target\":[\"https:\\\/\\\/spaakcesoria.pl\\\/index.php\\\/produkt\\\/czysciwo-specjalistyczne-pu-ekstremalnie-mocne-i-chlonne-300-listkow\\\/\"]}]},{\"@type\":\"ImageObject\",\"inLanguage\":\"pl-PL\",\"@id\":\"https:\\\/\\\/spaakcesoria.pl\\\/index.php\\\/produkt\\\/czysciwo-specjalistyczne-pu-ekstremalnie-mocne-i-chlonne-300-listkow\\\/#primaryimage\",\"url\":\"https:\\\/\\\/spaakcesoria.pl\\\/wp-content\\\/uploads\\\/2023\\\/02\\\/pulp-1024x683-3.png\",\"contentUrl\":\"https:\\\/\\\/spaakcesoria.pl\\\/wp-content\\\/uploads\\\/2023\\\/02\\\/pulp-1024x683-3.png\",\"width\":697,\"height\":589},{\"@type\":\"BreadcrumbList\",\"@id\":\"https:\\\/\\\/spaakcesoria.pl\\\/index.php\\\/produkt\\\/czysciwo-specjalistyczne-pu-ekstremalnie-mocne-i-chlonne-300-listkow\\\/#breadcrumb\",\"itemListElement\":[{\"@type\":\"ListItem\",\"position\":1,\"name\":\"Strona g\u0142\u00f3wna\",\"item\":\"https:\\\/\\\/spaakcesoria.pl\\\/\"},{\"@type\":\"ListItem\",\"position\":2,\"name\":\"Sklep\",\"item\":\"https:\\\/\\\/spaakcesoria.pl\\\/index.php\\\/sklep\\\/\"},{\"@type\":\"ListItem\",\"position\":3,\"name\":\"Czy\u015bciwo specjalistyczne DAKO PU 300 &#8211; Extremalnie mocne i ch\u0142onne \\\/\u00a0Rulon 300 listk\u00f3w\"}]},{\"@type\":\"WebSite\",\"@id\":\"https:\\\/\\\/spaakcesoria.pl\\\/#website\",\"url\":\"https:\\\/\\\/spaakcesoria.pl\\\/\",\"name\":\"\",\"description\":\"\",\"potentialAction\":[{\"@type\":\"SearchAction\",\"target\":{\"@type\":\"EntryPoint\",\"urlTemplate\":\"https:\\\/\\\/spaakcesoria.pl\\\/?s={search_term_string}\"},\"query-input\":{\"@type\":\"PropertyValueSpecification\",\"valueRequired\":true,\"valueName\":\"search_term_string\"}}],\"inLanguage\":\"pl-PL\"}]}<\/script>\n<!-- \/ Yoast SEO plugin. -->","yoast_head_json":{"title":"Czy\u015bciwo specjalistyczne DAKO PU 300 - Extremalnie mocne i ch\u0142onne \/\u00a0Rulon 300 listk\u00f3w -","description":"Czy\u015bciwo specjalistyczne DAKO PU - Extremalnie mocne i ch\u0142onne\/ celulozowo-poliestrowe- polipropylenowe \/\u00a0 Rulon 300 listk\u00f3w","robots":{"index":"index","follow":"follow","max-snippet":"max-snippet:-1","max-image-preview":"max-image-preview:large","max-video-preview":"max-video-preview:-1"},"canonical":"https:\/\/spaakcesoria.pl\/index.php\/produkt\/czysciwo-specjalistyczne-pu-ekstremalnie-mocne-i-chlonne-300-listkow\/","og_locale":"pl_PL","og_type":"article","og_title":"Czy\u015bciwo specjalistyczne DAKO PU 300 - Extremalnie mocne i ch\u0142onne \/\u00a0Rulon 300 listk\u00f3w -","og_description":"Czy\u015bciwo specjalistyczne DAKO PU - Extremalnie mocne i ch\u0142onne\/ celulozowo-poliestrowe- polipropylenowe \/\u00a0 Rulon 300 listk\u00f3w","og_url":"https:\/\/spaakcesoria.pl\/index.php\/produkt\/czysciwo-specjalistyczne-pu-ekstremalnie-mocne-i-chlonne-300-listkow\/","article_modified_time":"2025-04-23T16:15:05+00:00","og_image":[{"width":697,"height":589,"url":"https:\/\/spaakcesoria.pl\/wp-content\/uploads\/2023\/02\/pulp-1024x683-3.png","type":"image\/png"}],"twitter_card":"summary_large_image","twitter_misc":{"Szacowany czas czytania":"3 minuty"},"schema":{"@context":"https:\/\/schema.org","@graph":[{"@type":"WebPage","@id":"https:\/\/spaakcesoria.pl\/index.php\/produkt\/czysciwo-specjalistyczne-pu-ekstremalnie-mocne-i-chlonne-300-listkow\/","url":"https:\/\/spaakcesoria.pl\/index.php\/produkt\/czysciwo-specjalistyczne-pu-ekstremalnie-mocne-i-chlonne-300-listkow\/","name":"Czy\u015bciwo specjalistyczne DAKO PU 300 - Extremalnie mocne i ch\u0142onne \/\u00a0Rulon 300 listk\u00f3w -","isPartOf":{"@id":"https:\/\/spaakcesoria.pl\/#website"},"primaryImageOfPage":{"@id":"https:\/\/spaakcesoria.pl\/index.php\/produkt\/czysciwo-specjalistyczne-pu-ekstremalnie-mocne-i-chlonne-300-listkow\/#primaryimage"},"image":{"@id":"https:\/\/spaakcesoria.pl\/index.php\/produkt\/czysciwo-specjalistyczne-pu-ekstremalnie-mocne-i-chlonne-300-listkow\/#primaryimage"},"thumbnailUrl":"https:\/\/spaakcesoria.pl\/wp-content\/uploads\/2023\/02\/pulp-1024x683-3.png","datePublished":"2023-02-27T10:40:06+00:00","dateModified":"2025-04-23T16:15:05+00:00","description":"Czy\u015bciwo specjalistyczne DAKO PU - Extremalnie mocne i ch\u0142onne\/ celulozowo-poliestrowe- polipropylenowe \/\u00a0 Rulon 300 listk\u00f3w","breadcrumb":{"@id":"https:\/\/spaakcesoria.pl\/index.php\/produkt\/czysciwo-specjalistyczne-pu-ekstremalnie-mocne-i-chlonne-300-listkow\/#breadcrumb"},"inLanguage":"pl-PL","potentialAction":[{"@type":"ReadAction","target":["https:\/\/spaakcesoria.pl\/index.php\/produkt\/czysciwo-specjalistyczne-pu-ekstremalnie-mocne-i-chlonne-300-listkow\/"]}]},{"@type":"ImageObject","inLanguage":"pl-PL","@id":"https:\/\/spaakcesoria.pl\/index.php\/produkt\/czysciwo-specjalistyczne-pu-ekstremalnie-mocne-i-chlonne-300-listkow\/#primaryimage","url":"https:\/\/spaakcesoria.pl\/wp-content\/uploads\/2023\/02\/pulp-1024x683-3.png","contentUrl":"https:\/\/spaakcesoria.pl\/wp-content\/uploads\/2023\/02\/pulp-1024x683-3.png","width":697,"height":589},{"@type":"BreadcrumbList","@id":"https:\/\/spaakcesoria.pl\/index.php\/produkt\/czysciwo-specjalistyczne-pu-ekstremalnie-mocne-i-chlonne-300-listkow\/#breadcrumb","itemListElement":[{"@type":"ListItem","position":1,"name":"Strona g\u0142\u00f3wna","item":"https:\/\/spaakcesoria.pl\/"},{"@type":"ListItem","position":2,"name":"Sklep","item":"https:\/\/spaakcesoria.pl\/index.php\/sklep\/"},{"@type":"ListItem","position":3,"name":"Czy\u015bciwo specjalistyczne DAKO PU 300 &#8211; Extremalnie mocne i ch\u0142onne \/\u00a0Rulon 300 listk\u00f3w"}]},{"@type":"WebSite","@id":"https:\/\/spaakcesoria.pl\/#website","url":"https:\/\/spaakcesoria.pl\/","name":"","description":"","potentialAction":[{"@type":"SearchAction","target":{"@type":"EntryPoint","urlTemplate":"https:\/\/spaakcesoria.pl\/?s={search_term_string}"},"query-input":{"@type":"PropertyValueSpecification","valueRequired":true,"valueName":"search_term_string"}}],"inLanguage":"pl-PL"}]}},"_links":{"self":[{"href":"https:\/\/spaakcesoria.pl\/index.php\/wp-json\/wp\/v2\/product\/2607","targetHints":{"allow":["GET"]}}],"collection":[{"href":"https:\/\/spaakcesoria.pl\/index.php\/wp-json\/wp\/v2\/product"}],"about":[{"href":"https:\/\/spaakcesoria.pl\/index.php\/wp-json\/wp\/v2\/types\/product"}],"version-history":[{"count":11,"href":"https:\/\/spaakcesoria.pl\/index.php\/wp-json\/wp\/v2\/product\/2607\/revisions"}],"predecessor-version":[{"id":2969,"href":"https:\/\/spaakcesoria.pl\/index.php\/wp-json\/wp\/v2\/product\/2607\/revisions\/2969"}],"wp:featuredmedia":[{"embeddable":true,"href":"https:\/\/spaakcesoria.pl\/index.php\/wp-json\/wp\/v2\/media\/2612"}],"wp:attachment":[{"href":"https:\/\/spaakcesoria.pl\/index.php\/wp-json\/wp\/v2\/media?parent=2607"}],"wp:term":[{"taxonomy":"product_brand","embeddable":true,"href":"https:\/\/spaakcesoria.pl\/index.php\/wp-json\/wp\/v2\/product_brand?post=2607"},{"taxonomy":"product_cat","embeddable":true,"href":"https:\/\/spaakcesoria.pl\/index.php\/wp-json\/wp\/v2\/product_cat?post=2607"},{"taxonomy":"product_tag","embeddable":true,"href":"https:\/\/spaakcesoria.pl\/index.php\/wp-json\/wp\/v2\/product_tag?post=2607"}],"curies":[{"name":"wp","href":"https:\/\/api.w.org\/{rel}","templated":true}]}}