{"id":2680,"date":"2023-03-02T21:52:56","date_gmt":"2023-03-02T20:52:56","guid":{"rendered":"https:\/\/spaakcesoria.pl\/?post_type=product&#038;p=2680"},"modified":"2026-02-03T20:35:25","modified_gmt":"2026-02-03T19:35:25","slug":"sciereczki-uniwersalne-classic-kolor-100-szt","status":"publish","type":"product","link":"https:\/\/spaakcesoria.pl\/index.php\/produkt\/sciereczki-uniwersalne-classic-kolor-100-szt\/","title":{"rendered":"\u015aciereczki DAKO Classic KOLOR &#8211; Uniwersalne \/ wiskozowo-poliestrowe \/ Karton 100 szt."},"content":{"rendered":"<h2>\u015aciereczki DAKO Classic KOLOR &#8211; Uniwersalne \/ wiskozowo-poliestrowe \/ Karton 100 szt.<\/h2>\n<h4><strong><span style=\"color: #800080;\">Zapytania prosimy kierowa\u0107 na adres:\u00a0<\/span><\/strong> \u00a0 \u00a0<a href=\"mailto:spaakcesoria@gmail.com\">spaakcesoria@gmail.com\u00a0<\/a><\/h4>\n<p>&nbsp;<\/p>\n<div class=\"page\" title=\"Page 3\">\n<div class=\"section\">\n<div class=\"layoutArea\">\n<div class=\"column\">\n<h4><strong><span style=\"color: #0000ff;\">\u015aciereczki Uniwersalne DAKO CLASSIC KOLOR stosowane s\u0105 w:<\/span><\/strong><\/h4>\n<ul>\n<li>\n<h4><span style=\"color: #0000ff;\">Hotele, Motele, ZAjazdy, Pensjonaty<\/span><\/h4>\n<\/li>\n<li>\n<h4><span style=\"color: #0000ff;\">Firmy Cateringowe<\/span><\/h4>\n<\/li>\n<li>\n<h4><span style=\"color: #0000ff;\">Gastronomia<\/span><\/h4>\n<\/li>\n<li>\n<h4><span style=\"color: #0000ff;\">Firmy sprz\u0105taj\u0105ce<\/span><\/h4>\n<\/li>\n<li>\n<h4><span style=\"color: #0000ff;\">Gospodarstwa Domowe<\/span><\/h4>\n<\/li>\n<\/ul>\n<h4 class=\"p1\"><b>\u015aciereczki uniwersalne\u00a0 DAKO Classic Kolor<\/b>\u00a0to\u00a0<a href=\"https:\/\/www.tethys.pl\/oferta\/czysciwa-przemyslowe\/\"><span class=\"s1\"><b>czy\u015bciwo<\/b>\u00a0<\/span><\/a>cenione s\u0105 za uniwersalno\u015b\u0107\u00a0 i wszechstronno\u015bci zastosowania.<\/h4>\n<h4 class=\"p1\">Doskonale sprawdzaj\u0105 si\u0119 podczas mycia ro\u017cnego rodzaju powierzchni, polerowania oraz czyszczenia i usuwania kurzu.<\/h4>\n<h4 class=\"p1\">\u00a0<b>\u015aciereczki DAKO Classic Kolor<\/b>\u00a0sprawdzaj\u0105 si\u0119 w gastronomii, firmach cateringowych, firmach sprz\u0105taj\u0105cych, ale tak\u017ce w gospodarstwach domowych, hotelach, motelach oraz zajazdach czy pensjonatach. Nasi klienci ceni\u0105 je za ch\u0142onno\u015b\u0107, wytrzyma\u0142o\u015b\u0107 oraz elastyczno\u015b\u0107, co wp\u0142ywa pozytywnie na proces czyszczenia i sprz\u0105tania.<\/h4>\n<p>&nbsp;<\/p>\n<p><img fetchpriority=\"high\" decoding=\"async\" class=\" wp-image-2562 aligncenter\" src=\"https:\/\/spaakcesoria.pl\/wp-content\/uploads\/2023\/02\/1Classic-1024x683-1-300x200.png\" alt=\"\" width=\"367\" height=\"244\" srcset=\"https:\/\/spaakcesoria.pl\/wp-content\/uploads\/2023\/02\/1Classic-1024x683-1-300x200.png 300w, https:\/\/spaakcesoria.pl\/wp-content\/uploads\/2023\/02\/1Classic-1024x683-1-768x512.png 768w, https:\/\/spaakcesoria.pl\/wp-content\/uploads\/2023\/02\/1Classic-1024x683-1-600x400.png 600w, https:\/\/spaakcesoria.pl\/wp-content\/uploads\/2023\/02\/1Classic-1024x683-1-240x160.png 240w, https:\/\/spaakcesoria.pl\/wp-content\/uploads\/2023\/02\/1Classic-1024x683-1-416x277.png 416w, https:\/\/spaakcesoria.pl\/wp-content\/uploads\/2023\/02\/1Classic-1024x683-1.png 1024w\" sizes=\"(max-width: 367px) 100vw, 367px\" \/><\/p>\n<h4 class=\"p1\"><span style=\"color: #ff0000;\">S\u0301ciereczki <b>DAKO CLASSIC\u00a0 KOLOR <\/b>doskonale nadaja\u0328 sie\u0328 do:\u00a0<\/span><\/h4>\n<h4 class=\"p1\"><span style=\"color: #ff0000;\">&#8211; mycia,<\/span><\/h4>\n<h4 class=\"p1\"><span style=\"color: #ff0000;\">&#8211; polerowania,<\/span><\/h4>\n<h4 class=\"p1\"><span style=\"color: #ff0000;\">&#8211; czyszczenia,<span class=\"Apple-converted-space\">\u00a0<\/span><\/span><\/h4>\n<h4 class=\"p1\"><span style=\"color: #ff0000;\">&#8211; usuwania kurzu.<span class=\"Apple-converted-space\">\u00a0<\/span><\/span><\/h4>\n<p>&nbsp;<\/p>\n<div class=\"page\" title=\"Page 3\">\n<div class=\"section\">\n<div class=\"layoutArea\">\n<div class=\"column\">\n<p><span style=\"font-size: 1.41575em;\">S\u0301ciereczki uniwersalne <\/span><b style=\"font-size: 1.41575em;\">DAKO CLASSIC\u00a0 KOLOR <\/b><span style=\"font-size: 1.41575em;\">doste\u0328pne sa\u0328 w kolorach odpowiednio dobranych do stref czystos\u0301ci:<\/span><\/p>\n<div class=\"page\" title=\"Page 3\">\n<div class=\"section\">\n<div class=\"layoutArea\">\n<div class=\"column\">\n<h4 class=\"p1\"><span style=\"color: #ff9900;\">&#8211; z\u0307\u00f3\u0142ty,<\/span><br \/>\n<span style=\"color: #ff00ff;\">&#8211; r\u00f3z\u0307owy<span class=\"Apple-converted-space\">\u00a0<\/span><\/span><\/h4>\n<h4 class=\"p1\"><span style=\"color: #008000;\">&#8211; zielony,<\/span><br \/>\n<span style=\"color: #0000ff;\">&#8211; niebieski.<span class=\"Apple-converted-space\">\u00a0<\/span><\/span><\/h4>\n<p>&nbsp;<\/p>\n<\/div>\n<\/div>\n<\/div>\n<div class=\"section\">\n<div class=\"layoutArea\">\n<div class=\"column\">\n<div class=\"page\" title=\"Page 3\">\n<div class=\"section\">\n<div class=\"layoutArea\">\n<div class=\"column\">\n<h4 class=\"western\"><strong>\u015aciereczki DAKO CLASSIC KOLOR stosuje sie\u0328 w:<\/strong><\/h4>\n<ul>\n<li>\n<h4><span style=\"color: #0000ff;\">Hotele, Motele, Zajazdy, Pensjonaty<\/span><\/h4>\n<\/li>\n<li>\n<h4><span style=\"color: #0000ff;\">Firmy Cateringowe<\/span><\/h4>\n<\/li>\n<li>\n<h4><span style=\"color: #0000ff;\">Gastronomia<\/span><\/h4>\n<\/li>\n<li>\n<h4><span style=\"color: #0000ff;\">Firmy sprz\u0105taj\u0105ce<\/span><\/h4>\n<\/li>\n<li>\n<h4><span style=\"color: #0000ff;\">Gospodarstwa Domowe<\/span><\/h4>\n<\/li>\n<\/ul>\n<p>&nbsp;<\/p>\n<\/div>\n<\/div>\n<\/div>\n<\/div>\n<h4><span style=\"color: #800080;\">Opakowanie jednostkowe : Karton 100 \u015bciereczek 32&#215;38 cm, 100 szt.<\/span><\/h4>\n<div class=\"page\" title=\"Page 3\">\n<div class=\"section\">\n<div class=\"layoutArea\">\n<div class=\"column\">\n<div class=\"page\" title=\"Page 3\">\n<div class=\"section\">\n<div class=\"layoutArea\">\n<div class=\"column\">\n<h4><strong><span style=\"color: #800080;\">Realizujemy zam\u00f3wienie w ilo\u015bci:\u00a0<\/span><\/strong><\/h4>\n<h4><strong><span style=\"color: #800080;\">np. w\u00a0 kartonie mo\u017ce\u00a0 znajdowa\u0107 si\u0119\u00a0 8 kartonik\u00f3w\u00a0 po 100 szt. <span style=\"color: #ff00ff;\">( ka\u017cdy kartonik mo\u017ce by\u0107 w innym kolorze)<\/span><\/span><\/strong><\/h4>\n<h4>cena 1 kartonika ( 100 szt. ) <strong>\u00a0wynosi\u00a0 \u00a056,10 z\u0142 netto<\/strong>\u00a0 \u00a0tj. 69,- z\u0142 brutto<\/h4>\n<h4><\/h4>\n<\/div>\n<\/div>\n<\/div>\n<\/div>\n<p><span style=\"color: #0000ff;\">koszt wysy\u0142ki\u00a0 kartonu &#8211;\u00a0 22,- z\u0142 netto tj. 27,06 z\u0142 brutto<\/span><\/p>\n<h5 class=\"western\"><span style=\"color: #ff0000;\"><strong>Dla nowych klient\u00f3w pierwsze 3 zam\u00f3wienia z przedp\u0142at\u0105, kolejne zam\u00f3wienia\u00a0 z terminem p\u0142atno\u015bci 14 dni.<\/strong><\/span><\/h5>\n<h4><strong><span style=\"color: #800080;\">Realizujemy r\u00f3wnie\u017c zam\u00f3wienie w wi\u0119kszej ilo\u015bci: na palecie<\/span><\/strong><\/h4>\n<p><span style=\"color: #0000ff;\">koszt wysy\u0142ki\u00a0 palety &#8211;\u00a0 199,- z\u0142 netto tj. 244,77 z\u0142 brutto<\/span><\/p>\n<\/div>\n<\/div>\n<\/div>\n<\/div>\n<\/div>\n<\/div>\n<\/div>\n<\/div>\n<\/div>\n<\/div>\n<\/div>\n<\/div>\n<\/div>\n<\/div>\n<\/div>\n<\/div>\n","protected":false},"excerpt":{"rendered":"<h4>\u015aciereczki uniwersalne DAKO classic kolor 100 szt.<\/h4>\n","protected":false},"featured_media":2681,"template":"","meta":{"_monsterinsights_skip_tracking":false,"_monsterinsights_sitenote_active":false,"_monsterinsights_sitenote_note":"","_monsterinsights_sitenote_category":0},"product_brand":[],"product_cat":[459,482],"product_tag":[469,468,472,470,471,481],"class_list":{"0":"post-2680","1":"product","2":"type-product","3":"status-publish","4":"has-post-thumbnail","6":"product_cat-czysciwo","7":"product_cat-sciereczki-kolorowe-uniwersalne","8":"product_tag-classic","9":"product_tag-czysciwo-2","10":"product_tag-czysciwo-classic-2","11":"product_tag-czysciwo-uniwersalne","12":"product_tag-czysciwo-wiskozowo-poliestrowe","13":"product_tag-sciereczki-kolorowe","15":"first","16":"outofstock","17":"taxable","18":"shipping-taxable","19":"purchasable","20":"product-type-simple"},"yoast_head":"<!-- This site is optimized with the Yoast SEO plugin v27.6 - https:\/\/yoast.com\/product\/yoast-seo-wordpress\/ -->\n<title>\u015aciereczki DAKO Classic KOLOR - Uniwersalne \/ wiskozowo-poliestrowe \/ Karton 100 szt. -<\/title>\n<meta name=\"description\" content=\"\u015bciereczki uniwersalne dako classic kolor 100 szt.\" \/>\n<meta name=\"robots\" content=\"index, follow, max-snippet:-1, max-image-preview:large, max-video-preview:-1\" \/>\n<link rel=\"canonical\" href=\"https:\/\/spaakcesoria.pl\/index.php\/produkt\/sciereczki-uniwersalne-classic-kolor-100-szt\/\" \/>\n<meta property=\"og:locale\" content=\"pl_PL\" \/>\n<meta property=\"og:type\" content=\"article\" \/>\n<meta property=\"og:title\" content=\"\u015aciereczki DAKO Classic KOLOR - Uniwersalne \/ wiskozowo-poliestrowe \/ Karton 100 szt. -\" \/>\n<meta property=\"og:description\" content=\"\u015bciereczki uniwersalne dako classic kolor 100 szt.\" \/>\n<meta property=\"og:url\" content=\"https:\/\/spaakcesoria.pl\/index.php\/produkt\/sciereczki-uniwersalne-classic-kolor-100-szt\/\" \/>\n<meta property=\"article:modified_time\" content=\"2026-02-03T19:35:25+00:00\" \/>\n<meta property=\"og:image\" content=\"https:\/\/spaakcesoria.pl\/wp-content\/uploads\/2023\/03\/Zrzut-ekranu-2023-03-2-o-22.01.53.png\" \/>\n\t<meta property=\"og:image:width\" content=\"491\" \/>\n\t<meta property=\"og:image:height\" content=\"316\" \/>\n\t<meta property=\"og:image:type\" content=\"image\/png\" \/>\n<meta name=\"twitter:card\" content=\"summary_large_image\" \/>\n<meta name=\"twitter:label1\" content=\"Szacowany czas czytania\" \/>\n\t<meta name=\"twitter:data1\" content=\"2 minuty\" \/>\n<script type=\"application\/ld+json\" class=\"yoast-schema-graph\">{\"@context\":\"https:\\\/\\\/schema.org\",\"@graph\":[{\"@type\":\"WebPage\",\"@id\":\"https:\\\/\\\/spaakcesoria.pl\\\/index.php\\\/produkt\\\/sciereczki-uniwersalne-classic-kolor-100-szt\\\/\",\"url\":\"https:\\\/\\\/spaakcesoria.pl\\\/index.php\\\/produkt\\\/sciereczki-uniwersalne-classic-kolor-100-szt\\\/\",\"name\":\"\u015aciereczki DAKO Classic KOLOR - Uniwersalne \\\/ wiskozowo-poliestrowe \\\/ Karton 100 szt. -\",\"isPartOf\":{\"@id\":\"https:\\\/\\\/spaakcesoria.pl\\\/#website\"},\"primaryImageOfPage\":{\"@id\":\"https:\\\/\\\/spaakcesoria.pl\\\/index.php\\\/produkt\\\/sciereczki-uniwersalne-classic-kolor-100-szt\\\/#primaryimage\"},\"image\":{\"@id\":\"https:\\\/\\\/spaakcesoria.pl\\\/index.php\\\/produkt\\\/sciereczki-uniwersalne-classic-kolor-100-szt\\\/#primaryimage\"},\"thumbnailUrl\":\"https:\\\/\\\/spaakcesoria.pl\\\/wp-content\\\/uploads\\\/2023\\\/03\\\/Zrzut-ekranu-2023-03-2-o-22.01.53.png\",\"datePublished\":\"2023-03-02T20:52:56+00:00\",\"dateModified\":\"2026-02-03T19:35:25+00:00\",\"description\":\"\u015bciereczki uniwersalne dako classic kolor 100 szt.\",\"breadcrumb\":{\"@id\":\"https:\\\/\\\/spaakcesoria.pl\\\/index.php\\\/produkt\\\/sciereczki-uniwersalne-classic-kolor-100-szt\\\/#breadcrumb\"},\"inLanguage\":\"pl-PL\",\"potentialAction\":[{\"@type\":\"ReadAction\",\"target\":[\"https:\\\/\\\/spaakcesoria.pl\\\/index.php\\\/produkt\\\/sciereczki-uniwersalne-classic-kolor-100-szt\\\/\"]}]},{\"@type\":\"ImageObject\",\"inLanguage\":\"pl-PL\",\"@id\":\"https:\\\/\\\/spaakcesoria.pl\\\/index.php\\\/produkt\\\/sciereczki-uniwersalne-classic-kolor-100-szt\\\/#primaryimage\",\"url\":\"https:\\\/\\\/spaakcesoria.pl\\\/wp-content\\\/uploads\\\/2023\\\/03\\\/Zrzut-ekranu-2023-03-2-o-22.01.53.png\",\"contentUrl\":\"https:\\\/\\\/spaakcesoria.pl\\\/wp-content\\\/uploads\\\/2023\\\/03\\\/Zrzut-ekranu-2023-03-2-o-22.01.53.png\",\"width\":491,\"height\":316},{\"@type\":\"BreadcrumbList\",\"@id\":\"https:\\\/\\\/spaakcesoria.pl\\\/index.php\\\/produkt\\\/sciereczki-uniwersalne-classic-kolor-100-szt\\\/#breadcrumb\",\"itemListElement\":[{\"@type\":\"ListItem\",\"position\":1,\"name\":\"Strona g\u0142\u00f3wna\",\"item\":\"https:\\\/\\\/spaakcesoria.pl\\\/\"},{\"@type\":\"ListItem\",\"position\":2,\"name\":\"Sklep\",\"item\":\"https:\\\/\\\/spaakcesoria.pl\\\/index.php\\\/sklep\\\/\"},{\"@type\":\"ListItem\",\"position\":3,\"name\":\"\u015aciereczki DAKO Classic KOLOR &#8211; Uniwersalne \\\/ wiskozowo-poliestrowe \\\/ Karton 100 szt.\"}]},{\"@type\":\"WebSite\",\"@id\":\"https:\\\/\\\/spaakcesoria.pl\\\/#website\",\"url\":\"https:\\\/\\\/spaakcesoria.pl\\\/\",\"name\":\"\",\"description\":\"\",\"potentialAction\":[{\"@type\":\"SearchAction\",\"target\":{\"@type\":\"EntryPoint\",\"urlTemplate\":\"https:\\\/\\\/spaakcesoria.pl\\\/?s={search_term_string}\"},\"query-input\":{\"@type\":\"PropertyValueSpecification\",\"valueRequired\":true,\"valueName\":\"search_term_string\"}}],\"inLanguage\":\"pl-PL\"}]}<\/script>\n<!-- \/ Yoast SEO plugin. -->","yoast_head_json":{"title":"\u015aciereczki DAKO Classic KOLOR - Uniwersalne \/ wiskozowo-poliestrowe \/ Karton 100 szt. -","description":"\u015bciereczki uniwersalne dako classic kolor 100 szt.","robots":{"index":"index","follow":"follow","max-snippet":"max-snippet:-1","max-image-preview":"max-image-preview:large","max-video-preview":"max-video-preview:-1"},"canonical":"https:\/\/spaakcesoria.pl\/index.php\/produkt\/sciereczki-uniwersalne-classic-kolor-100-szt\/","og_locale":"pl_PL","og_type":"article","og_title":"\u015aciereczki DAKO Classic KOLOR - Uniwersalne \/ wiskozowo-poliestrowe \/ Karton 100 szt. -","og_description":"\u015bciereczki uniwersalne dako classic kolor 100 szt.","og_url":"https:\/\/spaakcesoria.pl\/index.php\/produkt\/sciereczki-uniwersalne-classic-kolor-100-szt\/","article_modified_time":"2026-02-03T19:35:25+00:00","og_image":[{"width":491,"height":316,"url":"https:\/\/spaakcesoria.pl\/wp-content\/uploads\/2023\/03\/Zrzut-ekranu-2023-03-2-o-22.01.53.png","type":"image\/png"}],"twitter_card":"summary_large_image","twitter_misc":{"Szacowany czas czytania":"2 minuty"},"schema":{"@context":"https:\/\/schema.org","@graph":[{"@type":"WebPage","@id":"https:\/\/spaakcesoria.pl\/index.php\/produkt\/sciereczki-uniwersalne-classic-kolor-100-szt\/","url":"https:\/\/spaakcesoria.pl\/index.php\/produkt\/sciereczki-uniwersalne-classic-kolor-100-szt\/","name":"\u015aciereczki DAKO Classic KOLOR - Uniwersalne \/ wiskozowo-poliestrowe \/ Karton 100 szt. -","isPartOf":{"@id":"https:\/\/spaakcesoria.pl\/#website"},"primaryImageOfPage":{"@id":"https:\/\/spaakcesoria.pl\/index.php\/produkt\/sciereczki-uniwersalne-classic-kolor-100-szt\/#primaryimage"},"image":{"@id":"https:\/\/spaakcesoria.pl\/index.php\/produkt\/sciereczki-uniwersalne-classic-kolor-100-szt\/#primaryimage"},"thumbnailUrl":"https:\/\/spaakcesoria.pl\/wp-content\/uploads\/2023\/03\/Zrzut-ekranu-2023-03-2-o-22.01.53.png","datePublished":"2023-03-02T20:52:56+00:00","dateModified":"2026-02-03T19:35:25+00:00","description":"\u015bciereczki uniwersalne dako classic kolor 100 szt.","breadcrumb":{"@id":"https:\/\/spaakcesoria.pl\/index.php\/produkt\/sciereczki-uniwersalne-classic-kolor-100-szt\/#breadcrumb"},"inLanguage":"pl-PL","potentialAction":[{"@type":"ReadAction","target":["https:\/\/spaakcesoria.pl\/index.php\/produkt\/sciereczki-uniwersalne-classic-kolor-100-szt\/"]}]},{"@type":"ImageObject","inLanguage":"pl-PL","@id":"https:\/\/spaakcesoria.pl\/index.php\/produkt\/sciereczki-uniwersalne-classic-kolor-100-szt\/#primaryimage","url":"https:\/\/spaakcesoria.pl\/wp-content\/uploads\/2023\/03\/Zrzut-ekranu-2023-03-2-o-22.01.53.png","contentUrl":"https:\/\/spaakcesoria.pl\/wp-content\/uploads\/2023\/03\/Zrzut-ekranu-2023-03-2-o-22.01.53.png","width":491,"height":316},{"@type":"BreadcrumbList","@id":"https:\/\/spaakcesoria.pl\/index.php\/produkt\/sciereczki-uniwersalne-classic-kolor-100-szt\/#breadcrumb","itemListElement":[{"@type":"ListItem","position":1,"name":"Strona g\u0142\u00f3wna","item":"https:\/\/spaakcesoria.pl\/"},{"@type":"ListItem","position":2,"name":"Sklep","item":"https:\/\/spaakcesoria.pl\/index.php\/sklep\/"},{"@type":"ListItem","position":3,"name":"\u015aciereczki DAKO Classic KOLOR &#8211; Uniwersalne \/ wiskozowo-poliestrowe \/ Karton 100 szt."}]},{"@type":"WebSite","@id":"https:\/\/spaakcesoria.pl\/#website","url":"https:\/\/spaakcesoria.pl\/","name":"","description":"","potentialAction":[{"@type":"SearchAction","target":{"@type":"EntryPoint","urlTemplate":"https:\/\/spaakcesoria.pl\/?s={search_term_string}"},"query-input":{"@type":"PropertyValueSpecification","valueRequired":true,"valueName":"search_term_string"}}],"inLanguage":"pl-PL"}]}},"_links":{"self":[{"href":"https:\/\/spaakcesoria.pl\/index.php\/wp-json\/wp\/v2\/product\/2680","targetHints":{"allow":["GET"]}}],"collection":[{"href":"https:\/\/spaakcesoria.pl\/index.php\/wp-json\/wp\/v2\/product"}],"about":[{"href":"https:\/\/spaakcesoria.pl\/index.php\/wp-json\/wp\/v2\/types\/product"}],"version-history":[{"count":6,"href":"https:\/\/spaakcesoria.pl\/index.php\/wp-json\/wp\/v2\/product\/2680\/revisions"}],"predecessor-version":[{"id":2790,"href":"https:\/\/spaakcesoria.pl\/index.php\/wp-json\/wp\/v2\/product\/2680\/revisions\/2790"}],"wp:featuredmedia":[{"embeddable":true,"href":"https:\/\/spaakcesoria.pl\/index.php\/wp-json\/wp\/v2\/media\/2681"}],"wp:attachment":[{"href":"https:\/\/spaakcesoria.pl\/index.php\/wp-json\/wp\/v2\/media?parent=2680"}],"wp:term":[{"taxonomy":"product_brand","embeddable":true,"href":"https:\/\/spaakcesoria.pl\/index.php\/wp-json\/wp\/v2\/product_brand?post=2680"},{"taxonomy":"product_cat","embeddable":true,"href":"https:\/\/spaakcesoria.pl\/index.php\/wp-json\/wp\/v2\/product_cat?post=2680"},{"taxonomy":"product_tag","embeddable":true,"href":"https:\/\/spaakcesoria.pl\/index.php\/wp-json\/wp\/v2\/product_tag?post=2680"}],"curies":[{"name":"wp","href":"https:\/\/api.w.org\/{rel}","templated":true}]}}