{"id":2689,"date":"2023-03-03T19:39:25","date_gmt":"2023-03-03T18:39:25","guid":{"rendered":"https:\/\/spaakcesoria.pl\/?post_type=product&#038;p=2689"},"modified":"2025-04-23T18:16:26","modified_gmt":"2025-04-23T16:16:26","slug":"czysciwo-specjalistyczne-dako-mec-celulozowo-poliestrowe-bardzo-mocne-niskopylne-rulon-500-szt","status":"publish","type":"product","link":"https:\/\/spaakcesoria.pl\/index.php\/produkt\/czysciwo-specjalistyczne-dako-mec-celulozowo-poliestrowe-bardzo-mocne-niskopylne-rulon-500-szt\/","title":{"rendered":"Czy\u015bciwo specjalistyczne DAKO MEC 500 celulozowo-poliestrowe \/ bardzo mocne, niskopylne \/ Rulon 500 szt."},"content":{"rendered":"<h2>Czy\u015bciwo specjalistyczne DAKO MEC celulozowo &#8211; poliestrowe\/ bardzo mocne, niskopylne, wysoki stopie\u0144 absorpcji \/ Rulon 500 listk\u00f3w<\/h2>\n<h4><strong><span style=\"color: #800080;\">Zapytania prosimy kierowa\u0107 na adres:\u00a0<\/span><\/strong> \u00a0 \u00a0<a href=\"mailto:spaakcesoria@gmail.com\">spaakcesoria@gmail.com\u00a0<\/a><\/h4>\n<p>&nbsp;<\/p>\n<div class=\"page\" title=\"Page 3\">\n<div class=\"section\">\n<div class=\"layoutArea\">\n<h4><span style=\"color: #0000ff;\">CZY\u015aCIWO\u00a0 SPECJALISTYCZNE DAKO\u00a0 \u00a0MEC stosowane jest w:<\/span><\/h4>\n<p>&nbsp;<\/p>\n<ul>\n<li>\n<h4><span style=\"color: #0000ff;\">Przemy\u015ble Elektronicznym<\/span><\/h4>\n<\/li>\n<li>\n<h4><span style=\"color: #0000ff;\">Przemy\u015ble Lekkim <\/span><\/h4>\n<\/li>\n<li>\n<h4><span style=\"color: #0000ff;\">Przemy\u015ble Mechanicznym<\/span><\/h4>\n<\/li>\n<li>\n<h4><span style=\"color: #0000ff;\">Przemy\u015ble Ci\u0119\u017ckim<\/span><\/h4>\n<\/li>\n<li>\n<h4><span style=\"color: #0000ff;\">Przemys\u0142 Motoryzacyjny<\/span><\/h4>\n<\/li>\n<li>\n<h4><span style=\"color: #0000ff;\">Poligrafia<\/span><\/h4>\n<\/li>\n<li>\n<h4><span style=\"color: #0000ff;\">Drukarnie<\/span><\/h4>\n<\/li>\n<li>\n<h4><span style=\"color: #0000ff;\">Lakiernie\u00a0<\/span><\/h4>\n<\/li>\n<\/ul>\n<h4>\u00a0Czy\u015bciwo przemys\u0142owe specjalistyczne DAKO\u00a0 MEC to bardzo mocne czy\u015bciwo na bazie celulozy i poliestru.<\/h4>\n<h4 class=\"column\">G\u0142adka struktura powierzchni pozwala na szybkie i dok\u0142adne zbieranie zanieczyszcze\u0144 p\u0142ynnych nie trac\u0105c przy tym w\u0142asno\u015bci fizykochemicznych.<\/h4>\n<h4 class=\"column\">Czy\u015bciwo\u00a0 DAKO MEC jest niskopylne i bardzo wytrzyma\u0142e. \u015awietnie usuwa farby, lakiery i zabrudzenia olejowe.<\/h4>\n<p>&nbsp;<\/p>\n<p><img fetchpriority=\"high\" decoding=\"async\" class=\" wp-image-2629 aligncenter\" src=\"https:\/\/spaakcesoria.pl\/wp-content\/uploads\/2023\/02\/Mechanic-1024x683-1-300x200.png\" alt=\"\" width=\"551\" height=\"368\" srcset=\"https:\/\/spaakcesoria.pl\/wp-content\/uploads\/2023\/02\/Mechanic-1024x683-1-300x200.png 300w, https:\/\/spaakcesoria.pl\/wp-content\/uploads\/2023\/02\/Mechanic-1024x683-1-768x512.png 768w, https:\/\/spaakcesoria.pl\/wp-content\/uploads\/2023\/02\/Mechanic-1024x683-1-600x400.png 600w, https:\/\/spaakcesoria.pl\/wp-content\/uploads\/2023\/02\/Mechanic-1024x683-1-240x160.png 240w, https:\/\/spaakcesoria.pl\/wp-content\/uploads\/2023\/02\/Mechanic-1024x683-1-416x277.png 416w, https:\/\/spaakcesoria.pl\/wp-content\/uploads\/2023\/02\/Mechanic-1024x683-1.png 1024w\" sizes=\"(max-width: 551px) 100vw, 551px\" \/><\/p>\n<h4><\/h4>\n<h4 class=\"western\"><span style=\"color: #ff0000;\"><strong>W\u0142a\u015bciwo\u015bci czy\u015bciwa specjalistycznego DAKO MEC:<\/strong><\/span><\/h4>\n<h4><span style=\"color: #ff0000;\">&#8211; bardzo mocne w stanie suchym i mokrym,<\/span><br \/>\n<span style=\"color: #ff0000;\">&#8211; idealnie wch\u0142ania i usuwa zabrudzenia,<\/span><br \/>\n<span style=\"color: #ff0000;\">&#8211; nie rysuje czyszczonej powierzchni,<\/span><br \/>\n<span style=\"color: #ff0000;\">&#8211; posiada wysoki stopie\u0144 absorpcji<\/span><br \/>\n<span style=\"color: #ff0000;\">&#8211; dobrze wsp\u00f3\u0142pracuje z rozpuszczalnikami,<\/span><\/h4>\n<h4><span style=\"color: #ff0000;\">&#8211; niskopylne,<\/span><\/h4>\n<h4><span style=\"color: #ff0000;\">&#8211; posiada atest PZH<\/span><\/h4>\n<h4><span style=\"color: #ff0000;\">&#8211; kolor niebieski.<\/span><\/h4>\n<p>&nbsp;<\/p>\n<p><img decoding=\"async\" class=\" wp-image-2563 aligncenter\" src=\"https:\/\/spaakcesoria.pl\/wp-content\/uploads\/2023\/02\/Zrzut-ekranu-2023-02-23-o-16.39.34-300x232.png\" alt=\"\" width=\"404\" height=\"312\" srcset=\"https:\/\/spaakcesoria.pl\/wp-content\/uploads\/2023\/02\/Zrzut-ekranu-2023-02-23-o-16.39.34-300x232.png 300w, https:\/\/spaakcesoria.pl\/wp-content\/uploads\/2023\/02\/Zrzut-ekranu-2023-02-23-o-16.39.34-207x160.png 207w, https:\/\/spaakcesoria.pl\/wp-content\/uploads\/2023\/02\/Zrzut-ekranu-2023-02-23-o-16.39.34-416x321.png 416w, https:\/\/spaakcesoria.pl\/wp-content\/uploads\/2023\/02\/Zrzut-ekranu-2023-02-23-o-16.39.34.png 553w\" sizes=\"(max-width: 404px) 100vw, 404px\" \/><\/p>\n<div class=\"page\" title=\"Page 3\">\n<div class=\"section\">\n<div class=\"layoutArea\">\n<div class=\"column\">\n<div class=\"page\" title=\"Page 3\">\n<div class=\"section\">\n<div class=\"layoutArea\">\n<div class=\"column\">\n<h4><\/h4>\n<h4 class=\"western\"><strong>Niezbe\u0328dne do czyszczenia:<\/strong><\/h4>\n<h4>&#8211; linii produkcyjnych.<br \/>\n&#8211; narze\u0328dzi,<\/h4>\n<h4>&#8211; poligrafii<\/h4>\n<h4>&#8211; w lakiernictwie<\/h4>\n<h4>&#8211; przygotowanych detali,<\/h4>\n<h4>&#8211; powierzchni plastikowych,<\/h4>\n<p>&nbsp;<\/p>\n<p><img decoding=\"async\" class=\" wp-image-2564 aligncenter\" src=\"https:\/\/spaakcesoria.pl\/wp-content\/uploads\/2023\/02\/Zrzut-ekranu-2023-02-23-o-16.40.38-300x179.png\" alt=\"\" width=\"424\" height=\"253\" srcset=\"https:\/\/spaakcesoria.pl\/wp-content\/uploads\/2023\/02\/Zrzut-ekranu-2023-02-23-o-16.40.38-300x179.png 300w, https:\/\/spaakcesoria.pl\/wp-content\/uploads\/2023\/02\/Zrzut-ekranu-2023-02-23-o-16.40.38-268x160.png 268w, https:\/\/spaakcesoria.pl\/wp-content\/uploads\/2023\/02\/Zrzut-ekranu-2023-02-23-o-16.40.38-416x248.png 416w, https:\/\/spaakcesoria.pl\/wp-content\/uploads\/2023\/02\/Zrzut-ekranu-2023-02-23-o-16.40.38.png 463w\" sizes=\"(max-width: 424px) 100vw, 424px\" \/><\/p>\n<p>&nbsp;<\/p>\n<\/div>\n<\/div>\n<\/div>\n<div class=\"section\">\n<div class=\"layoutArea\">\n<div class=\"column\">\n<div class=\"page\" title=\"Page 3\">\n<div class=\"section\">\n<div class=\"layoutArea\">\n<div class=\"column\">\n<h4 class=\"western\"><strong>Czys\u0301ciwo przemys\u0142owe specjalistyczne DAKO MEC stosuje sie\u0328 w:<\/strong><\/h4>\n<h4>&#8211; przemys\u0142 elektroniczny,<\/h4>\n<h4>&#8211; przemys\u0142 ci\u0119\u017cki, lekki,<br \/>\n&#8211; lakiernie, drukarnie,<br \/>\n&#8211; przemys\u0142 motoryzacyjny,<br \/>\n&#8211; przemys\u0142 mechaniczny,<\/h4>\n<p>&nbsp;<\/p>\n<\/div>\n<\/div>\n<\/div>\n<\/div>\n<h4><img loading=\"lazy\" decoding=\"async\" class=\" wp-image-2757 aligncenter\" src=\"https:\/\/spaakcesoria.pl\/wp-content\/uploads\/2023\/03\/mechanic-300x170.png\" alt=\"\" width=\"515\" height=\"292\" srcset=\"https:\/\/spaakcesoria.pl\/wp-content\/uploads\/2023\/03\/mechanic-300x170.png 300w, https:\/\/spaakcesoria.pl\/wp-content\/uploads\/2023\/03\/mechanic-600x339.png 600w, https:\/\/spaakcesoria.pl\/wp-content\/uploads\/2023\/03\/mechanic-280x158.png 280w, https:\/\/spaakcesoria.pl\/wp-content\/uploads\/2023\/03\/mechanic-416x235.png 416w, https:\/\/spaakcesoria.pl\/wp-content\/uploads\/2023\/03\/mechanic.png 702w\" sizes=\"(max-width: 515px) 100vw, 515px\" \/><\/h4>\n<\/div>\n<\/div>\n<h4><\/h4>\n<div class=\"layoutArea\">\n<div class=\"column\">\n<h4><\/h4>\n<h4><span style=\"color: #800080;\">Opakowanie jednostkowe : Rulon 500 listko\u0301w 29&#215;37 cm, 185 mb<\/span><\/h4>\n<div class=\"page\" title=\"Page 3\">\n<div class=\"section\">\n<div class=\"layoutArea\">\n<div class=\"column\">\n<div class=\"page\" title=\"Page 3\">\n<div class=\"section\">\n<div class=\"layoutArea\">\n<div class=\"column\">\n<h4><strong><span style=\"color: #800080;\">Realizujemy zam\u00f3wienie:\u00a0 <span style=\"color: #0000ff;\">( mo\u017cliwy\u00a0 mix\u00a0 czy\u015bciw)\u00a0<\/span><\/span><\/strong><\/h4>\n<h4><strong><span style=\"color: #800080;\">np. w kartonie\u00a0 mog\u0105 znajdowa\u0107 si\u0119\u00a0 4 rulony\u00a0 po 500 szt.\u00a0<\/span><\/strong><\/h4>\n<h4>cena 1 rulonu ( 500 listk\u00f3w\/ 185 mb ) <strong>\u00a0wynosi\u00a0 \u00a0151,- z\u0142 netto<\/strong>\u00a0 \u00a0tj. 185,73 z\u0142 brutto<\/h4>\n<h5 class=\"western\"><span style=\"color: #ff0000;\"><strong>Dla nowych klient\u00f3w pierwsze 3 zam\u00f3wienia z przedp\u0142at\u0105, kolejne zam\u00f3wienia\u00a0 z terminem p\u0142atno\u015bci 14 dni.<\/strong><\/span><\/h5>\n<\/div>\n<\/div>\n<\/div>\n<\/div>\n<p><span style=\"color: #0000ff;\">koszt wysy\u0142ki\u00a0 kartonu &#8211;\u00a0 22,- z\u0142 netto tj. 27,06 z\u0142 brutto<\/span><\/p>\n<h4><strong><span style=\"color: #800080;\">Realizujemy r\u00f3wnie\u017c zam\u00f3wienie w ilo\u015bci: paleta <span style=\"color: #0000ff;\">( mo\u017cliwy mix )<\/span><\/span><\/strong><\/h4>\n<p><span style=\"color: #0000ff;\">koszt wysy\u0142ki\u00a0 palety &#8211;\u00a0 199,- z\u0142 netto tj. 244,77 z\u0142 brutto<\/span><\/p>\n<\/div>\n<\/div>\n<\/div>\n<\/div>\n<\/div>\n<\/div>\n<\/div>\n<\/div>\n<\/div>\n<\/div>\n<\/div>\n<\/div>\n<\/div>\n<\/div>\n<\/div>\n","protected":false},"excerpt":{"rendered":"<h4>Czy\u015bciwo specjalistyczne DAKO MEC celulozowo-poliestrowe \/ Mocne, wysoki stopie\u0144 absorpcji \/ Rulon 500 szt.<\/h4>\n","protected":false},"featured_media":2631,"template":"","meta":{"_monsterinsights_skip_tracking":false,"_monsterinsights_sitenote_active":false,"_monsterinsights_sitenote_note":"","_monsterinsights_sitenote_category":0},"product_brand":[],"product_cat":[463,459],"product_tag":[469,468,476,472,470,471,475,479],"class_list":{"0":"post-2689","1":"product","2":"type-product","3":"status-publish","4":"has-post-thumbnail","6":"product_cat-czysciwo-mec","7":"product_cat-czysciwo","8":"product_tag-classic","9":"product_tag-czysciwo-2","10":"product_tag-czysciwo-celulozowo-polipropylenowe","11":"product_tag-czysciwo-classic-2","12":"product_tag-czysciwo-uniwersalne","13":"product_tag-czysciwo-wiskozowo-poliestrowe","14":"product_tag-grey","15":"product_tag-mechanic","17":"first","18":"instock","19":"taxable","20":"shipping-taxable","21":"purchasable","22":"product-type-simple"},"yoast_head":"<!-- This site is optimized with the Yoast SEO plugin v27.4 - https:\/\/yoast.com\/product\/yoast-seo-wordpress\/ -->\n<title>Czy\u015bciwo specjalistyczne DAKO MEC 500 celulozowo-poliestrowe \/ bardzo mocne, niskopylne \/ Rulon 500 szt. -<\/title>\n<meta name=\"description\" content=\"Czy\u015bciwo specjalistyczne DAKO MEC celulozowo-poliestrowe \/ Mocne, wysoki stopie\u0144 absorpcji\/ Rulon 500 szt.\" \/>\n<meta name=\"robots\" content=\"index, follow, max-snippet:-1, max-image-preview:large, max-video-preview:-1\" \/>\n<link rel=\"canonical\" href=\"https:\/\/spaakcesoria.pl\/index.php\/produkt\/czysciwo-specjalistyczne-dako-mec-celulozowo-poliestrowe-bardzo-mocne-niskopylne-rulon-500-szt\/\" \/>\n<meta property=\"og:locale\" content=\"pl_PL\" \/>\n<meta property=\"og:type\" content=\"article\" \/>\n<meta property=\"og:title\" content=\"Czy\u015bciwo specjalistyczne DAKO MEC 500 celulozowo-poliestrowe \/ bardzo mocne, niskopylne \/ Rulon 500 szt. -\" \/>\n<meta property=\"og:description\" content=\"Czy\u015bciwo specjalistyczne DAKO MEC celulozowo-poliestrowe \/ Mocne, wysoki stopie\u0144 absorpcji\/ Rulon 500 szt.\" \/>\n<meta property=\"og:url\" content=\"https:\/\/spaakcesoria.pl\/index.php\/produkt\/czysciwo-specjalistyczne-dako-mec-celulozowo-poliestrowe-bardzo-mocne-niskopylne-rulon-500-szt\/\" \/>\n<meta property=\"article:modified_time\" content=\"2025-04-23T16:16:26+00:00\" \/>\n<meta property=\"og:image\" content=\"https:\/\/spaakcesoria.pl\/wp-content\/uploads\/2023\/02\/mechanic-1024x683-2.png\" \/>\n\t<meta property=\"og:image:width\" content=\"665\" \/>\n\t<meta property=\"og:image:height\" content=\"564\" \/>\n\t<meta property=\"og:image:type\" content=\"image\/png\" \/>\n<meta name=\"twitter:card\" content=\"summary_large_image\" \/>\n<meta name=\"twitter:label1\" content=\"Szacowany czas czytania\" \/>\n\t<meta name=\"twitter:data1\" content=\"3 minuty\" \/>\n<script type=\"application\/ld+json\" class=\"yoast-schema-graph\">{\"@context\":\"https:\\\/\\\/schema.org\",\"@graph\":[{\"@type\":\"WebPage\",\"@id\":\"https:\\\/\\\/spaakcesoria.pl\\\/index.php\\\/produkt\\\/czysciwo-specjalistyczne-dako-mec-celulozowo-poliestrowe-bardzo-mocne-niskopylne-rulon-500-szt\\\/\",\"url\":\"https:\\\/\\\/spaakcesoria.pl\\\/index.php\\\/produkt\\\/czysciwo-specjalistyczne-dako-mec-celulozowo-poliestrowe-bardzo-mocne-niskopylne-rulon-500-szt\\\/\",\"name\":\"Czy\u015bciwo specjalistyczne DAKO MEC 500 celulozowo-poliestrowe \\\/ bardzo mocne, niskopylne \\\/ Rulon 500 szt. -\",\"isPartOf\":{\"@id\":\"https:\\\/\\\/spaakcesoria.pl\\\/#website\"},\"primaryImageOfPage\":{\"@id\":\"https:\\\/\\\/spaakcesoria.pl\\\/index.php\\\/produkt\\\/czysciwo-specjalistyczne-dako-mec-celulozowo-poliestrowe-bardzo-mocne-niskopylne-rulon-500-szt\\\/#primaryimage\"},\"image\":{\"@id\":\"https:\\\/\\\/spaakcesoria.pl\\\/index.php\\\/produkt\\\/czysciwo-specjalistyczne-dako-mec-celulozowo-poliestrowe-bardzo-mocne-niskopylne-rulon-500-szt\\\/#primaryimage\"},\"thumbnailUrl\":\"https:\\\/\\\/spaakcesoria.pl\\\/wp-content\\\/uploads\\\/2023\\\/02\\\/mechanic-1024x683-2.png\",\"datePublished\":\"2023-03-03T18:39:25+00:00\",\"dateModified\":\"2025-04-23T16:16:26+00:00\",\"description\":\"Czy\u015bciwo specjalistyczne DAKO MEC celulozowo-poliestrowe \\\/ Mocne, wysoki stopie\u0144 absorpcji\\\/ Rulon 500 szt.\",\"breadcrumb\":{\"@id\":\"https:\\\/\\\/spaakcesoria.pl\\\/index.php\\\/produkt\\\/czysciwo-specjalistyczne-dako-mec-celulozowo-poliestrowe-bardzo-mocne-niskopylne-rulon-500-szt\\\/#breadcrumb\"},\"inLanguage\":\"pl-PL\",\"potentialAction\":[{\"@type\":\"ReadAction\",\"target\":[\"https:\\\/\\\/spaakcesoria.pl\\\/index.php\\\/produkt\\\/czysciwo-specjalistyczne-dako-mec-celulozowo-poliestrowe-bardzo-mocne-niskopylne-rulon-500-szt\\\/\"]}]},{\"@type\":\"ImageObject\",\"inLanguage\":\"pl-PL\",\"@id\":\"https:\\\/\\\/spaakcesoria.pl\\\/index.php\\\/produkt\\\/czysciwo-specjalistyczne-dako-mec-celulozowo-poliestrowe-bardzo-mocne-niskopylne-rulon-500-szt\\\/#primaryimage\",\"url\":\"https:\\\/\\\/spaakcesoria.pl\\\/wp-content\\\/uploads\\\/2023\\\/02\\\/mechanic-1024x683-2.png\",\"contentUrl\":\"https:\\\/\\\/spaakcesoria.pl\\\/wp-content\\\/uploads\\\/2023\\\/02\\\/mechanic-1024x683-2.png\",\"width\":665,\"height\":564},{\"@type\":\"BreadcrumbList\",\"@id\":\"https:\\\/\\\/spaakcesoria.pl\\\/index.php\\\/produkt\\\/czysciwo-specjalistyczne-dako-mec-celulozowo-poliestrowe-bardzo-mocne-niskopylne-rulon-500-szt\\\/#breadcrumb\",\"itemListElement\":[{\"@type\":\"ListItem\",\"position\":1,\"name\":\"Strona g\u0142\u00f3wna\",\"item\":\"https:\\\/\\\/spaakcesoria.pl\\\/\"},{\"@type\":\"ListItem\",\"position\":2,\"name\":\"Sklep\",\"item\":\"https:\\\/\\\/spaakcesoria.pl\\\/index.php\\\/sklep\\\/\"},{\"@type\":\"ListItem\",\"position\":3,\"name\":\"Czy\u015bciwo specjalistyczne DAKO MEC 500 celulozowo-poliestrowe \\\/ bardzo mocne, niskopylne \\\/ Rulon 500 szt.\"}]},{\"@type\":\"WebSite\",\"@id\":\"https:\\\/\\\/spaakcesoria.pl\\\/#website\",\"url\":\"https:\\\/\\\/spaakcesoria.pl\\\/\",\"name\":\"\",\"description\":\"\",\"potentialAction\":[{\"@type\":\"SearchAction\",\"target\":{\"@type\":\"EntryPoint\",\"urlTemplate\":\"https:\\\/\\\/spaakcesoria.pl\\\/?s={search_term_string}\"},\"query-input\":{\"@type\":\"PropertyValueSpecification\",\"valueRequired\":true,\"valueName\":\"search_term_string\"}}],\"inLanguage\":\"pl-PL\"}]}<\/script>\n<!-- \/ Yoast SEO plugin. -->","yoast_head_json":{"title":"Czy\u015bciwo specjalistyczne DAKO MEC 500 celulozowo-poliestrowe \/ bardzo mocne, niskopylne \/ Rulon 500 szt. -","description":"Czy\u015bciwo specjalistyczne DAKO MEC celulozowo-poliestrowe \/ Mocne, wysoki stopie\u0144 absorpcji\/ Rulon 500 szt.","robots":{"index":"index","follow":"follow","max-snippet":"max-snippet:-1","max-image-preview":"max-image-preview:large","max-video-preview":"max-video-preview:-1"},"canonical":"https:\/\/spaakcesoria.pl\/index.php\/produkt\/czysciwo-specjalistyczne-dako-mec-celulozowo-poliestrowe-bardzo-mocne-niskopylne-rulon-500-szt\/","og_locale":"pl_PL","og_type":"article","og_title":"Czy\u015bciwo specjalistyczne DAKO MEC 500 celulozowo-poliestrowe \/ bardzo mocne, niskopylne \/ Rulon 500 szt. -","og_description":"Czy\u015bciwo specjalistyczne DAKO MEC celulozowo-poliestrowe \/ Mocne, wysoki stopie\u0144 absorpcji\/ Rulon 500 szt.","og_url":"https:\/\/spaakcesoria.pl\/index.php\/produkt\/czysciwo-specjalistyczne-dako-mec-celulozowo-poliestrowe-bardzo-mocne-niskopylne-rulon-500-szt\/","article_modified_time":"2025-04-23T16:16:26+00:00","og_image":[{"width":665,"height":564,"url":"https:\/\/spaakcesoria.pl\/wp-content\/uploads\/2023\/02\/mechanic-1024x683-2.png","type":"image\/png"}],"twitter_card":"summary_large_image","twitter_misc":{"Szacowany czas czytania":"3 minuty"},"schema":{"@context":"https:\/\/schema.org","@graph":[{"@type":"WebPage","@id":"https:\/\/spaakcesoria.pl\/index.php\/produkt\/czysciwo-specjalistyczne-dako-mec-celulozowo-poliestrowe-bardzo-mocne-niskopylne-rulon-500-szt\/","url":"https:\/\/spaakcesoria.pl\/index.php\/produkt\/czysciwo-specjalistyczne-dako-mec-celulozowo-poliestrowe-bardzo-mocne-niskopylne-rulon-500-szt\/","name":"Czy\u015bciwo specjalistyczne DAKO MEC 500 celulozowo-poliestrowe \/ bardzo mocne, niskopylne \/ Rulon 500 szt. -","isPartOf":{"@id":"https:\/\/spaakcesoria.pl\/#website"},"primaryImageOfPage":{"@id":"https:\/\/spaakcesoria.pl\/index.php\/produkt\/czysciwo-specjalistyczne-dako-mec-celulozowo-poliestrowe-bardzo-mocne-niskopylne-rulon-500-szt\/#primaryimage"},"image":{"@id":"https:\/\/spaakcesoria.pl\/index.php\/produkt\/czysciwo-specjalistyczne-dako-mec-celulozowo-poliestrowe-bardzo-mocne-niskopylne-rulon-500-szt\/#primaryimage"},"thumbnailUrl":"https:\/\/spaakcesoria.pl\/wp-content\/uploads\/2023\/02\/mechanic-1024x683-2.png","datePublished":"2023-03-03T18:39:25+00:00","dateModified":"2025-04-23T16:16:26+00:00","description":"Czy\u015bciwo specjalistyczne DAKO MEC celulozowo-poliestrowe \/ Mocne, wysoki stopie\u0144 absorpcji\/ Rulon 500 szt.","breadcrumb":{"@id":"https:\/\/spaakcesoria.pl\/index.php\/produkt\/czysciwo-specjalistyczne-dako-mec-celulozowo-poliestrowe-bardzo-mocne-niskopylne-rulon-500-szt\/#breadcrumb"},"inLanguage":"pl-PL","potentialAction":[{"@type":"ReadAction","target":["https:\/\/spaakcesoria.pl\/index.php\/produkt\/czysciwo-specjalistyczne-dako-mec-celulozowo-poliestrowe-bardzo-mocne-niskopylne-rulon-500-szt\/"]}]},{"@type":"ImageObject","inLanguage":"pl-PL","@id":"https:\/\/spaakcesoria.pl\/index.php\/produkt\/czysciwo-specjalistyczne-dako-mec-celulozowo-poliestrowe-bardzo-mocne-niskopylne-rulon-500-szt\/#primaryimage","url":"https:\/\/spaakcesoria.pl\/wp-content\/uploads\/2023\/02\/mechanic-1024x683-2.png","contentUrl":"https:\/\/spaakcesoria.pl\/wp-content\/uploads\/2023\/02\/mechanic-1024x683-2.png","width":665,"height":564},{"@type":"BreadcrumbList","@id":"https:\/\/spaakcesoria.pl\/index.php\/produkt\/czysciwo-specjalistyczne-dako-mec-celulozowo-poliestrowe-bardzo-mocne-niskopylne-rulon-500-szt\/#breadcrumb","itemListElement":[{"@type":"ListItem","position":1,"name":"Strona g\u0142\u00f3wna","item":"https:\/\/spaakcesoria.pl\/"},{"@type":"ListItem","position":2,"name":"Sklep","item":"https:\/\/spaakcesoria.pl\/index.php\/sklep\/"},{"@type":"ListItem","position":3,"name":"Czy\u015bciwo specjalistyczne DAKO MEC 500 celulozowo-poliestrowe \/ bardzo mocne, niskopylne \/ Rulon 500 szt."}]},{"@type":"WebSite","@id":"https:\/\/spaakcesoria.pl\/#website","url":"https:\/\/spaakcesoria.pl\/","name":"","description":"","potentialAction":[{"@type":"SearchAction","target":{"@type":"EntryPoint","urlTemplate":"https:\/\/spaakcesoria.pl\/?s={search_term_string}"},"query-input":{"@type":"PropertyValueSpecification","valueRequired":true,"valueName":"search_term_string"}}],"inLanguage":"pl-PL"}]}},"_links":{"self":[{"href":"https:\/\/spaakcesoria.pl\/index.php\/wp-json\/wp\/v2\/product\/2689","targetHints":{"allow":["GET"]}}],"collection":[{"href":"https:\/\/spaakcesoria.pl\/index.php\/wp-json\/wp\/v2\/product"}],"about":[{"href":"https:\/\/spaakcesoria.pl\/index.php\/wp-json\/wp\/v2\/types\/product"}],"version-history":[{"count":8,"href":"https:\/\/spaakcesoria.pl\/index.php\/wp-json\/wp\/v2\/product\/2689\/revisions"}],"predecessor-version":[{"id":2974,"href":"https:\/\/spaakcesoria.pl\/index.php\/wp-json\/wp\/v2\/product\/2689\/revisions\/2974"}],"wp:featuredmedia":[{"embeddable":true,"href":"https:\/\/spaakcesoria.pl\/index.php\/wp-json\/wp\/v2\/media\/2631"}],"wp:attachment":[{"href":"https:\/\/spaakcesoria.pl\/index.php\/wp-json\/wp\/v2\/media?parent=2689"}],"wp:term":[{"taxonomy":"product_brand","embeddable":true,"href":"https:\/\/spaakcesoria.pl\/index.php\/wp-json\/wp\/v2\/product_brand?post=2689"},{"taxonomy":"product_cat","embeddable":true,"href":"https:\/\/spaakcesoria.pl\/index.php\/wp-json\/wp\/v2\/product_cat?post=2689"},{"taxonomy":"product_tag","embeddable":true,"href":"https:\/\/spaakcesoria.pl\/index.php\/wp-json\/wp\/v2\/product_tag?post=2689"}],"curies":[{"name":"wp","href":"https:\/\/api.w.org\/{rel}","templated":true}]}}