{"id":269,"date":"2020-05-29T14:57:18","date_gmt":"2020-05-29T12:57:18","guid":{"rendered":"http:\/\/sklep.prosteprzepisy.eu\/index.php\/produkt\/stemple-do-masazu-z-jadeitu-2-szt-promocja\/"},"modified":"2020-06-26T17:48:52","modified_gmt":"2020-06-26T15:48:52","slug":"stemple-do-masazu-z-jadeitu-2-szt-promocja","status":"publish","type":"product","link":"https:\/\/spaakcesoria.pl\/index.php\/produkt\/stemple-do-masazu-z-jadeitu-2-szt-promocja\/","title":{"rendered":"Stemple do masa\u017cu z jadeitu &#8211; 2 szt. PROMOCJA!"},"content":{"rendered":"<p><strong><span style=\"font-family: 'times new roman', times; font-size: xx-large; color: #800080;\">Stemple do masa\u017cu z jadeitu. \/ 2szt.<\/span><\/strong><\/p>\n<p><span style=\"font-size: medium; color: #800080;\">Jadeit, naturalne kamienie m\u0142odo\u015bci popularne na Dalekim Wschodzie, a zw\u0142aszcza w Chinach, robi\u0105 niebywa\u0142\u0105 karier\u0119 w \u015bwiecie urody. <\/span><\/p>\n<p>Stosowanie \u017cadowych kamieni doskonale dzia\u0142a na sk\u00f3r\u0119:<\/p>\n<p>&#8211; ch\u0142\u00f3d wydzielany przez \u017cad pomaga zamkn\u0105\u0107 pory,<br \/>\n&#8211; stemple usprawniaj\u0105 drena\u017c limfy, redukuj\u0105 tzw. worki pod oczami,<br \/>\n&#8211; stemple poprawiaj\u0105 r\u00f3wnie\u017c mikrokr\u0105\u017cenie krwi, regularnie stosowane redukuj\u0105 cienie pod oczami,<br \/>\n&#8211; technika ta ma dzia\u0142anie liftinguj\u0105ce (dzi\u0119ki formie stempli oraz wykonywaniu ruch\u00f3w z do\u0142u do g\u00f3ry, od wewn\u0105trz do zewn\u0105trz), sp\u0142yca te\u017c zmarszczki i bruzdy,<br \/>\nregularne, spokojne ruchy stempelkami odpr\u0119\u017caj\u0105 i uspokajaj\u0105 twarz<\/p>\n<p>Aby japo\u0144ski lifting przyni\u00f3s\u0142 oczekiwane efekty zaleca si\u0119 wykonywanie jednego lub dw\u00f3ch zabieg\u00f3w tygodniowo a nast\u0119pnie podtrzymuj\u0105co jednego zabiegu w miesi\u0105cu.<\/p>\n<p>Masa\u017c stemplami z jadeitu doskonale dzia\u0142a na sk\u00f3r\u0119. Ch\u0142\u00f3d wydzielany przez jadeit pomaga zamkn\u0105\u0107 pory.<\/p>\n<p>Stemple umo\u017cliwiaj\u0105 drena\u017c limfy, a wi\u0119c zmniejszaj\u0105 opuchlizn\u0119 i inne problemy zwi\u0105zane z zatrzymywaniem wody (redukuj\u0105 tzw. worki pod oczami).<\/p>\n<p>Stemple poprawiaj\u0105 r\u00f3wnie\u017c mikrokr\u0105\u017cenie krwi, regularnie stosowane redukuj\u0105 z czasem problemy zwi\u0105zane z kuperoz\u0105 oraz cienie pod oczami.<\/p>\n<p>Po zabiegu sk\u00f3ra jest doskonale od\u015bwie\u017cona, zmarszczki i bruzdy s\u0105 p\u0142ytsze a cera rozja\u015bniona i pe\u0142na blasku.<\/p>\n<p><span style=\"font-size: medium; color: #800080;\">\u00a0<\/span><\/p>\n<p><span style=\"font-size: medium; color: #800080;\">D\u0142ugo\u015b\u0107 stempla &#8211; 4,5 cm<\/span><\/p>\n<p><span style=\"font-size: medium; color: #800080;\">szeroko\u015b\u0107 &#8211; 4,3 cm<\/span><\/p>\n<p><span style=\"font-size: medium; color: #800080;\">\u00a0<\/span><\/p>\n<p><strong><span style=\"font-size: medium; color: #800080;\">Instrukcja obs\u0142ugi: <\/span><\/strong><\/p>\n<p><span style=\"font-size: medium; color: #800080;\">Masujemy delikatnie przyk\u0142adaj\u0105c stempel do sk\u00f3ry wykonuj\u0105c ruchy na zewn\u0105trz twarzy.Kierunek masa\u017cu od nosa do ucha, na brodzie w d\u00f3\u0142, na czole na boki i g\u00f3ra-d\u00f3\u0142. Wzd\u0142u\u017c szyi ( gdy nie ma przeciwwskaza\u0144 np. choroba tarczycy) z g\u00f3ry na d\u00f3\u0142. R\u00f3wnie\u017c mo\u017cna wykona\u0107 masa\u017c stempelkami na ca\u0142ym ciele.<\/span><\/p>\n<p><a href=\"http:\/\/youtu.be\/nBG0jRaDGU0\">http:\/\/youtu.be\/nBG0jRaDGU0<\/a><\/p>\n","protected":false},"excerpt":{"rendered":"<p><span style=\"font-family: 'times new roman', times; font-size: large; color: #800080;\">Stemple do masa\u017cu z jadeitu. \/ 2szt.<\/span><\/p>\n","protected":false},"featured_media":928,"template":"","meta":{"_monsterinsights_skip_tracking":false,"_monsterinsights_sitenote_active":false,"_monsterinsights_sitenote_note":"","_monsterinsights_sitenote_category":0},"product_brand":[],"product_cat":[36],"product_tag":[138,136,137],"class_list":{"0":"post-269","1":"product","2":"type-product","3":"status-publish","4":"has-post-thumbnail","6":"product_cat-stemple-swiece","7":"product_tag-masaz-2","8":"product_tag-stemple-do-masazu","9":"product_tag-stemple-do-masazu-z-jadeitu","11":"first","12":"instock","13":"sale","14":"taxable","15":"shipping-taxable","16":"purchasable","17":"product-type-simple"},"yoast_head":"<!-- This site is optimized with the Yoast SEO plugin v27.6 - https:\/\/yoast.com\/product\/yoast-seo-wordpress\/ -->\n<title>Stemple do masa\u017cu z jadeitu - 2 szt. PROMOCJA! -<\/title>\n<meta name=\"robots\" content=\"index, follow, max-snippet:-1, max-image-preview:large, max-video-preview:-1\" \/>\n<link rel=\"canonical\" href=\"https:\/\/spaakcesoria.pl\/index.php\/produkt\/stemple-do-masazu-z-jadeitu-2-szt-promocja\/\" \/>\n<meta property=\"og:locale\" content=\"pl_PL\" \/>\n<meta property=\"og:type\" content=\"article\" \/>\n<meta property=\"og:title\" content=\"Stemple do masa\u017cu z jadeitu - 2 szt. PROMOCJA! -\" \/>\n<meta property=\"og:description\" content=\"Stemple do masa\u017cu z jadeitu. \/ 2szt.\" \/>\n<meta property=\"og:url\" content=\"https:\/\/spaakcesoria.pl\/index.php\/produkt\/stemple-do-masazu-z-jadeitu-2-szt-promocja\/\" \/>\n<meta property=\"article:modified_time\" content=\"2020-06-26T15:48:52+00:00\" \/>\n<meta property=\"og:image\" content=\"https:\/\/spaakcesoria.pl\/wp-content\/uploads\/2020\/05\/11-1.jpg\" \/>\n\t<meta property=\"og:image:width\" content=\"593\" \/>\n\t<meta property=\"og:image:height\" content=\"467\" \/>\n\t<meta property=\"og:image:type\" content=\"image\/jpeg\" \/>\n<meta name=\"twitter:card\" content=\"summary_large_image\" \/>\n<meta name=\"twitter:label1\" content=\"Szacowany czas czytania\" \/>\n\t<meta name=\"twitter:data1\" content=\"2 minuty\" \/>\n<script type=\"application\/ld+json\" class=\"yoast-schema-graph\">{\"@context\":\"https:\\\/\\\/schema.org\",\"@graph\":[{\"@type\":\"WebPage\",\"@id\":\"https:\\\/\\\/spaakcesoria.pl\\\/index.php\\\/produkt\\\/stemple-do-masazu-z-jadeitu-2-szt-promocja\\\/\",\"url\":\"https:\\\/\\\/spaakcesoria.pl\\\/index.php\\\/produkt\\\/stemple-do-masazu-z-jadeitu-2-szt-promocja\\\/\",\"name\":\"Stemple do masa\u017cu z jadeitu - 2 szt. PROMOCJA! -\",\"isPartOf\":{\"@id\":\"https:\\\/\\\/spaakcesoria.pl\\\/#website\"},\"primaryImageOfPage\":{\"@id\":\"https:\\\/\\\/spaakcesoria.pl\\\/index.php\\\/produkt\\\/stemple-do-masazu-z-jadeitu-2-szt-promocja\\\/#primaryimage\"},\"image\":{\"@id\":\"https:\\\/\\\/spaakcesoria.pl\\\/index.php\\\/produkt\\\/stemple-do-masazu-z-jadeitu-2-szt-promocja\\\/#primaryimage\"},\"thumbnailUrl\":\"https:\\\/\\\/spaakcesoria.pl\\\/wp-content\\\/uploads\\\/2020\\\/05\\\/11-1.jpg\",\"datePublished\":\"2020-05-29T12:57:18+00:00\",\"dateModified\":\"2020-06-26T15:48:52+00:00\",\"breadcrumb\":{\"@id\":\"https:\\\/\\\/spaakcesoria.pl\\\/index.php\\\/produkt\\\/stemple-do-masazu-z-jadeitu-2-szt-promocja\\\/#breadcrumb\"},\"inLanguage\":\"pl-PL\",\"potentialAction\":[{\"@type\":\"ReadAction\",\"target\":[\"https:\\\/\\\/spaakcesoria.pl\\\/index.php\\\/produkt\\\/stemple-do-masazu-z-jadeitu-2-szt-promocja\\\/\"]}]},{\"@type\":\"ImageObject\",\"inLanguage\":\"pl-PL\",\"@id\":\"https:\\\/\\\/spaakcesoria.pl\\\/index.php\\\/produkt\\\/stemple-do-masazu-z-jadeitu-2-szt-promocja\\\/#primaryimage\",\"url\":\"https:\\\/\\\/spaakcesoria.pl\\\/wp-content\\\/uploads\\\/2020\\\/05\\\/11-1.jpg\",\"contentUrl\":\"https:\\\/\\\/spaakcesoria.pl\\\/wp-content\\\/uploads\\\/2020\\\/05\\\/11-1.jpg\",\"width\":593,\"height\":467},{\"@type\":\"BreadcrumbList\",\"@id\":\"https:\\\/\\\/spaakcesoria.pl\\\/index.php\\\/produkt\\\/stemple-do-masazu-z-jadeitu-2-szt-promocja\\\/#breadcrumb\",\"itemListElement\":[{\"@type\":\"ListItem\",\"position\":1,\"name\":\"Strona g\u0142\u00f3wna\",\"item\":\"https:\\\/\\\/spaakcesoria.pl\\\/\"},{\"@type\":\"ListItem\",\"position\":2,\"name\":\"Sklep\",\"item\":\"https:\\\/\\\/spaakcesoria.pl\\\/index.php\\\/sklep\\\/\"},{\"@type\":\"ListItem\",\"position\":3,\"name\":\"Stemple do masa\u017cu z jadeitu &#8211; 2 szt. PROMOCJA!\"}]},{\"@type\":\"WebSite\",\"@id\":\"https:\\\/\\\/spaakcesoria.pl\\\/#website\",\"url\":\"https:\\\/\\\/spaakcesoria.pl\\\/\",\"name\":\"\",\"description\":\"\",\"potentialAction\":[{\"@type\":\"SearchAction\",\"target\":{\"@type\":\"EntryPoint\",\"urlTemplate\":\"https:\\\/\\\/spaakcesoria.pl\\\/?s={search_term_string}\"},\"query-input\":{\"@type\":\"PropertyValueSpecification\",\"valueRequired\":true,\"valueName\":\"search_term_string\"}}],\"inLanguage\":\"pl-PL\"}]}<\/script>\n<!-- \/ Yoast SEO plugin. -->","yoast_head_json":{"title":"Stemple do masa\u017cu z jadeitu - 2 szt. PROMOCJA! -","robots":{"index":"index","follow":"follow","max-snippet":"max-snippet:-1","max-image-preview":"max-image-preview:large","max-video-preview":"max-video-preview:-1"},"canonical":"https:\/\/spaakcesoria.pl\/index.php\/produkt\/stemple-do-masazu-z-jadeitu-2-szt-promocja\/","og_locale":"pl_PL","og_type":"article","og_title":"Stemple do masa\u017cu z jadeitu - 2 szt. PROMOCJA! -","og_description":"Stemple do masa\u017cu z jadeitu. \/ 2szt.","og_url":"https:\/\/spaakcesoria.pl\/index.php\/produkt\/stemple-do-masazu-z-jadeitu-2-szt-promocja\/","article_modified_time":"2020-06-26T15:48:52+00:00","og_image":[{"width":593,"height":467,"url":"https:\/\/spaakcesoria.pl\/wp-content\/uploads\/2020\/05\/11-1.jpg","type":"image\/jpeg"}],"twitter_card":"summary_large_image","twitter_misc":{"Szacowany czas czytania":"2 minuty"},"schema":{"@context":"https:\/\/schema.org","@graph":[{"@type":"WebPage","@id":"https:\/\/spaakcesoria.pl\/index.php\/produkt\/stemple-do-masazu-z-jadeitu-2-szt-promocja\/","url":"https:\/\/spaakcesoria.pl\/index.php\/produkt\/stemple-do-masazu-z-jadeitu-2-szt-promocja\/","name":"Stemple do masa\u017cu z jadeitu - 2 szt. PROMOCJA! -","isPartOf":{"@id":"https:\/\/spaakcesoria.pl\/#website"},"primaryImageOfPage":{"@id":"https:\/\/spaakcesoria.pl\/index.php\/produkt\/stemple-do-masazu-z-jadeitu-2-szt-promocja\/#primaryimage"},"image":{"@id":"https:\/\/spaakcesoria.pl\/index.php\/produkt\/stemple-do-masazu-z-jadeitu-2-szt-promocja\/#primaryimage"},"thumbnailUrl":"https:\/\/spaakcesoria.pl\/wp-content\/uploads\/2020\/05\/11-1.jpg","datePublished":"2020-05-29T12:57:18+00:00","dateModified":"2020-06-26T15:48:52+00:00","breadcrumb":{"@id":"https:\/\/spaakcesoria.pl\/index.php\/produkt\/stemple-do-masazu-z-jadeitu-2-szt-promocja\/#breadcrumb"},"inLanguage":"pl-PL","potentialAction":[{"@type":"ReadAction","target":["https:\/\/spaakcesoria.pl\/index.php\/produkt\/stemple-do-masazu-z-jadeitu-2-szt-promocja\/"]}]},{"@type":"ImageObject","inLanguage":"pl-PL","@id":"https:\/\/spaakcesoria.pl\/index.php\/produkt\/stemple-do-masazu-z-jadeitu-2-szt-promocja\/#primaryimage","url":"https:\/\/spaakcesoria.pl\/wp-content\/uploads\/2020\/05\/11-1.jpg","contentUrl":"https:\/\/spaakcesoria.pl\/wp-content\/uploads\/2020\/05\/11-1.jpg","width":593,"height":467},{"@type":"BreadcrumbList","@id":"https:\/\/spaakcesoria.pl\/index.php\/produkt\/stemple-do-masazu-z-jadeitu-2-szt-promocja\/#breadcrumb","itemListElement":[{"@type":"ListItem","position":1,"name":"Strona g\u0142\u00f3wna","item":"https:\/\/spaakcesoria.pl\/"},{"@type":"ListItem","position":2,"name":"Sklep","item":"https:\/\/spaakcesoria.pl\/index.php\/sklep\/"},{"@type":"ListItem","position":3,"name":"Stemple do masa\u017cu z jadeitu &#8211; 2 szt. PROMOCJA!"}]},{"@type":"WebSite","@id":"https:\/\/spaakcesoria.pl\/#website","url":"https:\/\/spaakcesoria.pl\/","name":"","description":"","potentialAction":[{"@type":"SearchAction","target":{"@type":"EntryPoint","urlTemplate":"https:\/\/spaakcesoria.pl\/?s={search_term_string}"},"query-input":{"@type":"PropertyValueSpecification","valueRequired":true,"valueName":"search_term_string"}}],"inLanguage":"pl-PL"}]}},"_links":{"self":[{"href":"https:\/\/spaakcesoria.pl\/index.php\/wp-json\/wp\/v2\/product\/269","targetHints":{"allow":["GET"]}}],"collection":[{"href":"https:\/\/spaakcesoria.pl\/index.php\/wp-json\/wp\/v2\/product"}],"about":[{"href":"https:\/\/spaakcesoria.pl\/index.php\/wp-json\/wp\/v2\/types\/product"}],"version-history":[{"count":3,"href":"https:\/\/spaakcesoria.pl\/index.php\/wp-json\/wp\/v2\/product\/269\/revisions"}],"predecessor-version":[{"id":932,"href":"https:\/\/spaakcesoria.pl\/index.php\/wp-json\/wp\/v2\/product\/269\/revisions\/932"}],"wp:featuredmedia":[{"embeddable":true,"href":"https:\/\/spaakcesoria.pl\/index.php\/wp-json\/wp\/v2\/media\/928"}],"wp:attachment":[{"href":"https:\/\/spaakcesoria.pl\/index.php\/wp-json\/wp\/v2\/media?parent=269"}],"wp:term":[{"taxonomy":"product_brand","embeddable":true,"href":"https:\/\/spaakcesoria.pl\/index.php\/wp-json\/wp\/v2\/product_brand?post=269"},{"taxonomy":"product_cat","embeddable":true,"href":"https:\/\/spaakcesoria.pl\/index.php\/wp-json\/wp\/v2\/product_cat?post=269"},{"taxonomy":"product_tag","embeddable":true,"href":"https:\/\/spaakcesoria.pl\/index.php\/wp-json\/wp\/v2\/product_tag?post=269"}],"curies":[{"name":"wp","href":"https:\/\/api.w.org\/{rel}","templated":true}]}}