{"id":2794,"date":"2023-03-21T19:59:36","date_gmt":"2023-03-21T18:59:36","guid":{"rendered":"https:\/\/spaakcesoria.pl\/?post_type=product&#038;p=2794"},"modified":"2025-04-23T18:17:26","modified_gmt":"2025-04-23T16:17:26","slug":"czysciwo-dako-glass-polipropylenowe-miekkie-i-elastyczne-rulon-300-sz","status":"publish","type":"product","link":"https:\/\/spaakcesoria.pl\/index.php\/produkt\/czysciwo-dako-glass-polipropylenowe-miekkie-i-elastyczne-rulon-300-sz\/","title":{"rendered":"Czy\u015bciwo DAKO GLA 300 &#8211; 100% Polipropylen \/ Mi\u0119kkie, bezpy\u0142owe, elastyczne \/ Rulon 300 szt."},"content":{"rendered":"<h2>Czy\u015bciwo DAKO GLA 100% Polipropylen \/ bezpy\u0142owe, mi\u0119kkie i elastyczne \/ Rulon 300 listk\u00f3w<\/h2>\n<h4><strong><span style=\"color: #800080;\">Zapytania prosimy kierowa\u0107 na adres:\u00a0<\/span><\/strong> \u00a0 \u00a0<a href=\"mailto:spaakcesoria@gmail.com\">spaakcesoria@gmail.com\u00a0<\/a><\/h4>\n<p>&nbsp;<\/p>\n<div class=\"page\" title=\"Page 3\">\n<div class=\"section\">\n<div class=\"layoutArea\">\n<div class=\"column\">\n<h4><span style=\"color: #0000ff;\">CZY\u015aCIWO\u00a0 SPECJALISTYCZNE\u00a0 \u00a0DAKO GLA stosowane jest w:<\/span><\/h4>\n<h4><\/h4>\n<ul>\n<li>\n<h4><span style=\"color: #0000ff;\">Przemy\u015ble Medycznym<\/span><\/h4>\n<\/li>\n<li>\n<h4><span style=\"color: #0000ff;\"> Przemy\u015ble Farmaceutycznym<\/span><\/h4>\n<\/li>\n<li>\n<h4><span style=\"color: #0000ff;\">Przemy\u015ble Elektronicznym<\/span><\/h4>\n<\/li>\n<li>\n<h4><span style=\"color: #0000ff;\">Przemy\u015ble Lakierniczym<\/span><\/h4>\n<\/li>\n<li>\n<h4><span style=\"color: #0000ff;\">Poligrafia, Grafika<\/span><span style=\"color: #0000ff;\">\u00a0<\/span><\/h4>\n<\/li>\n<\/ul>\n<h4><strong>Czy\u015bciwa DAKO\u00a0 GLA <\/strong>jest cenione przez wielu klient\u00f3w z bran\u017c farmaceutycznej i medycznej.<\/h4>\n<h4>DAKO GLA to bezpy\u0142owe czys\u0301ciwo przemys\u0142owo-specjalistyczne wykonane w 100% z polipropylenu, odporne na rozpuszczalniki.<\/h4>\n<h4>Usuwa trudne zabrudzenia przy czym jest odporne na wszelkie detergenty. Nadaje sie\u0328 do zastosowania w zak\u0142adach poligraficznych, gdzie wymagane jest zachowanie wysokiego poziomu jakos\u0301ci produkcji.<\/h4>\n<h4>DAKO GLA ze wzgle\u0328du na swoja\u0328 strukture\u0328, ma zastosowanie w gastronomi jako s\u0301ciereczka do czyszczenia na mokro. Wysoka niepylnos\u0301c\u0301 sprawia, z\u0307e czys\u0301ciwo to zdoby\u0142o r\u00f3wniez\u0307 uznanie ws\u0301r\u00f3d mechanik\u00f3w i lakiernik\u00f3w samochodowych oraz w mechanice precyzyjnej i podczas kon\u0301cowej obr\u00f3bki element\u00f3w szklanych.<\/h4>\n<h4>Elastyczny materia\u0142 u\u0142atwia czyszczenie trudno doste\u0328pnych miejsc.<\/h4>\n<h4><\/h4>\n<p>&nbsp;<\/p>\n<p><img fetchpriority=\"high\" decoding=\"async\" class=\" wp-image-2796 aligncenter\" src=\"https:\/\/spaakcesoria.pl\/wp-content\/uploads\/2023\/03\/Glass-1024x683-1-300x200.webp\" alt=\"\" width=\"467\" height=\"311\" srcset=\"https:\/\/spaakcesoria.pl\/wp-content\/uploads\/2023\/03\/Glass-1024x683-1-300x200.webp 300w, https:\/\/spaakcesoria.pl\/wp-content\/uploads\/2023\/03\/Glass-1024x683-1-768x512.webp 768w, https:\/\/spaakcesoria.pl\/wp-content\/uploads\/2023\/03\/Glass-1024x683-1-600x400.webp 600w, https:\/\/spaakcesoria.pl\/wp-content\/uploads\/2023\/03\/Glass-1024x683-1-240x160.webp 240w, https:\/\/spaakcesoria.pl\/wp-content\/uploads\/2023\/03\/Glass-1024x683-1-416x277.webp 416w, https:\/\/spaakcesoria.pl\/wp-content\/uploads\/2023\/03\/Glass-1024x683-1.webp 1024w\" sizes=\"(max-width: 467px) 100vw, 467px\" \/><\/p>\n<h4><\/h4>\n<h4 class=\"western\"><span style=\"color: #ff0000;\"><strong>W\u0142a\u015bciwo\u015bci czy\u015bciwa DAKO GLA:<\/strong><\/span><\/h4>\n<h4><span style=\"color: #ff0000;\">&#8211; mi\u0119kkie <\/span><\/h4>\n<h4><span style=\"color: #ff0000;\">&#8211; bezpy\u0142owe<\/span><\/h4>\n<h4><span style=\"color: #ff0000;\">&#8211; nie rysuje czyszczonej powierzchni,<\/span><\/h4>\n<h4><span style=\"color: #ff0000;\">&#8211; dobrze wsp\u00f3\u0142pracuje z rozpuszczalnikami,<\/span><\/h4>\n<h4><span style=\"color: #ff0000;\">&#8211; odpowiednie do czyszczenia miejsc wymagaj\u0105cych du\u017cej dok\u0142adno\u015bci i precyzji<\/span><\/h4>\n<h4><span style=\"color: #ff0000;\">&#8211;\u00a0posiada atest PZH,<\/span><br \/>\n<span style=\"color: #ff0000;\">&#8211; kolor niebieski<\/span><\/h4>\n<p>&nbsp;<\/p>\n<div class=\"page\" title=\"Page 3\">\n<div class=\"section\">\n<div class=\"layoutArea\">\n<div class=\"column\">\n<p><img decoding=\"async\" class=\" wp-image-2563 aligncenter\" src=\"https:\/\/spaakcesoria.pl\/wp-content\/uploads\/2023\/02\/Zrzut-ekranu-2023-02-23-o-16.39.34-300x232.png\" alt=\"\" width=\"380\" height=\"294\" srcset=\"https:\/\/spaakcesoria.pl\/wp-content\/uploads\/2023\/02\/Zrzut-ekranu-2023-02-23-o-16.39.34-300x232.png 300w, https:\/\/spaakcesoria.pl\/wp-content\/uploads\/2023\/02\/Zrzut-ekranu-2023-02-23-o-16.39.34-207x160.png 207w, https:\/\/spaakcesoria.pl\/wp-content\/uploads\/2023\/02\/Zrzut-ekranu-2023-02-23-o-16.39.34-416x321.png 416w, https:\/\/spaakcesoria.pl\/wp-content\/uploads\/2023\/02\/Zrzut-ekranu-2023-02-23-o-16.39.34.png 553w\" sizes=\"(max-width: 380px) 100vw, 380px\" \/><\/p>\n<div class=\"page\" title=\"Page 3\">\n<div class=\"section\">\n<div class=\"layoutArea\">\n<div class=\"column\">\n<h4><\/h4>\n<h4 class=\"western\"><strong>Niezbe\u0328dne do czyszczenia:<\/strong><\/h4>\n<h4>&#8211; linii produkcyjnych.<br \/>\n&#8211; odt\u0142uszczania powierzchni,<br \/>\n&#8211; powierzchni szklanych,<\/h4>\n<h4>&#8211; powierzchni plastikowych,<\/h4>\n<\/div>\n<\/div>\n<\/div>\n<div class=\"section\">\n<div class=\"layoutArea\">\n<div class=\"column\">\n<div class=\"page\" title=\"Page 3\">\n<div class=\"section\">\n<div class=\"layoutArea\">\n<div class=\"column\">\n<p><img decoding=\"async\" class=\" wp-image-2564 aligncenter\" src=\"https:\/\/spaakcesoria.pl\/wp-content\/uploads\/2023\/02\/Zrzut-ekranu-2023-02-23-o-16.40.38-300x179.png\" alt=\"\" width=\"447\" height=\"267\" srcset=\"https:\/\/spaakcesoria.pl\/wp-content\/uploads\/2023\/02\/Zrzut-ekranu-2023-02-23-o-16.40.38-300x179.png 300w, https:\/\/spaakcesoria.pl\/wp-content\/uploads\/2023\/02\/Zrzut-ekranu-2023-02-23-o-16.40.38-268x160.png 268w, https:\/\/spaakcesoria.pl\/wp-content\/uploads\/2023\/02\/Zrzut-ekranu-2023-02-23-o-16.40.38-416x248.png 416w, https:\/\/spaakcesoria.pl\/wp-content\/uploads\/2023\/02\/Zrzut-ekranu-2023-02-23-o-16.40.38.png 463w\" sizes=\"(max-width: 447px) 100vw, 447px\" \/><\/p>\n<h4 class=\"western\"><strong>Czys\u0301ciwo przemys\u0142owe DAKO GLA stosuje sie\u0328 w:<\/strong><\/h4>\n<h4>&#8211; zak\u0142ady farmaceutyczne,<br \/>\n&#8211; przemys\u0142 medyczny,<\/h4>\n<h4>&#8211; przemys\u0142\u00a0 elektroniczny,<br \/>\n&#8211; przemys\u0142 lakierniczy,<br \/>\n&#8211; poligrafia, grafika.<\/h4>\n<\/div>\n<\/div>\n<\/div>\n<\/div>\n<h4><\/h4>\n<h4><span style=\"color: #800080;\">Opakowanie jednostkowe : Rulon 300 listko\u0301w 32&#215;37 cm, 111 mb<\/span><\/h4>\n<div class=\"page\" title=\"Page 3\">\n<div class=\"section\">\n<div class=\"layoutArea\">\n<div class=\"column\">\n<div class=\"page\" title=\"Page 3\">\n<div class=\"section\">\n<div class=\"layoutArea\">\n<div class=\"column\">\n<h4><strong><span style=\"color: #800080;\">Realizujemy zam\u00f3wienie:\u00a0 <span style=\"color: #0000ff;\">( mo\u017cliwy\u00a0 mix\u00a0 czy\u015bciw)\u00a0<\/span><\/span><\/strong><\/h4>\n<h4><strong><span style=\"color: #800080;\">np. w kartonie\u00a0 mo\u017ce znajdowa\u0107 si\u0119\u00a0 do 8 rulon\u00f3w\u00a0 po 300 szt.\u00a0<\/span><\/strong><\/h4>\n<h4>cena 1 rulonu ( 300 listk\u00f3w\/ 111 mb ) <strong>\u00a0wynosi\u00a0 \u00a0142,81 z\u0142 netto<\/strong>\u00a0 \u00a0tj. 175,66 z\u0142 brutto<\/h4>\n<\/div>\n<\/div>\n<\/div>\n<\/div>\n<p><span style=\"color: #0000ff;\">koszt wysy\u0142ki\u00a0 kartonu &#8211;\u00a0 22,- z\u0142 netto tj. 27,06 z\u0142 brutto<\/span><\/p>\n<h5 class=\"western\"><span style=\"color: #ff0000;\"><strong>Dla nowych klient\u00f3w pierwsze 3 zam\u00f3wienia z przedp\u0142at\u0105, kolejne zam\u00f3wienia\u00a0 z terminem p\u0142atno\u015bci 14 dni.<\/strong><\/span><\/h5>\n<h4><strong><span style=\"color: #800080;\">Realizujemy r\u00f3wnie\u017c zam\u00f3wienie w ilo\u015bci: paleta <span style=\"color: #0000ff;\">( mo\u017cliwy mix )<\/span><\/span><\/strong><\/h4>\n<p><span style=\"color: #0000ff;\">koszt wysy\u0142ki\u00a0 palety &#8211;\u00a0 199,- z\u0142 netto tj. 244,77 z\u0142 brutto<\/span><\/p>\n<\/div>\n<\/div>\n<\/div>\n<\/div>\n<\/div>\n<\/div>\n<\/div>\n<\/div>\n<\/div>\n<\/div>\n<\/div>\n<\/div>\n<\/div>\n<\/div>\n<\/div>\n<\/div>\n","protected":false},"excerpt":{"rendered":"<h4>Czy\u015bciwo DAKO GLA 100% Polipropylenowe \/ Rulon 300 listk\u00f3w<\/h4>\n","protected":false},"featured_media":2797,"template":"","meta":{"_monsterinsights_skip_tracking":false,"_monsterinsights_sitenote_active":false,"_monsterinsights_sitenote_note":"","_monsterinsights_sitenote_category":0},"product_brand":[],"product_cat":[484,459],"product_tag":[469,468,476,472,470,471,487,475],"class_list":{"0":"post-2794","1":"product","2":"type-product","3":"status-publish","4":"has-post-thumbnail","6":"product_cat-gla","7":"product_cat-czysciwo","8":"product_tag-classic","9":"product_tag-czysciwo-2","10":"product_tag-czysciwo-celulozowo-polipropylenowe","11":"product_tag-czysciwo-classic-2","12":"product_tag-czysciwo-uniwersalne","13":"product_tag-czysciwo-wiskozowo-poliestrowe","14":"product_tag-glass-2","15":"product_tag-grey","17":"first","18":"instock","19":"taxable","20":"shipping-taxable","21":"purchasable","22":"product-type-simple"},"yoast_head":"<!-- This site is optimized with the Yoast SEO plugin v27.4 - https:\/\/yoast.com\/product\/yoast-seo-wordpress\/ -->\n<title>Czy\u015bciwo DAKO GLA 300 - 100% Polipropylen \/ Mi\u0119kkie, bezpy\u0142owe, elastyczne \/ Rulon 300 szt. -<\/title>\n<meta name=\"description\" content=\"Czy\u015bciwo DAKO GLA polipropylenowe. Mi\u0119kkie i elastyczne, o obni\u017conym stopniu pylenia, z atestem PZH.\" \/>\n<meta name=\"robots\" content=\"index, follow, max-snippet:-1, max-image-preview:large, max-video-preview:-1\" \/>\n<link rel=\"canonical\" href=\"https:\/\/spaakcesoria.pl\/index.php\/produkt\/czysciwo-dako-glass-polipropylenowe-miekkie-i-elastyczne-rulon-300-sz\/\" \/>\n<meta property=\"og:locale\" content=\"pl_PL\" \/>\n<meta property=\"og:type\" content=\"article\" \/>\n<meta property=\"og:title\" content=\"Czy\u015bciwo DAKO GLA 300 - 100% Polipropylen \/ Mi\u0119kkie, bezpy\u0142owe, elastyczne \/ Rulon 300 szt. -\" \/>\n<meta property=\"og:description\" content=\"Czy\u015bciwo DAKO GLA polipropylenowe. Mi\u0119kkie i elastyczne, o obni\u017conym stopniu pylenia, z atestem PZH.\" \/>\n<meta property=\"og:url\" content=\"https:\/\/spaakcesoria.pl\/index.php\/produkt\/czysciwo-dako-glass-polipropylenowe-miekkie-i-elastyczne-rulon-300-sz\/\" \/>\n<meta property=\"article:modified_time\" content=\"2025-04-23T16:17:26+00:00\" \/>\n<meta property=\"og:image\" content=\"https:\/\/spaakcesoria.pl\/wp-content\/uploads\/2023\/03\/glass-1024x683-2.webp\" \/>\n\t<meta property=\"og:image:width\" content=\"1024\" \/>\n\t<meta property=\"og:image:height\" content=\"683\" \/>\n\t<meta property=\"og:image:type\" content=\"image\/webp\" \/>\n<meta name=\"twitter:card\" content=\"summary_large_image\" \/>\n<meta name=\"twitter:label1\" content=\"Szacowany czas czytania\" \/>\n\t<meta name=\"twitter:data1\" content=\"3 minuty\" \/>\n<script type=\"application\/ld+json\" class=\"yoast-schema-graph\">{\"@context\":\"https:\\\/\\\/schema.org\",\"@graph\":[{\"@type\":\"WebPage\",\"@id\":\"https:\\\/\\\/spaakcesoria.pl\\\/index.php\\\/produkt\\\/czysciwo-dako-glass-polipropylenowe-miekkie-i-elastyczne-rulon-300-sz\\\/\",\"url\":\"https:\\\/\\\/spaakcesoria.pl\\\/index.php\\\/produkt\\\/czysciwo-dako-glass-polipropylenowe-miekkie-i-elastyczne-rulon-300-sz\\\/\",\"name\":\"Czy\u015bciwo DAKO GLA 300 - 100% Polipropylen \\\/ Mi\u0119kkie, bezpy\u0142owe, elastyczne \\\/ Rulon 300 szt. -\",\"isPartOf\":{\"@id\":\"https:\\\/\\\/spaakcesoria.pl\\\/#website\"},\"primaryImageOfPage\":{\"@id\":\"https:\\\/\\\/spaakcesoria.pl\\\/index.php\\\/produkt\\\/czysciwo-dako-glass-polipropylenowe-miekkie-i-elastyczne-rulon-300-sz\\\/#primaryimage\"},\"image\":{\"@id\":\"https:\\\/\\\/spaakcesoria.pl\\\/index.php\\\/produkt\\\/czysciwo-dako-glass-polipropylenowe-miekkie-i-elastyczne-rulon-300-sz\\\/#primaryimage\"},\"thumbnailUrl\":\"https:\\\/\\\/spaakcesoria.pl\\\/wp-content\\\/uploads\\\/2023\\\/03\\\/glass-1024x683-2.webp\",\"datePublished\":\"2023-03-21T18:59:36+00:00\",\"dateModified\":\"2025-04-23T16:17:26+00:00\",\"description\":\"Czy\u015bciwo DAKO GLA polipropylenowe. Mi\u0119kkie i elastyczne, o obni\u017conym stopniu pylenia, z atestem PZH.\",\"breadcrumb\":{\"@id\":\"https:\\\/\\\/spaakcesoria.pl\\\/index.php\\\/produkt\\\/czysciwo-dako-glass-polipropylenowe-miekkie-i-elastyczne-rulon-300-sz\\\/#breadcrumb\"},\"inLanguage\":\"pl-PL\",\"potentialAction\":[{\"@type\":\"ReadAction\",\"target\":[\"https:\\\/\\\/spaakcesoria.pl\\\/index.php\\\/produkt\\\/czysciwo-dako-glass-polipropylenowe-miekkie-i-elastyczne-rulon-300-sz\\\/\"]}]},{\"@type\":\"ImageObject\",\"inLanguage\":\"pl-PL\",\"@id\":\"https:\\\/\\\/spaakcesoria.pl\\\/index.php\\\/produkt\\\/czysciwo-dako-glass-polipropylenowe-miekkie-i-elastyczne-rulon-300-sz\\\/#primaryimage\",\"url\":\"https:\\\/\\\/spaakcesoria.pl\\\/wp-content\\\/uploads\\\/2023\\\/03\\\/glass-1024x683-2.webp\",\"contentUrl\":\"https:\\\/\\\/spaakcesoria.pl\\\/wp-content\\\/uploads\\\/2023\\\/03\\\/glass-1024x683-2.webp\",\"width\":1024,\"height\":683},{\"@type\":\"BreadcrumbList\",\"@id\":\"https:\\\/\\\/spaakcesoria.pl\\\/index.php\\\/produkt\\\/czysciwo-dako-glass-polipropylenowe-miekkie-i-elastyczne-rulon-300-sz\\\/#breadcrumb\",\"itemListElement\":[{\"@type\":\"ListItem\",\"position\":1,\"name\":\"Strona g\u0142\u00f3wna\",\"item\":\"https:\\\/\\\/spaakcesoria.pl\\\/\"},{\"@type\":\"ListItem\",\"position\":2,\"name\":\"Sklep\",\"item\":\"https:\\\/\\\/spaakcesoria.pl\\\/index.php\\\/sklep\\\/\"},{\"@type\":\"ListItem\",\"position\":3,\"name\":\"Czy\u015bciwo DAKO GLA 300 &#8211; 100% Polipropylen \\\/ Mi\u0119kkie, bezpy\u0142owe, elastyczne \\\/ Rulon 300 szt.\"}]},{\"@type\":\"WebSite\",\"@id\":\"https:\\\/\\\/spaakcesoria.pl\\\/#website\",\"url\":\"https:\\\/\\\/spaakcesoria.pl\\\/\",\"name\":\"\",\"description\":\"\",\"potentialAction\":[{\"@type\":\"SearchAction\",\"target\":{\"@type\":\"EntryPoint\",\"urlTemplate\":\"https:\\\/\\\/spaakcesoria.pl\\\/?s={search_term_string}\"},\"query-input\":{\"@type\":\"PropertyValueSpecification\",\"valueRequired\":true,\"valueName\":\"search_term_string\"}}],\"inLanguage\":\"pl-PL\"}]}<\/script>\n<!-- \/ Yoast SEO plugin. -->","yoast_head_json":{"title":"Czy\u015bciwo DAKO GLA 300 - 100% Polipropylen \/ Mi\u0119kkie, bezpy\u0142owe, elastyczne \/ Rulon 300 szt. -","description":"Czy\u015bciwo DAKO GLA polipropylenowe. Mi\u0119kkie i elastyczne, o obni\u017conym stopniu pylenia, z atestem PZH.","robots":{"index":"index","follow":"follow","max-snippet":"max-snippet:-1","max-image-preview":"max-image-preview:large","max-video-preview":"max-video-preview:-1"},"canonical":"https:\/\/spaakcesoria.pl\/index.php\/produkt\/czysciwo-dako-glass-polipropylenowe-miekkie-i-elastyczne-rulon-300-sz\/","og_locale":"pl_PL","og_type":"article","og_title":"Czy\u015bciwo DAKO GLA 300 - 100% Polipropylen \/ Mi\u0119kkie, bezpy\u0142owe, elastyczne \/ Rulon 300 szt. -","og_description":"Czy\u015bciwo DAKO GLA polipropylenowe. Mi\u0119kkie i elastyczne, o obni\u017conym stopniu pylenia, z atestem PZH.","og_url":"https:\/\/spaakcesoria.pl\/index.php\/produkt\/czysciwo-dako-glass-polipropylenowe-miekkie-i-elastyczne-rulon-300-sz\/","article_modified_time":"2025-04-23T16:17:26+00:00","og_image":[{"width":1024,"height":683,"url":"https:\/\/spaakcesoria.pl\/wp-content\/uploads\/2023\/03\/glass-1024x683-2.webp","type":"image\/webp"}],"twitter_card":"summary_large_image","twitter_misc":{"Szacowany czas czytania":"3 minuty"},"schema":{"@context":"https:\/\/schema.org","@graph":[{"@type":"WebPage","@id":"https:\/\/spaakcesoria.pl\/index.php\/produkt\/czysciwo-dako-glass-polipropylenowe-miekkie-i-elastyczne-rulon-300-sz\/","url":"https:\/\/spaakcesoria.pl\/index.php\/produkt\/czysciwo-dako-glass-polipropylenowe-miekkie-i-elastyczne-rulon-300-sz\/","name":"Czy\u015bciwo DAKO GLA 300 - 100% Polipropylen \/ Mi\u0119kkie, bezpy\u0142owe, elastyczne \/ Rulon 300 szt. -","isPartOf":{"@id":"https:\/\/spaakcesoria.pl\/#website"},"primaryImageOfPage":{"@id":"https:\/\/spaakcesoria.pl\/index.php\/produkt\/czysciwo-dako-glass-polipropylenowe-miekkie-i-elastyczne-rulon-300-sz\/#primaryimage"},"image":{"@id":"https:\/\/spaakcesoria.pl\/index.php\/produkt\/czysciwo-dako-glass-polipropylenowe-miekkie-i-elastyczne-rulon-300-sz\/#primaryimage"},"thumbnailUrl":"https:\/\/spaakcesoria.pl\/wp-content\/uploads\/2023\/03\/glass-1024x683-2.webp","datePublished":"2023-03-21T18:59:36+00:00","dateModified":"2025-04-23T16:17:26+00:00","description":"Czy\u015bciwo DAKO GLA polipropylenowe. Mi\u0119kkie i elastyczne, o obni\u017conym stopniu pylenia, z atestem PZH.","breadcrumb":{"@id":"https:\/\/spaakcesoria.pl\/index.php\/produkt\/czysciwo-dako-glass-polipropylenowe-miekkie-i-elastyczne-rulon-300-sz\/#breadcrumb"},"inLanguage":"pl-PL","potentialAction":[{"@type":"ReadAction","target":["https:\/\/spaakcesoria.pl\/index.php\/produkt\/czysciwo-dako-glass-polipropylenowe-miekkie-i-elastyczne-rulon-300-sz\/"]}]},{"@type":"ImageObject","inLanguage":"pl-PL","@id":"https:\/\/spaakcesoria.pl\/index.php\/produkt\/czysciwo-dako-glass-polipropylenowe-miekkie-i-elastyczne-rulon-300-sz\/#primaryimage","url":"https:\/\/spaakcesoria.pl\/wp-content\/uploads\/2023\/03\/glass-1024x683-2.webp","contentUrl":"https:\/\/spaakcesoria.pl\/wp-content\/uploads\/2023\/03\/glass-1024x683-2.webp","width":1024,"height":683},{"@type":"BreadcrumbList","@id":"https:\/\/spaakcesoria.pl\/index.php\/produkt\/czysciwo-dako-glass-polipropylenowe-miekkie-i-elastyczne-rulon-300-sz\/#breadcrumb","itemListElement":[{"@type":"ListItem","position":1,"name":"Strona g\u0142\u00f3wna","item":"https:\/\/spaakcesoria.pl\/"},{"@type":"ListItem","position":2,"name":"Sklep","item":"https:\/\/spaakcesoria.pl\/index.php\/sklep\/"},{"@type":"ListItem","position":3,"name":"Czy\u015bciwo DAKO GLA 300 &#8211; 100% Polipropylen \/ Mi\u0119kkie, bezpy\u0142owe, elastyczne \/ Rulon 300 szt."}]},{"@type":"WebSite","@id":"https:\/\/spaakcesoria.pl\/#website","url":"https:\/\/spaakcesoria.pl\/","name":"","description":"","potentialAction":[{"@type":"SearchAction","target":{"@type":"EntryPoint","urlTemplate":"https:\/\/spaakcesoria.pl\/?s={search_term_string}"},"query-input":{"@type":"PropertyValueSpecification","valueRequired":true,"valueName":"search_term_string"}}],"inLanguage":"pl-PL"}]}},"_links":{"self":[{"href":"https:\/\/spaakcesoria.pl\/index.php\/wp-json\/wp\/v2\/product\/2794","targetHints":{"allow":["GET"]}}],"collection":[{"href":"https:\/\/spaakcesoria.pl\/index.php\/wp-json\/wp\/v2\/product"}],"about":[{"href":"https:\/\/spaakcesoria.pl\/index.php\/wp-json\/wp\/v2\/types\/product"}],"version-history":[{"count":7,"href":"https:\/\/spaakcesoria.pl\/index.php\/wp-json\/wp\/v2\/product\/2794\/revisions"}],"predecessor-version":[{"id":2978,"href":"https:\/\/spaakcesoria.pl\/index.php\/wp-json\/wp\/v2\/product\/2794\/revisions\/2978"}],"wp:featuredmedia":[{"embeddable":true,"href":"https:\/\/spaakcesoria.pl\/index.php\/wp-json\/wp\/v2\/media\/2797"}],"wp:attachment":[{"href":"https:\/\/spaakcesoria.pl\/index.php\/wp-json\/wp\/v2\/media?parent=2794"}],"wp:term":[{"taxonomy":"product_brand","embeddable":true,"href":"https:\/\/spaakcesoria.pl\/index.php\/wp-json\/wp\/v2\/product_brand?post=2794"},{"taxonomy":"product_cat","embeddable":true,"href":"https:\/\/spaakcesoria.pl\/index.php\/wp-json\/wp\/v2\/product_cat?post=2794"},{"taxonomy":"product_tag","embeddable":true,"href":"https:\/\/spaakcesoria.pl\/index.php\/wp-json\/wp\/v2\/product_tag?post=2794"}],"curies":[{"name":"wp","href":"https:\/\/api.w.org\/{rel}","templated":true}]}}