{"id":327,"date":"2020-05-29T14:57:36","date_gmt":"2020-05-29T12:57:36","guid":{"rendered":"http:\/\/sklep.prosteprzepisy.eu\/index.php\/produkt\/maska-algowa-wzbogacona-kwasem-hialuronowymolejek-z-pomaranczy-sokiem-z-lisci-aloesu-aminokwasy-jojoba-1kg\/"},"modified":"2022-09-25T18:20:46","modified_gmt":"2022-09-25T16:20:46","slug":"maska-algowa-wzbogacona-kwasem-hialuronowymolejek-z-pomaranczy-sokiem-z-lisci-aloesu-aminokwasy-jojoba-1kg","status":"publish","type":"product","link":"https:\/\/spaakcesoria.pl\/index.php\/produkt\/maska-algowa-wzbogacona-kwasem-hialuronowymolejek-z-pomaranczy-sokiem-z-lisci-aloesu-aminokwasy-jojoba-1kg\/","title":{"rendered":"Maska algowa wzbogacona KWASEM HIALURONOWYM,olejek z pomara\u0144czy, sokiem z li\u015bci Aloesu, aminokwasy jojoba &#8211; 1kg"},"content":{"rendered":"<p><span style=\"font-size: x-large; color: #333300;\">Maska algowa wzbogacona KWASEM HIALURONOWYM, olejek z pomara\u0144czy, sokiem z li\u015bci Aloesu, aminokwasy jojoba &#8211; 1kg<\/span><\/p>\n<p style=\"text-align: center;\"><span style=\"font-size: medium; color: #ff0000;\"><span style=\"font-family: Arial;\">Nadaje sk\u00f3rze blask i g\u0142adko\u015b\u0107, zdrowy koloryt, intensywnie nawil\u017ca, <\/span><\/span><\/p>\n<p style=\"text-align: center;\"><span style=\"font-size: medium; color: #ff0000;\"><span style=\"font-family: Arial;\">dzia\u0142a przeciwzmarszczkowo.<\/span><\/span><\/p>\n<p style=\"text-align: center;\"><em><strong><span style=\"font-size: medium;\"><span style=\"font-size: 8pt; color: #ff0000;\">Produkt tylko dla gabinet\u00f3w kosmetycznych.\u00a0 \u00a0 \u00a0\u00a0<\/span><\/span><\/strong><\/em><\/p>\n<p style=\"text-align: center;\"><em><strong><span style=\"font-size: medium;\"><span style=\"font-size: 8pt; color: #ff0000;\">( zam\u00f3wienie prosze z\u0142o\u017cy\u0107 na email :\u00a0 <a href=\"mailto:spaakcesoria@gmail.com\">spaakcesoria@gmail.com<\/a> )\u00a0<\/span><\/span><\/strong><\/em><\/p>\n<p><span style=\"font-size: medium; color: #800080;\">Wysoce skuteczna maska w poprawie kondycji sk\u00f3ry. Zawiera esencje algowe wraz z dodatkiem magicznie dzia\u0142aj\u0105ce <strong>Kwasu Hialuronowego<\/strong>. <\/span><\/p>\n<p><span style=\"font-size: medium; color: #800080;\">Zapewnia on sk\u00f3rze maksymalne i d\u0142ugotrwa\u0142e nawil\u017cenie, g\u0142\u0119bokie od\u017cywienie sk\u00f3ry, natychmiastowe wielopoziomowe nawodnienie. Pozostawia sk\u00f3r\u0119 m\u0142od\u0105 i pi\u0119kn\u0105. <\/span><\/p>\n<p><span style=\"font-size: medium; color: #800080;\">Dodatek z <strong>olejku pomara\u0144czowego<\/strong><strong>\u00a0<\/strong><strong>pozyskiwany jest ze sk\u00f3rki owoc\u00f3w drzewa s\u0142odkiej pomara\u0144czy<\/strong><strong>\u00a0<\/strong><em>(Citrus Aurantium Dulcis)<\/em>, kt\u00f3ra \u00a0<strong>dzia\u0142anie antyoksydacyjne, \u0142agodz\u0105ce, przeciwzmarszczkowe. <\/strong><\/span><\/p>\n<p><span style=\"font-size: medium; color: #800080;\">G\u0142\u00f3wny sk\u0142adnik olejku pomara\u0144czowego to\u00a0<strong>D-limonen<\/strong>, zwi\u0105zek nale\u017c\u0105cy do monoterpen\u00f3w, kt\u00f3ry posiada w\u0142a\u015bciwo\u015bci antyoksydacyjne, antybakteryjne, antynowotworowe oraz hamuje aktywno\u015b\u0107 enzymu elastazy, tym samym zapobiega degradacji elastyny, bia\u0142ka, kt\u00f3re razem z kolagenem odpowiadaj\u0105 za spr\u0119\u017cysto\u015b\u0107 i j\u0119drno\u015b\u0107 sk\u00f3ry. <\/span><\/p>\n<p><span style=\"font-size: medium; color: #800080;\">D-limonen zwi\u0119ksza tak\u017ce przyswajalno\u015b\u0107 koenzymu Q10.<\/span><\/p>\n<p><span style=\"font-size: medium; color: #800080;\"> Maska wzbogacona ekstraktem z li\u015bci <strong>Aloesu, <\/strong>kt\u00f3ry ze wzgl\u0119du na silne w\u0142a\u015bciwo\u015bci \u0142agodz\u0105ce i penetruj\u0105ce sk\u00f3r\u0119 stosowany jest do cery odwodnionej, bardzo wra\u017cliwej i zaczerwienionej. <\/span><\/p>\n<p><span style=\"font-size: medium; color: #800080;\">Posiada zdolno\u015b\u0107 do skutecznego transportu cz\u0105steczek wody w g\u0142\u0105b sk\u00f3ry. Zawiera aminokwasy daj\u0105c efekt silnego nawil\u017cenia oraz amylaz\u0119, kt\u00f3ra skutecznie \u0142agodzi zapalenia sk\u00f3ry i podra\u017cnienia. Aloes poddany obecnie badaniom w najnowocze\u015bniejszych laboratoriach na \u015bwiecie, wci\u0105\u017c ujawnia nowe tajemnic. <\/span><\/p>\n<p><span style=\"font-size: medium; color: #800080;\">Maska zwiera jeszcze jeden bardzo cenny sk\u0142adnik <strong>olejek z jojoby<\/strong>, kt\u00f3ry odznacza si\u0119\u00a0<strong>wysok\u0105 zawarto\u015bci\u0105 wit. E<\/strong>\u00a0(tokoferoli), dzi\u0119ki temu wykazuje w\u0142asno\u015bci regeneracyjne i antyoksydacyjne. <\/span><\/p>\n<p><span style=\"font-size: medium; color: #800080;\"><strong>Po\u0142\u0105czenie Aloesu, kwasu hialuronowego wit.E czyni mask\u0119 wysoce skuteczn\u0105 w walce z op\u00f3\u017anieniem efekt\u00f3w starzenia<\/strong>. <\/span><\/p>\n<p><span style=\"font-size: medium; color: #800080;\">Dzi\u0119ki wysokiej zawarto\u015bci estr\u00f3w woskowych, bogatych zw\u0142aszcza w kwas eikozenowy, zbli\u017conych budow\u0105 do naturalnych wosk\u00f3w obecnych w sk\u00f3rze, olej jojoba szybko wch\u0142ania si\u0119 w sk\u00f3r\u0119 penetruj\u0105c do g\u0142\u0119bszych warstw nask\u00f3rka. Chroni sk\u00f3r\u0119 przed nadmiern\u0105 utrat\u0105 wody, pozostawiaj\u0105c aksamitne i niet\u0142uste wyko\u0144czenie.\u00a0<\/span><\/p>\n<p><span style=\"font-size: medium; color: #800080;\">Olej jojoba polecany jest zar\u00f3wno do sk\u00f3ry suchej, o uszkodzonej warstwie lipidowej nask\u00f3rka, jak r\u00f3wnie\u017c do cery przet\u0142uszczaj\u0105cej si\u0119 i mieszanej. <\/span><\/p>\n<p><span style=\"font-size: medium; color: #800080;\">Efektywnie nawil\u017ca i zmi\u0119kcza sk\u00f3r\u0119, reguluje produkcj\u0119 sebum, dzia\u0142a \u0142agodz\u0105co na stany zapalne sk\u00f3ry, zmiany \u0142uszczycowe lub egzem\u0119, od\u017cywia i wyg\u0142adza, chroni przed dzia\u0142aniem wolnych rodnik\u00f3w, sprzyja redukcji zmarszczek powodowanych sucho\u015bci\u0105 sk\u00f3ry. Mo\u017ce by\u0107 tak\u017ce stosowany do piel\u0119gnacji okolic oczu, na d\u0142onie i paznokcie.<\/span><\/p>\n<p><span style=\"font-size: medium; color: #ff0000;\"><strong>Spos\u00f3b u\u017cycia:<\/strong><\/span><\/p>\n<p><span style=\"font-size: medium; color: #800080;\">Na oczyszczon\u0105 sk\u00f3r\u0119 twarzy. Produkt wymiesza\u0107 z wod\u0105 w stosunku 1:2 a\u017c do uzyskania jednolitej masy. Zaaplikowa\u0107 mask\u0119 na twarz, pozostawi\u0107 15-20 minut, nast\u0119pnie sp\u0142uka\u0107 obficie wod\u0105.<\/span><\/p>\n<p><em>Maska ze wzgl\u0119du na wysokie st\u0119\u017cenie sk\u0142adnik\u00f3w aktywnych przeznaczona tylko do u\u017cytku profesjonalnego w Gabinetach Medycyny Estetycznej i Kosmetycznych. <\/em><\/p>\n<p><strong>Ingredients: <\/strong>Diatomaceous earth, Corn starch, Algae extract, Sodium ascorbyl phosphate, Aloe barbadensis leaf juice powder, Citrus aurantium dulcis (orange) oil, Jojoba amino acids, Talc<\/p>\n","protected":false},"excerpt":{"rendered":"<p><span style=\"font-size: medium;\">Maska algowa wzbogacona KWASEM HIALURONOWYM, olejek z pomara\u0144czy, sokiem z li\u015bci Aloesu, aminokwasy jojoba &#8211; 1kg. <\/span><span style=\"font-size: medium; color: #ff0000;\"><span style=\"font-family: Arial;\">Nadaje sk\u00f3rze blask i g\u0142adko\u015b\u0107, zdrowy koloryt, intensywnie nawil\u017ca, dzia\u0142a przeciwzmarszczkowo.<\/span><\/span><\/p>\n<p style=\"text-align: center;\"><em><strong><span style=\"font-size: medium;\"><span style=\"font-size: 8pt; color: #ff0000;\">Produkt tylko dla gabinet\u00f3w kosmetycznych.\u00a0\u00a0<\/span><\/span><\/strong><\/em><\/p>\n<p style=\"text-align: center;\"><em><strong><span style=\"font-size: medium;\"><span style=\"font-size: 8pt; color: #ff0000;\">( zam\u00f3wienie prosze z\u0142o\u017cy\u0107 na email : <a href=\"mailto:spaakcesoria@gmail.com\">mailto:spaakcesoria@gmail.com\u00a0<\/a> \u00a0\u00a0<\/span><\/span><\/strong><\/em><\/p>\n","protected":false},"featured_media":328,"template":"","meta":{"_monsterinsights_skip_tracking":false,"_monsterinsights_sitenote_active":false,"_monsterinsights_sitenote_note":"","_monsterinsights_sitenote_category":0},"product_brand":[],"product_cat":[25,48],"product_tag":[],"class_list":{"0":"post-327","1":"product","2":"type-product","3":"status-publish","4":"has-post-thumbnail","6":"product_cat-sunew-linie-maski-algowe","7":"product_cat-maski-platy-kolagenowe","9":"first","10":"outofstock","11":"taxable","12":"shipping-taxable","13":"product-type-simple"},"yoast_head":"<!-- This site is optimized with the Yoast SEO plugin v27.4 - https:\/\/yoast.com\/product\/yoast-seo-wordpress\/ -->\n<title>Maska algowa wzbogacona KWASEM HIALURONOWYM,olejek z pomara\u0144czy, sokiem z li\u015bci Aloesu, aminokwasy jojoba - 1kg -<\/title>\n<meta name=\"description\" content=\"Maska algowa\" \/>\n<meta name=\"robots\" content=\"index, follow, max-snippet:-1, max-image-preview:large, max-video-preview:-1\" \/>\n<link rel=\"canonical\" href=\"https:\/\/spaakcesoria.pl\/index.php\/produkt\/maska-algowa-wzbogacona-kwasem-hialuronowymolejek-z-pomaranczy-sokiem-z-lisci-aloesu-aminokwasy-jojoba-1kg\/\" \/>\n<meta property=\"og:locale\" content=\"pl_PL\" \/>\n<meta property=\"og:type\" content=\"article\" \/>\n<meta property=\"og:title\" content=\"Maska algowa wzbogacona KWASEM HIALURONOWYM,olejek z pomara\u0144czy, sokiem z li\u015bci Aloesu, aminokwasy jojoba - 1kg -\" \/>\n<meta property=\"og:description\" content=\"Maska algowa\" \/>\n<meta property=\"og:url\" content=\"https:\/\/spaakcesoria.pl\/index.php\/produkt\/maska-algowa-wzbogacona-kwasem-hialuronowymolejek-z-pomaranczy-sokiem-z-lisci-aloesu-aminokwasy-jojoba-1kg\/\" \/>\n<meta property=\"article:modified_time\" content=\"2022-09-25T16:20:46+00:00\" \/>\n<meta property=\"og:image\" content=\"https:\/\/spaakcesoria.pl\/wp-content\/uploads\/2020\/05\/1727.jpg\" \/>\n\t<meta property=\"og:image:width\" content=\"500\" \/>\n\t<meta property=\"og:image:height\" content=\"500\" \/>\n\t<meta property=\"og:image:type\" content=\"image\/jpeg\" \/>\n<meta name=\"twitter:card\" content=\"summary_large_image\" \/>\n<meta name=\"twitter:label1\" content=\"Szacowany czas czytania\" \/>\n\t<meta name=\"twitter:data1\" content=\"3 minuty\" \/>\n<script type=\"application\/ld+json\" class=\"yoast-schema-graph\">{\"@context\":\"https:\\\/\\\/schema.org\",\"@graph\":[{\"@type\":\"WebPage\",\"@id\":\"https:\\\/\\\/spaakcesoria.pl\\\/index.php\\\/produkt\\\/maska-algowa-wzbogacona-kwasem-hialuronowymolejek-z-pomaranczy-sokiem-z-lisci-aloesu-aminokwasy-jojoba-1kg\\\/\",\"url\":\"https:\\\/\\\/spaakcesoria.pl\\\/index.php\\\/produkt\\\/maska-algowa-wzbogacona-kwasem-hialuronowymolejek-z-pomaranczy-sokiem-z-lisci-aloesu-aminokwasy-jojoba-1kg\\\/\",\"name\":\"Maska algowa wzbogacona KWASEM HIALURONOWYM,olejek z pomara\u0144czy, sokiem z li\u015bci Aloesu, aminokwasy jojoba - 1kg -\",\"isPartOf\":{\"@id\":\"https:\\\/\\\/spaakcesoria.pl\\\/#website\"},\"primaryImageOfPage\":{\"@id\":\"https:\\\/\\\/spaakcesoria.pl\\\/index.php\\\/produkt\\\/maska-algowa-wzbogacona-kwasem-hialuronowymolejek-z-pomaranczy-sokiem-z-lisci-aloesu-aminokwasy-jojoba-1kg\\\/#primaryimage\"},\"image\":{\"@id\":\"https:\\\/\\\/spaakcesoria.pl\\\/index.php\\\/produkt\\\/maska-algowa-wzbogacona-kwasem-hialuronowymolejek-z-pomaranczy-sokiem-z-lisci-aloesu-aminokwasy-jojoba-1kg\\\/#primaryimage\"},\"thumbnailUrl\":\"https:\\\/\\\/spaakcesoria.pl\\\/wp-content\\\/uploads\\\/2020\\\/05\\\/1727.jpg\",\"datePublished\":\"2020-05-29T12:57:36+00:00\",\"dateModified\":\"2022-09-25T16:20:46+00:00\",\"description\":\"Maska algowa\",\"breadcrumb\":{\"@id\":\"https:\\\/\\\/spaakcesoria.pl\\\/index.php\\\/produkt\\\/maska-algowa-wzbogacona-kwasem-hialuronowymolejek-z-pomaranczy-sokiem-z-lisci-aloesu-aminokwasy-jojoba-1kg\\\/#breadcrumb\"},\"inLanguage\":\"pl-PL\",\"potentialAction\":[{\"@type\":\"ReadAction\",\"target\":[\"https:\\\/\\\/spaakcesoria.pl\\\/index.php\\\/produkt\\\/maska-algowa-wzbogacona-kwasem-hialuronowymolejek-z-pomaranczy-sokiem-z-lisci-aloesu-aminokwasy-jojoba-1kg\\\/\"]}]},{\"@type\":\"ImageObject\",\"inLanguage\":\"pl-PL\",\"@id\":\"https:\\\/\\\/spaakcesoria.pl\\\/index.php\\\/produkt\\\/maska-algowa-wzbogacona-kwasem-hialuronowymolejek-z-pomaranczy-sokiem-z-lisci-aloesu-aminokwasy-jojoba-1kg\\\/#primaryimage\",\"url\":\"https:\\\/\\\/spaakcesoria.pl\\\/wp-content\\\/uploads\\\/2020\\\/05\\\/1727.jpg\",\"contentUrl\":\"https:\\\/\\\/spaakcesoria.pl\\\/wp-content\\\/uploads\\\/2020\\\/05\\\/1727.jpg\",\"width\":500,\"height\":500},{\"@type\":\"BreadcrumbList\",\"@id\":\"https:\\\/\\\/spaakcesoria.pl\\\/index.php\\\/produkt\\\/maska-algowa-wzbogacona-kwasem-hialuronowymolejek-z-pomaranczy-sokiem-z-lisci-aloesu-aminokwasy-jojoba-1kg\\\/#breadcrumb\",\"itemListElement\":[{\"@type\":\"ListItem\",\"position\":1,\"name\":\"Strona g\u0142\u00f3wna\",\"item\":\"https:\\\/\\\/spaakcesoria.pl\\\/\"},{\"@type\":\"ListItem\",\"position\":2,\"name\":\"Sklep\",\"item\":\"https:\\\/\\\/spaakcesoria.pl\\\/index.php\\\/sklep\\\/\"},{\"@type\":\"ListItem\",\"position\":3,\"name\":\"Maska algowa wzbogacona KWASEM HIALURONOWYM,olejek z pomara\u0144czy, sokiem z li\u015bci Aloesu, aminokwasy jojoba &#8211; 1kg\"}]},{\"@type\":\"WebSite\",\"@id\":\"https:\\\/\\\/spaakcesoria.pl\\\/#website\",\"url\":\"https:\\\/\\\/spaakcesoria.pl\\\/\",\"name\":\"\",\"description\":\"\",\"potentialAction\":[{\"@type\":\"SearchAction\",\"target\":{\"@type\":\"EntryPoint\",\"urlTemplate\":\"https:\\\/\\\/spaakcesoria.pl\\\/?s={search_term_string}\"},\"query-input\":{\"@type\":\"PropertyValueSpecification\",\"valueRequired\":true,\"valueName\":\"search_term_string\"}}],\"inLanguage\":\"pl-PL\"}]}<\/script>\n<!-- \/ Yoast SEO plugin. -->","yoast_head_json":{"title":"Maska algowa wzbogacona KWASEM HIALURONOWYM,olejek z pomara\u0144czy, sokiem z li\u015bci Aloesu, aminokwasy jojoba - 1kg -","description":"Maska algowa","robots":{"index":"index","follow":"follow","max-snippet":"max-snippet:-1","max-image-preview":"max-image-preview:large","max-video-preview":"max-video-preview:-1"},"canonical":"https:\/\/spaakcesoria.pl\/index.php\/produkt\/maska-algowa-wzbogacona-kwasem-hialuronowymolejek-z-pomaranczy-sokiem-z-lisci-aloesu-aminokwasy-jojoba-1kg\/","og_locale":"pl_PL","og_type":"article","og_title":"Maska algowa wzbogacona KWASEM HIALURONOWYM,olejek z pomara\u0144czy, sokiem z li\u015bci Aloesu, aminokwasy jojoba - 1kg -","og_description":"Maska algowa","og_url":"https:\/\/spaakcesoria.pl\/index.php\/produkt\/maska-algowa-wzbogacona-kwasem-hialuronowymolejek-z-pomaranczy-sokiem-z-lisci-aloesu-aminokwasy-jojoba-1kg\/","article_modified_time":"2022-09-25T16:20:46+00:00","og_image":[{"width":500,"height":500,"url":"https:\/\/spaakcesoria.pl\/wp-content\/uploads\/2020\/05\/1727.jpg","type":"image\/jpeg"}],"twitter_card":"summary_large_image","twitter_misc":{"Szacowany czas czytania":"3 minuty"},"schema":{"@context":"https:\/\/schema.org","@graph":[{"@type":"WebPage","@id":"https:\/\/spaakcesoria.pl\/index.php\/produkt\/maska-algowa-wzbogacona-kwasem-hialuronowymolejek-z-pomaranczy-sokiem-z-lisci-aloesu-aminokwasy-jojoba-1kg\/","url":"https:\/\/spaakcesoria.pl\/index.php\/produkt\/maska-algowa-wzbogacona-kwasem-hialuronowymolejek-z-pomaranczy-sokiem-z-lisci-aloesu-aminokwasy-jojoba-1kg\/","name":"Maska algowa wzbogacona KWASEM HIALURONOWYM,olejek z pomara\u0144czy, sokiem z li\u015bci Aloesu, aminokwasy jojoba - 1kg -","isPartOf":{"@id":"https:\/\/spaakcesoria.pl\/#website"},"primaryImageOfPage":{"@id":"https:\/\/spaakcesoria.pl\/index.php\/produkt\/maska-algowa-wzbogacona-kwasem-hialuronowymolejek-z-pomaranczy-sokiem-z-lisci-aloesu-aminokwasy-jojoba-1kg\/#primaryimage"},"image":{"@id":"https:\/\/spaakcesoria.pl\/index.php\/produkt\/maska-algowa-wzbogacona-kwasem-hialuronowymolejek-z-pomaranczy-sokiem-z-lisci-aloesu-aminokwasy-jojoba-1kg\/#primaryimage"},"thumbnailUrl":"https:\/\/spaakcesoria.pl\/wp-content\/uploads\/2020\/05\/1727.jpg","datePublished":"2020-05-29T12:57:36+00:00","dateModified":"2022-09-25T16:20:46+00:00","description":"Maska algowa","breadcrumb":{"@id":"https:\/\/spaakcesoria.pl\/index.php\/produkt\/maska-algowa-wzbogacona-kwasem-hialuronowymolejek-z-pomaranczy-sokiem-z-lisci-aloesu-aminokwasy-jojoba-1kg\/#breadcrumb"},"inLanguage":"pl-PL","potentialAction":[{"@type":"ReadAction","target":["https:\/\/spaakcesoria.pl\/index.php\/produkt\/maska-algowa-wzbogacona-kwasem-hialuronowymolejek-z-pomaranczy-sokiem-z-lisci-aloesu-aminokwasy-jojoba-1kg\/"]}]},{"@type":"ImageObject","inLanguage":"pl-PL","@id":"https:\/\/spaakcesoria.pl\/index.php\/produkt\/maska-algowa-wzbogacona-kwasem-hialuronowymolejek-z-pomaranczy-sokiem-z-lisci-aloesu-aminokwasy-jojoba-1kg\/#primaryimage","url":"https:\/\/spaakcesoria.pl\/wp-content\/uploads\/2020\/05\/1727.jpg","contentUrl":"https:\/\/spaakcesoria.pl\/wp-content\/uploads\/2020\/05\/1727.jpg","width":500,"height":500},{"@type":"BreadcrumbList","@id":"https:\/\/spaakcesoria.pl\/index.php\/produkt\/maska-algowa-wzbogacona-kwasem-hialuronowymolejek-z-pomaranczy-sokiem-z-lisci-aloesu-aminokwasy-jojoba-1kg\/#breadcrumb","itemListElement":[{"@type":"ListItem","position":1,"name":"Strona g\u0142\u00f3wna","item":"https:\/\/spaakcesoria.pl\/"},{"@type":"ListItem","position":2,"name":"Sklep","item":"https:\/\/spaakcesoria.pl\/index.php\/sklep\/"},{"@type":"ListItem","position":3,"name":"Maska algowa wzbogacona KWASEM HIALURONOWYM,olejek z pomara\u0144czy, sokiem z li\u015bci Aloesu, aminokwasy jojoba &#8211; 1kg"}]},{"@type":"WebSite","@id":"https:\/\/spaakcesoria.pl\/#website","url":"https:\/\/spaakcesoria.pl\/","name":"","description":"","potentialAction":[{"@type":"SearchAction","target":{"@type":"EntryPoint","urlTemplate":"https:\/\/spaakcesoria.pl\/?s={search_term_string}"},"query-input":{"@type":"PropertyValueSpecification","valueRequired":true,"valueName":"search_term_string"}}],"inLanguage":"pl-PL"}]}},"_links":{"self":[{"href":"https:\/\/spaakcesoria.pl\/index.php\/wp-json\/wp\/v2\/product\/327","targetHints":{"allow":["GET"]}}],"collection":[{"href":"https:\/\/spaakcesoria.pl\/index.php\/wp-json\/wp\/v2\/product"}],"about":[{"href":"https:\/\/spaakcesoria.pl\/index.php\/wp-json\/wp\/v2\/types\/product"}],"version-history":[{"count":12,"href":"https:\/\/spaakcesoria.pl\/index.php\/wp-json\/wp\/v2\/product\/327\/revisions"}],"predecessor-version":[{"id":2065,"href":"https:\/\/spaakcesoria.pl\/index.php\/wp-json\/wp\/v2\/product\/327\/revisions\/2065"}],"wp:featuredmedia":[{"embeddable":true,"href":"https:\/\/spaakcesoria.pl\/index.php\/wp-json\/wp\/v2\/media\/328"}],"wp:attachment":[{"href":"https:\/\/spaakcesoria.pl\/index.php\/wp-json\/wp\/v2\/media?parent=327"}],"wp:term":[{"taxonomy":"product_brand","embeddable":true,"href":"https:\/\/spaakcesoria.pl\/index.php\/wp-json\/wp\/v2\/product_brand?post=327"},{"taxonomy":"product_cat","embeddable":true,"href":"https:\/\/spaakcesoria.pl\/index.php\/wp-json\/wp\/v2\/product_cat?post=327"},{"taxonomy":"product_tag","embeddable":true,"href":"https:\/\/spaakcesoria.pl\/index.php\/wp-json\/wp\/v2\/product_tag?post=327"}],"curies":[{"name":"wp","href":"https:\/\/api.w.org\/{rel}","templated":true}]}}