{"id":517,"date":"2020-05-29T14:58:15","date_gmt":"2020-05-29T12:58:15","guid":{"rendered":"http:\/\/sklep.prosteprzepisy.eu\/index.php\/produkt\/koncentrat-zapach-do-sauny-alpejskie-ziola-1-l\/"},"modified":"2025-04-23T16:47:48","modified_gmt":"2025-04-23T14:47:48","slug":"koncentrat-zapach-do-sauny-alpejskie-ziola-1-l","status":"publish","type":"product","link":"https:\/\/spaakcesoria.pl\/index.php\/produkt\/koncentrat-zapach-do-sauny-alpejskie-ziola-1-l\/","title":{"rendered":"KONCENTRAT &#8211; ZAPACH DO SAUNY &#8211; Trawa cytrynowa &#8211; 1 l, 3l. 10l"},"content":{"rendered":"<p><span style=\"font-size: 18pt; color: #800080;\">KONCENTRAT &#8211; ZAPACH DO SAUNY &#8211; Trawa cytrynowa &#8211; 1 l, 3l. 10l\u00a0<\/span><\/p>\n<div id=\"user_box_description\" class=\"box tab\">\n<div class=\"innerbox\">\n<div class=\"resetcss\">\n<p><span style=\"color: #800000; font-size: medium;\"><span style=\"color: #ff0000;\">zapytaj o cen\u0119:\u00a0 \u00a0email:spaakcesoria@gmail.com\u00a0 \u00a0 \u00a0<\/span><\/span><\/p>\n<p class=\"top2_txt\">\n<p><span style=\"color: #800080;\"><strong>POLEPSZAJ\u0104CY NASTR\u00d3J &#8211; STABILIZUJ\u0104CY &#8211; \u0141AGODZ\u0104CY.<br \/>\n<\/strong><\/span><\/p>\n<p><span style=\"color: #800080;\"><strong>Stworzyli\u015bmy dla Pa\u0144stwa palet\u0119 produkt\u00f3w z ponad 32 kompozycjami zapachowymi. Przez to Pa\u0144stwa sauna, \u0142a\u017ania parowa stanie si\u0119 miejscem szczeg\u00f3lnym dla go\u015bci. Odkryjcie fascynuj\u0105cy \u015bwiat o\u017cywiaj\u0105cych, odpr\u0119\u017caj\u0105cych, egzotycznych, harmonizuj\u0105cych, piel\u0119gnuj\u0105cych i tajemniczych aromat\u00f3w.<br \/>\nOdno\u015bnie jako\u015bci produkt\u00f3w Lacoform: Wszystkie kompozycje zapachowe s\u0105 wykonane z czystych olejk\u00f3w eterycznych naturalnego pochodzenia z substancjami no\u015bnymi o jako\u015bci produkt\u00f3w spo\u017cywczych wzgl\u0119dnie kosmetycznych!<br \/>\n<\/strong><\/span><\/p>\n<p><span style=\"color: #800080;\"><strong>Zawarto\u015b\u0107:\u00a0naturalne olejki eteryczne, alkohole, substancje no\u015bne.<br \/>\n<\/strong><\/span><\/p>\n<p><span style=\"color: #800080;\"><strong>Koncentraty s\u0142u\u017c\u0105 do przygotowywania zapachowego roztworu wodnego, kt\u00f3rym polewa si\u0119 kamienie w saunie. Dodatki zapachowe zwi\u0119kszaj\u0105 przyjemno\u015b\u0107 przebywania w saunie. Koncentrat s\u0142u\u017cy do tzw. Terapii zapachowej w saunie. Nadaje si\u0119 zar\u00f3wno do manualnego przygotowania wody do spryskiwania kamieni w saunie jak i do automatycznych urz\u0105dze\u0144 napachniaj\u0105cych saun\u0119.<br \/>\n<\/strong><\/span><\/p>\n<p><span style=\"color: #800080;\"><strong>Spos\u00f3b u\u017cycia:\u00a0<\/strong><\/span><\/p>\n<p><span style=\"color: #800080;\"><strong>Koncentraty rozpuszcza si\u0119 w wiaderkach z wod\u0105 do polewania kamieni w saunie. Do wiaderka wlewa si\u0119 ok. 4-5 l zimnej wody i ok. 3-10 ml koncentratu (w zale\u017cno\u015bci od wielko\u015bci sauny). Przy zmianie zapachu nale\u017cy wiaderko wyp\u0142uka\u0107 gor\u0105c\u0105 wod\u0105, \u017ceby usun\u0105\u0107 resztki poprzedniego zapachu. Zapach\u00f3w nie powinno si\u0119 przedozowa\u0107 gdy\u017c mo\u017ce to spowodowa\u0107 zaczerwienienie\u00a0 i pieczenie oczu. Wszystkie zapachy mo\u017cna ze sob\u0105 miesza\u0107 i tworzy\u0107 kompozycje zapachowe.<br \/>\n<\/strong><\/span><\/p>\n<p><span style=\"color: #800080;\"><strong>Uwaga:\u00a0kamienie z osadem lub w og\u00f3le za ma\u0142e kamienie mog\u0105 zapach zmieni\u0107 lub nawet doprowadzi\u0107 do nieprzyjemnych zapach\u00f3w \u2013 nale\u017cy je umy\u0107 lub zu\u017cyte wymieni\u0107 na nowe.<\/strong><\/span><\/p>\n<p><span style=\"color: #800080;\"><strong><br \/>\nUWAGA\u00a0\u2013 nie rozpuszczony w wodzie koncentrat nigdy nie nalewa\u0107 bezpo\u015brednio na kamienie \u2013 mo\u017cliwo\u015b\u0107 po\u017caru!<br \/>\nProdukt nale\u017cy chroni\u0107 przed s\u0142o\u0144cem i mrozem, przechowywa\u0107 w szczelnie zamkni\u0119ty w ch\u0142odnym pomieszczeniu.\u00a0<\/strong><\/span><\/p>\n<p><span style=\"color: #800080;\"><strong>UWAGA!<br \/>\nStosowa\u0107\u00a0 w stanie\u00a0 rozcie\u0144czonym! Bardzo\u00a0 wydajne!<\/strong><\/span><\/p>\n<\/div>\n<\/div>\n<\/div>\n<div id=\"user_box_productcomments\" class=\"box row tab\"><\/div>\n","protected":false},"excerpt":{"rendered":"<p>KONCENTRAT &#8211; ZAPACH DO SAUNY &#8211; Alpejskie Zio\u0142a &#8211; 1 l, 3l. 10l<\/p>\n","protected":false},"featured_media":518,"template":"","meta":{"_monsterinsights_skip_tracking":false,"_monsterinsights_sitenote_active":false,"_monsterinsights_sitenote_note":"","_monsterinsights_sitenote_category":0},"product_brand":[],"product_cat":[43],"product_tag":[145],"class_list":{"0":"post-517","1":"product","2":"type-product","3":"status-publish","4":"has-post-thumbnail","6":"product_cat-koncentrat-zapachu-do-sauny","7":"product_tag-zapach-do-sauny","9":"first","10":"onbackorder","11":"product-type-simple"},"yoast_head":"<!-- This site is optimized with the Yoast SEO plugin v27.4 - https:\/\/yoast.com\/product\/yoast-seo-wordpress\/ -->\n<title>KONCENTRAT - ZAPACH DO SAUNY - Trawa cytrynowa - 1 l, 3l. 10l -<\/title>\n<meta name=\"description\" content=\"Zapach koncentrat do sauny, bardzo wydajny, do rozcie\u0144czenia. Zapachy cytrusowe, owocowe, kwiatowe, mi\u0119towe.\" \/>\n<meta name=\"robots\" content=\"index, follow, max-snippet:-1, max-image-preview:large, max-video-preview:-1\" \/>\n<link rel=\"canonical\" href=\"https:\/\/spaakcesoria.pl\/index.php\/produkt\/koncentrat-zapach-do-sauny-alpejskie-ziola-1-l\/\" \/>\n<meta property=\"og:locale\" content=\"pl_PL\" \/>\n<meta property=\"og:type\" content=\"article\" \/>\n<meta property=\"og:title\" content=\"KONCENTRAT - ZAPACH DO SAUNY - Trawa cytrynowa - 1 l, 3l. 10l -\" \/>\n<meta property=\"og:description\" content=\"Zapach koncentrat do sauny, bardzo wydajny, do rozcie\u0144czenia. Zapachy cytrusowe, owocowe, kwiatowe, mi\u0119towe.\" \/>\n<meta property=\"og:url\" content=\"https:\/\/spaakcesoria.pl\/index.php\/produkt\/koncentrat-zapach-do-sauny-alpejskie-ziola-1-l\/\" \/>\n<meta property=\"article:modified_time\" content=\"2025-04-23T14:47:48+00:00\" \/>\n<meta property=\"og:image\" content=\"https:\/\/spaakcesoria.pl\/wp-content\/uploads\/2020\/05\/1733.jpg\" \/>\n\t<meta property=\"og:image:width\" content=\"65\" \/>\n\t<meta property=\"og:image:height\" content=\"100\" \/>\n\t<meta property=\"og:image:type\" content=\"image\/jpeg\" \/>\n<meta name=\"twitter:card\" content=\"summary_large_image\" \/>\n<meta name=\"twitter:label1\" content=\"Szacowany czas czytania\" \/>\n\t<meta name=\"twitter:data1\" content=\"2 minuty\" \/>\n<script type=\"application\/ld+json\" class=\"yoast-schema-graph\">{\"@context\":\"https:\\\/\\\/schema.org\",\"@graph\":[{\"@type\":\"WebPage\",\"@id\":\"https:\\\/\\\/spaakcesoria.pl\\\/index.php\\\/produkt\\\/koncentrat-zapach-do-sauny-alpejskie-ziola-1-l\\\/\",\"url\":\"https:\\\/\\\/spaakcesoria.pl\\\/index.php\\\/produkt\\\/koncentrat-zapach-do-sauny-alpejskie-ziola-1-l\\\/\",\"name\":\"KONCENTRAT - ZAPACH DO SAUNY - Trawa cytrynowa - 1 l, 3l. 10l -\",\"isPartOf\":{\"@id\":\"https:\\\/\\\/spaakcesoria.pl\\\/#website\"},\"primaryImageOfPage\":{\"@id\":\"https:\\\/\\\/spaakcesoria.pl\\\/index.php\\\/produkt\\\/koncentrat-zapach-do-sauny-alpejskie-ziola-1-l\\\/#primaryimage\"},\"image\":{\"@id\":\"https:\\\/\\\/spaakcesoria.pl\\\/index.php\\\/produkt\\\/koncentrat-zapach-do-sauny-alpejskie-ziola-1-l\\\/#primaryimage\"},\"thumbnailUrl\":\"https:\\\/\\\/spaakcesoria.pl\\\/wp-content\\\/uploads\\\/2020\\\/05\\\/1733.jpg\",\"datePublished\":\"2020-05-29T12:58:15+00:00\",\"dateModified\":\"2025-04-23T14:47:48+00:00\",\"description\":\"Zapach koncentrat do sauny, bardzo wydajny, do rozcie\u0144czenia. Zapachy cytrusowe, owocowe, kwiatowe, mi\u0119towe.\",\"breadcrumb\":{\"@id\":\"https:\\\/\\\/spaakcesoria.pl\\\/index.php\\\/produkt\\\/koncentrat-zapach-do-sauny-alpejskie-ziola-1-l\\\/#breadcrumb\"},\"inLanguage\":\"pl-PL\",\"potentialAction\":[{\"@type\":\"ReadAction\",\"target\":[\"https:\\\/\\\/spaakcesoria.pl\\\/index.php\\\/produkt\\\/koncentrat-zapach-do-sauny-alpejskie-ziola-1-l\\\/\"]}]},{\"@type\":\"ImageObject\",\"inLanguage\":\"pl-PL\",\"@id\":\"https:\\\/\\\/spaakcesoria.pl\\\/index.php\\\/produkt\\\/koncentrat-zapach-do-sauny-alpejskie-ziola-1-l\\\/#primaryimage\",\"url\":\"https:\\\/\\\/spaakcesoria.pl\\\/wp-content\\\/uploads\\\/2020\\\/05\\\/1733.jpg\",\"contentUrl\":\"https:\\\/\\\/spaakcesoria.pl\\\/wp-content\\\/uploads\\\/2020\\\/05\\\/1733.jpg\",\"width\":65,\"height\":100},{\"@type\":\"BreadcrumbList\",\"@id\":\"https:\\\/\\\/spaakcesoria.pl\\\/index.php\\\/produkt\\\/koncentrat-zapach-do-sauny-alpejskie-ziola-1-l\\\/#breadcrumb\",\"itemListElement\":[{\"@type\":\"ListItem\",\"position\":1,\"name\":\"Strona g\u0142\u00f3wna\",\"item\":\"https:\\\/\\\/spaakcesoria.pl\\\/\"},{\"@type\":\"ListItem\",\"position\":2,\"name\":\"Sklep\",\"item\":\"https:\\\/\\\/spaakcesoria.pl\\\/index.php\\\/sklep\\\/\"},{\"@type\":\"ListItem\",\"position\":3,\"name\":\"KONCENTRAT &#8211; ZAPACH DO SAUNY &#8211; Trawa cytrynowa &#8211; 1 l, 3l. 10l\"}]},{\"@type\":\"WebSite\",\"@id\":\"https:\\\/\\\/spaakcesoria.pl\\\/#website\",\"url\":\"https:\\\/\\\/spaakcesoria.pl\\\/\",\"name\":\"\",\"description\":\"\",\"potentialAction\":[{\"@type\":\"SearchAction\",\"target\":{\"@type\":\"EntryPoint\",\"urlTemplate\":\"https:\\\/\\\/spaakcesoria.pl\\\/?s={search_term_string}\"},\"query-input\":{\"@type\":\"PropertyValueSpecification\",\"valueRequired\":true,\"valueName\":\"search_term_string\"}}],\"inLanguage\":\"pl-PL\"}]}<\/script>\n<!-- \/ Yoast SEO plugin. -->","yoast_head_json":{"title":"KONCENTRAT - ZAPACH DO SAUNY - Trawa cytrynowa - 1 l, 3l. 10l -","description":"Zapach koncentrat do sauny, bardzo wydajny, do rozcie\u0144czenia. Zapachy cytrusowe, owocowe, kwiatowe, mi\u0119towe.","robots":{"index":"index","follow":"follow","max-snippet":"max-snippet:-1","max-image-preview":"max-image-preview:large","max-video-preview":"max-video-preview:-1"},"canonical":"https:\/\/spaakcesoria.pl\/index.php\/produkt\/koncentrat-zapach-do-sauny-alpejskie-ziola-1-l\/","og_locale":"pl_PL","og_type":"article","og_title":"KONCENTRAT - ZAPACH DO SAUNY - Trawa cytrynowa - 1 l, 3l. 10l -","og_description":"Zapach koncentrat do sauny, bardzo wydajny, do rozcie\u0144czenia. Zapachy cytrusowe, owocowe, kwiatowe, mi\u0119towe.","og_url":"https:\/\/spaakcesoria.pl\/index.php\/produkt\/koncentrat-zapach-do-sauny-alpejskie-ziola-1-l\/","article_modified_time":"2025-04-23T14:47:48+00:00","og_image":[{"width":65,"height":100,"url":"https:\/\/spaakcesoria.pl\/wp-content\/uploads\/2020\/05\/1733.jpg","type":"image\/jpeg"}],"twitter_card":"summary_large_image","twitter_misc":{"Szacowany czas czytania":"2 minuty"},"schema":{"@context":"https:\/\/schema.org","@graph":[{"@type":"WebPage","@id":"https:\/\/spaakcesoria.pl\/index.php\/produkt\/koncentrat-zapach-do-sauny-alpejskie-ziola-1-l\/","url":"https:\/\/spaakcesoria.pl\/index.php\/produkt\/koncentrat-zapach-do-sauny-alpejskie-ziola-1-l\/","name":"KONCENTRAT - ZAPACH DO SAUNY - Trawa cytrynowa - 1 l, 3l. 10l -","isPartOf":{"@id":"https:\/\/spaakcesoria.pl\/#website"},"primaryImageOfPage":{"@id":"https:\/\/spaakcesoria.pl\/index.php\/produkt\/koncentrat-zapach-do-sauny-alpejskie-ziola-1-l\/#primaryimage"},"image":{"@id":"https:\/\/spaakcesoria.pl\/index.php\/produkt\/koncentrat-zapach-do-sauny-alpejskie-ziola-1-l\/#primaryimage"},"thumbnailUrl":"https:\/\/spaakcesoria.pl\/wp-content\/uploads\/2020\/05\/1733.jpg","datePublished":"2020-05-29T12:58:15+00:00","dateModified":"2025-04-23T14:47:48+00:00","description":"Zapach koncentrat do sauny, bardzo wydajny, do rozcie\u0144czenia. Zapachy cytrusowe, owocowe, kwiatowe, mi\u0119towe.","breadcrumb":{"@id":"https:\/\/spaakcesoria.pl\/index.php\/produkt\/koncentrat-zapach-do-sauny-alpejskie-ziola-1-l\/#breadcrumb"},"inLanguage":"pl-PL","potentialAction":[{"@type":"ReadAction","target":["https:\/\/spaakcesoria.pl\/index.php\/produkt\/koncentrat-zapach-do-sauny-alpejskie-ziola-1-l\/"]}]},{"@type":"ImageObject","inLanguage":"pl-PL","@id":"https:\/\/spaakcesoria.pl\/index.php\/produkt\/koncentrat-zapach-do-sauny-alpejskie-ziola-1-l\/#primaryimage","url":"https:\/\/spaakcesoria.pl\/wp-content\/uploads\/2020\/05\/1733.jpg","contentUrl":"https:\/\/spaakcesoria.pl\/wp-content\/uploads\/2020\/05\/1733.jpg","width":65,"height":100},{"@type":"BreadcrumbList","@id":"https:\/\/spaakcesoria.pl\/index.php\/produkt\/koncentrat-zapach-do-sauny-alpejskie-ziola-1-l\/#breadcrumb","itemListElement":[{"@type":"ListItem","position":1,"name":"Strona g\u0142\u00f3wna","item":"https:\/\/spaakcesoria.pl\/"},{"@type":"ListItem","position":2,"name":"Sklep","item":"https:\/\/spaakcesoria.pl\/index.php\/sklep\/"},{"@type":"ListItem","position":3,"name":"KONCENTRAT &#8211; ZAPACH DO SAUNY &#8211; Trawa cytrynowa &#8211; 1 l, 3l. 10l"}]},{"@type":"WebSite","@id":"https:\/\/spaakcesoria.pl\/#website","url":"https:\/\/spaakcesoria.pl\/","name":"","description":"","potentialAction":[{"@type":"SearchAction","target":{"@type":"EntryPoint","urlTemplate":"https:\/\/spaakcesoria.pl\/?s={search_term_string}"},"query-input":{"@type":"PropertyValueSpecification","valueRequired":true,"valueName":"search_term_string"}}],"inLanguage":"pl-PL"}]}},"_links":{"self":[{"href":"https:\/\/spaakcesoria.pl\/index.php\/wp-json\/wp\/v2\/product\/517","targetHints":{"allow":["GET"]}}],"collection":[{"href":"https:\/\/spaakcesoria.pl\/index.php\/wp-json\/wp\/v2\/product"}],"about":[{"href":"https:\/\/spaakcesoria.pl\/index.php\/wp-json\/wp\/v2\/types\/product"}],"version-history":[{"count":6,"href":"https:\/\/spaakcesoria.pl\/index.php\/wp-json\/wp\/v2\/product\/517\/revisions"}],"predecessor-version":[{"id":2922,"href":"https:\/\/spaakcesoria.pl\/index.php\/wp-json\/wp\/v2\/product\/517\/revisions\/2922"}],"wp:featuredmedia":[{"embeddable":true,"href":"https:\/\/spaakcesoria.pl\/index.php\/wp-json\/wp\/v2\/media\/518"}],"wp:attachment":[{"href":"https:\/\/spaakcesoria.pl\/index.php\/wp-json\/wp\/v2\/media?parent=517"}],"wp:term":[{"taxonomy":"product_brand","embeddable":true,"href":"https:\/\/spaakcesoria.pl\/index.php\/wp-json\/wp\/v2\/product_brand?post=517"},{"taxonomy":"product_cat","embeddable":true,"href":"https:\/\/spaakcesoria.pl\/index.php\/wp-json\/wp\/v2\/product_cat?post=517"},{"taxonomy":"product_tag","embeddable":true,"href":"https:\/\/spaakcesoria.pl\/index.php\/wp-json\/wp\/v2\/product_tag?post=517"}],"curies":[{"name":"wp","href":"https:\/\/api.w.org\/{rel}","templated":true}]}}